{"id":909084,"date":"2022-08-11T16:00:05","date_gmt":"2022-08-11T14:00:05","guid":{"rendered":"https:\/\/apuestasfree.com\/?page_id=909084"},"modified":"2022-11-12T23:54:33","modified_gmt":"2022-11-12T22:54:33","slug":"balon-pelota-mundial-2022-al-rihla","status":"publish","type":"page","link":"https:\/\/apuestasfree.com\/uy\/balon-pelota-mundial-2022-al-rihla\/","title":{"rendered":"&#8220;Al Rihla&#8221;: La nueva pelota del mundial Qatar 2022 ya disponible"},"content":{"rendered":"\n<p>Sea bienvenido a un nuevo posteo de ApuestasFree querido amante del futbol. Te damos la bienvenida a una nota en donde podr\u00e1s aprender sobre much\u00edsimas cosas el d\u00eda de hoy. Sabes que siempre nos centramos en poder traerte todo lo que sabemos sobre alg\u00fan tema. Es por eso que aqu\u00ed mismo vas a poder aprender sobre algo que sin duda alguna es de lo mejor.<\/p>\n<p><strong>En este sentido, podemos decir que vamos a hablar sobre la nueva pelota del mundial 2022. Ya ha llegado y est\u00e1 disponible el bal\u00f3n con el que se jugara un nuevo torneo m\u00e1s que especial este a\u00f1o. El mundial de futbol ha llegado y pr\u00e1cticamente est\u00e1 muy cerca nuestro. Veremos y te contaremos de que trata &#8220;Al Rihla&#8221; este nuevo bal\u00f3n.<\/strong> Su nombre tiene un gran significado e iremos en busca de eso. No te lo pierdas y s\u00edguenos en esta aventura ahora mismo compa\u00f1ero.&nbsp;<\/p>\n<p>Pr\u00e1cticamente, podremos hablar sobre todos los componentes que tiene esta nueva pelota, pero tambi\u00e9n sobre la historia y la cultura. Es por esto mismo que consideramos m\u00e1s que importante que puedas seguir al pie de la letra todo lo que te vamos a contar ahora. Sin duda alguna te servir\u00e1 para el futuro. <a href=\"https:\/\/www.fifa.com\/es\/tournaments\/mens\/worldcup\/qatar2022\/media-releases\/el-al-rihla-de-adidas-desvelado-como-el-balon-oficial-de-la-copa-mundial-de\">Para ver im\u00e1genes del bal\u00f3n oficial, hac\u00e9 click ac\u00e1.<\/a><\/p>\n\n\n\n<figure class=\"wp-block-image size-large\"><img fetchpriority=\"high\" decoding=\"async\" width=\"1024\" height=\"614\" src=\"https:\/\/apuestasfree.com\/wp-content\/uploads\/2022\/11\/mundial-qatar-1-1024x614.webp\" alt=\"pelota mundial\" class=\"wp-image-1042623\" srcset=\"https:\/\/apuestasfree.com\/wp-content\/uploads\/2022\/11\/mundial-qatar-1-1024x614.webp 1024w, https:\/\/apuestasfree.com\/wp-content\/uploads\/2022\/11\/mundial-qatar-1-300x180.webp 300w, https:\/\/apuestasfree.com\/wp-content\/uploads\/2022\/11\/mundial-qatar-1-768x461.webp 768w, https:\/\/apuestasfree.com\/wp-content\/uploads\/2022\/11\/mundial-qatar-1.webp 1060w\" sizes=\"(max-width: 1024px) 100vw, 1024px\" \/><\/figure>\n\n\n\n<p style=\"text-align: center;\">Si quieres saber todo sobre el mundial de Qatar 2022 y adem\u00e1s sobre la selecci\u00f3n uruguaya de f\u00fatbol, no puedes perderte algo m\u00e1s que importante. Hemos decidido crear un posteo general en donde podr\u00e1s tener much\u00edsima informaci\u00f3n sobre temas variados<strong> <a href=\"https:\/\/apuestasfree.com\/uy\/mundial-de-qatar-2022\/\">\u00a1Visita nuestra gu\u00eda oficial del mundial aqu\u00ed mismo!<\/a><\/strong><\/p>\n\n\n\n<h2 class=\"wp-block-heading\" id=\"h-lo-que-tienes-que-saber-sobre-la-nueva-pelota-del-mundial-2022-esta-aqui\"><strong>Lo que tienes que saber sobre la nueva pelota del mundial 2022 esta aqu\u00ed<\/strong><\/h2>\n\n\n\n<p>Tenemos entre nosotros a la nueva adquisici\u00f3n de este mundial tan esperado por todo el mundo. Estamos hablando sobre la nueva pelota del mundial 2022 y todo lo que tienes que saber sobre ella. Una vez m\u00e1s, la marca alemana Adidas se ha encargado de poder llevar a cabo este dise\u00f1o.<strong> Seg\u00fan la federaci\u00f3n organizadora, este es uno de los balones m\u00e1s magn\u00edfico que se podr\u00e1n encontrar dentro de la historia del futbol. A lo largo del posteo, podremos ir cont\u00e1ndote todo lo que tienes que saber sobre el mismo. Recalcaremos algunos detalles importantes y tambi\u00e9n tendremos en cuenta la historia de este mismo bal\u00f3n<\/strong>. Podemos decir que esta ser\u00e1 la pelota n\u00famero 14 que la marca Adidas se encarga de poder lograr. Sin duda alguna que siempre lo hace de la mejor manera y esta vez no ser\u00e1 la excepci\u00f3n. Al Rihla cuenta con las mejores cosas dentro de s\u00ed.<\/p>\n<p>Podemos destacar dos cosas con las que cuenta este nuevo bal\u00f3n que muchos otros no tienen. Adem\u00e1s de estas que nombraremos ahora mismo, hay much\u00edsimos aspectos m\u00e1s por destacar. Estos dos son los que m\u00e1s llaman la atenci\u00f3n y los que sin dudas ser\u00e1n parte clave del juego en este mundial \u00fanico. Podemos decir que Al Rihla dispone de una novedad llamada <strong>&#8220;CRT-CORE&#8221;<\/strong> Esta consiste en el coraz\u00f3n de la pelota, es decir, como es por dentro. Esta tecnolog\u00eda le da al bal\u00f3n mucha m\u00e1s precisi\u00f3n y un poder claro dentro de toda la cancha para poder jugar. Otra de las novedades con las que cuenta el bal\u00f3n sin duda alguna es el <strong>&#8220;SPEEDSHELL&#8221;<\/strong>. Esta misma se trata de su parte exterior y podemos decir que cuenta con 20 paneles de cuero puro, el cual hace que sea duradero y de precisi\u00f3n exacta. Sin dudas, es de lo m\u00e1s tecnol\u00f3gico.<\/p>\n\n\n\n<h2 class=\"wp-block-heading\" id=\"h-hablemos-sobre-el-diseno-del-nuevo-balon-de-qatar-2022\"><strong>Hablemos sobre el dise\u00f1o del nuevo balon de Qatar 2022<\/strong><\/h2>\n\n\n\n<p>Algo que tenemos que destacar, despu\u00e9s de poder hablar sobre las nuevas tecnolog\u00edas, es el dise\u00f1o de la pelota del mundial 2022. No podemos negarnos que es algo m\u00e1s que llamativo y que no hay dudas de que tiene algo que ver con este nuevo anfitri\u00f3n. <strong>Adidas decidi\u00f3 centrarse en el dise\u00f1o de esta pelota como lo suele hacer dentro de todos los a\u00f1os. Esta vez, podemos observar como la misma cuenta con un dibujo m\u00e1s que genial que podemos visualizar de la mejor manera.<\/strong> En este sentido, es que podemos ver como el bal\u00f3n cuenta con un fondo blanco en su totalidad. Es as\u00ed como tambi\u00e9n, vemos algunos colores llamativos que podemos explicar. Estos colores que podemos observar tienen que ver con Qatar y sus colores. El pa\u00eds que celebra la copa del mundo en casa tiene que ver con el armado de esta nueva pelota \u00fanica del mundial.<\/p>\n<p>Los colores principales que podemos observar son el amarillo, el rojo y el azul. Podemos decir que es de los m\u00e1s bonitos de la historia, pero eso ya es una opini\u00f3n de cada uno. Adem\u00e1s de este dise\u00f1o tan memorable por parte de Adidas, tenemos que destacar algo que no podemos dejar pasar.<strong> El nombre del bal\u00f3n es &#8220;Al Rihla&#8221; y esto s\u00ed que tiene un gran significado. Esta palabra \u00c1rabe significa &#8220;El viaje&#8221; y tiene un trasfondo genial. Hace referencia a que esta pelota del mundial 2022 nos llevara en un viaje por todo el pa\u00eds para conocer la primera sede de Medio Oriente en todo su esplendor.<\/strong> Sabemos que Qatar se prepar\u00f3 de la mejor manera para esta competencia y cuenta con grandes estadios, hoteles y muchas cosas m\u00e1s. Todo esto y m\u00e1s lo podr\u00e1s saber dentro del posteo de sedes de Uruguay <a href=\"https:\/\/apuestasfree.com\/uy\/sede-uruguay-mundial-2022\/\">\u00a1Conoce todas las sedes ahora!<\/a><\/p>\n\n\n\n<figure class=\"wp-block-image size-large\"><img decoding=\"async\" width=\"1024\" height=\"492\" src=\"https:\/\/apuestasfree.com\/wp-content\/uploads\/2022\/11\/uruguay-guia-mundial-1024x492.jpg\" alt=\"uruguay mundial qatar 2022\" class=\"wp-image-1042444\" srcset=\"https:\/\/apuestasfree.com\/wp-content\/uploads\/2022\/11\/uruguay-guia-mundial-1024x492.jpg 1024w, https:\/\/apuestasfree.com\/wp-content\/uploads\/2022\/11\/uruguay-guia-mundial-300x144.jpg 300w, https:\/\/apuestasfree.com\/wp-content\/uploads\/2022\/11\/uruguay-guia-mundial-768x369.jpg 768w, https:\/\/apuestasfree.com\/wp-content\/uploads\/2022\/11\/uruguay-guia-mundial.jpg 1040w\" sizes=\"(max-width: 1024px) 100vw, 1024px\" \/><\/figure>\n\n\n\n<h2 class=\"wp-block-heading\" id=\"h-la-pelota-del-mundial-2022-y-el-cuidado-del-planeta\"><strong>La pelota del mundial 2022 y el cuidado del planeta<\/strong><\/h2>\n\n\n\n<p>Otro de los aspectos que tenemos que destacar dentro de este posteo, es el cuidado del medio ambiente. Lo que t\u00fa te debes estar preguntando es que tiene que ver con la nueva pelota del mundial 2022. D\u00e9jame decirte que esto es m\u00e1s que importante y que siempre hay que tenerlo en cuenta. Dentro del ambiente deportivo tambi\u00e9n y no tiene que dejarse de lado el hablar sobre el medio ambiente. <strong>Es por eso que Adidas contribuyo a esta causa y supo poner todo de s\u00ed creando esta pelota de la mejor manera. El nuevo bal\u00f3n est\u00e1 hecho de tintas y pegamento a base de agua, algo que es bastante ecol\u00f3gico dentro del mundo de la industria.<\/strong> Es m\u00e1s que relevante poder tener en cuenta estos aspectos para cuidar el mundo en el que vivimos. La marca alemana supo dar a conocer esto mismo y es un ejemplo para todos.<\/p>\n\n\n\n<h3 class=\"wp-block-heading\" id=\"h-presentacion-de-al-rihla-en-todo-el-mundo\"><strong>Presentaci\u00f3n de &#8220;Al Rihla&#8221; en todo el mundo<\/strong><\/h3>\n\n\n\n<p>Algo que siempre se destaca dentro de los distintos mundiales es la presentaci\u00f3n de la pelota del mundial en este caos de Qatar 2022. Lo que podemos decir es que adem\u00e1s de ver el sorteo, podremos observar como la pelota fue presentada en distintos lugares del mundo con grandes estrellas del futbol. Es uno de los espect\u00e1culos que suele recaudar mucho dinero y que tambi\u00e9n llaman la atenci\u00f3n de toda la gente paras que vean la Copa del mundo. Es uno de los condimentos que hace que este evento sea el mejor de todos los tiempos y el que toda selecci\u00f3n quiere obtener.<strong> Al rededor del mundo, figuras como: Iker Casillas, Kak\u00e1 y muchos otros jugadores m\u00e1s han participado del evento. Podemos decir que esta pelota es de las mejores de todas y no queremos que te la pierdas<\/strong>. Si tienes la chance de obtenerla, hazlo ahora mismo fan\u00e1tico futbolero.<\/p>\n\n\n\n<figure class=\"wp-block-image size-full\"><img decoding=\"async\" width=\"1024\" height=\"512\" src=\"https:\/\/apuestasfree.com\/wp-content\/uploads\/2022\/11\/novedades-mundial-2022-1.png\" alt=\"apostar en el mundial\" class=\"wp-image-1042520\" srcset=\"https:\/\/apuestasfree.com\/wp-content\/uploads\/2022\/11\/novedades-mundial-2022-1.png 1024w, https:\/\/apuestasfree.com\/wp-content\/uploads\/2022\/11\/novedades-mundial-2022-1-300x150.png 300w, https:\/\/apuestasfree.com\/wp-content\/uploads\/2022\/11\/novedades-mundial-2022-1-768x384.png 768w\" sizes=\"(max-width: 1024px) 100vw, 1024px\" \/><\/figure>\n\n\n\n<h2 class=\"wp-block-heading\" id=\"h-la-historia-de-los-balones-en-todos-los-mundiales\"><strong>La historia de los balones en todos los mundiales<\/strong><\/h2>\n\n\n\n<p>Para poder cerrar el posteo del d\u00eda de hoy, venimos con algo m\u00e1s que interesante y de color que te puedes llevar. Ya hemos podido hablar y contarte sobre todo lo que tiene que ver con esta nueva pelota y su dise\u00f1o. Tambi\u00e9n hablamos sobre el medio ambiente y la presentaci\u00f3n del mismo. <strong>Es por eso que ahora podremos contarte un poco sobre la historia de todos los balones de los mundiales. Sin duda alguna, podemos decir que algo que tienen estos eventos es que su pelota siempre es de lo m\u00e1s llamativa<\/strong>. Siempre fue algo importante que mucha gente tuvo en cuenta. Es por eso que han marcado un antes y un despu\u00e9s muchas de ellas dentro de la historia del futbol. As\u00ed como con las mascotas, los estadios y muchas otras cosas m\u00e1s, las pelotas son \u00fanicas. Con esta nueva pelota del mundial 2022 pasamos a contarte m\u00e1s.<\/p>\n<p>Podemos comenzar diciendo que como todos sabemos, el primer mundial de todos fue el de <strong>1930<\/strong>. A partir de ese entonces, los balones han ido variando por cada presentaci\u00f3n. El primer de todos fue el famoso bal\u00f3n de cuero. Sin ning\u00fan dise\u00f1o y como dice su nombre, todo de cuero era pesado. La mayor\u00eda fueron similares a este hasta <strong>1966<\/strong>. <strong>En 1970 todo cambio y se empez\u00f3 a darle una vuelta tecnol\u00f3gica a estos balones tan relevantes. En este a\u00f1o se lanz\u00f3 la famosa Telstar. Una de las pelotas m\u00e1s reconocidas en todo el mundo con fondo blanco y parches negros.<\/strong> Cuando pensamos en un bal\u00f3n autom\u00e1ticamente tenemos esta imagen. En <strong>1978<\/strong>, el mundial fue en Argentina y la pelota <strong>Tango<\/strong> fue una de las m\u00e1s extraordinarias. Ya en 2002 el dise\u00f1o volv\u00eda a cambiar con la<strong> Fernova<\/strong>. En <strong>2006<\/strong> nos encontramos con la <strong>+Teamgeist<\/strong>. <strong>Todo cambio desde all\u00ed.<\/strong><\/p>\n","protected":false},"excerpt":{"rendered":"<p>Sea bienvenido a un nuevo posteo de ApuestasFree querido amante del futbol. Te damos la bienvenida a una nota en donde podr\u00e1s aprender sobre much\u00edsimas cosas el d\u00eda de hoy. Sabes que siempre nos centramos en poder traerte todo lo que sabemos sobre alg\u00fan tema. Es por eso que aqu\u00ed mismo vas a poder aprender &#8230; <a title=\"&#8220;Al Rihla&#8221;: La nueva pelota del mundial Qatar 2022 ya disponible\" class=\"read-more\" href=\"https:\/\/apuestasfree.com\/uy\/balon-pelota-mundial-2022-al-rihla\/\" aria-label=\"Read more about &#8220;Al Rihla&#8221;: La nueva pelota del mundial Qatar 2022 ya disponible\">Read more<\/a><\/p>\n","protected":false},"author":33148,"featured_media":0,"parent":0,"menu_order":0,"comment_status":"closed","ping_status":"closed","template":"","meta":{"_uag_custom_page_level_css":"","footnotes":""},"class_list":["post-909084","page","type-page","status-publish"],"yoast_head":"<!-- This site is optimized with the Yoast SEO Premium plugin v27.1 (Yoast SEO v27.5) - https:\/\/yoast.com\/product\/yoast-seo-premium-wordpress\/ -->\n<title>&quot;Al Rihla&quot;: La nueva pelota del mundial Qatar 2022 ya disponible -<\/title>\n<meta name=\"description\" content=\"Descubre todo lo que tienes que saber sobre &quot;Al Rihla&quot; la nueva pelota del mundial 2022. Detalles, historia y muchos m\u00e1s dentro de esta nota.\" \/>\n<meta name=\"robots\" content=\"index, follow, max-snippet:-1, max-image-preview:large, max-video-preview:-1\" \/>\n<link rel=\"canonical\" href=\"https:\/\/apuestasfree.com\/uy\/balon-pelota-mundial-2022-al-rihla\/\" \/>\n<meta property=\"og:locale\" content=\"es_ES\" \/>\n<meta property=\"og:type\" content=\"article\" \/>\n<meta property=\"og:title\" content=\"&quot;Al Rihla&quot;: La nueva pelota del mundial Qatar 2022 ya disponible\" \/>\n<meta property=\"og:description\" content=\"Descubre todo lo que tienes que saber sobre &quot;Al Rihla&quot; la nueva pelota del mundial 2022. Detalles, historia y muchos m\u00e1s dentro de esta nota.\" \/>\n<meta property=\"og:url\" content=\"https:\/\/apuestasfree.com\/uy\/balon-pelota-mundial-2022-al-rihla\/\" \/>\n<meta property=\"og:site_name\" content=\"ApuestasFree\" \/>\n<meta property=\"article:modified_time\" content=\"2022-11-12T22:54:33+00:00\" \/>\n<meta property=\"og:image\" content=\"https:\/\/apuestasfree.com\/wp-content\/uploads\/2022\/11\/mundial-qatar-1-1024x614.webp\" \/>\n<meta name=\"twitter:card\" content=\"summary_large_image\" \/>\n<meta name=\"twitter:label1\" content=\"Est. reading time\" \/>\n\t<meta name=\"twitter:data1\" content=\"8 minutes\" \/>\n<script type=\"application\/ld+json\" class=\"yoast-schema-graph\">{\"@context\":\"https:\\\/\\\/schema.org\",\"@graph\":[{\"@type\":\"WebPage\",\"@id\":\"https:\\\/\\\/apuestasfree.com\\\/uy\\\/balon-pelota-mundial-2022-al-rihla\\\/\",\"url\":\"https:\\\/\\\/apuestasfree.com\\\/uy\\\/balon-pelota-mundial-2022-al-rihla\\\/\",\"name\":\"\\\"Al Rihla\\\": La nueva pelota del mundial Qatar 2022 ya disponible -\",\"isPartOf\":{\"@id\":\"https:\\\/\\\/apuestasfree.com\\\/uy\\\/#website\"},\"primaryImageOfPage\":{\"@id\":\"https:\\\/\\\/apuestasfree.com\\\/uy\\\/balon-pelota-mundial-2022-al-rihla\\\/#primaryimage\"},\"image\":{\"@id\":\"https:\\\/\\\/apuestasfree.com\\\/uy\\\/balon-pelota-mundial-2022-al-rihla\\\/#primaryimage\"},\"thumbnailUrl\":\"https:\\\/\\\/apuestasfree.com\\\/wp-content\\\/uploads\\\/2022\\\/11\\\/mundial-qatar-1-1024x614.webp\",\"datePublished\":\"2022-08-11T14:00:05+00:00\",\"dateModified\":\"2022-11-12T22:54:33+00:00\",\"description\":\"Descubre todo lo que tienes que saber sobre \\\"Al Rihla\\\" la nueva pelota del mundial 2022. Detalles, historia y muchos m\u00e1s dentro de esta nota.\",\"breadcrumb\":{\"@id\":\"https:\\\/\\\/apuestasfree.com\\\/uy\\\/balon-pelota-mundial-2022-al-rihla\\\/#breadcrumb\"},\"inLanguage\":\"es-uy\",\"potentialAction\":[{\"@type\":\"ReadAction\",\"target\":[\"https:\\\/\\\/apuestasfree.com\\\/uy\\\/balon-pelota-mundial-2022-al-rihla\\\/\"]}]},{\"@type\":\"ImageObject\",\"inLanguage\":\"es-uy\",\"@id\":\"https:\\\/\\\/apuestasfree.com\\\/uy\\\/balon-pelota-mundial-2022-al-rihla\\\/#primaryimage\",\"url\":\"https:\\\/\\\/apuestasfree.com\\\/wp-content\\\/uploads\\\/2022\\\/11\\\/mundial-qatar-1-1024x614.webp\",\"contentUrl\":\"https:\\\/\\\/apuestasfree.com\\\/wp-content\\\/uploads\\\/2022\\\/11\\\/mundial-qatar-1-1024x614.webp\"},{\"@type\":\"BreadcrumbList\",\"@id\":\"https:\\\/\\\/apuestasfree.com\\\/uy\\\/balon-pelota-mundial-2022-al-rihla\\\/#breadcrumb\",\"itemListElement\":[{\"@type\":\"ListItem\",\"position\":1,\"name\":\"Inicio\",\"item\":\"https:\\\/\\\/apuestasfree.com\\\/uy\\\/\"},{\"@type\":\"ListItem\",\"position\":2,\"name\":\"\u00abAl Rihla\u00bb: La nueva pelota del mundial Qatar 2022 ya disponible\"}]},{\"@type\":\"WebSite\",\"@id\":\"https:\\\/\\\/apuestasfree.com\\\/uy\\\/#website\",\"url\":\"https:\\\/\\\/apuestasfree.com\\\/uy\\\/\",\"name\":\"ApuestasFree\",\"description\":\"\",\"publisher\":{\"@id\":\"https:\\\/\\\/apuestasfree.com\\\/uy\\\/#organization\"},\"potentialAction\":[{\"@type\":\"SearchAction\",\"target\":{\"@type\":\"EntryPoint\",\"urlTemplate\":\"https:\\\/\\\/apuestasfree.com\\\/uy\\\/?s={search_term_string}\"},\"query-input\":{\"@type\":\"PropertyValueSpecification\",\"valueRequired\":true,\"valueName\":\"search_term_string\"}}],\"inLanguage\":\"es-uy\"},{\"@type\":\"Organization\",\"@id\":\"https:\\\/\\\/apuestasfree.com\\\/uy\\\/#organization\",\"name\":\"ApuestasFree\",\"url\":\"https:\\\/\\\/apuestasfree.com\\\/uy\\\/\",\"logo\":{\"@type\":\"ImageObject\",\"inLanguage\":\"es-uy\",\"@id\":\"https:\\\/\\\/apuestasfree.com\\\/uy\\\/#\\\/schema\\\/logo\\\/image\\\/\",\"url\":\"https:\\\/\\\/apuestasfree.com\\\/wp-content\\\/uploads\\\/2019\\\/06\\\/afree_logo.png\",\"contentUrl\":\"https:\\\/\\\/apuestasfree.com\\\/wp-content\\\/uploads\\\/2019\\\/06\\\/afree_logo.png\",\"width\":106,\"height\":50,\"caption\":\"ApuestasFree\"},\"image\":{\"@id\":\"https:\\\/\\\/apuestasfree.com\\\/uy\\\/#\\\/schema\\\/logo\\\/image\\\/\"}}]}<\/script>\n<!-- \/ Yoast SEO Premium plugin. -->","yoast_head_json":{"title":"\"Al Rihla\": La nueva pelota del mundial Qatar 2022 ya disponible -","description":"Descubre todo lo que tienes que saber sobre \"Al Rihla\" la nueva pelota del mundial 2022. Detalles, historia y muchos m\u00e1s dentro de esta nota.","robots":{"index":"index","follow":"follow","max-snippet":"max-snippet:-1","max-image-preview":"max-image-preview:large","max-video-preview":"max-video-preview:-1"},"canonical":"https:\/\/apuestasfree.com\/uy\/balon-pelota-mundial-2022-al-rihla\/","og_locale":"es_ES","og_type":"article","og_title":"\"Al Rihla\": La nueva pelota del mundial Qatar 2022 ya disponible","og_description":"Descubre todo lo que tienes que saber sobre \"Al Rihla\" la nueva pelota del mundial 2022. Detalles, historia y muchos m\u00e1s dentro de esta nota.","og_url":"https:\/\/apuestasfree.com\/uy\/balon-pelota-mundial-2022-al-rihla\/","og_site_name":"ApuestasFree","article_modified_time":"2022-11-12T22:54:33+00:00","og_image":[{"url":"https:\/\/apuestasfree.com\/wp-content\/uploads\/2022\/11\/mundial-qatar-1-1024x614.webp","type":"","width":"","height":""}],"twitter_card":"summary_large_image","twitter_misc":{"Est. reading time":"8 minutes"},"schema":{"@context":"https:\/\/schema.org","@graph":[{"@type":"WebPage","@id":"https:\/\/apuestasfree.com\/uy\/balon-pelota-mundial-2022-al-rihla\/","url":"https:\/\/apuestasfree.com\/uy\/balon-pelota-mundial-2022-al-rihla\/","name":"\"Al Rihla\": La nueva pelota del mundial Qatar 2022 ya disponible -","isPartOf":{"@id":"https:\/\/apuestasfree.com\/uy\/#website"},"primaryImageOfPage":{"@id":"https:\/\/apuestasfree.com\/uy\/balon-pelota-mundial-2022-al-rihla\/#primaryimage"},"image":{"@id":"https:\/\/apuestasfree.com\/uy\/balon-pelota-mundial-2022-al-rihla\/#primaryimage"},"thumbnailUrl":"https:\/\/apuestasfree.com\/wp-content\/uploads\/2022\/11\/mundial-qatar-1-1024x614.webp","datePublished":"2022-08-11T14:00:05+00:00","dateModified":"2022-11-12T22:54:33+00:00","description":"Descubre todo lo que tienes que saber sobre \"Al Rihla\" la nueva pelota del mundial 2022. Detalles, historia y muchos m\u00e1s dentro de esta nota.","breadcrumb":{"@id":"https:\/\/apuestasfree.com\/uy\/balon-pelota-mundial-2022-al-rihla\/#breadcrumb"},"inLanguage":"es-uy","potentialAction":[{"@type":"ReadAction","target":["https:\/\/apuestasfree.com\/uy\/balon-pelota-mundial-2022-al-rihla\/"]}]},{"@type":"ImageObject","inLanguage":"es-uy","@id":"https:\/\/apuestasfree.com\/uy\/balon-pelota-mundial-2022-al-rihla\/#primaryimage","url":"https:\/\/apuestasfree.com\/wp-content\/uploads\/2022\/11\/mundial-qatar-1-1024x614.webp","contentUrl":"https:\/\/apuestasfree.com\/wp-content\/uploads\/2022\/11\/mundial-qatar-1-1024x614.webp"},{"@type":"BreadcrumbList","@id":"https:\/\/apuestasfree.com\/uy\/balon-pelota-mundial-2022-al-rihla\/#breadcrumb","itemListElement":[{"@type":"ListItem","position":1,"name":"Inicio","item":"https:\/\/apuestasfree.com\/uy\/"},{"@type":"ListItem","position":2,"name":"\u00abAl Rihla\u00bb: La nueva pelota del mundial Qatar 2022 ya disponible"}]},{"@type":"WebSite","@id":"https:\/\/apuestasfree.com\/uy\/#website","url":"https:\/\/apuestasfree.com\/uy\/","name":"ApuestasFree","description":"","publisher":{"@id":"https:\/\/apuestasfree.com\/uy\/#organization"},"potentialAction":[{"@type":"SearchAction","target":{"@type":"EntryPoint","urlTemplate":"https:\/\/apuestasfree.com\/uy\/?s={search_term_string}"},"query-input":{"@type":"PropertyValueSpecification","valueRequired":true,"valueName":"search_term_string"}}],"inLanguage":"es-uy"},{"@type":"Organization","@id":"https:\/\/apuestasfree.com\/uy\/#organization","name":"ApuestasFree","url":"https:\/\/apuestasfree.com\/uy\/","logo":{"@type":"ImageObject","inLanguage":"es-uy","@id":"https:\/\/apuestasfree.com\/uy\/#\/schema\/logo\/image\/","url":"https:\/\/apuestasfree.com\/wp-content\/uploads\/2019\/06\/afree_logo.png","contentUrl":"https:\/\/apuestasfree.com\/wp-content\/uploads\/2019\/06\/afree_logo.png","width":106,"height":50,"caption":"ApuestasFree"},"image":{"@id":"https:\/\/apuestasfree.com\/uy\/#\/schema\/logo\/image\/"}}]}},"uagb_featured_image_src":{"full":false,"thumbnail":false,"medium":false,"medium_large":false,"large":false,"1536x1536":false,"2048x2048":false},"uagb_author_info":{"display_name":"Franco Mercado","author_link":"https:\/\/apuestasfree.com\/uy\/author\/franco-mercado\/"},"uagb_comment_info":0,"uagb_excerpt":"Sea bienvenido a un nuevo posteo de ApuestasFree querido amante del futbol. Te damos la bienvenida a una nota en donde podr\u00e1s aprender sobre much\u00edsimas cosas el d\u00eda de hoy. Sabes que siempre nos centramos en poder traerte todo lo que sabemos sobre alg\u00fan tema. Es por eso que aqu\u00ed mismo vas a poder aprender&hellip;","_links":{"self":[{"href":"https:\/\/apuestasfree.com\/uy\/wp-json\/wp\/v2\/pages\/909084","targetHints":{"allow":["GET"]}}],"collection":[{"href":"https:\/\/apuestasfree.com\/uy\/wp-json\/wp\/v2\/pages"}],"about":[{"href":"https:\/\/apuestasfree.com\/uy\/wp-json\/wp\/v2\/types\/page"}],"author":[{"embeddable":true,"href":"https:\/\/apuestasfree.com\/uy\/wp-json\/wp\/v2\/users\/33148"}],"replies":[{"embeddable":true,"href":"https:\/\/apuestasfree.com\/uy\/wp-json\/wp\/v2\/comments?post=909084"}],"version-history":[{"count":0,"href":"https:\/\/apuestasfree.com\/uy\/wp-json\/wp\/v2\/pages\/909084\/revisions"}],"wp:attachment":[{"href":"https:\/\/apuestasfree.com\/uy\/wp-json\/wp\/v2\/media?parent=909084"}],"curies":[{"name":"wp","href":"https:\/\/api.w.org\/{rel}","templated":true}]}}