{"id":611042,"date":"2021-12-10T16:55:07","date_gmt":"2021-12-10T15:55:07","guid":{"rendered":"https:\/\/apuestasfree.com\/?page_id=611042"},"modified":"2024-12-30T17:33:23","modified_gmt":"2024-12-30T16:33:23","slug":"bacanaplay-promocao-de-natal","status":"publish","type":"page","link":"https:\/\/apuestasfree.com\/pt-br\/bacanaplay-promocao-de-natal\/","title":{"rendered":"BacanaPlay Experimente o Natal: Celebre as Festas de fim de ano!"},"content":{"rendered":"\n<p>N\u00e3o h\u00e1 comemora\u00e7\u00e3o t\u00e3o aguardada e m\u00e1gica quanto o incr\u00edvel Natal. \u00c9 por isso que hoje, na <strong>ApuestasFree<\/strong>, queremos mostrar tudo <strong>o que voc\u00ea precisa Experimente o Natal em grande estilo, com muita divers\u00e3o, emo\u00e7\u00e3o e oportunidades em BacanaPlay.<\/strong> Os melhores jogos com tema natalino no Bacanaplay, alguns dos recursos exclusivos para essa \u00e9poca do ano e muitas, muitas virtudes que fazem do site uma das alternativas preferidas do p\u00fablico no Brasil. Pronto para entrar no tren\u00f3 do Papai Noel? Ent\u00e3o, <strong><a href=\"https:\/\/recor.to\/bacanaplaybr\" target=\"_blank\" rel=\"noreferrer noopener nofollow sponsored\">entre no BacanaPlay<\/a><\/strong> e participe de sua aventura.<\/p>\n\n\n\n<pre class=\"wp-block-verse\"><strong><mark style=\"background-color:rgba(0, 0, 0, 0);color:#ff0000\" class=\"has-inline-color\">De acordo com as novas regulamenta\u00e7\u00f5es do setor, o BacanaPlay n\u00e3o possui b\u00f4nus nem promo\u00e7\u00f5es. \u00c9 uma casa de jogos licenciada e autorizada a operar no Brasil.<\/mark><\/strong><\/pre>\n\n\n\n<hr class=\"wp-block-separator has-css-opacity\"\/>\n\n\n\n<figure class=\"wp-block-image size-large\"><a href=\"https:\/\/recor.to\/bacanaplaybr\" target=\"_blank\" rel=\" noreferrer noopener nofollow sponsored\"><img fetchpriority=\"high\" decoding=\"async\" width=\"1024\" height=\"398\" src=\"https:\/\/apuestasfree.com\/wp-content\/uploads\/2024\/12\/bacanaplay-experimente-o-natal-1024x398.png\" alt=\"bacanaplay experimente o natal\" class=\"wp-image-1856722\" srcset=\"https:\/\/apuestasfree.com\/wp-content\/uploads\/2024\/12\/bacanaplay-experimente-o-natal-1024x398.png 1024w, https:\/\/apuestasfree.com\/wp-content\/uploads\/2024\/12\/bacanaplay-experimente-o-natal-300x117.png 300w, https:\/\/apuestasfree.com\/wp-content\/uploads\/2024\/12\/bacanaplay-experimente-o-natal-768x298.png 768w, https:\/\/apuestasfree.com\/wp-content\/uploads\/2024\/12\/bacanaplay-experimente-o-natal.png 1320w\" sizes=\"(max-width: 1024px) 100vw, 1024px\" \/><\/a><\/figure>\n\n\n\n<hr class=\"wp-block-separator has-css-opacity\"\/>\n\n\n\n<h2 class=\"wp-block-heading\" id=\"h-promocao-bacanaplay-de-natal-pacotes-de-giros-gratuitos-prize-twister-e-torneio-festivo-de-premios\">Experimente o Natal em BacanaPlay: Os melhores jogos, detalhes especiais e muita divers\u00e3o!<\/h2>\n\n\n\n<p>E agora embarcamos em tudo o que o BacanaPlay tem a oferecer para viver a m\u00e1gica temporada de Natal ao m\u00e1ximo. Obviamente, essa temporada estar\u00e1 dispon\u00edvel em toda a sua gl\u00f3ria durante o m\u00eas de dezembro e ser\u00e1 sin\u00f4nimo de qualidade, divers\u00e3o e muitas e muitas oportunidades para voc\u00ea. Al\u00e9m disso, voc\u00ea ter\u00e1 que <strong><a href=\"https:\/\/recor.to\/bacanaplaybr\" target=\"_blank\" rel=\"noreferrer noopener nofollow sponsored\">estar registrado no Bacanaplay Brasil<\/a><\/strong> se quiser optar por algum de seus servi\u00e7os.<\/p>\n\n\n\n<p>Ent\u00e3o o que h\u00e1 de \u00fanico na Bacanaplay para que voc\u00ea experimente o Natal? <strong>Voc\u00ea poder\u00e1 jogar em jogos especiais com tema natalino<\/strong>, participar de eventos exclusivos para adicionar uma pitada de emo\u00e7\u00e3o e adrenalina \u00e0 \u00e9poca festiva, al\u00e9m de acessar todas as vantagens que o BacanaPlay tem a oferecer durante todo o ano.<\/p>\n\n\n\n<h2 class=\"wp-block-heading\" id=\"h-surpreender-premios-todos-os-dias-no-bacanaplay\">Jogos surpreendentes e divertidos todos os dias no BacanaPlay<\/h2>\n\n\n\n<p>E na v\u00e9spera da<strong> Natal do Bacanaplay<\/strong>, agora voc\u00ea pode desfrutar de uma cole\u00e7\u00e3o de jogos incr\u00edveis, incluindo ca\u00e7a-n\u00edqueis, mesas ao vivo e muitas outras categorias imperd\u00edveis. Como o <strong>servi\u00e7o personalizado<\/strong> \u00e9 a ordem do dia no Bacanaplay, voc\u00ea pode desfrutar de vantagens que se adaptam a seus gostos. Em outras palavras, para cada aposta que voc\u00ea fizer, e cada jogo adicionado aos seus favoritos, o Bacanaplay estar\u00e1 assistindo e observando. <strong>E assim apostar e se divertir ao m\u00e1ximo.<\/strong><\/p>\n\n\n\n<div class=\"wp-block-buttons is-horizontal is-content-justification-center is-layout-flex wp-container-core-buttons-is-layout-499968f5 wp-block-buttons-is-layout-flex\">\n<div class=\"wp-block-button has-custom-font-size has-medium-font-size\"><a class=\"wp-block-button__link has-luminous-vivid-amber-to-luminous-vivid-orange-gradient-background has-background wp-element-button\" href=\"https:\/\/recor.to\/bacanaplaybr\" style=\"border-radius:25px\" target=\"_blank\" rel=\"noreferrer noopener nofollow sponsored\"><strong><em>\u00d3TIMOS JOGOS NO BACANAPLAY!<\/em><\/strong><\/a><\/div>\n<\/div>\n\n\n\n<p>Lembre-se de que na cole\u00e7\u00e3o de jogos de cassino do BacanaPlay voc\u00ea encontrar\u00e1 jogos dos fornecedores mais renomados da ind\u00fastria internacional, como a <strong><em>Pragmatic Play<\/em><\/strong> ou a <strong><em>Playtech<\/em><\/strong>, por exemplo. Vers\u00f5es especiais de suas franquias favoritas e t\u00edtulos com uma atmosfera natalina e recursos exclusivos para a celebra\u00e7\u00e3o m\u00e1gica do Natal.<\/p>\n\n\n\n<pre class=\"wp-block-verse\"><strong><mark style=\"background-color:rgba(0, 0, 0, 0);color:#ff0000\" class=\"has-inline-color\">De acordo com as novas regulamenta\u00e7\u00f5es do setor, o BacanaPlay n\u00e3o possui b\u00f4nus nem promo\u00e7\u00f5es. \u00c9 uma casa de jogos licenciada e autorizada a operar no Brasil.<\/mark><\/strong><\/pre>\n\n\n\n<h2 class=\"wp-block-heading\" id=\"h-promocao-de-natal-no-bacanaplay-torneio-de-premios-festivos-no-valor-de-ate-r-6-750\">Mais datas imperd\u00edveis para comemorar jogando no site do BacanaPlay!<\/h2>\n\n\n\n<p>Obviamente, vivenciar o Natal como nunca antes no Cassino Bacanaplay ser\u00e1 uma experi\u00eancia que o convidar\u00e1 a continuar sua jornada de fidelidade, divers\u00e3o e alegria no site. Nessa linha, <strong>o BacanaPlay \u00e9 uma plataforma que se adapta perfeitamente \u00e0s principais datas importantes do calend\u00e1rio<\/strong> brasileiro e internacional.<\/p>\n\n\n\n<p>Por exemplo, <strong>voc\u00ea pode desfrutar de um ambiente luxuoso para o Halloween<\/strong>, a cl\u00e1ssica festa de terror do Dia das Bruxas, no final de outubro. Ou aumentar suas chances de ganhar no imperd\u00edvel St Patrick&#8217;s Day, o santo padroeiro da cerveja. Todos esses dias espetaculares e divertidos com as melhores op\u00e7\u00f5es para aproveitar no BacanaPlay.<\/p>\n\n\n\n<h4 class=\"wp-block-heading\"><strong>Celebra\u00e7\u00f5es e datas do calend\u00e1rio destacadas por BacanaPlay:<\/strong><\/h4>\n\n\n\n<ul class=\"wp-block-list\">\n<li>Natal<\/li>\n\n\n\n<li>V\u00e9spera de Ano Novo<\/li>\n\n\n\n<li>F\u00e9rias de inverno e ver\u00e3o<\/li>\n\n\n\n<li>Dia de S\u00e3o Patr\u00edcio<\/li>\n\n\n\n<li>Feriados nacionais do Brasil<\/li>\n\n\n\n<li>Halloween ou Dia das Bruxas<\/li>\n<\/ul>\n\n\n\n<p>Portanto, n\u00e3o pense nisso por mais um segundo. <strong>Chegou a hora de voc\u00ea experimente o m\u00e1gico e \u00e9pico Natal no site BacanaPlay<\/strong> do jeito que ele merece ser vivenciado. Chegue a um novo n\u00edvel de divers\u00e3o, emo\u00e7\u00e3o e celebra\u00e7\u00e3o.<\/p>\n\n\n\n<p><em>Mais para voc\u00ea na <strong>ApuestasFree<\/strong>: <a href=\"https:\/\/apuestasfree.com\/pt-br\/bacanaplay-giros-gratis\/\" target=\"_blank\" rel=\"noreferrer noopener\">Leia a an\u00e1lise exclusiva do BacanaPlay para o p\u00fablico brasileiro.<\/a><\/em><\/p>\n\n\n\n<hr class=\"wp-block-separator has-css-opacity\"\/>\n\n\n\n<figure class=\"wp-block-image size-large\"><a href=\"https:\/\/recor.to\/bacanaplaybr\" target=\"_blank\" rel=\" noreferrer noopener nofollow sponsored\"><img decoding=\"async\" width=\"1024\" height=\"327\" src=\"https:\/\/apuestasfree.com\/wp-content\/uploads\/2024\/12\/bacanaplay-jogos-natal-1024x327.png\" alt=\"bacanaplay jogos natal\" class=\"wp-image-1856696\" srcset=\"https:\/\/apuestasfree.com\/wp-content\/uploads\/2024\/12\/bacanaplay-jogos-natal-1024x327.png 1024w, https:\/\/apuestasfree.com\/wp-content\/uploads\/2024\/12\/bacanaplay-jogos-natal-300x96.png 300w, https:\/\/apuestasfree.com\/wp-content\/uploads\/2024\/12\/bacanaplay-jogos-natal-768x245.png 768w, https:\/\/apuestasfree.com\/wp-content\/uploads\/2024\/12\/bacanaplay-jogos-natal.png 1185w\" sizes=\"(max-width: 1024px) 100vw, 1024px\" \/><\/a><\/figure>\n\n\n\n<hr class=\"wp-block-separator has-css-opacity\"\/>\n\n\n\n<h3 class=\"wp-block-heading\" id=\"h-convidamos-voce-a-avaliar-nosso-servico-festas-felizes\"><strong>Convidamos voc\u00ea a avaliar nosso servi\u00e7o<\/strong>: Festas Felizes!<\/h3>\n\n\n<span id=\"post-ratings-611042\" class=\"post-ratings\" data-nonce=\"1be1c52bee\"><img decoding=\"async\" id=\"rating_611042_1\" src=\"https:\/\/apuestasfree.com\/wp-content\/plugins\/wp-postratings\/images\/stars_crystal\/rating_on.gif\" alt=\"1 estrella\" title=\"1 estrella\" onmouseover=\"current_rating(611042, 1, '1 estrella');\" onmouseout=\"ratings_off(5, 0, 0);\" onclick=\"rate_post();\" onkeypress=\"rate_post();\" style=\"cursor: pointer; border: 0px;\" \/><img decoding=\"async\" id=\"rating_611042_2\" src=\"https:\/\/apuestasfree.com\/wp-content\/plugins\/wp-postratings\/images\/stars_crystal\/rating_on.gif\" alt=\"2 estrellas\" title=\"2 estrellas\" onmouseover=\"current_rating(611042, 2, '2 estrellas');\" onmouseout=\"ratings_off(5, 0, 0);\" onclick=\"rate_post();\" onkeypress=\"rate_post();\" style=\"cursor: pointer; border: 0px;\" \/><img decoding=\"async\" id=\"rating_611042_3\" src=\"https:\/\/apuestasfree.com\/wp-content\/plugins\/wp-postratings\/images\/stars_crystal\/rating_on.gif\" alt=\"3 estrellas\" title=\"3 estrellas\" onmouseover=\"current_rating(611042, 3, '3 estrellas');\" onmouseout=\"ratings_off(5, 0, 0);\" onclick=\"rate_post();\" onkeypress=\"rate_post();\" style=\"cursor: pointer; border: 0px;\" \/><img decoding=\"async\" id=\"rating_611042_4\" src=\"https:\/\/apuestasfree.com\/wp-content\/plugins\/wp-postratings\/images\/stars_crystal\/rating_on.gif\" alt=\"4 estrellas\" title=\"4 estrellas\" onmouseover=\"current_rating(611042, 4, '4 estrellas');\" onmouseout=\"ratings_off(5, 0, 0);\" onclick=\"rate_post();\" onkeypress=\"rate_post();\" style=\"cursor: pointer; border: 0px;\" \/><img decoding=\"async\" id=\"rating_611042_5\" src=\"https:\/\/apuestasfree.com\/wp-content\/plugins\/wp-postratings\/images\/stars_crystal\/rating_on.gif\" alt=\"5 estrellas\" title=\"5 estrellas\" onmouseover=\"current_rating(611042, 5, '5 estrellas');\" onmouseout=\"ratings_off(5, 0, 0);\" onclick=\"rate_post();\" onkeypress=\"rate_post();\" style=\"cursor: pointer; border: 0px;\" \/> (<strong>2<\/strong> votos, promedio: <strong>5,00<\/strong> de 5)<br \/><span class=\"post-ratings-text\" id=\"ratings_611042_text\"><\/span><\/span><span id=\"post-ratings-611042-loading\" class=\"post-ratings-loading\"><img decoding=\"async\" src=\"https:\/\/apuestasfree.com\/wp-content\/plugins\/wp-postratings\/images\/loading.gif\" width=\"16\" height=\"16\" class=\"post-ratings-image\" \/>Loading...<\/span>\n\n\n","protected":false},"excerpt":{"rendered":"<p>N\u00e3o h\u00e1 comemora\u00e7\u00e3o t\u00e3o aguardada e m\u00e1gica quanto o incr\u00edvel Natal. \u00c9 por isso que hoje, na ApuestasFree, queremos mostrar tudo o que voc\u00ea precisa Experimente o Natal em grande estilo, com muita divers\u00e3o, emo\u00e7\u00e3o e oportunidades em BacanaPlay. Os melhores jogos com tema natalino no Bacanaplay, alguns dos recursos exclusivos para essa \u00e9poca do &#8230; <a title=\"BacanaPlay Experimente o Natal: Celebre as Festas de fim de ano!\" class=\"read-more\" href=\"https:\/\/apuestasfree.com\/pt-br\/bacanaplay-promocao-de-natal\/\" aria-label=\"Read more about BacanaPlay Experimente o Natal: Celebre as Festas de fim de ano!\">Ler mais<\/a><\/p>\n","protected":false},"author":33099,"featured_media":0,"parent":0,"menu_order":0,"comment_status":"closed","ping_status":"closed","template":"","meta":{"_uag_custom_page_level_css":"","footnotes":""},"class_list":["post-611042","page","type-page","status-publish"],"yoast_head":"<!-- This site is optimized with the Yoast SEO Premium plugin v27.1 (Yoast SEO v27.4) - https:\/\/yoast.com\/product\/yoast-seo-premium-wordpress\/ -->\n<title>BacanaPlay Experimente o Natal: Celebre as Festas de fim de ano!<\/title>\n<meta name=\"description\" content=\"\u25b7 Experimente o Natal em Bacanaplay \u2714\ufe0f Os melhores jogos de ca\u00e7a-n\u00edqueis com tema natalino \u2714\ufe0f Plataforma ideal para o p\u00fablico brasileiro\" \/>\n<meta name=\"robots\" content=\"index, follow, max-snippet:-1, max-image-preview:large, max-video-preview:-1\" \/>\n<link rel=\"canonical\" href=\"https:\/\/apuestasfree.com\/pt-br\/bacanaplay-promocao-de-natal\/\" \/>\n<meta property=\"og:locale\" content=\"pt_BR\" \/>\n<meta property=\"og:type\" content=\"article\" \/>\n<meta property=\"og:title\" content=\"BacanaPlay Experimente o Natal: Celebre as Festas de fim de ano!\" \/>\n<meta property=\"og:description\" content=\"\u25b7 Experimente o Natal em Bacanaplay \u2714\ufe0f Os melhores jogos de ca\u00e7a-n\u00edqueis com tema natalino \u2714\ufe0f Plataforma ideal para o p\u00fablico brasileiro\" \/>\n<meta property=\"og:url\" content=\"https:\/\/apuestasfree.com\/pt-br\/bacanaplay-promocao-de-natal\/\" \/>\n<meta property=\"og:site_name\" content=\"ApuestasFree\" \/>\n<meta property=\"article:modified_time\" content=\"2024-12-30T16:33:23+00:00\" \/>\n<meta property=\"og:image\" content=\"https:\/\/apuestasfree.com\/wp-content\/uploads\/2024\/12\/bacanaplay-experimente-o-natal.png\" \/>\n\t<meta property=\"og:image:width\" content=\"1320\" \/>\n\t<meta property=\"og:image:height\" content=\"513\" \/>\n\t<meta property=\"og:image:type\" content=\"image\/png\" \/>\n<meta name=\"twitter:card\" content=\"summary_large_image\" \/>\n<meta name=\"twitter:label1\" content=\"Est. tempo de leitura\" \/>\n\t<meta name=\"twitter:data1\" content=\"4 minutos\" \/>\n<script type=\"application\/ld+json\" class=\"yoast-schema-graph\">{\"@context\":\"https:\\\/\\\/schema.org\",\"@graph\":[{\"@type\":\"WebPage\",\"@id\":\"https:\\\/\\\/apuestasfree.com\\\/pt-br\\\/bacanaplay-promocao-de-natal\\\/\",\"url\":\"https:\\\/\\\/apuestasfree.com\\\/pt-br\\\/bacanaplay-promocao-de-natal\\\/\",\"name\":\"BacanaPlay Experimente o Natal: Celebre as Festas de fim de ano!\",\"isPartOf\":{\"@id\":\"https:\\\/\\\/apuestasfree.com\\\/pt-br\\\/#website\"},\"primaryImageOfPage\":{\"@id\":\"https:\\\/\\\/apuestasfree.com\\\/pt-br\\\/bacanaplay-promocao-de-natal\\\/#primaryimage\"},\"image\":{\"@id\":\"https:\\\/\\\/apuestasfree.com\\\/pt-br\\\/bacanaplay-promocao-de-natal\\\/#primaryimage\"},\"thumbnailUrl\":\"https:\\\/\\\/apuestasfree.com\\\/wp-content\\\/uploads\\\/2024\\\/12\\\/bacanaplay-experimente-o-natal-1024x398.png\",\"datePublished\":\"2021-12-10T15:55:07+00:00\",\"dateModified\":\"2024-12-30T16:33:23+00:00\",\"description\":\"\u25b7 Experimente o Natal em Bacanaplay \u2714\ufe0f Os melhores jogos de ca\u00e7a-n\u00edqueis com tema natalino \u2714\ufe0f Plataforma ideal para o p\u00fablico brasileiro\",\"breadcrumb\":{\"@id\":\"https:\\\/\\\/apuestasfree.com\\\/pt-br\\\/bacanaplay-promocao-de-natal\\\/#breadcrumb\"},\"inLanguage\":\"pt-BR\",\"potentialAction\":[{\"@type\":\"ReadAction\",\"target\":[\"https:\\\/\\\/apuestasfree.com\\\/pt-br\\\/bacanaplay-promocao-de-natal\\\/\"]}]},{\"@type\":\"ImageObject\",\"inLanguage\":\"pt-BR\",\"@id\":\"https:\\\/\\\/apuestasfree.com\\\/pt-br\\\/bacanaplay-promocao-de-natal\\\/#primaryimage\",\"url\":\"https:\\\/\\\/apuestasfree.com\\\/wp-content\\\/uploads\\\/2024\\\/12\\\/bacanaplay-experimente-o-natal-1024x398.png\",\"contentUrl\":\"https:\\\/\\\/apuestasfree.com\\\/wp-content\\\/uploads\\\/2024\\\/12\\\/bacanaplay-experimente-o-natal-1024x398.png\"},{\"@type\":\"BreadcrumbList\",\"@id\":\"https:\\\/\\\/apuestasfree.com\\\/pt-br\\\/bacanaplay-promocao-de-natal\\\/#breadcrumb\",\"itemListElement\":[{\"@type\":\"ListItem\",\"position\":1,\"name\":\"Inicio\",\"item\":\"https:\\\/\\\/apuestasfree.com\\\/pt-br\\\/\"},{\"@type\":\"ListItem\",\"position\":2,\"name\":\"BacanaPlay Experimente o Natal: Celebre as Festas de fim de ano!\"}]},{\"@type\":\"WebSite\",\"@id\":\"https:\\\/\\\/apuestasfree.com\\\/pt-br\\\/#website\",\"url\":\"https:\\\/\\\/apuestasfree.com\\\/pt-br\\\/\",\"name\":\"ApuestasFree\",\"description\":\"\",\"publisher\":{\"@id\":\"https:\\\/\\\/apuestasfree.com\\\/pt-br\\\/#organization\"},\"potentialAction\":[{\"@type\":\"SearchAction\",\"target\":{\"@type\":\"EntryPoint\",\"urlTemplate\":\"https:\\\/\\\/apuestasfree.com\\\/pt-br\\\/?s={search_term_string}\"},\"query-input\":{\"@type\":\"PropertyValueSpecification\",\"valueRequired\":true,\"valueName\":\"search_term_string\"}}],\"inLanguage\":\"pt-BR\"},{\"@type\":\"Organization\",\"@id\":\"https:\\\/\\\/apuestasfree.com\\\/pt-br\\\/#organization\",\"name\":\"ApuestasFree\",\"url\":\"https:\\\/\\\/apuestasfree.com\\\/pt-br\\\/\",\"logo\":{\"@type\":\"ImageObject\",\"inLanguage\":\"pt-BR\",\"@id\":\"https:\\\/\\\/apuestasfree.com\\\/pt-br\\\/#\\\/schema\\\/logo\\\/image\\\/\",\"url\":\"https:\\\/\\\/apuestasfree.com\\\/wp-content\\\/uploads\\\/2019\\\/06\\\/afree_logo.png\",\"contentUrl\":\"https:\\\/\\\/apuestasfree.com\\\/wp-content\\\/uploads\\\/2019\\\/06\\\/afree_logo.png\",\"width\":106,\"height\":50,\"caption\":\"ApuestasFree\"},\"image\":{\"@id\":\"https:\\\/\\\/apuestasfree.com\\\/pt-br\\\/#\\\/schema\\\/logo\\\/image\\\/\"}}]}<\/script>\n<!-- \/ Yoast SEO Premium plugin. -->","yoast_head_json":{"title":"BacanaPlay Experimente o Natal: Celebre as Festas de fim de ano!","description":"\u25b7 Experimente o Natal em Bacanaplay \u2714\ufe0f Os melhores jogos de ca\u00e7a-n\u00edqueis com tema natalino \u2714\ufe0f Plataforma ideal para o p\u00fablico brasileiro","robots":{"index":"index","follow":"follow","max-snippet":"max-snippet:-1","max-image-preview":"max-image-preview:large","max-video-preview":"max-video-preview:-1"},"canonical":"https:\/\/apuestasfree.com\/pt-br\/bacanaplay-promocao-de-natal\/","og_locale":"pt_BR","og_type":"article","og_title":"BacanaPlay Experimente o Natal: Celebre as Festas de fim de ano!","og_description":"\u25b7 Experimente o Natal em Bacanaplay \u2714\ufe0f Os melhores jogos de ca\u00e7a-n\u00edqueis com tema natalino \u2714\ufe0f Plataforma ideal para o p\u00fablico brasileiro","og_url":"https:\/\/apuestasfree.com\/pt-br\/bacanaplay-promocao-de-natal\/","og_site_name":"ApuestasFree","article_modified_time":"2024-12-30T16:33:23+00:00","og_image":[{"width":1320,"height":513,"url":"https:\/\/apuestasfree.com\/wp-content\/uploads\/2024\/12\/bacanaplay-experimente-o-natal.png","type":"image\/png"}],"twitter_card":"summary_large_image","twitter_misc":{"Est. tempo de leitura":"4 minutos"},"schema":{"@context":"https:\/\/schema.org","@graph":[{"@type":"WebPage","@id":"https:\/\/apuestasfree.com\/pt-br\/bacanaplay-promocao-de-natal\/","url":"https:\/\/apuestasfree.com\/pt-br\/bacanaplay-promocao-de-natal\/","name":"BacanaPlay Experimente o Natal: Celebre as Festas de fim de ano!","isPartOf":{"@id":"https:\/\/apuestasfree.com\/pt-br\/#website"},"primaryImageOfPage":{"@id":"https:\/\/apuestasfree.com\/pt-br\/bacanaplay-promocao-de-natal\/#primaryimage"},"image":{"@id":"https:\/\/apuestasfree.com\/pt-br\/bacanaplay-promocao-de-natal\/#primaryimage"},"thumbnailUrl":"https:\/\/apuestasfree.com\/wp-content\/uploads\/2024\/12\/bacanaplay-experimente-o-natal-1024x398.png","datePublished":"2021-12-10T15:55:07+00:00","dateModified":"2024-12-30T16:33:23+00:00","description":"\u25b7 Experimente o Natal em Bacanaplay \u2714\ufe0f Os melhores jogos de ca\u00e7a-n\u00edqueis com tema natalino \u2714\ufe0f Plataforma ideal para o p\u00fablico brasileiro","breadcrumb":{"@id":"https:\/\/apuestasfree.com\/pt-br\/bacanaplay-promocao-de-natal\/#breadcrumb"},"inLanguage":"pt-BR","potentialAction":[{"@type":"ReadAction","target":["https:\/\/apuestasfree.com\/pt-br\/bacanaplay-promocao-de-natal\/"]}]},{"@type":"ImageObject","inLanguage":"pt-BR","@id":"https:\/\/apuestasfree.com\/pt-br\/bacanaplay-promocao-de-natal\/#primaryimage","url":"https:\/\/apuestasfree.com\/wp-content\/uploads\/2024\/12\/bacanaplay-experimente-o-natal-1024x398.png","contentUrl":"https:\/\/apuestasfree.com\/wp-content\/uploads\/2024\/12\/bacanaplay-experimente-o-natal-1024x398.png"},{"@type":"BreadcrumbList","@id":"https:\/\/apuestasfree.com\/pt-br\/bacanaplay-promocao-de-natal\/#breadcrumb","itemListElement":[{"@type":"ListItem","position":1,"name":"Inicio","item":"https:\/\/apuestasfree.com\/pt-br\/"},{"@type":"ListItem","position":2,"name":"BacanaPlay Experimente o Natal: Celebre as Festas de fim de ano!"}]},{"@type":"WebSite","@id":"https:\/\/apuestasfree.com\/pt-br\/#website","url":"https:\/\/apuestasfree.com\/pt-br\/","name":"ApuestasFree","description":"","publisher":{"@id":"https:\/\/apuestasfree.com\/pt-br\/#organization"},"potentialAction":[{"@type":"SearchAction","target":{"@type":"EntryPoint","urlTemplate":"https:\/\/apuestasfree.com\/pt-br\/?s={search_term_string}"},"query-input":{"@type":"PropertyValueSpecification","valueRequired":true,"valueName":"search_term_string"}}],"inLanguage":"pt-BR"},{"@type":"Organization","@id":"https:\/\/apuestasfree.com\/pt-br\/#organization","name":"ApuestasFree","url":"https:\/\/apuestasfree.com\/pt-br\/","logo":{"@type":"ImageObject","inLanguage":"pt-BR","@id":"https:\/\/apuestasfree.com\/pt-br\/#\/schema\/logo\/image\/","url":"https:\/\/apuestasfree.com\/wp-content\/uploads\/2019\/06\/afree_logo.png","contentUrl":"https:\/\/apuestasfree.com\/wp-content\/uploads\/2019\/06\/afree_logo.png","width":106,"height":50,"caption":"ApuestasFree"},"image":{"@id":"https:\/\/apuestasfree.com\/pt-br\/#\/schema\/logo\/image\/"}}]}},"uagb_featured_image_src":{"full":false,"thumbnail":false,"medium":false,"medium_large":false,"large":false,"1536x1536":false,"2048x2048":false},"uagb_author_info":{"display_name":"Emiliano Diaz","author_link":"https:\/\/apuestasfree.com\/pt-br\/author\/luis-maria\/"},"uagb_comment_info":0,"uagb_excerpt":"N\u00e3o h\u00e1 comemora\u00e7\u00e3o t\u00e3o aguardada e m\u00e1gica quanto o incr\u00edvel Natal. \u00c9 por isso que hoje, na ApuestasFree, queremos mostrar tudo o que voc\u00ea precisa Experimente o Natal em grande estilo, com muita divers\u00e3o, emo\u00e7\u00e3o e oportunidades em BacanaPlay. Os melhores jogos com tema natalino no Bacanaplay, alguns dos recursos exclusivos para essa \u00e9poca do&hellip;","_links":{"self":[{"href":"https:\/\/apuestasfree.com\/pt-br\/wp-json\/wp\/v2\/pages\/611042","targetHints":{"allow":["GET"]}}],"collection":[{"href":"https:\/\/apuestasfree.com\/pt-br\/wp-json\/wp\/v2\/pages"}],"about":[{"href":"https:\/\/apuestasfree.com\/pt-br\/wp-json\/wp\/v2\/types\/page"}],"author":[{"embeddable":true,"href":"https:\/\/apuestasfree.com\/pt-br\/wp-json\/wp\/v2\/users\/33099"}],"replies":[{"embeddable":true,"href":"https:\/\/apuestasfree.com\/pt-br\/wp-json\/wp\/v2\/comments?post=611042"}],"version-history":[{"count":5,"href":"https:\/\/apuestasfree.com\/pt-br\/wp-json\/wp\/v2\/pages\/611042\/revisions"}],"predecessor-version":[{"id":1856753,"href":"https:\/\/apuestasfree.com\/pt-br\/wp-json\/wp\/v2\/pages\/611042\/revisions\/1856753"}],"wp:attachment":[{"href":"https:\/\/apuestasfree.com\/pt-br\/wp-json\/wp\/v2\/media?parent=611042"}],"curies":[{"name":"wp","href":"https:\/\/api.w.org\/{rel}","templated":true}]}}