{"id":820663,"date":"2022-06-08T02:06:38","date_gmt":"2022-06-08T00:06:38","guid":{"rendered":"https:\/\/apuestasfree.com\/?p=820663"},"modified":"2026-02-16T15:31:21","modified_gmt":"2026-02-16T14:31:21","slug":"inkabet-peru-vs-australia","status":"publish","type":"page","link":"https:\/\/apuestasfree.com\/pe\/inkabet-peru-vs-australia\/","title":{"rendered":"Inkabet Per\u00fa vs Australia \u00bb \u00a1Apuesta con S\/500 de regalo!"},"content":{"rendered":"\n<p><strong>Realiza tu apuesta en Inkabet para Per\u00fa vs Australia por el Repechaje rumbo al Mundial de Qatar 2022.<\/strong> <a href=\"https:\/\/recor.to\/inkabet\" rel=\"nofollow noopener sponsored\">\u00a1Reg\u00edstrate y obt\u00e9n una apuesta gratuita de S\/500!<\/a><\/p>\n\n\n\n<figure class=\"wp-block-image size-full\"><a href=\"https:\/\/recor.to\/inkabet\" rel=\"nofollow noopener sponsored\"><img fetchpriority=\"high\" decoding=\"async\" width=\"980\" height=\"653\" src=\"https:\/\/apuestasfree.com\/wp-content\/uploads\/2022\/06\/inkabet-peru-vs-australia.jpg\" alt=\"inkabet per\u00fa vs australia\" class=\"wp-image-820688\" srcset=\"https:\/\/apuestasfree.com\/wp-content\/uploads\/2022\/06\/inkabet-peru-vs-australia.jpg 980w, https:\/\/apuestasfree.com\/wp-content\/uploads\/2022\/06\/inkabet-peru-vs-australia-300x200.jpg 300w, https:\/\/apuestasfree.com\/wp-content\/uploads\/2022\/06\/inkabet-peru-vs-australia-768x512.jpg 768w\" sizes=\"(max-width: 980px) 100vw, 980px\" \/><\/a><\/figure>\n\n\n\n<h2 class=\"wp-block-heading\" id=\"h-haz-tu-apuesta-en-inkabet-para-peru-vs-australia\">Haz tu apuesta en Inkabet para Per\u00fa vs Australia<\/h2>\n\n\n\n<p><strong>Per\u00fa vs Australia definir\u00e1 qui\u00e9n de los dos seleccionados se mete en el Mundial de Qatar y t\u00fa puedes apostar en Inkabet. <\/strong>Adem\u00e1s, reg\u00edstrate ahora en la web de la casa y obt\u00e9n una apuesta gratuita de S\/500 para Deportes. <strong><a href=\"https:\/\/recor.to\/inkabet\" rel=\"nofollow noopener sponsored\">\u00a1\u00danete y apuesta con dinero de regalo!<\/a><\/strong><\/p>\n\n\n\n<p><strong>El repechaje entre Per\u00fa y Australia disponible en Inkabet se jugar\u00e1 el pr\u00f3ximo lunes 13 de junio desde las 13.00.<\/strong> Se trata de un duelo determinante, ya que quien gane se mete en el Mundial y quien pierda deber\u00e1 esperar 4 a\u00f1os m\u00e1s. <strong>\u00a1Apoya a la selecci\u00f3n!<\/strong><\/p>\n\n\n\n<p><strong>Per\u00fa se meti\u00f3 en el repechaje a Qatar 2022 tras finalizar quinto en las dif\u00edciles Eliminatorias Sudamericanas. <\/strong>Por su parte, Australia dej\u00f3 en el camino en la instancia previa a Emiratos \u00c1rabes Unidos tras derrotarlo por 2-1. <\/p>\n\n\n\n<h2 class=\"wp-block-heading\" id=\"h-bono-de-bienvenida-inkabet-obten-una-apuesta-gratis-de-s-10-para-deportes\">Bono de bienvenida Inkabet: \u00a1Obt\u00e9n una apuesta gratis de S\/500 para deportes!<\/h2>\n\n\n\n<p>Para apostar en Per\u00fa vs Australia, Inkabet te ofrece una oferta de bienvenida.\u00a0<strong>La misma consiste en una apuesta gratuita de S\/500<\/strong>. \u00bfQu\u00e9 debes hacer para obtenerla? Reg\u00edstrate en la plataforma de la casa. Luego, es<strong>necesario que introduzcas un dep\u00f3sito para calificar de al menos S\/20<\/strong>. Si te interesa y quieres sacarte alguna duda,\u00a0<strong>repasa el siguiente art\u00edculo sobre el\u00a0<\/strong><a href=\"https:\/\/apuestasfree.com\/pe\/inkabet-bono-apuestas-deportivas\/\"><strong>bono para apuestas deportivas de Inkabet<\/strong><\/a>.<\/p>\n\n\n\n<div class=\"wp-block-buttons is-layout-flex wp-block-buttons-is-layout-flex\">\n<div class=\"wp-block-button aligncenter\"><a class=\"wp-block-button__link wp-element-button\" href=\"https:\/\/recor.to\/inkabet\" rel=\"nofollow noopener sponsored\"><strong>\u00a1APUESTA GRATIS DE S\/500!<\/strong><\/a><\/div>\n<\/div>\n\n\n\n<h3 class=\"wp-block-heading\" id=\"h-terminos-y-condiciones-generales\"><strong>T\u00e9rminos y condiciones generales<\/strong><\/h3>\n\n\n\n<ul class=\"wp-block-list\">\n<li>Como imaginar\u00e1s, la apuesta gratuita&nbsp;aplicable a Per\u00fa vs Australia <strong>s\u00f3lo puede utilizarse en eventos deportivos<\/strong>.<\/li>\n\n\n\n<li><strong>Rollover<\/strong>: tienes que\u00a0<strong>jugar 7 veces el valor de la apuesta<\/strong>\u00a0con cuotas iguales o mayores a 1.9.<\/li>\n\n\n\n<li>Adem\u00e1s,\u00a0<strong>el bono expira en 14 d\u00edas<\/strong>\u00a0y en dicho lapso debes completar el rollover.<\/li>\n\n\n\n<li>El\u00a0<strong>l\u00edmite de ganancias<\/strong>\u00a0es de hasta S\/10.000.<\/li>\n<\/ul>\n","protected":false},"excerpt":{"rendered":"<p>Realiza tu apuesta en Inkabet para Per\u00fa vs Australia por el Repechaje rumbo al Mundial de Qatar 2022. \u00a1Reg\u00edstrate y obt\u00e9n una apuesta gratuita de S\/500! Haz tu apuesta en Inkabet para Per\u00fa vs Australia Per\u00fa vs Australia definir\u00e1 qui\u00e9n de los dos seleccionados se mete en el Mundial de Qatar y t\u00fa puedes apostar &#8230; <a title=\"Inkabet Per\u00fa vs Australia \u00bb \u00a1Apuesta con S\/500 de regalo!\" class=\"read-more\" href=\"https:\/\/apuestasfree.com\/pe\/inkabet-peru-vs-australia\/\" aria-label=\"Read more about Inkabet Per\u00fa vs Australia \u00bb \u00a1Apuesta con S\/500 de regalo!\">Read more<\/a><\/p>\n","protected":false},"author":33563,"featured_media":0,"parent":0,"menu_order":0,"comment_status":"closed","ping_status":"closed","template":"","meta":{"_uag_custom_page_level_css":"","footnotes":""},"class_list":["post-820663","page","type-page","status-publish"],"yoast_head":"<!-- This site is optimized with the Yoast SEO Premium plugin v27.1 (Yoast SEO v27.5) - https:\/\/yoast.com\/product\/yoast-seo-premium-wordpress\/ -->\n<title>Inkabet Per\u00fa vs Australia \u00bb \u00a1Apuesta con S\/500 de regalo!<\/title>\n<meta name=\"description\" content=\"\u25b7 Realiza tu apuesta en Inkabet para Per\u00fa vs Australia \u2714\ufe0f Repechaje Qatar 2022 \u2714\ufe0f Reg\u00edstrate y obt\u00e9n una apuesta gratuita de S\/500 \u2714\ufe0f\" \/>\n<meta name=\"robots\" content=\"index, follow, max-snippet:-1, max-image-preview:large, max-video-preview:-1\" \/>\n<link rel=\"canonical\" href=\"https:\/\/apuestasfree.com\/pe\/inkabet-peru-vs-australia\/\" \/>\n<meta property=\"og:locale\" content=\"es_ES\" \/>\n<meta property=\"og:type\" content=\"article\" \/>\n<meta property=\"og:title\" content=\"Inkabet Per\u00fa vs Australia \u00bb \u00a1Apuesta con S\/500 de regalo!\" \/>\n<meta property=\"og:description\" content=\"\u25b7 Realiza tu apuesta en Inkabet para Per\u00fa vs Australia \u2714\ufe0f Repechaje Qatar 2022 \u2714\ufe0f Reg\u00edstrate y obt\u00e9n una apuesta gratuita de S\/500 \u2714\ufe0f\" \/>\n<meta property=\"og:url\" content=\"https:\/\/apuestasfree.com\/pe\/inkabet-peru-vs-australia\/\" \/>\n<meta property=\"og:site_name\" content=\"ApuestasFree\" \/>\n<meta property=\"article:modified_time\" content=\"2026-02-16T14:31:21+00:00\" \/>\n<meta property=\"og:image\" content=\"https:\/\/apuestasfree.com\/wp-content\/uploads\/2022\/06\/inkabet-peru-vs-australia.jpg\" \/>\n\t<meta property=\"og:image:width\" content=\"980\" \/>\n\t<meta property=\"og:image:height\" content=\"653\" \/>\n\t<meta property=\"og:image:type\" content=\"image\/jpeg\" \/>\n<meta name=\"twitter:card\" content=\"summary_large_image\" \/>\n<meta name=\"twitter:label1\" content=\"Est. reading time\" \/>\n\t<meta name=\"twitter:data1\" content=\"2 minutos\" \/>\n<script type=\"application\/ld+json\" class=\"yoast-schema-graph\">{\"@context\":\"https:\\\/\\\/schema.org\",\"@graph\":[{\"@type\":\"WebPage\",\"@id\":\"https:\\\/\\\/apuestasfree.com\\\/pe\\\/inkabet-peru-vs-australia\\\/\",\"url\":\"https:\\\/\\\/apuestasfree.com\\\/pe\\\/inkabet-peru-vs-australia\\\/\",\"name\":\"Inkabet Per\u00fa vs Australia \u00bb \u00a1Apuesta con S\\\/500 de regalo!\",\"isPartOf\":{\"@id\":\"https:\\\/\\\/apuestasfree.com\\\/pe\\\/#website\"},\"primaryImageOfPage\":{\"@id\":\"https:\\\/\\\/apuestasfree.com\\\/pe\\\/inkabet-peru-vs-australia\\\/#primaryimage\"},\"image\":{\"@id\":\"https:\\\/\\\/apuestasfree.com\\\/pe\\\/inkabet-peru-vs-australia\\\/#primaryimage\"},\"thumbnailUrl\":\"https:\\\/\\\/apuestasfree.com\\\/wp-content\\\/uploads\\\/2022\\\/06\\\/inkabet-peru-vs-australia.jpg\",\"datePublished\":\"2022-06-08T00:06:38+00:00\",\"dateModified\":\"2026-02-16T14:31:21+00:00\",\"description\":\"\u25b7 Realiza tu apuesta en Inkabet para Per\u00fa vs Australia \u2714\ufe0f Repechaje Qatar 2022 \u2714\ufe0f Reg\u00edstrate y obt\u00e9n una apuesta gratuita de S\\\/500 \u2714\ufe0f\",\"breadcrumb\":{\"@id\":\"https:\\\/\\\/apuestasfree.com\\\/pe\\\/inkabet-peru-vs-australia\\\/#breadcrumb\"},\"inLanguage\":\"es-PE\",\"potentialAction\":[{\"@type\":\"ReadAction\",\"target\":[\"https:\\\/\\\/apuestasfree.com\\\/pe\\\/inkabet-peru-vs-australia\\\/\"]}]},{\"@type\":\"ImageObject\",\"inLanguage\":\"es-PE\",\"@id\":\"https:\\\/\\\/apuestasfree.com\\\/pe\\\/inkabet-peru-vs-australia\\\/#primaryimage\",\"url\":\"https:\\\/\\\/apuestasfree.com\\\/wp-content\\\/uploads\\\/2022\\\/06\\\/inkabet-peru-vs-australia.jpg\",\"contentUrl\":\"https:\\\/\\\/apuestasfree.com\\\/wp-content\\\/uploads\\\/2022\\\/06\\\/inkabet-peru-vs-australia.jpg\"},{\"@type\":\"BreadcrumbList\",\"@id\":\"https:\\\/\\\/apuestasfree.com\\\/pe\\\/inkabet-peru-vs-australia\\\/#breadcrumb\",\"itemListElement\":[{\"@type\":\"ListItem\",\"position\":1,\"name\":\"Inicio\",\"item\":\"https:\\\/\\\/apuestasfree.com\\\/pe\\\/\"},{\"@type\":\"ListItem\",\"position\":2,\"name\":\"Inkabet Per\u00fa vs Australia \u00bb \u00a1Apuesta con S\\\/500 de regalo!\"}]},{\"@type\":\"WebSite\",\"@id\":\"https:\\\/\\\/apuestasfree.com\\\/pe\\\/#website\",\"url\":\"https:\\\/\\\/apuestasfree.com\\\/pe\\\/\",\"name\":\"ApuestasFree\",\"description\":\"\",\"publisher\":{\"@id\":\"https:\\\/\\\/apuestasfree.com\\\/pe\\\/#organization\"},\"potentialAction\":[{\"@type\":\"SearchAction\",\"target\":{\"@type\":\"EntryPoint\",\"urlTemplate\":\"https:\\\/\\\/apuestasfree.com\\\/pe\\\/?s={search_term_string}\"},\"query-input\":{\"@type\":\"PropertyValueSpecification\",\"valueRequired\":true,\"valueName\":\"search_term_string\"}}],\"inLanguage\":\"es-PE\"},{\"@type\":\"Organization\",\"@id\":\"https:\\\/\\\/apuestasfree.com\\\/pe\\\/#organization\",\"name\":\"ApuestasFree\",\"url\":\"https:\\\/\\\/apuestasfree.com\\\/pe\\\/\",\"logo\":{\"@type\":\"ImageObject\",\"inLanguage\":\"es-PE\",\"@id\":\"https:\\\/\\\/apuestasfree.com\\\/pe\\\/#\\\/schema\\\/logo\\\/image\\\/\",\"url\":\"https:\\\/\\\/apuestasfree.com\\\/wp-content\\\/uploads\\\/2019\\\/06\\\/afree_logo.png\",\"contentUrl\":\"https:\\\/\\\/apuestasfree.com\\\/wp-content\\\/uploads\\\/2019\\\/06\\\/afree_logo.png\",\"width\":106,\"height\":50,\"caption\":\"ApuestasFree\"},\"image\":{\"@id\":\"https:\\\/\\\/apuestasfree.com\\\/pe\\\/#\\\/schema\\\/logo\\\/image\\\/\"}}]}<\/script>\n<!-- \/ Yoast SEO Premium plugin. -->","yoast_head_json":{"title":"Inkabet Per\u00fa vs Australia \u00bb \u00a1Apuesta con S\/500 de regalo!","description":"\u25b7 Realiza tu apuesta en Inkabet para Per\u00fa vs Australia \u2714\ufe0f Repechaje Qatar 2022 \u2714\ufe0f Reg\u00edstrate y obt\u00e9n una apuesta gratuita de S\/500 \u2714\ufe0f","robots":{"index":"index","follow":"follow","max-snippet":"max-snippet:-1","max-image-preview":"max-image-preview:large","max-video-preview":"max-video-preview:-1"},"canonical":"https:\/\/apuestasfree.com\/pe\/inkabet-peru-vs-australia\/","og_locale":"es_ES","og_type":"article","og_title":"Inkabet Per\u00fa vs Australia \u00bb \u00a1Apuesta con S\/500 de regalo!","og_description":"\u25b7 Realiza tu apuesta en Inkabet para Per\u00fa vs Australia \u2714\ufe0f Repechaje Qatar 2022 \u2714\ufe0f Reg\u00edstrate y obt\u00e9n una apuesta gratuita de S\/500 \u2714\ufe0f","og_url":"https:\/\/apuestasfree.com\/pe\/inkabet-peru-vs-australia\/","og_site_name":"ApuestasFree","article_modified_time":"2026-02-16T14:31:21+00:00","og_image":[{"width":980,"height":653,"url":"https:\/\/apuestasfree.com\/wp-content\/uploads\/2022\/06\/inkabet-peru-vs-australia.jpg","type":"image\/jpeg"}],"twitter_card":"summary_large_image","twitter_misc":{"Est. reading time":"2 minutos"},"schema":{"@context":"https:\/\/schema.org","@graph":[{"@type":"WebPage","@id":"https:\/\/apuestasfree.com\/pe\/inkabet-peru-vs-australia\/","url":"https:\/\/apuestasfree.com\/pe\/inkabet-peru-vs-australia\/","name":"Inkabet Per\u00fa vs Australia \u00bb \u00a1Apuesta con S\/500 de regalo!","isPartOf":{"@id":"https:\/\/apuestasfree.com\/pe\/#website"},"primaryImageOfPage":{"@id":"https:\/\/apuestasfree.com\/pe\/inkabet-peru-vs-australia\/#primaryimage"},"image":{"@id":"https:\/\/apuestasfree.com\/pe\/inkabet-peru-vs-australia\/#primaryimage"},"thumbnailUrl":"https:\/\/apuestasfree.com\/wp-content\/uploads\/2022\/06\/inkabet-peru-vs-australia.jpg","datePublished":"2022-06-08T00:06:38+00:00","dateModified":"2026-02-16T14:31:21+00:00","description":"\u25b7 Realiza tu apuesta en Inkabet para Per\u00fa vs Australia \u2714\ufe0f Repechaje Qatar 2022 \u2714\ufe0f Reg\u00edstrate y obt\u00e9n una apuesta gratuita de S\/500 \u2714\ufe0f","breadcrumb":{"@id":"https:\/\/apuestasfree.com\/pe\/inkabet-peru-vs-australia\/#breadcrumb"},"inLanguage":"es-PE","potentialAction":[{"@type":"ReadAction","target":["https:\/\/apuestasfree.com\/pe\/inkabet-peru-vs-australia\/"]}]},{"@type":"ImageObject","inLanguage":"es-PE","@id":"https:\/\/apuestasfree.com\/pe\/inkabet-peru-vs-australia\/#primaryimage","url":"https:\/\/apuestasfree.com\/wp-content\/uploads\/2022\/06\/inkabet-peru-vs-australia.jpg","contentUrl":"https:\/\/apuestasfree.com\/wp-content\/uploads\/2022\/06\/inkabet-peru-vs-australia.jpg"},{"@type":"BreadcrumbList","@id":"https:\/\/apuestasfree.com\/pe\/inkabet-peru-vs-australia\/#breadcrumb","itemListElement":[{"@type":"ListItem","position":1,"name":"Inicio","item":"https:\/\/apuestasfree.com\/pe\/"},{"@type":"ListItem","position":2,"name":"Inkabet Per\u00fa vs Australia \u00bb \u00a1Apuesta con S\/500 de regalo!"}]},{"@type":"WebSite","@id":"https:\/\/apuestasfree.com\/pe\/#website","url":"https:\/\/apuestasfree.com\/pe\/","name":"ApuestasFree","description":"","publisher":{"@id":"https:\/\/apuestasfree.com\/pe\/#organization"},"potentialAction":[{"@type":"SearchAction","target":{"@type":"EntryPoint","urlTemplate":"https:\/\/apuestasfree.com\/pe\/?s={search_term_string}"},"query-input":{"@type":"PropertyValueSpecification","valueRequired":true,"valueName":"search_term_string"}}],"inLanguage":"es-PE"},{"@type":"Organization","@id":"https:\/\/apuestasfree.com\/pe\/#organization","name":"ApuestasFree","url":"https:\/\/apuestasfree.com\/pe\/","logo":{"@type":"ImageObject","inLanguage":"es-PE","@id":"https:\/\/apuestasfree.com\/pe\/#\/schema\/logo\/image\/","url":"https:\/\/apuestasfree.com\/wp-content\/uploads\/2019\/06\/afree_logo.png","contentUrl":"https:\/\/apuestasfree.com\/wp-content\/uploads\/2019\/06\/afree_logo.png","width":106,"height":50,"caption":"ApuestasFree"},"image":{"@id":"https:\/\/apuestasfree.com\/pe\/#\/schema\/logo\/image\/"}}]}},"uagb_featured_image_src":{"full":false,"thumbnail":false,"medium":false,"medium_large":false,"large":false,"1536x1536":false,"2048x2048":false},"uagb_author_info":{"display_name":"Rodrigo Marquez","author_link":"https:\/\/apuestasfree.com\/pe\/author\/rodrigo-marquez\/"},"uagb_comment_info":0,"uagb_excerpt":"Realiza tu apuesta en Inkabet para Per\u00fa vs Australia por el Repechaje rumbo al Mundial de Qatar 2022. \u00a1Reg\u00edstrate y obt\u00e9n una apuesta gratuita de S\/500! Haz tu apuesta en Inkabet para Per\u00fa vs Australia Per\u00fa vs Australia definir\u00e1 qui\u00e9n de los dos seleccionados se mete en el Mundial de Qatar y t\u00fa puedes apostar&hellip;","_links":{"self":[{"href":"https:\/\/apuestasfree.com\/pe\/wp-json\/wp\/v2\/pages\/820663","targetHints":{"allow":["GET"]}}],"collection":[{"href":"https:\/\/apuestasfree.com\/pe\/wp-json\/wp\/v2\/pages"}],"about":[{"href":"https:\/\/apuestasfree.com\/pe\/wp-json\/wp\/v2\/types\/page"}],"author":[{"embeddable":true,"href":"https:\/\/apuestasfree.com\/pe\/wp-json\/wp\/v2\/users\/33563"}],"replies":[{"embeddable":true,"href":"https:\/\/apuestasfree.com\/pe\/wp-json\/wp\/v2\/comments?post=820663"}],"version-history":[{"count":2,"href":"https:\/\/apuestasfree.com\/pe\/wp-json\/wp\/v2\/pages\/820663\/revisions"}],"predecessor-version":[{"id":2146905,"href":"https:\/\/apuestasfree.com\/pe\/wp-json\/wp\/v2\/pages\/820663\/revisions\/2146905"}],"wp:attachment":[{"href":"https:\/\/apuestasfree.com\/pe\/wp-json\/wp\/v2\/media?parent=820663"}],"curies":[{"name":"wp","href":"https:\/\/api.w.org\/{rel}","templated":true}]}}