{"id":724404,"date":"2022-03-28T17:12:37","date_gmt":"2022-03-28T15:12:37","guid":{"rendered":"https:\/\/apuestasfree.com\/?p=724404"},"modified":"2026-02-16T15:32:12","modified_gmt":"2026-02-16T14:32:12","slug":"inkabet-peru-vs-paraguay","status":"publish","type":"page","link":"https:\/\/apuestasfree.com\/pe\/inkabet-peru-vs-paraguay\/","title":{"rendered":"Inkabet Per\u00fa vs Paraguay \u00a1Apuesta por tu selecci\u00f3n!"},"content":{"rendered":"\n<p><strong>Realiza tu apuesta en Inkabet para el duelo Per\u00fa vs Paraguay <\/strong>por Eliminatorias Sudamericanas. <a href=\"https:\/\/recor.to\/inkabet\" rel=\"nofollow noopener sponsored\">\u00a1Reg\u00edstrate ahora y gana una apuesta gratuita de S\/500!<\/a><\/p>\n\n\n\n<figure class=\"wp-block-image size-full\"><a href=\"https:\/\/recor.to\/inkabet \" rel=\"nofollow noopener sponsored\"><img fetchpriority=\"high\" decoding=\"async\" width=\"980\" height=\"653\" src=\"https:\/\/apuestasfree.com\/wp-content\/uploads\/2022\/03\/inkabet-peru-vs-paraguay.jpeg\" alt=\"inkabet per\u00fa vs paraguay\" class=\"wp-image-724409\" srcset=\"https:\/\/apuestasfree.com\/wp-content\/uploads\/2022\/03\/inkabet-peru-vs-paraguay.jpeg 980w, https:\/\/apuestasfree.com\/wp-content\/uploads\/2022\/03\/inkabet-peru-vs-paraguay-300x200.jpeg 300w, https:\/\/apuestasfree.com\/wp-content\/uploads\/2022\/03\/inkabet-peru-vs-paraguay-768x512.jpeg 768w\" sizes=\"(max-width: 980px) 100vw, 980px\" \/><\/a><\/figure>\n\n\n\n<h2 class=\"wp-block-heading\" id=\"h-realiza-tu-apuesta-en-inkabet-para-el-partido-per-vs-paraguay\">Realiza tu apuesta en Inkabet para el partido Per\u00fa vs Paraguay <\/h2>\n\n\n\n<p>Se viene un partido a todo o nada. <strong>La selecci\u00f3n liderada por Ricardo Gareca se juega sus chances de pelear por un lugar en el Mundial de Qatar y t\u00fa podr\u00e1s acompa\u00f1arla. \u00bfC\u00f3mo? apostando en Inkabet para el duelo Per\u00fa vs Paraguay<\/strong>, correspondiente a la \u00faltima fecha de las Eliminatorias. Adem\u00e1s, todav\u00eda est\u00e1s a tiempo de registrarte y obtener una apuesta gratuita de S\/500. <a href=\"https:\/\/recor.to\/inkabet\" rel=\"nofollow noopener sponsored\">\u00a1\u00danete y apoya a tu pa\u00eds!<\/a><\/p>\n\n\n\n<p><strong>El encuentro se llevar\u00e1 a cabo el martes 29 de marzo en el Estadio Nacional de Lima, a partir de las 18.30 hora local<\/strong>. Per\u00fa viene de perder en su visita a Uruguay y marcha en la quinta posici\u00f3n con 21 puntos, uno m\u00e1s que Colombia y dos m\u00e1s que Chile. <strong>Por lo tanto, un triunfo le asegura el puesto de repechaje<\/strong>. <\/p>\n\n\n\n<p>Su rival de turno, Paraguay, no se juega nada porque ya no tiene chances de clasificar al Mundial de Qatar. Sin embargo, intentar\u00e1 dar lo mejor de s\u00ed y <strong>llega con la confianza en alza tras el 3-1 que le propin\u00f3 a Ecuador en la fecha pasada<\/strong>. <\/p>\n\n\n\n<h2 class=\"wp-block-heading\" id=\"h-bono-de-bienvenida-inkabet-obt-n-una-apuesta-gratuita-de-s-10-para-deportes\"><strong>Bono de bienvenida Inkabet: \u00a1Obt\u00e9n una apuesta gratuita de S\/500 para deportes!<\/strong><\/h2>\n\n\n\n<p>Inkabet te ofrece una oferta de bienvenida para apuestas deportivas.\u00a0<strong>La misma consiste en una apuesta gratuita de S\/500 para usar en la disciplina que prefieras<\/strong>. \u00bfQu\u00e9 debes hacer para obtenerla? Tan solo registrarte en la plataforma de la casa y calificar con un primer dep\u00f3sito, no menor a los S\/20. Por si te interesa y quieres sacarte alguna duda,\u00a0<strong>te recomendamos el siguiente art\u00edculo sobre el\u00a0<\/strong><a href=\"https:\/\/apuestasfree.com\/pe\/inkabet-bono-apuestas-deportivas\/\"><strong>bono para apuestas deportivas de Inkabet<\/strong><\/a>.<a href=\"https:\/\/recor.to\/inkabet\" rel=\"nofollow noopener sponsored\"><\/a><\/p>\n\n\n\n<div class=\"wp-block-buttons is-layout-flex wp-block-buttons-is-layout-flex\">\n<div class=\"wp-block-button aligncenter\"><a class=\"wp-block-button__link wp-element-button\" href=\"https:\/\/recor.to\/inkabet \" rel=\"nofollow noopener sponsored\"><strong>\u00a1RECIBE UNA APUESTA GRATUITA DE S\/500!<\/strong><\/a><\/div>\n<\/div>\n\n\n\n<h3 class=\"wp-block-heading\" id=\"h-t-rminos-y-condiciones-generales\"><strong>T\u00e9rminos y condiciones generales<\/strong><\/h3>\n\n\n\n<ul class=\"wp-block-list\">\n<li>Como imaginar\u00e1s, la apuesta gratuita&nbsp;<strong>s\u00f3lo puede utilizarse en apuestas deportivas<\/strong>.<\/li>\n\n\n\n<li><strong>Rollover<\/strong>: tienes que\u00a0<strong>jugar 5 veces el valor de la apuesta<\/strong>\u00a0con cuotas iguales o mayores a 1.9.<\/li>\n\n\n\n<li><strong>El bono expira en 14 d\u00edas<\/strong>\u00a0y en dicho lapso debes completar el rollover.<\/li>\n\n\n\n<li>El\u00a0<strong>l\u00edmite de ganancias<\/strong>\u00a0es de 10.000 soles peruanos.<\/li>\n<\/ul>\n","protected":false},"excerpt":{"rendered":"<p>Realiza tu apuesta en Inkabet para el duelo Per\u00fa vs Paraguay por Eliminatorias Sudamericanas. \u00a1Reg\u00edstrate ahora y gana una apuesta gratuita de S\/500! Realiza tu apuesta en Inkabet para el partido Per\u00fa vs Paraguay Se viene un partido a todo o nada. La selecci\u00f3n liderada por Ricardo Gareca se juega sus chances de pelear por &#8230; <a title=\"Inkabet Per\u00fa vs Paraguay \u00a1Apuesta por tu selecci\u00f3n!\" class=\"read-more\" href=\"https:\/\/apuestasfree.com\/pe\/inkabet-peru-vs-paraguay\/\" aria-label=\"Read more about Inkabet Per\u00fa vs Paraguay \u00a1Apuesta por tu selecci\u00f3n!\">Read more<\/a><\/p>\n","protected":false},"author":33563,"featured_media":0,"parent":0,"menu_order":0,"comment_status":"closed","ping_status":"closed","template":"","meta":{"_uag_custom_page_level_css":"","footnotes":""},"class_list":["post-724404","page","type-page","status-publish"],"yoast_head":"<!-- This site is optimized with the Yoast SEO Premium plugin v27.1 (Yoast SEO v27.4) - https:\/\/yoast.com\/product\/yoast-seo-premium-wordpress\/ -->\n<title>Inkabet Per\u00fa vs Paraguay \u00a1Apuesta por tu selecci\u00f3n!<\/title>\n<meta name=\"description\" content=\"\u25b7 Realiza tu apuesta en Inkabet para el duelo Per\u00fa vs Paraguay \u2714\ufe0f Reg\u00edstrate ahora y gana una apuesta gratuita de S\/500 \u2714\ufe0f Exclusivo Per\u00fa.\" \/>\n<meta name=\"robots\" content=\"index, follow, max-snippet:-1, max-image-preview:large, max-video-preview:-1\" \/>\n<link rel=\"canonical\" href=\"https:\/\/apuestasfree.com\/pe\/inkabet-peru-vs-paraguay\/\" \/>\n<meta property=\"og:locale\" content=\"es_ES\" \/>\n<meta property=\"og:type\" content=\"article\" \/>\n<meta property=\"og:title\" content=\"Inkabet Per\u00fa vs Paraguay \u00a1Apuesta por tu selecci\u00f3n!\" \/>\n<meta property=\"og:description\" content=\"\u25b7 Realiza tu apuesta en Inkabet para el duelo Per\u00fa vs Paraguay \u2714\ufe0f Reg\u00edstrate ahora y gana una apuesta gratuita de S\/500 \u2714\ufe0f Exclusivo Per\u00fa.\" \/>\n<meta property=\"og:url\" content=\"https:\/\/apuestasfree.com\/pe\/inkabet-peru-vs-paraguay\/\" \/>\n<meta property=\"og:site_name\" content=\"ApuestasFree\" \/>\n<meta property=\"article:modified_time\" content=\"2026-02-16T14:32:12+00:00\" \/>\n<meta property=\"og:image\" content=\"https:\/\/apuestasfree.com\/wp-content\/uploads\/2022\/03\/inkabet-peru-vs-paraguay.jpeg\" \/>\n\t<meta property=\"og:image:width\" content=\"980\" \/>\n\t<meta property=\"og:image:height\" content=\"653\" \/>\n\t<meta property=\"og:image:type\" content=\"image\/jpeg\" \/>\n<meta name=\"twitter:card\" content=\"summary_large_image\" \/>\n<meta name=\"twitter:label1\" content=\"Est. reading time\" \/>\n\t<meta name=\"twitter:data1\" content=\"2 minutos\" \/>\n<script type=\"application\/ld+json\" class=\"yoast-schema-graph\">{\"@context\":\"https:\\\/\\\/schema.org\",\"@graph\":[{\"@type\":\"WebPage\",\"@id\":\"https:\\\/\\\/apuestasfree.com\\\/pe\\\/inkabet-peru-vs-paraguay\\\/\",\"url\":\"https:\\\/\\\/apuestasfree.com\\\/pe\\\/inkabet-peru-vs-paraguay\\\/\",\"name\":\"Inkabet Per\u00fa vs Paraguay \u00a1Apuesta por tu selecci\u00f3n!\",\"isPartOf\":{\"@id\":\"https:\\\/\\\/apuestasfree.com\\\/pe\\\/#website\"},\"primaryImageOfPage\":{\"@id\":\"https:\\\/\\\/apuestasfree.com\\\/pe\\\/inkabet-peru-vs-paraguay\\\/#primaryimage\"},\"image\":{\"@id\":\"https:\\\/\\\/apuestasfree.com\\\/pe\\\/inkabet-peru-vs-paraguay\\\/#primaryimage\"},\"thumbnailUrl\":\"https:\\\/\\\/apuestasfree.com\\\/wp-content\\\/uploads\\\/2022\\\/03\\\/inkabet-peru-vs-paraguay.jpeg\",\"datePublished\":\"2022-03-28T15:12:37+00:00\",\"dateModified\":\"2026-02-16T14:32:12+00:00\",\"description\":\"\u25b7 Realiza tu apuesta en Inkabet para el duelo Per\u00fa vs Paraguay \u2714\ufe0f Reg\u00edstrate ahora y gana una apuesta gratuita de S\\\/500 \u2714\ufe0f Exclusivo Per\u00fa.\",\"breadcrumb\":{\"@id\":\"https:\\\/\\\/apuestasfree.com\\\/pe\\\/inkabet-peru-vs-paraguay\\\/#breadcrumb\"},\"inLanguage\":\"es-PE\",\"potentialAction\":[{\"@type\":\"ReadAction\",\"target\":[\"https:\\\/\\\/apuestasfree.com\\\/pe\\\/inkabet-peru-vs-paraguay\\\/\"]}]},{\"@type\":\"ImageObject\",\"inLanguage\":\"es-PE\",\"@id\":\"https:\\\/\\\/apuestasfree.com\\\/pe\\\/inkabet-peru-vs-paraguay\\\/#primaryimage\",\"url\":\"https:\\\/\\\/apuestasfree.com\\\/wp-content\\\/uploads\\\/2022\\\/03\\\/inkabet-peru-vs-paraguay.jpeg\",\"contentUrl\":\"https:\\\/\\\/apuestasfree.com\\\/wp-content\\\/uploads\\\/2022\\\/03\\\/inkabet-peru-vs-paraguay.jpeg\"},{\"@type\":\"BreadcrumbList\",\"@id\":\"https:\\\/\\\/apuestasfree.com\\\/pe\\\/inkabet-peru-vs-paraguay\\\/#breadcrumb\",\"itemListElement\":[{\"@type\":\"ListItem\",\"position\":1,\"name\":\"Inicio\",\"item\":\"https:\\\/\\\/apuestasfree.com\\\/pe\\\/\"},{\"@type\":\"ListItem\",\"position\":2,\"name\":\"Inkabet Per\u00fa vs Paraguay \u00a1Apuesta por tu selecci\u00f3n!\"}]},{\"@type\":\"WebSite\",\"@id\":\"https:\\\/\\\/apuestasfree.com\\\/pe\\\/#website\",\"url\":\"https:\\\/\\\/apuestasfree.com\\\/pe\\\/\",\"name\":\"ApuestasFree\",\"description\":\"\",\"publisher\":{\"@id\":\"https:\\\/\\\/apuestasfree.com\\\/pe\\\/#organization\"},\"potentialAction\":[{\"@type\":\"SearchAction\",\"target\":{\"@type\":\"EntryPoint\",\"urlTemplate\":\"https:\\\/\\\/apuestasfree.com\\\/pe\\\/?s={search_term_string}\"},\"query-input\":{\"@type\":\"PropertyValueSpecification\",\"valueRequired\":true,\"valueName\":\"search_term_string\"}}],\"inLanguage\":\"es-PE\"},{\"@type\":\"Organization\",\"@id\":\"https:\\\/\\\/apuestasfree.com\\\/pe\\\/#organization\",\"name\":\"ApuestasFree\",\"url\":\"https:\\\/\\\/apuestasfree.com\\\/pe\\\/\",\"logo\":{\"@type\":\"ImageObject\",\"inLanguage\":\"es-PE\",\"@id\":\"https:\\\/\\\/apuestasfree.com\\\/pe\\\/#\\\/schema\\\/logo\\\/image\\\/\",\"url\":\"https:\\\/\\\/apuestasfree.com\\\/wp-content\\\/uploads\\\/2019\\\/06\\\/afree_logo.png\",\"contentUrl\":\"https:\\\/\\\/apuestasfree.com\\\/wp-content\\\/uploads\\\/2019\\\/06\\\/afree_logo.png\",\"width\":106,\"height\":50,\"caption\":\"ApuestasFree\"},\"image\":{\"@id\":\"https:\\\/\\\/apuestasfree.com\\\/pe\\\/#\\\/schema\\\/logo\\\/image\\\/\"}}]}<\/script>\n<!-- \/ Yoast SEO Premium plugin. -->","yoast_head_json":{"title":"Inkabet Per\u00fa vs Paraguay \u00a1Apuesta por tu selecci\u00f3n!","description":"\u25b7 Realiza tu apuesta en Inkabet para el duelo Per\u00fa vs Paraguay \u2714\ufe0f Reg\u00edstrate ahora y gana una apuesta gratuita de S\/500 \u2714\ufe0f Exclusivo Per\u00fa.","robots":{"index":"index","follow":"follow","max-snippet":"max-snippet:-1","max-image-preview":"max-image-preview:large","max-video-preview":"max-video-preview:-1"},"canonical":"https:\/\/apuestasfree.com\/pe\/inkabet-peru-vs-paraguay\/","og_locale":"es_ES","og_type":"article","og_title":"Inkabet Per\u00fa vs Paraguay \u00a1Apuesta por tu selecci\u00f3n!","og_description":"\u25b7 Realiza tu apuesta en Inkabet para el duelo Per\u00fa vs Paraguay \u2714\ufe0f Reg\u00edstrate ahora y gana una apuesta gratuita de S\/500 \u2714\ufe0f Exclusivo Per\u00fa.","og_url":"https:\/\/apuestasfree.com\/pe\/inkabet-peru-vs-paraguay\/","og_site_name":"ApuestasFree","article_modified_time":"2026-02-16T14:32:12+00:00","og_image":[{"width":980,"height":653,"url":"https:\/\/apuestasfree.com\/wp-content\/uploads\/2022\/03\/inkabet-peru-vs-paraguay.jpeg","type":"image\/jpeg"}],"twitter_card":"summary_large_image","twitter_misc":{"Est. reading time":"2 minutos"},"schema":{"@context":"https:\/\/schema.org","@graph":[{"@type":"WebPage","@id":"https:\/\/apuestasfree.com\/pe\/inkabet-peru-vs-paraguay\/","url":"https:\/\/apuestasfree.com\/pe\/inkabet-peru-vs-paraguay\/","name":"Inkabet Per\u00fa vs Paraguay \u00a1Apuesta por tu selecci\u00f3n!","isPartOf":{"@id":"https:\/\/apuestasfree.com\/pe\/#website"},"primaryImageOfPage":{"@id":"https:\/\/apuestasfree.com\/pe\/inkabet-peru-vs-paraguay\/#primaryimage"},"image":{"@id":"https:\/\/apuestasfree.com\/pe\/inkabet-peru-vs-paraguay\/#primaryimage"},"thumbnailUrl":"https:\/\/apuestasfree.com\/wp-content\/uploads\/2022\/03\/inkabet-peru-vs-paraguay.jpeg","datePublished":"2022-03-28T15:12:37+00:00","dateModified":"2026-02-16T14:32:12+00:00","description":"\u25b7 Realiza tu apuesta en Inkabet para el duelo Per\u00fa vs Paraguay \u2714\ufe0f Reg\u00edstrate ahora y gana una apuesta gratuita de S\/500 \u2714\ufe0f Exclusivo Per\u00fa.","breadcrumb":{"@id":"https:\/\/apuestasfree.com\/pe\/inkabet-peru-vs-paraguay\/#breadcrumb"},"inLanguage":"es-PE","potentialAction":[{"@type":"ReadAction","target":["https:\/\/apuestasfree.com\/pe\/inkabet-peru-vs-paraguay\/"]}]},{"@type":"ImageObject","inLanguage":"es-PE","@id":"https:\/\/apuestasfree.com\/pe\/inkabet-peru-vs-paraguay\/#primaryimage","url":"https:\/\/apuestasfree.com\/wp-content\/uploads\/2022\/03\/inkabet-peru-vs-paraguay.jpeg","contentUrl":"https:\/\/apuestasfree.com\/wp-content\/uploads\/2022\/03\/inkabet-peru-vs-paraguay.jpeg"},{"@type":"BreadcrumbList","@id":"https:\/\/apuestasfree.com\/pe\/inkabet-peru-vs-paraguay\/#breadcrumb","itemListElement":[{"@type":"ListItem","position":1,"name":"Inicio","item":"https:\/\/apuestasfree.com\/pe\/"},{"@type":"ListItem","position":2,"name":"Inkabet Per\u00fa vs Paraguay \u00a1Apuesta por tu selecci\u00f3n!"}]},{"@type":"WebSite","@id":"https:\/\/apuestasfree.com\/pe\/#website","url":"https:\/\/apuestasfree.com\/pe\/","name":"ApuestasFree","description":"","publisher":{"@id":"https:\/\/apuestasfree.com\/pe\/#organization"},"potentialAction":[{"@type":"SearchAction","target":{"@type":"EntryPoint","urlTemplate":"https:\/\/apuestasfree.com\/pe\/?s={search_term_string}"},"query-input":{"@type":"PropertyValueSpecification","valueRequired":true,"valueName":"search_term_string"}}],"inLanguage":"es-PE"},{"@type":"Organization","@id":"https:\/\/apuestasfree.com\/pe\/#organization","name":"ApuestasFree","url":"https:\/\/apuestasfree.com\/pe\/","logo":{"@type":"ImageObject","inLanguage":"es-PE","@id":"https:\/\/apuestasfree.com\/pe\/#\/schema\/logo\/image\/","url":"https:\/\/apuestasfree.com\/wp-content\/uploads\/2019\/06\/afree_logo.png","contentUrl":"https:\/\/apuestasfree.com\/wp-content\/uploads\/2019\/06\/afree_logo.png","width":106,"height":50,"caption":"ApuestasFree"},"image":{"@id":"https:\/\/apuestasfree.com\/pe\/#\/schema\/logo\/image\/"}}]}},"uagb_featured_image_src":{"full":false,"thumbnail":false,"medium":false,"medium_large":false,"large":false,"1536x1536":false,"2048x2048":false},"uagb_author_info":{"display_name":"Rodrigo Marquez","author_link":"https:\/\/apuestasfree.com\/pe\/author\/rodrigo-marquez\/"},"uagb_comment_info":0,"uagb_excerpt":"Realiza tu apuesta en Inkabet para el duelo Per\u00fa vs Paraguay por Eliminatorias Sudamericanas. \u00a1Reg\u00edstrate ahora y gana una apuesta gratuita de S\/500! Realiza tu apuesta en Inkabet para el partido Per\u00fa vs Paraguay Se viene un partido a todo o nada. La selecci\u00f3n liderada por Ricardo Gareca se juega sus chances de pelear por&hellip;","_links":{"self":[{"href":"https:\/\/apuestasfree.com\/pe\/wp-json\/wp\/v2\/pages\/724404","targetHints":{"allow":["GET"]}}],"collection":[{"href":"https:\/\/apuestasfree.com\/pe\/wp-json\/wp\/v2\/pages"}],"about":[{"href":"https:\/\/apuestasfree.com\/pe\/wp-json\/wp\/v2\/types\/page"}],"author":[{"embeddable":true,"href":"https:\/\/apuestasfree.com\/pe\/wp-json\/wp\/v2\/users\/33563"}],"replies":[{"embeddable":true,"href":"https:\/\/apuestasfree.com\/pe\/wp-json\/wp\/v2\/comments?post=724404"}],"version-history":[{"count":2,"href":"https:\/\/apuestasfree.com\/pe\/wp-json\/wp\/v2\/pages\/724404\/revisions"}],"predecessor-version":[{"id":2146906,"href":"https:\/\/apuestasfree.com\/pe\/wp-json\/wp\/v2\/pages\/724404\/revisions\/2146906"}],"wp:attachment":[{"href":"https:\/\/apuestasfree.com\/pe\/wp-json\/wp\/v2\/media?parent=724404"}],"curies":[{"name":"wp","href":"https:\/\/api.w.org\/{rel}","templated":true}]}}