{"id":566748,"date":"2021-10-15T17:10:30","date_gmt":"2021-10-15T15:10:30","guid":{"rendered":"https:\/\/apuestasfree.com\/?p=566748"},"modified":"2022-11-22T13:46:31","modified_gmt":"2022-11-22T12:46:31","slug":"inkabet-balon-de-oro","status":"publish","type":"page","link":"https:\/\/apuestasfree.com\/pe\/inkabet-balon-de-oro\/","title":{"rendered":"Inkabet Bal\u00f3n de oro | Realiza una apuesta para el ganador"},"content":{"rendered":"\n<p><strong>\u00a1Bienvenido a un nuevo post dentro de ApuestasFree! Hoy te traemos una gran oportunidad de apostar dentro de Inkabet para el ganador del bal\u00f3n de oro.<\/strong> Sabemos que a\u00fan falta tiempo para la realizaci\u00f3n de esta ceremonia, pero sin dudas que debes estar ansioso. Ya existen 30 nombres en la lista con probabilidades de poder ganarlo. T\u00fa podr\u00e1s elegir por cu\u00e1l apostar y quien se llevara ese premio tan prestigioso del futbol. Te contaremos como es que puedes apostar dentro de Inkabet. Cliquea <a href=\"https:\/\/recor.to\/inkabet\" rel=\"nofollow noopener sponsored\">aqu\u00ed<\/a> ahora mismo para poder dirigirte hacia su p\u00e1gina y descubrir el sportsbook de esta empresa.<\/p>\n<p><strong>Tambi\u00e9n te dejamos aqu\u00ed, <a href=\"https:\/\/apuestasfree.com\/pe\/inkabet-como-retirar-dinero\/\">un post<\/a> en donde podr\u00e1s descubrir de que manera poder retirar tu dinero y tus ganancias en Inkabet.<\/strong> Es algo muy sencillo de hacer y te resultara algo sumamente beneficioso. Ahora s\u00ed, vamos con la informaci\u00f3n del bal\u00f3n de oro dentro de Inkabet.<\/p>\n\n\n\n<figure class=\"wp-block-image size-full is-resized\"><a href=\"https:\/\/recor.to\/inkabet\" rel=\"nofollow noopener sponsored\"><img fetchpriority=\"high\" decoding=\"async\" src=\"https:\/\/apuestasfree.com\/wp-content\/uploads\/2021\/10\/inkabet-balon-de-oro.png\" alt=\"inkabet apuesta balon de oro\" class=\"wp-image-566750\" width=\"831\" height=\"483\" srcset=\"https:\/\/apuestasfree.com\/wp-content\/uploads\/2021\/10\/inkabet-balon-de-oro.png 620w, https:\/\/apuestasfree.com\/wp-content\/uploads\/2021\/10\/inkabet-balon-de-oro-300x174.png 300w\" sizes=\"(max-width: 831px) 100vw, 831px\" \/><\/a><\/figure>\n\n\n\n<h2 class=\"wp-block-heading\" id=\"h-descubre-la-mejor-apuesta-para-el-bal-n-de-oro-dentro-de-inkabet\"><strong>Descubre la mejor apuesta para el bal\u00f3n de oro dentro de Inkabet<\/strong><\/h2>\n\n\n\n<p><strong>Te mostraremos cu\u00e1les son las mejores cuotas para apostar por el ganador de este tan esperado premio en el mundo del futbol. Puedes encontrarte con los jugadores de la 30 lista que ya fueron escogidos. T\u00fa podr\u00e1s elegir el que quieras y el que para ti tenga m\u00e1s chances de ganar.<\/strong> Te recomendamos que leas atentamente y te fijes todo lo que hay dentro de Inkabet. Es una de las mejores casas. A continuaci\u00f3n te dejaremos una imagen en donde podr\u00e1s observar todas las cuotas disponibles para la n\u00f3mina del bal\u00f3n de oro dentro de Inkabet.<\/p>\n\n\n\n<figure class=\"wp-block-image size-large\"><a href=\"https:\/\/recor.to\/inkabet\" rel=\"nofollow noopener sponsored\"><img decoding=\"async\" width=\"1024\" height=\"238\" src=\"https:\/\/apuestasfree.com\/wp-content\/uploads\/2021\/10\/inkabet-apuesta-balon-de-oro-1024x238.png\" alt=\"inkabet balon de oro\" class=\"wp-image-566773\" srcset=\"https:\/\/apuestasfree.com\/wp-content\/uploads\/2021\/10\/inkabet-apuesta-balon-de-oro-1024x238.png 1024w, https:\/\/apuestasfree.com\/wp-content\/uploads\/2021\/10\/inkabet-apuesta-balon-de-oro-300x70.png 300w, https:\/\/apuestasfree.com\/wp-content\/uploads\/2021\/10\/inkabet-apuesta-balon-de-oro-768x178.png 768w, https:\/\/apuestasfree.com\/wp-content\/uploads\/2021\/10\/inkabet-apuesta-balon-de-oro.png 1326w\" sizes=\"(max-width: 1024px) 100vw, 1024px\" \/><\/a><\/figure>\n\n\n\n<p>Estas son las mejores cuotas disponibles para apostar dentro de Inkabet. Esperamos que esto te sirva y que puedas realizar tu apuesta de la mejor forma. <strong>Tambi\u00e9n te dejamos aqu\u00ed, <a href=\"https:\/\/apuestasfree.com\/pe\/inkabet-bono-apuestas-deportivas\/\">un post<\/a> de nuestra autor\u00eda en donde podr\u00e1s descubrir un bono de apuestas deportivas muy destacable en Inkabet.<\/strong><\/p>\n","protected":false},"excerpt":{"rendered":"<p>\u00a1Bienvenido a un nuevo post dentro de ApuestasFree! Hoy te traemos una gran oportunidad de apostar dentro de Inkabet para el ganador del bal\u00f3n de oro. Sabemos que a\u00fan falta tiempo para la realizaci\u00f3n de esta ceremonia, pero sin dudas que debes estar ansioso. Ya existen 30 nombres en la lista con probabilidades de poder &#8230; <a title=\"Inkabet Bal\u00f3n de oro | Realiza una apuesta para el ganador\" class=\"read-more\" href=\"https:\/\/apuestasfree.com\/pe\/inkabet-balon-de-oro\/\" aria-label=\"Read more about Inkabet Bal\u00f3n de oro | Realiza una apuesta para el ganador\">Read more<\/a><\/p>\n","protected":false},"author":33148,"featured_media":0,"parent":0,"menu_order":0,"comment_status":"closed","ping_status":"closed","template":"","meta":{"_uag_custom_page_level_css":"","footnotes":""},"class_list":["post-566748","page","type-page","status-publish"],"yoast_head":"<!-- This site is optimized with the Yoast SEO Premium plugin v27.1 (Yoast SEO v27.5) - https:\/\/yoast.com\/product\/yoast-seo-premium-wordpress\/ -->\n<title>Inkabet Bal\u00f3n de oro | Realiza una apuesta para el ganador -<\/title>\n<meta name=\"description\" content=\"\u25b7 Apuesta por el ganador del balon de oro dentro de Inkabet \u2714\ufe0f Selecciona a tu jugador favorito del mundo \u2714\ufe0f Exclusivo usuarios de Per\u00fa\" \/>\n<meta name=\"robots\" content=\"index, follow, max-snippet:-1, max-image-preview:large, max-video-preview:-1\" \/>\n<link rel=\"canonical\" href=\"https:\/\/apuestasfree.com\/pe\/inkabet-balon-de-oro\/\" \/>\n<meta property=\"og:locale\" content=\"es_ES\" \/>\n<meta property=\"og:type\" content=\"article\" \/>\n<meta property=\"og:title\" content=\"Inkabet Bal\u00f3n de oro | Realiza una apuesta para el ganador\" \/>\n<meta property=\"og:description\" content=\"\u25b7 Apuesta por el ganador del balon de oro dentro de Inkabet \u2714\ufe0f Selecciona a tu jugador favorito del mundo \u2714\ufe0f Exclusivo usuarios de Per\u00fa\" \/>\n<meta property=\"og:url\" content=\"https:\/\/apuestasfree.com\/pe\/inkabet-balon-de-oro\/\" \/>\n<meta property=\"og:site_name\" content=\"ApuestasFree\" \/>\n<meta property=\"article:modified_time\" content=\"2022-11-22T12:46:31+00:00\" \/>\n<meta property=\"og:image\" content=\"https:\/\/apuestasfree.com\/wp-content\/uploads\/2021\/10\/inkabet-balon-de-oro.png\" \/>\n<meta name=\"twitter:card\" content=\"summary_large_image\" \/>\n<meta name=\"twitter:label1\" content=\"Est. reading time\" \/>\n\t<meta name=\"twitter:data1\" content=\"2 minutos\" \/>\n<script type=\"application\/ld+json\" class=\"yoast-schema-graph\">{\"@context\":\"https:\\\/\\\/schema.org\",\"@graph\":[{\"@type\":\"WebPage\",\"@id\":\"https:\\\/\\\/apuestasfree.com\\\/pe\\\/inkabet-balon-de-oro\\\/\",\"url\":\"https:\\\/\\\/apuestasfree.com\\\/pe\\\/inkabet-balon-de-oro\\\/\",\"name\":\"Inkabet Bal\u00f3n de oro | Realiza una apuesta para el ganador -\",\"isPartOf\":{\"@id\":\"https:\\\/\\\/apuestasfree.com\\\/pe\\\/#website\"},\"primaryImageOfPage\":{\"@id\":\"https:\\\/\\\/apuestasfree.com\\\/pe\\\/inkabet-balon-de-oro\\\/#primaryimage\"},\"image\":{\"@id\":\"https:\\\/\\\/apuestasfree.com\\\/pe\\\/inkabet-balon-de-oro\\\/#primaryimage\"},\"thumbnailUrl\":\"https:\\\/\\\/apuestasfree.com\\\/wp-content\\\/uploads\\\/2021\\\/10\\\/inkabet-balon-de-oro.png\",\"datePublished\":\"2021-10-15T15:10:30+00:00\",\"dateModified\":\"2022-11-22T12:46:31+00:00\",\"description\":\"\u25b7 Apuesta por el ganador del balon de oro dentro de Inkabet \u2714\ufe0f Selecciona a tu jugador favorito del mundo \u2714\ufe0f Exclusivo usuarios de Per\u00fa\",\"breadcrumb\":{\"@id\":\"https:\\\/\\\/apuestasfree.com\\\/pe\\\/inkabet-balon-de-oro\\\/#breadcrumb\"},\"inLanguage\":\"es-PE\",\"potentialAction\":[{\"@type\":\"ReadAction\",\"target\":[\"https:\\\/\\\/apuestasfree.com\\\/pe\\\/inkabet-balon-de-oro\\\/\"]}]},{\"@type\":\"ImageObject\",\"inLanguage\":\"es-PE\",\"@id\":\"https:\\\/\\\/apuestasfree.com\\\/pe\\\/inkabet-balon-de-oro\\\/#primaryimage\",\"url\":\"https:\\\/\\\/apuestasfree.com\\\/wp-content\\\/uploads\\\/2021\\\/10\\\/inkabet-balon-de-oro.png\",\"contentUrl\":\"https:\\\/\\\/apuestasfree.com\\\/wp-content\\\/uploads\\\/2021\\\/10\\\/inkabet-balon-de-oro.png\"},{\"@type\":\"BreadcrumbList\",\"@id\":\"https:\\\/\\\/apuestasfree.com\\\/pe\\\/inkabet-balon-de-oro\\\/#breadcrumb\",\"itemListElement\":[{\"@type\":\"ListItem\",\"position\":1,\"name\":\"Inicio\",\"item\":\"https:\\\/\\\/apuestasfree.com\\\/pe\\\/\"},{\"@type\":\"ListItem\",\"position\":2,\"name\":\"Inkabet Bal\u00f3n de oro | Realiza una apuesta para el ganador\"}]},{\"@type\":\"WebSite\",\"@id\":\"https:\\\/\\\/apuestasfree.com\\\/pe\\\/#website\",\"url\":\"https:\\\/\\\/apuestasfree.com\\\/pe\\\/\",\"name\":\"ApuestasFree\",\"description\":\"\",\"publisher\":{\"@id\":\"https:\\\/\\\/apuestasfree.com\\\/pe\\\/#organization\"},\"potentialAction\":[{\"@type\":\"SearchAction\",\"target\":{\"@type\":\"EntryPoint\",\"urlTemplate\":\"https:\\\/\\\/apuestasfree.com\\\/pe\\\/?s={search_term_string}\"},\"query-input\":{\"@type\":\"PropertyValueSpecification\",\"valueRequired\":true,\"valueName\":\"search_term_string\"}}],\"inLanguage\":\"es-PE\"},{\"@type\":\"Organization\",\"@id\":\"https:\\\/\\\/apuestasfree.com\\\/pe\\\/#organization\",\"name\":\"ApuestasFree\",\"url\":\"https:\\\/\\\/apuestasfree.com\\\/pe\\\/\",\"logo\":{\"@type\":\"ImageObject\",\"inLanguage\":\"es-PE\",\"@id\":\"https:\\\/\\\/apuestasfree.com\\\/pe\\\/#\\\/schema\\\/logo\\\/image\\\/\",\"url\":\"https:\\\/\\\/apuestasfree.com\\\/wp-content\\\/uploads\\\/2019\\\/06\\\/afree_logo.png\",\"contentUrl\":\"https:\\\/\\\/apuestasfree.com\\\/wp-content\\\/uploads\\\/2019\\\/06\\\/afree_logo.png\",\"width\":106,\"height\":50,\"caption\":\"ApuestasFree\"},\"image\":{\"@id\":\"https:\\\/\\\/apuestasfree.com\\\/pe\\\/#\\\/schema\\\/logo\\\/image\\\/\"}}]}<\/script>\n<!-- \/ Yoast SEO Premium plugin. -->","yoast_head_json":{"title":"Inkabet Bal\u00f3n de oro | Realiza una apuesta para el ganador -","description":"\u25b7 Apuesta por el ganador del balon de oro dentro de Inkabet \u2714\ufe0f Selecciona a tu jugador favorito del mundo \u2714\ufe0f Exclusivo usuarios de Per\u00fa","robots":{"index":"index","follow":"follow","max-snippet":"max-snippet:-1","max-image-preview":"max-image-preview:large","max-video-preview":"max-video-preview:-1"},"canonical":"https:\/\/apuestasfree.com\/pe\/inkabet-balon-de-oro\/","og_locale":"es_ES","og_type":"article","og_title":"Inkabet Bal\u00f3n de oro | Realiza una apuesta para el ganador","og_description":"\u25b7 Apuesta por el ganador del balon de oro dentro de Inkabet \u2714\ufe0f Selecciona a tu jugador favorito del mundo \u2714\ufe0f Exclusivo usuarios de Per\u00fa","og_url":"https:\/\/apuestasfree.com\/pe\/inkabet-balon-de-oro\/","og_site_name":"ApuestasFree","article_modified_time":"2022-11-22T12:46:31+00:00","og_image":[{"url":"https:\/\/apuestasfree.com\/wp-content\/uploads\/2021\/10\/inkabet-balon-de-oro.png","type":"","width":"","height":""}],"twitter_card":"summary_large_image","twitter_misc":{"Est. reading time":"2 minutos"},"schema":{"@context":"https:\/\/schema.org","@graph":[{"@type":"WebPage","@id":"https:\/\/apuestasfree.com\/pe\/inkabet-balon-de-oro\/","url":"https:\/\/apuestasfree.com\/pe\/inkabet-balon-de-oro\/","name":"Inkabet Bal\u00f3n de oro | Realiza una apuesta para el ganador -","isPartOf":{"@id":"https:\/\/apuestasfree.com\/pe\/#website"},"primaryImageOfPage":{"@id":"https:\/\/apuestasfree.com\/pe\/inkabet-balon-de-oro\/#primaryimage"},"image":{"@id":"https:\/\/apuestasfree.com\/pe\/inkabet-balon-de-oro\/#primaryimage"},"thumbnailUrl":"https:\/\/apuestasfree.com\/wp-content\/uploads\/2021\/10\/inkabet-balon-de-oro.png","datePublished":"2021-10-15T15:10:30+00:00","dateModified":"2022-11-22T12:46:31+00:00","description":"\u25b7 Apuesta por el ganador del balon de oro dentro de Inkabet \u2714\ufe0f Selecciona a tu jugador favorito del mundo \u2714\ufe0f Exclusivo usuarios de Per\u00fa","breadcrumb":{"@id":"https:\/\/apuestasfree.com\/pe\/inkabet-balon-de-oro\/#breadcrumb"},"inLanguage":"es-PE","potentialAction":[{"@type":"ReadAction","target":["https:\/\/apuestasfree.com\/pe\/inkabet-balon-de-oro\/"]}]},{"@type":"ImageObject","inLanguage":"es-PE","@id":"https:\/\/apuestasfree.com\/pe\/inkabet-balon-de-oro\/#primaryimage","url":"https:\/\/apuestasfree.com\/wp-content\/uploads\/2021\/10\/inkabet-balon-de-oro.png","contentUrl":"https:\/\/apuestasfree.com\/wp-content\/uploads\/2021\/10\/inkabet-balon-de-oro.png"},{"@type":"BreadcrumbList","@id":"https:\/\/apuestasfree.com\/pe\/inkabet-balon-de-oro\/#breadcrumb","itemListElement":[{"@type":"ListItem","position":1,"name":"Inicio","item":"https:\/\/apuestasfree.com\/pe\/"},{"@type":"ListItem","position":2,"name":"Inkabet Bal\u00f3n de oro | Realiza una apuesta para el ganador"}]},{"@type":"WebSite","@id":"https:\/\/apuestasfree.com\/pe\/#website","url":"https:\/\/apuestasfree.com\/pe\/","name":"ApuestasFree","description":"","publisher":{"@id":"https:\/\/apuestasfree.com\/pe\/#organization"},"potentialAction":[{"@type":"SearchAction","target":{"@type":"EntryPoint","urlTemplate":"https:\/\/apuestasfree.com\/pe\/?s={search_term_string}"},"query-input":{"@type":"PropertyValueSpecification","valueRequired":true,"valueName":"search_term_string"}}],"inLanguage":"es-PE"},{"@type":"Organization","@id":"https:\/\/apuestasfree.com\/pe\/#organization","name":"ApuestasFree","url":"https:\/\/apuestasfree.com\/pe\/","logo":{"@type":"ImageObject","inLanguage":"es-PE","@id":"https:\/\/apuestasfree.com\/pe\/#\/schema\/logo\/image\/","url":"https:\/\/apuestasfree.com\/wp-content\/uploads\/2019\/06\/afree_logo.png","contentUrl":"https:\/\/apuestasfree.com\/wp-content\/uploads\/2019\/06\/afree_logo.png","width":106,"height":50,"caption":"ApuestasFree"},"image":{"@id":"https:\/\/apuestasfree.com\/pe\/#\/schema\/logo\/image\/"}}]}},"uagb_featured_image_src":{"full":false,"thumbnail":false,"medium":false,"medium_large":false,"large":false,"1536x1536":false,"2048x2048":false},"uagb_author_info":{"display_name":"Franco Mercado","author_link":"https:\/\/apuestasfree.com\/pe\/author\/franco-mercado\/"},"uagb_comment_info":0,"uagb_excerpt":"\u00a1Bienvenido a un nuevo post dentro de ApuestasFree! Hoy te traemos una gran oportunidad de apostar dentro de Inkabet para el ganador del bal\u00f3n de oro. Sabemos que a\u00fan falta tiempo para la realizaci\u00f3n de esta ceremonia, pero sin dudas que debes estar ansioso. Ya existen 30 nombres en la lista con probabilidades de poder&hellip;","_links":{"self":[{"href":"https:\/\/apuestasfree.com\/pe\/wp-json\/wp\/v2\/pages\/566748","targetHints":{"allow":["GET"]}}],"collection":[{"href":"https:\/\/apuestasfree.com\/pe\/wp-json\/wp\/v2\/pages"}],"about":[{"href":"https:\/\/apuestasfree.com\/pe\/wp-json\/wp\/v2\/types\/page"}],"author":[{"embeddable":true,"href":"https:\/\/apuestasfree.com\/pe\/wp-json\/wp\/v2\/users\/33148"}],"replies":[{"embeddable":true,"href":"https:\/\/apuestasfree.com\/pe\/wp-json\/wp\/v2\/comments?post=566748"}],"version-history":[{"count":0,"href":"https:\/\/apuestasfree.com\/pe\/wp-json\/wp\/v2\/pages\/566748\/revisions"}],"wp:attachment":[{"href":"https:\/\/apuestasfree.com\/pe\/wp-json\/wp\/v2\/media?parent=566748"}],"curies":[{"name":"wp","href":"https:\/\/api.w.org\/{rel}","templated":true}]}}