{"id":213125,"date":"2020-05-15T23:55:35","date_gmt":"2020-05-15T21:55:35","guid":{"rendered":"https:\/\/apuestasfree.com\/?p=213125"},"modified":"2022-11-22T13:58:20","modified_gmt":"2022-11-22T12:58:20","slug":"betfase-peru-mundialito-apuestas-vivo","status":"publish","type":"page","link":"https:\/\/apuestasfree.com\/pe\/betfase-peru-mundialito-apuestas-vivo\/","title":{"rendered":"Betfase Per\u00fa: participa en el Mundialito de apuestas en vivo"},"content":{"rendered":"<p>La casa de apuestas <a href=\"http:\/\/record.betsafe.com\/_O8rOcNUUx8UZl-0frPobWGNd7ZgqdRLk\/1\/\" target=\"_blank\" rel=\"noopener noreferrer\">Betfase Per\u00fa<\/a> ha lanzado el <strong>Mundialito de apuestas en vivo<\/strong> en el que <strong>participa y podr\u00e1s conseguir hasta S\/10,000 en cash<\/strong>.<\/p>\n<h2 style=\"text-align: center;\"><a href=\"http:\/\/record.betsafe.com\/_O8rOcNUUx8UZl-0frPobWGNd7ZgqdRLk\/1\/\" target=\"_blank\" rel=\"noopener noreferrer\">Betfase Per\u00fa: Mundialito de apuestas en vivo<\/a><\/h2>\n<p><a href=\"http:\/\/record.betsafe.com\/_O8rOcNUUx8UZl-0frPobWGNd7ZgqdRLk\/1\/\" target=\"_blank\" rel=\"noopener noreferrer\"><img fetchpriority=\"high\" decoding=\"async\" class=\"aligncenter wp-image-213177 size-full\" src=\"https:\/\/apuestasfree.com\/wp-content\/uploads\/2020\/05\/Betfase-Mundialito-Apuestas-en-Vivo.png\" alt=\"\" width=\"1190\" height=\"369\" srcset=\"https:\/\/apuestasfree.com\/wp-content\/uploads\/2020\/05\/Betfase-Mundialito-Apuestas-en-Vivo.png 1190w, https:\/\/apuestasfree.com\/wp-content\/uploads\/2020\/05\/Betfase-Mundialito-Apuestas-en-Vivo-300x93.png 300w, https:\/\/apuestasfree.com\/wp-content\/uploads\/2020\/05\/Betfase-Mundialito-Apuestas-en-Vivo-1024x318.png 1024w, https:\/\/apuestasfree.com\/wp-content\/uploads\/2020\/05\/Betfase-Mundialito-Apuestas-en-Vivo-768x238.png 768w\" sizes=\"(max-width: 1190px) 100vw, 1190px\" \/><\/a><\/p>\n<p>Como \u00edbamos diciendo, la casa de apuestas\u00a0<a href=\"http:\/\/record.betsafe.com\/_O8rOcNUUx8UZl-0frPobWGNd7ZgqdRLk\/1\/\" target=\"_blank\" rel=\"noopener noreferrer\">Betfase Per\u00fa<\/a> ha lanzado el <strong>Mundialito de apuestas en vivo<\/strong> en el que <strong>participa y podr\u00e1s conseguir hasta S\/10,000 en cash<\/strong>.<\/p>\n<h3><strong>C\u00f3mo funciona Betfase Per\u00fa Mundialito de apuestas en vivo:<\/strong><\/h3>\n<p>Para poder optar a esta promoci\u00f3n debes estar registrado. Recuerda que puedes aprovechar el <a href=\"http:\/\/record.betsafe.com\/_O8rOcNUUx8UZl-0frPobWGNd7ZgqdRLk\/1\/\" target=\"_blank\" rel=\"noopener noreferrer\">Bono de Bienvenida de Betfase Per\u00fa de hasta S\/300<\/a>.<\/p>\n<p>Una vez registrado, haz clic en el bot\u00f3n <a href=\"http:\/\/record.betsafe.com\/_O8rOcNUUx8UZl-0frPobWGNd7ZgqdRLk\/1\/\">\u00abParticipa ahora\u00bb<\/a>, para poder ser parte de la promo.<\/p>\n<p>Apuesta en vivo en tu deporte favorito. Solo ser\u00e1n v\u00e1lidas las apuestas simples (1 sola selecci\u00f3n) con c<strong>uota mayor a 1.50<\/strong>.<\/p>\n<p>Y acumula puntos por cada apuesta ganadora y llega a lo m\u00e1s alto del <strong>ranking<\/strong> cuyos premios son los siguientes:<\/p>\n<ul>\n<li><strong>1\u00ba<\/strong>: S\/10,800<\/li>\n<li><strong>2\u00ba<\/strong>: S\/7,200<\/li>\n<li><strong>3\u00ba<\/strong>: S\/3,600<\/li>\n<li><strong>4\u00ba<\/strong>: S\/2,700<\/li>\n<li><strong>5\u00ba<\/strong>: S\/1,800<\/li>\n<li><strong>6\u00ba al 8\u00ba<\/strong>: S\/900<\/li>\n<li><strong>9\u00ba al 14\u00ba<\/strong>: S\/720<\/li>\n<li><strong>15\u00ba al 19\u00ba<\/strong>: S\/360<\/li>\n<li><strong>20\u00ba al 25\u00ba<\/strong>: S\/180<\/li>\n<\/ul>\n<p>Los puntos para la tabla de posiciones del Mundialito de apuestas en vivo ser\u00e1n calculados de la siguiente manera:\u00a0 \u2013 <b>Puntaje= (Monto de apuesta x Cuota) \/ Factor de conversi\u00f3n de moneda.\u00a0<\/b><\/p>\n<p>Por ejemplo: Si ganas una apuesta de S\/30 con cuota 3.00. Tu puntaje ser\u00eda (30 x 3) \/ 3.6 = 25 puntos<\/p>\n<p>Finalmente, para <strong>activar el <a href=\"http:\/\/record.betsafe.com\/_O8rOcNUUx8UZl-0frPobWGNd7ZgqdRLk\/1\/\" target=\"_blank\" rel=\"noopener noreferrer\">Bono de Bienvenida<\/a> debes hacer lo siguiente<\/strong>:<\/p>\n<ol>\n<li><strong>Abre una cuenta<\/strong>. Recuerda colocar tus<strong> datos personales<\/strong> correctamente.<\/li>\n<li><strong>Dale click al bot\u00f3n \u00abParticipar<\/strong> <strong>\u00bb <\/strong>para poder formar parte de esta promoci\u00f3n.<\/li>\n<li>Antes de hacer tu primer deposito, <strong>revisa la tabla<\/strong> para elegir el monto de apuesta gratis que te gustar\u00eda recibir.<\/li>\n<li>Una vez realizado el dep\u00f3sito, <strong>recibir\u00e1s una apuesta gratis<\/strong> y podr\u00e1s usarla en el deporte de tu preferencia.<\/li>\n<\/ol>\n<p>La <strong>tabla<\/strong> es la siguiente:<\/p>\n<ul>\n<li>Deposita entre <strong>S\/30 y S\/149.99<\/strong>: Apuesta gratis de <strong>S\/30<\/strong><\/li>\n<li>Entre <strong>S\/150 y S\/299.99<\/strong>: Apuesta gratis de <strong>S\/75<\/strong><\/li>\n<li>Deposita <strong>S\/300 o m\u00e1s<\/strong>: Apuesta gratis de <strong>S\/150<\/strong><\/li>\n<\/ul>\n<h3><strong>Condiciones Bono de Bienvenida de Betfase Per\u00fa para Apuestas Deportivas:<br \/>\n<\/strong><\/h3>\n<ul>\n<li>La apuesta gratis tiene un rollover de 3, esto es, apostar el monto <strong>3 veces<\/strong>; con cuotas m\u00ednimas de 1.50 antes de solicitar un retiro.<\/li>\n<li>Las ganancias netas de tu apuesta gratis se utilizar\u00e1n <strong>antes que el dinero disponible<\/strong> para retirar.<\/li>\n<li>Caduca en <strong>7 d\u00edas<\/strong>.<\/li>\n<li>Esta oferta solo es v\u00e1lida <strong>una vez<\/strong> por cliente\/direcci\u00f3n IP\/domicilio.<\/li>\n<li>Betsafe.com se reserva el derecho de cambiar o cancelar esta campa\u00f1a, en cualquier momento y por cualquier raz\u00f3n, seg\u00fan el criterio de Betsafe, y sin previa notificaci\u00f3n al cliente; por lo tanto, es responsabilidad absoluta del cliente estar informado y actualizado sobre la \u00faltima versi\u00f3n de los t\u00e9rminos y condiciones.<\/li>\n<\/ul>\n<p style=\"text-align: center;\"><a href=\"http:\/\/record.betsafe.com\/_O8rOcNUUx8UZl-0frPobWGNd7ZgqdRLk\/1\/\" target=\"_blank\" rel=\"noopener noreferrer\">\u00a1Aprovecha para participar en el Mundialito de apuestas en vivo con Betfase!<\/a><\/p>\n","protected":false},"excerpt":{"rendered":"<p>La casa de apuestas Betfase Per\u00fa ha lanzado el Mundialito de apuestas en vivo en el que participa y podr\u00e1s conseguir hasta S\/10,000 en cash. Betfase Per\u00fa: Mundialito de apuestas en vivo Como \u00edbamos diciendo, la casa de apuestas\u00a0Betfase Per\u00fa ha lanzado el Mundialito de apuestas en vivo en el que participa y podr\u00e1s conseguir &#8230; <a title=\"Betfase Per\u00fa: participa en el Mundialito de apuestas en vivo\" class=\"read-more\" href=\"https:\/\/apuestasfree.com\/pe\/betfase-peru-mundialito-apuestas-vivo\/\" aria-label=\"Read more about Betfase Per\u00fa: participa en el Mundialito de apuestas en vivo\">Read more<\/a><\/p>\n","protected":false},"author":27643,"featured_media":0,"parent":0,"menu_order":0,"comment_status":"open","ping_status":"open","template":"","meta":{"_uag_custom_page_level_css":"","footnotes":""},"class_list":["post-213125","page","type-page","status-publish"],"yoast_head":"<!-- This site is optimized with the Yoast SEO Premium plugin v27.1 (Yoast SEO v27.5) - https:\/\/yoast.com\/product\/yoast-seo-premium-wordpress\/ -->\n<title>Betfase Per\u00fa: participa en el Mundialito de apuestas en vivo<\/title>\n<meta name=\"description\" content=\"La casa de apuestas Betfase Per\u00fa ha lanzado el Mundialito de apuestas en vivo en el que participa y podr\u00e1s conseguir hasta S\/10,000 en cash.\" \/>\n<meta name=\"robots\" content=\"index, follow, max-snippet:-1, max-image-preview:large, max-video-preview:-1\" \/>\n<link rel=\"canonical\" href=\"https:\/\/apuestasfree.com\/pe\/betfase-peru-mundialito-apuestas-vivo\/\" \/>\n<meta property=\"og:locale\" content=\"es_ES\" \/>\n<meta property=\"og:type\" content=\"article\" \/>\n<meta property=\"og:title\" content=\"Betfase Per\u00fa: participa en el Mundialito de apuestas en vivo\" \/>\n<meta property=\"og:description\" content=\"La casa de apuestas Betfase Per\u00fa ha lanzado el Mundialito de apuestas en vivo en el que participa y podr\u00e1s conseguir hasta S\/10,000 en cash.\" \/>\n<meta property=\"og:url\" content=\"https:\/\/apuestasfree.com\/pe\/betfase-peru-mundialito-apuestas-vivo\/\" \/>\n<meta property=\"og:site_name\" content=\"ApuestasFree\" \/>\n<meta property=\"article:modified_time\" content=\"2022-11-22T12:58:20+00:00\" \/>\n<meta property=\"og:image\" content=\"https:\/\/apuestasfree.com\/wp-content\/uploads\/2020\/05\/Betfase-Mundialito-Apuestas-en-Vivo.png\" \/>\n<meta name=\"twitter:card\" content=\"summary_large_image\" \/>\n<meta name=\"twitter:label1\" content=\"Est. reading time\" \/>\n\t<meta name=\"twitter:data1\" content=\"2 minutos\" \/>\n<script type=\"application\/ld+json\" class=\"yoast-schema-graph\">{\"@context\":\"https:\\\/\\\/schema.org\",\"@graph\":[{\"@type\":\"WebPage\",\"@id\":\"https:\\\/\\\/apuestasfree.com\\\/pe\\\/betfase-peru-mundialito-apuestas-vivo\\\/\",\"url\":\"https:\\\/\\\/apuestasfree.com\\\/pe\\\/betfase-peru-mundialito-apuestas-vivo\\\/\",\"name\":\"Betfase Per\u00fa: participa en el Mundialito de apuestas en vivo\",\"isPartOf\":{\"@id\":\"https:\\\/\\\/apuestasfree.com\\\/pe\\\/#website\"},\"primaryImageOfPage\":{\"@id\":\"https:\\\/\\\/apuestasfree.com\\\/pe\\\/betfase-peru-mundialito-apuestas-vivo\\\/#primaryimage\"},\"image\":{\"@id\":\"https:\\\/\\\/apuestasfree.com\\\/pe\\\/betfase-peru-mundialito-apuestas-vivo\\\/#primaryimage\"},\"thumbnailUrl\":\"https:\\\/\\\/apuestasfree.com\\\/wp-content\\\/uploads\\\/2020\\\/05\\\/Betfase-Mundialito-Apuestas-en-Vivo.png\",\"datePublished\":\"2020-05-15T21:55:35+00:00\",\"dateModified\":\"2022-11-22T12:58:20+00:00\",\"description\":\"La casa de apuestas Betfase Per\u00fa ha lanzado el Mundialito de apuestas en vivo en el que participa y podr\u00e1s conseguir hasta S\\\/10,000 en cash.\",\"breadcrumb\":{\"@id\":\"https:\\\/\\\/apuestasfree.com\\\/pe\\\/betfase-peru-mundialito-apuestas-vivo\\\/#breadcrumb\"},\"inLanguage\":\"es-PE\",\"potentialAction\":[{\"@type\":\"ReadAction\",\"target\":[\"https:\\\/\\\/apuestasfree.com\\\/pe\\\/betfase-peru-mundialito-apuestas-vivo\\\/\"]}]},{\"@type\":\"ImageObject\",\"inLanguage\":\"es-PE\",\"@id\":\"https:\\\/\\\/apuestasfree.com\\\/pe\\\/betfase-peru-mundialito-apuestas-vivo\\\/#primaryimage\",\"url\":\"https:\\\/\\\/apuestasfree.com\\\/wp-content\\\/uploads\\\/2020\\\/05\\\/Betfase-Mundialito-Apuestas-en-Vivo.png\",\"contentUrl\":\"https:\\\/\\\/apuestasfree.com\\\/wp-content\\\/uploads\\\/2020\\\/05\\\/Betfase-Mundialito-Apuestas-en-Vivo.png\"},{\"@type\":\"BreadcrumbList\",\"@id\":\"https:\\\/\\\/apuestasfree.com\\\/pe\\\/betfase-peru-mundialito-apuestas-vivo\\\/#breadcrumb\",\"itemListElement\":[{\"@type\":\"ListItem\",\"position\":1,\"name\":\"Inicio\",\"item\":\"https:\\\/\\\/apuestasfree.com\\\/pe\\\/\"},{\"@type\":\"ListItem\",\"position\":2,\"name\":\"Betfase Per\u00fa: participa en el Mundialito de apuestas en vivo\"}]},{\"@type\":\"WebSite\",\"@id\":\"https:\\\/\\\/apuestasfree.com\\\/pe\\\/#website\",\"url\":\"https:\\\/\\\/apuestasfree.com\\\/pe\\\/\",\"name\":\"ApuestasFree\",\"description\":\"\",\"publisher\":{\"@id\":\"https:\\\/\\\/apuestasfree.com\\\/pe\\\/#organization\"},\"potentialAction\":[{\"@type\":\"SearchAction\",\"target\":{\"@type\":\"EntryPoint\",\"urlTemplate\":\"https:\\\/\\\/apuestasfree.com\\\/pe\\\/?s={search_term_string}\"},\"query-input\":{\"@type\":\"PropertyValueSpecification\",\"valueRequired\":true,\"valueName\":\"search_term_string\"}}],\"inLanguage\":\"es-PE\"},{\"@type\":\"Organization\",\"@id\":\"https:\\\/\\\/apuestasfree.com\\\/pe\\\/#organization\",\"name\":\"ApuestasFree\",\"url\":\"https:\\\/\\\/apuestasfree.com\\\/pe\\\/\",\"logo\":{\"@type\":\"ImageObject\",\"inLanguage\":\"es-PE\",\"@id\":\"https:\\\/\\\/apuestasfree.com\\\/pe\\\/#\\\/schema\\\/logo\\\/image\\\/\",\"url\":\"https:\\\/\\\/apuestasfree.com\\\/wp-content\\\/uploads\\\/2019\\\/06\\\/afree_logo.png\",\"contentUrl\":\"https:\\\/\\\/apuestasfree.com\\\/wp-content\\\/uploads\\\/2019\\\/06\\\/afree_logo.png\",\"width\":106,\"height\":50,\"caption\":\"ApuestasFree\"},\"image\":{\"@id\":\"https:\\\/\\\/apuestasfree.com\\\/pe\\\/#\\\/schema\\\/logo\\\/image\\\/\"}}]}<\/script>\n<!-- \/ Yoast SEO Premium plugin. -->","yoast_head_json":{"title":"Betfase Per\u00fa: participa en el Mundialito de apuestas en vivo","description":"La casa de apuestas Betfase Per\u00fa ha lanzado el Mundialito de apuestas en vivo en el que participa y podr\u00e1s conseguir hasta S\/10,000 en cash.","robots":{"index":"index","follow":"follow","max-snippet":"max-snippet:-1","max-image-preview":"max-image-preview:large","max-video-preview":"max-video-preview:-1"},"canonical":"https:\/\/apuestasfree.com\/pe\/betfase-peru-mundialito-apuestas-vivo\/","og_locale":"es_ES","og_type":"article","og_title":"Betfase Per\u00fa: participa en el Mundialito de apuestas en vivo","og_description":"La casa de apuestas Betfase Per\u00fa ha lanzado el Mundialito de apuestas en vivo en el que participa y podr\u00e1s conseguir hasta S\/10,000 en cash.","og_url":"https:\/\/apuestasfree.com\/pe\/betfase-peru-mundialito-apuestas-vivo\/","og_site_name":"ApuestasFree","article_modified_time":"2022-11-22T12:58:20+00:00","og_image":[{"url":"https:\/\/apuestasfree.com\/wp-content\/uploads\/2020\/05\/Betfase-Mundialito-Apuestas-en-Vivo.png","type":"","width":"","height":""}],"twitter_card":"summary_large_image","twitter_misc":{"Est. reading time":"2 minutos"},"schema":{"@context":"https:\/\/schema.org","@graph":[{"@type":"WebPage","@id":"https:\/\/apuestasfree.com\/pe\/betfase-peru-mundialito-apuestas-vivo\/","url":"https:\/\/apuestasfree.com\/pe\/betfase-peru-mundialito-apuestas-vivo\/","name":"Betfase Per\u00fa: participa en el Mundialito de apuestas en vivo","isPartOf":{"@id":"https:\/\/apuestasfree.com\/pe\/#website"},"primaryImageOfPage":{"@id":"https:\/\/apuestasfree.com\/pe\/betfase-peru-mundialito-apuestas-vivo\/#primaryimage"},"image":{"@id":"https:\/\/apuestasfree.com\/pe\/betfase-peru-mundialito-apuestas-vivo\/#primaryimage"},"thumbnailUrl":"https:\/\/apuestasfree.com\/wp-content\/uploads\/2020\/05\/Betfase-Mundialito-Apuestas-en-Vivo.png","datePublished":"2020-05-15T21:55:35+00:00","dateModified":"2022-11-22T12:58:20+00:00","description":"La casa de apuestas Betfase Per\u00fa ha lanzado el Mundialito de apuestas en vivo en el que participa y podr\u00e1s conseguir hasta S\/10,000 en cash.","breadcrumb":{"@id":"https:\/\/apuestasfree.com\/pe\/betfase-peru-mundialito-apuestas-vivo\/#breadcrumb"},"inLanguage":"es-PE","potentialAction":[{"@type":"ReadAction","target":["https:\/\/apuestasfree.com\/pe\/betfase-peru-mundialito-apuestas-vivo\/"]}]},{"@type":"ImageObject","inLanguage":"es-PE","@id":"https:\/\/apuestasfree.com\/pe\/betfase-peru-mundialito-apuestas-vivo\/#primaryimage","url":"https:\/\/apuestasfree.com\/wp-content\/uploads\/2020\/05\/Betfase-Mundialito-Apuestas-en-Vivo.png","contentUrl":"https:\/\/apuestasfree.com\/wp-content\/uploads\/2020\/05\/Betfase-Mundialito-Apuestas-en-Vivo.png"},{"@type":"BreadcrumbList","@id":"https:\/\/apuestasfree.com\/pe\/betfase-peru-mundialito-apuestas-vivo\/#breadcrumb","itemListElement":[{"@type":"ListItem","position":1,"name":"Inicio","item":"https:\/\/apuestasfree.com\/pe\/"},{"@type":"ListItem","position":2,"name":"Betfase Per\u00fa: participa en el Mundialito de apuestas en vivo"}]},{"@type":"WebSite","@id":"https:\/\/apuestasfree.com\/pe\/#website","url":"https:\/\/apuestasfree.com\/pe\/","name":"ApuestasFree","description":"","publisher":{"@id":"https:\/\/apuestasfree.com\/pe\/#organization"},"potentialAction":[{"@type":"SearchAction","target":{"@type":"EntryPoint","urlTemplate":"https:\/\/apuestasfree.com\/pe\/?s={search_term_string}"},"query-input":{"@type":"PropertyValueSpecification","valueRequired":true,"valueName":"search_term_string"}}],"inLanguage":"es-PE"},{"@type":"Organization","@id":"https:\/\/apuestasfree.com\/pe\/#organization","name":"ApuestasFree","url":"https:\/\/apuestasfree.com\/pe\/","logo":{"@type":"ImageObject","inLanguage":"es-PE","@id":"https:\/\/apuestasfree.com\/pe\/#\/schema\/logo\/image\/","url":"https:\/\/apuestasfree.com\/wp-content\/uploads\/2019\/06\/afree_logo.png","contentUrl":"https:\/\/apuestasfree.com\/wp-content\/uploads\/2019\/06\/afree_logo.png","width":106,"height":50,"caption":"ApuestasFree"},"image":{"@id":"https:\/\/apuestasfree.com\/pe\/#\/schema\/logo\/image\/"}}]}},"uagb_featured_image_src":{"full":false,"thumbnail":false,"medium":false,"medium_large":false,"large":false,"1536x1536":false,"2048x2048":false},"uagb_author_info":{"display_name":"Juan Antonio Camacho","author_link":"https:\/\/apuestasfree.com\/pe\/author\/jacg475\/"},"uagb_comment_info":0,"uagb_excerpt":"La casa de apuestas Betfase Per\u00fa ha lanzado el Mundialito de apuestas en vivo en el que participa y podr\u00e1s conseguir hasta S\/10,000 en cash. Betfase Per\u00fa: Mundialito de apuestas en vivo Como \u00edbamos diciendo, la casa de apuestas\u00a0Betfase Per\u00fa ha lanzado el Mundialito de apuestas en vivo en el que participa y podr\u00e1s conseguir&hellip;","_links":{"self":[{"href":"https:\/\/apuestasfree.com\/pe\/wp-json\/wp\/v2\/pages\/213125","targetHints":{"allow":["GET"]}}],"collection":[{"href":"https:\/\/apuestasfree.com\/pe\/wp-json\/wp\/v2\/pages"}],"about":[{"href":"https:\/\/apuestasfree.com\/pe\/wp-json\/wp\/v2\/types\/page"}],"author":[{"embeddable":true,"href":"https:\/\/apuestasfree.com\/pe\/wp-json\/wp\/v2\/users\/27643"}],"replies":[{"embeddable":true,"href":"https:\/\/apuestasfree.com\/pe\/wp-json\/wp\/v2\/comments?post=213125"}],"version-history":[{"count":0,"href":"https:\/\/apuestasfree.com\/pe\/wp-json\/wp\/v2\/pages\/213125\/revisions"}],"wp:attachment":[{"href":"https:\/\/apuestasfree.com\/pe\/wp-json\/wp\/v2\/media?parent=213125"}],"curies":[{"name":"wp","href":"https:\/\/api.w.org\/{rel}","templated":true}]}}