{"id":113822,"date":"2019-10-28T16:04:32","date_gmt":"2019-10-28T15:04:32","guid":{"rendered":"https:\/\/apuestasfree.com\/?page_id=113822"},"modified":"2026-01-08T16:29:31","modified_gmt":"2026-01-08T15:29:31","slug":"betsson-peru-luxury-trips-viaja-gratis-con-betsson","status":"publish","type":"page","link":"https:\/\/apuestasfree.com\/pe\/betsson-peru-luxury-trips-viaja-gratis-con-betsson\/","title":{"rendered":"Betsson Per\u00fa &#8211; Luxury Trips &#8211; Viaja gratis con Betsson"},"content":{"rendered":"\n<p>El mes patrio ha llegado cargado de excelentes noticias para los usuarios de <strong>Betsson<\/strong>, donde podr\u00e1s encontrar una promoci\u00f3n de locura que te lleva a conocer todo el Per\u00fa, adem\u00e1s de 3 premios sorpresa que le dan un toque de picante a\u00fan mayor. Vamos a conocerla, acomp\u00e1\u00f1anos.<\/p>\n\n\n\n<pre class=\"wp-block-preformatted has-text-color has-background has-link-color wp-elements-08b30d77f3194f854ca6b53b3b38116f\" style=\"color:#ff0000;background-color:#fdecec\"><strong>ATENCI\u00d3N: <\/strong>Al d\u00eda de la fecha, esta oferta se encuentra discontinuada. Sin embargo, te invitamos a registrarte en Betsson y obtener su <strong>Bono de Bienvenida de <a href=\"https:\/\/recor.to\/betssonperu\" target=\"_blank\" rel=\"noreferrer noopener nofollow sponsored\">300 giros gratis. <\/a><\/strong><\/pre>\n\n\n\n<h2 class=\"wp-block-heading\" id=\"h-en-que-consiste-la-promocion-luxury-trips\"><strong>En qu\u00e9 consiste la promoci\u00f3n Luxury Trips<\/strong><\/h2>\n\n\n\n<p>La promoci\u00f3n Luxury Trips es una iniciativa que trae <strong>Betsson<\/strong> para todos nuestros fieles usuarios que de uno u otro modo, saben explotar todas las ventajas que este enorme sistema tiene a disposici\u00f3n. Una de esas alternativas es justamente el modo <strong>casino online<\/strong>, que es el que te brinda el chance de pertenecer al sorteo. <a href=\"https:\/\/promotions.betsson.com\/luxury-trips\/pe\/\"><img fetchpriority=\"high\" decoding=\"async\" class=\"alignnone wp-image-5417 size-full\" src=\"https:\/\/download.app\/wp-content\/uploads\/2019\/07\/Betsson-1.jpg\" alt=\"\" width=\"480\" height=\"251\"><\/a> &nbsp; <span id=\"post-ratings-113822\" class=\"post-ratings\" data-nonce=\"31fae7bd0d\"><img decoding=\"async\" id=\"rating_113822_1\" src=\"https:\/\/apuestasfree.com\/wp-content\/plugins\/wp-postratings\/images\/stars_crystal\/rating_off.gif\" alt=\"1 estrella\" title=\"1 estrella\" onmouseover=\"current_rating(113822, 1, '1 estrella');\" onmouseout=\"ratings_off(0, 0, 0);\" onclick=\"rate_post();\" onkeypress=\"rate_post();\" style=\"cursor: pointer; border: 0px;\" \/><img decoding=\"async\" id=\"rating_113822_2\" src=\"https:\/\/apuestasfree.com\/wp-content\/plugins\/wp-postratings\/images\/stars_crystal\/rating_off.gif\" alt=\"2 estrellas\" title=\"2 estrellas\" onmouseover=\"current_rating(113822, 2, '2 estrellas');\" onmouseout=\"ratings_off(0, 0, 0);\" onclick=\"rate_post();\" onkeypress=\"rate_post();\" style=\"cursor: pointer; border: 0px;\" \/><img decoding=\"async\" id=\"rating_113822_3\" src=\"https:\/\/apuestasfree.com\/wp-content\/plugins\/wp-postratings\/images\/stars_crystal\/rating_off.gif\" alt=\"3 estrellas\" title=\"3 estrellas\" onmouseover=\"current_rating(113822, 3, '3 estrellas');\" onmouseout=\"ratings_off(0, 0, 0);\" onclick=\"rate_post();\" onkeypress=\"rate_post();\" style=\"cursor: pointer; border: 0px;\" \/><img decoding=\"async\" id=\"rating_113822_4\" src=\"https:\/\/apuestasfree.com\/wp-content\/plugins\/wp-postratings\/images\/stars_crystal\/rating_off.gif\" alt=\"4 estrellas\" title=\"4 estrellas\" onmouseover=\"current_rating(113822, 4, '4 estrellas');\" onmouseout=\"ratings_off(0, 0, 0);\" onclick=\"rate_post();\" onkeypress=\"rate_post();\" style=\"cursor: pointer; border: 0px;\" \/><img decoding=\"async\" id=\"rating_113822_5\" src=\"https:\/\/apuestasfree.com\/wp-content\/plugins\/wp-postratings\/images\/stars_crystal\/rating_off.gif\" alt=\"5 estrellas\" title=\"5 estrellas\" onmouseover=\"current_rating(113822, 5, '5 estrellas');\" onmouseout=\"ratings_off(0, 0, 0);\" onclick=\"rate_post();\" onkeypress=\"rate_post();\" style=\"cursor: pointer; border: 0px;\" \/> (Ninguna valoraci\u00f3n todav\u00eda)<br \/><span class=\"post-ratings-text\" id=\"ratings_113822_text\"><\/span><\/span><span id=\"post-ratings-113822-loading\" class=\"post-ratings-loading\"><img decoding=\"async\" src=\"https:\/\/apuestasfree.com\/wp-content\/plugins\/wp-postratings\/images\/loading.gif\" width=\"16\" height=\"16\" class=\"post-ratings-image\" \/>Loading...<\/span> Para poder ser parte de esto, solo debes empezar a jugar en las diferentes modalidades de casino o Live Casino,<strong> acumular tickets<\/strong> y so\u00f1ar en conseguir un premio ganador dentro de los sorteos que se llevan a cabo cada semana y que te llevan a <a href=\"https:\/\/promotions.betsson.com\/luxury-trips\/pe\/\">3 destinos tur\u00edsticos en viajes de lujo<\/a>, las opciones son: la costa, Sierra o selva, t\u00fa eliges el momento, y con ello, el destino.<\/p>\n\n\n\n<h2 class=\"wp-block-heading\" id=\"h-otras-opciones\"><strong>Otras opciones<\/strong><\/h2>\n\n\n\n<p>Y por si fuera poco podr\u00e1s participar en la <a href=\"https:\/\/promotions.betsson.com\/luxury-trips\/pe\/\">trivia Betsson Per\u00fa<\/a>, la cual est\u00e1 dise\u00f1ada para brindarte <strong>jugadas gratuitas<\/strong> dentro de nuestra amplia gama de mercados. Estas trivias se llevan a cabo cada fin de semana y una vez pases los filtros, <strong>deber\u00e1s elegir uno de los 3 botones<\/strong> donde est\u00e1n los premios sorpresa, como en un juego cl\u00e1sico de opciones.<\/p>\n\n\n\n<p>En este sentido, si te interesan las promociones para las slots, te recomendamos que pruebes la <a href=\"https:\/\/apuestasfree.com\/pe\/betsson-premio-misterioso\/\">oferta de premios misteriosos<\/a> de betsson.<\/p>\n\n\n\n<h2 class=\"wp-block-heading\" id=\"h-como-estan-establecidos-los-sorteos\"><strong>C\u00f3mo est\u00e1n establecidos los sorteos<\/strong><\/h2>\n\n\n\n<p>Tenemos 3 fechas primarias para que las tengas en cuenta, distribuidas por regiones. Recuerda que si quieres participar por una en espec\u00edfico <strong>deber\u00e1s partir de esta informaci\u00f3n para evitar caer en confusiones y malos entendidos.<\/strong><\/p>\n\n\n\n<ol class=\"wp-block-list\">\n<li><strong>Regi\u00f3n Costa:<\/strong> la costa es la primera en entrar en disputa, abriendo su participaci\u00f3n el d\u00eda 8 del mes en curso, y cerrando el 14. El sorteo ser\u00e1 efectuado el d\u00eda inmediatamente siguiente, es decir el 15.<\/li>\n\n\n\n<li><strong>Regi\u00f3n Sierra<\/strong>: una vez terminada o caducada la opci\u00f3n de la regi\u00f3n costera podremos luchar por el sue\u00f1o de ganarnos un viaje a la sierra peruana. Su participaci\u00f3n dar\u00e1 inicio el d\u00eda 15 de este mes, es decir, de inmediato al t\u00e9rmino de la anterior y acaba el d\u00eda 21. Su sorteo tendr\u00e1 como fecha el 22.<\/li>\n\n\n\n<li><strong>Regi\u00f3n selva:<\/strong> por \u00faltimo y no menos importante, la regi\u00f3n selv\u00e1tica aparece en el horizonte como una opci\u00f3n ex\u00f3tica, desintoxicante y muy atractiva. Su participaci\u00f3n se inicia el mismo d\u00eda 21 de julio y termina el d\u00eda 28, dejando como fecha pactada para el sorteo el 29, \u00faltimo d\u00eda para todos nuestros aspirantes en este fenomenal premio.<\/li>\n<\/ol>\n\n\n\n<p>Y ya que conoces qu\u00e9 puedes ganar y sus adjuntos, es hora que sepas una de las cosas m\u00e1s importantes, c<a href=\"https:\/\/promotions.betsson.com\/luxury-trips\/pe\/\">\u00f3mo ganarte los tickets<\/a>, esos que debes acumular y que marcan una tendencia en tu aspiraci\u00f3n ganadora.<\/p>\n\n\n\n<h2 class=\"wp-block-heading\" id=\"h-como-me-gano-los-tickets\"><strong>\u00bfC\u00f3mo me gano los tickets?<\/strong><\/h2>\n\n\n\n<p>Obtendr\u00e1s tickets individuales si cumples estos dos par\u00e1metros:<\/p>\n\n\n\n<ol class=\"wp-block-list\">\n<li>Ganar\u00e1s 1 ticket por cada&nbsp; S\/30 o $10 jugados en Casino.<\/li>\n\n\n\n<li>Ganar\u00e1s 1 ticket por cada S\/150 o $50 jugados en Live Casino.<\/li>\n<\/ol>\n\n\n\n<p><a href=\"https:\/\/promotions.betsson.com\/luxury-trips\/pe\/\"><img decoding=\"async\" class=\"alignnone wp-image-5421 size-full\" src=\"https:\/\/download.app\/wp-content\/uploads\/2019\/07\/cropped-Casino-Betsson.png\" alt=\"\" width=\"1000\" height=\"287\"><\/a> Ahora que tenemos la tem\u00e1tica de los sorteos plenamente identificados, pasamos a una parte que consideramos crucial, ya que para poder pasar al siguiente nivel y formalizar nuestros premios, cualquiera que sea, debes <strong>cumplir con todas las condiciones impuestas por Betsson<\/strong>, tu red de apuestas en l\u00ednea. Vamos a conocerlas.<\/p>\n\n\n\n<h2 class=\"wp-block-heading\" id=\"h-terminos-y-condiciones-del-sorteo-betsson-nbsp\"><strong>T\u00e9rminos y condiciones del sorteo Betsson&nbsp;<\/strong><\/h2>\n\n\n\n<ul class=\"wp-block-list\">\n<li>Al ser una <a href=\"https:\/\/promotions.betsson.com\/luxury-trips\/pe\/\">promoci\u00f3n limitada<\/a>, debes tener bastante en cuenta las fechas pactadas, las cuales ir\u00e1n del 8 al 28 de julio del 2019.<\/li>\n\n\n\n<li>Si ya eres un usuario nuevo y no conoces muy buen el funcionamiento de <strong>Betsson<\/strong>, deber\u00e1s en primera instancia registrarte, lo puedes hacer aqu\u00ed, una vez realizado dicho proceso te dirigir\u00e1s al apartado que dice \u00ab<a href=\"https:\/\/promotions.betsson.com\/luxury-trips\/pe\/\">participa aqu\u00ed<\/a>\u00ab, de inmediato el sistema crear\u00e1 una alerta que ser\u00e1 enviada a tu cuenta que confirmar\u00e1 tu inscripci\u00f3n.<\/li>\n\n\n\n<li>Para efectos de canjes, solo efectuar\u00e1 en beneficio de la legalidad del mismo el dinero que apostemos de forma real; <strong>si eres de los que posee fondos en bonos esta condici\u00f3n no aplica.<\/strong><\/li>\n\n\n\n<li>Como lo explicamos l\u00edneas arriba, si eres un jugador del casino deber\u00e1s apostar S\/30 o $10 para adquirir un ticket; si eres usuario del <a href=\"https:\/\/promotions.betsson.com\/luxury-trips\/pe\/\">Live casino<\/a> deber\u00e1s apostar S\/150 o $50 para adquirir un ticket.<\/li>\n\n\n\n<li>Como prevenci\u00f3n y a manera de control, es tu responsabilidad absoluta llevar la contabilidad exacta de cu\u00e1ntos tickets has recibido.<\/li>\n\n\n\n<li><strong>Fundamental<\/strong>: los premios obtenidos por cada una de las promociones que aplican este sorteo ser\u00e1n abonados dentro de un plazo m\u00e1ximo de <strong>72 horas una vez se de por terminado el mismo<\/strong>. Como usuario est\u00e1s en todo tu derecho de participar en todos y cada uno de los sorteos, pero solo podr\u00e1s adquirir un viaje de la promoci\u00f3n <a href=\"https:\/\/promotions.betsson.com\/luxury-trips\/pe\/\">Betsson Trips<\/a>.<\/li>\n\n\n\n<li>Para cada caso existen unas especificaciones.<\/li>\n<\/ul>\n\n\n\n<p><a href=\"https:\/\/promotions.betsson.com\/luxury-trips\/pe\/\"><img loading=\"lazy\" decoding=\"async\" class=\"alignnone wp-image-5413 size-full\" src=\"https:\/\/download.app\/wp-content\/uploads\/2019\/07\/BETSSON_PERU-.jpg\" alt=\"\" width=\"750\" height=\"388\"><\/a> Para el viaje a la costa Incluye:<\/p>\n\n\n\n<ol class=\"wp-block-list\">\n<li>Boletos a\u00e9reos salida y destino.<\/li>\n\n\n\n<li>Todos los traslados que van desde el aeropuerto al hotel y viceversa.<\/li>\n\n\n\n<li>Alojamiento en hotel de 5 estrellas durante 3 noches.<\/li>\n\n\n\n<li>Completo cubrimiento de comidas ofrecidas en la carta del hotel contratado, a excepci\u00f3n de las bebidas, esas corren por cuenta del beneficiario del premio por el sorteo.<\/li>\n\n\n\n<li>Un&nbsp; tour denominado Avistamiento de ballenas.<\/li>\n\n\n\n<li>Y un uso completo de las instalaciones.<\/li>\n<\/ol>\n\n\n\n<p>Los dem\u00e1s viajes estar\u00e1n amparados por completo. Lo que no desestima el m\u00e9rito de cada uno de los mismos, al contrario, en el viaje a la costa hay ciertos derivados perfectamente entendibles por el contexto que rodea su desplazamiento y el entorno que ello genera.<\/p>\n\n\n\n<ul class=\"wp-block-list\">\n<li>Por si fuera poco, semana a semana existir\u00e1 una <a href=\"https:\/\/promotions.betsson.com\/luxury-trips\/pe\/\">trivia<\/a> de Karen donde se tocar\u00e1n temas vitales de cada regi\u00f3n, <strong>en donde nuestros participantes tendr\u00e1n la oportunidad de ganarse un premio<\/strong>; aplica para los primeros 100 ganadores.<\/li>\n\n\n\n<li>Todo premio obtenido por concepto de bonos gratuitos deber\u00e1 cumplir un t\u00e9rmino de canje estipulado en <strong>Rollover x25<\/strong>, los cuales tendr\u00e1n un plazo m\u00e1ximo de 3 d\u00edas para ser cumplidos.<\/li>\n\n\n\n<li>Las apuestas realizadas en el <strong>casino o Live Casino<\/strong> contribuir\u00e1n en forma diferente a los requisitos de canje de la misma, aqu\u00ed te dejamos la forma correcta de hacerlo:<\/li>\n<\/ul>\n\n\n\n<ol class=\"wp-block-list\">\n<li>Para efecto de <a href=\"https:\/\/promotions.betsson.com\/luxury-trips\/pe\/\">m\u00e1quinas tragamonedas<\/a> o pagamonedas ser\u00e1 del 100%.<\/li>\n\n\n\n<li>Para los juegos del Live Casino ser\u00e1 del 15%, a excepci\u00f3n del Dream Catcher que ser\u00e1 de -50%.<\/li>\n\n\n\n<li>Un 10% a los juegos de Roulette, a excepci\u00f3n del Live, el Caribbean Stud y el Casino Stud Poker.<\/li>\n\n\n\n<li>Con el casino Hold&#8217;Em, el Red Dog, el Pai Gow, los Poker Games, el Oasis Poker, y el m\u00e1s popular de todos, el Texas Holdem Poker tendr\u00e1 un valor de canje del 10%.<\/li>\n\n\n\n<li>Y un 5% en todo los juegos relacionados al Blackjack.<\/li>\n<\/ol>\n\n\n\n<p>Finalmente, estos t\u00e9rminos y condiciones est\u00e1n regidos por unas reglas m\u00e1s globales, o reglas interpuestas por la casa de apuestas, en este caso Betsson, denominadas <a href=\"https:\/\/promotions.betsson.com\/luxury-trips\/pe\/\">t\u00e9rminos condiciones generales.<\/a> Estas condiciones lo que te explican es que en caso de hallar cualquier tipo de anomal\u00eda, ser\u00e1 el sistema administrativo y de <strong>servicio al cliente<\/strong> quienes decidan excluir a los usuarios en el momento que ellos lo requieran, sin avisos previos y con <strong>sanciones econ\u00f3micas explicadas en retenci\u00f3n de saldos en las cuentas asociadas.<\/strong> Tambi\u00e9n se tiene un control absoluto sobre las promociones, que pueden incluir cambios en el sistema de juego o en la cancelaci\u00f3n de las mismas. As\u00ed mismo se puede proceder a <strong>retirar o excluir clientes<\/strong> que sean detectados con mando en varias cuentas, esto cabe dentro de las pol\u00edticas de mal uso y mal proceder a los servicios prestados por la compa\u00f1\u00eda dentro del Per\u00fa. La conoces, sabes c\u00f3mo funciona , solo resta tu decisi\u00f3n; te esperamos. &nbsp;<\/p>\n","protected":false},"excerpt":{"rendered":"<p>El mes patrio ha llegado cargado de excelentes noticias para los usuarios de Betsson, donde podr\u00e1s encontrar una promoci\u00f3n de locura que te lleva a conocer todo el Per\u00fa, adem\u00e1s de 3 premios sorpresa que le dan un toque de picante a\u00fan mayor. Vamos a conocerla, acomp\u00e1\u00f1anos. ATENCI\u00d3N: Al d\u00eda de la fecha, esta oferta &#8230; <a title=\"Betsson Per\u00fa &#8211; Luxury Trips &#8211; Viaja gratis con Betsson\" class=\"read-more\" href=\"https:\/\/apuestasfree.com\/pe\/betsson-peru-luxury-trips-viaja-gratis-con-betsson\/\" aria-label=\"Read more about Betsson Per\u00fa &#8211; Luxury Trips &#8211; Viaja gratis con Betsson\">Read more<\/a><\/p>\n","protected":false},"author":15,"featured_media":0,"parent":0,"menu_order":0,"comment_status":"closed","ping_status":"closed","template":"","meta":{"_uag_custom_page_level_css":"","footnotes":""},"class_list":["post-113822","page","type-page","status-publish"],"yoast_head":"<!-- This site is optimized with the Yoast SEO Premium plugin v27.1 (Yoast SEO v27.3) - https:\/\/yoast.com\/product\/yoast-seo-premium-wordpress\/ -->\n<title>Betsson Per\u00fa - Luxury Trips - Viaja gratis con Betsson -<\/title>\n<meta name=\"description\" content=\"Con la casa de apuestas Betsson podr\u00e1s encontrar una promoci\u00f3n de locura que te lleva a conocer todo el Per\u00fa, adem\u00e1s de 3 premios sorpresa\" \/>\n<meta name=\"robots\" content=\"index, follow, max-snippet:-1, max-image-preview:large, max-video-preview:-1\" \/>\n<link rel=\"canonical\" href=\"https:\/\/apuestasfree.com\/pe\/betsson-peru-luxury-trips-viaja-gratis-con-betsson\/\" \/>\n<meta property=\"og:locale\" content=\"es_ES\" \/>\n<meta property=\"og:type\" content=\"article\" \/>\n<meta property=\"og:title\" content=\"Betsson Per\u00fa - Luxury Trips - Viaja gratis con Betsson\" \/>\n<meta property=\"og:description\" content=\"Con la casa de apuestas Betsson podr\u00e1s encontrar una promoci\u00f3n de locura que te lleva a conocer todo el Per\u00fa, adem\u00e1s de 3 premios sorpresa\" \/>\n<meta property=\"og:url\" content=\"https:\/\/apuestasfree.com\/pe\/betsson-peru-luxury-trips-viaja-gratis-con-betsson\/\" \/>\n<meta property=\"og:site_name\" content=\"ApuestasFree\" \/>\n<meta property=\"article:modified_time\" content=\"2026-01-08T15:29:31+00:00\" \/>\n<meta name=\"twitter:card\" content=\"summary_large_image\" \/>\n<meta name=\"twitter:label1\" content=\"Est. reading time\" \/>\n\t<meta name=\"twitter:data1\" content=\"7 minutos\" \/>\n<script type=\"application\/ld+json\" class=\"yoast-schema-graph\">{\"@context\":\"https:\\\/\\\/schema.org\",\"@graph\":[{\"@type\":\"WebPage\",\"@id\":\"https:\\\/\\\/apuestasfree.com\\\/pe\\\/betsson-peru-luxury-trips-viaja-gratis-con-betsson\\\/\",\"url\":\"https:\\\/\\\/apuestasfree.com\\\/pe\\\/betsson-peru-luxury-trips-viaja-gratis-con-betsson\\\/\",\"name\":\"Betsson Per\u00fa - Luxury Trips - Viaja gratis con Betsson -\",\"isPartOf\":{\"@id\":\"https:\\\/\\\/apuestasfree.com\\\/pe\\\/#website\"},\"primaryImageOfPage\":{\"@id\":\"https:\\\/\\\/apuestasfree.com\\\/pe\\\/betsson-peru-luxury-trips-viaja-gratis-con-betsson\\\/#primaryimage\"},\"image\":{\"@id\":\"https:\\\/\\\/apuestasfree.com\\\/pe\\\/betsson-peru-luxury-trips-viaja-gratis-con-betsson\\\/#primaryimage\"},\"thumbnailUrl\":\"https:\\\/\\\/download.app\\\/wp-content\\\/uploads\\\/2019\\\/07\\\/Betsson-1.jpg\",\"datePublished\":\"2019-10-28T15:04:32+00:00\",\"dateModified\":\"2026-01-08T15:29:31+00:00\",\"description\":\"Con la casa de apuestas Betsson podr\u00e1s encontrar una promoci\u00f3n de locura que te lleva a conocer todo el Per\u00fa, adem\u00e1s de 3 premios sorpresa\",\"breadcrumb\":{\"@id\":\"https:\\\/\\\/apuestasfree.com\\\/pe\\\/betsson-peru-luxury-trips-viaja-gratis-con-betsson\\\/#breadcrumb\"},\"inLanguage\":\"es-PE\",\"potentialAction\":[{\"@type\":\"ReadAction\",\"target\":[\"https:\\\/\\\/apuestasfree.com\\\/pe\\\/betsson-peru-luxury-trips-viaja-gratis-con-betsson\\\/\"]}]},{\"@type\":\"ImageObject\",\"inLanguage\":\"es-PE\",\"@id\":\"https:\\\/\\\/apuestasfree.com\\\/pe\\\/betsson-peru-luxury-trips-viaja-gratis-con-betsson\\\/#primaryimage\",\"url\":\"https:\\\/\\\/download.app\\\/wp-content\\\/uploads\\\/2019\\\/07\\\/Betsson-1.jpg\",\"contentUrl\":\"https:\\\/\\\/download.app\\\/wp-content\\\/uploads\\\/2019\\\/07\\\/Betsson-1.jpg\"},{\"@type\":\"BreadcrumbList\",\"@id\":\"https:\\\/\\\/apuestasfree.com\\\/pe\\\/betsson-peru-luxury-trips-viaja-gratis-con-betsson\\\/#breadcrumb\",\"itemListElement\":[{\"@type\":\"ListItem\",\"position\":1,\"name\":\"Inicio\",\"item\":\"https:\\\/\\\/apuestasfree.com\\\/pe\\\/\"},{\"@type\":\"ListItem\",\"position\":2,\"name\":\"Betsson Per\u00fa &#8211; Luxury Trips &#8211; Viaja gratis con Betsson\"}]},{\"@type\":\"WebSite\",\"@id\":\"https:\\\/\\\/apuestasfree.com\\\/pe\\\/#website\",\"url\":\"https:\\\/\\\/apuestasfree.com\\\/pe\\\/\",\"name\":\"ApuestasFree\",\"description\":\"\",\"publisher\":{\"@id\":\"https:\\\/\\\/apuestasfree.com\\\/pe\\\/#organization\"},\"potentialAction\":[{\"@type\":\"SearchAction\",\"target\":{\"@type\":\"EntryPoint\",\"urlTemplate\":\"https:\\\/\\\/apuestasfree.com\\\/pe\\\/?s={search_term_string}\"},\"query-input\":{\"@type\":\"PropertyValueSpecification\",\"valueRequired\":true,\"valueName\":\"search_term_string\"}}],\"inLanguage\":\"es-PE\"},{\"@type\":\"Organization\",\"@id\":\"https:\\\/\\\/apuestasfree.com\\\/pe\\\/#organization\",\"name\":\"ApuestasFree\",\"url\":\"https:\\\/\\\/apuestasfree.com\\\/pe\\\/\",\"logo\":{\"@type\":\"ImageObject\",\"inLanguage\":\"es-PE\",\"@id\":\"https:\\\/\\\/apuestasfree.com\\\/pe\\\/#\\\/schema\\\/logo\\\/image\\\/\",\"url\":\"https:\\\/\\\/apuestasfree.com\\\/wp-content\\\/uploads\\\/2019\\\/06\\\/afree_logo.png\",\"contentUrl\":\"https:\\\/\\\/apuestasfree.com\\\/wp-content\\\/uploads\\\/2019\\\/06\\\/afree_logo.png\",\"width\":106,\"height\":50,\"caption\":\"ApuestasFree\"},\"image\":{\"@id\":\"https:\\\/\\\/apuestasfree.com\\\/pe\\\/#\\\/schema\\\/logo\\\/image\\\/\"}}]}<\/script>\n<!-- \/ Yoast SEO Premium plugin. -->","yoast_head_json":{"title":"Betsson Per\u00fa - Luxury Trips - Viaja gratis con Betsson -","description":"Con la casa de apuestas Betsson podr\u00e1s encontrar una promoci\u00f3n de locura que te lleva a conocer todo el Per\u00fa, adem\u00e1s de 3 premios sorpresa","robots":{"index":"index","follow":"follow","max-snippet":"max-snippet:-1","max-image-preview":"max-image-preview:large","max-video-preview":"max-video-preview:-1"},"canonical":"https:\/\/apuestasfree.com\/pe\/betsson-peru-luxury-trips-viaja-gratis-con-betsson\/","og_locale":"es_ES","og_type":"article","og_title":"Betsson Per\u00fa - Luxury Trips - Viaja gratis con Betsson","og_description":"Con la casa de apuestas Betsson podr\u00e1s encontrar una promoci\u00f3n de locura que te lleva a conocer todo el Per\u00fa, adem\u00e1s de 3 premios sorpresa","og_url":"https:\/\/apuestasfree.com\/pe\/betsson-peru-luxury-trips-viaja-gratis-con-betsson\/","og_site_name":"ApuestasFree","article_modified_time":"2026-01-08T15:29:31+00:00","twitter_card":"summary_large_image","twitter_misc":{"Est. reading time":"7 minutos"},"schema":{"@context":"https:\/\/schema.org","@graph":[{"@type":"WebPage","@id":"https:\/\/apuestasfree.com\/pe\/betsson-peru-luxury-trips-viaja-gratis-con-betsson\/","url":"https:\/\/apuestasfree.com\/pe\/betsson-peru-luxury-trips-viaja-gratis-con-betsson\/","name":"Betsson Per\u00fa - Luxury Trips - Viaja gratis con Betsson -","isPartOf":{"@id":"https:\/\/apuestasfree.com\/pe\/#website"},"primaryImageOfPage":{"@id":"https:\/\/apuestasfree.com\/pe\/betsson-peru-luxury-trips-viaja-gratis-con-betsson\/#primaryimage"},"image":{"@id":"https:\/\/apuestasfree.com\/pe\/betsson-peru-luxury-trips-viaja-gratis-con-betsson\/#primaryimage"},"thumbnailUrl":"https:\/\/download.app\/wp-content\/uploads\/2019\/07\/Betsson-1.jpg","datePublished":"2019-10-28T15:04:32+00:00","dateModified":"2026-01-08T15:29:31+00:00","description":"Con la casa de apuestas Betsson podr\u00e1s encontrar una promoci\u00f3n de locura que te lleva a conocer todo el Per\u00fa, adem\u00e1s de 3 premios sorpresa","breadcrumb":{"@id":"https:\/\/apuestasfree.com\/pe\/betsson-peru-luxury-trips-viaja-gratis-con-betsson\/#breadcrumb"},"inLanguage":"es-PE","potentialAction":[{"@type":"ReadAction","target":["https:\/\/apuestasfree.com\/pe\/betsson-peru-luxury-trips-viaja-gratis-con-betsson\/"]}]},{"@type":"ImageObject","inLanguage":"es-PE","@id":"https:\/\/apuestasfree.com\/pe\/betsson-peru-luxury-trips-viaja-gratis-con-betsson\/#primaryimage","url":"https:\/\/download.app\/wp-content\/uploads\/2019\/07\/Betsson-1.jpg","contentUrl":"https:\/\/download.app\/wp-content\/uploads\/2019\/07\/Betsson-1.jpg"},{"@type":"BreadcrumbList","@id":"https:\/\/apuestasfree.com\/pe\/betsson-peru-luxury-trips-viaja-gratis-con-betsson\/#breadcrumb","itemListElement":[{"@type":"ListItem","position":1,"name":"Inicio","item":"https:\/\/apuestasfree.com\/pe\/"},{"@type":"ListItem","position":2,"name":"Betsson Per\u00fa &#8211; Luxury Trips &#8211; Viaja gratis con Betsson"}]},{"@type":"WebSite","@id":"https:\/\/apuestasfree.com\/pe\/#website","url":"https:\/\/apuestasfree.com\/pe\/","name":"ApuestasFree","description":"","publisher":{"@id":"https:\/\/apuestasfree.com\/pe\/#organization"},"potentialAction":[{"@type":"SearchAction","target":{"@type":"EntryPoint","urlTemplate":"https:\/\/apuestasfree.com\/pe\/?s={search_term_string}"},"query-input":{"@type":"PropertyValueSpecification","valueRequired":true,"valueName":"search_term_string"}}],"inLanguage":"es-PE"},{"@type":"Organization","@id":"https:\/\/apuestasfree.com\/pe\/#organization","name":"ApuestasFree","url":"https:\/\/apuestasfree.com\/pe\/","logo":{"@type":"ImageObject","inLanguage":"es-PE","@id":"https:\/\/apuestasfree.com\/pe\/#\/schema\/logo\/image\/","url":"https:\/\/apuestasfree.com\/wp-content\/uploads\/2019\/06\/afree_logo.png","contentUrl":"https:\/\/apuestasfree.com\/wp-content\/uploads\/2019\/06\/afree_logo.png","width":106,"height":50,"caption":"ApuestasFree"},"image":{"@id":"https:\/\/apuestasfree.com\/pe\/#\/schema\/logo\/image\/"}}]}},"uagb_featured_image_src":{"full":false,"thumbnail":false,"medium":false,"medium_large":false,"large":false,"1536x1536":false,"2048x2048":false},"uagb_author_info":{"display_name":"edu","author_link":"https:\/\/apuestasfree.com\/pe\/author\/edu\/"},"uagb_comment_info":0,"uagb_excerpt":"El mes patrio ha llegado cargado de excelentes noticias para los usuarios de Betsson, donde podr\u00e1s encontrar una promoci\u00f3n de locura que te lleva a conocer todo el Per\u00fa, adem\u00e1s de 3 premios sorpresa que le dan un toque de picante a\u00fan mayor. Vamos a conocerla, acomp\u00e1\u00f1anos. ATENCI\u00d3N: Al d\u00eda de la fecha, esta oferta&hellip;","_links":{"self":[{"href":"https:\/\/apuestasfree.com\/pe\/wp-json\/wp\/v2\/pages\/113822","targetHints":{"allow":["GET"]}}],"collection":[{"href":"https:\/\/apuestasfree.com\/pe\/wp-json\/wp\/v2\/pages"}],"about":[{"href":"https:\/\/apuestasfree.com\/pe\/wp-json\/wp\/v2\/types\/page"}],"author":[{"embeddable":true,"href":"https:\/\/apuestasfree.com\/pe\/wp-json\/wp\/v2\/users\/15"}],"replies":[{"embeddable":true,"href":"https:\/\/apuestasfree.com\/pe\/wp-json\/wp\/v2\/comments?post=113822"}],"version-history":[{"count":4,"href":"https:\/\/apuestasfree.com\/pe\/wp-json\/wp\/v2\/pages\/113822\/revisions"}],"predecessor-version":[{"id":2104188,"href":"https:\/\/apuestasfree.com\/pe\/wp-json\/wp\/v2\/pages\/113822\/revisions\/2104188"}],"wp:attachment":[{"href":"https:\/\/apuestasfree.com\/pe\/wp-json\/wp\/v2\/media?parent=113822"}],"curies":[{"name":"wp","href":"https:\/\/api.w.org\/{rel}","templated":true}]}}