{"id":619745,"date":"2021-12-21T01:54:28","date_gmt":"2021-12-21T00:54:28","guid":{"rendered":"https:\/\/apuestasfree.com\/?page_id=619745"},"modified":"2025-10-08T22:17:21","modified_gmt":"2025-10-08T20:17:21","slug":"codere-bono-apuestas-deportivas-panama","status":"publish","type":"page","link":"https:\/\/apuestasfree.com\/pan\/codere-bono-apuestas-deportivas-panama\/","title":{"rendered":"Codere nuevo bono de apuestas Panam\u00e1 + Bono hasta US$250"},"content":{"rendered":"\n<p class=\"has-text-align-left\">\u00bfQuieres conseguir el Nuevo <strong>Bono en apuestas de Codere Panam\u00e1<\/strong>? Te contamos que esta excelente propuesta surge de forma exclusiva en Panam\u00e1. Por esto, te mostramos c\u00f3mo conseguir el nuevo <strong>bono<\/strong> en<strong> apuestas<\/strong> del<strong> 100%, hasta US$250<\/strong> en Codere. Y por si fuera poco, tambi\u00e9n aprender\u00e1s c\u00f3mo conseguir un bono id\u00e9ntico para el Casino online del sitio, s\u00f3lo por <a href=\"https:\/\/recor.to\/coderepanamabono\" target=\"_blank\" rel=\"noreferrer noopener nofollow sponsored\">Registrarte en Codere Panam\u00e1<\/a>.<\/p>\n\n\n\n<hr class=\"wp-block-separator has-text-color has-contrast-3-color has-css-opacity has-contrast-3-background-color has-background\"\/>\n\n\n\n<figure class=\"wp-block-image size-large\"><a href=\"https:\/\/recor.to\/coderepanamabono\" target=\"_blank\" rel=\" noreferrer noopener nofollow sponsored\"><img fetchpriority=\"high\" decoding=\"async\" width=\"1024\" height=\"382\" src=\"https:\/\/apuestasfree.com\/wp-content\/uploads\/2025\/10\/codere-bono-apuestas-deportivas-panama-1024x382.png\" alt=\"codere bono apuestas deportivas panam\u00e1\" class=\"wp-image-2037411\" srcset=\"https:\/\/apuestasfree.com\/wp-content\/uploads\/2025\/10\/codere-bono-apuestas-deportivas-panama-1024x382.png 1024w, https:\/\/apuestasfree.com\/wp-content\/uploads\/2025\/10\/codere-bono-apuestas-deportivas-panama-300x112.png 300w, https:\/\/apuestasfree.com\/wp-content\/uploads\/2025\/10\/codere-bono-apuestas-deportivas-panama-768x287.png 768w, https:\/\/apuestasfree.com\/wp-content\/uploads\/2025\/10\/codere-bono-apuestas-deportivas-panama-1536x573.png 1536w, https:\/\/apuestasfree.com\/wp-content\/uploads\/2025\/10\/codere-bono-apuestas-deportivas-panama.png 1702w\" sizes=\"(max-width: 1024px) 100vw, 1024px\" \/><\/a><\/figure>\n\n\n\n<hr class=\"wp-block-separator has-text-color has-contrast-3-color has-css-opacity has-contrast-3-background-color has-background\"\/>\n\n\n\n<h2 class=\"wp-block-heading\" id=\"h-nuevo-bono-en-apuestas-deportivas-del-100-extra-hasta-us-100\">Nuevo Bono en apuestas deportivas<a href=\"https:\/\/apuestasfree.com\/pan\/codere-bono-apuestas-deportivas\/\"> <\/a>del 100% extra, hasta US$200<\/h2>\n\n\n\n<p>Sin dudas te recomendamos reclamar el nuevo <strong>bono en apuestas de Codere Panam\u00e1<\/strong>. Por ello, te contamos que ofrece el <a href=\"https:\/\/apuestasfree.com\/pan\/codere-bono-apuestas-deportivas\/\" target=\"_blank\" rel=\"noreferrer noopener\"><strong><em>100% extra, hasta un m\u00e1ximo de US$200<\/em><\/strong><\/a>. A su vez, deber\u00e1s realizar un primer <strong>dep\u00f3sito<\/strong> de <strong>m\u00ednimo US$20<\/strong> para solicitar este beneficio. El bono ser\u00e1 entregado en forma de Freebets, con valores de US$10 cada una.\u00a0<\/p>\n\n\n\n<ul class=\"wp-block-list\">\n<li>Realiza un <strong>Primer dep\u00f3sito<\/strong> de<strong> US$20 o m\u00e1s<\/strong> en Codere Panam\u00e1.<\/li>\n\n\n\n<li>Reclama el<strong> Bono en apuestas del 100% extra<\/strong>, <strong>hasta US$200 en forma de freebets<\/strong>.<\/li>\n\n\n\n<li><strong>Apuesta<\/strong> por un valor igual al <strong>Dep\u00f3sito hecho, <\/strong>en m\u00faltiplos de 10 y a cuota m\u00ednima de 2.00. <\/li>\n<\/ul>\n\n\n\n<ul class=\"wp-block-list\">\n<li>Al usar las Freebets, s\u00f3lo valdr\u00e1n las <strong>apuestas<\/strong> con <strong>cuotas<\/strong> de <strong>1.50<\/strong> o superiores.<\/li>\n\n\n\n<li>Tendr\u00e1s 30<strong>\u00a0d\u00edas para cumplir estos requisitos<\/strong>, o perder\u00e1s el bono y las ganancias obtenidas.<\/li>\n\n\n\n<li>Las apuestas gratis tienen una validez de 7 d\u00edas para ser utilizadas.&nbsp;<\/li>\n<\/ul>\n\n\n\n<p>Tambi\u00e9n te puede interesar: <strong><em><a href=\"https:\/\/apuestasfree.com\/pan\/codere-bono-tenis\/\" target=\"_blank\" rel=\"noreferrer noopener\">Bono de Codere para apostar en tenis. <\/a><\/em><\/strong><\/p>\n\n\n\n<div class=\"wp-block-buttons is-horizontal is-content-justification-center is-layout-flex wp-container-core-buttons-is-layout-499968f5 wp-block-buttons-is-layout-flex\">\n<div class=\"wp-block-button\"><a class=\"wp-block-button__link has-base-3-color has-text-color has-background has-medium-font-size has-custom-font-size wp-element-button\" href=\"https:\/\/recor.to\/coderepanamabono\" style=\"border-radius:25px;background:linear-gradient(135deg,rgb(167,221,81) 0%,rgb(21,127,35) 100%)\" target=\"_blank\" rel=\"noreferrer noopener nofollow sponsored\"><strong><em>Bono en apuestas de hasta US$200 en Codere Panam\u00e1<\/em><\/strong><\/a><\/div>\n<\/div>\n\n\n\n<hr class=\"wp-block-separator has-text-color has-contrast-3-color has-css-opacity has-contrast-3-background-color has-background\"\/>\n\n\n\n<figure class=\"wp-block-image size-large\"><a href=\"https:\/\/recor.to\/coderepanamabono\" target=\"_blank\" rel=\" noreferrer noopener nofollow sponsored\"><img decoding=\"async\" width=\"1024\" height=\"381\" src=\"https:\/\/apuestasfree.com\/wp-content\/uploads\/2025\/07\/codere-bono-apuestas-1024x381.png\" alt=\"codere bono apuestas\" class=\"wp-image-1992307\" srcset=\"https:\/\/apuestasfree.com\/wp-content\/uploads\/2025\/07\/codere-bono-apuestas-1024x381.png 1024w, https:\/\/apuestasfree.com\/wp-content\/uploads\/2025\/07\/codere-bono-apuestas-300x112.png 300w, https:\/\/apuestasfree.com\/wp-content\/uploads\/2025\/07\/codere-bono-apuestas-768x286.png 768w, https:\/\/apuestasfree.com\/wp-content\/uploads\/2025\/07\/codere-bono-apuestas.png 1049w\" sizes=\"(max-width: 1024px) 100vw, 1024px\" \/><\/a><\/figure>\n\n\n\n<hr class=\"wp-block-separator has-text-color has-contrast-3-color has-css-opacity has-contrast-3-background-color has-background\"\/>\n\n\n\n<h2 class=\"wp-block-heading\" id=\"h-bono-sin-deposito-de-us-10-en-codere-panama\">Bono de casino hasta US$50 en Codere Panam\u00e1<\/h2>\n\n\n\n<p>Tambi\u00e9n queremos contarte que el <strong>Bono de Casino <\/strong>es igualmente <strong>exclusivo<\/strong>&nbsp;para <strong>nuevos usuarios<\/strong> registrados en Codere Panam\u00e1. Como siempre, deber\u00e1s <strong>verificar tu cuenta,<\/strong> comprobando tu identidad en Codere, para recibir este beneficio exclusivo. \u00a1Y tendr\u00e1s que elegir! O lo usas en el casino, o lo usas en tus apuestas.&nbsp;Para ayudarte, te dejamos una <strong><em><a href=\"https:\/\/apuestasfree.com\/pan\/codere-como-registrarse-desde-panama\/\" target=\"_blank\" rel=\"noreferrer noopener\">Gu\u00eda para registrarte en Codere. <\/a><\/em><\/strong><\/p>\n\n\n\n<p>Entonces, el sistema te pedir\u00e1 seleccionar tu bono y tendr\u00e1s la opci\u00f3n de recibir un <strong>Bono casino de US$50<\/strong> para usar exclusivamente en la secci\u00f3n <strong>Playtech<\/strong> de Codere Panam\u00e1. Este bono tiene forma de saldo extra, y deber\u00e1s usarla en el tiempo l\u00edmite establecido, as\u00ed como el rollover o requisito de apuestas.\u00a0<\/p>\n\n\n\n<blockquote class=\"wp-block-quote is-layout-flow wp-block-quote-is-layout-flow\">\n<p><strong>Rollover del Bono Casino de US$50<\/strong>: Utilizar la bonificaci\u00f3n en la categor\u00eda Playtech con un rollover x20.\u00a0<\/p>\n\n\n\n<p>Duraci\u00f3n de la bonificaci\u00f3n limitada a <strong>30 d\u00edas<\/strong> desde que es acreditada en tu cuenta.<\/p>\n<\/blockquote>\n\n\n\n<div class=\"wp-block-buttons is-horizontal is-content-justification-center is-layout-flex wp-container-core-buttons-is-layout-499968f5 wp-block-buttons-is-layout-flex\">\n<div class=\"wp-block-button\"><a class=\"wp-block-button__link has-base-3-color has-text-color has-background has-medium-font-size has-custom-font-size wp-element-button\" href=\"https:\/\/recor.to\/coderepanamabono\" style=\"border-radius:25px;background:linear-gradient(135deg,rgb(167,221,81) 0%,rgb(21,127,35) 100%)\" target=\"_blank\" rel=\"noreferrer noopener nofollow sponsored\"><strong><em>\u00a1Bono casino de US$50 en Codere Panam\u00e1!<\/em><\/strong><\/a><\/div>\n<\/div>\n","protected":false},"excerpt":{"rendered":"<p>\u00bfQuieres conseguir el Nuevo Bono en apuestas de Codere Panam\u00e1? Te contamos que esta excelente propuesta surge de forma exclusiva en Panam\u00e1. Por esto, te mostramos c\u00f3mo conseguir el nuevo bono en apuestas del 100%, hasta US$250 en Codere. Y por si fuera poco, tambi\u00e9n aprender\u00e1s c\u00f3mo conseguir un bono id\u00e9ntico para el Casino online &#8230; <a title=\"Codere nuevo bono de apuestas Panam\u00e1 + Bono hasta US$250\" class=\"read-more\" href=\"https:\/\/apuestasfree.com\/pan\/codere-bono-apuestas-deportivas-panama\/\" aria-label=\"Read more about Codere nuevo bono de apuestas Panam\u00e1 + Bono hasta US$250\">Read more<\/a><\/p>\n","protected":false},"author":33099,"featured_media":0,"parent":0,"menu_order":0,"comment_status":"closed","ping_status":"closed","template":"","meta":{"_uag_custom_page_level_css":"","footnotes":""},"class_list":["post-619745","page","type-page","status-publish"],"yoast_head":"<!-- This site is optimized with the Yoast SEO Premium plugin v27.1 (Yoast SEO v27.4) - https:\/\/yoast.com\/product\/yoast-seo-premium-wordpress\/ -->\n<title>Codere nuevo bono de apuestas Panam\u00e1 + Bono hasta US$250<\/title>\n<meta name=\"description\" content=\"\u25b7 Codere ya te permite hacer tus apuestas desde Panam\u00e1 \u2714\ufe0f Bono de Bienvenida de US$200 en FREEBETS \u2714\ufe0f Bono Casino de US$50\" \/>\n<meta name=\"robots\" content=\"index, follow, max-snippet:-1, max-image-preview:large, max-video-preview:-1\" \/>\n<link rel=\"canonical\" href=\"https:\/\/apuestasfree.com\/pan\/codere-bono-apuestas-deportivas-panama\/\" \/>\n<meta property=\"og:locale\" content=\"es_ES\" \/>\n<meta property=\"og:type\" content=\"article\" \/>\n<meta property=\"og:title\" content=\"Codere nuevo bono de apuestas Panam\u00e1 + Bono hasta US$250\" \/>\n<meta property=\"og:description\" content=\"\u25b7 Codere ya te permite hacer tus apuestas desde Panam\u00e1 \u2714\ufe0f Bono de Bienvenida de US$200 en FREEBETS \u2714\ufe0f Bono Casino de US$50\" \/>\n<meta property=\"og:url\" content=\"https:\/\/apuestasfree.com\/pan\/codere-bono-apuestas-deportivas-panama\/\" \/>\n<meta property=\"og:site_name\" content=\"ApuestasFree\" \/>\n<meta property=\"article:modified_time\" content=\"2025-10-08T20:17:21+00:00\" \/>\n<meta property=\"og:image\" content=\"https:\/\/apuestasfree.com\/wp-content\/uploads\/2025\/10\/codere-bono-apuestas-deportivas-panama.png\" \/>\n\t<meta property=\"og:image:width\" content=\"1702\" \/>\n\t<meta property=\"og:image:height\" content=\"635\" \/>\n\t<meta property=\"og:image:type\" content=\"image\/png\" \/>\n<meta name=\"twitter:card\" content=\"summary_large_image\" \/>\n<meta name=\"twitter:label1\" content=\"Est. reading time\" \/>\n\t<meta name=\"twitter:data1\" content=\"3 minutes\" \/>\n<script type=\"application\/ld+json\" class=\"yoast-schema-graph\">{\"@context\":\"https:\\\/\\\/schema.org\",\"@graph\":[{\"@type\":\"WebPage\",\"@id\":\"https:\\\/\\\/apuestasfree.com\\\/pan\\\/codere-bono-apuestas-deportivas-panama\\\/\",\"url\":\"https:\\\/\\\/apuestasfree.com\\\/pan\\\/codere-bono-apuestas-deportivas-panama\\\/\",\"name\":\"Codere nuevo bono de apuestas Panam\u00e1 + Bono hasta US$250\",\"isPartOf\":{\"@id\":\"https:\\\/\\\/apuestasfree.com\\\/pan\\\/#website\"},\"primaryImageOfPage\":{\"@id\":\"https:\\\/\\\/apuestasfree.com\\\/pan\\\/codere-bono-apuestas-deportivas-panama\\\/#primaryimage\"},\"image\":{\"@id\":\"https:\\\/\\\/apuestasfree.com\\\/pan\\\/codere-bono-apuestas-deportivas-panama\\\/#primaryimage\"},\"thumbnailUrl\":\"https:\\\/\\\/apuestasfree.com\\\/wp-content\\\/uploads\\\/2025\\\/10\\\/codere-bono-apuestas-deportivas-panama-1024x382.png\",\"datePublished\":\"2021-12-21T00:54:28+00:00\",\"dateModified\":\"2025-10-08T20:17:21+00:00\",\"description\":\"\u25b7 Codere ya te permite hacer tus apuestas desde Panam\u00e1 \u2714\ufe0f Bono de Bienvenida de US$200 en FREEBETS \u2714\ufe0f Bono Casino de US$50\",\"breadcrumb\":{\"@id\":\"https:\\\/\\\/apuestasfree.com\\\/pan\\\/codere-bono-apuestas-deportivas-panama\\\/#breadcrumb\"},\"inLanguage\":\"es-PA\",\"potentialAction\":[{\"@type\":\"ReadAction\",\"target\":[\"https:\\\/\\\/apuestasfree.com\\\/pan\\\/codere-bono-apuestas-deportivas-panama\\\/\"]}]},{\"@type\":\"ImageObject\",\"inLanguage\":\"es-PA\",\"@id\":\"https:\\\/\\\/apuestasfree.com\\\/pan\\\/codere-bono-apuestas-deportivas-panama\\\/#primaryimage\",\"url\":\"https:\\\/\\\/apuestasfree.com\\\/wp-content\\\/uploads\\\/2025\\\/10\\\/codere-bono-apuestas-deportivas-panama-1024x382.png\",\"contentUrl\":\"https:\\\/\\\/apuestasfree.com\\\/wp-content\\\/uploads\\\/2025\\\/10\\\/codere-bono-apuestas-deportivas-panama-1024x382.png\"},{\"@type\":\"BreadcrumbList\",\"@id\":\"https:\\\/\\\/apuestasfree.com\\\/pan\\\/codere-bono-apuestas-deportivas-panama\\\/#breadcrumb\",\"itemListElement\":[{\"@type\":\"ListItem\",\"position\":1,\"name\":\"Inicio\",\"item\":\"https:\\\/\\\/apuestasfree.com\\\/pan\\\/\"},{\"@type\":\"ListItem\",\"position\":2,\"name\":\"Codere nuevo bono de apuestas Panam\u00e1 + Bono hasta US$250\"}]},{\"@type\":\"WebSite\",\"@id\":\"https:\\\/\\\/apuestasfree.com\\\/pan\\\/#website\",\"url\":\"https:\\\/\\\/apuestasfree.com\\\/pan\\\/\",\"name\":\"ApuestasFree\",\"description\":\"\",\"publisher\":{\"@id\":\"https:\\\/\\\/apuestasfree.com\\\/pan\\\/#organization\"},\"potentialAction\":[{\"@type\":\"SearchAction\",\"target\":{\"@type\":\"EntryPoint\",\"urlTemplate\":\"https:\\\/\\\/apuestasfree.com\\\/pan\\\/?s={search_term_string}\"},\"query-input\":{\"@type\":\"PropertyValueSpecification\",\"valueRequired\":true,\"valueName\":\"search_term_string\"}}],\"inLanguage\":\"es-PA\"},{\"@type\":\"Organization\",\"@id\":\"https:\\\/\\\/apuestasfree.com\\\/pan\\\/#organization\",\"name\":\"ApuestasFree\",\"url\":\"https:\\\/\\\/apuestasfree.com\\\/pan\\\/\",\"logo\":{\"@type\":\"ImageObject\",\"inLanguage\":\"es-PA\",\"@id\":\"https:\\\/\\\/apuestasfree.com\\\/pan\\\/#\\\/schema\\\/logo\\\/image\\\/\",\"url\":\"https:\\\/\\\/apuestasfree.com\\\/wp-content\\\/uploads\\\/2019\\\/06\\\/afree_logo.png\",\"contentUrl\":\"https:\\\/\\\/apuestasfree.com\\\/wp-content\\\/uploads\\\/2019\\\/06\\\/afree_logo.png\",\"width\":106,\"height\":50,\"caption\":\"ApuestasFree\"},\"image\":{\"@id\":\"https:\\\/\\\/apuestasfree.com\\\/pan\\\/#\\\/schema\\\/logo\\\/image\\\/\"}}]}<\/script>\n<!-- \/ Yoast SEO Premium plugin. -->","yoast_head_json":{"title":"Codere nuevo bono de apuestas Panam\u00e1 + Bono hasta US$250","description":"\u25b7 Codere ya te permite hacer tus apuestas desde Panam\u00e1 \u2714\ufe0f Bono de Bienvenida de US$200 en FREEBETS \u2714\ufe0f Bono Casino de US$50","robots":{"index":"index","follow":"follow","max-snippet":"max-snippet:-1","max-image-preview":"max-image-preview:large","max-video-preview":"max-video-preview:-1"},"canonical":"https:\/\/apuestasfree.com\/pan\/codere-bono-apuestas-deportivas-panama\/","og_locale":"es_ES","og_type":"article","og_title":"Codere nuevo bono de apuestas Panam\u00e1 + Bono hasta US$250","og_description":"\u25b7 Codere ya te permite hacer tus apuestas desde Panam\u00e1 \u2714\ufe0f Bono de Bienvenida de US$200 en FREEBETS \u2714\ufe0f Bono Casino de US$50","og_url":"https:\/\/apuestasfree.com\/pan\/codere-bono-apuestas-deportivas-panama\/","og_site_name":"ApuestasFree","article_modified_time":"2025-10-08T20:17:21+00:00","og_image":[{"width":1702,"height":635,"url":"https:\/\/apuestasfree.com\/wp-content\/uploads\/2025\/10\/codere-bono-apuestas-deportivas-panama.png","type":"image\/png"}],"twitter_card":"summary_large_image","twitter_misc":{"Est. reading time":"3 minutes"},"schema":{"@context":"https:\/\/schema.org","@graph":[{"@type":"WebPage","@id":"https:\/\/apuestasfree.com\/pan\/codere-bono-apuestas-deportivas-panama\/","url":"https:\/\/apuestasfree.com\/pan\/codere-bono-apuestas-deportivas-panama\/","name":"Codere nuevo bono de apuestas Panam\u00e1 + Bono hasta US$250","isPartOf":{"@id":"https:\/\/apuestasfree.com\/pan\/#website"},"primaryImageOfPage":{"@id":"https:\/\/apuestasfree.com\/pan\/codere-bono-apuestas-deportivas-panama\/#primaryimage"},"image":{"@id":"https:\/\/apuestasfree.com\/pan\/codere-bono-apuestas-deportivas-panama\/#primaryimage"},"thumbnailUrl":"https:\/\/apuestasfree.com\/wp-content\/uploads\/2025\/10\/codere-bono-apuestas-deportivas-panama-1024x382.png","datePublished":"2021-12-21T00:54:28+00:00","dateModified":"2025-10-08T20:17:21+00:00","description":"\u25b7 Codere ya te permite hacer tus apuestas desde Panam\u00e1 \u2714\ufe0f Bono de Bienvenida de US$200 en FREEBETS \u2714\ufe0f Bono Casino de US$50","breadcrumb":{"@id":"https:\/\/apuestasfree.com\/pan\/codere-bono-apuestas-deportivas-panama\/#breadcrumb"},"inLanguage":"es-PA","potentialAction":[{"@type":"ReadAction","target":["https:\/\/apuestasfree.com\/pan\/codere-bono-apuestas-deportivas-panama\/"]}]},{"@type":"ImageObject","inLanguage":"es-PA","@id":"https:\/\/apuestasfree.com\/pan\/codere-bono-apuestas-deportivas-panama\/#primaryimage","url":"https:\/\/apuestasfree.com\/wp-content\/uploads\/2025\/10\/codere-bono-apuestas-deportivas-panama-1024x382.png","contentUrl":"https:\/\/apuestasfree.com\/wp-content\/uploads\/2025\/10\/codere-bono-apuestas-deportivas-panama-1024x382.png"},{"@type":"BreadcrumbList","@id":"https:\/\/apuestasfree.com\/pan\/codere-bono-apuestas-deportivas-panama\/#breadcrumb","itemListElement":[{"@type":"ListItem","position":1,"name":"Inicio","item":"https:\/\/apuestasfree.com\/pan\/"},{"@type":"ListItem","position":2,"name":"Codere nuevo bono de apuestas Panam\u00e1 + Bono hasta US$250"}]},{"@type":"WebSite","@id":"https:\/\/apuestasfree.com\/pan\/#website","url":"https:\/\/apuestasfree.com\/pan\/","name":"ApuestasFree","description":"","publisher":{"@id":"https:\/\/apuestasfree.com\/pan\/#organization"},"potentialAction":[{"@type":"SearchAction","target":{"@type":"EntryPoint","urlTemplate":"https:\/\/apuestasfree.com\/pan\/?s={search_term_string}"},"query-input":{"@type":"PropertyValueSpecification","valueRequired":true,"valueName":"search_term_string"}}],"inLanguage":"es-PA"},{"@type":"Organization","@id":"https:\/\/apuestasfree.com\/pan\/#organization","name":"ApuestasFree","url":"https:\/\/apuestasfree.com\/pan\/","logo":{"@type":"ImageObject","inLanguage":"es-PA","@id":"https:\/\/apuestasfree.com\/pan\/#\/schema\/logo\/image\/","url":"https:\/\/apuestasfree.com\/wp-content\/uploads\/2019\/06\/afree_logo.png","contentUrl":"https:\/\/apuestasfree.com\/wp-content\/uploads\/2019\/06\/afree_logo.png","width":106,"height":50,"caption":"ApuestasFree"},"image":{"@id":"https:\/\/apuestasfree.com\/pan\/#\/schema\/logo\/image\/"}}]}},"uagb_featured_image_src":{"full":false,"thumbnail":false,"medium":false,"medium_large":false,"large":false,"1536x1536":false,"2048x2048":false},"uagb_author_info":{"display_name":"Emiliano Diaz","author_link":"https:\/\/apuestasfree.com\/pan\/author\/luis-maria\/"},"uagb_comment_info":0,"uagb_excerpt":"\u00bfQuieres conseguir el Nuevo Bono en apuestas de Codere Panam\u00e1? Te contamos que esta excelente propuesta surge de forma exclusiva en Panam\u00e1. Por esto, te mostramos c\u00f3mo conseguir el nuevo bono en apuestas del 100%, hasta US$250 en Codere. Y por si fuera poco, tambi\u00e9n aprender\u00e1s c\u00f3mo conseguir un bono id\u00e9ntico para el Casino online&hellip;","_links":{"self":[{"href":"https:\/\/apuestasfree.com\/pan\/wp-json\/wp\/v2\/pages\/619745","targetHints":{"allow":["GET"]}}],"collection":[{"href":"https:\/\/apuestasfree.com\/pan\/wp-json\/wp\/v2\/pages"}],"about":[{"href":"https:\/\/apuestasfree.com\/pan\/wp-json\/wp\/v2\/types\/page"}],"author":[{"embeddable":true,"href":"https:\/\/apuestasfree.com\/pan\/wp-json\/wp\/v2\/users\/33099"}],"replies":[{"embeddable":true,"href":"https:\/\/apuestasfree.com\/pan\/wp-json\/wp\/v2\/comments?post=619745"}],"version-history":[{"count":4,"href":"https:\/\/apuestasfree.com\/pan\/wp-json\/wp\/v2\/pages\/619745\/revisions"}],"predecessor-version":[{"id":2037440,"href":"https:\/\/apuestasfree.com\/pan\/wp-json\/wp\/v2\/pages\/619745\/revisions\/2037440"}],"wp:attachment":[{"href":"https:\/\/apuestasfree.com\/pan\/wp-json\/wp\/v2\/media?parent=619745"}],"curies":[{"name":"wp","href":"https:\/\/api.w.org\/{rel}","templated":true}]}}