{"id":91447,"date":"2018-09-27T13:52:18","date_gmt":"2018-09-27T11:52:45","guid":{"rendered":"https:\/\/apuestasfree.com\/codere\/"},"modified":"2026-01-30T16:32:34","modified_gmt":"2026-01-30T15:32:34","slug":"codere-2","status":"publish","type":"page","link":"https:\/\/apuestasfree.com\/mx\/codere-2\/","title":{"rendered":"An\u00e1lisis de Codere \u2705"},"content":{"rendered":"\n<p>Aqu\u00ed en este post, les proporcionamos un an\u00e1lisis de la casa de apuestas <a href=\"https:\/\/online.codere.es\/promoRedirect?key=ej0xMzUzMDYzOSZsPTEzNTMwMzk5JnA9MzMxMjE0\" target=\"_blank\" rel=\"noopener noreferrer\"><strong>Codere,<\/strong><\/a> una de las gigantes del sector. La misma, recientemente, ha impulsado su oferta de juego online en M\u00e9xico y ya forma parte del cat\u00e1logo de casas con las que Apuestasfree colabora. Te contamos todo lo que tienes que saber sobre esta casa para que sepas qu\u00e9 te ofrecen en todas las \u00e1reas.<\/p>\n\n\n\n<h2 class=\"wp-block-heading\">Codere, \u00bfquienes son?<\/h2>\n\n\n\n<p>Debe haber pocos aficionados al deporte y a las apuestas, por no decir ninguno, que no sepa qu\u00e9 es <a href=\"https:\/\/online.codere.es\/promoRedirect?key=ej0xMzUzMDYzOSZsPTEzNTMwMzk5JnA9MzMxMjE0\" target=\"_blank\" rel=\"noopener noreferrer\"><strong>Codere.<\/strong><\/a> Y por si no lo sabes te decimos que es la casa de apuestas oficial del Real Madrid, as\u00ed te har\u00e1s una idea de cu\u00e1n grandes son. Efectivamente, se trata de una de las casas de juego m\u00e1s importantes del panorama internacional, un grupo de juego de amplia experiencia nacido en el a\u00f1o 1980. La compa\u00f1\u00eda fue fundada por la <strong>familia Mart\u00ednez Sampedro<\/strong>, grupo gestor de m\u00e1quinas de ocio, y los&nbsp;<strong>hermanos Franco<\/strong>, due\u00f1os de Recreativos Franco, uno de los mayores fabricantes de m\u00e1quinas recreativas en Espa\u00f1a y actual propietarios de Wanabet.<\/p>\n\n\n\n<p><iframe src=\"\/\/www.youtube.com\/embed\/4UWA9dCoaT8\" width=\"560\" height=\"314\" allowfullscreen=\"allowfullscreen\"><\/iframe><\/p>\n\n\n\n<p class=\"has-text-align-left\">Como ves, se trata de un grupo de larga trayectoria e <strong>impresionante historia empresarial,<\/strong> que puedes <a href=\"https:\/\/www.grupocodere.com\/historia\/\" target=\"_blank\" rel=\"noopener noreferrer\">leer completa aqu\u00ed<\/a>.&nbsp; Por supuesto, cuenta con todos los permisos legales y la garant\u00eda de la Direcci\u00f3n General de Juegos y Sorteos de M\u00e9xico, o sea, se trata de un operador legal y con garant\u00edas.<\/p>\n\n\n\n<p>Fuertemente implantados en sus locales f\u00edsicos en todo M\u00e9xico, recientemente, <a href=\"https:\/\/recor.to\/coderemx\" target=\"_blank\" rel=\"noopener noreferrer nofollow sponsored\"><strong>Codere<\/strong><\/a> ha incorporado a su plantilla al experto internacional en juegos por Internet Moshe Edree. El objetivo de esta contrataci\u00f3n es impulsar su negocio &#8216;online&#8217; en los mercados europeos y latinoamericanos (Colombia y M\u00e9xico), donde la compa\u00f1\u00eda est\u00e1 presente. Edree cuenta con m\u00e1s de 15 a\u00f1os de experiencia en la gesti\u00f3n del juego online en operadores de la talla de Ladbrokes y PartyGaming, donde impuls\u00f3 los ingresos y rentabilidades del negocio de juego en Internet.<\/p>\n\n\n\n<h2 class=\"wp-block-heading\">Oferta de Juego de Codere<\/h2>\n\n\n\n<p>Como gran casa de apuestas que es, Codere <strong>tiene una oferta de juego que satisfar\u00e1 a los jugadores m\u00e1s exigentes.<\/strong> Cerca de treinta disciplinas deportivas, cientos de competiciones nacionales e internacionales y miles de mercados diarios para hacer tus apuestas. En su \u00e1rea de deportes por supuesto encontrar\u00e1s las disciplinas m\u00e1s seguidas, pero tambi\u00e9n tienen apuestas a eSports, artes marciales, golf, pelota y otros deportes que todav\u00eda no se ven en todas las casas. Adem\u00e1s, desde ya, tambi\u00e9n cuenta con grandes bonos de bienvenida para sus nuevos clientes. Por ejemplo, el <a href=\"https:\/\/recor.to\/coderemx\" rel=\"nofollow noopener sponsored\">bono para las apuestas deportivas te otorga hasta $7.000 de regalo.<\/a><\/p>\n\n\n\n<p>La web de Codere es realmente amigable y sencilla. C\u00f3moda de usar, su buscador de apuestas es realmente \u00fatil, porque puedes buscar tus apuestas por equipo, pa\u00eds, jugador&#8230; funciona bastante bien. Adem\u00e1s, podr\u00e1s seguir en directo el desarrollo de los partidos, consultar resultados, estad\u00edsticas y confirmar tus pron\u00f3sticos en pocos clics&#8230; Todo lo que necesitas para hacer tus apuestas de forma sencilla, c\u00f3moda y r\u00e1pida.<\/p>\n\n\n\n<h2 class=\"wp-block-heading\">Bonos y promos Codere: bono hasta $7.000MXN<\/h2>\n\n\n\n<p>Vamos al grano: <a href=\"https:\/\/recor.to\/coderemx\" target=\"_blank\" rel=\"noopener noreferrer nofollow sponsored\">CODERE.MX<\/a> tiene <strong>en este momento un bono de apuestas de bienvenida exclusivo para nuevos usuarios.<\/strong> Si est\u00e1s buscando nueva casa y un bono que impulse tus apuestas, te recomendamos ampliamente que te abras una cuenta en Codere y pruebes sus servicios. El bono de bienvenida de Codere Apuestas te ofrece un bono por tu primer dep\u00f3sito en la casa: hasta un m\u00e1ximo de $7.000 en fondos disponibles en total.<\/p>\n\n\n\n<p>En el \u00e1rea de <strong>Casino<\/strong> tambi\u00e9n puedes conseguir bonos y promociones espec\u00edficas para las slots, ruletas y juegos de cartas preferidos de los jugadores. Ofrecen un <strong>bono de bienvenida exclusivo de Casino y slot<\/strong> ofreciendo hasta <strong>$5.000 tambi\u00e9n en el primer dep\u00f3sito.<\/strong> Los consegu\u00edas gratis solo por registrarte. No dejes de visitar la secci\u00f3n de promociones para ver qu\u00e9 te ofrece actualmente, y hay que esperar a que reactiven la oferta a casino, slots y poker.<\/p>\n\n\n\n<p>Adem\u00e1s, Codere pone en marcha grandes promociones como <strong>Codere Talent,<\/strong> un concurso para elegir al mejor apostador en Espa\u00f1a. Hay un premio de 100.000\u20ac en met\u00e1lico para el mejor y muchos premios en forma de bonos para los que vayan pasando las rondas. Lo informamos porque seguramente en alg\u00fan momento esta promoci\u00f3n puede extenderse a M\u00e9xico, similar o variable a la mencionada para Espa\u00f1a. Tienes que saber que Codere es una casa que implementa promociones nuevas regularmente.<\/p>\n\n\n\n<p class=\"has-text-align-center\"><div class=\"su-button-center\"><a href=\"https:\/\/online.codere.es\/promoRedirect?key=ej0xMzUzMDYzOSZsPTEzNTMwMzk5JnA9MzMxMjE0\" class=\"su-button su-button-style-stroked\" style=\"color:#fbfa63;background-color:#799365;border-color:#617651;border-radius:56px\" target=\"_blank\" rel=\"noopener noreferrer\"><span style=\"color:#fbfa63;padding:8px 26px;font-size:20px;line-height:30px;border-color:#a2b494;border-radius:56px;text-shadow:0px 0px 0px #000000\"><i class=\"sui sui-thumbs-up\" style=\"font-size:20px;color:#fbfa63\"><\/i> \u00a1Quiero mi bono Codere!<\/span><\/a><\/div>\n\n\n\n<h2 class=\"wp-block-heading\">App m\u00f3vil Codere<\/h2>\n\n\n\n<p>La aplicaci\u00f3n m\u00f3vil de Codere es <strong>una herramienta estupenda, especialmente para aquellos que apostamos mucho en vivo.<\/strong> Cuando tienes la app descargada en tu m\u00f3vil, los tiempos de carga se acortan notablemente y solo se tiene que actualizar la informaci\u00f3n espec\u00edfica de las cuotas y partidos concretos. Eso puede marcar la diferencia en algunas de tus apuestas. Adem\u00e1s, con la app tendr\u00e1s acceso a todas tus apuestas y a todos los deportes, mercados y competiciones de la versi\u00f3n de escritorio.<\/p>\n\n\n\n<p>Esta app est\u00e1 disponible l\u00f3gicamente para iOS y Android y no solo te permitir\u00e1 hacer apuestas, sino que tambi\u00e9n <strong>la podr\u00e1s usar para hacer cobros en efectivo en las tiendas Codere.<\/strong> Te lo contamos en el apartado de m\u00e9todos de pago.&nbsp;Si quieres <strong>saberlo todo sobre esa funcionalidad y sobre la app Codere y c\u00f3mo descargarla<\/strong>, tenemos un <a href=\"https:\/\/apuestasfree.com\/app-movil-codere\/\" target=\"_blank\" rel=\"noopener noreferrer\"><strong>an\u00e1lisis completo aqu\u00ed.&nbsp;<\/strong><\/a><\/p>\n\n\n\n<h2 class=\"wp-block-heading\">M\u00e9todos de pago<\/h2>\n\n\n\n<p>Este es uno de los puntos en los que creemos que esta casa de apuestas <strong>tiene un notable margen de mejora.<\/strong> Codere ofrece pocos m\u00e9todos de ingreso para sus jugadores. Aunque lo cierto es que son suficientes para las necesidades de cualquier jugador, porque <strong>cubren las tres modalidades imprescindibles:<\/strong> tarjetas y transferencias, monederos electr\u00f3nicos y tarjeta pre-pago. En este portal de juego puedes ingresar dinero mediante <strong>transferencia bancaria, tarjetas bancarias, TeleIngreso, PayPal, Paysafecard <a href=\"https:\/\/online.codere.mx\/promoRedirect?key=ej0xMzUzMDAzOSZsPTIwNTcyMjYxJnA9MzcxMA\" target=\"_blank\" rel=\"noopener\">\u00a1y ahora tambi\u00e9n con Mercado Pago, la app del momento! <\/a><\/strong>Tambi\u00e9n podr\u00e1s depositar en los locales f\u00edsicos del grupo.<\/p>\n\n\n\n<p>En cambio, para rescatar tu dinero de tu cuenta de juego, solo cuentas con dos opciones, transferencias y Hal-cash. Algo realmente limitado cuando hay casas en el mercado cuyos sistemas de ingreso y retirada de fondos superan la decena. Tambi\u00e9n <strong>podr\u00e1s retirar tu dinero presencialmente en los locales a trav\u00e9s de la app m\u00f3vil<\/strong> usando la funcionalidad de &#8216;Cobro presencial de apuestas&#8217;.<\/p>\n\n\n\n<p>No obstante lo anterior, la casa dispone de un m\u00e9todo de pago que compensa gran parte de lo anterior, porque se trata de una herramienta muy \u00fatil. Sobre todo, para aquellos que tenemos un local <a href=\"https:\/\/recor.to\/coderemx\" target=\"_blank\" rel=\"noopener noreferrer nofollow sponsored\"><strong>Codere<\/strong><\/a> cerca, que somos muchos. Y es que Codere dispone de una fabulosa red de locales de apuestas repartidos por toda Espa\u00f1a en los que podr\u00e1s usar tu tarjeta Codere. Puedes consultar los que te quedan cerca en su web. Son tantos que no podemos ponerlos aqu\u00ed. Veamos en qu\u00e9 consiste la tarjeta.<\/p>\n\n\n\n<figure class=\"wp-block-image size-large\"><img fetchpriority=\"high\" decoding=\"async\" width=\"1024\" height=\"588\" src=\"https:\/\/apuestasfree.com\/wp-content\/uploads\/2025\/12\/codere-mercado-pago-2-1024x588.png\" alt=\"codere mercado pago\" class=\"wp-image-2085052\" srcset=\"https:\/\/apuestasfree.com\/wp-content\/uploads\/2025\/12\/codere-mercado-pago-2-1024x588.png 1024w, https:\/\/apuestasfree.com\/wp-content\/uploads\/2025\/12\/codere-mercado-pago-2-300x172.png 300w, https:\/\/apuestasfree.com\/wp-content\/uploads\/2025\/12\/codere-mercado-pago-2-768x441.png 768w, https:\/\/apuestasfree.com\/wp-content\/uploads\/2025\/12\/codere-mercado-pago-2.png 1129w\" sizes=\"(max-width: 1024px) 100vw, 1024px\" \/><\/figure>\n\n\n\n<h3 class=\"wp-block-heading\">Bono de Bienvenida Codere M\u00e9xico que consiste en: hasta $7.000<\/h3>\n\n\n\n<p>El bono de bienvenida en realidad se aplica al primer dep\u00f3sito, <strong>que ofrece el 100% del ingreso con que estrenes tu cuenta de jugador hasta una cantidad m\u00e1xima de $7.000 FD (Fondos Disponibles).<\/strong> Para lograrlo bastaba con hacer un dep\u00f3sito de al menos $200MXN y darte de alta <a href=\"https:\/\/recor.to\/coderemx\" target=\"_blank\" rel=\"noopener noreferrer nofollow sponsored\">desde aqu\u00ed.<\/a><\/p>\n\n\n\n<p><span style=\"font-size: revert;\">La promoci\u00f3n era muy espec\u00edfica, porque para concretarse era necesario realizar un volumen de apuestas por una cantidad triple del monto depositado y, con momios m\u00ednimos de +150 o superiores, todo dentro de un plazo m\u00e1ximo de 14 d\u00edas para activar el bono asignado.&nbsp;<\/span><\/p>\n\n\n\n<p class=\"has-text-align-center\"><div class=\"su-button-center\"><a href=\"https:\/\/online.codere.es\/promoRedirect?key=ej0xMzUzMDYzOSZsPTEzNTMwMzk5JnA9MzMxMjE0\" class=\"su-button su-button-style-stroked\" style=\"color:#fbfa63;background-color:#799365;border-color:#617651;border-radius:56px\" target=\"_blank\" rel=\"noopener noreferrer\"><span style=\"color:#fbfa63;padding:8px 26px;font-size:20px;line-height:30px;border-color:#a2b494;border-radius:56px;text-shadow:0px 0px 0px #000000\"><i class=\"sui sui-thumbs-up\" style=\"font-size:20px;color:#fbfa63\"><\/i> Quiero registrarme en Codere M\u00e9xico<\/span><\/a><\/div>\n\n\n\n<h2 class=\"wp-block-heading\">Atenci\u00f3n al Cliente<\/h2>\n\n\n\n<p>Si tienes cualquier cuesti\u00f3n, problema o consulta que hacer a la casa, este es otro de los puntos que no nos convence demasiado porque no hay contacto directo con el cliente. No encontrar\u00e1s un chat, directo y r\u00e1pido para cuestiones sencillas ni un n\u00famero de tel\u00e9fono donde hacer tus consultas. Podr\u00e1s <a href=\"https:\/\/recor.to\/coderemx\" target=\"_blank\" rel=\"noopener noreferrer nofollow sponsored\"><strong>contactar con la casa<\/strong><\/a> por estos medios:<\/p>\n\n\n\n<ul class=\"wp-block-list\">\n<li>Formulario online en la propia web<\/li>\n\n\n\n<li>Correo electr\u00f3nico&nbsp;<strong><a class=\"activo\" href=\"mailto:apuestas@codere.com\">apuestas@codere.com<\/a><\/strong><\/li>\n\n\n\n<li>Correo postal: Departamento de Atenci\u00f3n al Cliente Codere Apuestas. Avenida del Conscripto 311, colonia Lomas de Sotelo, Alcald\u00eda de Miguel Hidalgo, C.P. 11200 (Ciudad de M\u00e9xico)<\/li>\n<\/ul>\n\n\n\n<figure class=\"wp-block-image size-large\"><img decoding=\"async\" width=\"1024\" height=\"370\" src=\"https:\/\/apuestasfree.com\/wp-content\/uploads\/2025\/12\/codere-mercado-pago-1024x370.png\" alt=\"codere mercado pago\" class=\"wp-image-2085019\" srcset=\"https:\/\/apuestasfree.com\/wp-content\/uploads\/2025\/12\/codere-mercado-pago-1024x370.png 1024w, https:\/\/apuestasfree.com\/wp-content\/uploads\/2025\/12\/codere-mercado-pago-300x108.png 300w, https:\/\/apuestasfree.com\/wp-content\/uploads\/2025\/12\/codere-mercado-pago-768x277.png 768w, https:\/\/apuestasfree.com\/wp-content\/uploads\/2025\/12\/codere-mercado-pago.png 1388w\" sizes=\"(max-width: 1024px) 100vw, 1024px\" \/><\/figure>\n","protected":false},"excerpt":{"rendered":"<p>Aqu\u00ed en este post, les proporcionamos un an\u00e1lisis de la casa de apuestas Codere, una de las gigantes del sector. La misma, recientemente, ha impulsado su oferta de juego online en M\u00e9xico y ya forma parte del cat\u00e1logo de casas con las que Apuestasfree colabora. Te contamos todo lo que tienes que saber sobre esta &#8230; <a title=\"An\u00e1lisis de Codere \u2705\" class=\"read-more\" href=\"https:\/\/apuestasfree.com\/mx\/codere-2\/\" aria-label=\"Read more about An\u00e1lisis de Codere \u2705\">Read more<\/a><\/p>\n","protected":false},"author":1,"featured_media":0,"parent":0,"menu_order":8,"comment_status":"closed","ping_status":"closed","template":"","meta":{"_uag_custom_page_level_css":"","footnotes":""},"class_list":["post-91447","page","type-page","status-publish"],"yoast_head":"<!-- This site is optimized with the Yoast SEO Premium plugin v27.1 (Yoast SEO v27.4) - https:\/\/yoast.com\/product\/yoast-seo-premium-wordpress\/ -->\n<title>An\u00e1lisis de Codere \u2705 -<\/title>\n<meta name=\"description\" content=\"Todo lo que necesitas saber sobre Codere: quienes son, oferta de juego, bonos y promociones, app, sistemas de pago.\" \/>\n<meta name=\"robots\" content=\"index, follow, max-snippet:-1, max-image-preview:large, max-video-preview:-1\" \/>\n<link rel=\"canonical\" href=\"https:\/\/apuestasfree.com\/mx\/codere-2\/\" \/>\n<meta property=\"og:locale\" content=\"es_ES\" \/>\n<meta property=\"og:type\" content=\"article\" \/>\n<meta property=\"og:title\" content=\"An\u00e1lisis de Codere \u2705\" \/>\n<meta property=\"og:description\" content=\"Todo lo que necesitas saber sobre Codere: quienes son, oferta de juego, bonos y promociones, app, sistemas de pago.\" \/>\n<meta property=\"og:url\" content=\"https:\/\/apuestasfree.com\/mx\/codere-2\/\" \/>\n<meta property=\"og:site_name\" content=\"ApuestasFree\" \/>\n<meta property=\"article:modified_time\" content=\"2026-01-30T15:32:34+00:00\" \/>\n<meta property=\"og:image\" content=\"https:\/\/apuestasfree.com\/wp-content\/uploads\/2025\/12\/codere-mercado-pago-2.png\" \/>\n\t<meta property=\"og:image:width\" content=\"1129\" \/>\n\t<meta property=\"og:image:height\" content=\"648\" \/>\n\t<meta property=\"og:image:type\" content=\"image\/png\" \/>\n<meta name=\"twitter:card\" content=\"summary_large_image\" \/>\n<meta name=\"twitter:label1\" content=\"Est. reading time\" \/>\n\t<meta name=\"twitter:data1\" content=\"7 minutes\" \/>\n<script type=\"application\/ld+json\" class=\"yoast-schema-graph\">{\"@context\":\"https:\\\/\\\/schema.org\",\"@graph\":[{\"@type\":\"WebPage\",\"@id\":\"https:\\\/\\\/apuestasfree.com\\\/mx\\\/codere-2\\\/\",\"url\":\"https:\\\/\\\/apuestasfree.com\\\/mx\\\/codere-2\\\/\",\"name\":\"An\u00e1lisis de Codere \u2705 -\",\"isPartOf\":{\"@id\":\"https:\\\/\\\/apuestasfree.com\\\/mx\\\/#website\"},\"primaryImageOfPage\":{\"@id\":\"https:\\\/\\\/apuestasfree.com\\\/mx\\\/codere-2\\\/#primaryimage\"},\"image\":{\"@id\":\"https:\\\/\\\/apuestasfree.com\\\/mx\\\/codere-2\\\/#primaryimage\"},\"thumbnailUrl\":\"https:\\\/\\\/apuestasfree.com\\\/wp-content\\\/uploads\\\/2025\\\/12\\\/codere-mercado-pago-2-1024x588.png\",\"datePublished\":\"2018-09-27T11:52:45+00:00\",\"dateModified\":\"2026-01-30T15:32:34+00:00\",\"description\":\"Todo lo que necesitas saber sobre Codere: quienes son, oferta de juego, bonos y promociones, app, sistemas de pago.\",\"breadcrumb\":{\"@id\":\"https:\\\/\\\/apuestasfree.com\\\/mx\\\/codere-2\\\/#breadcrumb\"},\"inLanguage\":\"es-mx\",\"potentialAction\":[{\"@type\":\"ReadAction\",\"target\":[\"https:\\\/\\\/apuestasfree.com\\\/mx\\\/codere-2\\\/\"]}]},{\"@type\":\"ImageObject\",\"inLanguage\":\"es-mx\",\"@id\":\"https:\\\/\\\/apuestasfree.com\\\/mx\\\/codere-2\\\/#primaryimage\",\"url\":\"https:\\\/\\\/apuestasfree.com\\\/wp-content\\\/uploads\\\/2025\\\/12\\\/codere-mercado-pago-2-1024x588.png\",\"contentUrl\":\"https:\\\/\\\/apuestasfree.com\\\/wp-content\\\/uploads\\\/2025\\\/12\\\/codere-mercado-pago-2-1024x588.png\"},{\"@type\":\"BreadcrumbList\",\"@id\":\"https:\\\/\\\/apuestasfree.com\\\/mx\\\/codere-2\\\/#breadcrumb\",\"itemListElement\":[{\"@type\":\"ListItem\",\"position\":1,\"name\":\"Inicio\",\"item\":\"https:\\\/\\\/apuestasfree.com\\\/mx\\\/\"},{\"@type\":\"ListItem\",\"position\":2,\"name\":\"An\u00e1lisis de Codere \u2705\"}]},{\"@type\":\"WebSite\",\"@id\":\"https:\\\/\\\/apuestasfree.com\\\/mx\\\/#website\",\"url\":\"https:\\\/\\\/apuestasfree.com\\\/mx\\\/\",\"name\":\"ApuestasFree\",\"description\":\"\",\"publisher\":{\"@id\":\"https:\\\/\\\/apuestasfree.com\\\/mx\\\/#organization\"},\"potentialAction\":[{\"@type\":\"SearchAction\",\"target\":{\"@type\":\"EntryPoint\",\"urlTemplate\":\"https:\\\/\\\/apuestasfree.com\\\/mx\\\/?s={search_term_string}\"},\"query-input\":{\"@type\":\"PropertyValueSpecification\",\"valueRequired\":true,\"valueName\":\"search_term_string\"}}],\"inLanguage\":\"es-mx\"},{\"@type\":\"Organization\",\"@id\":\"https:\\\/\\\/apuestasfree.com\\\/mx\\\/#organization\",\"name\":\"ApuestasFree\",\"url\":\"https:\\\/\\\/apuestasfree.com\\\/mx\\\/\",\"logo\":{\"@type\":\"ImageObject\",\"inLanguage\":\"es-mx\",\"@id\":\"https:\\\/\\\/apuestasfree.com\\\/mx\\\/#\\\/schema\\\/logo\\\/image\\\/\",\"url\":\"https:\\\/\\\/apuestasfree.com\\\/wp-content\\\/uploads\\\/2019\\\/06\\\/afree_logo.png\",\"contentUrl\":\"https:\\\/\\\/apuestasfree.com\\\/wp-content\\\/uploads\\\/2019\\\/06\\\/afree_logo.png\",\"width\":106,\"height\":50,\"caption\":\"ApuestasFree\"},\"image\":{\"@id\":\"https:\\\/\\\/apuestasfree.com\\\/mx\\\/#\\\/schema\\\/logo\\\/image\\\/\"}}]}<\/script>\n<!-- \/ Yoast SEO Premium plugin. -->","yoast_head_json":{"title":"An\u00e1lisis de Codere \u2705 -","description":"Todo lo que necesitas saber sobre Codere: quienes son, oferta de juego, bonos y promociones, app, sistemas de pago.","robots":{"index":"index","follow":"follow","max-snippet":"max-snippet:-1","max-image-preview":"max-image-preview:large","max-video-preview":"max-video-preview:-1"},"canonical":"https:\/\/apuestasfree.com\/mx\/codere-2\/","og_locale":"es_ES","og_type":"article","og_title":"An\u00e1lisis de Codere \u2705","og_description":"Todo lo que necesitas saber sobre Codere: quienes son, oferta de juego, bonos y promociones, app, sistemas de pago.","og_url":"https:\/\/apuestasfree.com\/mx\/codere-2\/","og_site_name":"ApuestasFree","article_modified_time":"2026-01-30T15:32:34+00:00","og_image":[{"width":1129,"height":648,"url":"https:\/\/apuestasfree.com\/wp-content\/uploads\/2025\/12\/codere-mercado-pago-2.png","type":"image\/png"}],"twitter_card":"summary_large_image","twitter_misc":{"Est. reading time":"7 minutes"},"schema":{"@context":"https:\/\/schema.org","@graph":[{"@type":"WebPage","@id":"https:\/\/apuestasfree.com\/mx\/codere-2\/","url":"https:\/\/apuestasfree.com\/mx\/codere-2\/","name":"An\u00e1lisis de Codere \u2705 -","isPartOf":{"@id":"https:\/\/apuestasfree.com\/mx\/#website"},"primaryImageOfPage":{"@id":"https:\/\/apuestasfree.com\/mx\/codere-2\/#primaryimage"},"image":{"@id":"https:\/\/apuestasfree.com\/mx\/codere-2\/#primaryimage"},"thumbnailUrl":"https:\/\/apuestasfree.com\/wp-content\/uploads\/2025\/12\/codere-mercado-pago-2-1024x588.png","datePublished":"2018-09-27T11:52:45+00:00","dateModified":"2026-01-30T15:32:34+00:00","description":"Todo lo que necesitas saber sobre Codere: quienes son, oferta de juego, bonos y promociones, app, sistemas de pago.","breadcrumb":{"@id":"https:\/\/apuestasfree.com\/mx\/codere-2\/#breadcrumb"},"inLanguage":"es-mx","potentialAction":[{"@type":"ReadAction","target":["https:\/\/apuestasfree.com\/mx\/codere-2\/"]}]},{"@type":"ImageObject","inLanguage":"es-mx","@id":"https:\/\/apuestasfree.com\/mx\/codere-2\/#primaryimage","url":"https:\/\/apuestasfree.com\/wp-content\/uploads\/2025\/12\/codere-mercado-pago-2-1024x588.png","contentUrl":"https:\/\/apuestasfree.com\/wp-content\/uploads\/2025\/12\/codere-mercado-pago-2-1024x588.png"},{"@type":"BreadcrumbList","@id":"https:\/\/apuestasfree.com\/mx\/codere-2\/#breadcrumb","itemListElement":[{"@type":"ListItem","position":1,"name":"Inicio","item":"https:\/\/apuestasfree.com\/mx\/"},{"@type":"ListItem","position":2,"name":"An\u00e1lisis de Codere \u2705"}]},{"@type":"WebSite","@id":"https:\/\/apuestasfree.com\/mx\/#website","url":"https:\/\/apuestasfree.com\/mx\/","name":"ApuestasFree","description":"","publisher":{"@id":"https:\/\/apuestasfree.com\/mx\/#organization"},"potentialAction":[{"@type":"SearchAction","target":{"@type":"EntryPoint","urlTemplate":"https:\/\/apuestasfree.com\/mx\/?s={search_term_string}"},"query-input":{"@type":"PropertyValueSpecification","valueRequired":true,"valueName":"search_term_string"}}],"inLanguage":"es-mx"},{"@type":"Organization","@id":"https:\/\/apuestasfree.com\/mx\/#organization","name":"ApuestasFree","url":"https:\/\/apuestasfree.com\/mx\/","logo":{"@type":"ImageObject","inLanguage":"es-mx","@id":"https:\/\/apuestasfree.com\/mx\/#\/schema\/logo\/image\/","url":"https:\/\/apuestasfree.com\/wp-content\/uploads\/2019\/06\/afree_logo.png","contentUrl":"https:\/\/apuestasfree.com\/wp-content\/uploads\/2019\/06\/afree_logo.png","width":106,"height":50,"caption":"ApuestasFree"},"image":{"@id":"https:\/\/apuestasfree.com\/mx\/#\/schema\/logo\/image\/"}}]}},"uagb_featured_image_src":{"full":false,"thumbnail":false,"medium":false,"medium_large":false,"large":false,"1536x1536":false,"2048x2048":false},"uagb_author_info":{"display_name":"afree","author_link":"https:\/\/apuestasfree.com\/mx\/author\/afree\/"},"uagb_comment_info":0,"uagb_excerpt":"Aqu\u00ed en este post, les proporcionamos un an\u00e1lisis de la casa de apuestas Codere, una de las gigantes del sector. La misma, recientemente, ha impulsado su oferta de juego online en M\u00e9xico y ya forma parte del cat\u00e1logo de casas con las que Apuestasfree colabora. Te contamos todo lo que tienes que saber sobre esta&hellip;","_links":{"self":[{"href":"https:\/\/apuestasfree.com\/mx\/wp-json\/wp\/v2\/pages\/91447","targetHints":{"allow":["GET"]}}],"collection":[{"href":"https:\/\/apuestasfree.com\/mx\/wp-json\/wp\/v2\/pages"}],"about":[{"href":"https:\/\/apuestasfree.com\/mx\/wp-json\/wp\/v2\/types\/page"}],"author":[{"embeddable":true,"href":"https:\/\/apuestasfree.com\/mx\/wp-json\/wp\/v2\/users\/1"}],"replies":[{"embeddable":true,"href":"https:\/\/apuestasfree.com\/mx\/wp-json\/wp\/v2\/comments?post=91447"}],"version-history":[{"count":5,"href":"https:\/\/apuestasfree.com\/mx\/wp-json\/wp\/v2\/pages\/91447\/revisions"}],"predecessor-version":[{"id":2131079,"href":"https:\/\/apuestasfree.com\/mx\/wp-json\/wp\/v2\/pages\/91447\/revisions\/2131079"}],"wp:attachment":[{"href":"https:\/\/apuestasfree.com\/mx\/wp-json\/wp\/v2\/media?parent=91447"}],"curies":[{"name":"wp","href":"https:\/\/api.w.org\/{rel}","templated":true}]}}