{"id":76220,"date":"2018-05-25T17:44:06","date_gmt":"2018-05-25T15:44:06","guid":{"rendered":"https:\/\/apuestasfree.com\/?page_id=76220"},"modified":"2024-03-01T12:53:16","modified_gmt":"2024-03-01T11:53:16","slug":"bono-unibet","status":"publish","type":"page","link":"https:\/\/apuestasfree.com\/mx\/bono-unibet\/","title":{"rendered":"Bono Unibet: apuestas, casino, bingo y poker"},"content":{"rendered":"<p><strong>Casi 16 millones de jugadores conf\u00edan en <a href=\"https:\/\/recor.to\/unibet\" target=\"_blank\" rel=\"noopener nofollow sponsored\">Unibet<\/a><\/strong>. Esta casa de apuestas est\u00e1 <strong>presente en m\u00e1s de cien pa\u00edses<\/strong> aunque lamentablemente por ahora no opera en Espa\u00f1a. Fundada en 1997 en Suecia se ha convertido en una de las grandes firmas de apuestas y juego online. Su oferta es excepcional, y aunque naci\u00f3 como casa de apuestas deportivas, ha ido creciendo y ofreciendo juegos de casino, casino en vivo, tragaperras, bingo y su preciada secci\u00f3n de poker. Por todo ello, podemos afirmar que es <strong>una de las firmas de apuestas de referencia a nivel mundial<\/strong>.<\/p>\n<p><a href=\"https:\/\/recor.to\/unibet\" target=\"_blank\" rel=\"noopener nofollow sponsored\"><img fetchpriority=\"high\" decoding=\"async\" class=\"aligncenter wp-image-76228 size-full\" src=\"https:\/\/apuestasfree.com\/wp-content\/uploads\/2018\/05\/BONO-UNIBET_AFREE-.jpg\" alt=\"BONO UNIBET\" width=\"750\" height=\"312\" srcset=\"https:\/\/apuestasfree.com\/wp-content\/uploads\/2018\/05\/BONO-UNIBET_AFREE-.jpg 750w, https:\/\/apuestasfree.com\/wp-content\/uploads\/2018\/05\/BONO-UNIBET_AFREE--300x125.jpg 300w\" sizes=\"(max-width: 750px) 100vw, 750px\" \/><\/a><\/p>\n<p style=\"text-align: center;\"><div class=\"su-note\"  style=\"border-color:#d2d2d2;\"><div class=\"su-note-inner su-u-clearfix su-u-trim\" style=\"background-color:#ececec;border-color:#ffffff;color:#000000;\">\u00a0\u00bfTe gusta el bono de Unibet? V\u00f3talo : <span id=\"post-ratings-76220\" class=\"post-ratings\" data-nonce=\"28638c8fb6\"><img decoding=\"async\" id=\"rating_76220_1\" src=\"https:\/\/apuestasfree.com\/wp-content\/plugins\/wp-postratings\/images\/stars_crystal\/rating_on.gif\" alt=\"1 estrella\" title=\"1 estrella\" onmouseover=\"current_rating(76220, 1, '1 estrella');\" onmouseout=\"ratings_off(5, 0, 0);\" onclick=\"rate_post();\" onkeypress=\"rate_post();\" style=\"cursor: pointer; border: 0px;\" \/><img decoding=\"async\" id=\"rating_76220_2\" src=\"https:\/\/apuestasfree.com\/wp-content\/plugins\/wp-postratings\/images\/stars_crystal\/rating_on.gif\" alt=\"2 estrellas\" title=\"2 estrellas\" onmouseover=\"current_rating(76220, 2, '2 estrellas');\" onmouseout=\"ratings_off(5, 0, 0);\" onclick=\"rate_post();\" onkeypress=\"rate_post();\" style=\"cursor: pointer; border: 0px;\" \/><img decoding=\"async\" id=\"rating_76220_3\" src=\"https:\/\/apuestasfree.com\/wp-content\/plugins\/wp-postratings\/images\/stars_crystal\/rating_on.gif\" alt=\"3 estrellas\" title=\"3 estrellas\" onmouseover=\"current_rating(76220, 3, '3 estrellas');\" onmouseout=\"ratings_off(5, 0, 0);\" onclick=\"rate_post();\" onkeypress=\"rate_post();\" style=\"cursor: pointer; border: 0px;\" \/><img decoding=\"async\" id=\"rating_76220_4\" src=\"https:\/\/apuestasfree.com\/wp-content\/plugins\/wp-postratings\/images\/stars_crystal\/rating_on.gif\" alt=\"4 estrellas\" title=\"4 estrellas\" onmouseover=\"current_rating(76220, 4, '4 estrellas');\" onmouseout=\"ratings_off(5, 0, 0);\" onclick=\"rate_post();\" onkeypress=\"rate_post();\" style=\"cursor: pointer; border: 0px;\" \/><img decoding=\"async\" id=\"rating_76220_5\" src=\"https:\/\/apuestasfree.com\/wp-content\/plugins\/wp-postratings\/images\/stars_crystal\/rating_on.gif\" alt=\"5 estrellas\" title=\"5 estrellas\" onmouseover=\"current_rating(76220, 5, '5 estrellas');\" onmouseout=\"ratings_off(5, 0, 0);\" onclick=\"rate_post();\" onkeypress=\"rate_post();\" style=\"cursor: pointer; border: 0px;\" \/> (<strong>2<\/strong> votos, promedio: <strong>5.00<\/strong> de 5)<br \/><span class=\"post-ratings-text\" id=\"ratings_76220_text\"><\/span><\/span><span id=\"post-ratings-76220-loading\" class=\"post-ratings-loading\"><img decoding=\"async\" src=\"https:\/\/apuestasfree.com\/wp-content\/plugins\/wp-postratings\/images\/loading.gif\" width=\"16\" height=\"16\" class=\"post-ratings-image\" \/>Loading...<\/span> <\/div><\/div>\n<h2>Bono de bienvenida Unibet<\/h2>\n<p>Llama la atenci\u00f3n que una casa de apuestas de renombre como Unibet no ofrezca ninguna promoci\u00f3n de bienvenida. <strong>No existe ning\u00fan bono de bienvenida<\/strong> aunque si puedes hacerte con alg\u00fan c\u00f3digo promocional desde otras webs. En el mejor de los casos puedes conseguir un bono de 15\u20ac gratis, el 50% de tu dep\u00f3sito inicial. Es decir, si una vez de registrarte haces un dep\u00f3sito de 30\u20ac al menos se te premiar\u00e1 con un bono de 15\u20ac. Como ves el bono de bienvenida Unibet no es precisamente uno de los m\u00e1s generosos del mercado.<\/p>\n<p>Por otra parte, tal y como ocurre con todos los bonos, sean de bienvenida o bonos de dep\u00f3sito, para retirar ese dinero debes cumplir con una serie de requisitos. Debes cumplir unas condiciones y un rollover para convertir el dinero de bono en dinero real y por lo tanto retirable.<\/p>\n<p>No obstante no en todos los pa\u00edses tiene la misma oferta de bienvenida. En otras ocasiones Unibet no te ofrece un bono directo sino que si fallas tu primera apuesta te reembolsa el 50% de lo jugado hasta 15\u20ac.<\/p>\n<p>Por otra parte, si te registras en el casino puedes obtener un bono de bienvenida m\u00e1s elevado, hasta 100\u20ac y el 100% de tu dep\u00f3sito inicial. Pero tampoco es que sea una cifra asombrosa y menos para el \u00e1rea de casino pues hay ofertas de bienvenida en Espa\u00f1a que alcanzan hasta los 1.500\u20ac.<\/p>\n<p><strong>Como ves los bonos de bienvenida de Unibet no son el mejor aliciente para <a href=\"https:\/\/recor.to\/unibet\" target=\"_blank\" rel=\"noopener nofollow sponsored\">registrarse en esta casa de apuestas sueca<\/a>, ni mucho menos. Sin embargo cuenta con otras caracter\u00edsticas que si eres jugador vas a valorar, y mucho, y vas a querer apostar con ellos.<\/strong><\/p>\n<h2>Unibet apuestas<\/h2>\n<p>Unibet destaca por su <a href=\"https:\/\/recor.to\/unibet\" target=\"_blank\" rel=\"noopener nofollow sponsored\"><strong>inmensa oferta de apuestas deportivas<\/strong><\/a>. Como podr\u00e1s imaginar es el f\u00fatbol el deporte que m\u00e1s eventos y mercados ofrece pero tambi\u00e9n tienes la oportunidad de hacer tus pron\u00f3sticos a disciplinas de todo tipo desde ajedrez a sumo, pasando por netball, rugby, ciclismo o criquet.<\/p>\n<p><a href=\"https:\/\/recor.to\/unibet\" target=\"_blank\" rel=\"noopener nofollow sponsored\"><img decoding=\"async\" class=\"aligncenter wp-image-76229 size-full\" src=\"https:\/\/apuestasfree.com\/wp-content\/uploads\/2018\/05\/BONO-UNIBET_AFREE_2-.jpg\" alt=\"BONO UNIBET\" width=\"750\" height=\"312\" srcset=\"https:\/\/apuestasfree.com\/wp-content\/uploads\/2018\/05\/BONO-UNIBET_AFREE_2-.jpg 750w, https:\/\/apuestasfree.com\/wp-content\/uploads\/2018\/05\/BONO-UNIBET_AFREE_2--300x125.jpg 300w\" sizes=\"(max-width: 750px) 100vw, 750px\" \/><\/a><\/p>\n<p>Tambi\u00e9n cuenta con un apartado de apuestas pol\u00edticas y otro, &#8216;Otras apuestas&#8217; en el puedes apostar por tu favorito para ganar <em>La Voz, Got Talent, Eurovisi\u00f3n<\/em>&#8230; y otro sinf\u00edn de concursos televisivos de varios pa\u00edses, pero tambi\u00e9n puedes hacer apuestas finanzas, sobre la cotizaci\u00f3n de la libra esterlina frente al euro, por ejemplo.<\/p>\n<p>Pero adem\u00e1s de su importante oferta, cabe destacar que<strong> ofrece unas cuotas muy buenas<\/strong>, convirti\u00e9ndose en su mejor reclamo para atraer nuevos clientes, y no tanto por su bono de bienvenida que como hemos dicho es inexistente.<\/p>\n<p>Por otra parte, Unibet ofrece dos productos que pueden interesarte o al menos te van a llamar la atenci\u00f3n: Supertoto-Superscore y\u00a0BetUP. En el caso de la primera es un juego similar a nuestra quiniela en donde debes indicar el ganador del partido (1X2) o el n\u00famero de goles que marcar\u00e1 cada equipo. En el caso de la BetUP es un juego de apuestas colectivas r\u00e1pidas en vivo en torno a un partido de f\u00fatbol y a medida que aciertas te conceden puntos. Los jugadores que m\u00e1s puntos obtengan se repartir\u00e1n el bote, participar en este juego tiene un coste de 5\u20ac.<\/p>\n<p>Como te podr\u00e1s imaginar, Unibet cuenta con una app para poder realizar cualquier apuesta que quieras desde tu dispositivo m\u00f3vil, tel\u00e9fono o tableta. Podr\u00e1s apostar est\u00e9s donde est\u00e9s.<\/p>\n<h2>Unibet poker, bingo y casino<\/h2>\n<p>Ya hemos dicho que Unibet nace como casa de apuestas y con el tiempo va aumentando su oferta a otras \u00e1reas pero no creas que de forma testimonial, ni much\u00edsimo menos. <strong>Su oferta de juegos de casino y tragaperras no tiene parang\u00f3n, adem\u00e1s de contar con bingo y poker<\/strong>.<\/p>\n<p><a href=\"https:\/\/recor.to\/unibet\" target=\"_blank\" rel=\"noopener nofollow sponsored\"><img loading=\"lazy\" decoding=\"async\" class=\"aligncenter wp-image-76230 size-full\" src=\"https:\/\/apuestasfree.com\/wp-content\/uploads\/2018\/05\/UNIBET-POKER_AFREE_3-.jpg\" alt=\"BONO UNIBET POKER\" width=\"750\" height=\"312\" srcset=\"https:\/\/apuestasfree.com\/wp-content\/uploads\/2018\/05\/UNIBET-POKER_AFREE_3-.jpg 750w, https:\/\/apuestasfree.com\/wp-content\/uploads\/2018\/05\/UNIBET-POKER_AFREE_3--300x125.jpg 300w\" sizes=\"(max-width: 750px) 100vw, 750px\" \/><\/a><\/p>\n<p><strong>El poker re\u00fane a miles de usuarios en Unibet, es una de sus \u00e1reas m\u00e1s populares<\/strong>. Cuenta con salas y torneos de diferentes niveles atendiendo al perfil del jugador permitiendo partidas igualadas no dando cabida a jugadores experimentados en mesas de noveles.<\/p>\n<p>Sin duda <strong><a href=\"https:\/\/recor.to\/unibet\" target=\"_blank\" rel=\"noopener nofollow sponsored\">Unibet es una de las plataformas de juego online m\u00e1s completa a nivel mundial<\/a>,<\/strong>\u00a0aunque, hoy por hoy, no opera en Espa\u00f1a. Pero si vives en Latinoam\u00e9rica (Argentina, Brasil, Chile, Colombia, Bolivia, Colombia, M\u00e9xico&#8230;) puedes registrarte y disfrutar de su vasta oferta. En este caso, adem\u00e1s de saber si vas a poder disfrutar de alg\u00fan bono de bienvenida tambi\u00e9n debes conocer los m\u00e9todos de pago con los que opera.<\/p>\n<p style=\"text-align: center;\"><iframe src=\"\/\/www.youtube.com\/embed\/6cpEh1Bkzxk\" width=\"560\" height=\"314\" allowfullscreen=\"allowfullscreen\"><\/iframe><\/p>\n<p>En este caso, podr\u00e1s hacer tu dep\u00f3sito a trav\u00e9s de tarjetas de cr\u00e9dito y d\u00e9bito (Visa y MasterCard) as\u00ed como con tarjetas prepago como Paysafecard o monederos electr\u00f3nicos como Neteller, Skrill, Swich y Ukash, adem\u00e1s de transferencias bancarias. En cambio para retirar tus ganancias, la oferta de m\u00e9todos se reduce a Ukash, Neteller y Skrill, adem\u00e1s de la tarjeta bancaria y transferencia. Es importante que sepas que Unibet no cobra ninguna comisi\u00f3n por realizar ninguna operaci\u00f3n de pago pero si haces una transferencia bancaria internacional lo m\u00e1s probable que tu banco s\u00ed que te cobre. No obstante, este m\u00e9todo de pago es el menos recomendable ya no solo por la posible comisi\u00f3n que te cobre sino porque es muy lenta y una operaci\u00f3n puede alargarse hasta cinco d\u00edas laborales.<\/p>\n<p><strong>Tal vez su bono de bienvenida no sea ning\u00fan aliciente para <a href=\"https:\/\/recor.to\/unibet\" target=\"_blank\" rel=\"noopener nofollow sponsored\">registrarse en Unibet<\/a>, pero esta casa de apuestas y juego online cuenta con otros importantes atractivos. Su oferta de apuestas y juegos, y unas buenas cuotas, son dos de sus bazas<\/strong>. Lamentablemente en Espa\u00f1a no cuenta con licencia para operar pero s\u00ed en Latinoam\u00e9rica. Si tienes alguna duda, puedes ponerte en contacto con este casa de apuestas las 24 horas, los siete d\u00edas de la semana. Puedes contactar por tel\u00e9fono, chat en directo desde su web o por email, a\u00a0<a>info-es@unibetsupport.com<\/a><\/p>\n","protected":false},"excerpt":{"rendered":"<p>Casi 16 millones de jugadores conf\u00edan en Unibet. Esta casa de apuestas est\u00e1 presente en m\u00e1s de cien pa\u00edses aunque lamentablemente por ahora no opera en Espa\u00f1a. Fundada en 1997 en Suecia se ha convertido en una de las grandes firmas de apuestas y juego online. Su oferta es excepcional, y aunque naci\u00f3 como casa &#8230; <a title=\"Bono Unibet: apuestas, casino, bingo y poker\" class=\"read-more\" href=\"https:\/\/apuestasfree.com\/mx\/bono-unibet\/\" aria-label=\"Read more about Bono Unibet: apuestas, casino, bingo y poker\">Read more<\/a><\/p>\n","protected":false},"author":1,"featured_media":0,"parent":0,"menu_order":298,"comment_status":"closed","ping_status":"closed","template":"","meta":{"_uag_custom_page_level_css":"","footnotes":""},"class_list":["post-76220","page","type-page","status-publish"],"yoast_head":"<!-- This site is optimized with the Yoast SEO Premium plugin v27.1 (Yoast SEO v27.3) - https:\/\/yoast.com\/product\/yoast-seo-premium-wordpress\/ -->\n<title>Bono Unibet: apuestas, casino, bingo y poker -<\/title>\n<meta name=\"description\" content=\"Unibet es una de las casas de referencia mundial con casi 16 millones de usuarios en 100 pa\u00edses. bono para apuestas, casino y poker.\" \/>\n<meta name=\"robots\" content=\"index, follow, max-snippet:-1, max-image-preview:large, max-video-preview:-1\" \/>\n<link rel=\"canonical\" href=\"https:\/\/apuestasfree.com\/mx\/bono-unibet\/\" \/>\n<meta property=\"og:locale\" content=\"es_ES\" \/>\n<meta property=\"og:type\" content=\"article\" \/>\n<meta property=\"og:title\" content=\"Bono Unibet: apuestas, casino, bingo y poker\" \/>\n<meta property=\"og:description\" content=\"Unibet es una de las casas de referencia mundial con casi 16 millones de usuarios en 100 pa\u00edses. bono para apuestas, casino y poker.\" \/>\n<meta property=\"og:url\" content=\"https:\/\/apuestasfree.com\/mx\/bono-unibet\/\" \/>\n<meta property=\"og:site_name\" content=\"ApuestasFree\" \/>\n<meta property=\"article:modified_time\" content=\"2024-03-01T11:53:16+00:00\" \/>\n<meta property=\"og:image\" content=\"https:\/\/apuestasfree.com\/wp-content\/uploads\/2018\/05\/BONO-UNIBET_AFREE-.jpg\" \/>\n<meta name=\"twitter:card\" content=\"summary_large_image\" \/>\n<meta name=\"twitter:label1\" content=\"Est. reading time\" \/>\n\t<meta name=\"twitter:data1\" content=\"6 minutes\" \/>\n<script type=\"application\/ld+json\" class=\"yoast-schema-graph\">{\"@context\":\"https:\\\/\\\/schema.org\",\"@graph\":[{\"@type\":\"WebPage\",\"@id\":\"https:\\\/\\\/apuestasfree.com\\\/mx\\\/bono-unibet\\\/\",\"url\":\"https:\\\/\\\/apuestasfree.com\\\/mx\\\/bono-unibet\\\/\",\"name\":\"Bono Unibet: apuestas, casino, bingo y poker -\",\"isPartOf\":{\"@id\":\"https:\\\/\\\/apuestasfree.com\\\/mx\\\/#website\"},\"primaryImageOfPage\":{\"@id\":\"https:\\\/\\\/apuestasfree.com\\\/mx\\\/bono-unibet\\\/#primaryimage\"},\"image\":{\"@id\":\"https:\\\/\\\/apuestasfree.com\\\/mx\\\/bono-unibet\\\/#primaryimage\"},\"thumbnailUrl\":\"https:\\\/\\\/apuestasfree.com\\\/wp-content\\\/uploads\\\/2018\\\/05\\\/BONO-UNIBET_AFREE-.jpg\",\"datePublished\":\"2018-05-25T15:44:06+00:00\",\"dateModified\":\"2024-03-01T11:53:16+00:00\",\"description\":\"Unibet es una de las casas de referencia mundial con casi 16 millones de usuarios en 100 pa\u00edses. bono para apuestas, casino y poker.\",\"breadcrumb\":{\"@id\":\"https:\\\/\\\/apuestasfree.com\\\/mx\\\/bono-unibet\\\/#breadcrumb\"},\"inLanguage\":\"es-mx\",\"potentialAction\":[{\"@type\":\"ReadAction\",\"target\":[\"https:\\\/\\\/apuestasfree.com\\\/mx\\\/bono-unibet\\\/\"]}]},{\"@type\":\"ImageObject\",\"inLanguage\":\"es-mx\",\"@id\":\"https:\\\/\\\/apuestasfree.com\\\/mx\\\/bono-unibet\\\/#primaryimage\",\"url\":\"https:\\\/\\\/apuestasfree.com\\\/wp-content\\\/uploads\\\/2018\\\/05\\\/BONO-UNIBET_AFREE-.jpg\",\"contentUrl\":\"https:\\\/\\\/apuestasfree.com\\\/wp-content\\\/uploads\\\/2018\\\/05\\\/BONO-UNIBET_AFREE-.jpg\"},{\"@type\":\"BreadcrumbList\",\"@id\":\"https:\\\/\\\/apuestasfree.com\\\/mx\\\/bono-unibet\\\/#breadcrumb\",\"itemListElement\":[{\"@type\":\"ListItem\",\"position\":1,\"name\":\"Inicio\",\"item\":\"https:\\\/\\\/apuestasfree.com\\\/mx\\\/\"},{\"@type\":\"ListItem\",\"position\":2,\"name\":\"Bono Unibet: apuestas, casino, bingo y poker\"}]},{\"@type\":\"WebSite\",\"@id\":\"https:\\\/\\\/apuestasfree.com\\\/mx\\\/#website\",\"url\":\"https:\\\/\\\/apuestasfree.com\\\/mx\\\/\",\"name\":\"ApuestasFree\",\"description\":\"\",\"publisher\":{\"@id\":\"https:\\\/\\\/apuestasfree.com\\\/mx\\\/#organization\"},\"potentialAction\":[{\"@type\":\"SearchAction\",\"target\":{\"@type\":\"EntryPoint\",\"urlTemplate\":\"https:\\\/\\\/apuestasfree.com\\\/mx\\\/?s={search_term_string}\"},\"query-input\":{\"@type\":\"PropertyValueSpecification\",\"valueRequired\":true,\"valueName\":\"search_term_string\"}}],\"inLanguage\":\"es-mx\"},{\"@type\":\"Organization\",\"@id\":\"https:\\\/\\\/apuestasfree.com\\\/mx\\\/#organization\",\"name\":\"ApuestasFree\",\"url\":\"https:\\\/\\\/apuestasfree.com\\\/mx\\\/\",\"logo\":{\"@type\":\"ImageObject\",\"inLanguage\":\"es-mx\",\"@id\":\"https:\\\/\\\/apuestasfree.com\\\/mx\\\/#\\\/schema\\\/logo\\\/image\\\/\",\"url\":\"https:\\\/\\\/apuestasfree.com\\\/wp-content\\\/uploads\\\/2019\\\/06\\\/afree_logo.png\",\"contentUrl\":\"https:\\\/\\\/apuestasfree.com\\\/wp-content\\\/uploads\\\/2019\\\/06\\\/afree_logo.png\",\"width\":106,\"height\":50,\"caption\":\"ApuestasFree\"},\"image\":{\"@id\":\"https:\\\/\\\/apuestasfree.com\\\/mx\\\/#\\\/schema\\\/logo\\\/image\\\/\"}}]}<\/script>\n<!-- \/ Yoast SEO Premium plugin. -->","yoast_head_json":{"title":"Bono Unibet: apuestas, casino, bingo y poker -","description":"Unibet es una de las casas de referencia mundial con casi 16 millones de usuarios en 100 pa\u00edses. bono para apuestas, casino y poker.","robots":{"index":"index","follow":"follow","max-snippet":"max-snippet:-1","max-image-preview":"max-image-preview:large","max-video-preview":"max-video-preview:-1"},"canonical":"https:\/\/apuestasfree.com\/mx\/bono-unibet\/","og_locale":"es_ES","og_type":"article","og_title":"Bono Unibet: apuestas, casino, bingo y poker","og_description":"Unibet es una de las casas de referencia mundial con casi 16 millones de usuarios en 100 pa\u00edses. bono para apuestas, casino y poker.","og_url":"https:\/\/apuestasfree.com\/mx\/bono-unibet\/","og_site_name":"ApuestasFree","article_modified_time":"2024-03-01T11:53:16+00:00","og_image":[{"url":"https:\/\/apuestasfree.com\/wp-content\/uploads\/2018\/05\/BONO-UNIBET_AFREE-.jpg","type":"","width":"","height":""}],"twitter_card":"summary_large_image","twitter_misc":{"Est. reading time":"6 minutes"},"schema":{"@context":"https:\/\/schema.org","@graph":[{"@type":"WebPage","@id":"https:\/\/apuestasfree.com\/mx\/bono-unibet\/","url":"https:\/\/apuestasfree.com\/mx\/bono-unibet\/","name":"Bono Unibet: apuestas, casino, bingo y poker -","isPartOf":{"@id":"https:\/\/apuestasfree.com\/mx\/#website"},"primaryImageOfPage":{"@id":"https:\/\/apuestasfree.com\/mx\/bono-unibet\/#primaryimage"},"image":{"@id":"https:\/\/apuestasfree.com\/mx\/bono-unibet\/#primaryimage"},"thumbnailUrl":"https:\/\/apuestasfree.com\/wp-content\/uploads\/2018\/05\/BONO-UNIBET_AFREE-.jpg","datePublished":"2018-05-25T15:44:06+00:00","dateModified":"2024-03-01T11:53:16+00:00","description":"Unibet es una de las casas de referencia mundial con casi 16 millones de usuarios en 100 pa\u00edses. bono para apuestas, casino y poker.","breadcrumb":{"@id":"https:\/\/apuestasfree.com\/mx\/bono-unibet\/#breadcrumb"},"inLanguage":"es-mx","potentialAction":[{"@type":"ReadAction","target":["https:\/\/apuestasfree.com\/mx\/bono-unibet\/"]}]},{"@type":"ImageObject","inLanguage":"es-mx","@id":"https:\/\/apuestasfree.com\/mx\/bono-unibet\/#primaryimage","url":"https:\/\/apuestasfree.com\/wp-content\/uploads\/2018\/05\/BONO-UNIBET_AFREE-.jpg","contentUrl":"https:\/\/apuestasfree.com\/wp-content\/uploads\/2018\/05\/BONO-UNIBET_AFREE-.jpg"},{"@type":"BreadcrumbList","@id":"https:\/\/apuestasfree.com\/mx\/bono-unibet\/#breadcrumb","itemListElement":[{"@type":"ListItem","position":1,"name":"Inicio","item":"https:\/\/apuestasfree.com\/mx\/"},{"@type":"ListItem","position":2,"name":"Bono Unibet: apuestas, casino, bingo y poker"}]},{"@type":"WebSite","@id":"https:\/\/apuestasfree.com\/mx\/#website","url":"https:\/\/apuestasfree.com\/mx\/","name":"ApuestasFree","description":"","publisher":{"@id":"https:\/\/apuestasfree.com\/mx\/#organization"},"potentialAction":[{"@type":"SearchAction","target":{"@type":"EntryPoint","urlTemplate":"https:\/\/apuestasfree.com\/mx\/?s={search_term_string}"},"query-input":{"@type":"PropertyValueSpecification","valueRequired":true,"valueName":"search_term_string"}}],"inLanguage":"es-mx"},{"@type":"Organization","@id":"https:\/\/apuestasfree.com\/mx\/#organization","name":"ApuestasFree","url":"https:\/\/apuestasfree.com\/mx\/","logo":{"@type":"ImageObject","inLanguage":"es-mx","@id":"https:\/\/apuestasfree.com\/mx\/#\/schema\/logo\/image\/","url":"https:\/\/apuestasfree.com\/wp-content\/uploads\/2019\/06\/afree_logo.png","contentUrl":"https:\/\/apuestasfree.com\/wp-content\/uploads\/2019\/06\/afree_logo.png","width":106,"height":50,"caption":"ApuestasFree"},"image":{"@id":"https:\/\/apuestasfree.com\/mx\/#\/schema\/logo\/image\/"}}]}},"uagb_featured_image_src":{"full":false,"thumbnail":false,"medium":false,"medium_large":false,"large":false,"1536x1536":false,"2048x2048":false},"uagb_author_info":{"display_name":"afree","author_link":"https:\/\/apuestasfree.com\/mx\/author\/afree\/"},"uagb_comment_info":0,"uagb_excerpt":"Casi 16 millones de jugadores conf\u00edan en Unibet. Esta casa de apuestas est\u00e1 presente en m\u00e1s de cien pa\u00edses aunque lamentablemente por ahora no opera en Espa\u00f1a. Fundada en 1997 en Suecia se ha convertido en una de las grandes firmas de apuestas y juego online. Su oferta es excepcional, y aunque naci\u00f3 como casa&hellip;","_links":{"self":[{"href":"https:\/\/apuestasfree.com\/mx\/wp-json\/wp\/v2\/pages\/76220","targetHints":{"allow":["GET"]}}],"collection":[{"href":"https:\/\/apuestasfree.com\/mx\/wp-json\/wp\/v2\/pages"}],"about":[{"href":"https:\/\/apuestasfree.com\/mx\/wp-json\/wp\/v2\/types\/page"}],"author":[{"embeddable":true,"href":"https:\/\/apuestasfree.com\/mx\/wp-json\/wp\/v2\/users\/1"}],"replies":[{"embeddable":true,"href":"https:\/\/apuestasfree.com\/mx\/wp-json\/wp\/v2\/comments?post=76220"}],"version-history":[{"count":1,"href":"https:\/\/apuestasfree.com\/mx\/wp-json\/wp\/v2\/pages\/76220\/revisions"}],"predecessor-version":[{"id":1633792,"href":"https:\/\/apuestasfree.com\/mx\/wp-json\/wp\/v2\/pages\/76220\/revisions\/1633792"}],"wp:attachment":[{"href":"https:\/\/apuestasfree.com\/mx\/wp-json\/wp\/v2\/media?parent=76220"}],"curies":[{"name":"wp","href":"https:\/\/api.w.org\/{rel}","templated":true}]}}