{"id":73150,"date":"2018-03-01T14:18:58","date_gmt":"2018-03-01T13:18:58","guid":{"rendered":"https:\/\/apuestasfree.com\/?page_id=73150"},"modified":"2021-05-21T01:11:37","modified_gmt":"2021-05-20T23:11:37","slug":"bono-tipbet","status":"publish","type":"page","link":"https:\/\/apuestasfree.com\/mx\/bono-tipbet\/","title":{"rendered":"Bono Tipbet: a tu elecci\u00f3n"},"content":{"rendered":"<p style=\"text-align: center;\">El panorama de las apuestas deportivas va a sufrir un revulsivo en las pr\u00f3ximas semanas. Si pensabas que el mercado de las apuestas estaba ya maduro nada m\u00e1s lejos de la realidad. Son varias las casas de apuestas internacionales que est\u00e1n gestionando la licencia para poder operar en nuestro pa\u00eds en breve, es el caso de <a href=\"https:\/\/apuestasfree.com\/bono-1xbet\/\" target=\"_blank\" rel=\"noopener noreferrer\">1XBET<\/a>\u00a0, <a href=\"https:\/\/apuestasfree.com\/bono-netbet\/\" target=\"_blank\" rel=\"noopener noreferrer\">NetBet<\/a> o Tipbet. <strong>Nuestra misi\u00f3n de hoy es presentar a Tipbet y averiguar c\u00f3mo ser\u00e1 su bono de bienvenida<\/strong>.<\/p>\n<p><a href=\"https:\/\/recor.to\/sportium\" target=\"_blank\" rel=\"noopener noreferrer nofollow sponsored\"><img fetchpriority=\"high\" decoding=\"async\" class=\"aligncenter wp-image-73161 size-full\" src=\"https:\/\/apuestasfree.com\/wp-content\/uploads\/2018\/03\/TIPBET_PANTALLAZO_AFREE.jpg\" alt=\"BONO TIPBET EN ESPA\u00d1A\" width=\"750\" height=\"398\" srcset=\"https:\/\/apuestasfree.com\/wp-content\/uploads\/2018\/03\/TIPBET_PANTALLAZO_AFREE.jpg 750w, https:\/\/apuestasfree.com\/wp-content\/uploads\/2018\/03\/TIPBET_PANTALLAZO_AFREE-300x159.jpg 300w\" sizes=\"(max-width: 750px) 100vw, 750px\" \/><\/a><\/p>\n<p>Tipbet es una empresa joven y ambiciosa con sede en Malta y dedicada a las apuestas deportivas y casino online. C<span lang=\"es\">ubre m\u00e1s de 50.000 eventos deportivos y hasta 10.000 en vivo cada mes.\u00a0<\/span>Cada d\u00eda alimenta su web con miles de apuestas a eventos de todo el mundo, grandes y peque\u00f1os, de f\u00fatbol, baloncesto o tenis as\u00ed como de otras disciplinas m\u00e1s minoritarios como hockey, rugby, esports&#8230; Tipbet dice ofrecer la gama m\u00e1s completa de eventos deportivos, estad\u00edsticas, noticias y transmisiones en vivo. <strong>Es una casa de apuestas con las mejores probabilidades y cuotas para todas las ligas y todos los deportes, en su web afirman que lideran este campo&#8230;.<\/strong> habr\u00e1 que verlo. No obstante, podemos decir que esta plataforma no nos defraudar\u00e1, que har\u00e1 las delicias de todos los jugadores independientemente de su perfil, experimentados o principiantes. Su interfaz es muy clara e intuitiva, y hasta el \u00faltimo minuto de un evento en vivo puedes hacer tu apuesta, tan solo te llevar\u00e1 un par de segundos.<\/p>\n<p><strong>\u00bfTe gusta el bono de Tipbet? Vota nuestro art\u00edculo \u00a1 <span id=\"post-ratings-73150\" class=\"post-ratings\" data-nonce=\"b4cc341f44\"><img decoding=\"async\" id=\"rating_73150_1\" src=\"https:\/\/apuestasfree.com\/wp-content\/plugins\/wp-postratings\/images\/stars_crystal\/rating_on.gif\" alt=\"1 estrella\" title=\"1 estrella\" onmouseover=\"current_rating(73150, 1, '1 estrella');\" onmouseout=\"ratings_off(4.5, 5, 0);\" onclick=\"rate_post();\" onkeypress=\"rate_post();\" style=\"cursor: pointer; border: 0px;\" \/><img decoding=\"async\" id=\"rating_73150_2\" src=\"https:\/\/apuestasfree.com\/wp-content\/plugins\/wp-postratings\/images\/stars_crystal\/rating_on.gif\" alt=\"2 estrellas\" title=\"2 estrellas\" onmouseover=\"current_rating(73150, 2, '2 estrellas');\" onmouseout=\"ratings_off(4.5, 5, 0);\" onclick=\"rate_post();\" onkeypress=\"rate_post();\" style=\"cursor: pointer; border: 0px;\" \/><img decoding=\"async\" id=\"rating_73150_3\" src=\"https:\/\/apuestasfree.com\/wp-content\/plugins\/wp-postratings\/images\/stars_crystal\/rating_on.gif\" alt=\"3 estrellas\" title=\"3 estrellas\" onmouseover=\"current_rating(73150, 3, '3 estrellas');\" onmouseout=\"ratings_off(4.5, 5, 0);\" onclick=\"rate_post();\" onkeypress=\"rate_post();\" style=\"cursor: pointer; border: 0px;\" \/><img decoding=\"async\" id=\"rating_73150_4\" src=\"https:\/\/apuestasfree.com\/wp-content\/plugins\/wp-postratings\/images\/stars_crystal\/rating_on.gif\" alt=\"4 estrellas\" title=\"4 estrellas\" onmouseover=\"current_rating(73150, 4, '4 estrellas');\" onmouseout=\"ratings_off(4.5, 5, 0);\" onclick=\"rate_post();\" onkeypress=\"rate_post();\" style=\"cursor: pointer; border: 0px;\" \/><img decoding=\"async\" id=\"rating_73150_5\" src=\"https:\/\/apuestasfree.com\/wp-content\/plugins\/wp-postratings\/images\/stars_crystal\/rating_half.gif\" alt=\"5 estrellas\" title=\"5 estrellas\" onmouseover=\"current_rating(73150, 5, '5 estrellas');\" onmouseout=\"ratings_off(4.5, 5, 0);\" onclick=\"rate_post();\" onkeypress=\"rate_post();\" style=\"cursor: pointer; border: 0px;\" \/> (<strong>2<\/strong> votos, promedio: <strong>4.50<\/strong> de 5)<br \/><span class=\"post-ratings-text\" id=\"ratings_73150_text\"><\/span><\/span><span id=\"post-ratings-73150-loading\" class=\"post-ratings-loading\"><img decoding=\"async\" src=\"https:\/\/apuestasfree.com\/wp-content\/plugins\/wp-postratings\/images\/loading.gif\" width=\"16\" height=\"16\" class=\"post-ratings-image\" \/>Loading...<\/span><\/strong><\/p>\n<p>Tipbet es una operadora alemana, segura y de total confianza y que muy pronto ofrecer\u00e1 su oferta de apuestas en nuestro pa\u00eds. Actualmente est\u00e1 gestionando la licencia con la Direcci\u00f3n General de Ordenaci\u00f3n del Juego, DGOJ, para poder operar. Y ante su inminente llegada <strong>nos preguntamos si ofrecer\u00e1 un bono de bienvenida, y si es as\u00ed, c\u00f3mo ser\u00e1<\/strong>. Para responder a estas cuestiones nada mejor que visitar su web oficial tipbet.com y analizar su \u00e1rea de promociones.<\/p>\n<h2>Bono Tipbet \u00a1hasta el 200% de tu dep\u00f3sito!<\/h2>\n<p>Y la respuesta que hemos obtenido no pod\u00eda ser m\u00e1s satisfactoria. No solo no ofrece un bono de bienvenida \u00a1sino dos!. Efectivamente,\u00a0<strong>Tipbet ofrece dos bonos de de bienvenida, uno del 100% y otro del 200% de tu dep\u00f3sito inicial<\/strong>, y en tu mano est\u00e1 elegir cu\u00e1l\u00a0 quieres, cu\u00e1l te interesa m\u00e1s.<\/p>\n<p><a href=\"https:\/\/recor.to\/bwin\" target=\"_blank\" rel=\"noopener noreferrer nofollow sponsored\"><img decoding=\"async\" class=\"aligncenter wp-image-73151 size-full\" src=\"https:\/\/apuestasfree.com\/wp-content\/uploads\/2018\/03\/bono-tipbet_200_afree.jpg\" alt=\"BONO TIPBET\" width=\"750\" height=\"392\" srcset=\"https:\/\/apuestasfree.com\/wp-content\/uploads\/2018\/03\/bono-tipbet_200_afree.jpg 750w, https:\/\/apuestasfree.com\/wp-content\/uploads\/2018\/03\/bono-tipbet_200_afree-300x157.jpg 300w\" sizes=\"(max-width: 750px) 100vw, 750px\" \/><\/a><\/p>\n<p>Las apuestas deben tener una cuota m\u00ednima de 1,90 para que califiquen para la liberaci\u00f3n del bono, asimismo tal y como ocurre en otras plataformas las apuestas de sistema no computan; y obviamente hasta que no cumplas con estos requisitos no puedes solicitar ninguna retirada de dinero de tu cuenta de juego de Tipbet porque si lo har\u00edas perder\u00edas no solo el bono sino las ganancias obtenidas con \u00e9l hasta ese momento.<\/p>\n<h2>Otros bonos y promociones de Tipbet<\/h2>\n<p>Pero adem\u00e1s Tipbet nos ha gustado porque tiene otras muchas promociones interesantes. As\u00ed los\u00a0amantes de los eSports est\u00e1n de enhorabuena porque Tipbet cuenta con una oferta de lo m\u00e1s interesante pudiendo apostar a los torneos de<em> League of Legends, Dota 2, Counter Strikes <\/em>y<em> StarCraft<\/em> &#8230;. pero adem\u00e1s <strong>oferta un bono espec\u00edfico de bienvenida del 100%, que dobla tu saldo de juego, para deportes electr\u00f3nicos<\/strong>.<\/p>\n<p><a href=\"https:\/\/recor.to\/betfairpromo\" target=\"_blank\" rel=\"noopener noreferrer nofollow sponsored\"><img loading=\"lazy\" decoding=\"async\" class=\"aligncenter wp-image-73155 size-full\" src=\"https:\/\/apuestasfree.com\/wp-content\/uploads\/2018\/03\/bono-tipbet_eSports_afree.jpg\" alt=\"bono tipbet esports\" width=\"750\" height=\"261\" srcset=\"https:\/\/apuestasfree.com\/wp-content\/uploads\/2018\/03\/bono-tipbet_eSports_afree.jpg 750w, https:\/\/apuestasfree.com\/wp-content\/uploads\/2018\/03\/bono-tipbet_eSports_afree-300x104.jpg 300w\" sizes=\"(max-width: 750px) 100vw, 750px\" \/><\/a><\/p>\n<p>Tambi\u00e9n cabe destacar el\u00a0<strong>bonus Super Combi<\/strong> con la que puedes conseguir hasta el 50% m\u00e1s de bonificaciones en combinadas de al menos de cuatro selecciones siempre y cuando una selecci\u00f3n tenga una cuota m\u00ednima de 1,5 y haya una apuesta en vivo. Asimismo muchos fines de semana nos sorprende con promociones recarga para clientes, del 15% de tu nuevo dep\u00f3sito; o te regala una apuesta gratis simplemente por hacer una combina da de cinco selecciones.<\/p>\n<p>Hoy en d\u00eda, cualquier casa de apuestas debe contar con una app que permita realizar apuestas desde tu m\u00f3vil o tableta en cualquier momento, mientras estas siguiendo un partido c\u00f3modamente en la televisi\u00f3n o desde el estadio. Obviamente Tipbet ha desarrollado una aplicaci\u00f3n\u00a0disponible tanto para Android como para Apple. Desde tu m\u00f3vil podr\u00e1s acceder a m\u00e1s de 100.000 mercados especiales al mes para apostar, y podr\u00e1s realizar cualquier apuesta deseada con un m\u00e1ximo de tres clics! \u00a1No puede ser m\u00e1s simple!<\/p>\n<p style=\"text-align: center;\"><iframe src=\"\/\/www.youtube.com\/embed\/Dk-ysQXjTcY\" width=\"560\" height=\"314\" allowfullscreen=\"allowfullscreen\"><\/iframe><\/p>\n<p>Nos llama la atenci\u00f3n, no lo hemos visto en ninguna otra operadora, que tiene una tarjeta de cliente para dispositivos m\u00f3viles que te permite disfrutar de la experiencia de apuestas con tus datos de acceso. Esta aplicaci\u00f3n tiene un esc\u00e1ner de c\u00f3digo de barras para que puedas gestionar en todo momento tus apuestas en tiempo real.<\/p>\n","protected":false},"excerpt":{"rendered":"<p>El panorama de las apuestas deportivas va a sufrir un revulsivo en las pr\u00f3ximas semanas. Si pensabas que el mercado de las apuestas estaba ya maduro nada m\u00e1s lejos de la realidad. Son varias las casas de apuestas internacionales que est\u00e1n gestionando la licencia para poder operar en nuestro pa\u00eds en breve, es el caso &#8230; <a title=\"Bono Tipbet: a tu elecci\u00f3n\" class=\"read-more\" href=\"https:\/\/apuestasfree.com\/mx\/bono-tipbet\/\" aria-label=\"Read more about Bono Tipbet: a tu elecci\u00f3n\">Read more<\/a><\/p>\n","protected":false},"author":1,"featured_media":0,"parent":0,"menu_order":301,"comment_status":"closed","ping_status":"closed","template":"","meta":{"_uag_custom_page_level_css":"","footnotes":""},"class_list":["post-73150","page","type-page","status-publish"],"yoast_head":"<!-- This site is optimized with the Yoast SEO Premium plugin v27.1 (Yoast SEO v27.4) - https:\/\/yoast.com\/product\/yoast-seo-premium-wordpress\/ -->\n<title>Bono Tipbet: a tu elecci\u00f3n -<\/title>\n<meta name=\"description\" content=\"Tipbet, casa de apuestas alemana, ya sabemos c\u00f3mo ser\u00e1 su bono de bienvenida, que bonificaciones conceder\u00e1 en su campa\u00f1a de lanzamiento.\" \/>\n<meta name=\"robots\" content=\"index, follow, max-snippet:-1, max-image-preview:large, max-video-preview:-1\" \/>\n<link rel=\"canonical\" href=\"https:\/\/apuestasfree.com\/mx\/bono-tipbet\/\" \/>\n<meta property=\"og:locale\" content=\"es_ES\" \/>\n<meta property=\"og:type\" content=\"article\" \/>\n<meta property=\"og:title\" content=\"Bono Tipbet: a tu elecci\u00f3n\" \/>\n<meta property=\"og:description\" content=\"Tipbet, casa de apuestas alemana, ya sabemos c\u00f3mo ser\u00e1 su bono de bienvenida, que bonificaciones conceder\u00e1 en su campa\u00f1a de lanzamiento.\" \/>\n<meta property=\"og:url\" content=\"https:\/\/apuestasfree.com\/mx\/bono-tipbet\/\" \/>\n<meta property=\"og:site_name\" content=\"ApuestasFree\" \/>\n<meta property=\"article:modified_time\" content=\"2021-05-20T23:11:37+00:00\" \/>\n<meta property=\"og:image\" content=\"https:\/\/apuestasfree.com\/wp-content\/uploads\/2018\/03\/TIPBET_PANTALLAZO_AFREE.jpg\" \/>\n<meta name=\"twitter:card\" content=\"summary_large_image\" \/>\n<meta name=\"twitter:label1\" content=\"Est. reading time\" \/>\n\t<meta name=\"twitter:data1\" content=\"4 minutes\" \/>\n<script type=\"application\/ld+json\" class=\"yoast-schema-graph\">{\"@context\":\"https:\\\/\\\/schema.org\",\"@graph\":[{\"@type\":\"WebPage\",\"@id\":\"https:\\\/\\\/apuestasfree.com\\\/mx\\\/bono-tipbet\\\/\",\"url\":\"https:\\\/\\\/apuestasfree.com\\\/mx\\\/bono-tipbet\\\/\",\"name\":\"Bono Tipbet: a tu elecci\u00f3n -\",\"isPartOf\":{\"@id\":\"https:\\\/\\\/apuestasfree.com\\\/mx\\\/#website\"},\"primaryImageOfPage\":{\"@id\":\"https:\\\/\\\/apuestasfree.com\\\/mx\\\/bono-tipbet\\\/#primaryimage\"},\"image\":{\"@id\":\"https:\\\/\\\/apuestasfree.com\\\/mx\\\/bono-tipbet\\\/#primaryimage\"},\"thumbnailUrl\":\"https:\\\/\\\/apuestasfree.com\\\/wp-content\\\/uploads\\\/2018\\\/03\\\/TIPBET_PANTALLAZO_AFREE.jpg\",\"datePublished\":\"2018-03-01T13:18:58+00:00\",\"dateModified\":\"2021-05-20T23:11:37+00:00\",\"description\":\"Tipbet, casa de apuestas alemana, ya sabemos c\u00f3mo ser\u00e1 su bono de bienvenida, que bonificaciones conceder\u00e1 en su campa\u00f1a de lanzamiento.\",\"breadcrumb\":{\"@id\":\"https:\\\/\\\/apuestasfree.com\\\/mx\\\/bono-tipbet\\\/#breadcrumb\"},\"inLanguage\":\"es-mx\",\"potentialAction\":[{\"@type\":\"ReadAction\",\"target\":[\"https:\\\/\\\/apuestasfree.com\\\/mx\\\/bono-tipbet\\\/\"]}]},{\"@type\":\"ImageObject\",\"inLanguage\":\"es-mx\",\"@id\":\"https:\\\/\\\/apuestasfree.com\\\/mx\\\/bono-tipbet\\\/#primaryimage\",\"url\":\"https:\\\/\\\/apuestasfree.com\\\/wp-content\\\/uploads\\\/2018\\\/03\\\/TIPBET_PANTALLAZO_AFREE.jpg\",\"contentUrl\":\"https:\\\/\\\/apuestasfree.com\\\/wp-content\\\/uploads\\\/2018\\\/03\\\/TIPBET_PANTALLAZO_AFREE.jpg\"},{\"@type\":\"BreadcrumbList\",\"@id\":\"https:\\\/\\\/apuestasfree.com\\\/mx\\\/bono-tipbet\\\/#breadcrumb\",\"itemListElement\":[{\"@type\":\"ListItem\",\"position\":1,\"name\":\"Inicio\",\"item\":\"https:\\\/\\\/apuestasfree.com\\\/mx\\\/\"},{\"@type\":\"ListItem\",\"position\":2,\"name\":\"Bono Tipbet: a tu elecci\u00f3n\"}]},{\"@type\":\"WebSite\",\"@id\":\"https:\\\/\\\/apuestasfree.com\\\/mx\\\/#website\",\"url\":\"https:\\\/\\\/apuestasfree.com\\\/mx\\\/\",\"name\":\"ApuestasFree\",\"description\":\"\",\"publisher\":{\"@id\":\"https:\\\/\\\/apuestasfree.com\\\/mx\\\/#organization\"},\"potentialAction\":[{\"@type\":\"SearchAction\",\"target\":{\"@type\":\"EntryPoint\",\"urlTemplate\":\"https:\\\/\\\/apuestasfree.com\\\/mx\\\/?s={search_term_string}\"},\"query-input\":{\"@type\":\"PropertyValueSpecification\",\"valueRequired\":true,\"valueName\":\"search_term_string\"}}],\"inLanguage\":\"es-mx\"},{\"@type\":\"Organization\",\"@id\":\"https:\\\/\\\/apuestasfree.com\\\/mx\\\/#organization\",\"name\":\"ApuestasFree\",\"url\":\"https:\\\/\\\/apuestasfree.com\\\/mx\\\/\",\"logo\":{\"@type\":\"ImageObject\",\"inLanguage\":\"es-mx\",\"@id\":\"https:\\\/\\\/apuestasfree.com\\\/mx\\\/#\\\/schema\\\/logo\\\/image\\\/\",\"url\":\"https:\\\/\\\/apuestasfree.com\\\/wp-content\\\/uploads\\\/2019\\\/06\\\/afree_logo.png\",\"contentUrl\":\"https:\\\/\\\/apuestasfree.com\\\/wp-content\\\/uploads\\\/2019\\\/06\\\/afree_logo.png\",\"width\":106,\"height\":50,\"caption\":\"ApuestasFree\"},\"image\":{\"@id\":\"https:\\\/\\\/apuestasfree.com\\\/mx\\\/#\\\/schema\\\/logo\\\/image\\\/\"}}]}<\/script>\n<!-- \/ Yoast SEO Premium plugin. -->","yoast_head_json":{"title":"Bono Tipbet: a tu elecci\u00f3n -","description":"Tipbet, casa de apuestas alemana, ya sabemos c\u00f3mo ser\u00e1 su bono de bienvenida, que bonificaciones conceder\u00e1 en su campa\u00f1a de lanzamiento.","robots":{"index":"index","follow":"follow","max-snippet":"max-snippet:-1","max-image-preview":"max-image-preview:large","max-video-preview":"max-video-preview:-1"},"canonical":"https:\/\/apuestasfree.com\/mx\/bono-tipbet\/","og_locale":"es_ES","og_type":"article","og_title":"Bono Tipbet: a tu elecci\u00f3n","og_description":"Tipbet, casa de apuestas alemana, ya sabemos c\u00f3mo ser\u00e1 su bono de bienvenida, que bonificaciones conceder\u00e1 en su campa\u00f1a de lanzamiento.","og_url":"https:\/\/apuestasfree.com\/mx\/bono-tipbet\/","og_site_name":"ApuestasFree","article_modified_time":"2021-05-20T23:11:37+00:00","og_image":[{"url":"https:\/\/apuestasfree.com\/wp-content\/uploads\/2018\/03\/TIPBET_PANTALLAZO_AFREE.jpg","type":"","width":"","height":""}],"twitter_card":"summary_large_image","twitter_misc":{"Est. reading time":"4 minutes"},"schema":{"@context":"https:\/\/schema.org","@graph":[{"@type":"WebPage","@id":"https:\/\/apuestasfree.com\/mx\/bono-tipbet\/","url":"https:\/\/apuestasfree.com\/mx\/bono-tipbet\/","name":"Bono Tipbet: a tu elecci\u00f3n -","isPartOf":{"@id":"https:\/\/apuestasfree.com\/mx\/#website"},"primaryImageOfPage":{"@id":"https:\/\/apuestasfree.com\/mx\/bono-tipbet\/#primaryimage"},"image":{"@id":"https:\/\/apuestasfree.com\/mx\/bono-tipbet\/#primaryimage"},"thumbnailUrl":"https:\/\/apuestasfree.com\/wp-content\/uploads\/2018\/03\/TIPBET_PANTALLAZO_AFREE.jpg","datePublished":"2018-03-01T13:18:58+00:00","dateModified":"2021-05-20T23:11:37+00:00","description":"Tipbet, casa de apuestas alemana, ya sabemos c\u00f3mo ser\u00e1 su bono de bienvenida, que bonificaciones conceder\u00e1 en su campa\u00f1a de lanzamiento.","breadcrumb":{"@id":"https:\/\/apuestasfree.com\/mx\/bono-tipbet\/#breadcrumb"},"inLanguage":"es-mx","potentialAction":[{"@type":"ReadAction","target":["https:\/\/apuestasfree.com\/mx\/bono-tipbet\/"]}]},{"@type":"ImageObject","inLanguage":"es-mx","@id":"https:\/\/apuestasfree.com\/mx\/bono-tipbet\/#primaryimage","url":"https:\/\/apuestasfree.com\/wp-content\/uploads\/2018\/03\/TIPBET_PANTALLAZO_AFREE.jpg","contentUrl":"https:\/\/apuestasfree.com\/wp-content\/uploads\/2018\/03\/TIPBET_PANTALLAZO_AFREE.jpg"},{"@type":"BreadcrumbList","@id":"https:\/\/apuestasfree.com\/mx\/bono-tipbet\/#breadcrumb","itemListElement":[{"@type":"ListItem","position":1,"name":"Inicio","item":"https:\/\/apuestasfree.com\/mx\/"},{"@type":"ListItem","position":2,"name":"Bono Tipbet: a tu elecci\u00f3n"}]},{"@type":"WebSite","@id":"https:\/\/apuestasfree.com\/mx\/#website","url":"https:\/\/apuestasfree.com\/mx\/","name":"ApuestasFree","description":"","publisher":{"@id":"https:\/\/apuestasfree.com\/mx\/#organization"},"potentialAction":[{"@type":"SearchAction","target":{"@type":"EntryPoint","urlTemplate":"https:\/\/apuestasfree.com\/mx\/?s={search_term_string}"},"query-input":{"@type":"PropertyValueSpecification","valueRequired":true,"valueName":"search_term_string"}}],"inLanguage":"es-mx"},{"@type":"Organization","@id":"https:\/\/apuestasfree.com\/mx\/#organization","name":"ApuestasFree","url":"https:\/\/apuestasfree.com\/mx\/","logo":{"@type":"ImageObject","inLanguage":"es-mx","@id":"https:\/\/apuestasfree.com\/mx\/#\/schema\/logo\/image\/","url":"https:\/\/apuestasfree.com\/wp-content\/uploads\/2019\/06\/afree_logo.png","contentUrl":"https:\/\/apuestasfree.com\/wp-content\/uploads\/2019\/06\/afree_logo.png","width":106,"height":50,"caption":"ApuestasFree"},"image":{"@id":"https:\/\/apuestasfree.com\/mx\/#\/schema\/logo\/image\/"}}]}},"uagb_featured_image_src":{"full":false,"thumbnail":false,"medium":false,"medium_large":false,"large":false,"1536x1536":false,"2048x2048":false},"uagb_author_info":{"display_name":"afree","author_link":"https:\/\/apuestasfree.com\/mx\/author\/afree\/"},"uagb_comment_info":0,"uagb_excerpt":"El panorama de las apuestas deportivas va a sufrir un revulsivo en las pr\u00f3ximas semanas. Si pensabas que el mercado de las apuestas estaba ya maduro nada m\u00e1s lejos de la realidad. Son varias las casas de apuestas internacionales que est\u00e1n gestionando la licencia para poder operar en nuestro pa\u00eds en breve, es el caso&hellip;","_links":{"self":[{"href":"https:\/\/apuestasfree.com\/mx\/wp-json\/wp\/v2\/pages\/73150","targetHints":{"allow":["GET"]}}],"collection":[{"href":"https:\/\/apuestasfree.com\/mx\/wp-json\/wp\/v2\/pages"}],"about":[{"href":"https:\/\/apuestasfree.com\/mx\/wp-json\/wp\/v2\/types\/page"}],"author":[{"embeddable":true,"href":"https:\/\/apuestasfree.com\/mx\/wp-json\/wp\/v2\/users\/1"}],"replies":[{"embeddable":true,"href":"https:\/\/apuestasfree.com\/mx\/wp-json\/wp\/v2\/comments?post=73150"}],"version-history":[{"count":0,"href":"https:\/\/apuestasfree.com\/mx\/wp-json\/wp\/v2\/pages\/73150\/revisions"}],"wp:attachment":[{"href":"https:\/\/apuestasfree.com\/mx\/wp-json\/wp\/v2\/media?parent=73150"}],"curies":[{"name":"wp","href":"https:\/\/api.w.org\/{rel}","templated":true}]}}