{"id":606139,"date":"2021-12-01T15:52:10","date_gmt":"2021-12-01T14:52:10","guid":{"rendered":"https:\/\/apuestasfree.com\/?page_id=606139"},"modified":"2025-01-05T20:52:42","modified_gmt":"2025-01-05T19:52:42","slug":"bono-bet365","status":"publish","type":"page","link":"https:\/\/apuestasfree.com\/mx\/bono-bet365\/","title":{"rendered":"Bono Bet365: cr\u00e9ditos de apuesta hasta $3000"},"content":{"rendered":"\n<p><strong>\u00bfQuieres el bono <a href=\"https:\/\/recor.to\/bet365mx\" target=\"_blank\" rel=\"noreferrer noopener nofollow sponsored\">Bet365<\/a> para nuevos jugadores? \u00bfBuscas un bono de apuestas para ampliar tus horizontes de juego? \u00bfTe interesa saber lo que ofrece esta estupenda casa de juego? <\/strong>\u00a1Sigue leyendo, te contamos todo lo que debes hacer para conseguirlo, conservarlo y sacarle el mayor partido?<\/p>\n\n\n\n<h2 class=\"wp-block-heading\" id=\"h-bet365-de-un-vistazo\"> Bet365 de un vistazo <\/h2>\n\n\n\n<p>Si est\u00e1s leyendo este art\u00edculo sobre el <strong>bono <a href=\"https:\/\/recor.to\/bet365mx\" target=\"_blank\" rel=\"noopener noreferrer nofollow sponsored\">Bet365<\/a><\/strong> seguramente todav\u00eda no juegas con ellos y quieres saber c\u00f3mo te dan la bienvenida. Desde luego jugar con Bet365 es una estupenda opci\u00f3n, porque se trata de una de las mayores y m\u00e1s exitosas casas de apuestas a nivel internacional. Tanto su oferta de juego -fabulosa en n\u00famero de deportes, competiciones y mercados- como sus servicios, est\u00e1n al m\u00e1s alto nivel. Cualquier jugador, por existente que sea, encontrar\u00e1 en Bet365 una estupenda casa de apuestas.<\/p>\n\n\n\n<h2 class=\"wp-block-heading\" id=\"h-el-bono-bet365-bonus-de-nuevo-jugador\"> El bono Bet365 de nuevo jugador<\/h2>\n\n\n\n<span id='tag20210614113257'><\/span><script type=\"text\/javascript\" src='https:\/\/imstore.bet365affiliates.com\/PopulateText.aspx?AffiliateId=81667&#038;AffiliateCode=365_378124&#038;TagName=tag20210614113257&#038;CID=358&#038;PID=149&#038;LNG=3&#038;NewWindow=Y&#038;Mask=N'><\/script><script type=\"text\/javascript\">document.getElementById('tag20210614113257').innerHTML = returnText_tag20210614113257();<\/script>\n\n\n","protected":false},"excerpt":{"rendered":"<p>\u00bfQuieres el bono Bet365 para nuevos jugadores? \u00bfBuscas un bono de apuestas para ampliar tus horizontes de juego? \u00bfTe interesa saber lo que ofrece esta estupenda casa de juego? \u00a1Sigue leyendo, te contamos todo lo que debes hacer para conseguirlo, conservarlo y sacarle el mayor partido? Bet365 de un vistazo Si est\u00e1s leyendo este art\u00edculo &#8230; <a title=\"Bono Bet365: cr\u00e9ditos de apuesta hasta $3000\" class=\"read-more\" href=\"https:\/\/apuestasfree.com\/mx\/bono-bet365\/\" aria-label=\"Read more about Bono Bet365: cr\u00e9ditos de apuesta hasta $3000\">Read more<\/a><\/p>\n","protected":false},"author":33148,"featured_media":0,"parent":0,"menu_order":0,"comment_status":"closed","ping_status":"closed","template":"","meta":{"_uag_custom_page_level_css":"","footnotes":""},"class_list":["post-606139","page","type-page","status-publish"],"yoast_head":"<!-- This site is optimized with the Yoast SEO Premium plugin v27.1 (Yoast SEO v27.3) - https:\/\/yoast.com\/product\/yoast-seo-premium-wordpress\/ -->\n<title>Bono Bet365: cr\u00e9ditos de apuesta hasta $3000<\/title>\n<meta name=\"description\" content=\"El bono Bet365 te ofrece igualar tu primer dep\u00f3sito en la casa hasta un m\u00e1ximo de $3.000 en cr\u00e9ditos de apuesta que doblan tu ingreso.\" \/>\n<meta name=\"robots\" content=\"index, follow, max-snippet:-1, max-image-preview:large, max-video-preview:-1\" \/>\n<link rel=\"canonical\" href=\"https:\/\/apuestasfree.com\/mx\/bono-bet365\/\" \/>\n<meta property=\"og:locale\" content=\"es_ES\" \/>\n<meta property=\"og:type\" content=\"article\" \/>\n<meta property=\"og:title\" content=\"Bono Bet365: cr\u00e9ditos de apuesta hasta $3000\" \/>\n<meta property=\"og:description\" content=\"El bono Bet365 te ofrece igualar tu primer dep\u00f3sito en la casa hasta un m\u00e1ximo de $3.000 en cr\u00e9ditos de apuesta que doblan tu ingreso.\" \/>\n<meta property=\"og:url\" content=\"https:\/\/apuestasfree.com\/mx\/bono-bet365\/\" \/>\n<meta property=\"og:site_name\" content=\"ApuestasFree\" \/>\n<meta property=\"article:modified_time\" content=\"2025-01-05T19:52:42+00:00\" \/>\n<meta name=\"twitter:card\" content=\"summary_large_image\" \/>\n<meta name=\"twitter:label1\" content=\"Est. reading time\" \/>\n\t<meta name=\"twitter:data1\" content=\"1 minute\" \/>\n<script type=\"application\/ld+json\" class=\"yoast-schema-graph\">{\"@context\":\"https:\\\/\\\/schema.org\",\"@graph\":[{\"@type\":\"WebPage\",\"@id\":\"https:\\\/\\\/apuestasfree.com\\\/mx\\\/bono-bet365\\\/\",\"url\":\"https:\\\/\\\/apuestasfree.com\\\/mx\\\/bono-bet365\\\/\",\"name\":\"Bono Bet365: cr\u00e9ditos de apuesta hasta $3000\",\"isPartOf\":{\"@id\":\"https:\\\/\\\/apuestasfree.com\\\/mx\\\/#website\"},\"datePublished\":\"2021-12-01T14:52:10+00:00\",\"dateModified\":\"2025-01-05T19:52:42+00:00\",\"description\":\"El bono Bet365 te ofrece igualar tu primer dep\u00f3sito en la casa hasta un m\u00e1ximo de $3.000 en cr\u00e9ditos de apuesta que doblan tu ingreso.\",\"breadcrumb\":{\"@id\":\"https:\\\/\\\/apuestasfree.com\\\/mx\\\/bono-bet365\\\/#breadcrumb\"},\"inLanguage\":\"es-mx\",\"potentialAction\":[{\"@type\":\"ReadAction\",\"target\":[\"https:\\\/\\\/apuestasfree.com\\\/mx\\\/bono-bet365\\\/\"]}]},{\"@type\":\"BreadcrumbList\",\"@id\":\"https:\\\/\\\/apuestasfree.com\\\/mx\\\/bono-bet365\\\/#breadcrumb\",\"itemListElement\":[{\"@type\":\"ListItem\",\"position\":1,\"name\":\"Inicio\",\"item\":\"https:\\\/\\\/apuestasfree.com\\\/mx\\\/\"},{\"@type\":\"ListItem\",\"position\":2,\"name\":\"Bono Bet365: cr\u00e9ditos de apuesta hasta $3000\"}]},{\"@type\":\"WebSite\",\"@id\":\"https:\\\/\\\/apuestasfree.com\\\/mx\\\/#website\",\"url\":\"https:\\\/\\\/apuestasfree.com\\\/mx\\\/\",\"name\":\"ApuestasFree\",\"description\":\"\",\"publisher\":{\"@id\":\"https:\\\/\\\/apuestasfree.com\\\/mx\\\/#organization\"},\"potentialAction\":[{\"@type\":\"SearchAction\",\"target\":{\"@type\":\"EntryPoint\",\"urlTemplate\":\"https:\\\/\\\/apuestasfree.com\\\/mx\\\/?s={search_term_string}\"},\"query-input\":{\"@type\":\"PropertyValueSpecification\",\"valueRequired\":true,\"valueName\":\"search_term_string\"}}],\"inLanguage\":\"es-mx\"},{\"@type\":\"Organization\",\"@id\":\"https:\\\/\\\/apuestasfree.com\\\/mx\\\/#organization\",\"name\":\"ApuestasFree\",\"url\":\"https:\\\/\\\/apuestasfree.com\\\/mx\\\/\",\"logo\":{\"@type\":\"ImageObject\",\"inLanguage\":\"es-mx\",\"@id\":\"https:\\\/\\\/apuestasfree.com\\\/mx\\\/#\\\/schema\\\/logo\\\/image\\\/\",\"url\":\"https:\\\/\\\/apuestasfree.com\\\/wp-content\\\/uploads\\\/2019\\\/06\\\/afree_logo.png\",\"contentUrl\":\"https:\\\/\\\/apuestasfree.com\\\/wp-content\\\/uploads\\\/2019\\\/06\\\/afree_logo.png\",\"width\":106,\"height\":50,\"caption\":\"ApuestasFree\"},\"image\":{\"@id\":\"https:\\\/\\\/apuestasfree.com\\\/mx\\\/#\\\/schema\\\/logo\\\/image\\\/\"}}]}<\/script>\n<!-- \/ Yoast SEO Premium plugin. -->","yoast_head_json":{"title":"Bono Bet365: cr\u00e9ditos de apuesta hasta $3000","description":"El bono Bet365 te ofrece igualar tu primer dep\u00f3sito en la casa hasta un m\u00e1ximo de $3.000 en cr\u00e9ditos de apuesta que doblan tu ingreso.","robots":{"index":"index","follow":"follow","max-snippet":"max-snippet:-1","max-image-preview":"max-image-preview:large","max-video-preview":"max-video-preview:-1"},"canonical":"https:\/\/apuestasfree.com\/mx\/bono-bet365\/","og_locale":"es_ES","og_type":"article","og_title":"Bono Bet365: cr\u00e9ditos de apuesta hasta $3000","og_description":"El bono Bet365 te ofrece igualar tu primer dep\u00f3sito en la casa hasta un m\u00e1ximo de $3.000 en cr\u00e9ditos de apuesta que doblan tu ingreso.","og_url":"https:\/\/apuestasfree.com\/mx\/bono-bet365\/","og_site_name":"ApuestasFree","article_modified_time":"2025-01-05T19:52:42+00:00","twitter_card":"summary_large_image","twitter_misc":{"Est. reading time":"1 minute"},"schema":{"@context":"https:\/\/schema.org","@graph":[{"@type":"WebPage","@id":"https:\/\/apuestasfree.com\/mx\/bono-bet365\/","url":"https:\/\/apuestasfree.com\/mx\/bono-bet365\/","name":"Bono Bet365: cr\u00e9ditos de apuesta hasta $3000","isPartOf":{"@id":"https:\/\/apuestasfree.com\/mx\/#website"},"datePublished":"2021-12-01T14:52:10+00:00","dateModified":"2025-01-05T19:52:42+00:00","description":"El bono Bet365 te ofrece igualar tu primer dep\u00f3sito en la casa hasta un m\u00e1ximo de $3.000 en cr\u00e9ditos de apuesta que doblan tu ingreso.","breadcrumb":{"@id":"https:\/\/apuestasfree.com\/mx\/bono-bet365\/#breadcrumb"},"inLanguage":"es-mx","potentialAction":[{"@type":"ReadAction","target":["https:\/\/apuestasfree.com\/mx\/bono-bet365\/"]}]},{"@type":"BreadcrumbList","@id":"https:\/\/apuestasfree.com\/mx\/bono-bet365\/#breadcrumb","itemListElement":[{"@type":"ListItem","position":1,"name":"Inicio","item":"https:\/\/apuestasfree.com\/mx\/"},{"@type":"ListItem","position":2,"name":"Bono Bet365: cr\u00e9ditos de apuesta hasta $3000"}]},{"@type":"WebSite","@id":"https:\/\/apuestasfree.com\/mx\/#website","url":"https:\/\/apuestasfree.com\/mx\/","name":"ApuestasFree","description":"","publisher":{"@id":"https:\/\/apuestasfree.com\/mx\/#organization"},"potentialAction":[{"@type":"SearchAction","target":{"@type":"EntryPoint","urlTemplate":"https:\/\/apuestasfree.com\/mx\/?s={search_term_string}"},"query-input":{"@type":"PropertyValueSpecification","valueRequired":true,"valueName":"search_term_string"}}],"inLanguage":"es-mx"},{"@type":"Organization","@id":"https:\/\/apuestasfree.com\/mx\/#organization","name":"ApuestasFree","url":"https:\/\/apuestasfree.com\/mx\/","logo":{"@type":"ImageObject","inLanguage":"es-mx","@id":"https:\/\/apuestasfree.com\/mx\/#\/schema\/logo\/image\/","url":"https:\/\/apuestasfree.com\/wp-content\/uploads\/2019\/06\/afree_logo.png","contentUrl":"https:\/\/apuestasfree.com\/wp-content\/uploads\/2019\/06\/afree_logo.png","width":106,"height":50,"caption":"ApuestasFree"},"image":{"@id":"https:\/\/apuestasfree.com\/mx\/#\/schema\/logo\/image\/"}}]}},"uagb_featured_image_src":{"full":false,"thumbnail":false,"medium":false,"medium_large":false,"large":false,"1536x1536":false,"2048x2048":false},"uagb_author_info":{"display_name":"Franco Mercado","author_link":"https:\/\/apuestasfree.com\/mx\/author\/franco-mercado\/"},"uagb_comment_info":0,"uagb_excerpt":"\u00bfQuieres el bono Bet365 para nuevos jugadores? \u00bfBuscas un bono de apuestas para ampliar tus horizontes de juego? \u00bfTe interesa saber lo que ofrece esta estupenda casa de juego? \u00a1Sigue leyendo, te contamos todo lo que debes hacer para conseguirlo, conservarlo y sacarle el mayor partido? Bet365 de un vistazo Si est\u00e1s leyendo este art\u00edculo&hellip;","_links":{"self":[{"href":"https:\/\/apuestasfree.com\/mx\/wp-json\/wp\/v2\/pages\/606139","targetHints":{"allow":["GET"]}}],"collection":[{"href":"https:\/\/apuestasfree.com\/mx\/wp-json\/wp\/v2\/pages"}],"about":[{"href":"https:\/\/apuestasfree.com\/mx\/wp-json\/wp\/v2\/types\/page"}],"author":[{"embeddable":true,"href":"https:\/\/apuestasfree.com\/mx\/wp-json\/wp\/v2\/users\/33148"}],"replies":[{"embeddable":true,"href":"https:\/\/apuestasfree.com\/mx\/wp-json\/wp\/v2\/comments?post=606139"}],"version-history":[{"count":1,"href":"https:\/\/apuestasfree.com\/mx\/wp-json\/wp\/v2\/pages\/606139\/revisions"}],"predecessor-version":[{"id":1859254,"href":"https:\/\/apuestasfree.com\/mx\/wp-json\/wp\/v2\/pages\/606139\/revisions\/1859254"}],"wp:attachment":[{"href":"https:\/\/apuestasfree.com\/mx\/wp-json\/wp\/v2\/media?parent=606139"}],"curies":[{"name":"wp","href":"https:\/\/api.w.org\/{rel}","templated":true}]}}