{"id":296148,"date":"2021-02-01T18:03:52","date_gmt":"2021-02-01T17:03:52","guid":{"rendered":"https:\/\/apuestasfree.com\/?p=296148"},"modified":"2025-12-03T23:47:03","modified_gmt":"2025-12-03T22:47:03","slug":"codere-mx-super-bowl","status":"publish","type":"page","link":"https:\/\/apuestasfree.com\/mx\/codere-mx-super-bowl\/","title":{"rendered":"Promoci\u00f3n Codere MX Super Bowl: apuesta y recupera hasta $400"},"content":{"rendered":"\n<pre class=\"wp-block-preformatted has-text-color has-link-color wp-elements-ad65f40e7db04c0b588048c171d1149e\" style=\"color:#ff0000\"><strong>Atenci\u00f3n: la siguiente oferta se encuentra desactualizada. Revisa el sitio para conocer su bono de bienvenida.<\/strong><\/pre>\n\n\n\n<p>La casa de apuestas <a href=\"https:\/\/online.codere.mx\/promoRedirect?key=ej0xMzUzMDczOSZsPTEzOTAzNzE5JnA9NDcwMQ\" target=\"_blank\" rel=\"noopener noreferrer\">Codere M\u00e9xico<\/a> ha lanzado una promoci\u00f3n <strong>Supertaz\u00f3n <\/strong>en la que apuesta a la Super Bowl y <strong>recupera hasta $400<\/strong>.<\/p>\n\n\n\n<p>Para aprovechar esta promoci\u00f3n debes estar registrado, por lo que recuerda que puedes aprovechar su <a href=\"https:\/\/apuestasfree.com\/mx\/bono-codere-apuestas-deportivas-mexico\/\" target=\"_blank\" rel=\"noopener\">Bono de Bienvenida de hasta $7,000<\/a>. Adem\u00e1s, recuerda que puedes probar su <strong>app<\/strong>, podr\u00e1s descargarla y ver todas sus ventajas <a href=\"https:\/\/apuestasfree.com\/descargar-app-aplicacion-codere\/\" target=\"_blank\" rel=\"noopener noreferrer\">haciendo clic aqu\u00ed<\/a>.<\/p>\n\n\n\n<p><strong>Algunas caracter\u00edsticas <a href=\"https:\/\/apuestasfree.com\/descargar-app-aplicacion-codere\/\" target=\"_blank\" rel=\"noopener noreferrer\">app Codere<\/a>: <\/strong><\/p>\n\n\n\n<ul class=\"wp-block-list\">\n<li>Gracias a la app podr\u00e1s<strong> ingresar o retirar fondos de manera inmediata<\/strong> en cualquier local de apuestas Codere.<\/li>\n\n\n\n<li>Tienes a tu alcance <strong>competiciones y deportes<\/strong> de la web, con resultados y seguimiento de partidos en directo.<\/li>\n\n\n\n<li>Con el <strong>buscador de apuestas<\/strong>, localizar\u00e1s r\u00e1pidamente cualquier partido, equipo, pa\u00eds o jugador que busques para encontrar tus apuestas.<\/li>\n\n\n\n<li>Apuestas<strong> en vivo<\/strong>.<\/li>\n\n\n\n<li>Podr\u00e1s ver algunos de los <strong>partidos en directo<\/strong>.<\/li>\n<\/ul>\n\n\n\n<h2 class=\"wp-block-heading\"><strong><a href=\"https:\/\/online.codere.mx\/promoRedirect?key=ej0xMzUzMDczOSZsPTEzOTAzNzE5JnA9NDcwMQ\" target=\"_blank\" rel=\"noopener noreferrer\">Codere MX: Super Bowl<\/a><\/strong><\/h2>\n\n\n<div class=\"wp-block-image\">\n<figure class=\"aligncenter\"><a href=\"https:\/\/online.codere.mx\/promoRedirect?key=ej0xMzUzMDczOSZsPTEzOTAzNzE5JnA9NDcwMQ\" target=\"_blank\" rel=\"noopener\"><img fetchpriority=\"high\" decoding=\"async\" width=\"1349\" height=\"440\" src=\"https:\/\/apuestasfree.com\/wp-content\/uploads\/2021\/02\/Codere-MX-Supertazon.png\" alt=\"Super Bowl\" class=\"wp-image-296166\" srcset=\"https:\/\/apuestasfree.com\/wp-content\/uploads\/2021\/02\/Codere-MX-Supertazon.png 1349w, https:\/\/apuestasfree.com\/wp-content\/uploads\/2021\/02\/Codere-MX-Supertazon-300x98.png 300w, https:\/\/apuestasfree.com\/wp-content\/uploads\/2021\/02\/Codere-MX-Supertazon-1024x334.png 1024w, https:\/\/apuestasfree.com\/wp-content\/uploads\/2021\/02\/Codere-MX-Supertazon-768x250.png 768w\" sizes=\"(max-width: 1349px) 100vw, 1349px\" \/><\/a><\/figure>\n<\/div>\n\n\n<p><\/p>\n\n\n\n<p>Como \u00edbamos diciendo, la casa de apuestas&nbsp;<a href=\"https:\/\/online.codere.mx\/promoRedirect?key=ej0xMzUzMDczOSZsPTEzOTAzNzE5JnA9NDcwMQ\" target=\"_blank\" rel=\"noopener noreferrer\">Codere M\u00e9xico<\/a> ha lanzado una promoci\u00f3n <strong>Supertaz\u00f3n <\/strong>en la que apuesta a la Super Bowl y <strong>recupera hasta $400<\/strong>.<\/p>\n\n\n\n<h3 class=\"wp-block-heading\"><strong>C\u00f3mo funciona Promoci\u00f3n Super Bowl:<\/strong><\/h3>\n\n\n\n<p>Una vez registrado, <strong>realiza una apuesta<\/strong> <strong>derecha<\/strong> <strong>prepartido o en vivo a la Super Bowl<\/strong>.<\/p>\n\n\n\n<p>Y si pierdes la apuesta <strong>se recuperar\u00e1n $400 en Freebets<\/strong> (Apuestas gratis).<\/p>\n\n\n\n<p><strong> $400 es el importe m\u00ednimo<\/strong> de apuesta para optar a la promoci\u00f3n.<\/p>\n\n\n\n<p>Adem\u00e1s, la promoci\u00f3n Super Bowl dura <strong>hasta el 7 de febrero de 2021<\/strong>.<\/p>\n\n\n\n<h3 class=\"wp-block-heading\"><strong>C\u00f3mo utilizar las freebets:<\/strong><\/h3>\n\n\n\n<ul class=\"wp-block-list\">\n<li>Las freebets <strong>no se podr\u00e1n utilizar para realizar apuestas a Galgos o a Caballos<\/strong>.<\/li>\n\n\n\n<li>Las freebets deber\u00e1n utilizarse para realizar apuestas con una cuota o coeficiente igual o superior a -200.<\/li>\n\n\n\n<li>Tienen una duraci\u00f3n de <strong>7 d\u00edas<\/strong>.<\/li>\n\n\n\n<li>Finalmente, al usar las freebets, en caso de que la apuesta sea ganadora, solo se recibir\u00e1 la <strong>ganancia neta<\/strong> derivada de las mismas.<\/li>\n<\/ul>\n\n\n\n<h3 class=\"wp-block-heading\"><strong>Condiciones del Bono de Bienvenida de Codere M\u00e9xico:<\/strong><\/h3>\n\n\n\n<ul class=\"wp-block-list\">\n<li>Debes depositar un m\u00ednimo de <strong>$200<\/strong>.<\/li>\n\n\n\n<li>Puedes depositar un m\u00e1ximo de <strong>$7.000<\/strong> que te lo igualaran hasta otros $7.000.<\/li>\n\n\n\n<li>Para activar el bono, <strong>debes reg\u00edstrate, depositar y completar tu primera apuesta<\/strong>. Todos los nuevos clientes son elegibles para la promoci\u00f3n de bienvenida por una \u00fanica ocasi\u00f3n.<\/li>\n\n\n\n<li>Todas las selecciones deben ser colocadas con un m\u00ednimo de cuota de <strong>-200 (1.50) o sobre ella<\/strong>. Se deber\u00e1 cumplir un rollover x3 del valor de este bono.<\/li>\n\n\n\n<li>El bono (apuesta gratis) correspondiente se otorgar\u00e1 en <strong>un m\u00e1ximo de 3 d\u00edas h\u00e1biles despu\u00e9s de que la primera apuesta colocada quede resuelta<\/strong>. Los clientes que hayan participado en la promoci\u00f3n encontrar\u00e1n el bono en la secci\u00f3n de \u201cMi Cuenta\u201d.<\/li>\n\n\n\n<li>Caducan en 14<strong>&nbsp;d\u00edas<\/strong>, debes usarlos antes.<\/li>\n<\/ul>\n\n\n\n<p class=\"has-text-align-center\"><a href=\"https:\/\/online.codere.mx\/promoRedirect?key=ej0xMzUzMDczOSZsPTEzOTAzNzE5JnA9NDcwMQ\" target=\"_blank\" rel=\"noopener noreferrer\">\u00a1Reg\u00edstrate en Codere y aprovecha la promoci\u00f3n Supertaz\u00f3n de la Super Bowl!<\/a><\/p>\n\n\n","protected":false},"excerpt":{"rendered":"<p>Atenci\u00f3n: la siguiente oferta se encuentra desactualizada. Revisa el sitio para conocer su bono de bienvenida. La casa de apuestas Codere M\u00e9xico ha lanzado una promoci\u00f3n Supertaz\u00f3n en la que apuesta a la Super Bowl y recupera hasta $400. Para aprovechar esta promoci\u00f3n debes estar registrado, por lo que recuerda que puedes aprovechar su Bono &#8230; <a title=\"Promoci\u00f3n Codere MX Super Bowl: apuesta y recupera hasta $400\" class=\"read-more\" href=\"https:\/\/apuestasfree.com\/mx\/codere-mx-super-bowl\/\" aria-label=\"Read more about Promoci\u00f3n Codere MX Super Bowl: apuesta y recupera hasta $400\">Read more<\/a><\/p>\n","protected":false},"author":27643,"featured_media":0,"parent":0,"menu_order":0,"comment_status":"closed","ping_status":"closed","template":"","meta":{"_uag_custom_page_level_css":"","footnotes":""},"class_list":["post-296148","page","type-page","status-publish"],"yoast_head":"<!-- This site is optimized with the Yoast SEO Premium plugin v27.1 (Yoast SEO v27.5) - https:\/\/yoast.com\/product\/yoast-seo-premium-wordpress\/ -->\n<title>Promoci\u00f3n Codere MX Super Bowl: apuesta y recupera hasta $400<\/title>\n<meta name=\"description\" content=\"La casa de apuestas Codere M\u00e9xico ha lanzado una promoci\u00f3n Supertaz\u00f3n en la que apuesta a la Super Bowl y recupera hasta $400.\" \/>\n<meta name=\"robots\" content=\"index, follow, max-snippet:-1, max-image-preview:large, max-video-preview:-1\" \/>\n<link rel=\"canonical\" href=\"https:\/\/apuestasfree.com\/mx\/codere-mx-super-bowl\/\" \/>\n<meta property=\"og:locale\" content=\"es_ES\" \/>\n<meta property=\"og:type\" content=\"article\" \/>\n<meta property=\"og:title\" content=\"Promoci\u00f3n Codere MX Super Bowl: apuesta y recupera hasta $400\" \/>\n<meta property=\"og:description\" content=\"La casa de apuestas Codere M\u00e9xico ha lanzado una promoci\u00f3n Supertaz\u00f3n en la que apuesta a la Super Bowl y recupera hasta $400.\" \/>\n<meta property=\"og:url\" content=\"https:\/\/apuestasfree.com\/mx\/codere-mx-super-bowl\/\" \/>\n<meta property=\"og:site_name\" content=\"ApuestasFree\" \/>\n<meta property=\"article:modified_time\" content=\"2025-12-03T22:47:03+00:00\" \/>\n<meta property=\"og:image\" content=\"https:\/\/apuestasfree.com\/wp-content\/uploads\/2021\/02\/Codere-MX-Supertazon.png\" \/>\n\t<meta property=\"og:image:width\" content=\"1349\" \/>\n\t<meta property=\"og:image:height\" content=\"440\" \/>\n\t<meta property=\"og:image:type\" content=\"image\/png\" \/>\n<meta name=\"twitter:card\" content=\"summary_large_image\" \/>\n<meta name=\"twitter:label1\" content=\"Est. reading time\" \/>\n\t<meta name=\"twitter:data1\" content=\"3 minutes\" \/>\n<script type=\"application\/ld+json\" class=\"yoast-schema-graph\">{\"@context\":\"https:\\\/\\\/schema.org\",\"@graph\":[{\"@type\":\"WebPage\",\"@id\":\"https:\\\/\\\/apuestasfree.com\\\/mx\\\/codere-mx-super-bowl\\\/\",\"url\":\"https:\\\/\\\/apuestasfree.com\\\/mx\\\/codere-mx-super-bowl\\\/\",\"name\":\"Promoci\u00f3n Codere MX Super Bowl: apuesta y recupera hasta $400\",\"isPartOf\":{\"@id\":\"https:\\\/\\\/apuestasfree.com\\\/mx\\\/#website\"},\"primaryImageOfPage\":{\"@id\":\"https:\\\/\\\/apuestasfree.com\\\/mx\\\/codere-mx-super-bowl\\\/#primaryimage\"},\"image\":{\"@id\":\"https:\\\/\\\/apuestasfree.com\\\/mx\\\/codere-mx-super-bowl\\\/#primaryimage\"},\"thumbnailUrl\":\"https:\\\/\\\/apuestasfree.com\\\/wp-content\\\/uploads\\\/2021\\\/02\\\/Codere-MX-Supertazon.png\",\"datePublished\":\"2021-02-01T17:03:52+00:00\",\"dateModified\":\"2025-12-03T22:47:03+00:00\",\"description\":\"La casa de apuestas Codere M\u00e9xico ha lanzado una promoci\u00f3n Supertaz\u00f3n en la que apuesta a la Super Bowl y recupera hasta $400.\",\"breadcrumb\":{\"@id\":\"https:\\\/\\\/apuestasfree.com\\\/mx\\\/codere-mx-super-bowl\\\/#breadcrumb\"},\"inLanguage\":\"es-mx\",\"potentialAction\":[{\"@type\":\"ReadAction\",\"target\":[\"https:\\\/\\\/apuestasfree.com\\\/mx\\\/codere-mx-super-bowl\\\/\"]}]},{\"@type\":\"ImageObject\",\"inLanguage\":\"es-mx\",\"@id\":\"https:\\\/\\\/apuestasfree.com\\\/mx\\\/codere-mx-super-bowl\\\/#primaryimage\",\"url\":\"https:\\\/\\\/apuestasfree.com\\\/wp-content\\\/uploads\\\/2021\\\/02\\\/Codere-MX-Supertazon.png\",\"contentUrl\":\"https:\\\/\\\/apuestasfree.com\\\/wp-content\\\/uploads\\\/2021\\\/02\\\/Codere-MX-Supertazon.png\"},{\"@type\":\"BreadcrumbList\",\"@id\":\"https:\\\/\\\/apuestasfree.com\\\/mx\\\/codere-mx-super-bowl\\\/#breadcrumb\",\"itemListElement\":[{\"@type\":\"ListItem\",\"position\":1,\"name\":\"Inicio\",\"item\":\"https:\\\/\\\/apuestasfree.com\\\/mx\\\/\"},{\"@type\":\"ListItem\",\"position\":2,\"name\":\"Promoci\u00f3n Codere MX Super Bowl: apuesta y recupera hasta $400\"}]},{\"@type\":\"WebSite\",\"@id\":\"https:\\\/\\\/apuestasfree.com\\\/mx\\\/#website\",\"url\":\"https:\\\/\\\/apuestasfree.com\\\/mx\\\/\",\"name\":\"ApuestasFree\",\"description\":\"\",\"publisher\":{\"@id\":\"https:\\\/\\\/apuestasfree.com\\\/mx\\\/#organization\"},\"potentialAction\":[{\"@type\":\"SearchAction\",\"target\":{\"@type\":\"EntryPoint\",\"urlTemplate\":\"https:\\\/\\\/apuestasfree.com\\\/mx\\\/?s={search_term_string}\"},\"query-input\":{\"@type\":\"PropertyValueSpecification\",\"valueRequired\":true,\"valueName\":\"search_term_string\"}}],\"inLanguage\":\"es-mx\"},{\"@type\":\"Organization\",\"@id\":\"https:\\\/\\\/apuestasfree.com\\\/mx\\\/#organization\",\"name\":\"ApuestasFree\",\"url\":\"https:\\\/\\\/apuestasfree.com\\\/mx\\\/\",\"logo\":{\"@type\":\"ImageObject\",\"inLanguage\":\"es-mx\",\"@id\":\"https:\\\/\\\/apuestasfree.com\\\/mx\\\/#\\\/schema\\\/logo\\\/image\\\/\",\"url\":\"https:\\\/\\\/apuestasfree.com\\\/wp-content\\\/uploads\\\/2019\\\/06\\\/afree_logo.png\",\"contentUrl\":\"https:\\\/\\\/apuestasfree.com\\\/wp-content\\\/uploads\\\/2019\\\/06\\\/afree_logo.png\",\"width\":106,\"height\":50,\"caption\":\"ApuestasFree\"},\"image\":{\"@id\":\"https:\\\/\\\/apuestasfree.com\\\/mx\\\/#\\\/schema\\\/logo\\\/image\\\/\"}}]}<\/script>\n<!-- \/ Yoast SEO Premium plugin. -->","yoast_head_json":{"title":"Promoci\u00f3n Codere MX Super Bowl: apuesta y recupera hasta $400","description":"La casa de apuestas Codere M\u00e9xico ha lanzado una promoci\u00f3n Supertaz\u00f3n en la que apuesta a la Super Bowl y recupera hasta $400.","robots":{"index":"index","follow":"follow","max-snippet":"max-snippet:-1","max-image-preview":"max-image-preview:large","max-video-preview":"max-video-preview:-1"},"canonical":"https:\/\/apuestasfree.com\/mx\/codere-mx-super-bowl\/","og_locale":"es_ES","og_type":"article","og_title":"Promoci\u00f3n Codere MX Super Bowl: apuesta y recupera hasta $400","og_description":"La casa de apuestas Codere M\u00e9xico ha lanzado una promoci\u00f3n Supertaz\u00f3n en la que apuesta a la Super Bowl y recupera hasta $400.","og_url":"https:\/\/apuestasfree.com\/mx\/codere-mx-super-bowl\/","og_site_name":"ApuestasFree","article_modified_time":"2025-12-03T22:47:03+00:00","og_image":[{"width":1349,"height":440,"url":"https:\/\/apuestasfree.com\/wp-content\/uploads\/2021\/02\/Codere-MX-Supertazon.png","type":"image\/png"}],"twitter_card":"summary_large_image","twitter_misc":{"Est. reading time":"3 minutes"},"schema":{"@context":"https:\/\/schema.org","@graph":[{"@type":"WebPage","@id":"https:\/\/apuestasfree.com\/mx\/codere-mx-super-bowl\/","url":"https:\/\/apuestasfree.com\/mx\/codere-mx-super-bowl\/","name":"Promoci\u00f3n Codere MX Super Bowl: apuesta y recupera hasta $400","isPartOf":{"@id":"https:\/\/apuestasfree.com\/mx\/#website"},"primaryImageOfPage":{"@id":"https:\/\/apuestasfree.com\/mx\/codere-mx-super-bowl\/#primaryimage"},"image":{"@id":"https:\/\/apuestasfree.com\/mx\/codere-mx-super-bowl\/#primaryimage"},"thumbnailUrl":"https:\/\/apuestasfree.com\/wp-content\/uploads\/2021\/02\/Codere-MX-Supertazon.png","datePublished":"2021-02-01T17:03:52+00:00","dateModified":"2025-12-03T22:47:03+00:00","description":"La casa de apuestas Codere M\u00e9xico ha lanzado una promoci\u00f3n Supertaz\u00f3n en la que apuesta a la Super Bowl y recupera hasta $400.","breadcrumb":{"@id":"https:\/\/apuestasfree.com\/mx\/codere-mx-super-bowl\/#breadcrumb"},"inLanguage":"es-mx","potentialAction":[{"@type":"ReadAction","target":["https:\/\/apuestasfree.com\/mx\/codere-mx-super-bowl\/"]}]},{"@type":"ImageObject","inLanguage":"es-mx","@id":"https:\/\/apuestasfree.com\/mx\/codere-mx-super-bowl\/#primaryimage","url":"https:\/\/apuestasfree.com\/wp-content\/uploads\/2021\/02\/Codere-MX-Supertazon.png","contentUrl":"https:\/\/apuestasfree.com\/wp-content\/uploads\/2021\/02\/Codere-MX-Supertazon.png"},{"@type":"BreadcrumbList","@id":"https:\/\/apuestasfree.com\/mx\/codere-mx-super-bowl\/#breadcrumb","itemListElement":[{"@type":"ListItem","position":1,"name":"Inicio","item":"https:\/\/apuestasfree.com\/mx\/"},{"@type":"ListItem","position":2,"name":"Promoci\u00f3n Codere MX Super Bowl: apuesta y recupera hasta $400"}]},{"@type":"WebSite","@id":"https:\/\/apuestasfree.com\/mx\/#website","url":"https:\/\/apuestasfree.com\/mx\/","name":"ApuestasFree","description":"","publisher":{"@id":"https:\/\/apuestasfree.com\/mx\/#organization"},"potentialAction":[{"@type":"SearchAction","target":{"@type":"EntryPoint","urlTemplate":"https:\/\/apuestasfree.com\/mx\/?s={search_term_string}"},"query-input":{"@type":"PropertyValueSpecification","valueRequired":true,"valueName":"search_term_string"}}],"inLanguage":"es-mx"},{"@type":"Organization","@id":"https:\/\/apuestasfree.com\/mx\/#organization","name":"ApuestasFree","url":"https:\/\/apuestasfree.com\/mx\/","logo":{"@type":"ImageObject","inLanguage":"es-mx","@id":"https:\/\/apuestasfree.com\/mx\/#\/schema\/logo\/image\/","url":"https:\/\/apuestasfree.com\/wp-content\/uploads\/2019\/06\/afree_logo.png","contentUrl":"https:\/\/apuestasfree.com\/wp-content\/uploads\/2019\/06\/afree_logo.png","width":106,"height":50,"caption":"ApuestasFree"},"image":{"@id":"https:\/\/apuestasfree.com\/mx\/#\/schema\/logo\/image\/"}}]}},"uagb_featured_image_src":{"full":false,"thumbnail":false,"medium":false,"medium_large":false,"large":false,"1536x1536":false,"2048x2048":false},"uagb_author_info":{"display_name":"Juan Antonio Camacho","author_link":"https:\/\/apuestasfree.com\/mx\/author\/jacg475\/"},"uagb_comment_info":0,"uagb_excerpt":"Atenci\u00f3n: la siguiente oferta se encuentra desactualizada. Revisa el sitio para conocer su bono de bienvenida. La casa de apuestas Codere M\u00e9xico ha lanzado una promoci\u00f3n Supertaz\u00f3n en la que apuesta a la Super Bowl y recupera hasta $400. Para aprovechar esta promoci\u00f3n debes estar registrado, por lo que recuerda que puedes aprovechar su Bono&hellip;","_links":{"self":[{"href":"https:\/\/apuestasfree.com\/mx\/wp-json\/wp\/v2\/pages\/296148","targetHints":{"allow":["GET"]}}],"collection":[{"href":"https:\/\/apuestasfree.com\/mx\/wp-json\/wp\/v2\/pages"}],"about":[{"href":"https:\/\/apuestasfree.com\/mx\/wp-json\/wp\/v2\/types\/page"}],"author":[{"embeddable":true,"href":"https:\/\/apuestasfree.com\/mx\/wp-json\/wp\/v2\/users\/27643"}],"replies":[{"embeddable":true,"href":"https:\/\/apuestasfree.com\/mx\/wp-json\/wp\/v2\/comments?post=296148"}],"version-history":[{"count":4,"href":"https:\/\/apuestasfree.com\/mx\/wp-json\/wp\/v2\/pages\/296148\/revisions"}],"predecessor-version":[{"id":2080247,"href":"https:\/\/apuestasfree.com\/mx\/wp-json\/wp\/v2\/pages\/296148\/revisions\/2080247"}],"wp:attachment":[{"href":"https:\/\/apuestasfree.com\/mx\/wp-json\/wp\/v2\/media?parent=296148"}],"curies":[{"name":"wp","href":"https:\/\/api.w.org\/{rel}","templated":true}]}}