{"id":268151,"date":"2020-11-10T16:32:50","date_gmt":"2020-11-10T15:32:50","guid":{"rendered":"https:\/\/apuestasfree.com\/?p=268151"},"modified":"2024-02-01T19:14:13","modified_gmt":"2024-02-01T18:14:13","slug":"betway-mx-deportes-buen-fin","status":"publish","type":"page","link":"https:\/\/apuestasfree.com\/mx\/betway-mx-deportes-buen-fin\/","title":{"rendered":"Betway MX deportes El Buen Fin: $4,000 en Bono"},"content":{"rendered":"<p><span class=\"mainContent \"><a href=\"https:\/\/recor.to\/betwaymx\" target=\"_blank\" rel=\"noopener noreferrer nofollow sponsored\">Betway M\u00e9xico<\/a> ha lanzado una promoci\u00f3n para nuevos clientes de deportes llamada<strong> El Buen Fin<\/strong> en la que<strong> recibe $4,000 en Bono<\/strong>.<\/span><\/p>\n<p>Para apostar mejor te recomendamos la <strong>app<\/strong>, podr\u00e1s descargarla y ver todas sus ventajas <a href=\"https:\/\/apuestasfree.com\/mx\/betway-descargar-app\/\" target=\"_blank\" rel=\"noopener noreferrer\">haciendo clic aqu\u00ed<\/a>.<\/p>\n<p style=\"text-align: center;\"><strong><span style=\"color: #ff0000;\">LA PROMOCI\u00d3N DE BONO $500 MXN GRATIS YA NO EST\u00c1 DISPONIBLE<\/span><\/strong><\/p>\n<p><strong>Algunas caracter\u00edsticas <a href=\"https:\/\/apuestasfree.com\/mx\/betway-descargar-app\/\" target=\"_blank\" rel=\"noopener noreferrer\">app Betway<\/a>: <\/strong><\/p>\n<ul>\n<li>Podr\u00e1s seguir el transcurso de miles de eventos deportivos en <strong>streaming<\/strong>, con alta calidad de imagen.<\/li>\n<li>Tendr\u00e1s acceso a consultar <strong>estad\u00edsticas hist\u00f3ricas<\/strong> y del partido de cada equipo.<\/li>\n<li>Te permite acceder a tu cuenta de Betway con un toque r\u00e1pido gracias a <strong>Touch ID<\/strong>, reconocimiento de tu huella dactilar.<\/li>\n<li><a href=\"https:\/\/recor.to\/betwaymx\" target=\"_blank\" rel=\"noopener noreferrer nofollow\">Betway Apuestas<\/a> est\u00e1 constantemente actualizando su app para mejorar la <strong>experiencia de usuario<\/strong>. Para que hagas tus apuestas desde tu m\u00f3vil de forma sencilla, \u00e1gil y segura.<\/li>\n<\/ul>\n<h2 style=\"text-align: center;\"><a href=\"https:\/\/recor.to\/betwaymx\" target=\"_blank\" rel=\"noopener noreferrer nofollow sponsored\">Betway MX deportes: El Buen Fin<\/a><\/h2>\n<p><a href=\"https:\/\/recor.to\/betwaymx\" target=\"_blank\" rel=\"noopener noreferrer nofollow sponsored\"><img fetchpriority=\"high\" decoding=\"async\" class=\"aligncenter wp-image-268166 size-full\" src=\"https:\/\/apuestasfree.com\/wp-content\/uploads\/2020\/11\/Betway-El-Buen-Fin-deportes.png\" alt=\"\" width=\"1238\" height=\"511\" srcset=\"https:\/\/apuestasfree.com\/wp-content\/uploads\/2020\/11\/Betway-El-Buen-Fin-deportes.png 1238w, https:\/\/apuestasfree.com\/wp-content\/uploads\/2020\/11\/Betway-El-Buen-Fin-deportes-300x124.png 300w, https:\/\/apuestasfree.com\/wp-content\/uploads\/2020\/11\/Betway-El-Buen-Fin-deportes-1024x423.png 1024w, https:\/\/apuestasfree.com\/wp-content\/uploads\/2020\/11\/Betway-El-Buen-Fin-deportes-768x317.png 768w\" sizes=\"(max-width: 1238px) 100vw, 1238px\" \/><\/a><\/p>\n<p>Como \u00edbamos diciendo,<span class=\"mainContent \"> <a href=\"https:\/\/recor.to\/betwaymxcasino\" target=\"_blank\" rel=\"noopener noreferrer nofollow sponsored\">Betway M\u00e9xico<\/a> ha lanzado una promoci\u00f3n para nuevos clientes de deportes llamada<strong> El Buen Fin<\/strong> en la que<strong> recibe $500 gratis + $3,000 en Bono<\/strong>.<br \/><\/span><\/p>\n<p style=\"text-align: center;\"><strong><span style=\"color: #ff0000;\">LA PROMOCI\u00d3N DE BONO %500 MXN GRATIS YA NO EST\u00c1 DISPONIBLE<\/span><\/strong><\/p>\n<h3><strong>C\u00f3mo funciona Promo El Buen Fin deportes:<br \/><\/strong><\/h3>\n<p>Debes registrarte, por lo que aprovecha el <a href=\"https:\/\/apuestasfree.com\/mx\/betway-bono-apuestas\/\" target=\"_blank\" rel=\"noopener noreferrer\">Bono de hasta $3,000 para apuestas deportivas<\/a>.<\/p>\n<p>No se requiere dep\u00f3sito para recibir los <strong>$500 gratis<\/strong> de la promo El Buen Fin.<\/p>\n<p>Una vez introducidos los datos y registrada la cuenta, <strong>te enviar\u00e1n un SMS para verificarla<\/strong>.<\/p>\n<p>Necesitar\u00e1s introducir el <strong>PIN<\/strong> en la ventana de confirmaci\u00f3n en la p\u00e1gina de inicio.<\/p>\n<p>Una vez hecho esto, <strong>te dar\u00e1n los $500 en tu cuenta<\/strong>.<\/p>\n<p>El Bono de Bienvenida s\u00ed requiere de un <strong>primer dep\u00f3sito<\/strong> para poder sacarles partido.<\/p>\n<p>Y una vez recibido, <strong>hay que apostarlo un m\u00ednimo veces<\/strong> para poder retirar sus ganancias en dinero real.<\/p>\n<p style=\"text-align: center;\"><strong><span style=\"color: #ff0000;\">LA PROMOCI\u00d3N DE BONO %500 MXN GRATIS YA NO EST\u00c1 DISPONIBLE<\/span><\/strong><\/p>\n<h3><strong>Condiciones promoci\u00f3n El Buen Fin deportes:<\/strong><\/h3>\n<ul>\n<li>Reg\u00edstrate hoy para recibir el <strong>Bono Especial sin dep\u00f3sito de $500<\/strong>.<\/li>\n<li>Promoci\u00f3n v\u00e1lida solo para<strong> nuevos usuarios y residentes de M\u00e9xico<\/strong>.<\/li>\n<li>El Bono puede ser utilizado en <strong>apuestas deportivas<\/strong>.<\/li>\n<li><strong>Una Apuesta Gratis<\/strong> por cliente.<\/li>\n<li>Las apuestas que sean <strong>canceladas o \u201cpush\u201d<\/strong>, as\u00ed como aquellas en las que se haga <strong>cash out parcial o total<\/strong>, no participar\u00e1n.<\/li>\n<li>El Bono caduca en <strong>7 d\u00edas<\/strong>, trata de usarlo antes.<\/li>\n<li>Se puede retirar un m\u00e1ximo de <strong>$1,500 <\/strong>de ganancias netas del bono.<\/li>\n<li>Para retirar necesitara realizar un dep\u00f3sito valido de m\u00ednimo <strong>$250<\/strong> utilizando una<strong> tarjeta de cr\u00e9dito o d\u00e9bito, OXXO Pay, Todito Cash or Paycash<\/strong>.<\/li>\n<\/ul>\n<p>Adem\u00e1s, te recordamos que tambi\u00e9n dispone de un <strong>Bono de Bienvenida para Apuestas Deportivas del 100% de tu primer dep\u00f3sito hasta un m\u00e1ximo de $4,000<\/strong>.<\/p>\n<h3><strong>Condiciones del Bono de Bienvenida para Apuestas Deportivas de Betway MX:<\/strong><\/h3>\n<div id=\"item_tca_2\" class=\"accordion-body collapse in\">\n<ul>\n<li>Te dan el <strong>100% de tu primer dep\u00f3sito hasta un m\u00e1ximo de $4,000<\/strong>.<\/li>\n<li>Esta oferta solo est\u00e1 disponible para los residentes de <strong>M\u00e9xico<\/strong>.<\/li>\n<li>Los <strong>m\u00e9todos de pago<\/strong> son tarjeta v\u00e1lida de cr\u00e9dito\/d\u00e9bito, OXXO Pay, Todito Cash o Paycash.<\/li>\n<li>La promoci\u00f3n est\u00e1 destinada a<strong> nuevos clientes<\/strong>, los que ya tienen cuenta no pueden participar.<\/li>\n<li>Debes realizar el primer dep\u00f3sito de m\u00ednimo <strong>$100<\/strong>.<\/li>\n<li>Solo se conceder\u00e1 <strong>un bono por nuevo cliente<\/strong> y la cantidad m\u00e1xima del mismo ser\u00e1 de <strong>$4.000<\/strong>.<\/li>\n<li>El <strong>requisito de apuesta m\u00ednima<\/strong> es:\n<ul>\n<li>Apuestas Simples de una sola l\u00ednea: deben realizarse con <strong>cuotas de 1.75 o superiores<\/strong><\/li>\n<li>Each-way: la parte \u201ccolocado\u201d de la apuesta debe realizarse <strong>con cuotas de 1.40 o superiores<\/strong><\/li>\n<li>Apuestas de Sistema: cada selecci\u00f3n debe realizarse<strong> con cuotas de 1.40 o superiores<\/strong><\/li>\n<\/ul>\n<\/li>\n<li>El bono caduca a los <strong>30 d\u00edas<\/strong>, por lo que trata de usarlo antes.<\/li>\n<\/ul>\n<\/div>\n<div id=\"item_tca_2\" class=\"accordion-body collapse in\">\n<div id=\"item_tca_2\" class=\"accordion-body collapse in\">\u00a0<\/div>\n<\/div>\n<p style=\"text-align: center;\"><a href=\"https:\/\/recor.to\/betwaymx\" target=\"_blank\" rel=\"noopener noreferrer nofollow sponsored\">\u00a1Reg\u00edstrate ya en Betway MX deportes desde aqu\u00ed y aprovecha la promoci\u00f3n El Buen Fin!<\/a><\/p>\n\n\n<hr class=\"wp-block-separator has-text-color has-contrast-3-color has-alpha-channel-opacity has-contrast-3-background-color has-background\"\/>\n\n\n\n<h3 class=\"wp-block-heading\" id=\"h-nueva-version-de-la-app-movil-de-betway-en-mexico\"><strong>Nueva versi\u00f3n de la app m\u00f3vil de Betway en M\u00e9xico<\/strong><\/h3>\n\n\n\n<p>Ahora es el momento para gozar de todos los beneficios de <strong>Betway <\/strong>en M\u00e9xico. Entonces, te contamos todo lo nuevo que trae la <strong>\u00faltima versi\u00f3n de su App M\u00f3vil en Apuestas<\/strong> Deportivas: Disfruta de <strong>todos los eventos en vivo y en directo, de forma totalmente gratuita<\/strong>, desde la App m\u00f3vil de Betway en M\u00e9xico.<\/p>\n\n\n\n<p>Ten en cuenta que valdr\u00e1n aquellos eventos en vivo que correspondan con los siguientes deportes: <strong>Basquetbol, B\u00e9isbol, F\u00fatbol y funciones de MMA<\/strong>. Y para esto, s\u00f3lo deber\u00e1s ir al evento en directo, y hacer clic en el bot\u00f3n PLAY, ubicado a la derecha del mismo.<\/p>\n\n\n\n<div class=\"wp-block-buttons is-content-justification-center is-layout-flex wp-container-core-buttons-is-layout-16018d1d wp-block-buttons-is-layout-flex\">\n<div class=\"wp-block-button has-custom-font-size has-medium-font-size\"><a class=\"wp-block-button__link has-base-3-color has-text-color has-background wp-element-button\" href=\"https:\/\/recor.to\/betwaymx\" style=\"border-radius:20px;background:linear-gradient(135deg,rgb(0,0,0) 100%,rgb(40,116,252) 100%)\" target=\"_blank\" rel=\"noreferrer noopener nofollow sponsored\"><strong><em>\u00a1Eventos en vivo de Betway M\u00e9xico!<\/em><\/strong><\/a><\/div>\n<\/div>\n\n\n\n<hr class=\"wp-block-separator has-text-color has-contrast-3-color has-alpha-channel-opacity has-contrast-3-background-color has-background\"\/>\n","protected":false},"excerpt":{"rendered":"<p>Betway M\u00e9xico ha lanzado una promoci\u00f3n para nuevos clientes de deportes llamada El Buen Fin en la que recibe $4,000 en Bono. Para apostar mejor te recomendamos la app, podr\u00e1s descargarla y ver todas sus ventajas haciendo clic aqu\u00ed. LA PROMOCI\u00d3N DE BONO $500 MXN GRATIS YA NO EST\u00c1 DISPONIBLE Algunas caracter\u00edsticas app Betway: Podr\u00e1s &#8230; <a title=\"Betway MX deportes El Buen Fin: $4,000 en Bono\" class=\"read-more\" href=\"https:\/\/apuestasfree.com\/mx\/betway-mx-deportes-buen-fin\/\" aria-label=\"Read more about Betway MX deportes El Buen Fin: $4,000 en Bono\">Read more<\/a><\/p>\n","protected":false},"author":27643,"featured_media":0,"parent":0,"menu_order":0,"comment_status":"closed","ping_status":"closed","template":"","meta":{"_uag_custom_page_level_css":"","footnotes":""},"class_list":["post-268151","page","type-page","status-publish"],"yoast_head":"<!-- This site is optimized with the Yoast SEO Premium plugin v27.1 (Yoast SEO v27.5) - https:\/\/yoast.com\/product\/yoast-seo-premium-wordpress\/ -->\n<title>Betway MX deportes El Buen Fin: $4,000 en Bono<\/title>\n<meta name=\"description\" content=\"Betway M\u00e9xico ha lanzado una promoci\u00f3n para nuevos clientes de deportes llamada El Buen Fin en la que recibe $4,000 en Bono.\" \/>\n<meta name=\"robots\" content=\"index, follow, max-snippet:-1, max-image-preview:large, max-video-preview:-1\" \/>\n<link rel=\"canonical\" href=\"https:\/\/apuestasfree.com\/mx\/betway-mx-deportes-buen-fin\/\" \/>\n<meta property=\"og:locale\" content=\"es_ES\" \/>\n<meta property=\"og:type\" content=\"article\" \/>\n<meta property=\"og:title\" content=\"Betway MX deportes El Buen Fin: $4,000 en Bono\" \/>\n<meta property=\"og:description\" content=\"Betway M\u00e9xico ha lanzado una promoci\u00f3n para nuevos clientes de deportes llamada El Buen Fin en la que recibe $4,000 en Bono.\" \/>\n<meta property=\"og:url\" content=\"https:\/\/apuestasfree.com\/mx\/betway-mx-deportes-buen-fin\/\" \/>\n<meta property=\"og:site_name\" content=\"ApuestasFree\" \/>\n<meta property=\"article:modified_time\" content=\"2024-02-01T18:14:13+00:00\" \/>\n<meta property=\"og:image\" content=\"https:\/\/apuestasfree.com\/wp-content\/uploads\/2020\/11\/Betway-El-Buen-Fin-deportes.png\" \/>\n<meta name=\"twitter:card\" content=\"summary_large_image\" \/>\n<meta name=\"twitter:label1\" content=\"Est. reading time\" \/>\n\t<meta name=\"twitter:data1\" content=\"4 minutes\" \/>\n<script type=\"application\/ld+json\" class=\"yoast-schema-graph\">{\"@context\":\"https:\\\/\\\/schema.org\",\"@graph\":[{\"@type\":\"WebPage\",\"@id\":\"https:\\\/\\\/apuestasfree.com\\\/mx\\\/betway-mx-deportes-buen-fin\\\/\",\"url\":\"https:\\\/\\\/apuestasfree.com\\\/mx\\\/betway-mx-deportes-buen-fin\\\/\",\"name\":\"Betway MX deportes El Buen Fin: $4,000 en Bono\",\"isPartOf\":{\"@id\":\"https:\\\/\\\/apuestasfree.com\\\/mx\\\/#website\"},\"primaryImageOfPage\":{\"@id\":\"https:\\\/\\\/apuestasfree.com\\\/mx\\\/betway-mx-deportes-buen-fin\\\/#primaryimage\"},\"image\":{\"@id\":\"https:\\\/\\\/apuestasfree.com\\\/mx\\\/betway-mx-deportes-buen-fin\\\/#primaryimage\"},\"thumbnailUrl\":\"https:\\\/\\\/apuestasfree.com\\\/wp-content\\\/uploads\\\/2020\\\/11\\\/Betway-El-Buen-Fin-deportes.png\",\"datePublished\":\"2020-11-10T15:32:50+00:00\",\"dateModified\":\"2024-02-01T18:14:13+00:00\",\"description\":\"Betway M\u00e9xico ha lanzado una promoci\u00f3n para nuevos clientes de deportes llamada El Buen Fin en la que recibe $4,000 en Bono.\",\"breadcrumb\":{\"@id\":\"https:\\\/\\\/apuestasfree.com\\\/mx\\\/betway-mx-deportes-buen-fin\\\/#breadcrumb\"},\"inLanguage\":\"es-mx\",\"potentialAction\":[{\"@type\":\"ReadAction\",\"target\":[\"https:\\\/\\\/apuestasfree.com\\\/mx\\\/betway-mx-deportes-buen-fin\\\/\"]}]},{\"@type\":\"ImageObject\",\"inLanguage\":\"es-mx\",\"@id\":\"https:\\\/\\\/apuestasfree.com\\\/mx\\\/betway-mx-deportes-buen-fin\\\/#primaryimage\",\"url\":\"https:\\\/\\\/apuestasfree.com\\\/wp-content\\\/uploads\\\/2020\\\/11\\\/Betway-El-Buen-Fin-deportes.png\",\"contentUrl\":\"https:\\\/\\\/apuestasfree.com\\\/wp-content\\\/uploads\\\/2020\\\/11\\\/Betway-El-Buen-Fin-deportes.png\"},{\"@type\":\"BreadcrumbList\",\"@id\":\"https:\\\/\\\/apuestasfree.com\\\/mx\\\/betway-mx-deportes-buen-fin\\\/#breadcrumb\",\"itemListElement\":[{\"@type\":\"ListItem\",\"position\":1,\"name\":\"Inicio\",\"item\":\"https:\\\/\\\/apuestasfree.com\\\/mx\\\/\"},{\"@type\":\"ListItem\",\"position\":2,\"name\":\"Betway MX deportes El Buen Fin: $4,000 en Bono\"}]},{\"@type\":\"WebSite\",\"@id\":\"https:\\\/\\\/apuestasfree.com\\\/mx\\\/#website\",\"url\":\"https:\\\/\\\/apuestasfree.com\\\/mx\\\/\",\"name\":\"ApuestasFree\",\"description\":\"\",\"publisher\":{\"@id\":\"https:\\\/\\\/apuestasfree.com\\\/mx\\\/#organization\"},\"potentialAction\":[{\"@type\":\"SearchAction\",\"target\":{\"@type\":\"EntryPoint\",\"urlTemplate\":\"https:\\\/\\\/apuestasfree.com\\\/mx\\\/?s={search_term_string}\"},\"query-input\":{\"@type\":\"PropertyValueSpecification\",\"valueRequired\":true,\"valueName\":\"search_term_string\"}}],\"inLanguage\":\"es-mx\"},{\"@type\":\"Organization\",\"@id\":\"https:\\\/\\\/apuestasfree.com\\\/mx\\\/#organization\",\"name\":\"ApuestasFree\",\"url\":\"https:\\\/\\\/apuestasfree.com\\\/mx\\\/\",\"logo\":{\"@type\":\"ImageObject\",\"inLanguage\":\"es-mx\",\"@id\":\"https:\\\/\\\/apuestasfree.com\\\/mx\\\/#\\\/schema\\\/logo\\\/image\\\/\",\"url\":\"https:\\\/\\\/apuestasfree.com\\\/wp-content\\\/uploads\\\/2019\\\/06\\\/afree_logo.png\",\"contentUrl\":\"https:\\\/\\\/apuestasfree.com\\\/wp-content\\\/uploads\\\/2019\\\/06\\\/afree_logo.png\",\"width\":106,\"height\":50,\"caption\":\"ApuestasFree\"},\"image\":{\"@id\":\"https:\\\/\\\/apuestasfree.com\\\/mx\\\/#\\\/schema\\\/logo\\\/image\\\/\"}}]}<\/script>\n<!-- \/ Yoast SEO Premium plugin. -->","yoast_head_json":{"title":"Betway MX deportes El Buen Fin: $4,000 en Bono","description":"Betway M\u00e9xico ha lanzado una promoci\u00f3n para nuevos clientes de deportes llamada El Buen Fin en la que recibe $4,000 en Bono.","robots":{"index":"index","follow":"follow","max-snippet":"max-snippet:-1","max-image-preview":"max-image-preview:large","max-video-preview":"max-video-preview:-1"},"canonical":"https:\/\/apuestasfree.com\/mx\/betway-mx-deportes-buen-fin\/","og_locale":"es_ES","og_type":"article","og_title":"Betway MX deportes El Buen Fin: $4,000 en Bono","og_description":"Betway M\u00e9xico ha lanzado una promoci\u00f3n para nuevos clientes de deportes llamada El Buen Fin en la que recibe $4,000 en Bono.","og_url":"https:\/\/apuestasfree.com\/mx\/betway-mx-deportes-buen-fin\/","og_site_name":"ApuestasFree","article_modified_time":"2024-02-01T18:14:13+00:00","og_image":[{"url":"https:\/\/apuestasfree.com\/wp-content\/uploads\/2020\/11\/Betway-El-Buen-Fin-deportes.png","type":"","width":"","height":""}],"twitter_card":"summary_large_image","twitter_misc":{"Est. reading time":"4 minutes"},"schema":{"@context":"https:\/\/schema.org","@graph":[{"@type":"WebPage","@id":"https:\/\/apuestasfree.com\/mx\/betway-mx-deportes-buen-fin\/","url":"https:\/\/apuestasfree.com\/mx\/betway-mx-deportes-buen-fin\/","name":"Betway MX deportes El Buen Fin: $4,000 en Bono","isPartOf":{"@id":"https:\/\/apuestasfree.com\/mx\/#website"},"primaryImageOfPage":{"@id":"https:\/\/apuestasfree.com\/mx\/betway-mx-deportes-buen-fin\/#primaryimage"},"image":{"@id":"https:\/\/apuestasfree.com\/mx\/betway-mx-deportes-buen-fin\/#primaryimage"},"thumbnailUrl":"https:\/\/apuestasfree.com\/wp-content\/uploads\/2020\/11\/Betway-El-Buen-Fin-deportes.png","datePublished":"2020-11-10T15:32:50+00:00","dateModified":"2024-02-01T18:14:13+00:00","description":"Betway M\u00e9xico ha lanzado una promoci\u00f3n para nuevos clientes de deportes llamada El Buen Fin en la que recibe $4,000 en Bono.","breadcrumb":{"@id":"https:\/\/apuestasfree.com\/mx\/betway-mx-deportes-buen-fin\/#breadcrumb"},"inLanguage":"es-mx","potentialAction":[{"@type":"ReadAction","target":["https:\/\/apuestasfree.com\/mx\/betway-mx-deportes-buen-fin\/"]}]},{"@type":"ImageObject","inLanguage":"es-mx","@id":"https:\/\/apuestasfree.com\/mx\/betway-mx-deportes-buen-fin\/#primaryimage","url":"https:\/\/apuestasfree.com\/wp-content\/uploads\/2020\/11\/Betway-El-Buen-Fin-deportes.png","contentUrl":"https:\/\/apuestasfree.com\/wp-content\/uploads\/2020\/11\/Betway-El-Buen-Fin-deportes.png"},{"@type":"BreadcrumbList","@id":"https:\/\/apuestasfree.com\/mx\/betway-mx-deportes-buen-fin\/#breadcrumb","itemListElement":[{"@type":"ListItem","position":1,"name":"Inicio","item":"https:\/\/apuestasfree.com\/mx\/"},{"@type":"ListItem","position":2,"name":"Betway MX deportes El Buen Fin: $4,000 en Bono"}]},{"@type":"WebSite","@id":"https:\/\/apuestasfree.com\/mx\/#website","url":"https:\/\/apuestasfree.com\/mx\/","name":"ApuestasFree","description":"","publisher":{"@id":"https:\/\/apuestasfree.com\/mx\/#organization"},"potentialAction":[{"@type":"SearchAction","target":{"@type":"EntryPoint","urlTemplate":"https:\/\/apuestasfree.com\/mx\/?s={search_term_string}"},"query-input":{"@type":"PropertyValueSpecification","valueRequired":true,"valueName":"search_term_string"}}],"inLanguage":"es-mx"},{"@type":"Organization","@id":"https:\/\/apuestasfree.com\/mx\/#organization","name":"ApuestasFree","url":"https:\/\/apuestasfree.com\/mx\/","logo":{"@type":"ImageObject","inLanguage":"es-mx","@id":"https:\/\/apuestasfree.com\/mx\/#\/schema\/logo\/image\/","url":"https:\/\/apuestasfree.com\/wp-content\/uploads\/2019\/06\/afree_logo.png","contentUrl":"https:\/\/apuestasfree.com\/wp-content\/uploads\/2019\/06\/afree_logo.png","width":106,"height":50,"caption":"ApuestasFree"},"image":{"@id":"https:\/\/apuestasfree.com\/mx\/#\/schema\/logo\/image\/"}}]}},"uagb_featured_image_src":{"full":false,"thumbnail":false,"medium":false,"medium_large":false,"large":false,"1536x1536":false,"2048x2048":false},"uagb_author_info":{"display_name":"Juan Antonio Camacho","author_link":"https:\/\/apuestasfree.com\/mx\/author\/jacg475\/"},"uagb_comment_info":0,"uagb_excerpt":"Betway M\u00e9xico ha lanzado una promoci\u00f3n para nuevos clientes de deportes llamada El Buen Fin en la que recibe $4,000 en Bono. Para apostar mejor te recomendamos la app, podr\u00e1s descargarla y ver todas sus ventajas haciendo clic aqu\u00ed. LA PROMOCI\u00d3N DE BONO $500 MXN GRATIS YA NO EST\u00c1 DISPONIBLE Algunas caracter\u00edsticas app Betway: Podr\u00e1s&hellip;","_links":{"self":[{"href":"https:\/\/apuestasfree.com\/mx\/wp-json\/wp\/v2\/pages\/268151","targetHints":{"allow":["GET"]}}],"collection":[{"href":"https:\/\/apuestasfree.com\/mx\/wp-json\/wp\/v2\/pages"}],"about":[{"href":"https:\/\/apuestasfree.com\/mx\/wp-json\/wp\/v2\/types\/page"}],"author":[{"embeddable":true,"href":"https:\/\/apuestasfree.com\/mx\/wp-json\/wp\/v2\/users\/27643"}],"replies":[{"embeddable":true,"href":"https:\/\/apuestasfree.com\/mx\/wp-json\/wp\/v2\/comments?post=268151"}],"version-history":[{"count":1,"href":"https:\/\/apuestasfree.com\/mx\/wp-json\/wp\/v2\/pages\/268151\/revisions"}],"predecessor-version":[{"id":1602979,"href":"https:\/\/apuestasfree.com\/mx\/wp-json\/wp\/v2\/pages\/268151\/revisions\/1602979"}],"wp:attachment":[{"href":"https:\/\/apuestasfree.com\/mx\/wp-json\/wp\/v2\/media?parent=268151"}],"curies":[{"name":"wp","href":"https:\/\/api.w.org\/{rel}","templated":true}]}}