{"id":268120,"date":"2020-11-10T16:03:44","date_gmt":"2020-11-10T15:03:44","guid":{"rendered":"https:\/\/apuestasfree.com\/?p=268120"},"modified":"2024-02-01T19:12:27","modified_gmt":"2024-02-01T18:12:27","slug":"betway-mx-casino-el-buen-fin","status":"publish","type":"page","link":"https:\/\/apuestasfree.com\/mx\/betway-mx-casino-el-buen-fin\/","title":{"rendered":"Betway MX Casino El Buen Fin: recibe $4,000 en Bono"},"content":{"rendered":"\n<p><span class=\"mainContent \"><a href=\"https:\/\/recor.to\/betwaymxcasino\" target=\"_blank\" rel=\"noopener noreferrer nofollow sponsored\">Betway M\u00e9xico<\/a> ha lanzado una promoci\u00f3n para nuevos clientes de su Casino llamada<strong> El Buen Fin<\/strong> en la que<strong> recibe $4,000 en Bono<\/strong>.<\/span><\/p>\n\n\n\n<p>Para apostar mejor te recomendamos la <strong>app<\/strong>, podr\u00e1s descargarla y ver todas sus ventajas <a href=\"https:\/\/apuestasfree.com\/mx\/betway-descargar-app\/\" target=\"_blank\" rel=\"noopener noreferrer\">haciendo clic aqu\u00ed<\/a>.<\/p>\n\n\n\n<p><strong>Algunas caracter\u00edsticas <a href=\"https:\/\/apuestasfree.com\/mx\/betway-descargar-app\/\" target=\"_blank\" rel=\"noopener noreferrer\">app Betway<\/a>: <\/strong><\/p>\n\n\n\n<ul class=\"wp-block-list\">\n<li>Podr\u00e1s seguir el transcurso de miles de eventos deportivos en <strong>streaming<\/strong>, con alta calidad de imagen.<\/li>\n\n\n\n<li>Tendr\u00e1s acceso a consultar <strong>estad\u00edsticas hist\u00f3ricas<\/strong> y del partido de cada equipo.<\/li>\n\n\n\n<li>Te permite acceder a tu cuenta de Betway con un toque r\u00e1pido gracias a <strong>Touch ID<\/strong>, reconocimiento de tu huella dactilar.<\/li>\n\n\n\n<li><a href=\"https:\/\/recor.to\/betwaymxcasino\" target=\"_blank\" rel=\"noopener noreferrer nofollow\">Betway Apuestas<\/a> est\u00e1 constantemente actualizando su app para mejorar la <strong>experiencia de usuario<\/strong>. Para que hagas tus apuestas desde tu m\u00f3vil de forma sencilla, \u00e1gil y segura.<\/li>\n<\/ul>\n\n\n\n<h2 class=\"wp-block-heading\" id=\"h-betway-mx-casino-el-buen-fin\"><a href=\"https:\/\/recor.to\/betwaymxcasino\" target=\"_blank\" rel=\"noopener noreferrer nofollow sponsored\">Betway MX Casino: El Buen Fin<\/a><\/h2>\n\n\n\n<p>Como \u00edbamos diciendo,<span class=\"mainContent \"> <a href=\"https:\/\/recor.to\/betwaymxcasino\" target=\"_blank\" rel=\"noopener noreferrer nofollow sponsored\">Betway M\u00e9xico<\/a> ha lanzado una promoci\u00f3n para nuevos clientes de su Casino llamada<strong> El Buen Fin<\/strong> en la que<strong> recibe $4,000 en Bono<\/strong>.<\/span><\/p>\n\n\n\n<figure class=\"wp-block-image size-large\"><a href=\"https:\/\/recor.to\/betwaymxcasino\" rel=\"nofollow noopener sponsored\"><img fetchpriority=\"high\" decoding=\"async\" width=\"1024\" height=\"348\" src=\"https:\/\/apuestasfree.com\/wp-content\/uploads\/2022\/02\/betway-bono-casino-1024x348.png\" alt=\"betway bono casino\" class=\"wp-image-666045\" srcset=\"https:\/\/apuestasfree.com\/wp-content\/uploads\/2022\/02\/betway-bono-casino-1024x348.png 1024w, https:\/\/apuestasfree.com\/wp-content\/uploads\/2022\/02\/betway-bono-casino-300x102.png 300w, https:\/\/apuestasfree.com\/wp-content\/uploads\/2022\/02\/betway-bono-casino-768x261.png 768w, https:\/\/apuestasfree.com\/wp-content\/uploads\/2022\/02\/betway-bono-casino.png 1441w\" sizes=\"(max-width: 1024px) 100vw, 1024px\" \/><\/a><\/figure>\n\n\n\n<h3 class=\"wp-block-heading\" id=\"h-como-funciona-promo-el-buen-fin\"><strong>C\u00f3mo funciona Promo El Buen Fin:<br><\/strong><\/h3>\n\n\n\n<p>Debes registrarte, por lo que aprovecha el <a href=\"https:\/\/recor.to\/betwaymxcasino\" target=\"_blank\" rel=\"noopener noreferrer nofollow sponsored\">Bono de hasta $4,000 para Casino<\/a>.<\/p>\n\n\n\n<p>El Bono de Bienvenida s\u00ed requiere de un <strong>primer dep\u00f3sito<\/strong> para poder sacarles partido.<\/p>\n\n\n\n<p>Y una vez recibido, <strong>hay que apostarlo un m\u00ednimo veces<\/strong> para poder retirar sus ganancias en dinero real.<\/p>\n\n\n\n<h3 class=\"wp-block-heading\" id=\"h-condiciones-promocion-el-buen-fin\"><strong>Condiciones promoci\u00f3n El Buen Fin:<\/strong><\/h3>\n\n\n\n<ul class=\"wp-block-list\">\n<li>Promoci\u00f3n v\u00e1lida solo para<strong> nuevos usuarios y residentes de M\u00e9xico<\/strong>.<\/li>\n\n\n\n<li>El Bono puede ser utilizado en el <strong>Casino y Casino en vivo<\/strong>.<\/li>\n\n\n\n<li>Para liberar el bono y ganancias, debes completar un <strong>rollover de 48x<\/strong>.<\/li>\n\n\n\n<li>El Bono caduca en <strong>7 d\u00edas<\/strong>, trata de usarlo antes.<\/li>\n\n\n\n<li>Para retirar necesitara realizar un dep\u00f3sito valido utilizando una<strong> tarjeta de cr\u00e9dito o d\u00e9bito, OXXO Pay, Todito Cash or Paycash<\/strong>.<\/li>\n<\/ul>\n\n\n\n<p>Finalmente, aprovecha su <strong>Bono de Bienvenida de hasta $4,000<\/strong>.<\/p>\n\n\n\n<h3 class=\"wp-block-heading\" id=\"h-condiciones-del-bono-de-bienvenida-para-casino-de-betway-mx\"><strong>Condiciones del Bono de Bienvenida para Casino de Betway MX:<\/strong><\/h3>\n\n\n\n<div id=\"item_tca_2\" class=\"accordion-body collapse in\">\n<ul>\n<li>Te dan el <strong>100% de tu primer dep\u00f3sito hasta un m\u00e1ximo de $4,000<\/strong>.<\/li>\n<li>Esta oferta solo est\u00e1 disponible para los residentes de <strong>M\u00e9xico<\/strong>.<\/li>\n<li>Los <strong>m\u00e9todos de pago<\/strong> son tarjeta v\u00e1lida de cr\u00e9dito\/d\u00e9bito, OXXO Pay, Todito Cash o Paycash.<\/li>\n<li>La promoci\u00f3n est\u00e1 destinada a<strong> nuevos clientes<\/strong>, los que ya tienen cuenta no pueden participar.<\/li>\n<li>Debes realizar el primer dep\u00f3sito de m\u00ednimo <strong>$100<\/strong>.<\/li>\n<li>Solo se conceder\u00e1 <strong>un bono por nuevo cliente<\/strong> y la cantidad m\u00e1xima del mismo ser\u00e1 de <strong>$4,000<\/strong>.<\/li>\n<li>El bono tendr\u00e1 un rollover de 48<strong>\u00a0veces<\/strong> el cual se deber\u00e1 cumplir antes de retirar.<\/li>\n<li>El bono caduca a los <strong>7 d\u00edas<\/strong>, trata de usarlo antes.<\/li>\n<\/ul>\n<\/div>\n\n\n\n<p class=\"has-text-align-center\"><a href=\"https:\/\/recor.to\/betwaymxcasino\" target=\"_blank\" rel=\"noopener noreferrer nofollow sponsored\">\u00a1Reg\u00edstrate ya en Betway desde aqu\u00ed y aprovecha la promoci\u00f3n El Buen Fin!<\/a><\/p>\n","protected":false},"excerpt":{"rendered":"<p>Betway M\u00e9xico ha lanzado una promoci\u00f3n para nuevos clientes de su Casino llamada El Buen Fin en la que recibe $4,000 en Bono. Para apostar mejor te recomendamos la app, podr\u00e1s descargarla y ver todas sus ventajas haciendo clic aqu\u00ed. Algunas caracter\u00edsticas app Betway: Betway MX Casino: El Buen Fin Como \u00edbamos diciendo, Betway M\u00e9xico &#8230; <a title=\"Betway MX Casino El Buen Fin: recibe $4,000 en Bono\" class=\"read-more\" href=\"https:\/\/apuestasfree.com\/mx\/betway-mx-casino-el-buen-fin\/\" aria-label=\"Read more about Betway MX Casino El Buen Fin: recibe $4,000 en Bono\">Read more<\/a><\/p>\n","protected":false},"author":27643,"featured_media":0,"parent":0,"menu_order":0,"comment_status":"closed","ping_status":"closed","template":"","meta":{"_uag_custom_page_level_css":"","footnotes":""},"class_list":["post-268120","page","type-page","status-publish"],"yoast_head":"<!-- This site is optimized with the Yoast SEO Premium plugin v27.1 (Yoast SEO v27.3) - https:\/\/yoast.com\/product\/yoast-seo-premium-wordpress\/ -->\n<title>Betway MX Casino El Buen Fin: recibe $4,000 en Bono<\/title>\n<meta name=\"description\" content=\"Betway M\u00e9xico ha lanzado una promoci\u00f3n para nuevos clientes de su Casino llamada El Buen Fin en la que recibe $4,000 en Bono.\" \/>\n<meta name=\"robots\" content=\"index, follow, max-snippet:-1, max-image-preview:large, max-video-preview:-1\" \/>\n<link rel=\"canonical\" href=\"https:\/\/apuestasfree.com\/mx\/betway-mx-casino-el-buen-fin\/\" \/>\n<meta property=\"og:locale\" content=\"es_ES\" \/>\n<meta property=\"og:type\" content=\"article\" \/>\n<meta property=\"og:title\" content=\"Betway MX Casino El Buen Fin: recibe $4,000 en Bono\" \/>\n<meta property=\"og:description\" content=\"Betway M\u00e9xico ha lanzado una promoci\u00f3n para nuevos clientes de su Casino llamada El Buen Fin en la que recibe $4,000 en Bono.\" \/>\n<meta property=\"og:url\" content=\"https:\/\/apuestasfree.com\/mx\/betway-mx-casino-el-buen-fin\/\" \/>\n<meta property=\"og:site_name\" content=\"ApuestasFree\" \/>\n<meta property=\"article:modified_time\" content=\"2024-02-01T18:12:27+00:00\" \/>\n<meta property=\"og:image\" content=\"https:\/\/apuestasfree.com\/wp-content\/uploads\/2022\/02\/betway-bono-casino-1024x348.png\" \/>\n<meta name=\"twitter:card\" content=\"summary_large_image\" \/>\n<meta name=\"twitter:label1\" content=\"Est. reading time\" \/>\n\t<meta name=\"twitter:data1\" content=\"3 minutes\" \/>\n<script type=\"application\/ld+json\" class=\"yoast-schema-graph\">{\"@context\":\"https:\\\/\\\/schema.org\",\"@graph\":[{\"@type\":\"WebPage\",\"@id\":\"https:\\\/\\\/apuestasfree.com\\\/mx\\\/betway-mx-casino-el-buen-fin\\\/\",\"url\":\"https:\\\/\\\/apuestasfree.com\\\/mx\\\/betway-mx-casino-el-buen-fin\\\/\",\"name\":\"Betway MX Casino El Buen Fin: recibe $4,000 en Bono\",\"isPartOf\":{\"@id\":\"https:\\\/\\\/apuestasfree.com\\\/mx\\\/#website\"},\"primaryImageOfPage\":{\"@id\":\"https:\\\/\\\/apuestasfree.com\\\/mx\\\/betway-mx-casino-el-buen-fin\\\/#primaryimage\"},\"image\":{\"@id\":\"https:\\\/\\\/apuestasfree.com\\\/mx\\\/betway-mx-casino-el-buen-fin\\\/#primaryimage\"},\"thumbnailUrl\":\"https:\\\/\\\/apuestasfree.com\\\/wp-content\\\/uploads\\\/2022\\\/02\\\/betway-bono-casino-1024x348.png\",\"datePublished\":\"2020-11-10T15:03:44+00:00\",\"dateModified\":\"2024-02-01T18:12:27+00:00\",\"description\":\"Betway M\u00e9xico ha lanzado una promoci\u00f3n para nuevos clientes de su Casino llamada El Buen Fin en la que recibe $4,000 en Bono.\",\"breadcrumb\":{\"@id\":\"https:\\\/\\\/apuestasfree.com\\\/mx\\\/betway-mx-casino-el-buen-fin\\\/#breadcrumb\"},\"inLanguage\":\"es-mx\",\"potentialAction\":[{\"@type\":\"ReadAction\",\"target\":[\"https:\\\/\\\/apuestasfree.com\\\/mx\\\/betway-mx-casino-el-buen-fin\\\/\"]}]},{\"@type\":\"ImageObject\",\"inLanguage\":\"es-mx\",\"@id\":\"https:\\\/\\\/apuestasfree.com\\\/mx\\\/betway-mx-casino-el-buen-fin\\\/#primaryimage\",\"url\":\"https:\\\/\\\/apuestasfree.com\\\/wp-content\\\/uploads\\\/2022\\\/02\\\/betway-bono-casino-1024x348.png\",\"contentUrl\":\"https:\\\/\\\/apuestasfree.com\\\/wp-content\\\/uploads\\\/2022\\\/02\\\/betway-bono-casino-1024x348.png\"},{\"@type\":\"BreadcrumbList\",\"@id\":\"https:\\\/\\\/apuestasfree.com\\\/mx\\\/betway-mx-casino-el-buen-fin\\\/#breadcrumb\",\"itemListElement\":[{\"@type\":\"ListItem\",\"position\":1,\"name\":\"Inicio\",\"item\":\"https:\\\/\\\/apuestasfree.com\\\/mx\\\/\"},{\"@type\":\"ListItem\",\"position\":2,\"name\":\"Betway MX Casino El Buen Fin: recibe $4,000 en Bono\"}]},{\"@type\":\"WebSite\",\"@id\":\"https:\\\/\\\/apuestasfree.com\\\/mx\\\/#website\",\"url\":\"https:\\\/\\\/apuestasfree.com\\\/mx\\\/\",\"name\":\"ApuestasFree\",\"description\":\"\",\"publisher\":{\"@id\":\"https:\\\/\\\/apuestasfree.com\\\/mx\\\/#organization\"},\"potentialAction\":[{\"@type\":\"SearchAction\",\"target\":{\"@type\":\"EntryPoint\",\"urlTemplate\":\"https:\\\/\\\/apuestasfree.com\\\/mx\\\/?s={search_term_string}\"},\"query-input\":{\"@type\":\"PropertyValueSpecification\",\"valueRequired\":true,\"valueName\":\"search_term_string\"}}],\"inLanguage\":\"es-mx\"},{\"@type\":\"Organization\",\"@id\":\"https:\\\/\\\/apuestasfree.com\\\/mx\\\/#organization\",\"name\":\"ApuestasFree\",\"url\":\"https:\\\/\\\/apuestasfree.com\\\/mx\\\/\",\"logo\":{\"@type\":\"ImageObject\",\"inLanguage\":\"es-mx\",\"@id\":\"https:\\\/\\\/apuestasfree.com\\\/mx\\\/#\\\/schema\\\/logo\\\/image\\\/\",\"url\":\"https:\\\/\\\/apuestasfree.com\\\/wp-content\\\/uploads\\\/2019\\\/06\\\/afree_logo.png\",\"contentUrl\":\"https:\\\/\\\/apuestasfree.com\\\/wp-content\\\/uploads\\\/2019\\\/06\\\/afree_logo.png\",\"width\":106,\"height\":50,\"caption\":\"ApuestasFree\"},\"image\":{\"@id\":\"https:\\\/\\\/apuestasfree.com\\\/mx\\\/#\\\/schema\\\/logo\\\/image\\\/\"}}]}<\/script>\n<!-- \/ Yoast SEO Premium plugin. -->","yoast_head_json":{"title":"Betway MX Casino El Buen Fin: recibe $4,000 en Bono","description":"Betway M\u00e9xico ha lanzado una promoci\u00f3n para nuevos clientes de su Casino llamada El Buen Fin en la que recibe $4,000 en Bono.","robots":{"index":"index","follow":"follow","max-snippet":"max-snippet:-1","max-image-preview":"max-image-preview:large","max-video-preview":"max-video-preview:-1"},"canonical":"https:\/\/apuestasfree.com\/mx\/betway-mx-casino-el-buen-fin\/","og_locale":"es_ES","og_type":"article","og_title":"Betway MX Casino El Buen Fin: recibe $4,000 en Bono","og_description":"Betway M\u00e9xico ha lanzado una promoci\u00f3n para nuevos clientes de su Casino llamada El Buen Fin en la que recibe $4,000 en Bono.","og_url":"https:\/\/apuestasfree.com\/mx\/betway-mx-casino-el-buen-fin\/","og_site_name":"ApuestasFree","article_modified_time":"2024-02-01T18:12:27+00:00","og_image":[{"url":"https:\/\/apuestasfree.com\/wp-content\/uploads\/2022\/02\/betway-bono-casino-1024x348.png","type":"","width":"","height":""}],"twitter_card":"summary_large_image","twitter_misc":{"Est. reading time":"3 minutes"},"schema":{"@context":"https:\/\/schema.org","@graph":[{"@type":"WebPage","@id":"https:\/\/apuestasfree.com\/mx\/betway-mx-casino-el-buen-fin\/","url":"https:\/\/apuestasfree.com\/mx\/betway-mx-casino-el-buen-fin\/","name":"Betway MX Casino El Buen Fin: recibe $4,000 en Bono","isPartOf":{"@id":"https:\/\/apuestasfree.com\/mx\/#website"},"primaryImageOfPage":{"@id":"https:\/\/apuestasfree.com\/mx\/betway-mx-casino-el-buen-fin\/#primaryimage"},"image":{"@id":"https:\/\/apuestasfree.com\/mx\/betway-mx-casino-el-buen-fin\/#primaryimage"},"thumbnailUrl":"https:\/\/apuestasfree.com\/wp-content\/uploads\/2022\/02\/betway-bono-casino-1024x348.png","datePublished":"2020-11-10T15:03:44+00:00","dateModified":"2024-02-01T18:12:27+00:00","description":"Betway M\u00e9xico ha lanzado una promoci\u00f3n para nuevos clientes de su Casino llamada El Buen Fin en la que recibe $4,000 en Bono.","breadcrumb":{"@id":"https:\/\/apuestasfree.com\/mx\/betway-mx-casino-el-buen-fin\/#breadcrumb"},"inLanguage":"es-mx","potentialAction":[{"@type":"ReadAction","target":["https:\/\/apuestasfree.com\/mx\/betway-mx-casino-el-buen-fin\/"]}]},{"@type":"ImageObject","inLanguage":"es-mx","@id":"https:\/\/apuestasfree.com\/mx\/betway-mx-casino-el-buen-fin\/#primaryimage","url":"https:\/\/apuestasfree.com\/wp-content\/uploads\/2022\/02\/betway-bono-casino-1024x348.png","contentUrl":"https:\/\/apuestasfree.com\/wp-content\/uploads\/2022\/02\/betway-bono-casino-1024x348.png"},{"@type":"BreadcrumbList","@id":"https:\/\/apuestasfree.com\/mx\/betway-mx-casino-el-buen-fin\/#breadcrumb","itemListElement":[{"@type":"ListItem","position":1,"name":"Inicio","item":"https:\/\/apuestasfree.com\/mx\/"},{"@type":"ListItem","position":2,"name":"Betway MX Casino El Buen Fin: recibe $4,000 en Bono"}]},{"@type":"WebSite","@id":"https:\/\/apuestasfree.com\/mx\/#website","url":"https:\/\/apuestasfree.com\/mx\/","name":"ApuestasFree","description":"","publisher":{"@id":"https:\/\/apuestasfree.com\/mx\/#organization"},"potentialAction":[{"@type":"SearchAction","target":{"@type":"EntryPoint","urlTemplate":"https:\/\/apuestasfree.com\/mx\/?s={search_term_string}"},"query-input":{"@type":"PropertyValueSpecification","valueRequired":true,"valueName":"search_term_string"}}],"inLanguage":"es-mx"},{"@type":"Organization","@id":"https:\/\/apuestasfree.com\/mx\/#organization","name":"ApuestasFree","url":"https:\/\/apuestasfree.com\/mx\/","logo":{"@type":"ImageObject","inLanguage":"es-mx","@id":"https:\/\/apuestasfree.com\/mx\/#\/schema\/logo\/image\/","url":"https:\/\/apuestasfree.com\/wp-content\/uploads\/2019\/06\/afree_logo.png","contentUrl":"https:\/\/apuestasfree.com\/wp-content\/uploads\/2019\/06\/afree_logo.png","width":106,"height":50,"caption":"ApuestasFree"},"image":{"@id":"https:\/\/apuestasfree.com\/mx\/#\/schema\/logo\/image\/"}}]}},"uagb_featured_image_src":{"full":false,"thumbnail":false,"medium":false,"medium_large":false,"large":false,"1536x1536":false,"2048x2048":false},"uagb_author_info":{"display_name":"Juan Antonio Camacho","author_link":"https:\/\/apuestasfree.com\/mx\/author\/jacg475\/"},"uagb_comment_info":0,"uagb_excerpt":"Betway M\u00e9xico ha lanzado una promoci\u00f3n para nuevos clientes de su Casino llamada El Buen Fin en la que recibe $4,000 en Bono. Para apostar mejor te recomendamos la app, podr\u00e1s descargarla y ver todas sus ventajas haciendo clic aqu\u00ed. Algunas caracter\u00edsticas app Betway: Betway MX Casino: El Buen Fin Como \u00edbamos diciendo, Betway M\u00e9xico&hellip;","_links":{"self":[{"href":"https:\/\/apuestasfree.com\/mx\/wp-json\/wp\/v2\/pages\/268120","targetHints":{"allow":["GET"]}}],"collection":[{"href":"https:\/\/apuestasfree.com\/mx\/wp-json\/wp\/v2\/pages"}],"about":[{"href":"https:\/\/apuestasfree.com\/mx\/wp-json\/wp\/v2\/types\/page"}],"author":[{"embeddable":true,"href":"https:\/\/apuestasfree.com\/mx\/wp-json\/wp\/v2\/users\/27643"}],"replies":[{"embeddable":true,"href":"https:\/\/apuestasfree.com\/mx\/wp-json\/wp\/v2\/comments?post=268120"}],"version-history":[{"count":1,"href":"https:\/\/apuestasfree.com\/mx\/wp-json\/wp\/v2\/pages\/268120\/revisions"}],"predecessor-version":[{"id":1602977,"href":"https:\/\/apuestasfree.com\/mx\/wp-json\/wp\/v2\/pages\/268120\/revisions\/1602977"}],"wp:attachment":[{"href":"https:\/\/apuestasfree.com\/mx\/wp-json\/wp\/v2\/media?parent=268120"}],"curies":[{"name":"wp","href":"https:\/\/api.w.org\/{rel}","templated":true}]}}