{"id":218875,"date":"2020-06-09T17:40:18","date_gmt":"2020-06-09T15:40:18","guid":{"rendered":"https:\/\/apuestasfree.com\/?page_id=218875"},"modified":"2025-01-08T04:53:24","modified_gmt":"2025-01-08T03:53:24","slug":"bono-casino-bet365","status":"publish","type":"page","link":"https:\/\/apuestasfree.com\/mx\/bono-casino-bet365\/","title":{"rendered":"Casino de Bet365 en M\u00e9xico"},"content":{"rendered":"\n<p>Si te gusta el<strong> casino<\/strong>, <strong>te tiene que gustar el <a href=\"https:\/\/recor.to\/bet365casinomx\" target=\"_blank\" rel=\"noreferrer noopener nofollow sponsored\">sitio de Bet365 en M\u00e9xico<\/a><\/strong>, pues es de los mejores y <strong>m\u00e1s altos del mercado<\/strong>. Los juegos m\u00e1s apasionantes y populares para comenzar tu aventura con Bet365 de la mejor manera posible.<\/p>\n\n\n\n<p>Bet365 es un sitio que, como dec\u00edamos, ofrece uno de los cat\u00e1logos m\u00e1s interesantes. Donde <strong>destacan las tragamonedas, de diferentes tem\u00e1ticas y funciones especiales.<\/strong> Adem\u00e1s, nuevos lanzamientos y ediciones cl\u00e1sicas forman parte del men\u00fa. <\/p>\n\n\n\n<p>Por supuesto que tambi\u00e9n hay otras opciones de casino, como por ejemplo ruletas, <strong>blackjack, baccarat y p\u00f3ker. <\/strong>Todo forma parte del men\u00fa de Bet365 y todo lo puedes disfrutar desde M\u00e9xico. Si quieres unirte, te dejamos una <a href=\"https:\/\/apuestasfree.com\/mx\/como-registrarse-en-bet365\/\" target=\"_blank\" rel=\"noreferrer noopener\"><strong><em>Gu\u00eda para registrarse en Bet365. <\/em><\/strong><\/a><\/p>\n\n\n\n<a href=\"https:\/\/imstore.bet365affiliates.com\/Tracker.aspx?AffiliateId=81667&#038;AffiliateCode=365_699853&#038;CID=194&#038;DID=5&#038;TID=1&#038;PID=149&#038;LNG=3\" target=\"_blank\" rel=\"sponsored\"><img decoding=\"async\" src=\"https:\/\/imstore.bet365affiliates.com\/?AffiliateCode=365_699853&#038;CID=194&#038;DID=5&#038;TID=1&#038;PID=149&#038;LNG=3\" border=\"0\" alt=\"bet365\" \/><\/a>\n\n\n\n<h2 class=\"wp-block-heading\" id=\"h-como-registrarse-en-bet365-casino\">Como registrarse desde M\u00e9xico<\/h2>\n\n\n\n<p><strong>Solo las personas mayores de 18 a\u00f1os pueden darse de alta en Bet365<\/strong> y disfrutar de su casino. Si eres un chavo de menos de 18 a\u00f1os lo sentimos, pero no puedes apostar, no es que lo digamos nosotros, es lo que marca la ley.<\/p>\n\n\n\n<p>Para ello, <strong><a href=\"https:\/\/recor.to\/bet365casinomx\" target=\"_blank\" rel=\"noreferrer noopener nofollow sponsored\">abre la p\u00e1gina de Bet365 casino desde aqu\u00ed y dale a \u201cregistrarse\u201d<\/a><\/strong>.<\/p>\n\n\n\n<p><strong>Rell\u00e9nalo con tus datos correctos<\/strong>, los que tienes en el documento de identidad oficial (CURP) pues es la mejor manera de evitar futuros problemas.<\/p>\n\n\n\n<p>Adem\u00e1s de eso, no olvides aceptar los t\u00e9rminos y condiciones de la casa. <strong>El registro es completamente gratuito <\/strong>y te dar\u00e1 acceso a todos los juegos que este sitio tiene para ofrecer a los usuarios de M\u00e9xico. \u00a1No esperes m\u00e1s y \u00fanete a esta comunidad!<\/p>\n\n\n\n<a href=\"https:\/\/imstore.bet365affiliates.com\/Tracker.aspx?AffiliateId=81667&#038;AffiliateCode=365_699853&#038;CID=194&#038;DID=5&#038;TID=1&#038;PID=149&#038;LNG=3\" target=\"_blank\" rel=\"sponsored\"><img decoding=\"async\" src=\"https:\/\/imstore.bet365affiliates.com\/?AffiliateCode=365_699853&#038;CID=194&#038;DID=5&#038;TID=1&#038;PID=149&#038;LNG=3\" border=\"0\" alt=\"bet365\" \/><\/a>\n\n\n\n<h2 class=\"wp-block-heading\" id=\"h-bet365-casino-es-segura\">\u00bfBet365 Casino es seguro?<\/h2>\n\n\n\n<p><strong><a href=\"https:\/\/recor.to\/bet365casinomx\" target=\"_blank\" rel=\"noreferrer noopener nofollow sponsored\">Bet365 casino<\/a> es un casino 100% seguro<\/strong>, puedes estar tranquilo de donde dejas tu plata que no van a salir corriendo con ella. <strong>Utilizan los sistemas m\u00e1s vanguardistas y modernos para que todas las transacciones que se hagan sean seguras<\/strong>.<\/p>\n\n\n\n<h3 class=\"wp-block-heading\" id=\"h-bet365-casino-y-su-enorme-cantidad-de-juegos\"><strong>Una enorme cantidad de juegos<\/strong><\/h3>\n\n\n\n<p>El <strong>casino de bet365<\/strong> no solo se limita a los conocidos juegos de la ruleta o el blackjack, sino que <strong>tiene una de las mejores ofertas en Slots<\/strong>.<\/p>\n\n\n\n<p>Algunos de series o pel\u00edculas como CSI Miami, Narcos, Gladiator o Slots de personajes conocidos.<\/p>\n\n\n\n<p><strong>Otras muy cocidas por los aficionados a los slots como La mina de oro, Galaca Party, Book of OZ, Book of Atem, Double Lucky Line<\/strong>, Jungle Giants, <strong>Age of the Gods<\/strong>: Fate Sisters, Vivo o muerto 2, Bucaneros, <strong>Hotline<\/strong> o Los 3 Espadachines.<\/p>\n\n\n\n<p><strong>No podemos olvidar las slots exclusivos,<\/strong> aquellos que no encontraras en otros casinos pues solo los tiene bet365 como <strong>Mariachi de los muertos, Fruit Twits, 8 inmortals, Solar Flash<\/strong>, Sizzling 7s Fortune, Book of Horus y Maximum Vegas.<\/p>\n\n\n\n<h2 class=\"wp-block-heading\" id=\"h-app-de-bet365-casino\">App de Bet365<\/h2>\n\n\n\n<p>Por suerte nuestra, <strong><a href=\"https:\/\/recor.to\/bet365casinomx\" target=\"_blank\" rel=\"noreferrer noopener nofollow sponsored\">bet365 M\u00e9xico casino<\/a> tiene app propia<\/strong>. Otras casas de apuestas no pueden decir esto, pero en este caso contamos con ella para que podamos jugar en cualquier parte y as\u00ed no aburrirnos.<\/p>\n\n\n\n<p>La aplicaci\u00f3n del celular va realmente bien, es r\u00e1pida, f\u00e1cil de usar y hasta podemos registrarnos desde ella. (<strong>Recuerda poner el C\u00f3digo de Bonus BONOAPP si va a hacer el registro desde la app<\/strong>)<\/p>\n\n\n\n<p>Est\u00e1 disponible tanto para iOS como para Android.<\/p>\n\n\n\n<h2 class=\"wp-block-heading\" id=\"h-promociones-del-casino-de-bet365\">Promociones disponibles en M\u00e9xico<\/h2>\n\n\n\n<p>Por el momento, Bet365 ofrece promociones para apuestas deportivas. Hay un <strong>Bono de Bienvenida<\/strong>, por ejemplo, que te otorga <strong>hasta $3.000 en Cr\u00e9ditos de Apuesta. <\/strong><\/p>\n\n\n\n<p>Pero eso no es todo. Porque tambi\u00e9n hay una <strong>oferta exclusiva para apuestas combinadas<\/strong> y la posibilidad de cerrar tu apuesta para asegurar ganancias o minimizar las p\u00e9rdidas. <\/p>\n","protected":false},"excerpt":{"rendered":"<p>Si te gusta el casino, te tiene que gustar el sitio de Bet365 en M\u00e9xico, pues es de los mejores y m\u00e1s altos del mercado. Los juegos m\u00e1s apasionantes y populares para comenzar tu aventura con Bet365 de la mejor manera posible. Bet365 es un sitio que, como dec\u00edamos, ofrece uno de los cat\u00e1logos m\u00e1s &#8230; <a title=\"Casino de Bet365 en M\u00e9xico\" class=\"read-more\" href=\"https:\/\/apuestasfree.com\/mx\/bono-casino-bet365\/\" aria-label=\"Read more about Casino de Bet365 en M\u00e9xico\">Read more<\/a><\/p>\n","protected":false},"author":10162,"featured_media":0,"parent":0,"menu_order":0,"comment_status":"closed","ping_status":"closed","template":"","meta":{"_uag_custom_page_level_css":"","footnotes":""},"class_list":["post-218875","page","type-page","status-publish"],"yoast_head":"<!-- This site is optimized with the Yoast SEO Premium plugin v27.1 (Yoast SEO v27.3) - https:\/\/yoast.com\/product\/yoast-seo-premium-wordpress\/ -->\n<title>Casino de Bet365 en M\u00e9xico<\/title>\n<meta name=\"description\" content=\"La casa de apuestas Bet365 es la l\u00edder del mercado y ofrece un amplio cat\u00e1logo de juegos de casino. Slots, ruletas, blackjack, p\u00f3ker y m\u00e1s.\" \/>\n<meta name=\"robots\" content=\"index, follow, max-snippet:-1, max-image-preview:large, max-video-preview:-1\" \/>\n<link rel=\"canonical\" href=\"https:\/\/apuestasfree.com\/mx\/bono-casino-bet365\/\" \/>\n<meta property=\"og:locale\" content=\"es_ES\" \/>\n<meta property=\"og:type\" content=\"article\" \/>\n<meta property=\"og:title\" content=\"Casino de Bet365 en M\u00e9xico\" \/>\n<meta property=\"og:description\" content=\"La casa de apuestas Bet365 es la l\u00edder del mercado y ofrece un amplio cat\u00e1logo de juegos de casino. Slots, ruletas, blackjack, p\u00f3ker y m\u00e1s.\" \/>\n<meta property=\"og:url\" content=\"https:\/\/apuestasfree.com\/mx\/bono-casino-bet365\/\" \/>\n<meta property=\"og:site_name\" content=\"ApuestasFree\" \/>\n<meta property=\"article:modified_time\" content=\"2025-01-08T03:53:24+00:00\" \/>\n<meta property=\"og:image\" content=\"https:\/\/imstore.bet365affiliates.com\/?AffiliateCode=365_699853&CID=194&DID=5&TID=1&PID=149&LNG=3\" \/>\n<meta name=\"twitter:card\" content=\"summary_large_image\" \/>\n<meta name=\"twitter:label1\" content=\"Est. reading time\" \/>\n\t<meta name=\"twitter:data1\" content=\"3 minutes\" \/>\n<script type=\"application\/ld+json\" class=\"yoast-schema-graph\">{\"@context\":\"https:\\\/\\\/schema.org\",\"@graph\":[{\"@type\":\"WebPage\",\"@id\":\"https:\\\/\\\/apuestasfree.com\\\/mx\\\/bono-casino-bet365\\\/\",\"url\":\"https:\\\/\\\/apuestasfree.com\\\/mx\\\/bono-casino-bet365\\\/\",\"name\":\"Casino de Bet365 en M\u00e9xico\",\"isPartOf\":{\"@id\":\"https:\\\/\\\/apuestasfree.com\\\/mx\\\/#website\"},\"primaryImageOfPage\":{\"@id\":\"https:\\\/\\\/apuestasfree.com\\\/mx\\\/bono-casino-bet365\\\/#primaryimage\"},\"image\":{\"@id\":\"https:\\\/\\\/apuestasfree.com\\\/mx\\\/bono-casino-bet365\\\/#primaryimage\"},\"thumbnailUrl\":\"https:\\\/\\\/imstore.bet365affiliates.com\\\/?AffiliateCode=365_699853&CID=194&DID=5&TID=1&PID=149&LNG=3\",\"datePublished\":\"2020-06-09T15:40:18+00:00\",\"dateModified\":\"2025-01-08T03:53:24+00:00\",\"description\":\"La casa de apuestas Bet365 es la l\u00edder del mercado y ofrece un amplio cat\u00e1logo de juegos de casino. Slots, ruletas, blackjack, p\u00f3ker y m\u00e1s.\",\"breadcrumb\":{\"@id\":\"https:\\\/\\\/apuestasfree.com\\\/mx\\\/bono-casino-bet365\\\/#breadcrumb\"},\"inLanguage\":\"es-mx\",\"potentialAction\":[{\"@type\":\"ReadAction\",\"target\":[\"https:\\\/\\\/apuestasfree.com\\\/mx\\\/bono-casino-bet365\\\/\"]}]},{\"@type\":\"ImageObject\",\"inLanguage\":\"es-mx\",\"@id\":\"https:\\\/\\\/apuestasfree.com\\\/mx\\\/bono-casino-bet365\\\/#primaryimage\",\"url\":\"https:\\\/\\\/imstore.bet365affiliates.com\\\/?AffiliateCode=365_699853&CID=194&DID=5&TID=1&PID=149&LNG=3\",\"contentUrl\":\"https:\\\/\\\/imstore.bet365affiliates.com\\\/?AffiliateCode=365_699853&CID=194&DID=5&TID=1&PID=149&LNG=3\"},{\"@type\":\"BreadcrumbList\",\"@id\":\"https:\\\/\\\/apuestasfree.com\\\/mx\\\/bono-casino-bet365\\\/#breadcrumb\",\"itemListElement\":[{\"@type\":\"ListItem\",\"position\":1,\"name\":\"Inicio\",\"item\":\"https:\\\/\\\/apuestasfree.com\\\/mx\\\/\"},{\"@type\":\"ListItem\",\"position\":2,\"name\":\"Casino de Bet365 en M\u00e9xico\"}]},{\"@type\":\"WebSite\",\"@id\":\"https:\\\/\\\/apuestasfree.com\\\/mx\\\/#website\",\"url\":\"https:\\\/\\\/apuestasfree.com\\\/mx\\\/\",\"name\":\"ApuestasFree\",\"description\":\"\",\"publisher\":{\"@id\":\"https:\\\/\\\/apuestasfree.com\\\/mx\\\/#organization\"},\"potentialAction\":[{\"@type\":\"SearchAction\",\"target\":{\"@type\":\"EntryPoint\",\"urlTemplate\":\"https:\\\/\\\/apuestasfree.com\\\/mx\\\/?s={search_term_string}\"},\"query-input\":{\"@type\":\"PropertyValueSpecification\",\"valueRequired\":true,\"valueName\":\"search_term_string\"}}],\"inLanguage\":\"es-mx\"},{\"@type\":\"Organization\",\"@id\":\"https:\\\/\\\/apuestasfree.com\\\/mx\\\/#organization\",\"name\":\"ApuestasFree\",\"url\":\"https:\\\/\\\/apuestasfree.com\\\/mx\\\/\",\"logo\":{\"@type\":\"ImageObject\",\"inLanguage\":\"es-mx\",\"@id\":\"https:\\\/\\\/apuestasfree.com\\\/mx\\\/#\\\/schema\\\/logo\\\/image\\\/\",\"url\":\"https:\\\/\\\/apuestasfree.com\\\/wp-content\\\/uploads\\\/2019\\\/06\\\/afree_logo.png\",\"contentUrl\":\"https:\\\/\\\/apuestasfree.com\\\/wp-content\\\/uploads\\\/2019\\\/06\\\/afree_logo.png\",\"width\":106,\"height\":50,\"caption\":\"ApuestasFree\"},\"image\":{\"@id\":\"https:\\\/\\\/apuestasfree.com\\\/mx\\\/#\\\/schema\\\/logo\\\/image\\\/\"}}]}<\/script>\n<!-- \/ Yoast SEO Premium plugin. -->","yoast_head_json":{"title":"Casino de Bet365 en M\u00e9xico","description":"La casa de apuestas Bet365 es la l\u00edder del mercado y ofrece un amplio cat\u00e1logo de juegos de casino. Slots, ruletas, blackjack, p\u00f3ker y m\u00e1s.","robots":{"index":"index","follow":"follow","max-snippet":"max-snippet:-1","max-image-preview":"max-image-preview:large","max-video-preview":"max-video-preview:-1"},"canonical":"https:\/\/apuestasfree.com\/mx\/bono-casino-bet365\/","og_locale":"es_ES","og_type":"article","og_title":"Casino de Bet365 en M\u00e9xico","og_description":"La casa de apuestas Bet365 es la l\u00edder del mercado y ofrece un amplio cat\u00e1logo de juegos de casino. Slots, ruletas, blackjack, p\u00f3ker y m\u00e1s.","og_url":"https:\/\/apuestasfree.com\/mx\/bono-casino-bet365\/","og_site_name":"ApuestasFree","article_modified_time":"2025-01-08T03:53:24+00:00","og_image":[{"url":"https:\/\/imstore.bet365affiliates.com\/?AffiliateCode=365_699853&CID=194&DID=5&TID=1&PID=149&LNG=3","type":"","width":"","height":""}],"twitter_card":"summary_large_image","twitter_misc":{"Est. reading time":"3 minutes"},"schema":{"@context":"https:\/\/schema.org","@graph":[{"@type":"WebPage","@id":"https:\/\/apuestasfree.com\/mx\/bono-casino-bet365\/","url":"https:\/\/apuestasfree.com\/mx\/bono-casino-bet365\/","name":"Casino de Bet365 en M\u00e9xico","isPartOf":{"@id":"https:\/\/apuestasfree.com\/mx\/#website"},"primaryImageOfPage":{"@id":"https:\/\/apuestasfree.com\/mx\/bono-casino-bet365\/#primaryimage"},"image":{"@id":"https:\/\/apuestasfree.com\/mx\/bono-casino-bet365\/#primaryimage"},"thumbnailUrl":"https:\/\/imstore.bet365affiliates.com\/?AffiliateCode=365_699853&CID=194&DID=5&TID=1&PID=149&LNG=3","datePublished":"2020-06-09T15:40:18+00:00","dateModified":"2025-01-08T03:53:24+00:00","description":"La casa de apuestas Bet365 es la l\u00edder del mercado y ofrece un amplio cat\u00e1logo de juegos de casino. Slots, ruletas, blackjack, p\u00f3ker y m\u00e1s.","breadcrumb":{"@id":"https:\/\/apuestasfree.com\/mx\/bono-casino-bet365\/#breadcrumb"},"inLanguage":"es-mx","potentialAction":[{"@type":"ReadAction","target":["https:\/\/apuestasfree.com\/mx\/bono-casino-bet365\/"]}]},{"@type":"ImageObject","inLanguage":"es-mx","@id":"https:\/\/apuestasfree.com\/mx\/bono-casino-bet365\/#primaryimage","url":"https:\/\/imstore.bet365affiliates.com\/?AffiliateCode=365_699853&CID=194&DID=5&TID=1&PID=149&LNG=3","contentUrl":"https:\/\/imstore.bet365affiliates.com\/?AffiliateCode=365_699853&CID=194&DID=5&TID=1&PID=149&LNG=3"},{"@type":"BreadcrumbList","@id":"https:\/\/apuestasfree.com\/mx\/bono-casino-bet365\/#breadcrumb","itemListElement":[{"@type":"ListItem","position":1,"name":"Inicio","item":"https:\/\/apuestasfree.com\/mx\/"},{"@type":"ListItem","position":2,"name":"Casino de Bet365 en M\u00e9xico"}]},{"@type":"WebSite","@id":"https:\/\/apuestasfree.com\/mx\/#website","url":"https:\/\/apuestasfree.com\/mx\/","name":"ApuestasFree","description":"","publisher":{"@id":"https:\/\/apuestasfree.com\/mx\/#organization"},"potentialAction":[{"@type":"SearchAction","target":{"@type":"EntryPoint","urlTemplate":"https:\/\/apuestasfree.com\/mx\/?s={search_term_string}"},"query-input":{"@type":"PropertyValueSpecification","valueRequired":true,"valueName":"search_term_string"}}],"inLanguage":"es-mx"},{"@type":"Organization","@id":"https:\/\/apuestasfree.com\/mx\/#organization","name":"ApuestasFree","url":"https:\/\/apuestasfree.com\/mx\/","logo":{"@type":"ImageObject","inLanguage":"es-mx","@id":"https:\/\/apuestasfree.com\/mx\/#\/schema\/logo\/image\/","url":"https:\/\/apuestasfree.com\/wp-content\/uploads\/2019\/06\/afree_logo.png","contentUrl":"https:\/\/apuestasfree.com\/wp-content\/uploads\/2019\/06\/afree_logo.png","width":106,"height":50,"caption":"ApuestasFree"},"image":{"@id":"https:\/\/apuestasfree.com\/mx\/#\/schema\/logo\/image\/"}}]}},"uagb_featured_image_src":{"full":false,"thumbnail":false,"medium":false,"medium_large":false,"large":false,"1536x1536":false,"2048x2048":false},"uagb_author_info":{"display_name":"jon","author_link":"https:\/\/apuestasfree.com\/mx\/author\/jon\/"},"uagb_comment_info":0,"uagb_excerpt":"Si te gusta el casino, te tiene que gustar el sitio de Bet365 en M\u00e9xico, pues es de los mejores y m\u00e1s altos del mercado. Los juegos m\u00e1s apasionantes y populares para comenzar tu aventura con Bet365 de la mejor manera posible. Bet365 es un sitio que, como dec\u00edamos, ofrece uno de los cat\u00e1logos m\u00e1s&hellip;","_links":{"self":[{"href":"https:\/\/apuestasfree.com\/mx\/wp-json\/wp\/v2\/pages\/218875","targetHints":{"allow":["GET"]}}],"collection":[{"href":"https:\/\/apuestasfree.com\/mx\/wp-json\/wp\/v2\/pages"}],"about":[{"href":"https:\/\/apuestasfree.com\/mx\/wp-json\/wp\/v2\/types\/page"}],"author":[{"embeddable":true,"href":"https:\/\/apuestasfree.com\/mx\/wp-json\/wp\/v2\/users\/10162"}],"replies":[{"embeddable":true,"href":"https:\/\/apuestasfree.com\/mx\/wp-json\/wp\/v2\/comments?post=218875"}],"version-history":[{"count":3,"href":"https:\/\/apuestasfree.com\/mx\/wp-json\/wp\/v2\/pages\/218875\/revisions"}],"predecessor-version":[{"id":1860788,"href":"https:\/\/apuestasfree.com\/mx\/wp-json\/wp\/v2\/pages\/218875\/revisions\/1860788"}],"wp:attachment":[{"href":"https:\/\/apuestasfree.com\/mx\/wp-json\/wp\/v2\/media?parent=218875"}],"curies":[{"name":"wp","href":"https:\/\/api.w.org\/{rel}","templated":true}]}}