{"id":214742,"date":"2020-05-22T15:53:23","date_gmt":"2020-05-22T13:53:23","guid":{"rendered":"https:\/\/apuestasfree.com\/?p=214742"},"modified":"2026-01-29T16:07:38","modified_gmt":"2026-01-29T15:07:38","slug":"codere-mexico-bono-bienvenida-casino","status":"publish","type":"page","link":"https:\/\/apuestasfree.com\/mx\/codere-mexico-bono-bienvenida-casino\/","title":{"rendered":"Codere MX Casino Bono de hasta $5,000"},"content":{"rendered":"\n<p>La casa de apuestas <a href=\"https:\/\/recor.to\/coderecasinomx\" target=\"_blank\" rel=\"noopener noreferrer nofollow sponsored\">Codere M\u00e9xico<\/a> tiene un Bono de Casino para nuevos usuarios de Bienvenida de <strong>hasta $5.000<\/strong> y <strong>Cashback hasta $600<\/strong>.<\/p>\n\n\n\n<h2 class=\"wp-block-heading\"><strong><a href=\"https:\/\/recor.to\/coderecasinomx\" target=\"_blank\" rel=\"noopener noreferrer nofollow sponsored\">Codere M\u00e9xico Bono Bienvenida Casino Cashback $600<\/a><\/strong><\/h2>\n\n\n<div class=\"wp-block-image\">\n<figure class=\"aligncenter size-large\"><a href=\"https:\/\/recor.to\/coderemx\" target=\"_blank\" rel=\"noopener noreferrer nofollow sponsored\"><img fetchpriority=\"high\" decoding=\"async\" width=\"1024\" height=\"292\" src=\"https:\/\/apuestasfree.com\/wp-content\/uploads\/2025\/03\/codere-bienvenida-casino-1024x292.png\" alt=\"codere bienvenida casino\" class=\"wp-image-1918467\" srcset=\"https:\/\/apuestasfree.com\/wp-content\/uploads\/2025\/03\/codere-bienvenida-casino-1024x292.png 1024w, https:\/\/apuestasfree.com\/wp-content\/uploads\/2025\/03\/codere-bienvenida-casino-300x85.png 300w, https:\/\/apuestasfree.com\/wp-content\/uploads\/2025\/03\/codere-bienvenida-casino-768x219.png 768w, https:\/\/apuestasfree.com\/wp-content\/uploads\/2025\/03\/codere-bienvenida-casino.png 1194w\" sizes=\"(max-width: 1024px) 100vw, 1024px\" \/><\/a><\/figure>\n<\/div>\n\n\n<pre class=\"wp-block-preformatted has-text-color has-link-color wp-elements-c33372a3beae2a39b35b79892b45104c\" style=\"color:#ff0000\">Atenci\u00f3n: \u00a1el siguiente bono se encuentra desactualizado! Contin\u00faa leyendo y conoce el bono de bienvenida. <\/pre>\n\n\n\n<p>Como ibamos diciendo, la casa de apuestas <a href=\"https:\/\/recor.to\/coderecasinomx\" target=\"_blank\" rel=\"noopener noreferrer nofollow sponsored\">Codere M\u00e9xico<\/a> ha lanzado un Bono de Bienvenida para nuevos usuarios en la que <strong>ofrece un Bono de Casino del 100% de Cashback hasta $600<\/strong>.<\/p>\n\n\n\n<h3 class=\"wp-block-heading\"><strong>C\u00f3mo funciona Bono Bienvenida Casino Cashback $600:<\/strong><\/h3>\n\n\n\n<p>Una vez registrado, debes saber que la promoci\u00f3n consiste en la <strong>devoluci\u00f3n del 100% de las p\u00e9rdidas netas de lo jugado en todos los juegos de Casino<\/strong><b>, <\/b> a lo largo de los d\u00edas de la promoci\u00f3n (devoluci\u00f3n: hasta $600 y desde un m\u00ednimo de $20).<\/p>\n\n\n\n<p>El importe se ingresar\u00e1 <strong>al d\u00eda siguiente a partir de las 16:00<\/strong> y en un plazo m\u00e1ximo de<strong> 3 d\u00edas<\/strong> laborables.<\/p>\n\n\n\n<p>Adem\u00e1s, la promoci\u00f3n es v\u00e1lida desde el <strong>18 de marzo de 2020 en adelante<\/strong>.<\/p>\n\n\n\n<p>Finalmente, os vamos a explicar las condiciones del Bono Cashback de hasta $600 de Codere M\u00e9xico. Recuerda que podr\u00e1s utilizar tu m\u00e9todo de pago de confianza para depositar y retirar dinero del sitio al utilizar los bonos, <a href=\"https:\/\/online.codere.mx\/promoRedirect?key=ej0xMzUzMDAzOSZsPTIwNTcyMjYxJnA9MzcxMA\" target=\"_blank\" rel=\"noopener\">\u00a1y ahora Mercado Pago es una de esas opciones!<\/a> Continuemos.&nbsp;<\/p>\n\n\n\n<h3 class=\"wp-block-heading\"><strong>Condiciones:<\/strong><\/h3>\n\n\n\n<ul class=\"wp-block-list\">\n<li>No es necesario realizar un dep\u00f3sito para obtener el bono.<\/li>\n\n\n\n<li>Se otorgan <strong data-start=\"99\" data-end=\"132\">1,000 Fondos Disponibles (FD)<\/strong> tras la validaci\u00f3n de la cuenta.<\/li>\n\n\n\n<li>Para retirar ganancias, es obligatorio apostar <strong data-start=\"217\" data-end=\"247\">10 veces el monto recibido<\/strong> y realizar un <strong data-start=\"262\" data-end=\"293\">dep\u00f3sito m\u00ednimo de $100 MXN<\/strong>.<\/li>\n\n\n\n<li>Las apuestas deben ser de <strong data-start=\"325\" data-end=\"336\">$50 MXN<\/strong> con momios entre <strong data-start=\"354\" data-end=\"370\">+100 y +2000<\/strong>.<\/li>\n\n\n\n<li>El bono tiene un <strong data-start=\"393\" data-end=\"436\">l\u00edmite m\u00e1ximo de ganancia de $3,000 MXN<\/strong> y debe utilizarse en un <strong data-start=\"461\" data-end=\"481\">plazo de 30 d\u00edas<\/strong>.<\/li>\n\n\n\n<li>Est\u00e1 prohibida la participaci\u00f3n de menores de <strong data-start=\"671\" data-end=\"682\">18 a\u00f1os<\/strong> y personas inscritas en el <strong data-start=\"710\" data-end=\"757\">registro de interdicci\u00f3n de acceso al juego<\/strong>.<\/li>\n<\/ul>\n\n\n\n<h2 class=\"wp-block-heading\"><strong><a href=\"https:\/\/recor.to\/coderecasinomx3500\" target=\"_blank\" rel=\"noopener noreferrer nofollow sponsored\">Codere M\u00e9xico Bono Bienvenida Casino de hasta $5.000<\/a><\/strong><\/h2>\n\n\n\n<h3 class=\"wp-block-heading\"><strong>C\u00f3mo funciona Bono Bienvenida Casino $5.000:<\/strong><\/h3>\n\n\n\n<p>Una vez registrado, debes saber que la promoci\u00f3n es privada y solo est\u00e1 disponible para los clientes que se registren desde el anuncio con la <strong>Oferta de bienvenida del 100 % hasta $5.000 para casino<\/strong>.<\/p>\n\n\n\n<p>La promoci\u00f3n es v\u00e1lida desde el <strong>20 de febrero de 2020 en adelante<\/strong>.<\/p>\n\n\n\n<p>Finalmente, os vamos a explicar las condiciones del <a href=\"https:\/\/recor.to\/coderecasinomx3500\" target=\"_blank\" rel=\"noopener noreferrer nofollow sponsored\">Bono de Bienvenida de hasta $5000 de Codere M\u00e9xico<\/a>.<\/p>\n\n\n\n<h3 class=\"wp-block-heading\"><strong>Condiciones:<\/strong><\/h3>\n\n\n\n<ul class=\"wp-block-list\">\n<li>Debes depositar un m\u00ednimo de<strong> $200<\/strong>.<\/li>\n\n\n\n<li>No puede compartir esta Promoci\u00f3n con <strong>ninguna<\/strong> otra persona.<\/li>\n\n\n\n<li>La bonificaci\u00f3n m\u00e1xima que puede recibir es de <strong>$5.000<\/strong>.<\/li>\n\n\n\n<li>El saldo solo estar\u00e1 disponible para los juegos de la categor\u00eda <strong>JUEGOS DE BIENVENIDA<\/strong>.<\/li>\n\n\n\n<li>El requisito de apuesta es de <strong>30 veces<\/strong>. Debe cumplirse en <strong>14 d\u00edas<\/strong>.<\/li>\n\n\n\n<li>Los juegos: Savage Jungle, Shields of Rome, Space Digger, Tip Top Totems, Wild Lava y Midnight Wilds no participan de la contribuci\u00f3n al requisito de apuestas.<\/li>\n\n\n\n<li><strong>Por ejemplo<\/strong>: si deposita $200, obtendr\u00e1 una bonificaci\u00f3n de $200. El requisito de apuesta es de 30 veces la apuesta; es decir, 200 x 30 = $6.000 .<\/li>\n<\/ul>\n\n\n\n<p class=\"has-text-align-center\"><a href=\"https:\/\/recor.to\/coderecasinomx3500\" target=\"_blank\" rel=\"noopener noreferrer nofollow sponsored\">\u00a1Elige el Bono de Bienvenida para Casino que m\u00e1s te guste en Codere!<\/a><\/p>\n\n\n","protected":false},"excerpt":{"rendered":"<p>La casa de apuestas Codere M\u00e9xico tiene un Bono de Casino para nuevos usuarios de Bienvenida de hasta $5.000 y Cashback hasta $600. Codere M\u00e9xico Bono Bienvenida Casino Cashback $600 Atenci\u00f3n: \u00a1el siguiente bono se encuentra desactualizado! Contin\u00faa leyendo y conoce el bono de bienvenida. Como ibamos diciendo, la casa de apuestas Codere M\u00e9xico ha &#8230; <a title=\"Codere MX Casino Bono de hasta $5,000\" class=\"read-more\" href=\"https:\/\/apuestasfree.com\/mx\/codere-mexico-bono-bienvenida-casino\/\" aria-label=\"Read more about Codere MX Casino Bono de hasta $5,000\">Read more<\/a><\/p>\n","protected":false},"author":27643,"featured_media":0,"parent":0,"menu_order":0,"comment_status":"open","ping_status":"open","template":"","meta":{"_uag_custom_page_level_css":"","footnotes":""},"class_list":["post-214742","page","type-page","status-publish"],"yoast_head":"<!-- This site is optimized with the Yoast SEO Premium plugin v27.1 (Yoast SEO v27.4) - https:\/\/yoast.com\/product\/yoast-seo-premium-wordpress\/ -->\n<title>Codere MX Casino Bono de hasta $5,000<\/title>\n<meta name=\"description\" content=\"Codere M\u00e9xico tiene un Bono de Casino para nuevos usuarios de Bienvenida de hasta $3,500 y uno sin dep\u00f3sito del 100% de Cashback hasta $600.\" \/>\n<meta name=\"robots\" content=\"index, follow, max-snippet:-1, max-image-preview:large, max-video-preview:-1\" \/>\n<link rel=\"canonical\" href=\"https:\/\/apuestasfree.com\/mx\/codere-mexico-bono-bienvenida-casino\/\" \/>\n<meta property=\"og:locale\" content=\"es_ES\" \/>\n<meta property=\"og:type\" content=\"article\" \/>\n<meta property=\"og:title\" content=\"Codere MX Casino Bono de hasta $5,000\" \/>\n<meta property=\"og:description\" content=\"Codere M\u00e9xico tiene un Bono de Casino para nuevos usuarios de Bienvenida de hasta $3,500 y uno sin dep\u00f3sito del 100% de Cashback hasta $600.\" \/>\n<meta property=\"og:url\" content=\"https:\/\/apuestasfree.com\/mx\/codere-mexico-bono-bienvenida-casino\/\" \/>\n<meta property=\"og:site_name\" content=\"ApuestasFree\" \/>\n<meta property=\"article:modified_time\" content=\"2026-01-29T15:07:38+00:00\" \/>\n<meta property=\"og:image\" content=\"https:\/\/apuestasfree.com\/wp-content\/uploads\/2025\/03\/codere-bienvenida-casino.png\" \/>\n\t<meta property=\"og:image:width\" content=\"1194\" \/>\n\t<meta property=\"og:image:height\" content=\"340\" \/>\n\t<meta property=\"og:image:type\" content=\"image\/png\" \/>\n<meta name=\"twitter:card\" content=\"summary_large_image\" \/>\n<meta name=\"twitter:label1\" content=\"Est. reading time\" \/>\n\t<meta name=\"twitter:data1\" content=\"3 minutes\" \/>\n<script type=\"application\/ld+json\" class=\"yoast-schema-graph\">{\"@context\":\"https:\\\/\\\/schema.org\",\"@graph\":[{\"@type\":\"WebPage\",\"@id\":\"https:\\\/\\\/apuestasfree.com\\\/mx\\\/codere-mexico-bono-bienvenida-casino\\\/\",\"url\":\"https:\\\/\\\/apuestasfree.com\\\/mx\\\/codere-mexico-bono-bienvenida-casino\\\/\",\"name\":\"Codere MX Casino Bono de hasta $5,000\",\"isPartOf\":{\"@id\":\"https:\\\/\\\/apuestasfree.com\\\/mx\\\/#website\"},\"primaryImageOfPage\":{\"@id\":\"https:\\\/\\\/apuestasfree.com\\\/mx\\\/codere-mexico-bono-bienvenida-casino\\\/#primaryimage\"},\"image\":{\"@id\":\"https:\\\/\\\/apuestasfree.com\\\/mx\\\/codere-mexico-bono-bienvenida-casino\\\/#primaryimage\"},\"thumbnailUrl\":\"https:\\\/\\\/apuestasfree.com\\\/wp-content\\\/uploads\\\/2025\\\/03\\\/codere-bienvenida-casino-1024x292.png\",\"datePublished\":\"2020-05-22T13:53:23+00:00\",\"dateModified\":\"2026-01-29T15:07:38+00:00\",\"description\":\"Codere M\u00e9xico tiene un Bono de Casino para nuevos usuarios de Bienvenida de hasta $3,500 y uno sin dep\u00f3sito del 100% de Cashback hasta $600.\",\"breadcrumb\":{\"@id\":\"https:\\\/\\\/apuestasfree.com\\\/mx\\\/codere-mexico-bono-bienvenida-casino\\\/#breadcrumb\"},\"inLanguage\":\"es-mx\",\"potentialAction\":[{\"@type\":\"ReadAction\",\"target\":[\"https:\\\/\\\/apuestasfree.com\\\/mx\\\/codere-mexico-bono-bienvenida-casino\\\/\"]}]},{\"@type\":\"ImageObject\",\"inLanguage\":\"es-mx\",\"@id\":\"https:\\\/\\\/apuestasfree.com\\\/mx\\\/codere-mexico-bono-bienvenida-casino\\\/#primaryimage\",\"url\":\"https:\\\/\\\/apuestasfree.com\\\/wp-content\\\/uploads\\\/2025\\\/03\\\/codere-bienvenida-casino-1024x292.png\",\"contentUrl\":\"https:\\\/\\\/apuestasfree.com\\\/wp-content\\\/uploads\\\/2025\\\/03\\\/codere-bienvenida-casino-1024x292.png\"},{\"@type\":\"BreadcrumbList\",\"@id\":\"https:\\\/\\\/apuestasfree.com\\\/mx\\\/codere-mexico-bono-bienvenida-casino\\\/#breadcrumb\",\"itemListElement\":[{\"@type\":\"ListItem\",\"position\":1,\"name\":\"Inicio\",\"item\":\"https:\\\/\\\/apuestasfree.com\\\/mx\\\/\"},{\"@type\":\"ListItem\",\"position\":2,\"name\":\"Codere MX Casino Bono de hasta $5,000\"}]},{\"@type\":\"WebSite\",\"@id\":\"https:\\\/\\\/apuestasfree.com\\\/mx\\\/#website\",\"url\":\"https:\\\/\\\/apuestasfree.com\\\/mx\\\/\",\"name\":\"ApuestasFree\",\"description\":\"\",\"publisher\":{\"@id\":\"https:\\\/\\\/apuestasfree.com\\\/mx\\\/#organization\"},\"potentialAction\":[{\"@type\":\"SearchAction\",\"target\":{\"@type\":\"EntryPoint\",\"urlTemplate\":\"https:\\\/\\\/apuestasfree.com\\\/mx\\\/?s={search_term_string}\"},\"query-input\":{\"@type\":\"PropertyValueSpecification\",\"valueRequired\":true,\"valueName\":\"search_term_string\"}}],\"inLanguage\":\"es-mx\"},{\"@type\":\"Organization\",\"@id\":\"https:\\\/\\\/apuestasfree.com\\\/mx\\\/#organization\",\"name\":\"ApuestasFree\",\"url\":\"https:\\\/\\\/apuestasfree.com\\\/mx\\\/\",\"logo\":{\"@type\":\"ImageObject\",\"inLanguage\":\"es-mx\",\"@id\":\"https:\\\/\\\/apuestasfree.com\\\/mx\\\/#\\\/schema\\\/logo\\\/image\\\/\",\"url\":\"https:\\\/\\\/apuestasfree.com\\\/wp-content\\\/uploads\\\/2019\\\/06\\\/afree_logo.png\",\"contentUrl\":\"https:\\\/\\\/apuestasfree.com\\\/wp-content\\\/uploads\\\/2019\\\/06\\\/afree_logo.png\",\"width\":106,\"height\":50,\"caption\":\"ApuestasFree\"},\"image\":{\"@id\":\"https:\\\/\\\/apuestasfree.com\\\/mx\\\/#\\\/schema\\\/logo\\\/image\\\/\"}}]}<\/script>\n<!-- \/ Yoast SEO Premium plugin. -->","yoast_head_json":{"title":"Codere MX Casino Bono de hasta $5,000","description":"Codere M\u00e9xico tiene un Bono de Casino para nuevos usuarios de Bienvenida de hasta $3,500 y uno sin dep\u00f3sito del 100% de Cashback hasta $600.","robots":{"index":"index","follow":"follow","max-snippet":"max-snippet:-1","max-image-preview":"max-image-preview:large","max-video-preview":"max-video-preview:-1"},"canonical":"https:\/\/apuestasfree.com\/mx\/codere-mexico-bono-bienvenida-casino\/","og_locale":"es_ES","og_type":"article","og_title":"Codere MX Casino Bono de hasta $5,000","og_description":"Codere M\u00e9xico tiene un Bono de Casino para nuevos usuarios de Bienvenida de hasta $3,500 y uno sin dep\u00f3sito del 100% de Cashback hasta $600.","og_url":"https:\/\/apuestasfree.com\/mx\/codere-mexico-bono-bienvenida-casino\/","og_site_name":"ApuestasFree","article_modified_time":"2026-01-29T15:07:38+00:00","og_image":[{"width":1194,"height":340,"url":"https:\/\/apuestasfree.com\/wp-content\/uploads\/2025\/03\/codere-bienvenida-casino.png","type":"image\/png"}],"twitter_card":"summary_large_image","twitter_misc":{"Est. reading time":"3 minutes"},"schema":{"@context":"https:\/\/schema.org","@graph":[{"@type":"WebPage","@id":"https:\/\/apuestasfree.com\/mx\/codere-mexico-bono-bienvenida-casino\/","url":"https:\/\/apuestasfree.com\/mx\/codere-mexico-bono-bienvenida-casino\/","name":"Codere MX Casino Bono de hasta $5,000","isPartOf":{"@id":"https:\/\/apuestasfree.com\/mx\/#website"},"primaryImageOfPage":{"@id":"https:\/\/apuestasfree.com\/mx\/codere-mexico-bono-bienvenida-casino\/#primaryimage"},"image":{"@id":"https:\/\/apuestasfree.com\/mx\/codere-mexico-bono-bienvenida-casino\/#primaryimage"},"thumbnailUrl":"https:\/\/apuestasfree.com\/wp-content\/uploads\/2025\/03\/codere-bienvenida-casino-1024x292.png","datePublished":"2020-05-22T13:53:23+00:00","dateModified":"2026-01-29T15:07:38+00:00","description":"Codere M\u00e9xico tiene un Bono de Casino para nuevos usuarios de Bienvenida de hasta $3,500 y uno sin dep\u00f3sito del 100% de Cashback hasta $600.","breadcrumb":{"@id":"https:\/\/apuestasfree.com\/mx\/codere-mexico-bono-bienvenida-casino\/#breadcrumb"},"inLanguage":"es-mx","potentialAction":[{"@type":"ReadAction","target":["https:\/\/apuestasfree.com\/mx\/codere-mexico-bono-bienvenida-casino\/"]}]},{"@type":"ImageObject","inLanguage":"es-mx","@id":"https:\/\/apuestasfree.com\/mx\/codere-mexico-bono-bienvenida-casino\/#primaryimage","url":"https:\/\/apuestasfree.com\/wp-content\/uploads\/2025\/03\/codere-bienvenida-casino-1024x292.png","contentUrl":"https:\/\/apuestasfree.com\/wp-content\/uploads\/2025\/03\/codere-bienvenida-casino-1024x292.png"},{"@type":"BreadcrumbList","@id":"https:\/\/apuestasfree.com\/mx\/codere-mexico-bono-bienvenida-casino\/#breadcrumb","itemListElement":[{"@type":"ListItem","position":1,"name":"Inicio","item":"https:\/\/apuestasfree.com\/mx\/"},{"@type":"ListItem","position":2,"name":"Codere MX Casino Bono de hasta $5,000"}]},{"@type":"WebSite","@id":"https:\/\/apuestasfree.com\/mx\/#website","url":"https:\/\/apuestasfree.com\/mx\/","name":"ApuestasFree","description":"","publisher":{"@id":"https:\/\/apuestasfree.com\/mx\/#organization"},"potentialAction":[{"@type":"SearchAction","target":{"@type":"EntryPoint","urlTemplate":"https:\/\/apuestasfree.com\/mx\/?s={search_term_string}"},"query-input":{"@type":"PropertyValueSpecification","valueRequired":true,"valueName":"search_term_string"}}],"inLanguage":"es-mx"},{"@type":"Organization","@id":"https:\/\/apuestasfree.com\/mx\/#organization","name":"ApuestasFree","url":"https:\/\/apuestasfree.com\/mx\/","logo":{"@type":"ImageObject","inLanguage":"es-mx","@id":"https:\/\/apuestasfree.com\/mx\/#\/schema\/logo\/image\/","url":"https:\/\/apuestasfree.com\/wp-content\/uploads\/2019\/06\/afree_logo.png","contentUrl":"https:\/\/apuestasfree.com\/wp-content\/uploads\/2019\/06\/afree_logo.png","width":106,"height":50,"caption":"ApuestasFree"},"image":{"@id":"https:\/\/apuestasfree.com\/mx\/#\/schema\/logo\/image\/"}}]}},"uagb_featured_image_src":{"full":false,"thumbnail":false,"medium":false,"medium_large":false,"large":false,"1536x1536":false,"2048x2048":false},"uagb_author_info":{"display_name":"Juan Antonio Camacho","author_link":"https:\/\/apuestasfree.com\/mx\/author\/jacg475\/"},"uagb_comment_info":0,"uagb_excerpt":"La casa de apuestas Codere M\u00e9xico tiene un Bono de Casino para nuevos usuarios de Bienvenida de hasta $5.000 y Cashback hasta $600. Codere M\u00e9xico Bono Bienvenida Casino Cashback $600 Atenci\u00f3n: \u00a1el siguiente bono se encuentra desactualizado! Contin\u00faa leyendo y conoce el bono de bienvenida. Como ibamos diciendo, la casa de apuestas Codere M\u00e9xico ha&hellip;","_links":{"self":[{"href":"https:\/\/apuestasfree.com\/mx\/wp-json\/wp\/v2\/pages\/214742","targetHints":{"allow":["GET"]}}],"collection":[{"href":"https:\/\/apuestasfree.com\/mx\/wp-json\/wp\/v2\/pages"}],"about":[{"href":"https:\/\/apuestasfree.com\/mx\/wp-json\/wp\/v2\/types\/page"}],"author":[{"embeddable":true,"href":"https:\/\/apuestasfree.com\/mx\/wp-json\/wp\/v2\/users\/27643"}],"replies":[{"embeddable":true,"href":"https:\/\/apuestasfree.com\/mx\/wp-json\/wp\/v2\/comments?post=214742"}],"version-history":[{"count":5,"href":"https:\/\/apuestasfree.com\/mx\/wp-json\/wp\/v2\/pages\/214742\/revisions"}],"predecessor-version":[{"id":2129414,"href":"https:\/\/apuestasfree.com\/mx\/wp-json\/wp\/v2\/pages\/214742\/revisions\/2129414"}],"wp:attachment":[{"href":"https:\/\/apuestasfree.com\/mx\/wp-json\/wp\/v2\/media?parent=214742"}],"curies":[{"name":"wp","href":"https:\/\/api.w.org\/{rel}","templated":true}]}}