{"id":193486,"date":"2020-03-18T22:16:39","date_gmt":"2020-03-18T21:16:39","guid":{"rendered":"https:\/\/apuestasfree.com\/?page_id=193486"},"modified":"2025-12-04T00:21:58","modified_gmt":"2025-12-03T23:21:58","slug":"codere-tragamonedas-promocion-slot-vikingos","status":"publish","type":"page","link":"https:\/\/apuestasfree.com\/mx\/codere-tragamonedas-promocion-slot-vikingos\/","title":{"rendered":"Codere tragamonedas slots Vikingos. Utilizaci\u00f3n bono Casino Codere"},"content":{"rendered":"\n<p>Si eres de M\u00e9xico te recomendamos que pongas mucha atenci\u00f3n. En el d\u00eda de hoy, te contaremos de qu\u00e9 manera puedes usar el <strong>bono y otras promociones<\/strong> para divertirte en los tragamonedas de Codere. Como es costumbre, en ApuestasFree, te revelaremos los datos principales del slot de Vikingos y los pasos que debes seguir para aprovecharlo al m\u00e1ximo. Juega ya mismo a <a href=\"https:\/\/recor.to\/coderecasinomx\" rel=\"nofollow noopener sponsored\">Vikingos Slots con hasta $5.000 MXN de regalo.<\/a><\/p>\n\n\n\n<figure class=\"wp-block-gallery has-nested-images columns-default is-cropped wp-block-gallery-1 is-layout-flex wp-block-gallery-is-layout-flex\">\n<figure class=\"wp-block-image size-large\"><img fetchpriority=\"high\" decoding=\"async\" width=\"840\" height=\"465\" data-id=\"193501\" src=\"https:\/\/apuestasfree.com\/wp-content\/uploads\/2020\/03\/codere-tragamonedas.jpg\" alt=\"codere slots\" class=\"wp-image-193501\" srcset=\"https:\/\/apuestasfree.com\/wp-content\/uploads\/2020\/03\/codere-tragamonedas.jpg 840w, https:\/\/apuestasfree.com\/wp-content\/uploads\/2020\/03\/codere-tragamonedas-300x166.jpg 300w, https:\/\/apuestasfree.com\/wp-content\/uploads\/2020\/03\/codere-tragamonedas-768x425.jpg 768w\" sizes=\"(max-width: 840px) 100vw, 840px\" \/><\/figure>\n<\/figure>\n\n\n\n<h2 class=\"wp-block-heading\" id=\"h-los-mejores-slots-estan-en-codere\"><strong>\u00a1Los mejores slots est\u00e1n en Codere!<\/strong><\/h2>\n\n\n\n<p>S\u00e9 parte de la plataforma de juego en l\u00ednea <strong>m\u00e1s elegida de M\u00e9xico<\/strong>. Aqu\u00ed no solo encontrar\u00e1s cientos de video slots y modalidades diferentes. Adem\u00e1s, podr\u00e1s disfrutar del placer de pertenecer a una gran comunidad de amantes del juego y cientos de promociones para que aproveches al m\u00e1ximo cada uno de tus dep\u00f3sitos <a href=\"https:\/\/recor.to\/coderemx\" rel=\"nofollow noopener sponsored\">\u00a1crea tu cuenta ahora!<\/a> En el d\u00eda de hoy, te mencionaremos algunas de ellas para que las conozcas y decidas si son de tu inter\u00e9s. Por otra parte, repasaremos uno de los cl\u00e1sicos de todos los tiempos: <strong>el slot Vikingos<\/strong>. Pero esto no es todo, porque as\u00ed como puedes encontrar videos tradicionales como el mencionado anteriormente, tambi\u00e9n puedes descubrir much\u00edsimos otros entre las <strong>m\u00e1s de 800 opciones diferentes<\/strong> que te ofrece. &nbsp;Por este motivo, si eres un apasionado de los tragamonedas, no puedes dejar de probar la plataforma. Comienza a divertirte hoy mismo y <a href=\"https:\/\/apuestasfree.com\/mx\/codere-casino-mexico\/\">\u00a1descubre el mejor casino de M\u00e9xico!<\/a><\/p>\n\n\n\n<p>Adem\u00e1s, como es costumbre en <a href=\"https:\/\/apuestasfree.com\/mx\/codere-casino-mexico\/\">ApuestasFree<\/a>, te traemos, nuevamente, varios de los secretos mejor guardados por las firmas de entretenimiento en l\u00ednea por dinero real para que venzas a las m\u00e1quinas manipuladas y ganes la mayor cantidad de veces. No es chiste, aprende los <strong>trucos desarrollados por los especialistas<\/strong> para que al final del d\u00eda tu saldo d\u00e9 siempre positivo. Tan solo visita nuestro art\u00edculo especial y descubre los trucos probados estad\u00edsticamente para <strong>lograr l\u00edneas ganadoras en las tragaperras<\/strong>. Y esto no es todo, porque si te das una vuelta por m\u00e1s rese\u00f1as, tambi\u00e9n encontrar\u00e1s los secretos para ganar en las ruletas y el blackjack. Esto no es moco de pavo, aprovecha esta oportunidad \u00fanica y aprende a jugar como todo un profesional. <strong>Descubre todos los secretos:<\/strong><a href=\"https:\/\/apuestasfree.com\/mx\/codere-mexico-ganar-slots\/\"> aqu\u00ed<\/a><\/p>\n\n\n\n<figure class=\"wp-block-gallery has-nested-images columns-default is-cropped wp-block-gallery-2 is-layout-flex wp-block-gallery-is-layout-flex\">\n<figure class=\"wp-block-image size-large\"><img decoding=\"async\" width=\"1024\" height=\"190\" data-id=\"193489\" src=\"https:\/\/apuestasfree.com\/wp-content\/uploads\/2020\/03\/codere-slots-1024x190.jpg\" alt=\"codere tragamonedas slot vikingos\" class=\"wp-image-193489\" srcset=\"https:\/\/apuestasfree.com\/wp-content\/uploads\/2020\/03\/codere-slots-1024x190.jpg 1024w, https:\/\/apuestasfree.com\/wp-content\/uploads\/2020\/03\/codere-slots-300x56.jpg 300w, https:\/\/apuestasfree.com\/wp-content\/uploads\/2020\/03\/codere-slots-768x142.jpg 768w, https:\/\/apuestasfree.com\/wp-content\/uploads\/2020\/03\/codere-slots.jpg 1200w\" sizes=\"(max-width: 1024px) 100vw, 1024px\" \/><\/figure>\n<\/figure>\n\n\n\n<h3 class=\"wp-block-heading\" id=\"h-gran-catalogo-de-juegos-y-tragamonedas-en-codere-casino\"><strong>Gran cat\u00e1logo de juegos y tragamonedas en Codere casino<\/strong><\/h3>\n\n\n\n<p>Una de las mejores cosas de esta plataforma, adem\u00e1s de su capacidad para generar incentivos constantemente, es la <strong>amplitud de su cat\u00e1logo de juegos<\/strong>. En este sentido, no solo hallar\u00e1s una cantidad inigualable de slots como te comentamos antes. Sino tambi\u00e9n, much\u00edsimas <strong>modalidades diferentes<\/strong> para que nunca te aburras. Una muestra de esto, por ejemplo, son las much\u00edsimas salas y juegos de mesa. Aqu\u00ed encontrar\u00e1s una de las comunidades de p\u00f3ker m\u00e1s grandes y competitivas, blackjack y ruletas de todo tipo. Pero no solo eso, porque si realmente eres un amante del casino, no puedes dejar de conocer la <strong>modalidad live<\/strong> \u00bfde qu\u00e9 se trata? No es otra cosa que los juegos cl\u00e1sicos de casino, pero en l\u00ednea y con crupieres de verdad \u00a1as\u00ed es! Podr\u00e1s jugar a cualquier de los mencionados m\u00e1s arriba en vivo y en directo con diferentes personas de parte del mundo <a href=\"https:\/\/recor.to\/coderemx\" rel=\"nofollow noopener sponsored\">\u00a1suscr\u00edbete ya!<\/a><\/p>\n\n\n\n<p>Te invitamos a que visites <a href=\"https:\/\/apuestasfree.com\/mx\/codere-bono-sin-deposito\/\">ApuestasFree<\/a>\u00a0y descubras todos los detalles que necesitas saber para poder gozar de este beneficio exclusivo. All\u00ed te contaremos cu\u00e1les son <strong>los pasos a seguir para reclamar la oferta<\/strong>, c\u00f3mo funciona y cu\u00e1l es la manera recomendada para aprovecharla al m\u00e1ximo. As\u00ed que ya sabes, visita nuestro portal de noticias especializado e inf\u00f3rmate al respecto. <strong>Para saber m\u00e1s:<\/strong> <a href=\"https:\/\/apuestasfree.com\/mx\/codere-bono-sin-deposito\/\">click aqu\u00ed.<\/a><\/p>\n\n\n\n<figure class=\"wp-block-gallery has-nested-images columns-default is-cropped wp-block-gallery-3 is-layout-flex wp-block-gallery-is-layout-flex\">\n<figure class=\"wp-block-image size-large\"><img decoding=\"async\" width=\"1024\" height=\"768\" data-id=\"193513\" src=\"https:\/\/apuestasfree.com\/wp-content\/uploads\/2020\/03\/codere-tragamonedas-slots-vikingos-1024x768.jpg\" alt=\"codere tragamonedas\" class=\"wp-image-193513\" srcset=\"https:\/\/apuestasfree.com\/wp-content\/uploads\/2020\/03\/codere-tragamonedas-slots-vikingos-1024x768.jpg 1024w, https:\/\/apuestasfree.com\/wp-content\/uploads\/2020\/03\/codere-tragamonedas-slots-vikingos-300x225.jpg 300w, https:\/\/apuestasfree.com\/wp-content\/uploads\/2020\/03\/codere-tragamonedas-slots-vikingos-768x576.jpg 768w, https:\/\/apuestasfree.com\/wp-content\/uploads\/2020\/03\/codere-tragamonedas-slots-vikingos-1536x1152.jpg 1536w, https:\/\/apuestasfree.com\/wp-content\/uploads\/2020\/03\/codere-tragamonedas-slots-vikingos.jpg 1200w\" sizes=\"(max-width: 1024px) 100vw, 1024px\" \/><\/figure>\n<\/figure>\n\n\n\n<h2 class=\"wp-block-heading\" id=\"h-slot-vikingos-conquista-tus-propios-premios\"><strong><a href=\"https:\/\/recor.to\/coderemx\" rel=\"nofollow noopener sponsored\">\u00a1Slot Vikingos conquista tus propios premios!<\/a><\/strong><\/h2>\n\n\n\n<p>\u00bfExiste una forma mejor de utilizar tu bono que en uno de los juegos m\u00e1s cl\u00e1sicos y tradicionales? Es una pregunta dif\u00edcil, pero si tuviera que arriesgar, dir\u00eda que no hay una manera superadora de <strong>aprovechar la bonificaci\u00f3n de Codere<\/strong> que con los tragamonedas y el <a href=\"https:\/\/recor.to\/coderemx\" rel=\"nofollow noopener sponsored\">\u00a1Slot de Vikingos!<\/a> \u00bfPor qu\u00e9? Bueno, las ventajas est\u00e1n a las claras. Este tragamonedas es uno de los m\u00e1s <strong>cl\u00e1sicos de todos los tiempos<\/strong>. Adem\u00e1s, respeta el estilo tradicional de Las Vegas pero incorporando algunas cosas nuevas propias de los slots de video. A continuaci\u00f3n, te contaremos los datos principales del juego, cu\u00e1l es su funcionamiento y por qu\u00e9 no encontrar\u00e1s nada igual para divertirte, pasar un buen rato y ganar dinero si tienes una buena racha. Es que este es un juego f\u00e1cil de usar, \u00e1gil y muy pero muy entretenido \u00a1pru\u00e9balo ya! <a href=\"https:\/\/recor.to\/coderemx\" rel=\"nofollow noopener sponsored\">\u00a1Juega al slot de Vikingos aqu\u00ed!<\/a><\/p>\n\n\n\n<h3 class=\"wp-block-heading\" id=\"h-como-jugar-al-tragamonedas-vikingos-de-codere\"><strong>\u00bfC\u00f3mo jugar al tragamonedas Vikingos de Codere?<\/strong><\/h3>\n\n\n\n<p>Las <strong>caracter\u00edsticas principales<\/strong> <strong>y las reglas del juego<\/strong> <strong>de Vikingos<\/strong>, uno de los mejores tragamonedas de Codere, son las siguientes:<\/p>\n\n\n\n<ul class=\"wp-block-list\">\n<li>Est\u00e1 desarrollado por <strong>MGA Software<\/strong>.<\/li>\n\n\n\n<li>Es uno de los juegos de video <strong>m\u00e1s elegidos de todos los tiempos<\/strong>.<\/li>\n\n\n\n<li>Est\u00e1 dise\u00f1ado en <strong>HTML5<\/strong>. Por lo tanto, podr\u00e1s disfrutarlo en cualquier tipo de dispositivo.<\/li>\n\n\n\n<li>Al igual que los slots m\u00e1s difundidos del g\u00e9nero Las Vegas, tiene <strong>tres&nbsp;columnas y una l\u00ednea<\/strong> de combinaciones ganadoras.<\/li>\n\n\n\n<li>A la derecha de la pantalla podr\u00e1s observar cu\u00e1les son las <strong>combinaciones que tienen premio<\/strong>.<\/li>\n\n\n\n<li>\u00a1Si sacas <strong>tres diamantes<\/strong> azules ganar\u00e1s el premio m\u00e1ximo!<\/li>\n\n\n\n<li>Se compone de <strong>dos niveles<\/strong>: uno principal y otro secundario.<\/li>\n\n\n\n<li>Puedes participar de <strong>cuatro mini juegos<\/strong> al interior de este tragamonedas.<\/li>\n\n\n\n<li>Consigue <strong>cinco monedas<\/strong> con la cara del Vikingo y pasa de nivel.<\/li>\n\n\n\n<li>En el segundo nivel, podr\u00e1s formar hasta <strong>ocho combinaciones<\/strong> diferentes. Depende cual saques, puedes tener premio o acceder a uno de los minijuegos.<\/li>\n\n\n\n<li>El s\u00edmbolo<strong> \u201cWILD\u201d<\/strong> reemplaza a cualquier otro para formar una combinaci\u00f3n ganadora.<\/li>\n\n\n\n<li>Los mini juegos disponibles son: P<strong>inball, Multiplicador, Barcos y Cascos<\/strong>. Para el primero, necesitas obtener una combinaci\u00f3n de tres hachas; en el caso del segundo, tres escudos; para el tercero, tres cascos; y para el \u00faltimo, tres cascos.<\/li>\n<\/ul>\n\n\n\n<p>Por todos estos motivos, es que jugar a esta incre\u00edble tragamonedas es tan <strong>divertido y sencillo<\/strong>. As\u00ed que ya sabes, si eres un amante de los slots, o est\u00e1s empezando a aprender a jugar, no dejes pasar esta incre\u00edble oportunidad \u00a1comienza con los Vikingos! \u00a1\u00danete a Codere!<\/p>\n\n\n<span id=\"post-ratings-193486\" class=\"post-ratings\" data-nonce=\"d1a7dc3dcb\"><img decoding=\"async\" id=\"rating_193486_1\" src=\"https:\/\/apuestasfree.com\/wp-content\/plugins\/wp-postratings\/images\/stars_crystal\/rating_on.gif\" alt=\"1 estrella\" title=\"1 estrella\" onmouseover=\"current_rating(193486, 1, '1 estrella');\" onmouseout=\"ratings_off(5, 0, 0);\" onclick=\"rate_post();\" onkeypress=\"rate_post();\" style=\"cursor: pointer; border: 0px;\" \/><img decoding=\"async\" id=\"rating_193486_2\" src=\"https:\/\/apuestasfree.com\/wp-content\/plugins\/wp-postratings\/images\/stars_crystal\/rating_on.gif\" alt=\"2 estrellas\" title=\"2 estrellas\" onmouseover=\"current_rating(193486, 2, '2 estrellas');\" onmouseout=\"ratings_off(5, 0, 0);\" onclick=\"rate_post();\" onkeypress=\"rate_post();\" style=\"cursor: pointer; border: 0px;\" \/><img decoding=\"async\" id=\"rating_193486_3\" src=\"https:\/\/apuestasfree.com\/wp-content\/plugins\/wp-postratings\/images\/stars_crystal\/rating_on.gif\" alt=\"3 estrellas\" title=\"3 estrellas\" onmouseover=\"current_rating(193486, 3, '3 estrellas');\" onmouseout=\"ratings_off(5, 0, 0);\" onclick=\"rate_post();\" onkeypress=\"rate_post();\" style=\"cursor: pointer; border: 0px;\" \/><img decoding=\"async\" id=\"rating_193486_4\" src=\"https:\/\/apuestasfree.com\/wp-content\/plugins\/wp-postratings\/images\/stars_crystal\/rating_on.gif\" alt=\"4 estrellas\" title=\"4 estrellas\" onmouseover=\"current_rating(193486, 4, '4 estrellas');\" onmouseout=\"ratings_off(5, 0, 0);\" onclick=\"rate_post();\" onkeypress=\"rate_post();\" style=\"cursor: pointer; border: 0px;\" \/><img decoding=\"async\" id=\"rating_193486_5\" src=\"https:\/\/apuestasfree.com\/wp-content\/plugins\/wp-postratings\/images\/stars_crystal\/rating_on.gif\" alt=\"5 estrellas\" title=\"5 estrellas\" onmouseover=\"current_rating(193486, 5, '5 estrellas');\" onmouseout=\"ratings_off(5, 0, 0);\" onclick=\"rate_post();\" onkeypress=\"rate_post();\" style=\"cursor: pointer; border: 0px;\" \/> (<strong>1<\/strong> votos, promedio: <strong>5.00<\/strong> de 5)<br \/><span class=\"post-ratings-text\" id=\"ratings_193486_text\"><\/span><\/span><span id=\"post-ratings-193486-loading\" class=\"post-ratings-loading\"><img loading=\"lazy\" decoding=\"async\" src=\"https:\/\/apuestasfree.com\/wp-content\/plugins\/wp-postratings\/images\/loading.gif\" width=\"16\" height=\"16\" class=\"post-ratings-image\" \/>Loading...<\/span>\n","protected":false},"excerpt":{"rendered":"<p>Si eres de M\u00e9xico te recomendamos que pongas mucha atenci\u00f3n. En el d\u00eda de hoy, te contaremos de qu\u00e9 manera puedes usar el bono y otras promociones para divertirte en los tragamonedas de Codere. Como es costumbre, en ApuestasFree, te revelaremos los datos principales del slot de Vikingos y los pasos que debes seguir para &#8230; <a title=\"Codere tragamonedas slots Vikingos. Utilizaci\u00f3n bono Casino Codere\" class=\"read-more\" href=\"https:\/\/apuestasfree.com\/mx\/codere-tragamonedas-promocion-slot-vikingos\/\" aria-label=\"Read more about Codere tragamonedas slots Vikingos. Utilizaci\u00f3n bono Casino Codere\">Read more<\/a><\/p>\n","protected":false},"author":31097,"featured_media":0,"parent":0,"menu_order":0,"comment_status":"closed","ping_status":"closed","template":"","meta":{"_uag_custom_page_level_css":"","footnotes":""},"class_list":["post-193486","page","type-page","status-publish"],"yoast_head":"<!-- This site is optimized with the Yoast SEO Premium plugin v27.1 (Yoast SEO v27.4) - https:\/\/yoast.com\/product\/yoast-seo-premium-wordpress\/ -->\n<title>Codere tragamonedas slots Vikingos. Utilizaci\u00f3n bono Casino Codere -<\/title>\n<meta name=\"description\" content=\"Codere tragamoneda slots Vikingos. Aprende a jugar a esta slot de Codere Casino utilizando el Bono Casino de Codere Mexico especial tragamonedas\" \/>\n<meta name=\"robots\" content=\"index, follow, max-snippet:-1, max-image-preview:large, max-video-preview:-1\" \/>\n<link rel=\"canonical\" href=\"https:\/\/apuestasfree.com\/mx\/codere-tragamonedas-promocion-slot-vikingos\/\" \/>\n<meta property=\"og:locale\" content=\"es_ES\" \/>\n<meta property=\"og:type\" content=\"article\" \/>\n<meta property=\"og:title\" content=\"Codere tragamonedas slots Vikingos. Utilizaci\u00f3n bono Casino Codere\" \/>\n<meta property=\"og:description\" content=\"Codere tragamoneda slots Vikingos. Aprende a jugar a esta slot de Codere Casino utilizando el Bono Casino de Codere Mexico especial tragamonedas\" \/>\n<meta property=\"og:url\" content=\"https:\/\/apuestasfree.com\/mx\/codere-tragamonedas-promocion-slot-vikingos\/\" \/>\n<meta property=\"og:site_name\" content=\"ApuestasFree\" \/>\n<meta property=\"article:modified_time\" content=\"2025-12-03T23:21:58+00:00\" \/>\n<meta property=\"og:image\" content=\"https:\/\/apuestasfree.com\/wp-content\/uploads\/2020\/03\/codere-tragamonedas.jpg\" \/>\n\t<meta property=\"og:image:width\" content=\"840\" \/>\n\t<meta property=\"og:image:height\" content=\"465\" \/>\n\t<meta property=\"og:image:type\" content=\"image\/jpeg\" \/>\n<meta name=\"twitter:card\" content=\"summary_large_image\" \/>\n<meta name=\"twitter:label1\" content=\"Est. reading time\" \/>\n\t<meta name=\"twitter:data1\" content=\"6 minutes\" \/>\n<script type=\"application\/ld+json\" class=\"yoast-schema-graph\">{\"@context\":\"https:\\\/\\\/schema.org\",\"@graph\":[{\"@type\":\"WebPage\",\"@id\":\"https:\\\/\\\/apuestasfree.com\\\/mx\\\/codere-tragamonedas-promocion-slot-vikingos\\\/\",\"url\":\"https:\\\/\\\/apuestasfree.com\\\/mx\\\/codere-tragamonedas-promocion-slot-vikingos\\\/\",\"name\":\"Codere tragamonedas slots Vikingos. Utilizaci\u00f3n bono Casino Codere -\",\"isPartOf\":{\"@id\":\"https:\\\/\\\/apuestasfree.com\\\/mx\\\/#website\"},\"primaryImageOfPage\":{\"@id\":\"https:\\\/\\\/apuestasfree.com\\\/mx\\\/codere-tragamonedas-promocion-slot-vikingos\\\/#primaryimage\"},\"image\":{\"@id\":\"https:\\\/\\\/apuestasfree.com\\\/mx\\\/codere-tragamonedas-promocion-slot-vikingos\\\/#primaryimage\"},\"thumbnailUrl\":\"https:\\\/\\\/apuestasfree.com\\\/wp-content\\\/uploads\\\/2020\\\/03\\\/codere-tragamonedas.jpg\",\"datePublished\":\"2020-03-18T21:16:39+00:00\",\"dateModified\":\"2025-12-03T23:21:58+00:00\",\"description\":\"Codere tragamoneda slots Vikingos. Aprende a jugar a esta slot de Codere Casino utilizando el Bono Casino de Codere Mexico especial tragamonedas\",\"breadcrumb\":{\"@id\":\"https:\\\/\\\/apuestasfree.com\\\/mx\\\/codere-tragamonedas-promocion-slot-vikingos\\\/#breadcrumb\"},\"inLanguage\":\"es-mx\",\"potentialAction\":[{\"@type\":\"ReadAction\",\"target\":[\"https:\\\/\\\/apuestasfree.com\\\/mx\\\/codere-tragamonedas-promocion-slot-vikingos\\\/\"]}]},{\"@type\":\"ImageObject\",\"inLanguage\":\"es-mx\",\"@id\":\"https:\\\/\\\/apuestasfree.com\\\/mx\\\/codere-tragamonedas-promocion-slot-vikingos\\\/#primaryimage\",\"url\":\"https:\\\/\\\/apuestasfree.com\\\/wp-content\\\/uploads\\\/2020\\\/03\\\/codere-tragamonedas.jpg\",\"contentUrl\":\"https:\\\/\\\/apuestasfree.com\\\/wp-content\\\/uploads\\\/2020\\\/03\\\/codere-tragamonedas.jpg\"},{\"@type\":\"BreadcrumbList\",\"@id\":\"https:\\\/\\\/apuestasfree.com\\\/mx\\\/codere-tragamonedas-promocion-slot-vikingos\\\/#breadcrumb\",\"itemListElement\":[{\"@type\":\"ListItem\",\"position\":1,\"name\":\"Inicio\",\"item\":\"https:\\\/\\\/apuestasfree.com\\\/mx\\\/\"},{\"@type\":\"ListItem\",\"position\":2,\"name\":\"Codere tragamonedas slots Vikingos. Utilizaci\u00f3n bono Casino Codere\"}]},{\"@type\":\"WebSite\",\"@id\":\"https:\\\/\\\/apuestasfree.com\\\/mx\\\/#website\",\"url\":\"https:\\\/\\\/apuestasfree.com\\\/mx\\\/\",\"name\":\"ApuestasFree\",\"description\":\"\",\"publisher\":{\"@id\":\"https:\\\/\\\/apuestasfree.com\\\/mx\\\/#organization\"},\"potentialAction\":[{\"@type\":\"SearchAction\",\"target\":{\"@type\":\"EntryPoint\",\"urlTemplate\":\"https:\\\/\\\/apuestasfree.com\\\/mx\\\/?s={search_term_string}\"},\"query-input\":{\"@type\":\"PropertyValueSpecification\",\"valueRequired\":true,\"valueName\":\"search_term_string\"}}],\"inLanguage\":\"es-mx\"},{\"@type\":\"Organization\",\"@id\":\"https:\\\/\\\/apuestasfree.com\\\/mx\\\/#organization\",\"name\":\"ApuestasFree\",\"url\":\"https:\\\/\\\/apuestasfree.com\\\/mx\\\/\",\"logo\":{\"@type\":\"ImageObject\",\"inLanguage\":\"es-mx\",\"@id\":\"https:\\\/\\\/apuestasfree.com\\\/mx\\\/#\\\/schema\\\/logo\\\/image\\\/\",\"url\":\"https:\\\/\\\/apuestasfree.com\\\/wp-content\\\/uploads\\\/2019\\\/06\\\/afree_logo.png\",\"contentUrl\":\"https:\\\/\\\/apuestasfree.com\\\/wp-content\\\/uploads\\\/2019\\\/06\\\/afree_logo.png\",\"width\":106,\"height\":50,\"caption\":\"ApuestasFree\"},\"image\":{\"@id\":\"https:\\\/\\\/apuestasfree.com\\\/mx\\\/#\\\/schema\\\/logo\\\/image\\\/\"}}]}<\/script>\n<!-- \/ Yoast SEO Premium plugin. -->","yoast_head_json":{"title":"Codere tragamonedas slots Vikingos. Utilizaci\u00f3n bono Casino Codere -","description":"Codere tragamoneda slots Vikingos. Aprende a jugar a esta slot de Codere Casino utilizando el Bono Casino de Codere Mexico especial tragamonedas","robots":{"index":"index","follow":"follow","max-snippet":"max-snippet:-1","max-image-preview":"max-image-preview:large","max-video-preview":"max-video-preview:-1"},"canonical":"https:\/\/apuestasfree.com\/mx\/codere-tragamonedas-promocion-slot-vikingos\/","og_locale":"es_ES","og_type":"article","og_title":"Codere tragamonedas slots Vikingos. Utilizaci\u00f3n bono Casino Codere","og_description":"Codere tragamoneda slots Vikingos. Aprende a jugar a esta slot de Codere Casino utilizando el Bono Casino de Codere Mexico especial tragamonedas","og_url":"https:\/\/apuestasfree.com\/mx\/codere-tragamonedas-promocion-slot-vikingos\/","og_site_name":"ApuestasFree","article_modified_time":"2025-12-03T23:21:58+00:00","og_image":[{"width":840,"height":465,"url":"https:\/\/apuestasfree.com\/wp-content\/uploads\/2020\/03\/codere-tragamonedas.jpg","type":"image\/jpeg"}],"twitter_card":"summary_large_image","twitter_misc":{"Est. reading time":"6 minutes"},"schema":{"@context":"https:\/\/schema.org","@graph":[{"@type":"WebPage","@id":"https:\/\/apuestasfree.com\/mx\/codere-tragamonedas-promocion-slot-vikingos\/","url":"https:\/\/apuestasfree.com\/mx\/codere-tragamonedas-promocion-slot-vikingos\/","name":"Codere tragamonedas slots Vikingos. Utilizaci\u00f3n bono Casino Codere -","isPartOf":{"@id":"https:\/\/apuestasfree.com\/mx\/#website"},"primaryImageOfPage":{"@id":"https:\/\/apuestasfree.com\/mx\/codere-tragamonedas-promocion-slot-vikingos\/#primaryimage"},"image":{"@id":"https:\/\/apuestasfree.com\/mx\/codere-tragamonedas-promocion-slot-vikingos\/#primaryimage"},"thumbnailUrl":"https:\/\/apuestasfree.com\/wp-content\/uploads\/2020\/03\/codere-tragamonedas.jpg","datePublished":"2020-03-18T21:16:39+00:00","dateModified":"2025-12-03T23:21:58+00:00","description":"Codere tragamoneda slots Vikingos. Aprende a jugar a esta slot de Codere Casino utilizando el Bono Casino de Codere Mexico especial tragamonedas","breadcrumb":{"@id":"https:\/\/apuestasfree.com\/mx\/codere-tragamonedas-promocion-slot-vikingos\/#breadcrumb"},"inLanguage":"es-mx","potentialAction":[{"@type":"ReadAction","target":["https:\/\/apuestasfree.com\/mx\/codere-tragamonedas-promocion-slot-vikingos\/"]}]},{"@type":"ImageObject","inLanguage":"es-mx","@id":"https:\/\/apuestasfree.com\/mx\/codere-tragamonedas-promocion-slot-vikingos\/#primaryimage","url":"https:\/\/apuestasfree.com\/wp-content\/uploads\/2020\/03\/codere-tragamonedas.jpg","contentUrl":"https:\/\/apuestasfree.com\/wp-content\/uploads\/2020\/03\/codere-tragamonedas.jpg"},{"@type":"BreadcrumbList","@id":"https:\/\/apuestasfree.com\/mx\/codere-tragamonedas-promocion-slot-vikingos\/#breadcrumb","itemListElement":[{"@type":"ListItem","position":1,"name":"Inicio","item":"https:\/\/apuestasfree.com\/mx\/"},{"@type":"ListItem","position":2,"name":"Codere tragamonedas slots Vikingos. Utilizaci\u00f3n bono Casino Codere"}]},{"@type":"WebSite","@id":"https:\/\/apuestasfree.com\/mx\/#website","url":"https:\/\/apuestasfree.com\/mx\/","name":"ApuestasFree","description":"","publisher":{"@id":"https:\/\/apuestasfree.com\/mx\/#organization"},"potentialAction":[{"@type":"SearchAction","target":{"@type":"EntryPoint","urlTemplate":"https:\/\/apuestasfree.com\/mx\/?s={search_term_string}"},"query-input":{"@type":"PropertyValueSpecification","valueRequired":true,"valueName":"search_term_string"}}],"inLanguage":"es-mx"},{"@type":"Organization","@id":"https:\/\/apuestasfree.com\/mx\/#organization","name":"ApuestasFree","url":"https:\/\/apuestasfree.com\/mx\/","logo":{"@type":"ImageObject","inLanguage":"es-mx","@id":"https:\/\/apuestasfree.com\/mx\/#\/schema\/logo\/image\/","url":"https:\/\/apuestasfree.com\/wp-content\/uploads\/2019\/06\/afree_logo.png","contentUrl":"https:\/\/apuestasfree.com\/wp-content\/uploads\/2019\/06\/afree_logo.png","width":106,"height":50,"caption":"ApuestasFree"},"image":{"@id":"https:\/\/apuestasfree.com\/mx\/#\/schema\/logo\/image\/"}}]}},"uagb_featured_image_src":{"full":false,"thumbnail":false,"medium":false,"medium_large":false,"large":false,"1536x1536":false,"2048x2048":false},"uagb_author_info":{"display_name":"Marco Ciappina","author_link":"https:\/\/apuestasfree.com\/mx\/author\/marcociappina\/"},"uagb_comment_info":0,"uagb_excerpt":"Si eres de M\u00e9xico te recomendamos que pongas mucha atenci\u00f3n. En el d\u00eda de hoy, te contaremos de qu\u00e9 manera puedes usar el bono y otras promociones para divertirte en los tragamonedas de Codere. Como es costumbre, en ApuestasFree, te revelaremos los datos principales del slot de Vikingos y los pasos que debes seguir para&hellip;","_links":{"self":[{"href":"https:\/\/apuestasfree.com\/mx\/wp-json\/wp\/v2\/pages\/193486","targetHints":{"allow":["GET"]}}],"collection":[{"href":"https:\/\/apuestasfree.com\/mx\/wp-json\/wp\/v2\/pages"}],"about":[{"href":"https:\/\/apuestasfree.com\/mx\/wp-json\/wp\/v2\/types\/page"}],"author":[{"embeddable":true,"href":"https:\/\/apuestasfree.com\/mx\/wp-json\/wp\/v2\/users\/31097"}],"replies":[{"embeddable":true,"href":"https:\/\/apuestasfree.com\/mx\/wp-json\/wp\/v2\/comments?post=193486"}],"version-history":[{"count":3,"href":"https:\/\/apuestasfree.com\/mx\/wp-json\/wp\/v2\/pages\/193486\/revisions"}],"predecessor-version":[{"id":2080479,"href":"https:\/\/apuestasfree.com\/mx\/wp-json\/wp\/v2\/pages\/193486\/revisions\/2080479"}],"wp:attachment":[{"href":"https:\/\/apuestasfree.com\/mx\/wp-json\/wp\/v2\/media?parent=193486"}],"curies":[{"name":"wp","href":"https:\/\/api.w.org\/{rel}","templated":true}]}}