{"id":141923,"date":"2019-11-01T09:40:21","date_gmt":"2019-11-01T08:40:21","guid":{"rendered":"https:\/\/apuestasfree.com\/?p=141923"},"modified":"2026-01-29T15:52:59","modified_gmt":"2026-01-29T14:52:59","slug":"codere-mexico-500-sin-deposito","status":"publish","type":"page","link":"https:\/\/apuestasfree.com\/mx\/codere-mexico-500-sin-deposito\/","title":{"rendered":"Bono Codere M\u00e9xico: Bono Sin Deposito de $1.000  \ud83d\udcb0"},"content":{"rendered":"\n<p>La casa de apuestas <a href=\"https:\/\/recor.to\/coderemx\" target=\"_blank\" rel=\"noopener noreferrer nofollow sponsored\">Codere M\u00e9xico<\/a> ha lanzado una promoci\u00f3n para nuevos usuarios en la que <strong>te llevas $1.000 sin dep\u00f3sito por registrarte<\/strong>.<\/p>\n\n\n\n<pre class=\"wp-block-preformatted has-text-color has-link-color wp-elements-11ebc07ad45250b4fbe915388ea51cc2\" style=\"color:#ff0000\">Atenci\u00f3n: el siguiente bono sin dep\u00f3sito se encuentra desactualizado; visita las ofertas disponibles en el sitio.<\/pre>\n\n\n\n<figure class=\"wp-block-image size-large\"><a href=\"https:\/\/recor.to\/coderemx\" rel=\"nofollow noopener sponsored\"><img fetchpriority=\"high\" decoding=\"async\" width=\"1024\" height=\"292\" src=\"https:\/\/apuestasfree.com\/wp-content\/uploads\/2025\/03\/codere-bono-sin-deposito-1024x292.png\" alt=\"codere bono sin dep\u00f3sito\" class=\"wp-image-1918212\" srcset=\"https:\/\/apuestasfree.com\/wp-content\/uploads\/2025\/03\/codere-bono-sin-deposito-1024x292.png 1024w, https:\/\/apuestasfree.com\/wp-content\/uploads\/2025\/03\/codere-bono-sin-deposito-300x85.png 300w, https:\/\/apuestasfree.com\/wp-content\/uploads\/2025\/03\/codere-bono-sin-deposito-768x219.png 768w, https:\/\/apuestasfree.com\/wp-content\/uploads\/2025\/03\/codere-bono-sin-deposito.png 1194w\" sizes=\"(max-width: 1024px) 100vw, 1024px\" \/><\/a><\/figure>\n\n\n\n<h2 class=\"wp-block-heading has-text-align-center\"><strong><a href=\"https:\/\/recor.to\/coderemx\" target=\"_blank\" rel=\"noopener noreferrer nofollow sponsored\">Promoci\u00f3n Codere: $1.000 sin dep\u00f3sito<\/a><\/strong><\/h2>\n\n\n\n<p>Como \u00edbamos diciendo, la casa de apuestas <a href=\"https:\/\/recor.to\/coderemx\" target=\"_blank\" rel=\"noopener noreferrer nofollow sponsored\">Codere M\u00e9xico<\/a> ha lanzado una promoci\u00f3n para nuevos usuarios en la que <strong>te llevas $1.000 sin dep\u00f3sito por registrarte<\/strong>.<\/p>\n\n\n\n<h3 class=\"wp-block-heading\"><strong>C\u00f3mo funciona Promoci\u00f3n $1.000 sin dep\u00f3sito:<\/strong><\/h3>\n\n\n\n<p>Para optar a esta promoci\u00f3n debes estar registrado. Si a\u00fan no lo estas que sepas que es compatible con el<strong> Triple Bono de Bienvenida de hasta $5,000 de casino en Codere M\u00e9xico<\/strong>. Y no te pierdas las novedades, \u00a1porque ahora puedes recibirlo utilizando <a href=\"https:\/\/online.codere.mx\/promoRedirect?key=ej0xMzUzMDAzOSZsPTIwNTcyMjYxJnA9MzcxMA\" target=\"_blank\" rel=\"noopener\">Mercado Pago como tu m\u00e9todo de confianza<\/a>!<\/p>\n\n\n\n<p>Una vez registrado, debes saber que la promoci\u00f3n consiste en la entrega de <strong>$1.000 en apuestas gratis sin dep\u00f3sito<\/strong> a los nuevos usuarios que se registren durante el periodo promocional.<\/p>\n\n\n\n<h3 class=\"wp-block-heading\"><strong>C\u00f3mo utilizar las freebets:<\/strong><\/h3>\n\n\n\n<ul class=\"wp-block-list\">\n<li>Las freebets <strong>no se podr\u00e1n utilizar para realizar apuestas a Galgos o a Caballos<\/strong>.<\/li>\n\n\n\n<li>Las freebets deber\u00e1n utilizarse para realizar apuestas con una cuota o coeficiente de entre +100 y +2000<\/li>\n\n\n\n<li>Tienen una duraci\u00f3n de <strong>30 d\u00edas<\/strong>.<\/li>\n\n\n\n<li>Finalmente, al usar las freebets, en caso de que la apuesta sea ganadora, solo se recibir\u00e1 la <strong>ganancia neta<\/strong> derivada de las mismas.<\/li>\n<\/ul>\n\n\n\n<h3 class=\"wp-block-heading\"><strong>Condiciones del Bono de Bienvenida de Codere M\u00e9xico:<\/strong><\/h3>\n\n\n\n<ul class=\"wp-block-list\">\n<li>La oferta consiste en un Gran Bono de hasta $5,000: <b>1\u00ba Bono de bienvenida:<\/b> bono del 100% del primer dep\u00f3sito, hasta $5,000. <\/li>\n\n\n\n<li>El dep\u00f3sito m\u00ednimo de cada bono es de<strong> $200<\/strong>.<\/li>\n\n\n\n<li>Tiene un rollover espec\u00edfico de <strong>x30<\/strong> para los juegos de casino. <\/li>\n\n\n\n<li>Los bonos se entregar\u00e1n seg\u00fan se vayan liberando.<b> Si el usuario hace una solicitud de cobro durante el periodo oferta, quedar\u00e1n invalidados los bonos que le queden por liberar.<\/b> <\/li>\n<\/ul>\n\n\n\n<p class=\"has-text-align-center\"><a href=\"https:\/\/recor.to\/coderemx\" target=\"_blank\" rel=\"noopener noreferrer nofollow sponsored\">\u00a1Aprovecha el Bono sin dep\u00f3sito de $1.000 de Codere!<\/a><\/p>\n","protected":false},"excerpt":{"rendered":"<p>La casa de apuestas Codere M\u00e9xico ha lanzado una promoci\u00f3n para nuevos usuarios en la que te llevas $1.000 sin dep\u00f3sito por registrarte. Atenci\u00f3n: el siguiente bono sin dep\u00f3sito se encuentra desactualizado; visita las ofertas disponibles en el sitio. Promoci\u00f3n Codere: $1.000 sin dep\u00f3sito Como \u00edbamos diciendo, la casa de apuestas Codere M\u00e9xico ha lanzado &#8230; <a title=\"Bono Codere M\u00e9xico: Bono Sin Deposito de $1.000  \ud83d\udcb0\" class=\"read-more\" href=\"https:\/\/apuestasfree.com\/mx\/codere-mexico-500-sin-deposito\/\" aria-label=\"Read more about Bono Codere M\u00e9xico: Bono Sin Deposito de $1.000  \ud83d\udcb0\">Read more<\/a><\/p>\n","protected":false},"author":27643,"featured_media":0,"parent":0,"menu_order":0,"comment_status":"open","ping_status":"open","template":"","meta":{"_uag_custom_page_level_css":"","footnotes":""},"class_list":["post-141923","page","type-page","status-publish"],"yoast_head":"<!-- This site is optimized with the Yoast SEO Premium plugin v27.1 (Yoast SEO v27.4) - https:\/\/yoast.com\/product\/yoast-seo-premium-wordpress\/ -->\n<title>Bono Codere M\u00e9xico: Bono Sin Deposito de $1.000 \ud83d\udcb0<\/title>\n<meta name=\"description\" content=\"La casa de apuestas Codere M\u00e9xico ha lanzado una promoci\u00f3n para nuevos usuarios en la que te llevas $1.000 sin dep\u00f3sito por registrarte.\" \/>\n<meta name=\"robots\" content=\"index, follow, max-snippet:-1, max-image-preview:large, max-video-preview:-1\" \/>\n<link rel=\"canonical\" href=\"https:\/\/apuestasfree.com\/mx\/codere-mexico-500-sin-deposito\/\" \/>\n<meta property=\"og:locale\" content=\"es_ES\" \/>\n<meta property=\"og:type\" content=\"article\" \/>\n<meta property=\"og:title\" content=\"Bono Codere M\u00e9xico: Bono Sin Deposito de $1.000 \ud83d\udcb0\" \/>\n<meta property=\"og:description\" content=\"La casa de apuestas Codere M\u00e9xico ha lanzado una promoci\u00f3n para nuevos usuarios en la que te llevas $1.000 sin dep\u00f3sito por registrarte.\" \/>\n<meta property=\"og:url\" content=\"https:\/\/apuestasfree.com\/mx\/codere-mexico-500-sin-deposito\/\" \/>\n<meta property=\"og:site_name\" content=\"ApuestasFree\" \/>\n<meta property=\"article:modified_time\" content=\"2026-01-29T14:52:59+00:00\" \/>\n<meta property=\"og:image\" content=\"https:\/\/apuestasfree.com\/wp-content\/uploads\/2025\/03\/codere-bono-sin-deposito.png\" \/>\n\t<meta property=\"og:image:width\" content=\"1194\" \/>\n\t<meta property=\"og:image:height\" content=\"340\" \/>\n\t<meta property=\"og:image:type\" content=\"image\/png\" \/>\n<meta name=\"twitter:card\" content=\"summary_large_image\" \/>\n<meta name=\"twitter:label1\" content=\"Est. reading time\" \/>\n\t<meta name=\"twitter:data1\" content=\"2 minutes\" \/>\n<script type=\"application\/ld+json\" class=\"yoast-schema-graph\">{\"@context\":\"https:\\\/\\\/schema.org\",\"@graph\":[{\"@type\":\"WebPage\",\"@id\":\"https:\\\/\\\/apuestasfree.com\\\/mx\\\/codere-mexico-500-sin-deposito\\\/\",\"url\":\"https:\\\/\\\/apuestasfree.com\\\/mx\\\/codere-mexico-500-sin-deposito\\\/\",\"name\":\"Bono Codere M\u00e9xico: Bono Sin Deposito de $1.000 \ud83d\udcb0\",\"isPartOf\":{\"@id\":\"https:\\\/\\\/apuestasfree.com\\\/mx\\\/#website\"},\"primaryImageOfPage\":{\"@id\":\"https:\\\/\\\/apuestasfree.com\\\/mx\\\/codere-mexico-500-sin-deposito\\\/#primaryimage\"},\"image\":{\"@id\":\"https:\\\/\\\/apuestasfree.com\\\/mx\\\/codere-mexico-500-sin-deposito\\\/#primaryimage\"},\"thumbnailUrl\":\"https:\\\/\\\/apuestasfree.com\\\/wp-content\\\/uploads\\\/2025\\\/03\\\/codere-bono-sin-deposito-1024x292.png\",\"datePublished\":\"2019-11-01T08:40:21+00:00\",\"dateModified\":\"2026-01-29T14:52:59+00:00\",\"description\":\"La casa de apuestas Codere M\u00e9xico ha lanzado una promoci\u00f3n para nuevos usuarios en la que te llevas $1.000 sin dep\u00f3sito por registrarte.\",\"breadcrumb\":{\"@id\":\"https:\\\/\\\/apuestasfree.com\\\/mx\\\/codere-mexico-500-sin-deposito\\\/#breadcrumb\"},\"inLanguage\":\"es-mx\",\"potentialAction\":[{\"@type\":\"ReadAction\",\"target\":[\"https:\\\/\\\/apuestasfree.com\\\/mx\\\/codere-mexico-500-sin-deposito\\\/\"]}]},{\"@type\":\"ImageObject\",\"inLanguage\":\"es-mx\",\"@id\":\"https:\\\/\\\/apuestasfree.com\\\/mx\\\/codere-mexico-500-sin-deposito\\\/#primaryimage\",\"url\":\"https:\\\/\\\/apuestasfree.com\\\/wp-content\\\/uploads\\\/2025\\\/03\\\/codere-bono-sin-deposito-1024x292.png\",\"contentUrl\":\"https:\\\/\\\/apuestasfree.com\\\/wp-content\\\/uploads\\\/2025\\\/03\\\/codere-bono-sin-deposito-1024x292.png\"},{\"@type\":\"BreadcrumbList\",\"@id\":\"https:\\\/\\\/apuestasfree.com\\\/mx\\\/codere-mexico-500-sin-deposito\\\/#breadcrumb\",\"itemListElement\":[{\"@type\":\"ListItem\",\"position\":1,\"name\":\"Inicio\",\"item\":\"https:\\\/\\\/apuestasfree.com\\\/mx\\\/\"},{\"@type\":\"ListItem\",\"position\":2,\"name\":\"Bono Codere M\u00e9xico: Bono Sin Deposito de $1.000 \ud83d\udcb0\"}]},{\"@type\":\"WebSite\",\"@id\":\"https:\\\/\\\/apuestasfree.com\\\/mx\\\/#website\",\"url\":\"https:\\\/\\\/apuestasfree.com\\\/mx\\\/\",\"name\":\"ApuestasFree\",\"description\":\"\",\"publisher\":{\"@id\":\"https:\\\/\\\/apuestasfree.com\\\/mx\\\/#organization\"},\"potentialAction\":[{\"@type\":\"SearchAction\",\"target\":{\"@type\":\"EntryPoint\",\"urlTemplate\":\"https:\\\/\\\/apuestasfree.com\\\/mx\\\/?s={search_term_string}\"},\"query-input\":{\"@type\":\"PropertyValueSpecification\",\"valueRequired\":true,\"valueName\":\"search_term_string\"}}],\"inLanguage\":\"es-mx\"},{\"@type\":\"Organization\",\"@id\":\"https:\\\/\\\/apuestasfree.com\\\/mx\\\/#organization\",\"name\":\"ApuestasFree\",\"url\":\"https:\\\/\\\/apuestasfree.com\\\/mx\\\/\",\"logo\":{\"@type\":\"ImageObject\",\"inLanguage\":\"es-mx\",\"@id\":\"https:\\\/\\\/apuestasfree.com\\\/mx\\\/#\\\/schema\\\/logo\\\/image\\\/\",\"url\":\"https:\\\/\\\/apuestasfree.com\\\/wp-content\\\/uploads\\\/2019\\\/06\\\/afree_logo.png\",\"contentUrl\":\"https:\\\/\\\/apuestasfree.com\\\/wp-content\\\/uploads\\\/2019\\\/06\\\/afree_logo.png\",\"width\":106,\"height\":50,\"caption\":\"ApuestasFree\"},\"image\":{\"@id\":\"https:\\\/\\\/apuestasfree.com\\\/mx\\\/#\\\/schema\\\/logo\\\/image\\\/\"}}]}<\/script>\n<!-- \/ Yoast SEO Premium plugin. -->","yoast_head_json":{"title":"Bono Codere M\u00e9xico: Bono Sin Deposito de $1.000 \ud83d\udcb0","description":"La casa de apuestas Codere M\u00e9xico ha lanzado una promoci\u00f3n para nuevos usuarios en la que te llevas $1.000 sin dep\u00f3sito por registrarte.","robots":{"index":"index","follow":"follow","max-snippet":"max-snippet:-1","max-image-preview":"max-image-preview:large","max-video-preview":"max-video-preview:-1"},"canonical":"https:\/\/apuestasfree.com\/mx\/codere-mexico-500-sin-deposito\/","og_locale":"es_ES","og_type":"article","og_title":"Bono Codere M\u00e9xico: Bono Sin Deposito de $1.000 \ud83d\udcb0","og_description":"La casa de apuestas Codere M\u00e9xico ha lanzado una promoci\u00f3n para nuevos usuarios en la que te llevas $1.000 sin dep\u00f3sito por registrarte.","og_url":"https:\/\/apuestasfree.com\/mx\/codere-mexico-500-sin-deposito\/","og_site_name":"ApuestasFree","article_modified_time":"2026-01-29T14:52:59+00:00","og_image":[{"width":1194,"height":340,"url":"https:\/\/apuestasfree.com\/wp-content\/uploads\/2025\/03\/codere-bono-sin-deposito.png","type":"image\/png"}],"twitter_card":"summary_large_image","twitter_misc":{"Est. reading time":"2 minutes"},"schema":{"@context":"https:\/\/schema.org","@graph":[{"@type":"WebPage","@id":"https:\/\/apuestasfree.com\/mx\/codere-mexico-500-sin-deposito\/","url":"https:\/\/apuestasfree.com\/mx\/codere-mexico-500-sin-deposito\/","name":"Bono Codere M\u00e9xico: Bono Sin Deposito de $1.000 \ud83d\udcb0","isPartOf":{"@id":"https:\/\/apuestasfree.com\/mx\/#website"},"primaryImageOfPage":{"@id":"https:\/\/apuestasfree.com\/mx\/codere-mexico-500-sin-deposito\/#primaryimage"},"image":{"@id":"https:\/\/apuestasfree.com\/mx\/codere-mexico-500-sin-deposito\/#primaryimage"},"thumbnailUrl":"https:\/\/apuestasfree.com\/wp-content\/uploads\/2025\/03\/codere-bono-sin-deposito-1024x292.png","datePublished":"2019-11-01T08:40:21+00:00","dateModified":"2026-01-29T14:52:59+00:00","description":"La casa de apuestas Codere M\u00e9xico ha lanzado una promoci\u00f3n para nuevos usuarios en la que te llevas $1.000 sin dep\u00f3sito por registrarte.","breadcrumb":{"@id":"https:\/\/apuestasfree.com\/mx\/codere-mexico-500-sin-deposito\/#breadcrumb"},"inLanguage":"es-mx","potentialAction":[{"@type":"ReadAction","target":["https:\/\/apuestasfree.com\/mx\/codere-mexico-500-sin-deposito\/"]}]},{"@type":"ImageObject","inLanguage":"es-mx","@id":"https:\/\/apuestasfree.com\/mx\/codere-mexico-500-sin-deposito\/#primaryimage","url":"https:\/\/apuestasfree.com\/wp-content\/uploads\/2025\/03\/codere-bono-sin-deposito-1024x292.png","contentUrl":"https:\/\/apuestasfree.com\/wp-content\/uploads\/2025\/03\/codere-bono-sin-deposito-1024x292.png"},{"@type":"BreadcrumbList","@id":"https:\/\/apuestasfree.com\/mx\/codere-mexico-500-sin-deposito\/#breadcrumb","itemListElement":[{"@type":"ListItem","position":1,"name":"Inicio","item":"https:\/\/apuestasfree.com\/mx\/"},{"@type":"ListItem","position":2,"name":"Bono Codere M\u00e9xico: Bono Sin Deposito de $1.000 \ud83d\udcb0"}]},{"@type":"WebSite","@id":"https:\/\/apuestasfree.com\/mx\/#website","url":"https:\/\/apuestasfree.com\/mx\/","name":"ApuestasFree","description":"","publisher":{"@id":"https:\/\/apuestasfree.com\/mx\/#organization"},"potentialAction":[{"@type":"SearchAction","target":{"@type":"EntryPoint","urlTemplate":"https:\/\/apuestasfree.com\/mx\/?s={search_term_string}"},"query-input":{"@type":"PropertyValueSpecification","valueRequired":true,"valueName":"search_term_string"}}],"inLanguage":"es-mx"},{"@type":"Organization","@id":"https:\/\/apuestasfree.com\/mx\/#organization","name":"ApuestasFree","url":"https:\/\/apuestasfree.com\/mx\/","logo":{"@type":"ImageObject","inLanguage":"es-mx","@id":"https:\/\/apuestasfree.com\/mx\/#\/schema\/logo\/image\/","url":"https:\/\/apuestasfree.com\/wp-content\/uploads\/2019\/06\/afree_logo.png","contentUrl":"https:\/\/apuestasfree.com\/wp-content\/uploads\/2019\/06\/afree_logo.png","width":106,"height":50,"caption":"ApuestasFree"},"image":{"@id":"https:\/\/apuestasfree.com\/mx\/#\/schema\/logo\/image\/"}}]}},"uagb_featured_image_src":{"full":false,"thumbnail":false,"medium":false,"medium_large":false,"large":false,"1536x1536":false,"2048x2048":false},"uagb_author_info":{"display_name":"Juan Antonio Camacho","author_link":"https:\/\/apuestasfree.com\/mx\/author\/jacg475\/"},"uagb_comment_info":1,"uagb_excerpt":"La casa de apuestas Codere M\u00e9xico ha lanzado una promoci\u00f3n para nuevos usuarios en la que te llevas $1.000 sin dep\u00f3sito por registrarte. Atenci\u00f3n: el siguiente bono sin dep\u00f3sito se encuentra desactualizado; visita las ofertas disponibles en el sitio. Promoci\u00f3n Codere: $1.000 sin dep\u00f3sito Como \u00edbamos diciendo, la casa de apuestas Codere M\u00e9xico ha lanzado&hellip;","_links":{"self":[{"href":"https:\/\/apuestasfree.com\/mx\/wp-json\/wp\/v2\/pages\/141923","targetHints":{"allow":["GET"]}}],"collection":[{"href":"https:\/\/apuestasfree.com\/mx\/wp-json\/wp\/v2\/pages"}],"about":[{"href":"https:\/\/apuestasfree.com\/mx\/wp-json\/wp\/v2\/types\/page"}],"author":[{"embeddable":true,"href":"https:\/\/apuestasfree.com\/mx\/wp-json\/wp\/v2\/users\/27643"}],"replies":[{"embeddable":true,"href":"https:\/\/apuestasfree.com\/mx\/wp-json\/wp\/v2\/comments?post=141923"}],"version-history":[{"count":4,"href":"https:\/\/apuestasfree.com\/mx\/wp-json\/wp\/v2\/pages\/141923\/revisions"}],"predecessor-version":[{"id":2129244,"href":"https:\/\/apuestasfree.com\/mx\/wp-json\/wp\/v2\/pages\/141923\/revisions\/2129244"}],"wp:attachment":[{"href":"https:\/\/apuestasfree.com\/mx\/wp-json\/wp\/v2\/media?parent=141923"}],"curies":[{"name":"wp","href":"https:\/\/api.w.org\/{rel}","templated":true}]}}