{"id":138276,"date":"2019-10-20T19:41:57","date_gmt":"2019-10-20T17:41:57","guid":{"rendered":"https:\/\/apuestasfree.com\/?p=138276"},"modified":"2025-11-05T00:44:39","modified_gmt":"2025-11-04T23:44:39","slug":"bono-betcris","status":"publish","type":"page","link":"https:\/\/apuestasfree.com\/mx\/bono-betcris\/","title":{"rendered":"Bono Betcris Mexico: Gana tu primera apuesta o vuelve a Jugar Gratis, sin rollover"},"content":{"rendered":"\n<pre class=\"wp-block-preformatted has-text-color\" style=\"color:#ff0000\"><em>Las siguientes ofertas ya se encuentran descontinuadas. Por eso, te invitamos a visitar el sitio de Betcris y aprovechar sus Bonos de Recarga que aumentan tus dep\u00f3sitos o el bono Activa y Gana por verificar tu cuenta. <\/em><\/pre>\n\n\n<p>La casa de apuestas de M\u00e9xico <a href=\"https:\/\/recor.to\/betcrismx\" target=\"_blank\" rel=\"noopener noreferrer nofollow sponsored\">Betcris<\/a> ha lanzado una promoci\u00f3n de Bienvenida en la que<strong> gana tu primera apuesta o vuelve a jugar gratis, sin rollover<\/strong>.<strong><br \/><\/strong><\/p>\n<p>Esta casa de apuestas <strong>tiene licencia de juego en M\u00e9xico concebida por el gobierno mexicano<\/strong>. Y tiene algunas caracter\u00edsticas interesantes como el <strong>programa de lealtad<\/strong> donde tu dinero vale m\u00e1s y en cada nivel tendr\u00e1s mejores l\u00edneas y mejores pagos en todas tus apuestas. <strong>Gana $3000 USD o m\u00e1s*<\/strong> adicionales por a\u00f1o.<\/p>\n<p>Cuenta con <strong>m\u00e1s de 100 agencias<\/strong> en Am\u00e9rica Latina. Puedes apostar en <a href=\"https:\/\/recor.to\/betcrismx\" target=\"_blank\" rel=\"noopener noreferrer nofollow sponsored\">Betcris<\/a> en: <strong>M\u00e9xico<\/strong>, Rep\u00fablica Dominicana, Per\u00fa, Ecuador, Panam\u00e1, Guatemala, Honduras, Nicaragua y El Salvador.<\/p>\n<p>Interesante tambi\u00e9n el <strong>programa de referidos<\/strong> donde refiere a tantos amigos como quieras y <strong>gana hasta $500 USD*<\/strong> por cada uno de ellos.<\/p>\n<h2 style=\"text-align: center;\"><a href=\"https:\/\/recor.to\/betcrismx\" target=\"_blank\" rel=\"noopener noreferrer nofollow sponsored\">Promo Betcris: vuelve a jugar gratis<\/a><\/h2>\n<p><a href=\"https:\/\/recor.to\/betcrismx\" target=\"_blank\" rel=\"noopener noreferrer nofollow sponsored\"><img fetchpriority=\"high\" decoding=\"async\" class=\"aligncenter wp-image-138289 size-full\" src=\"https:\/\/apuestasfree.com\/wp-content\/uploads\/2019\/10\/Betcris-vuelve-a-jugar-gratis.png\" alt=\"\" width=\"1349\" height=\"401\" srcset=\"https:\/\/apuestasfree.com\/wp-content\/uploads\/2019\/10\/Betcris-vuelve-a-jugar-gratis.png 1200w, https:\/\/apuestasfree.com\/wp-content\/uploads\/2019\/10\/Betcris-vuelve-a-jugar-gratis-300x89.png 300w, https:\/\/apuestasfree.com\/wp-content\/uploads\/2019\/10\/Betcris-vuelve-a-jugar-gratis-768x228.png 768w, https:\/\/apuestasfree.com\/wp-content\/uploads\/2019\/10\/Betcris-vuelve-a-jugar-gratis-1024x304.png 1024w\" sizes=\"(max-width: 1349px) 100vw, 1349px\" \/><\/a><\/p>\n<p>Como hemos mencionado anteriormente, la casa de apuestas de M\u00e9xico <a href=\"https:\/\/recor.to\/betcrismx\" target=\"_blank\" rel=\"noopener noreferrer nofollow sponsored\">Betcris<\/a> ha lanzado una promoci\u00f3n de Bienvenida en la que<strong> gana tu primera apuesta o vuelve a jugar gratis, sin rollover<\/strong>.<strong><br \/><\/strong><\/p>\n<h3><strong>Condiciones Promo <a href=\"https:\/\/recor.to\/betcrismx\" target=\"_blank\" rel=\"noopener noreferrer nofollow sponsored\">Betcris<\/a>:<\/strong><\/h3>\n<ul>\n<li>Reg\u00edstrate, <a href=\"https:\/\/recor.to\/betcrismx\" target=\"_blank\" rel=\"noopener noreferrer nofollow sponsored\">haz clic aqu\u00ed<\/a> y en tu primera apuesta deportiva, <strong>debes apostar entre un m\u00ednimo de MXN$200 y un m\u00e1ximo de MXN$2000<\/strong>.<\/li>\n<li>La Promoci\u00f3n de Bienvenida, se llevar\u00e1 a cabo desde el <strong>16 de enero de 2019 a las 12:00 pm hasta el 2 de febrero de 2020 a las 23:59<\/strong> (UTC -6, conocida como el &#8220;Periodo de Oferta&#8221;).<\/li>\n<li>Esta oferta <strong>no puede combinarse<\/strong> con otras ofertas.<\/li>\n<li>Si ya te has beneficiado de una oferta comercial despu\u00e9s de registrarte en <a href=\"https:\/\/recor.to\/betcrismx\" rel=\"nofollow noopener sponsored\">https:\/\/www.betcris.mx<\/a>, <strong>no obtendr\u00e1s esta oferta<\/strong>.<\/li>\n<li>Esta Promoci\u00f3n de Bienvenida se limita a <strong>una por persona, familia, hogar u organizaci\u00f3n con el mismo nombre, la misma direcci\u00f3n postal, la misma direcci\u00f3n IP o los mismos datos bancarios<\/strong>.<\/li>\n<li>Cada jugador puede beneficiarse solo <strong>una vez<\/strong> de esta oferta.<\/li>\n<li>Cerrar una cuenta y abrir otra para beneficiarte de esta Promoci\u00f3n de Bienvenida se considerar\u00e1 un abuso y resultar\u00e1 en <strong>el cierre de tu cuenta por parte de <a href=\"https:\/\/recor.to\/betcrismx\" target=\"_blank\" rel=\"noopener noreferrer nofollow sponsored\">Betcris<\/a>, con o sin previo aviso<\/strong>.<\/li>\n<li>Se reservan el derecho de <strong>modificar, extender o cancelar<\/strong> esta promoci\u00f3n.<\/li>\n<\/ul>\n<p style=\"text-align: center;\"><a href=\"https:\/\/recor.to\/betcrismx\" rel=\"nofollow noopener sponsored\">\u00a1Aprovecha la promoci\u00f3n vuelve a jugar gratis de Betcris!<\/a><\/p>","protected":false},"excerpt":{"rendered":"<p>Las siguientes ofertas ya se encuentran descontinuadas. Por eso, te invitamos a visitar el sitio de Betcris y aprovechar sus Bonos de Recarga que aumentan tus dep\u00f3sitos o el bono Activa y Gana por verificar tu cuenta. La casa de apuestas de M\u00e9xico Betcris ha lanzado una promoci\u00f3n de Bienvenida en la que gana tu &#8230; <a title=\"Bono Betcris Mexico: Gana tu primera apuesta o vuelve a Jugar Gratis, sin rollover\" class=\"read-more\" href=\"https:\/\/apuestasfree.com\/mx\/bono-betcris\/\" aria-label=\"Read more about Bono Betcris Mexico: Gana tu primera apuesta o vuelve a Jugar Gratis, sin rollover\">Read more<\/a><\/p>\n","protected":false},"author":27643,"featured_media":0,"parent":0,"menu_order":0,"comment_status":"open","ping_status":"open","template":"","meta":{"_uag_custom_page_level_css":"","footnotes":""},"class_list":["post-138276","page","type-page","status-publish"],"yoast_head":"<!-- This site is optimized with the Yoast SEO Premium plugin v27.1 (Yoast SEO v27.5) - https:\/\/yoast.com\/product\/yoast-seo-premium-wordpress\/ -->\n<title>Bono Betcris Mexico: Gana tu primera apuesta o vuelve a Jugar Gratis, sin rollover<\/title>\n<meta name=\"description\" content=\"La casa de apuestas de M\u00e9xico betcris ha lanzado una promoci\u00f3n de Bienvenida en la que gana tu primera apuesta o vuelve a jugar gratis, sin rollover.\" \/>\n<meta name=\"robots\" content=\"index, follow, max-snippet:-1, max-image-preview:large, max-video-preview:-1\" \/>\n<link rel=\"canonical\" href=\"https:\/\/apuestasfree.com\/mx\/bono-betcris\/\" \/>\n<meta property=\"og:locale\" content=\"es_ES\" \/>\n<meta property=\"og:type\" content=\"article\" \/>\n<meta property=\"og:title\" content=\"Bono Betcris Mexico: Gana tu primera apuesta o vuelve a Jugar Gratis, sin rollover\" \/>\n<meta property=\"og:description\" content=\"La casa de apuestas de M\u00e9xico betcris ha lanzado una promoci\u00f3n de Bienvenida en la que gana tu primera apuesta o vuelve a jugar gratis, sin rollover.\" \/>\n<meta property=\"og:url\" content=\"https:\/\/apuestasfree.com\/mx\/bono-betcris\/\" \/>\n<meta property=\"og:site_name\" content=\"ApuestasFree\" \/>\n<meta property=\"article:modified_time\" content=\"2025-11-04T23:44:39+00:00\" \/>\n<meta property=\"og:image\" content=\"https:\/\/apuestasfree.com\/wp-content\/uploads\/2019\/10\/Betcris-vuelve-a-jugar-gratis.png\" \/>\n\t<meta property=\"og:image:width\" content=\"1200\" \/>\n\t<meta property=\"og:image:height\" content=\"357\" \/>\n\t<meta property=\"og:image:type\" content=\"image\/png\" \/>\n<meta name=\"twitter:card\" content=\"summary_large_image\" \/>\n<meta name=\"twitter:label1\" content=\"Est. reading time\" \/>\n\t<meta name=\"twitter:data1\" content=\"2 minutes\" \/>\n<script type=\"application\/ld+json\" class=\"yoast-schema-graph\">{\"@context\":\"https:\\\/\\\/schema.org\",\"@graph\":[{\"@type\":\"WebPage\",\"@id\":\"https:\\\/\\\/apuestasfree.com\\\/mx\\\/bono-betcris\\\/\",\"url\":\"https:\\\/\\\/apuestasfree.com\\\/mx\\\/bono-betcris\\\/\",\"name\":\"Bono Betcris Mexico: Gana tu primera apuesta o vuelve a Jugar Gratis, sin rollover\",\"isPartOf\":{\"@id\":\"https:\\\/\\\/apuestasfree.com\\\/mx\\\/#website\"},\"primaryImageOfPage\":{\"@id\":\"https:\\\/\\\/apuestasfree.com\\\/mx\\\/bono-betcris\\\/#primaryimage\"},\"image\":{\"@id\":\"https:\\\/\\\/apuestasfree.com\\\/mx\\\/bono-betcris\\\/#primaryimage\"},\"thumbnailUrl\":\"https:\\\/\\\/apuestasfree.com\\\/wp-content\\\/uploads\\\/2019\\\/10\\\/Betcris-vuelve-a-jugar-gratis.png\",\"datePublished\":\"2019-10-20T17:41:57+00:00\",\"dateModified\":\"2025-11-04T23:44:39+00:00\",\"description\":\"La casa de apuestas de M\u00e9xico betcris ha lanzado una promoci\u00f3n de Bienvenida en la que gana tu primera apuesta o vuelve a jugar gratis, sin rollover.\",\"breadcrumb\":{\"@id\":\"https:\\\/\\\/apuestasfree.com\\\/mx\\\/bono-betcris\\\/#breadcrumb\"},\"inLanguage\":\"es-mx\",\"potentialAction\":[{\"@type\":\"ReadAction\",\"target\":[\"https:\\\/\\\/apuestasfree.com\\\/mx\\\/bono-betcris\\\/\"]}]},{\"@type\":\"ImageObject\",\"inLanguage\":\"es-mx\",\"@id\":\"https:\\\/\\\/apuestasfree.com\\\/mx\\\/bono-betcris\\\/#primaryimage\",\"url\":\"https:\\\/\\\/apuestasfree.com\\\/wp-content\\\/uploads\\\/2019\\\/10\\\/Betcris-vuelve-a-jugar-gratis.png\",\"contentUrl\":\"https:\\\/\\\/apuestasfree.com\\\/wp-content\\\/uploads\\\/2019\\\/10\\\/Betcris-vuelve-a-jugar-gratis.png\"},{\"@type\":\"BreadcrumbList\",\"@id\":\"https:\\\/\\\/apuestasfree.com\\\/mx\\\/bono-betcris\\\/#breadcrumb\",\"itemListElement\":[{\"@type\":\"ListItem\",\"position\":1,\"name\":\"Inicio\",\"item\":\"https:\\\/\\\/apuestasfree.com\\\/mx\\\/\"},{\"@type\":\"ListItem\",\"position\":2,\"name\":\"Bono Betcris Mexico: Gana tu primera apuesta o vuelve a Jugar Gratis, sin rollover\"}]},{\"@type\":\"WebSite\",\"@id\":\"https:\\\/\\\/apuestasfree.com\\\/mx\\\/#website\",\"url\":\"https:\\\/\\\/apuestasfree.com\\\/mx\\\/\",\"name\":\"ApuestasFree\",\"description\":\"\",\"publisher\":{\"@id\":\"https:\\\/\\\/apuestasfree.com\\\/mx\\\/#organization\"},\"potentialAction\":[{\"@type\":\"SearchAction\",\"target\":{\"@type\":\"EntryPoint\",\"urlTemplate\":\"https:\\\/\\\/apuestasfree.com\\\/mx\\\/?s={search_term_string}\"},\"query-input\":{\"@type\":\"PropertyValueSpecification\",\"valueRequired\":true,\"valueName\":\"search_term_string\"}}],\"inLanguage\":\"es-mx\"},{\"@type\":\"Organization\",\"@id\":\"https:\\\/\\\/apuestasfree.com\\\/mx\\\/#organization\",\"name\":\"ApuestasFree\",\"url\":\"https:\\\/\\\/apuestasfree.com\\\/mx\\\/\",\"logo\":{\"@type\":\"ImageObject\",\"inLanguage\":\"es-mx\",\"@id\":\"https:\\\/\\\/apuestasfree.com\\\/mx\\\/#\\\/schema\\\/logo\\\/image\\\/\",\"url\":\"https:\\\/\\\/apuestasfree.com\\\/wp-content\\\/uploads\\\/2019\\\/06\\\/afree_logo.png\",\"contentUrl\":\"https:\\\/\\\/apuestasfree.com\\\/wp-content\\\/uploads\\\/2019\\\/06\\\/afree_logo.png\",\"width\":106,\"height\":50,\"caption\":\"ApuestasFree\"},\"image\":{\"@id\":\"https:\\\/\\\/apuestasfree.com\\\/mx\\\/#\\\/schema\\\/logo\\\/image\\\/\"}}]}<\/script>\n<!-- \/ Yoast SEO Premium plugin. -->","yoast_head_json":{"title":"Bono Betcris Mexico: Gana tu primera apuesta o vuelve a Jugar Gratis, sin rollover","description":"La casa de apuestas de M\u00e9xico betcris ha lanzado una promoci\u00f3n de Bienvenida en la que gana tu primera apuesta o vuelve a jugar gratis, sin rollover.","robots":{"index":"index","follow":"follow","max-snippet":"max-snippet:-1","max-image-preview":"max-image-preview:large","max-video-preview":"max-video-preview:-1"},"canonical":"https:\/\/apuestasfree.com\/mx\/bono-betcris\/","og_locale":"es_ES","og_type":"article","og_title":"Bono Betcris Mexico: Gana tu primera apuesta o vuelve a Jugar Gratis, sin rollover","og_description":"La casa de apuestas de M\u00e9xico betcris ha lanzado una promoci\u00f3n de Bienvenida en la que gana tu primera apuesta o vuelve a jugar gratis, sin rollover.","og_url":"https:\/\/apuestasfree.com\/mx\/bono-betcris\/","og_site_name":"ApuestasFree","article_modified_time":"2025-11-04T23:44:39+00:00","og_image":[{"width":1200,"height":357,"url":"https:\/\/apuestasfree.com\/wp-content\/uploads\/2019\/10\/Betcris-vuelve-a-jugar-gratis.png","type":"image\/png"}],"twitter_card":"summary_large_image","twitter_misc":{"Est. reading time":"2 minutes"},"schema":{"@context":"https:\/\/schema.org","@graph":[{"@type":"WebPage","@id":"https:\/\/apuestasfree.com\/mx\/bono-betcris\/","url":"https:\/\/apuestasfree.com\/mx\/bono-betcris\/","name":"Bono Betcris Mexico: Gana tu primera apuesta o vuelve a Jugar Gratis, sin rollover","isPartOf":{"@id":"https:\/\/apuestasfree.com\/mx\/#website"},"primaryImageOfPage":{"@id":"https:\/\/apuestasfree.com\/mx\/bono-betcris\/#primaryimage"},"image":{"@id":"https:\/\/apuestasfree.com\/mx\/bono-betcris\/#primaryimage"},"thumbnailUrl":"https:\/\/apuestasfree.com\/wp-content\/uploads\/2019\/10\/Betcris-vuelve-a-jugar-gratis.png","datePublished":"2019-10-20T17:41:57+00:00","dateModified":"2025-11-04T23:44:39+00:00","description":"La casa de apuestas de M\u00e9xico betcris ha lanzado una promoci\u00f3n de Bienvenida en la que gana tu primera apuesta o vuelve a jugar gratis, sin rollover.","breadcrumb":{"@id":"https:\/\/apuestasfree.com\/mx\/bono-betcris\/#breadcrumb"},"inLanguage":"es-mx","potentialAction":[{"@type":"ReadAction","target":["https:\/\/apuestasfree.com\/mx\/bono-betcris\/"]}]},{"@type":"ImageObject","inLanguage":"es-mx","@id":"https:\/\/apuestasfree.com\/mx\/bono-betcris\/#primaryimage","url":"https:\/\/apuestasfree.com\/wp-content\/uploads\/2019\/10\/Betcris-vuelve-a-jugar-gratis.png","contentUrl":"https:\/\/apuestasfree.com\/wp-content\/uploads\/2019\/10\/Betcris-vuelve-a-jugar-gratis.png"},{"@type":"BreadcrumbList","@id":"https:\/\/apuestasfree.com\/mx\/bono-betcris\/#breadcrumb","itemListElement":[{"@type":"ListItem","position":1,"name":"Inicio","item":"https:\/\/apuestasfree.com\/mx\/"},{"@type":"ListItem","position":2,"name":"Bono Betcris Mexico: Gana tu primera apuesta o vuelve a Jugar Gratis, sin rollover"}]},{"@type":"WebSite","@id":"https:\/\/apuestasfree.com\/mx\/#website","url":"https:\/\/apuestasfree.com\/mx\/","name":"ApuestasFree","description":"","publisher":{"@id":"https:\/\/apuestasfree.com\/mx\/#organization"},"potentialAction":[{"@type":"SearchAction","target":{"@type":"EntryPoint","urlTemplate":"https:\/\/apuestasfree.com\/mx\/?s={search_term_string}"},"query-input":{"@type":"PropertyValueSpecification","valueRequired":true,"valueName":"search_term_string"}}],"inLanguage":"es-mx"},{"@type":"Organization","@id":"https:\/\/apuestasfree.com\/mx\/#organization","name":"ApuestasFree","url":"https:\/\/apuestasfree.com\/mx\/","logo":{"@type":"ImageObject","inLanguage":"es-mx","@id":"https:\/\/apuestasfree.com\/mx\/#\/schema\/logo\/image\/","url":"https:\/\/apuestasfree.com\/wp-content\/uploads\/2019\/06\/afree_logo.png","contentUrl":"https:\/\/apuestasfree.com\/wp-content\/uploads\/2019\/06\/afree_logo.png","width":106,"height":50,"caption":"ApuestasFree"},"image":{"@id":"https:\/\/apuestasfree.com\/mx\/#\/schema\/logo\/image\/"}}]}},"uagb_featured_image_src":{"full":false,"thumbnail":false,"medium":false,"medium_large":false,"large":false,"1536x1536":false,"2048x2048":false},"uagb_author_info":{"display_name":"Juan Antonio Camacho","author_link":"https:\/\/apuestasfree.com\/mx\/author\/jacg475\/"},"uagb_comment_info":0,"uagb_excerpt":"Las siguientes ofertas ya se encuentran descontinuadas. Por eso, te invitamos a visitar el sitio de Betcris y aprovechar sus Bonos de Recarga que aumentan tus dep\u00f3sitos o el bono Activa y Gana por verificar tu cuenta. La casa de apuestas de M\u00e9xico Betcris ha lanzado una promoci\u00f3n de Bienvenida en la que gana tu&hellip;","_links":{"self":[{"href":"https:\/\/apuestasfree.com\/mx\/wp-json\/wp\/v2\/pages\/138276","targetHints":{"allow":["GET"]}}],"collection":[{"href":"https:\/\/apuestasfree.com\/mx\/wp-json\/wp\/v2\/pages"}],"about":[{"href":"https:\/\/apuestasfree.com\/mx\/wp-json\/wp\/v2\/types\/page"}],"author":[{"embeddable":true,"href":"https:\/\/apuestasfree.com\/mx\/wp-json\/wp\/v2\/users\/27643"}],"replies":[{"embeddable":true,"href":"https:\/\/apuestasfree.com\/mx\/wp-json\/wp\/v2\/comments?post=138276"}],"version-history":[{"count":3,"href":"https:\/\/apuestasfree.com\/mx\/wp-json\/wp\/v2\/pages\/138276\/revisions"}],"predecessor-version":[{"id":2058226,"href":"https:\/\/apuestasfree.com\/mx\/wp-json\/wp\/v2\/pages\/138276\/revisions\/2058226"}],"wp:attachment":[{"href":"https:\/\/apuestasfree.com\/mx\/wp-json\/wp\/v2\/media?parent=138276"}],"curies":[{"name":"wp","href":"https:\/\/api.w.org\/{rel}","templated":true}]}}