{"id":1360150,"date":"2023-07-19T21:34:55","date_gmt":"2023-07-19T19:34:55","guid":{"rendered":"https:\/\/apuestasfree.com\/?page_id=1360150"},"modified":"2023-09-27T02:57:25","modified_gmt":"2023-09-27T00:57:25","slug":"foliatti-casino-suma-a-playtech","status":"publish","type":"page","link":"https:\/\/apuestasfree.com\/mx\/foliatti-casino-suma-a-playtech\/","title":{"rendered":"Foliatti suma a Playtech, \u00a1Disfruta las nuevas m\u00e1quinas del casino!"},"content":{"rendered":"\n<p>Te contamos todo sobre la nueva incorporaci\u00f3n el casino: Foliatti suma a Playtech, y con ella, a las mejores m\u00e1quinas y juegos nuevos.<a href=\"https:\/\/recor.to\/foliattibono\" target=\"_blank\" rel=\"noreferrer noopener nofollow sponsored\"> \u00a1\u00c9chale un vistazo! <\/a><\/p>\n\n\n\n<figure class=\"wp-block-image size-full\"><a href=\"https:\/\/recor.to\/foliattibono\" target=\"_blank\" rel=\"noreferrer noopener nofollow sponsored\"><img fetchpriority=\"high\" decoding=\"async\" width=\"750\" height=\"400\" src=\"https:\/\/apuestasfree.com\/wp-content\/uploads\/2023\/07\/image-15.png\" alt=\"foliatti suma a playtech\" class=\"wp-image-1360178\" srcset=\"https:\/\/apuestasfree.com\/wp-content\/uploads\/2023\/07\/image-15.png 750w, https:\/\/apuestasfree.com\/wp-content\/uploads\/2023\/07\/image-15-300x160.png 300w\" sizes=\"(max-width: 750px) 100vw, 750px\" \/><\/a><\/figure>\n\n\n\n<h2 class=\"wp-block-heading\" id=\"h-la-nueva-incorporacion-del-casino-foliatti-suma-a-playtech-y-sus-mejores-juegos\">La nueva incorporaci\u00f3n del Casino: \u00a1Foliatti suma a Playtech y sus mejores juegos! <\/h2>\n\n\n\n<p><strong>Foliatti Casino suma a Playtech a su plataforma, y se convierte en el Casino de las<br>M\u00e1quinas!<\/strong> El gran y reconocido Casino Online ha hecho una gran apuesta y ha resultado ganador, ya que ha anunciado a trav\u00e9s de un comunicado de prensa la integraci\u00f3n de Playtech a su plataforma <a href=\"https:\/\/recor.to\/foliattibono\" target=\"_blank\" rel=\"noreferrer noopener nofollow sponsored\">foliatticasino.mx<\/a><\/p>\n\n\n\n<p>Ahora Playtech, uno de los proveedores m\u00e1s grandes a nivel internacional de juegos de casino en vivo<br>blackjack y ruleta, forma parte tambi\u00e9n de uno de los mejores casinos virtuales! As\u00ed como tambi\u00e9n cuenta en su portafolio con un cat\u00e1logo de m\u00e1quinas slots muy populares. Algunas de nuestras recomendaciones, sin dudas:<strong> Buffalo Blitz, Fairground Fortunes, Fire Blaze, Gladiator y las<br>series de Age of the Gods, Batman y Superman.<\/strong><\/p>\n\n\n\n<p>Las m\u00e1quinas slots de Playtech recorren todo el espectro de estilos visuales: desde gr\u00e1ficos<br>sencillos en las maquinitas tragamonedas m\u00e1s tradicionales hasta las animaciones de m\u00e1s alta<br>calidad.<strong> Adem\u00e1s, al trabajar en sociedad con estudios de Hollywood como Warner Bros. y A&amp;E, tiene la posibilidad de cread juegos inspirados en series de la talla de The Walking Dead y Justice League.<\/strong><\/p>\n\n\n\n<h3 class=\"wp-block-heading\" id=\"h-foliatti-suma-a-playtech-un-beneficio-para-todas-las-partes\"><strong>Foliatti suma a Playtech, un beneficio para todas las partes:<\/strong><\/h3>\n\n\n\n<p>Ahora en Foliatti Casino vas a poder encontrar las m\u00e1quinas slots de los estudios <strong>Playtech<br>Origins, Ash Gaming, Playtech Vikings, Quickspin, Rarestone Gaming, Psiclone Games<br>y Eyecon<\/strong>. La oferta y la variedad de m\u00e1quinas tragamonedas es cada vez mayor, lo que permite que todos los usuarios encuentren algo conforme a sus gustos! <\/p>\n\n\n\n<p>Con ello se presentan slots entre diez y vente l\u00edneas de pago de media. La mayor\u00eda de ellas cuentan con s\u00edmbolos de dispersi\u00f3n (tambi\u00e9n conocidos como Scatters) y comodines, los ansiados Giros Gratis y los Jackpots \u00e9picos.<\/p>\n\n\n\n<p>Foliatti, a poco menos de dos a\u00f1os de su lanzamiento, ya se ha convertido en el casino<br>en l\u00ednea de mayor confianza y con una alta reputaci\u00f3n entre sus jugadores para disfrutar de los<br>juegos de Playtech. <strong>Ahora adem\u00e1s de ser el Casino que m\u00e1s paga, tambi\u00e9n se convierte en el &#8220;Casino de las m\u00e1quinas\u201d. <\/strong><a href=\"https:\/\/recor.to\/foliattibono\" target=\"_blank\" rel=\"noreferrer noopener nofollow sponsored\">\u00a1No dejes de disfrutarlo! <\/a><\/p>\n\n\n\n<h2 class=\"wp-block-heading\" id=\"h-no-te-pierdas-los-bonos-del-casino-foliatti-en-mexico\">No te pierdas los Bonos del Casino Foliatti en M\u00e9xico <\/h2>\n\n\n\n<blockquote class=\"wp-block-quote is-layout-flow wp-block-quote-is-layout-flow\">\n<p>\u00a1Aguarda! Antes de continuar con la lectura, no olvides visitar ahora mismo el sitio actualizado de <a href=\"https:\/\/recor.to\/foliattibono\" target=\"_blank\" rel=\"noreferrer noopener nofollow sponsored\">Foliatti Casino,<\/a> para conocer todo sobre el Bono de Bienvenida vigente: hasta $3.500 en tu primer dep\u00f3sito para los mejores juegos. Y luego, \u00a1sigue con nosotros!<\/p>\n<\/blockquote>\n\n\n\n<p>Desde su lanzamiento Foliatti Casino se ha intentado diferenciar altamente de los dem\u00e1s casinos en l\u00ednea, y es por eso que ha inovado en muchos aspectos y renovado la propuesta, c<strong>on opciones mucho m\u00e1s modernas y atractivas que las que cualquier otro tiene en sus cat\u00e1logos. <\/strong>Por eso es que no te vas a querer perder su <a href=\"https:\/\/apuestasfree.com\/mx\/foliatti-bono-casino-mexico\/\" target=\"_blank\" rel=\"noreferrer noopener\">Bono de Bienvenida del Casino.  <\/a><\/p>\n\n\n\n<p><strong>Foliatti te ofrece varios bonos de bienvenida, as\u00ed puedes elegir el que m\u00e1s te guste o elegirlos todos<\/strong>, no como en los dem\u00e1s casinos que solo puedes obtener uno al mismo tiempo, y olvidarte del resto. El bono de Giros Gratis de Bienvenida te otorga 20 giros gratis con tu primer dep\u00f3sito. <strong>Y nos enfocamos por hoy en esta oferta, ya que el beneficio es que \u00a1no hay rollover!<\/strong><\/p>\n\n\n\n<p>No tendr\u00e1s que cumplir con ning\u00fan requisito de apuestas, <strong>m\u00e1s que hacer un dep\u00f3sito m\u00ednimo de $150 MXN para recibirlo<\/strong>. \u00a1Y nada m\u00e1s! A continuaci\u00f3n, te dejamos el paso por paso de c\u00f3mo conseguirlo: <\/p>\n\n\n\n<h3 class=\"wp-block-heading\" id=\"h-como-obtener-tu-bono\"><strong>C\u00f3mo obtener tu Bono <\/strong><\/h3>\n\n\n\n<ol class=\"wp-block-list\">\n<li><strong>Activa <\/strong>tu cuenta <a href=\"https:\/\/recor.to\/foliattibono\" target=\"_blank\" rel=\"noreferrer noopener nofollow sponsored\">Registr\u00e1ndote en Foliatti M\u00e9xico <\/a><\/li>\n\n\n\n<li><strong>Ingresa <\/strong>a tu cuenta y clica en el bot\u00f3n verde <em>DEPOSITAR<\/em><\/li>\n\n\n\n<li><strong>Dentro <\/strong>de la casilla <em>elige tu bono<\/em>, selecciona la oferta <strong>GIROSGRATISBIENVENIDA<\/strong><\/li>\n\n\n\n<li><strong>Haz <\/strong>tu primer dep\u00f3sito por al menos $150 MXN o m\u00e1s <\/li>\n\n\n\n<li><strong>Recibe <\/strong>tus<strong> 20 Giros Gratis<\/strong> para las tragamonedas seleccionadas, \u00a1sin rollover! <\/li>\n<\/ol>\n","protected":false},"excerpt":{"rendered":"<p>Te contamos todo sobre la nueva incorporaci\u00f3n el casino: Foliatti suma a Playtech, y con ella, a las mejores m\u00e1quinas y juegos nuevos. \u00a1\u00c9chale un vistazo! La nueva incorporaci\u00f3n del Casino: \u00a1Foliatti suma a Playtech y sus mejores juegos! Foliatti Casino suma a Playtech a su plataforma, y se convierte en el Casino de lasM\u00e1quinas! &#8230; <a title=\"Foliatti suma a Playtech, \u00a1Disfruta las nuevas m\u00e1quinas del casino!\" class=\"read-more\" href=\"https:\/\/apuestasfree.com\/mx\/foliatti-casino-suma-a-playtech\/\" aria-label=\"Read more about Foliatti suma a Playtech, \u00a1Disfruta las nuevas m\u00e1quinas del casino!\">Read more<\/a><\/p>\n","protected":false},"author":33363,"featured_media":0,"parent":0,"menu_order":0,"comment_status":"closed","ping_status":"closed","template":"","meta":{"_uag_custom_page_level_css":"","footnotes":""},"class_list":["post-1360150","page","type-page","status-publish"],"yoast_head":"<!-- This site is optimized with the Yoast SEO Premium plugin v27.1 (Yoast SEO v27.5) - https:\/\/yoast.com\/product\/yoast-seo-premium-wordpress\/ -->\n<title>Foliatti suma a Playtech, \u00a1Disfruta las nuevas m\u00e1quinas del casino! -<\/title>\n<meta name=\"description\" content=\"Te contamos todo sobre la nueva incorporaci\u00f3n el casino: Foliatti suma a Playtech, y con ella, a las mejores m\u00e1quinas y juegos nuevos.\" \/>\n<meta name=\"robots\" content=\"index, follow, max-snippet:-1, max-image-preview:large, max-video-preview:-1\" \/>\n<link rel=\"canonical\" href=\"https:\/\/apuestasfree.com\/mx\/foliatti-casino-suma-a-playtech\/\" \/>\n<meta property=\"og:locale\" content=\"es_ES\" \/>\n<meta property=\"og:type\" content=\"article\" \/>\n<meta property=\"og:title\" content=\"Foliatti suma a Playtech, \u00a1Disfruta las nuevas m\u00e1quinas del casino!\" \/>\n<meta property=\"og:description\" content=\"Te contamos todo sobre la nueva incorporaci\u00f3n el casino: Foliatti suma a Playtech, y con ella, a las mejores m\u00e1quinas y juegos nuevos.\" \/>\n<meta property=\"og:url\" content=\"https:\/\/apuestasfree.com\/mx\/foliatti-casino-suma-a-playtech\/\" \/>\n<meta property=\"og:site_name\" content=\"ApuestasFree\" \/>\n<meta property=\"article:modified_time\" content=\"2023-09-27T00:57:25+00:00\" \/>\n<meta property=\"og:image\" content=\"https:\/\/apuestasfree.com\/wp-content\/uploads\/2023\/07\/image-15.png\" \/>\n<meta name=\"twitter:card\" content=\"summary_large_image\" \/>\n<meta name=\"twitter:label1\" content=\"Est. reading time\" \/>\n\t<meta name=\"twitter:data1\" content=\"3 minutes\" \/>\n<script type=\"application\/ld+json\" class=\"yoast-schema-graph\">{\"@context\":\"https:\\\/\\\/schema.org\",\"@graph\":[{\"@type\":\"WebPage\",\"@id\":\"https:\\\/\\\/apuestasfree.com\\\/mx\\\/foliatti-casino-suma-a-playtech\\\/\",\"url\":\"https:\\\/\\\/apuestasfree.com\\\/mx\\\/foliatti-casino-suma-a-playtech\\\/\",\"name\":\"Foliatti suma a Playtech, \u00a1Disfruta las nuevas m\u00e1quinas del casino! -\",\"isPartOf\":{\"@id\":\"https:\\\/\\\/apuestasfree.com\\\/mx\\\/#website\"},\"primaryImageOfPage\":{\"@id\":\"https:\\\/\\\/apuestasfree.com\\\/mx\\\/foliatti-casino-suma-a-playtech\\\/#primaryimage\"},\"image\":{\"@id\":\"https:\\\/\\\/apuestasfree.com\\\/mx\\\/foliatti-casino-suma-a-playtech\\\/#primaryimage\"},\"thumbnailUrl\":\"https:\\\/\\\/apuestasfree.com\\\/wp-content\\\/uploads\\\/2023\\\/07\\\/image-15.png\",\"datePublished\":\"2023-07-19T19:34:55+00:00\",\"dateModified\":\"2023-09-27T00:57:25+00:00\",\"description\":\"Te contamos todo sobre la nueva incorporaci\u00f3n el casino: Foliatti suma a Playtech, y con ella, a las mejores m\u00e1quinas y juegos nuevos.\",\"breadcrumb\":{\"@id\":\"https:\\\/\\\/apuestasfree.com\\\/mx\\\/foliatti-casino-suma-a-playtech\\\/#breadcrumb\"},\"inLanguage\":\"es-mx\",\"potentialAction\":[{\"@type\":\"ReadAction\",\"target\":[\"https:\\\/\\\/apuestasfree.com\\\/mx\\\/foliatti-casino-suma-a-playtech\\\/\"]}]},{\"@type\":\"ImageObject\",\"inLanguage\":\"es-mx\",\"@id\":\"https:\\\/\\\/apuestasfree.com\\\/mx\\\/foliatti-casino-suma-a-playtech\\\/#primaryimage\",\"url\":\"https:\\\/\\\/apuestasfree.com\\\/wp-content\\\/uploads\\\/2023\\\/07\\\/image-15.png\",\"contentUrl\":\"https:\\\/\\\/apuestasfree.com\\\/wp-content\\\/uploads\\\/2023\\\/07\\\/image-15.png\"},{\"@type\":\"BreadcrumbList\",\"@id\":\"https:\\\/\\\/apuestasfree.com\\\/mx\\\/foliatti-casino-suma-a-playtech\\\/#breadcrumb\",\"itemListElement\":[{\"@type\":\"ListItem\",\"position\":1,\"name\":\"Inicio\",\"item\":\"https:\\\/\\\/apuestasfree.com\\\/mx\\\/\"},{\"@type\":\"ListItem\",\"position\":2,\"name\":\"Foliatti suma a Playtech, \u00a1Disfruta las nuevas m\u00e1quinas del casino!\"}]},{\"@type\":\"WebSite\",\"@id\":\"https:\\\/\\\/apuestasfree.com\\\/mx\\\/#website\",\"url\":\"https:\\\/\\\/apuestasfree.com\\\/mx\\\/\",\"name\":\"ApuestasFree\",\"description\":\"\",\"publisher\":{\"@id\":\"https:\\\/\\\/apuestasfree.com\\\/mx\\\/#organization\"},\"potentialAction\":[{\"@type\":\"SearchAction\",\"target\":{\"@type\":\"EntryPoint\",\"urlTemplate\":\"https:\\\/\\\/apuestasfree.com\\\/mx\\\/?s={search_term_string}\"},\"query-input\":{\"@type\":\"PropertyValueSpecification\",\"valueRequired\":true,\"valueName\":\"search_term_string\"}}],\"inLanguage\":\"es-mx\"},{\"@type\":\"Organization\",\"@id\":\"https:\\\/\\\/apuestasfree.com\\\/mx\\\/#organization\",\"name\":\"ApuestasFree\",\"url\":\"https:\\\/\\\/apuestasfree.com\\\/mx\\\/\",\"logo\":{\"@type\":\"ImageObject\",\"inLanguage\":\"es-mx\",\"@id\":\"https:\\\/\\\/apuestasfree.com\\\/mx\\\/#\\\/schema\\\/logo\\\/image\\\/\",\"url\":\"https:\\\/\\\/apuestasfree.com\\\/wp-content\\\/uploads\\\/2019\\\/06\\\/afree_logo.png\",\"contentUrl\":\"https:\\\/\\\/apuestasfree.com\\\/wp-content\\\/uploads\\\/2019\\\/06\\\/afree_logo.png\",\"width\":106,\"height\":50,\"caption\":\"ApuestasFree\"},\"image\":{\"@id\":\"https:\\\/\\\/apuestasfree.com\\\/mx\\\/#\\\/schema\\\/logo\\\/image\\\/\"}}]}<\/script>\n<!-- \/ Yoast SEO Premium plugin. -->","yoast_head_json":{"title":"Foliatti suma a Playtech, \u00a1Disfruta las nuevas m\u00e1quinas del casino! -","description":"Te contamos todo sobre la nueva incorporaci\u00f3n el casino: Foliatti suma a Playtech, y con ella, a las mejores m\u00e1quinas y juegos nuevos.","robots":{"index":"index","follow":"follow","max-snippet":"max-snippet:-1","max-image-preview":"max-image-preview:large","max-video-preview":"max-video-preview:-1"},"canonical":"https:\/\/apuestasfree.com\/mx\/foliatti-casino-suma-a-playtech\/","og_locale":"es_ES","og_type":"article","og_title":"Foliatti suma a Playtech, \u00a1Disfruta las nuevas m\u00e1quinas del casino!","og_description":"Te contamos todo sobre la nueva incorporaci\u00f3n el casino: Foliatti suma a Playtech, y con ella, a las mejores m\u00e1quinas y juegos nuevos.","og_url":"https:\/\/apuestasfree.com\/mx\/foliatti-casino-suma-a-playtech\/","og_site_name":"ApuestasFree","article_modified_time":"2023-09-27T00:57:25+00:00","og_image":[{"url":"https:\/\/apuestasfree.com\/wp-content\/uploads\/2023\/07\/image-15.png","type":"","width":"","height":""}],"twitter_card":"summary_large_image","twitter_misc":{"Est. reading time":"3 minutes"},"schema":{"@context":"https:\/\/schema.org","@graph":[{"@type":"WebPage","@id":"https:\/\/apuestasfree.com\/mx\/foliatti-casino-suma-a-playtech\/","url":"https:\/\/apuestasfree.com\/mx\/foliatti-casino-suma-a-playtech\/","name":"Foliatti suma a Playtech, \u00a1Disfruta las nuevas m\u00e1quinas del casino! -","isPartOf":{"@id":"https:\/\/apuestasfree.com\/mx\/#website"},"primaryImageOfPage":{"@id":"https:\/\/apuestasfree.com\/mx\/foliatti-casino-suma-a-playtech\/#primaryimage"},"image":{"@id":"https:\/\/apuestasfree.com\/mx\/foliatti-casino-suma-a-playtech\/#primaryimage"},"thumbnailUrl":"https:\/\/apuestasfree.com\/wp-content\/uploads\/2023\/07\/image-15.png","datePublished":"2023-07-19T19:34:55+00:00","dateModified":"2023-09-27T00:57:25+00:00","description":"Te contamos todo sobre la nueva incorporaci\u00f3n el casino: Foliatti suma a Playtech, y con ella, a las mejores m\u00e1quinas y juegos nuevos.","breadcrumb":{"@id":"https:\/\/apuestasfree.com\/mx\/foliatti-casino-suma-a-playtech\/#breadcrumb"},"inLanguage":"es-mx","potentialAction":[{"@type":"ReadAction","target":["https:\/\/apuestasfree.com\/mx\/foliatti-casino-suma-a-playtech\/"]}]},{"@type":"ImageObject","inLanguage":"es-mx","@id":"https:\/\/apuestasfree.com\/mx\/foliatti-casino-suma-a-playtech\/#primaryimage","url":"https:\/\/apuestasfree.com\/wp-content\/uploads\/2023\/07\/image-15.png","contentUrl":"https:\/\/apuestasfree.com\/wp-content\/uploads\/2023\/07\/image-15.png"},{"@type":"BreadcrumbList","@id":"https:\/\/apuestasfree.com\/mx\/foliatti-casino-suma-a-playtech\/#breadcrumb","itemListElement":[{"@type":"ListItem","position":1,"name":"Inicio","item":"https:\/\/apuestasfree.com\/mx\/"},{"@type":"ListItem","position":2,"name":"Foliatti suma a Playtech, \u00a1Disfruta las nuevas m\u00e1quinas del casino!"}]},{"@type":"WebSite","@id":"https:\/\/apuestasfree.com\/mx\/#website","url":"https:\/\/apuestasfree.com\/mx\/","name":"ApuestasFree","description":"","publisher":{"@id":"https:\/\/apuestasfree.com\/mx\/#organization"},"potentialAction":[{"@type":"SearchAction","target":{"@type":"EntryPoint","urlTemplate":"https:\/\/apuestasfree.com\/mx\/?s={search_term_string}"},"query-input":{"@type":"PropertyValueSpecification","valueRequired":true,"valueName":"search_term_string"}}],"inLanguage":"es-mx"},{"@type":"Organization","@id":"https:\/\/apuestasfree.com\/mx\/#organization","name":"ApuestasFree","url":"https:\/\/apuestasfree.com\/mx\/","logo":{"@type":"ImageObject","inLanguage":"es-mx","@id":"https:\/\/apuestasfree.com\/mx\/#\/schema\/logo\/image\/","url":"https:\/\/apuestasfree.com\/wp-content\/uploads\/2019\/06\/afree_logo.png","contentUrl":"https:\/\/apuestasfree.com\/wp-content\/uploads\/2019\/06\/afree_logo.png","width":106,"height":50,"caption":"ApuestasFree"},"image":{"@id":"https:\/\/apuestasfree.com\/mx\/#\/schema\/logo\/image\/"}}]}},"uagb_featured_image_src":{"full":false,"thumbnail":false,"medium":false,"medium_large":false,"large":false,"1536x1536":false,"2048x2048":false},"uagb_author_info":{"display_name":"RocioCa","author_link":"https:\/\/apuestasfree.com\/mx\/author\/rocioca\/"},"uagb_comment_info":0,"uagb_excerpt":"Te contamos todo sobre la nueva incorporaci\u00f3n el casino: Foliatti suma a Playtech, y con ella, a las mejores m\u00e1quinas y juegos nuevos. \u00a1\u00c9chale un vistazo! La nueva incorporaci\u00f3n del Casino: \u00a1Foliatti suma a Playtech y sus mejores juegos! Foliatti Casino suma a Playtech a su plataforma, y se convierte en el Casino de lasM\u00e1quinas!&hellip;","_links":{"self":[{"href":"https:\/\/apuestasfree.com\/mx\/wp-json\/wp\/v2\/pages\/1360150","targetHints":{"allow":["GET"]}}],"collection":[{"href":"https:\/\/apuestasfree.com\/mx\/wp-json\/wp\/v2\/pages"}],"about":[{"href":"https:\/\/apuestasfree.com\/mx\/wp-json\/wp\/v2\/types\/page"}],"author":[{"embeddable":true,"href":"https:\/\/apuestasfree.com\/mx\/wp-json\/wp\/v2\/users\/33363"}],"replies":[{"embeddable":true,"href":"https:\/\/apuestasfree.com\/mx\/wp-json\/wp\/v2\/comments?post=1360150"}],"version-history":[{"count":5,"href":"https:\/\/apuestasfree.com\/mx\/wp-json\/wp\/v2\/pages\/1360150\/revisions"}],"predecessor-version":[{"id":1442094,"href":"https:\/\/apuestasfree.com\/mx\/wp-json\/wp\/v2\/pages\/1360150\/revisions\/1442094"}],"wp:attachment":[{"href":"https:\/\/apuestasfree.com\/mx\/wp-json\/wp\/v2\/media?parent=1360150"}],"curies":[{"name":"wp","href":"https:\/\/api.w.org\/{rel}","templated":true}]}}