{"id":1095185,"date":"2022-12-15T14:02:37","date_gmt":"2022-12-15T13:02:37","guid":{"rendered":"https:\/\/apuestasfree.com\/?page_id=1095185"},"modified":"2024-02-01T19:07:01","modified_gmt":"2024-02-01T18:07:01","slug":"betway-los-mejores-juegos-de-casino","status":"publish","type":"page","link":"https:\/\/apuestasfree.com\/mx\/betway-los-mejores-juegos-de-casino\/","title":{"rendered":"Betway Los mejores juegos de casino | Juega hoy mismo"},"content":{"rendered":"\n<p>Betway tiene los mejores juegos de casino y aqu\u00ed te contamos todo lo que debes saber sobre ellos. Podr\u00e1s reclamar el Bono de Bienvenida. Si quieres obtenerlo, <a href=\"https:\/\/recor.to\/betwaymxcasino\" target=\"_blank\" rel=\"noreferrer noopener nofollow sponsored\">solo debes hacer click aqu\u00ed<\/a><\/p>\n\n\n\n<figure class=\"wp-block-image size-full\"><a href=\"https:\/\/recor.to\/betwaymxcasino\" target=\"_blank\" rel=\"noreferrer noopener nofollow sponsored\"><img fetchpriority=\"high\" decoding=\"async\" width=\"960\" height=\"600\" src=\"https:\/\/apuestasfree.com\/wp-content\/uploads\/2022\/11\/betway.jpg\" alt=\"Betway Los mejores juegos de casino\" class=\"wp-image-1066349\" srcset=\"https:\/\/apuestasfree.com\/wp-content\/uploads\/2022\/11\/betway.jpg 960w, https:\/\/apuestasfree.com\/wp-content\/uploads\/2022\/11\/betway-300x188.jpg 300w, https:\/\/apuestasfree.com\/wp-content\/uploads\/2022\/11\/betway-768x480.jpg 768w\" sizes=\"(max-width: 960px) 100vw, 960px\" \/><\/a><\/figure>\n\n\n\n<h2 class=\"wp-block-heading\" id=\"h-los-mejores-juegos-de-casino-en-betway\">Los mejores juegos de casino en Betway<\/h2>\n\n\n\n<p><strong>Podemos decir que esta opci\u00f3n es una de las casas de apuestas m\u00e1s grandes del mundo y tiene dos grandes secciones para jugar.<\/strong> Una de ellas est\u00e1 compuesta por los mejores juegos de Casino de Betway y aqu\u00ed te contamos todo sobre ellos. <a href=\"https:\/\/recor.to\/betwaymxcasino\" target=\"_blank\" rel=\"noreferrer noopener nofollow sponsored\">Ingresa aqu\u00ed para jugar hoy mismo <\/a><\/p>\n\n\n\n<p><strong>Una de las mejores opciones que tienes es la Ruleta, ene ste juego debes adivinar donde caer\u00e1 la bola blanca y as\u00ed llevarte las mejores ganancias de la casa<\/strong>. Aqu\u00ed podr\u00e1s jugar en la versi\u00f3n americana o en la versi\u00f3n europea, entre otras.<\/p>\n\n\n\n<p><strong>Por otra parte, la casa de apuestas tambi\u00e9n tiene partidas de Blackjack, donde deber\u00e1s vencer a la casa juntando los 21.<\/strong> La otra alternativa son los juegos de slots, donde vas a encontrarte con una gran variedad de los mismos para jugar y disfrutar <\/p>\n\n\n\n<h2 class=\"wp-block-heading\" id=\"h-bono-de-bienvenida-de-betway\">Bono de Bienvenida de Betway <\/h2>\n\n\n\n<p>Betway es una de las casas m\u00e1s reconocidas en todo el mundo y tambi\u00e9n en M\u00e9xico. Aqu\u00ed vas a ver los mejores partidos de cada una de las fechas.<strong>&nbsp;Si eres un jugador nuevo, podr\u00e1s acceder al Bono de Bienvenida para tener dinero extra en tu cuenta y as\u00ed poder realizar las mejores apuestas.<\/strong><\/p>\n\n\n\n<p>E<strong>ste Bono de Bienvenida consiste en una bonificaci\u00f3n de, ni m\u00e1s ni menos, 100% hasta $4.000 MXN. Esta misma est\u00e1 relacionada de forma directa con tu primer dep\u00f3sito.<\/strong>\u00a0Tambi\u00e9n tienes 50 giros gratis. Por eso es muy importante que, adem\u00e1s de ser un jugador nuevo, no hayas hecho un ingreso de dinero antes de aplicar en ella. <a href=\"https:\/\/apuestasfree.com\/mx\/betway-mejores-tragamonedas\/\" target=\"_blank\" rel=\"noreferrer noopener\">Accede al Bono Casino de Betway<\/a><\/p>\n\n\n\n<div class=\"wp-block-buttons is-content-justification-center is-layout-flex wp-container-core-buttons-is-layout-16018d1d wp-block-buttons-is-layout-flex\">\n<div class=\"wp-block-button\"><a class=\"wp-block-button__link wp-element-button\" href=\"https:\/\/recor.to\/betwaymx\" target=\"_blank\" rel=\"noreferrer noopener nofollow sponsored\">Accede al Bono de Bienvenida<\/a><\/div>\n<\/div>\n\n\n\n<h2 class=\"wp-block-heading\" id=\"h-terminos-y-condiciones\">T\u00e9rminos y Condiciones <\/h2>\n\n\n\n<ul class=\"wp-block-list\">\n<li>Debes ser un nuevo jugador en la p\u00e1gina para poder acceder al Bono de Bienvenida. Adem\u00e1s tienes que residir en M\u00e9xico<\/li>\n\n\n\n<li>El rollover de la oferta es de 48 veces<\/li>\n\n\n\n<li>Debes ser mayor de 18 a\u00f1os<\/li>\n\n\n\n<li>El monto final se adjudicar\u00e1 en tu cuenta de forma autom\u00e1tica<\/li>\n<\/ul>\n","protected":false},"excerpt":{"rendered":"<p>Betway tiene los mejores juegos de casino y aqu\u00ed te contamos todo lo que debes saber sobre ellos. Podr\u00e1s reclamar el Bono de Bienvenida. Si quieres obtenerlo, solo debes hacer click aqu\u00ed Los mejores juegos de casino en Betway Podemos decir que esta opci\u00f3n es una de las casas de apuestas m\u00e1s grandes del mundo &#8230; <a title=\"Betway Los mejores juegos de casino | Juega hoy mismo\" class=\"read-more\" href=\"https:\/\/apuestasfree.com\/mx\/betway-los-mejores-juegos-de-casino\/\" aria-label=\"Read more about Betway Los mejores juegos de casino | Juega hoy mismo\">Read more<\/a><\/p>\n","protected":false},"author":33142,"featured_media":0,"parent":0,"menu_order":0,"comment_status":"closed","ping_status":"closed","template":"","meta":{"_uag_custom_page_level_css":"","footnotes":""},"class_list":["post-1095185","page","type-page","status-publish"],"yoast_head":"<!-- This site is optimized with the Yoast SEO Premium plugin v27.1 (Yoast SEO v27.5) - https:\/\/yoast.com\/product\/yoast-seo-premium-wordpress\/ -->\n<title>Betway Los mejores juegos de casino | Juega hoy mismo -<\/title>\n<meta name=\"description\" content=\"Betway tiene los mejores juegos de casino y aqu\u00ed te contamos todo lo que debes saber sobre ellos. Podr\u00e1s reclamar el Bono de Bienvenida\" \/>\n<meta name=\"robots\" content=\"index, follow, max-snippet:-1, max-image-preview:large, max-video-preview:-1\" \/>\n<link rel=\"canonical\" href=\"https:\/\/apuestasfree.com\/mx\/betway-los-mejores-juegos-de-casino\/\" \/>\n<meta property=\"og:locale\" content=\"es_ES\" \/>\n<meta property=\"og:type\" content=\"article\" \/>\n<meta property=\"og:title\" content=\"Betway Los mejores juegos de casino | Juega hoy mismo\" \/>\n<meta property=\"og:description\" content=\"Betway tiene los mejores juegos de casino y aqu\u00ed te contamos todo lo que debes saber sobre ellos. Podr\u00e1s reclamar el Bono de Bienvenida\" \/>\n<meta property=\"og:url\" content=\"https:\/\/apuestasfree.com\/mx\/betway-los-mejores-juegos-de-casino\/\" \/>\n<meta property=\"og:site_name\" content=\"ApuestasFree\" \/>\n<meta property=\"article:modified_time\" content=\"2024-02-01T18:07:01+00:00\" \/>\n<meta property=\"og:image\" content=\"https:\/\/apuestasfree.com\/wp-content\/uploads\/2022\/11\/betway.jpg\" \/>\n<meta name=\"twitter:card\" content=\"summary_large_image\" \/>\n<meta name=\"twitter:label1\" content=\"Est. reading time\" \/>\n\t<meta name=\"twitter:data1\" content=\"2 minutes\" \/>\n<script type=\"application\/ld+json\" class=\"yoast-schema-graph\">{\"@context\":\"https:\\\/\\\/schema.org\",\"@graph\":[{\"@type\":\"WebPage\",\"@id\":\"https:\\\/\\\/apuestasfree.com\\\/mx\\\/betway-los-mejores-juegos-de-casino\\\/\",\"url\":\"https:\\\/\\\/apuestasfree.com\\\/mx\\\/betway-los-mejores-juegos-de-casino\\\/\",\"name\":\"Betway Los mejores juegos de casino | Juega hoy mismo -\",\"isPartOf\":{\"@id\":\"https:\\\/\\\/apuestasfree.com\\\/mx\\\/#website\"},\"primaryImageOfPage\":{\"@id\":\"https:\\\/\\\/apuestasfree.com\\\/mx\\\/betway-los-mejores-juegos-de-casino\\\/#primaryimage\"},\"image\":{\"@id\":\"https:\\\/\\\/apuestasfree.com\\\/mx\\\/betway-los-mejores-juegos-de-casino\\\/#primaryimage\"},\"thumbnailUrl\":\"https:\\\/\\\/apuestasfree.com\\\/wp-content\\\/uploads\\\/2022\\\/11\\\/betway.jpg\",\"datePublished\":\"2022-12-15T13:02:37+00:00\",\"dateModified\":\"2024-02-01T18:07:01+00:00\",\"description\":\"Betway tiene los mejores juegos de casino y aqu\u00ed te contamos todo lo que debes saber sobre ellos. Podr\u00e1s reclamar el Bono de Bienvenida\",\"breadcrumb\":{\"@id\":\"https:\\\/\\\/apuestasfree.com\\\/mx\\\/betway-los-mejores-juegos-de-casino\\\/#breadcrumb\"},\"inLanguage\":\"es-mx\",\"potentialAction\":[{\"@type\":\"ReadAction\",\"target\":[\"https:\\\/\\\/apuestasfree.com\\\/mx\\\/betway-los-mejores-juegos-de-casino\\\/\"]}]},{\"@type\":\"ImageObject\",\"inLanguage\":\"es-mx\",\"@id\":\"https:\\\/\\\/apuestasfree.com\\\/mx\\\/betway-los-mejores-juegos-de-casino\\\/#primaryimage\",\"url\":\"https:\\\/\\\/apuestasfree.com\\\/wp-content\\\/uploads\\\/2022\\\/11\\\/betway.jpg\",\"contentUrl\":\"https:\\\/\\\/apuestasfree.com\\\/wp-content\\\/uploads\\\/2022\\\/11\\\/betway.jpg\"},{\"@type\":\"BreadcrumbList\",\"@id\":\"https:\\\/\\\/apuestasfree.com\\\/mx\\\/betway-los-mejores-juegos-de-casino\\\/#breadcrumb\",\"itemListElement\":[{\"@type\":\"ListItem\",\"position\":1,\"name\":\"Inicio\",\"item\":\"https:\\\/\\\/apuestasfree.com\\\/mx\\\/\"},{\"@type\":\"ListItem\",\"position\":2,\"name\":\"Betway Los mejores juegos de casino | Juega hoy mismo\"}]},{\"@type\":\"WebSite\",\"@id\":\"https:\\\/\\\/apuestasfree.com\\\/mx\\\/#website\",\"url\":\"https:\\\/\\\/apuestasfree.com\\\/mx\\\/\",\"name\":\"ApuestasFree\",\"description\":\"\",\"publisher\":{\"@id\":\"https:\\\/\\\/apuestasfree.com\\\/mx\\\/#organization\"},\"potentialAction\":[{\"@type\":\"SearchAction\",\"target\":{\"@type\":\"EntryPoint\",\"urlTemplate\":\"https:\\\/\\\/apuestasfree.com\\\/mx\\\/?s={search_term_string}\"},\"query-input\":{\"@type\":\"PropertyValueSpecification\",\"valueRequired\":true,\"valueName\":\"search_term_string\"}}],\"inLanguage\":\"es-mx\"},{\"@type\":\"Organization\",\"@id\":\"https:\\\/\\\/apuestasfree.com\\\/mx\\\/#organization\",\"name\":\"ApuestasFree\",\"url\":\"https:\\\/\\\/apuestasfree.com\\\/mx\\\/\",\"logo\":{\"@type\":\"ImageObject\",\"inLanguage\":\"es-mx\",\"@id\":\"https:\\\/\\\/apuestasfree.com\\\/mx\\\/#\\\/schema\\\/logo\\\/image\\\/\",\"url\":\"https:\\\/\\\/apuestasfree.com\\\/wp-content\\\/uploads\\\/2019\\\/06\\\/afree_logo.png\",\"contentUrl\":\"https:\\\/\\\/apuestasfree.com\\\/wp-content\\\/uploads\\\/2019\\\/06\\\/afree_logo.png\",\"width\":106,\"height\":50,\"caption\":\"ApuestasFree\"},\"image\":{\"@id\":\"https:\\\/\\\/apuestasfree.com\\\/mx\\\/#\\\/schema\\\/logo\\\/image\\\/\"}}]}<\/script>\n<!-- \/ Yoast SEO Premium plugin. -->","yoast_head_json":{"title":"Betway Los mejores juegos de casino | Juega hoy mismo -","description":"Betway tiene los mejores juegos de casino y aqu\u00ed te contamos todo lo que debes saber sobre ellos. Podr\u00e1s reclamar el Bono de Bienvenida","robots":{"index":"index","follow":"follow","max-snippet":"max-snippet:-1","max-image-preview":"max-image-preview:large","max-video-preview":"max-video-preview:-1"},"canonical":"https:\/\/apuestasfree.com\/mx\/betway-los-mejores-juegos-de-casino\/","og_locale":"es_ES","og_type":"article","og_title":"Betway Los mejores juegos de casino | Juega hoy mismo","og_description":"Betway tiene los mejores juegos de casino y aqu\u00ed te contamos todo lo que debes saber sobre ellos. Podr\u00e1s reclamar el Bono de Bienvenida","og_url":"https:\/\/apuestasfree.com\/mx\/betway-los-mejores-juegos-de-casino\/","og_site_name":"ApuestasFree","article_modified_time":"2024-02-01T18:07:01+00:00","og_image":[{"url":"https:\/\/apuestasfree.com\/wp-content\/uploads\/2022\/11\/betway.jpg","type":"","width":"","height":""}],"twitter_card":"summary_large_image","twitter_misc":{"Est. reading time":"2 minutes"},"schema":{"@context":"https:\/\/schema.org","@graph":[{"@type":"WebPage","@id":"https:\/\/apuestasfree.com\/mx\/betway-los-mejores-juegos-de-casino\/","url":"https:\/\/apuestasfree.com\/mx\/betway-los-mejores-juegos-de-casino\/","name":"Betway Los mejores juegos de casino | Juega hoy mismo -","isPartOf":{"@id":"https:\/\/apuestasfree.com\/mx\/#website"},"primaryImageOfPage":{"@id":"https:\/\/apuestasfree.com\/mx\/betway-los-mejores-juegos-de-casino\/#primaryimage"},"image":{"@id":"https:\/\/apuestasfree.com\/mx\/betway-los-mejores-juegos-de-casino\/#primaryimage"},"thumbnailUrl":"https:\/\/apuestasfree.com\/wp-content\/uploads\/2022\/11\/betway.jpg","datePublished":"2022-12-15T13:02:37+00:00","dateModified":"2024-02-01T18:07:01+00:00","description":"Betway tiene los mejores juegos de casino y aqu\u00ed te contamos todo lo que debes saber sobre ellos. Podr\u00e1s reclamar el Bono de Bienvenida","breadcrumb":{"@id":"https:\/\/apuestasfree.com\/mx\/betway-los-mejores-juegos-de-casino\/#breadcrumb"},"inLanguage":"es-mx","potentialAction":[{"@type":"ReadAction","target":["https:\/\/apuestasfree.com\/mx\/betway-los-mejores-juegos-de-casino\/"]}]},{"@type":"ImageObject","inLanguage":"es-mx","@id":"https:\/\/apuestasfree.com\/mx\/betway-los-mejores-juegos-de-casino\/#primaryimage","url":"https:\/\/apuestasfree.com\/wp-content\/uploads\/2022\/11\/betway.jpg","contentUrl":"https:\/\/apuestasfree.com\/wp-content\/uploads\/2022\/11\/betway.jpg"},{"@type":"BreadcrumbList","@id":"https:\/\/apuestasfree.com\/mx\/betway-los-mejores-juegos-de-casino\/#breadcrumb","itemListElement":[{"@type":"ListItem","position":1,"name":"Inicio","item":"https:\/\/apuestasfree.com\/mx\/"},{"@type":"ListItem","position":2,"name":"Betway Los mejores juegos de casino | Juega hoy mismo"}]},{"@type":"WebSite","@id":"https:\/\/apuestasfree.com\/mx\/#website","url":"https:\/\/apuestasfree.com\/mx\/","name":"ApuestasFree","description":"","publisher":{"@id":"https:\/\/apuestasfree.com\/mx\/#organization"},"potentialAction":[{"@type":"SearchAction","target":{"@type":"EntryPoint","urlTemplate":"https:\/\/apuestasfree.com\/mx\/?s={search_term_string}"},"query-input":{"@type":"PropertyValueSpecification","valueRequired":true,"valueName":"search_term_string"}}],"inLanguage":"es-mx"},{"@type":"Organization","@id":"https:\/\/apuestasfree.com\/mx\/#organization","name":"ApuestasFree","url":"https:\/\/apuestasfree.com\/mx\/","logo":{"@type":"ImageObject","inLanguage":"es-mx","@id":"https:\/\/apuestasfree.com\/mx\/#\/schema\/logo\/image\/","url":"https:\/\/apuestasfree.com\/wp-content\/uploads\/2019\/06\/afree_logo.png","contentUrl":"https:\/\/apuestasfree.com\/wp-content\/uploads\/2019\/06\/afree_logo.png","width":106,"height":50,"caption":"ApuestasFree"},"image":{"@id":"https:\/\/apuestasfree.com\/mx\/#\/schema\/logo\/image\/"}}]}},"uagb_featured_image_src":{"full":false,"thumbnail":false,"medium":false,"medium_large":false,"large":false,"1536x1536":false,"2048x2048":false},"uagb_author_info":{"display_name":"Rodrigo Paz","author_link":"https:\/\/apuestasfree.com\/mx\/author\/rodrigo-paz\/"},"uagb_comment_info":0,"uagb_excerpt":"Betway tiene los mejores juegos de casino y aqu\u00ed te contamos todo lo que debes saber sobre ellos. Podr\u00e1s reclamar el Bono de Bienvenida. Si quieres obtenerlo, solo debes hacer click aqu\u00ed Los mejores juegos de casino en Betway Podemos decir que esta opci\u00f3n es una de las casas de apuestas m\u00e1s grandes del mundo&hellip;","_links":{"self":[{"href":"https:\/\/apuestasfree.com\/mx\/wp-json\/wp\/v2\/pages\/1095185","targetHints":{"allow":["GET"]}}],"collection":[{"href":"https:\/\/apuestasfree.com\/mx\/wp-json\/wp\/v2\/pages"}],"about":[{"href":"https:\/\/apuestasfree.com\/mx\/wp-json\/wp\/v2\/types\/page"}],"author":[{"embeddable":true,"href":"https:\/\/apuestasfree.com\/mx\/wp-json\/wp\/v2\/users\/33142"}],"replies":[{"embeddable":true,"href":"https:\/\/apuestasfree.com\/mx\/wp-json\/wp\/v2\/comments?post=1095185"}],"version-history":[{"count":1,"href":"https:\/\/apuestasfree.com\/mx\/wp-json\/wp\/v2\/pages\/1095185\/revisions"}],"predecessor-version":[{"id":1602973,"href":"https:\/\/apuestasfree.com\/mx\/wp-json\/wp\/v2\/pages\/1095185\/revisions\/1602973"}],"wp:attachment":[{"href":"https:\/\/apuestasfree.com\/mx\/wp-json\/wp\/v2\/media?parent=1095185"}],"curies":[{"name":"wp","href":"https:\/\/api.w.org\/{rel}","templated":true}]}}