{"id":2109981,"date":"2025-10-13T19:33:00","date_gmt":"2025-10-13T17:33:00","guid":{"rendered":"https:\/\/apuestasfree.com\/?page_id=2109981"},"modified":"2026-01-13T19:37:37","modified_gmt":"2026-01-13T18:37:37","slug":"bonus-888sport-benvenuto","status":"publish","type":"page","link":"https:\/\/apuestasfree.com\/it\/bonus-888sport-benvenuto\/","title":{"rendered":"Bonus 888casino Senza Deposito 2026: Fino a 50\u20ac Gratis + 50 Giri"},"content":{"rendered":"\n<div style=\"font-family: 'Segoe UI', Roboto, Helvetica, Arial, sans-serif; color: #eee; line-height: 1.8; max-width: 1000px; margin: auto; background-color: #1a1a1a; border: 1px solid #333;\">\n\n    <div style=\"background-color: #000; padding: 50px 20px; text-align: center; border-bottom: 6px solid #88d41e;\">\n        <h1 style=\"color: #88d41e; font-size: 2.5em; margin-bottom: 10px; text-transform: uppercase; letter-spacing: 1px;\">888casino: Bonus Senza Deposito 2026<\/h1>\n        <p style=\"color: #fff; font-size: 1.3em;\">Scegli come registrarti e ottieni fino a 50\u20ac GRATIS + 50 Free Spin!<\/p>\n        <a href=\"https:\/\/recor.to\/888casinoit\" target=\"_blank\" style=\"background-color: #88d41e; color: #000; padding: 18px 35px; text-decoration: none; font-weight: bold; border-radius: 50px; display: inline-block; margin-top: 25px; font-size: 1.2em; box-shadow: 0 4px 20px rgba(136,212,30,0.5);\" rel=\"nofollow noopener sponsored\">RICEVI IL BONUS SENZA DEPOSITO<\/a>\n    <\/div>\n\n    <div style=\"padding: 30px;\">\n        <h2 style=\"color: #88d41e;\">Pi\u00f9 semplice la registrazione, pi\u00f9 grande la ricompensa<\/h2>\n        <p>In <strong>ApuestasFree Italia<\/strong> abbiamo aggiornato i dettagli per il 2026: 888casino.it offre ora un sistema di bonus differenziato in base alla modalit\u00e0 di iscrizione scelta. La grande novit\u00e0 \u00e8 il vantaggio per chi utilizza lo <strong>SPID<\/strong>, che permette di ottenere un bonus immediato molto pi\u00f9 generoso rispetto alla registrazione classica.<\/p>\n\n        <div style=\"margin: 30px 0;\">\n            <table style=\"width: 100%; border-collapse: collapse; background-color: #222; color: #fff; border-radius: 10px; overflow: hidden; border: 1px solid #444;\">\n                <tr style=\"background-color: #88d41e; color: #000;\">\n                    <th style=\"padding: 15px; text-align: left;\">Modalit\u00e0 di Registrazione<\/th>\n                    <th style=\"padding: 15px; text-align: left;\">Bonus Gratis<\/th>\n                    <th style=\"padding: 15px; text-align: left;\">Free Spin<\/th>\n                <\/tr>\n                <tr>\n                    <td style=\"padding: 15px; border-bottom: 1px solid #333;\"><strong>Rapida con SPID<\/strong><\/td>\n                    <td style=\"padding: 15px; border-bottom: 1px solid #333; font-weight: bold; color: #88d41e;\">50\u20ac<\/td>\n                    <td style=\"padding: 15px; border-bottom: 1px solid #333;\">50 Giri Gratis<\/td>\n                <\/tr>\n                <tr>\n                    <td style=\"padding: 15px;\"><strong>Classica (Manuale)<\/strong><\/td>\n                    <td style=\"padding: 15px; font-weight: bold;\">20\u20ac<\/td>\n                    <td style=\"padding: 15px;\">50 Giri Gratis<\/td>\n                <\/tr>\n            <\/table>\n        <\/div>\n\n        <h3 style=\"color: #88d41e;\">Come richiedere il Bonus in 3 Step<\/h3>\n        <p>Segui questa guida per attivare correttamente l&#8217;offerta senza errori:<\/p>\n        <ol>\n            <li><strong>Registrati:<\/strong> Accedi a 888casino tramite il nostro <a href=\"https:\/\/recor.to\/888casinoit\" style=\"color: #88d41e; font-weight: bold;\" rel=\"nofollow noopener sponsored\">link esclusivo<\/a> e scegli la modalit\u00e0 SPID o manuale.<\/li>\n            <li><strong>Verifica:<\/strong> Carica il tuo documento d&#8217;identit\u00e0 (se hai scelto la modalit\u00e0 manuale) e apri la comunicazione di benvenuto che riceverai via SMS.<\/li>\n            <li><strong>Richiedi:<\/strong> Clicca sul link contenuto nell&#8217;SMS entro 48 ore per confermare la ricezione del tuo Bonus Gratuito.<\/li>\n        <\/ol>\n\n        <div style=\"background-color: #2a2a2a; border-left: 5px solid #88d41e; padding: 25px; margin: 30px 0; border-radius: 0 15px 15px 0;\">\n            <h4 style=\"color: #88d41e; margin-top: 0;\">Dettagli sui Free Spin<\/h4>\n            <p>I 50 Free Spin assegnati hanno un valore di <strong>0,10\u20ac ciascuno<\/strong> e possono essere utilizzati sulle slot selezionate. Le vincite ottenute dai giri gratis sono soggette a un tetto massimo di 10\u20ac e hanno una validit\u00e0 di 7 giorni dal momento dell&#8217;accredito.<\/p>\n        <\/div>\n\n        <h3 style=\"color: #88d41e;\">Requisiti di Puntata (Rollover)<\/h3>\n        <p>\u00c8 fondamentale conoscere le condizioni per trasformare il bonus in saldo reale prelevabile:<\/p>\n        <ul>\n            <li><strong>Requisito di puntata:<\/strong> Pari a <strong>50x<\/strong> l&#8217;importo del bonus ricevuto.<\/li>\n            <li><strong>Tempo a disposizione:<\/strong> Hai <strong>90 giorni<\/strong> per soddisfare i requisiti dal momento dell&#8217;accredito.<\/li>\n            <li><strong>Contribuzione:<\/strong> La contribuzione varia a seconda del gioco (le slot solitamente contribuiscono al 100%).<\/li>\n            <li><strong>Attivazione:<\/strong> Il bonus deve essere richiesto entro 48 ore dal ricevimento dell&#8217;SMS di benvenuto.<\/li>\n        <\/ul>\n\n        <div style=\"text-align: center; margin: 40px 0; padding: 30px; background-color: #000; border-radius: 15px; border: 2px solid #88d41e;\">\n            <h2 style=\"color: #fff; margin-top: 0;\">Inizia a giocare GRATIS<\/h2>\n            <p style=\"color: #ccc;\">Scegli la registrazione con SPID per ottenere il massimo: 50\u20ac + 50 Giri Gratis!<\/p>\n            <a href=\"https:\/\/recor.to\/888casinoit\" target=\"_blank\" style=\"background-color: #88d41e; color: #000; padding: 18px 40px; text-decoration: none; font-weight: bold; border-radius: 50px; display: inline-block; font-size: 1.2em; text-transform: uppercase;\" rel=\"nofollow noopener sponsored\">REGISTRATI E RICEVI IL BONUS<\/a>\n        <\/div>\n\n        <h3 style=\"color: #88d41e;\">Conclusione: Perch\u00e9 conviene lo SPID?<\/h3>\n        <p>888casino incentiva la sicurezza e la rapidit\u00e0. Registrandoti con SPID non solo ottieni <strong>30\u20ac in pi\u00f9<\/strong> di bonus gratuito rispetto alla modalit\u00e0 classica, ma eviti anche lunghe attese per la verifica manuale dei documenti. \u00c8 la soluzione ideale per chi vuole tuffarsi immediatamente nell&#8217;ampio catalogo di slot e giochi live di 888.<\/p>\n\n        <p style=\"font-size: 0.85em; color: #999; margin-top: 50px; border-top: 1px solid #444; padding-top: 20px;\">\n            *Il gioco \u00e8 vietato ai minori di 18 anni e pu\u00f2 causare dipendenza patologica. Promo valida solo per nuovi giocatori. Termini e condizioni completi su 888casino.it. Concessione ADM n. 15014.\n        <\/p>\n    <\/div>\n<\/div>\n\n\n\n<p><\/p>\n","protected":false},"excerpt":{"rendered":"<p>888casino: Bonus Senza Deposito 2026 Scegli come registrarti e ottieni fino a 50\u20ac GRATIS + 50 Free Spin! RICEVI IL BONUS SENZA DEPOSITO Pi\u00f9 semplice la registrazione, pi\u00f9 grande la ricompensa In ApuestasFree Italia abbiamo aggiornato i dettagli per il 2026: 888casino.it offre ora un sistema di bonus differenziato in base alla modalit\u00e0 di iscrizione &#8230; <a title=\"Bonus 888casino Senza Deposito 2026: Fino a 50\u20ac Gratis + 50 Giri\" class=\"read-more\" href=\"https:\/\/apuestasfree.com\/it\/bonus-888sport-benvenuto\/\" aria-label=\"Per saperne di pi\u00f9 su Bonus 888casino Senza Deposito 2026: Fino a 50\u20ac Gratis + 50 Giri\">Leggi tutto<\/a><\/p>\n","protected":false},"author":10162,"featured_media":0,"parent":0,"menu_order":0,"comment_status":"closed","ping_status":"closed","template":"","meta":{"_uag_custom_page_level_css":"","footnotes":""},"class_list":["post-2109981","page","type-page","status-publish"],"yoast_head":"<!-- This site is optimized with the Yoast SEO Premium plugin v27.1 (Yoast SEO v27.4) - https:\/\/yoast.com\/product\/yoast-seo-premium-wordpress\/ -->\n<title>Bonus 888casino Senza Deposito 2026: Fino a 50\u20ac Gratis + 50 Giri -<\/title>\n<meta name=\"robots\" content=\"index, follow, max-snippet:-1, max-image-preview:large, max-video-preview:-1\" \/>\n<link rel=\"canonical\" href=\"https:\/\/apuestasfree.com\/it\/bonus-888sport-benvenuto\/\" \/>\n<meta property=\"og:locale\" content=\"it_IT\" \/>\n<meta property=\"og:type\" content=\"article\" \/>\n<meta property=\"og:title\" content=\"Bonus 888casino Senza Deposito 2026: Fino a 50\u20ac Gratis + 50 Giri\" \/>\n<meta property=\"og:description\" content=\"888casino: Bonus Senza Deposito 2026 Scegli come registrarti e ottieni fino a 50\u20ac GRATIS + 50 Free Spin! RICEVI IL BONUS SENZA DEPOSITO Pi\u00f9 semplice la registrazione, pi\u00f9 grande la ricompensa In ApuestasFree Italia abbiamo aggiornato i dettagli per il 2026: 888casino.it offre ora un sistema di bonus differenziato in base alla modalit\u00e0 di iscrizione ... Leggi tutto\" \/>\n<meta property=\"og:url\" content=\"https:\/\/apuestasfree.com\/it\/bonus-888sport-benvenuto\/\" \/>\n<meta property=\"og:site_name\" content=\"ApuestasFree\" \/>\n<meta property=\"article:modified_time\" content=\"2026-01-13T18:37:37+00:00\" \/>\n<meta name=\"twitter:card\" content=\"summary_large_image\" \/>\n<meta name=\"twitter:label1\" content=\"Tempo di lettura stimato\" \/>\n\t<meta name=\"twitter:data1\" content=\"2 minuti\" \/>\n<script type=\"application\/ld+json\" class=\"yoast-schema-graph\">{\"@context\":\"https:\\\/\\\/schema.org\",\"@graph\":[{\"@type\":\"WebPage\",\"@id\":\"https:\\\/\\\/apuestasfree.com\\\/it\\\/bonus-888sport-benvenuto\\\/\",\"url\":\"https:\\\/\\\/apuestasfree.com\\\/it\\\/bonus-888sport-benvenuto\\\/\",\"name\":\"Bonus 888casino Senza Deposito 2026: Fino a 50\u20ac Gratis + 50 Giri -\",\"isPartOf\":{\"@id\":\"https:\\\/\\\/apuestasfree.com\\\/it\\\/#website\"},\"datePublished\":\"2025-10-13T17:33:00+00:00\",\"dateModified\":\"2026-01-13T18:37:37+00:00\",\"breadcrumb\":{\"@id\":\"https:\\\/\\\/apuestasfree.com\\\/it\\\/bonus-888sport-benvenuto\\\/#breadcrumb\"},\"inLanguage\":\"it-IT\",\"potentialAction\":[{\"@type\":\"ReadAction\",\"target\":[\"https:\\\/\\\/apuestasfree.com\\\/it\\\/bonus-888sport-benvenuto\\\/\"]}]},{\"@type\":\"BreadcrumbList\",\"@id\":\"https:\\\/\\\/apuestasfree.com\\\/it\\\/bonus-888sport-benvenuto\\\/#breadcrumb\",\"itemListElement\":[{\"@type\":\"ListItem\",\"position\":1,\"name\":\"Inicio\",\"item\":\"https:\\\/\\\/apuestasfree.com\\\/it\\\/\"},{\"@type\":\"ListItem\",\"position\":2,\"name\":\"Bonus 888casino Senza Deposito 2026: Fino a 50\u20ac Gratis + 50 Giri\"}]},{\"@type\":\"WebSite\",\"@id\":\"https:\\\/\\\/apuestasfree.com\\\/it\\\/#website\",\"url\":\"https:\\\/\\\/apuestasfree.com\\\/it\\\/\",\"name\":\"ApuestasFree\",\"description\":\"\",\"publisher\":{\"@id\":\"https:\\\/\\\/apuestasfree.com\\\/it\\\/#organization\"},\"potentialAction\":[{\"@type\":\"SearchAction\",\"target\":{\"@type\":\"EntryPoint\",\"urlTemplate\":\"https:\\\/\\\/apuestasfree.com\\\/it\\\/?s={search_term_string}\"},\"query-input\":{\"@type\":\"PropertyValueSpecification\",\"valueRequired\":true,\"valueName\":\"search_term_string\"}}],\"inLanguage\":\"it-IT\"},{\"@type\":\"Organization\",\"@id\":\"https:\\\/\\\/apuestasfree.com\\\/it\\\/#organization\",\"name\":\"ApuestasFree\",\"url\":\"https:\\\/\\\/apuestasfree.com\\\/it\\\/\",\"logo\":{\"@type\":\"ImageObject\",\"inLanguage\":\"it-IT\",\"@id\":\"https:\\\/\\\/apuestasfree.com\\\/it\\\/#\\\/schema\\\/logo\\\/image\\\/\",\"url\":\"https:\\\/\\\/apuestasfree.com\\\/wp-content\\\/uploads\\\/2019\\\/06\\\/afree_logo.png\",\"contentUrl\":\"https:\\\/\\\/apuestasfree.com\\\/wp-content\\\/uploads\\\/2019\\\/06\\\/afree_logo.png\",\"width\":106,\"height\":50,\"caption\":\"ApuestasFree\"},\"image\":{\"@id\":\"https:\\\/\\\/apuestasfree.com\\\/it\\\/#\\\/schema\\\/logo\\\/image\\\/\"}}]}<\/script>\n<!-- \/ Yoast SEO Premium plugin. -->","yoast_head_json":{"title":"Bonus 888casino Senza Deposito 2026: Fino a 50\u20ac Gratis + 50 Giri -","robots":{"index":"index","follow":"follow","max-snippet":"max-snippet:-1","max-image-preview":"max-image-preview:large","max-video-preview":"max-video-preview:-1"},"canonical":"https:\/\/apuestasfree.com\/it\/bonus-888sport-benvenuto\/","og_locale":"it_IT","og_type":"article","og_title":"Bonus 888casino Senza Deposito 2026: Fino a 50\u20ac Gratis + 50 Giri","og_description":"888casino: Bonus Senza Deposito 2026 Scegli come registrarti e ottieni fino a 50\u20ac GRATIS + 50 Free Spin! RICEVI IL BONUS SENZA DEPOSITO Pi\u00f9 semplice la registrazione, pi\u00f9 grande la ricompensa In ApuestasFree Italia abbiamo aggiornato i dettagli per il 2026: 888casino.it offre ora un sistema di bonus differenziato in base alla modalit\u00e0 di iscrizione ... Leggi tutto","og_url":"https:\/\/apuestasfree.com\/it\/bonus-888sport-benvenuto\/","og_site_name":"ApuestasFree","article_modified_time":"2026-01-13T18:37:37+00:00","twitter_card":"summary_large_image","twitter_misc":{"Tempo di lettura stimato":"2 minuti"},"schema":{"@context":"https:\/\/schema.org","@graph":[{"@type":"WebPage","@id":"https:\/\/apuestasfree.com\/it\/bonus-888sport-benvenuto\/","url":"https:\/\/apuestasfree.com\/it\/bonus-888sport-benvenuto\/","name":"Bonus 888casino Senza Deposito 2026: Fino a 50\u20ac Gratis + 50 Giri -","isPartOf":{"@id":"https:\/\/apuestasfree.com\/it\/#website"},"datePublished":"2025-10-13T17:33:00+00:00","dateModified":"2026-01-13T18:37:37+00:00","breadcrumb":{"@id":"https:\/\/apuestasfree.com\/it\/bonus-888sport-benvenuto\/#breadcrumb"},"inLanguage":"it-IT","potentialAction":[{"@type":"ReadAction","target":["https:\/\/apuestasfree.com\/it\/bonus-888sport-benvenuto\/"]}]},{"@type":"BreadcrumbList","@id":"https:\/\/apuestasfree.com\/it\/bonus-888sport-benvenuto\/#breadcrumb","itemListElement":[{"@type":"ListItem","position":1,"name":"Inicio","item":"https:\/\/apuestasfree.com\/it\/"},{"@type":"ListItem","position":2,"name":"Bonus 888casino Senza Deposito 2026: Fino a 50\u20ac Gratis + 50 Giri"}]},{"@type":"WebSite","@id":"https:\/\/apuestasfree.com\/it\/#website","url":"https:\/\/apuestasfree.com\/it\/","name":"ApuestasFree","description":"","publisher":{"@id":"https:\/\/apuestasfree.com\/it\/#organization"},"potentialAction":[{"@type":"SearchAction","target":{"@type":"EntryPoint","urlTemplate":"https:\/\/apuestasfree.com\/it\/?s={search_term_string}"},"query-input":{"@type":"PropertyValueSpecification","valueRequired":true,"valueName":"search_term_string"}}],"inLanguage":"it-IT"},{"@type":"Organization","@id":"https:\/\/apuestasfree.com\/it\/#organization","name":"ApuestasFree","url":"https:\/\/apuestasfree.com\/it\/","logo":{"@type":"ImageObject","inLanguage":"it-IT","@id":"https:\/\/apuestasfree.com\/it\/#\/schema\/logo\/image\/","url":"https:\/\/apuestasfree.com\/wp-content\/uploads\/2019\/06\/afree_logo.png","contentUrl":"https:\/\/apuestasfree.com\/wp-content\/uploads\/2019\/06\/afree_logo.png","width":106,"height":50,"caption":"ApuestasFree"},"image":{"@id":"https:\/\/apuestasfree.com\/it\/#\/schema\/logo\/image\/"}}]}},"uagb_featured_image_src":{"full":false,"thumbnail":false,"medium":false,"medium_large":false,"large":false,"1536x1536":false,"2048x2048":false},"uagb_author_info":{"display_name":"jon","author_link":"https:\/\/apuestasfree.com\/it\/author\/jon\/"},"uagb_comment_info":0,"uagb_excerpt":"888casino: Bonus Senza Deposito 2026 Scegli come registrarti e ottieni fino a 50\u20ac GRATIS + 50 Free Spin! RICEVI IL BONUS SENZA DEPOSITO Pi\u00f9 semplice la registrazione, pi\u00f9 grande la ricompensa In ApuestasFree Italia abbiamo aggiornato i dettagli per il 2026: 888casino.it offre ora un sistema di bonus differenziato in base alla modalit\u00e0 di iscrizione&hellip;","_links":{"self":[{"href":"https:\/\/apuestasfree.com\/it\/wp-json\/wp\/v2\/pages\/2109981","targetHints":{"allow":["GET"]}}],"collection":[{"href":"https:\/\/apuestasfree.com\/it\/wp-json\/wp\/v2\/pages"}],"about":[{"href":"https:\/\/apuestasfree.com\/it\/wp-json\/wp\/v2\/types\/page"}],"author":[{"embeddable":true,"href":"https:\/\/apuestasfree.com\/it\/wp-json\/wp\/v2\/users\/10162"}],"replies":[{"embeddable":true,"href":"https:\/\/apuestasfree.com\/it\/wp-json\/wp\/v2\/comments?post=2109981"}],"version-history":[{"count":4,"href":"https:\/\/apuestasfree.com\/it\/wp-json\/wp\/v2\/pages\/2109981\/revisions"}],"predecessor-version":[{"id":2109986,"href":"https:\/\/apuestasfree.com\/it\/wp-json\/wp\/v2\/pages\/2109981\/revisions\/2109986"}],"wp:attachment":[{"href":"https:\/\/apuestasfree.com\/it\/wp-json\/wp\/v2\/media?parent=2109981"}],"curies":[{"name":"wp","href":"https:\/\/api.w.org\/{rel}","templated":true}]}}