{"id":2079431,"date":"2021-02-25T18:29:07","date_gmt":"2021-02-25T17:29:07","guid":{"rendered":"https:\/\/apuestasfree.com\/bonus-sportsvaeddemal-kasinoer-sverige\/"},"modified":"2026-02-19T12:18:16","modified_gmt":"2026-02-19T11:18:16","slug":"bonus-sportsvaeddemal-kasinoer-sverige","status":"publish","type":"page","link":"https:\/\/apuestasfree.com\/cs\/","title":{"rendered":"Bonusov\u00e9 sportovn\u00ed s\u00e1zen\u00ed a kasina ve \u0160v\u00e9dsku"},"content":{"rendered":"\n<div class=\"wp-block-uagb-container uagb-layout-flex uagb-block-e9230905 default uagb-is-root-container\">\n<div class=\"wp-block-uagb-container uagb-block-e907ddc5\">\n<h2 class=\"wp-block-heading has-text-align-center\">Nejlep\u0161\u00ed s\u00e1zkov\u00e9 bonusy<\/h2>\n\n\n\n<div class=\"wp-block-uagb-info-box uagb-block-a8d700d6 uagb-infobox__content-wrap  uagb-infobox_cta-type-all uagb-infobox-icon-left-title uagb-infobox-left uagb-infobox-image-valign-top\"><a href=\"https:\/\/recor.to\/merkurxtip\" class=\"uagb-infobox-link-wrap uagb-infbox__link-to-all\" target=\"_blank\" aria-label=\"Infobox Link\" onclick=\"return true;\" rel=\"noopener noreferrer nofollow sponsored\"><\/a><div class=\"uagb-ifb-content\"><div class=\"uagb-ifb-left-title-image\"><div class=\"uagb-ifb-image-content\"><img decoding=\"async\" src=\"https:\/\/apuestasfree.com\/wp-content\/uploads\/2026\/02\/merkurxtip.jpg\" alt=\"merkur\" width=\"\" height=\"0\" loading=\"lazy\"\/><\/div><div class=\"uagb-ifb-title-wrap\"><p class=\"uagb-ifb-title\">500 K\u010d FREE BET<\/p><\/div><\/div><div class=\"uagb-ifb-button-wrapper wp-block-button\"><\/div><\/div><\/div>\n\n\n\n<div class=\"wp-block-uagb-info-box uagb-block-4734b12b uagb-infobox__content-wrap  uagb-infobox_cta-type-all uagb-infobox-icon-left-title uagb-infobox-left uagb-infobox-image-valign-top\"><a href=\"https:\/\/www.betano.cz\/\" class=\"uagb-infobox-link-wrap uagb-infbox__link-to-all\" target=\"_blank\" aria-label=\"Infobox Link\" rel=\"noopener noreferrer\" onclick=\"return true;\"><\/a><div class=\"uagb-ifb-content\"><div class=\"uagb-ifb-left-title-image\"><div class=\"uagb-ifb-image-content\"><img decoding=\"async\" src=\"https:\/\/apuestasfree.com\/wp-content\/uploads\/2026\/01\/betano-logo.png\" alt=\"\" width=\"\" height=\"0\" loading=\"lazy\"\/><\/div><div class=\"uagb-ifb-title-wrap\"><p class=\"uagb-ifb-title\"><em>bonus up to 50.000 CZK<\/em><\/p><\/div><\/div><div class=\"uagb-ifb-button-wrapper wp-block-button\"><\/div><\/div><\/div>\n\n\n\n<div class=\"wp-block-uagb-info-box uagb-block-0cc824a0 uagb-infobox__content-wrap  uagb-infobox_cta-type-all uagb-infobox-icon-left-title uagb-infobox-left uagb-infobox-image-valign-top\"><a href=\"https:\/\/interwetten.com\" class=\"uagb-infobox-link-wrap uagb-infbox__link-to-all\" target=\"_blank\" aria-label=\"Infobox Link\" rel=\"noopener noreferrer\" onclick=\"return true;\"><\/a><div class=\"uagb-ifb-content\"><div class=\"uagb-ifb-left-title-image\"><div class=\"uagb-ifb-image-content\"><img decoding=\"async\" src=\"https:\/\/apuestasfree.com\/wp-content\/uploads\/2026\/01\/interwetten.png\" alt=\"\" width=\"\" height=\"0\" loading=\"lazy\"\/><\/div><div class=\"uagb-ifb-title-wrap\"><p class=\"uagb-ifb-title\">100% up to&nbsp;<strong>\u20ac200 new customer bonus<\/strong><\/p><\/div><\/div><div class=\"uagb-ifb-button-wrapper wp-block-button\"><\/div><\/div><\/div>\n\n\n\n<div class=\"wp-block-uagb-buttons uagb-buttons__outer-wrap uagb-btn__default-btn uagb-btn-tablet__default-btn uagb-btn-mobile__default-btn uagb-block-b5b9b1ae\"><div class=\"uagb-buttons__wrap uagb-buttons-layout-wrap \">\n<div class=\"wp-block-uagb-buttons-child uagb-buttons__outer-wrap uagb-block-4626dc05 wp-block-button\"><div class=\"uagb-button__wrapper\"><a class=\"uagb-buttons-repeater wp-block-button__link\" aria-label=\"\" href=\"#\" rel=\"follow noopener\" target=\"_self\" role=\"button\"><div class=\"uagb-button__link\">s\u00e1zkov\u00fd bonus<\/div><\/a><\/div><\/div>\n<\/div><\/div>\n<\/div>\n\n\n\n<div class=\"wp-block-uagb-container uagb-block-7274f8e7\">\n<h2 class=\"wp-block-heading has-text-align-center\">Nejlep\u0161\u00ed uv\u00edtac\u00ed bonusy<\/h2>\n\n\n\n<div class=\"wp-block-uagb-info-box uagb-block-b7910c68 uagb-infobox__content-wrap  uagb-infobox_cta-type-all uagb-infobox-icon-left-title uagb-infobox-left uagb-infobox-image-valign-top\"><a href=\"https:\/\/www.betano.cz\/\" class=\"uagb-infobox-link-wrap uagb-infbox__link-to-all\" target=\"_blank\" aria-label=\"Infobox Link\" rel=\"noopener noreferrer\" onclick=\"return true;\"><\/a><div class=\"uagb-ifb-content\"><div class=\"uagb-ifb-left-title-image\"><div class=\"uagb-ifb-image-content\"><img decoding=\"async\" src=\"https:\/\/apuestasfree.com\/wp-content\/uploads\/2026\/01\/betano-logo.png\" alt=\"\" width=\"\" height=\"0\" loading=\"lazy\"\/><\/div><div class=\"uagb-ifb-title-wrap\"><p class=\"uagb-ifb-title\"><em>bonus up to 50.000 CZK<\/em><\/p><\/div><\/div><div class=\"uagb-ifb-button-wrapper wp-block-button\"><\/div><\/div><\/div>\n\n\n\n<div class=\"wp-block-uagb-info-box uagb-block-27599e9e uagb-infobox__content-wrap  uagb-infobox_cta-type-all uagb-infobox-icon-left-title uagb-infobox-left uagb-infobox-image-valign-top\"><a href=\"https:\/\/interwetten.com\" class=\"uagb-infobox-link-wrap uagb-infbox__link-to-all\" target=\"_blank\" aria-label=\"Infobox Link\" rel=\"noopener noreferrer\" onclick=\"return true;\"><\/a><div class=\"uagb-ifb-content\"><div class=\"uagb-ifb-left-title-image\"><div class=\"uagb-ifb-image-content\"><img decoding=\"async\" src=\"https:\/\/apuestasfree.com\/wp-content\/uploads\/2026\/01\/interwetten.png\" alt=\"\" width=\"\" height=\"0\" loading=\"lazy\"\/><\/div><div class=\"uagb-ifb-title-wrap\"><p class=\"uagb-ifb-title\">100% up to&nbsp;<strong>\u20ac200 new customer bonus<\/strong><\/p><\/div><\/div><div class=\"uagb-ifb-button-wrapper wp-block-button\"><\/div><\/div><\/div>\n\n\n\n<div class=\"wp-block-uagb-info-box uagb-block-7ff927a3 uagb-infobox__content-wrap  uagb-infobox_cta-type-all uagb-infobox-icon-left-title uagb-infobox-left uagb-infobox-image-valign-top\"><a href=\"https:\/\/recor.to\/merkurxtip\" class=\"uagb-infobox-link-wrap uagb-infbox__link-to-all\" target=\"_blank\" aria-label=\"Infobox Link\" onclick=\"return true;\" rel=\"noopener noreferrer nofollow sponsored\"><\/a><div class=\"uagb-ifb-content\"><div class=\"uagb-ifb-left-title-image\"><div class=\"uagb-ifb-image-content\"><img decoding=\"async\" src=\"https:\/\/apuestasfree.com\/wp-content\/uploads\/2026\/02\/merkurxtip.jpg\" alt=\"merkur\" width=\"\" height=\"0\" loading=\"lazy\"\/><\/div><div class=\"uagb-ifb-title-wrap\"><p class=\"uagb-ifb-title\">500 K\u010d FREE BET<\/p><\/div><\/div><div class=\"uagb-ifb-button-wrapper wp-block-button\"><\/div><\/div><\/div>\n\n\n\n<div class=\"wp-block-uagb-buttons uagb-buttons__outer-wrap uagb-btn__default-btn uagb-btn-tablet__default-btn uagb-btn-mobile__default-btn uagb-block-9150822e\"><div class=\"uagb-buttons__wrap uagb-buttons-layout-wrap \">\n<div class=\"wp-block-uagb-buttons-child uagb-buttons__outer-wrap uagb-block-a3f27d74 wp-block-button\"><div class=\"uagb-button__wrapper\"><a class=\"uagb-buttons-repeater wp-block-button__link\" aria-label=\"\" href=\"#\" rel=\"follow noopener\" target=\"_self\" role=\"button\"><div class=\"uagb-button__link\">+Bonus bez nutnosti vkladu<\/div><\/a><\/div><\/div>\n<\/div><\/div>\n<\/div>\n\n\n\n<div class=\"wp-block-uagb-container uagb-block-31131840\">\n<h2 class=\"wp-block-heading has-text-align-center\">Nejlep\u0161\u00ed kasinov\u00e9 bonusy<\/h2>\n\n\n\n<div class=\"wp-block-uagb-info-box uagb-block-248ef895 uagb-infobox__content-wrap  uagb-infobox_cta-type-all uagb-infobox-icon-left-title uagb-infobox-left uagb-infobox-image-valign-top\"><a href=\"https:\/\/recor.to\/merkurxtipcasino\" class=\"uagb-infobox-link-wrap uagb-infbox__link-to-all\" target=\"_blank\" aria-label=\"Infobox Link\" onclick=\"return true;\" rel=\"noopener noreferrer nofollow sponsored\"><\/a><div class=\"uagb-ifb-content\"><div class=\"uagb-ifb-left-title-image\"><div class=\"uagb-ifb-image-content\"><img decoding=\"async\" src=\"https:\/\/apuestasfree.com\/wp-content\/uploads\/2026\/02\/merkurxtip-1.jpg\" alt=\"\" width=\"\" height=\"0\" loading=\"lazy\"\/><\/div><div class=\"uagb-ifb-title-wrap\"><p class=\"uagb-ifb-title\">333 free spin\u016f<\/p><\/div><\/div><div class=\"uagb-ifb-button-wrapper wp-block-button\"><\/div><\/div><\/div>\n\n\n\n<div class=\"wp-block-uagb-info-box uagb-block-862d24ff uagb-infobox__content-wrap  uagb-infobox_cta-type-all uagb-infobox-icon-left-title uagb-infobox-left uagb-infobox-image-valign-top\"><a href=\"https:\/\/www.betano.cz\/\" class=\"uagb-infobox-link-wrap uagb-infbox__link-to-all\" target=\"_blank\" aria-label=\"Infobox Link\" rel=\"noopener noreferrer\" onclick=\"return true;\"><\/a><div class=\"uagb-ifb-content\"><div class=\"uagb-ifb-left-title-image\"><div class=\"uagb-ifb-image-content\"><img decoding=\"async\" src=\"https:\/\/apuestasfree.com\/wp-content\/uploads\/2026\/01\/betano-logo.png\" alt=\"\" width=\"\" height=\"0\" loading=\"lazy\"\/><\/div><div class=\"uagb-ifb-title-wrap\"><p class=\"uagb-ifb-title\"><em>bonus up to 50.000 CZK<\/em><\/p><\/div><\/div><div class=\"uagb-ifb-button-wrapper wp-block-button\"><\/div><\/div><\/div>\n\n\n\n<div class=\"wp-block-uagb-info-box uagb-block-558e377c uagb-infobox__content-wrap  uagb-infobox_cta-type-all uagb-infobox-icon-left-title uagb-infobox-left uagb-infobox-image-valign-top\"><a href=\"https:\/\/interwetten.com\" class=\"uagb-infobox-link-wrap uagb-infbox__link-to-all\" target=\"_blank\" aria-label=\"Infobox Link\" rel=\"noopener noreferrer\" onclick=\"return true;\"><\/a><div class=\"uagb-ifb-content\"><div class=\"uagb-ifb-left-title-image\"><div class=\"uagb-ifb-image-content\"><img decoding=\"async\" src=\"https:\/\/apuestasfree.com\/wp-content\/uploads\/2026\/01\/interwetten.png\" alt=\"\" width=\"\" height=\"0\" loading=\"lazy\"\/><\/div><div class=\"uagb-ifb-title-wrap\"><p class=\"uagb-ifb-title\">100% up to&nbsp;<strong>\u20ac200 new customer bonus<\/strong><\/p><\/div><\/div><div class=\"uagb-ifb-button-wrapper wp-block-button\"><\/div><\/div><\/div>\n\n\n\n<div class=\"wp-block-uagb-buttons uagb-buttons__outer-wrap uagb-btn__default-btn uagb-btn-tablet__default-btn uagb-btn-mobile__default-btn uagb-block-3091aafc\"><div class=\"uagb-buttons__wrap uagb-buttons-layout-wrap \">\n<div class=\"wp-block-uagb-buttons-child uagb-buttons__outer-wrap uagb-block-ff164bd1 wp-block-button\"><div class=\"uagb-button__wrapper\"><a class=\"uagb-buttons-repeater wp-block-button__link\" aria-label=\"\" href=\"#\" rel=\"follow noopener\" target=\"_self\" role=\"button\"><div class=\"uagb-button__link\">kasinov\u00e9 bonusy<\/div><\/a><\/div><\/div>\n<\/div><\/div>\n<\/div>\n<\/div>\n\n\n\n<div class=\"wp-block-uagb-container uagb-block-dbc2ace6 default uagb-is-root-container\">\n<h2 class=\"wp-block-heading\" id=\"h-ultimas-noticias-en-apuestasfree\">Senaste nyheterna p\u00e5 ApuestasFree<\/h2>\n<\/div>\n\n\n\n<div class=\"wp-block-uagb-container uagb-block-649964d7 default uagb-is-root-container\">\n\t\t\t<div class=\"wp-block-uagb-post-grid uagb-post-grid  uagb-post__image-position-top uagb-post__image-enabled uagb-block-020b393a     uagb-post__items uagb-post__columns-3 is-grid uagb-post__columns-tablet-2 uagb-post__columns-mobile-1 uagb-post__equal-height\" data-total=\"0\" style=\"\">\n\n\t\t\t\t\t\t\t\t\t<p class=\"uagb-post__no-posts\">\n\t\t\t\t\t\tNo post found!\t\t\t\t\t<\/p>\n\t\t\t\t\t\t\t\t<\/div>\n\t\t\t<\/div>\n","protected":false},"excerpt":{"rendered":"<p>Nejlep\u0161\u00ed s\u00e1zkov\u00e9 bonusy Nejlep\u0161\u00ed uv\u00edtac\u00ed bonusy Nejlep\u0161\u00ed kasinov\u00e9 bonusy Senaste nyheterna p\u00e5 ApuestasFree<\/p>\n","protected":false},"author":14624,"featured_media":0,"parent":0,"menu_order":67,"comment_status":"closed","ping_status":"closed","template":"inicio.php","meta":{"_uag_custom_page_level_css":"","footnotes":""},"class_list":["post-2079431","page","type-page","status-publish"],"yoast_head":"<!-- This site is optimized with the Yoast SEO Premium plugin v27.1 (Yoast SEO v27.4) - https:\/\/yoast.com\/product\/yoast-seo-premium-wordpress\/ -->\n<title>Bonusar och sportspel i Sverige - ApuestasFree<\/title>\n<meta name=\"description\" content=\"Uppt\u00e4ck de b\u00e4sta bonusarna och sportspelen i Sverige. Spela smartare och njut av toppodds online.\" \/>\n<meta name=\"robots\" content=\"index, follow, max-snippet:-1, max-image-preview:large, max-video-preview:-1\" \/>\n<link rel=\"canonical\" href=\"https:\/\/apuestasfree.com\/cs\/\" \/>\n<meta property=\"og:locale\" content=\"cs_CZ\" \/>\n<meta property=\"og:type\" content=\"article\" \/>\n<meta property=\"og:title\" content=\"Bonusov\u00e9 sportovn\u00ed s\u00e1zen\u00ed a kasina ve \u0160v\u00e9dsku\" \/>\n<meta property=\"og:description\" content=\"Uppt\u00e4ck de b\u00e4sta bonusarna och sportspelen i Sverige. Spela smartare och njut av toppodds online.\" \/>\n<meta property=\"og:url\" content=\"https:\/\/apuestasfree.com\/cs\/\" \/>\n<meta property=\"og:site_name\" content=\"ApuestasFree\" \/>\n<meta property=\"article:modified_time\" content=\"2026-02-19T11:18:16+00:00\" \/>\n<meta property=\"og:image\" content=\"https:\/\/apuestasfree.com\/wp-content\/uploads\/2026\/02\/merkurxtip.jpg\" \/>\n<meta name=\"twitter:card\" content=\"summary_large_image\" \/>\n<meta name=\"twitter:label1\" content=\"Odhadovan\u00e1 doba \u010dten\u00ed\" \/>\n\t<meta name=\"twitter:data1\" content=\"3 minuty\" \/>\n<script type=\"application\/ld+json\" class=\"yoast-schema-graph\">{\"@context\":\"https:\\\/\\\/schema.org\",\"@graph\":[{\"@type\":\"WebPage\",\"@id\":\"https:\\\/\\\/apuestasfree.com\\\/cs\\\/\",\"url\":\"https:\\\/\\\/apuestasfree.com\\\/cs\\\/\",\"name\":\"Bonusar och sportspel i Sverige - ApuestasFree\",\"isPartOf\":{\"@id\":\"https:\\\/\\\/apuestasfree.com\\\/cs\\\/#website\"},\"primaryImageOfPage\":{\"@id\":\"https:\\\/\\\/apuestasfree.com\\\/cs\\\/#primaryimage\"},\"image\":{\"@id\":\"https:\\\/\\\/apuestasfree.com\\\/cs\\\/#primaryimage\"},\"thumbnailUrl\":\"https:\\\/\\\/apuestasfree.com\\\/wp-content\\\/uploads\\\/2026\\\/02\\\/merkurxtip.jpg\",\"datePublished\":\"2021-02-25T17:29:07+00:00\",\"dateModified\":\"2026-02-19T11:18:16+00:00\",\"description\":\"Uppt\u00e4ck de b\u00e4sta bonusarna och sportspelen i Sverige. Spela smartare och njut av toppodds online.\",\"breadcrumb\":{\"@id\":\"https:\\\/\\\/apuestasfree.com\\\/cs\\\/#breadcrumb\"},\"inLanguage\":\"cs\",\"potentialAction\":[{\"@type\":\"ReadAction\",\"target\":[\"https:\\\/\\\/apuestasfree.com\\\/cs\\\/\"]}]},{\"@type\":\"ImageObject\",\"inLanguage\":\"cs\",\"@id\":\"https:\\\/\\\/apuestasfree.com\\\/cs\\\/#primaryimage\",\"url\":\"https:\\\/\\\/apuestasfree.com\\\/wp-content\\\/uploads\\\/2026\\\/02\\\/merkurxtip.jpg\",\"contentUrl\":\"https:\\\/\\\/apuestasfree.com\\\/wp-content\\\/uploads\\\/2026\\\/02\\\/merkurxtip.jpg\"},{\"@type\":\"BreadcrumbList\",\"@id\":\"https:\\\/\\\/apuestasfree.com\\\/cs\\\/#breadcrumb\",\"itemListElement\":[{\"@type\":\"ListItem\",\"position\":1,\"name\":\"Inicio\",\"item\":\"https:\\\/\\\/apuestasfree.com\\\/cs\\\/\"},{\"@type\":\"ListItem\",\"position\":2,\"name\":\"Bonusov\u00e9 sportovn\u00ed s\u00e1zen\u00ed a kasina ve \u0160v\u00e9dsku\"}]},{\"@type\":\"WebSite\",\"@id\":\"https:\\\/\\\/apuestasfree.com\\\/cs\\\/#website\",\"url\":\"https:\\\/\\\/apuestasfree.com\\\/cs\\\/\",\"name\":\"ApuestasFree\",\"description\":\"\",\"publisher\":{\"@id\":\"https:\\\/\\\/apuestasfree.com\\\/cs\\\/#organization\"},\"potentialAction\":[{\"@type\":\"SearchAction\",\"target\":{\"@type\":\"EntryPoint\",\"urlTemplate\":\"https:\\\/\\\/apuestasfree.com\\\/cs\\\/?s={search_term_string}\"},\"query-input\":{\"@type\":\"PropertyValueSpecification\",\"valueRequired\":true,\"valueName\":\"search_term_string\"}}],\"inLanguage\":\"cs\"},{\"@type\":\"Organization\",\"@id\":\"https:\\\/\\\/apuestasfree.com\\\/cs\\\/#organization\",\"name\":\"ApuestasFree\",\"url\":\"https:\\\/\\\/apuestasfree.com\\\/cs\\\/\",\"logo\":{\"@type\":\"ImageObject\",\"inLanguage\":\"cs\",\"@id\":\"https:\\\/\\\/apuestasfree.com\\\/cs\\\/#\\\/schema\\\/logo\\\/image\\\/\",\"url\":\"https:\\\/\\\/apuestasfree.com\\\/wp-content\\\/uploads\\\/2019\\\/06\\\/afree_logo.png\",\"contentUrl\":\"https:\\\/\\\/apuestasfree.com\\\/wp-content\\\/uploads\\\/2019\\\/06\\\/afree_logo.png\",\"width\":106,\"height\":50,\"caption\":\"ApuestasFree\"},\"image\":{\"@id\":\"https:\\\/\\\/apuestasfree.com\\\/cs\\\/#\\\/schema\\\/logo\\\/image\\\/\"}}]}<\/script>\n<!-- \/ Yoast SEO Premium plugin. -->","yoast_head_json":{"title":"Bonusar och sportspel i Sverige - ApuestasFree","description":"Uppt\u00e4ck de b\u00e4sta bonusarna och sportspelen i Sverige. Spela smartare och njut av toppodds online.","robots":{"index":"index","follow":"follow","max-snippet":"max-snippet:-1","max-image-preview":"max-image-preview:large","max-video-preview":"max-video-preview:-1"},"canonical":"https:\/\/apuestasfree.com\/cs\/","og_locale":"cs_CZ","og_type":"article","og_title":"Bonusov\u00e9 sportovn\u00ed s\u00e1zen\u00ed a kasina ve \u0160v\u00e9dsku","og_description":"Uppt\u00e4ck de b\u00e4sta bonusarna och sportspelen i Sverige. Spela smartare och njut av toppodds online.","og_url":"https:\/\/apuestasfree.com\/cs\/","og_site_name":"ApuestasFree","article_modified_time":"2026-02-19T11:18:16+00:00","og_image":[{"url":"https:\/\/apuestasfree.com\/wp-content\/uploads\/2026\/02\/merkurxtip.jpg","type":"","width":"","height":""}],"twitter_card":"summary_large_image","twitter_misc":{"Odhadovan\u00e1 doba \u010dten\u00ed":"3 minuty"},"schema":{"@context":"https:\/\/schema.org","@graph":[{"@type":"WebPage","@id":"https:\/\/apuestasfree.com\/cs\/","url":"https:\/\/apuestasfree.com\/cs\/","name":"Bonusar och sportspel i Sverige - ApuestasFree","isPartOf":{"@id":"https:\/\/apuestasfree.com\/cs\/#website"},"primaryImageOfPage":{"@id":"https:\/\/apuestasfree.com\/cs\/#primaryimage"},"image":{"@id":"https:\/\/apuestasfree.com\/cs\/#primaryimage"},"thumbnailUrl":"https:\/\/apuestasfree.com\/wp-content\/uploads\/2026\/02\/merkurxtip.jpg","datePublished":"2021-02-25T17:29:07+00:00","dateModified":"2026-02-19T11:18:16+00:00","description":"Uppt\u00e4ck de b\u00e4sta bonusarna och sportspelen i Sverige. Spela smartare och njut av toppodds online.","breadcrumb":{"@id":"https:\/\/apuestasfree.com\/cs\/#breadcrumb"},"inLanguage":"cs","potentialAction":[{"@type":"ReadAction","target":["https:\/\/apuestasfree.com\/cs\/"]}]},{"@type":"ImageObject","inLanguage":"cs","@id":"https:\/\/apuestasfree.com\/cs\/#primaryimage","url":"https:\/\/apuestasfree.com\/wp-content\/uploads\/2026\/02\/merkurxtip.jpg","contentUrl":"https:\/\/apuestasfree.com\/wp-content\/uploads\/2026\/02\/merkurxtip.jpg"},{"@type":"BreadcrumbList","@id":"https:\/\/apuestasfree.com\/cs\/#breadcrumb","itemListElement":[{"@type":"ListItem","position":1,"name":"Inicio","item":"https:\/\/apuestasfree.com\/cs\/"},{"@type":"ListItem","position":2,"name":"Bonusov\u00e9 sportovn\u00ed s\u00e1zen\u00ed a kasina ve \u0160v\u00e9dsku"}]},{"@type":"WebSite","@id":"https:\/\/apuestasfree.com\/cs\/#website","url":"https:\/\/apuestasfree.com\/cs\/","name":"ApuestasFree","description":"","publisher":{"@id":"https:\/\/apuestasfree.com\/cs\/#organization"},"potentialAction":[{"@type":"SearchAction","target":{"@type":"EntryPoint","urlTemplate":"https:\/\/apuestasfree.com\/cs\/?s={search_term_string}"},"query-input":{"@type":"PropertyValueSpecification","valueRequired":true,"valueName":"search_term_string"}}],"inLanguage":"cs"},{"@type":"Organization","@id":"https:\/\/apuestasfree.com\/cs\/#organization","name":"ApuestasFree","url":"https:\/\/apuestasfree.com\/cs\/","logo":{"@type":"ImageObject","inLanguage":"cs","@id":"https:\/\/apuestasfree.com\/cs\/#\/schema\/logo\/image\/","url":"https:\/\/apuestasfree.com\/wp-content\/uploads\/2019\/06\/afree_logo.png","contentUrl":"https:\/\/apuestasfree.com\/wp-content\/uploads\/2019\/06\/afree_logo.png","width":106,"height":50,"caption":"ApuestasFree"},"image":{"@id":"https:\/\/apuestasfree.com\/cs\/#\/schema\/logo\/image\/"}}]}},"uagb_featured_image_src":{"full":false,"thumbnail":false,"medium":false,"medium_large":false,"large":false,"1536x1536":false,"2048x2048":false},"uagb_author_info":{"display_name":"Vikas","author_link":"https:\/\/apuestasfree.com\/cs\/author\/vikas\/"},"uagb_comment_info":0,"uagb_excerpt":"Nejlep\u0161\u00ed s\u00e1zkov\u00e9 bonusy Nejlep\u0161\u00ed uv\u00edtac\u00ed bonusy Nejlep\u0161\u00ed kasinov\u00e9 bonusy Senaste nyheterna p\u00e5 ApuestasFree","_links":{"self":[{"href":"https:\/\/apuestasfree.com\/cs\/wp-json\/wp\/v2\/pages\/2079431","targetHints":{"allow":["GET"]}}],"collection":[{"href":"https:\/\/apuestasfree.com\/cs\/wp-json\/wp\/v2\/pages"}],"about":[{"href":"https:\/\/apuestasfree.com\/cs\/wp-json\/wp\/v2\/types\/page"}],"author":[{"embeddable":true,"href":"https:\/\/apuestasfree.com\/cs\/wp-json\/wp\/v2\/users\/14624"}],"replies":[{"embeddable":true,"href":"https:\/\/apuestasfree.com\/cs\/wp-json\/wp\/v2\/comments?post=2079431"}],"version-history":[{"count":4,"href":"https:\/\/apuestasfree.com\/cs\/wp-json\/wp\/v2\/pages\/2079431\/revisions"}],"predecessor-version":[{"id":2148635,"href":"https:\/\/apuestasfree.com\/cs\/wp-json\/wp\/v2\/pages\/2079431\/revisions\/2148635"}],"wp:attachment":[{"href":"https:\/\/apuestasfree.com\/cs\/wp-json\/wp\/v2\/media?parent=2079431"}],"curies":[{"name":"wp","href":"https:\/\/api.w.org\/{rel}","templated":true}]}}