{"id":761820,"date":"2022-04-24T17:26:35","date_gmt":"2022-04-24T15:26:35","guid":{"rendered":"https:\/\/apuestasfree.com\/?p=761820"},"modified":"2025-07-30T20:08:34","modified_gmt":"2025-07-30T18:08:34","slug":"sportium-manchester-city-vs-real-madrid","status":"publish","type":"page","link":"https:\/\/apuestasfree.com\/co\/sportium-manchester-city-vs-real-madrid\/","title":{"rendered":"Sportium Manchester City vs Real Madrid \u00a1Apuesta a lo grande!"},"content":{"rendered":"\n<p>Realiza tu apuesta en Sportium para el partido Manchester City vs Real Madrid. Oportunidades interesantes y cuotas muy altas. Adem\u00e1s, <a href=\"https:\/\/recor.to\/sportiumcolombiadownload\" rel=\"nofollow noopener sponsored\">reclama el Bono de Bienvenida a Sportium.<\/a><\/p>\n\n\n\n<figure class=\"wp-block-image size-full\"><a href=\"https:\/\/recor.to\/sportiumcolombiadownload\" rel=\"nofollow noopener sponsored\"><img fetchpriority=\"high\" decoding=\"async\" width=\"987\" height=\"286\" src=\"https:\/\/apuestasfree.com\/wp-content\/uploads\/2022\/04\/sportium-manchester-city-vs-real-madrid.webp\" alt=\"sportium manchester city vs real madrid\" class=\"wp-image-761822\" srcset=\"https:\/\/apuestasfree.com\/wp-content\/uploads\/2022\/04\/sportium-manchester-city-vs-real-madrid.webp 987w, https:\/\/apuestasfree.com\/wp-content\/uploads\/2022\/04\/sportium-manchester-city-vs-real-madrid-300x87.webp 300w, https:\/\/apuestasfree.com\/wp-content\/uploads\/2022\/04\/sportium-manchester-city-vs-real-madrid-768x223.webp 768w\" sizes=\"(max-width: 987px) 100vw, 987px\" \/><\/a><\/figure>\n\n\n\n<p class=\"has-text-align-center\"><em><a href=\"https:\/\/apuestasfree.com\/co\/sportium-colombia-aguila\/\" target=\"_blank\" rel=\"noreferrer noopener\">Sportium Liga Aguila <\/a><\/em><\/p>\n\n\n\n<h2 class=\"wp-block-heading\" id=\"h-vive-el-manchester-city-vs-real-madrid-en-sportium-si-hay-empate-tambien-ganas\">Vive el Manchester City vs Real Madrid en Sportium \u00a1Si hay empate tambi\u00e9n ganas!<\/h2>\n\n\n\n<p><strong>El pr\u00f3ximo martes 26 de abril se enfrentar\u00e1n Manchester City vs Real Madrid por el partido de ida de las semifinales de la Liga de Campeones y William Hill es la Casa de Apuestas ideal para apostar.<\/strong> Tan importante cita no pod\u00eda pasar desapercibida y la promo <strong>&#8220;Si hay empate&#8230; \u00a1Te la regresamos!&#8221; <\/strong>es espectacular para los apostadores. Adem\u00e1s, <a href=\"https:\/\/recor.to\/sportiumcolombiadownload\" rel=\"nofollow noopener sponsored\">disfruta de la Oferta de Bienvenida y Dobla tu Primer Dep\u00f3sito en Sportium.<\/a><\/p>\n\n\n\n<p>La promo consiste en que si erras el resultado de tu predicci\u00f3n pero el partido termina en empate, recibir\u00e1s un reembolso con el dinero apostado.<\/p>\n\n\n\n<p>Para activar la promoci\u00f3n deber\u00e1s introducir el c\u00f3digo &#8220;<strong>CITYRM<\/strong>&#8221; y la apuesta debe ser de cuota igual o superior a 1,50.<\/p>\n\n\n\n<h2 class=\"wp-block-heading\">Sportium Dobla Tu Primer Dep\u00f3sito: Hasta $50.000 para apostar<\/h2>\n\n\n\n<figure class=\"wp-block-image size-large\"><img decoding=\"async\" width=\"1024\" height=\"293\" src=\"https:\/\/apuestasfree.com\/wp-content\/uploads\/2024\/02\/sportium-bono-apuestas-deportivas-7-1024x293.jpg\" alt=\"\" class=\"wp-image-1625420\" srcset=\"https:\/\/apuestasfree.com\/wp-content\/uploads\/2024\/02\/sportium-bono-apuestas-deportivas-7-1024x293.jpg 1024w, https:\/\/apuestasfree.com\/wp-content\/uploads\/2024\/02\/sportium-bono-apuestas-deportivas-7-300x86.jpg 300w, https:\/\/apuestasfree.com\/wp-content\/uploads\/2024\/02\/sportium-bono-apuestas-deportivas-7-768x219.jpg 768w, https:\/\/apuestasfree.com\/wp-content\/uploads\/2024\/02\/sportium-bono-apuestas-deportivas-7.jpg 1400w\" sizes=\"(max-width: 1024px) 100vw, 1024px\" \/><\/figure>\n\n\n\n<p>La fant\u00e1stica Casa de Apuestas Deportivas online Sportium en Colombia ofrece un provechoso Bono \u201cDobla Tu Primer Dep\u00f3sito\u201d. <strong>Exclusivo para usuarios nuevos, la promoci\u00f3n duplica el dep\u00f3sito inicial, con un beneficio de hasta $50.000 dedicados para realizar apuestas deportivas. Adem\u00e1s, tambi\u00e9n se acredita una apuesta GRATIS del valor del IVA descontado en el ingreso hasta $10.000. Reg\u00edstrate en Sportium, inicia sesi\u00f3n en el sitio y en la secci\u00f3n de Bonos selecciona el bono para DEPORTES.<\/strong> Listo, luego de depositar por primera vez obtendr\u00e1s autom\u00e1ticamente el bonus extra. Conoce otras interesantes promociones de Sportium para apostar en Manchester City vs Real Madrid <a href=\"https:\/\/apuestasfree.com\/co\/sportium-bono-apuestas-combinadas\/\">pinchando aqu\u00ed<\/a>.<\/p>\n\n\n\n<div class=\"wp-block-buttons is-layout-flex wp-block-buttons-is-layout-flex\">\n<div class=\"wp-block-button aligncenter\"><a class=\"wp-block-button__link wp-element-button\" href=\"https:\/\/recor.to\/sportiumcolombiadownload\" rel=\"nofollow noopener sponsored\"><strong>\u00a1MANCHESTER CITY VS REAL MADRID!<\/strong><\/a><\/div>\n<\/div>\n\n\n\n<p><strong>Los principales t\u00e9rminos y condiciones:&nbsp;<\/strong><\/p>\n\n\n\n<ul class=\"wp-block-list\">\n<li>El Bono es exclusivo para nuevos registros en el sitio.<\/li>\n\n\n\n<li>Adem\u00e1s, el tope m\u00e1ximo de beneficio es de $50.000 + Apuesta Gratis $10.000.<\/li>\n\n\n\n<li>Asimismo, 7 d\u00edas es el lapso que dura el saldo de bonus en tu cuenta. Pasado ese tiempo se perder\u00e1.<\/li>\n<\/ul>\n","protected":false},"excerpt":{"rendered":"<p>Realiza tu apuesta en Sportium para el partido Manchester City vs Real Madrid. Oportunidades interesantes y cuotas muy altas. Adem\u00e1s, reclama el Bono de Bienvenida a Sportium. Sportium Liga Aguila Vive el Manchester City vs Real Madrid en Sportium \u00a1Si hay empate tambi\u00e9n ganas! El pr\u00f3ximo martes 26 de abril se enfrentar\u00e1n Manchester City vs &#8230; <a title=\"Sportium Manchester City vs Real Madrid \u00a1Apuesta a lo grande!\" class=\"read-more\" href=\"https:\/\/apuestasfree.com\/co\/sportium-manchester-city-vs-real-madrid\/\" aria-label=\"Read more about Sportium Manchester City vs Real Madrid \u00a1Apuesta a lo grande!\">Leer m\u00e1s<\/a><\/p>\n","protected":false},"author":33553,"featured_media":0,"parent":0,"menu_order":0,"comment_status":"closed","ping_status":"closed","template":"","meta":{"_uag_custom_page_level_css":"","footnotes":""},"class_list":["post-761820","page","type-page","status-publish"],"yoast_head":"<!-- This site is optimized with the Yoast SEO Premium plugin v27.1 (Yoast SEO v27.5) - https:\/\/yoast.com\/product\/yoast-seo-premium-wordpress\/ -->\n<title>Sportium Manchester City vs Real Madrid \u00a1Apuesta a lo grande!<\/title>\n<meta name=\"description\" content=\"Realiza tu apuesta en Sportium para el partido Manchester City vs Real Madrid. Oportunidades interesantes y cuotas muy altas.\" \/>\n<meta name=\"robots\" content=\"index, follow, max-snippet:-1, max-image-preview:large, max-video-preview:-1\" \/>\n<link rel=\"canonical\" href=\"https:\/\/apuestasfree.com\/co\/sportium-manchester-city-vs-real-madrid\/\" \/>\n<meta property=\"og:locale\" content=\"es_ES\" \/>\n<meta property=\"og:type\" content=\"article\" \/>\n<meta property=\"og:title\" content=\"Sportium Manchester City vs Real Madrid \u00a1Apuesta a lo grande!\" \/>\n<meta property=\"og:description\" content=\"Realiza tu apuesta en Sportium para el partido Manchester City vs Real Madrid. Oportunidades interesantes y cuotas muy altas.\" \/>\n<meta property=\"og:url\" content=\"https:\/\/apuestasfree.com\/co\/sportium-manchester-city-vs-real-madrid\/\" \/>\n<meta property=\"og:site_name\" content=\"ApuestasFree\" \/>\n<meta property=\"article:modified_time\" content=\"2025-07-30T18:08:34+00:00\" \/>\n<meta property=\"og:image\" content=\"https:\/\/apuestasfree.com\/wp-content\/uploads\/2022\/04\/sportium-manchester-city-vs-real-madrid.webp\" \/>\n\t<meta property=\"og:image:width\" content=\"987\" \/>\n\t<meta property=\"og:image:height\" content=\"286\" \/>\n\t<meta property=\"og:image:type\" content=\"image\/webp\" \/>\n<meta name=\"twitter:card\" content=\"summary_large_image\" \/>\n<meta name=\"twitter:label1\" content=\"Tiempo de lectura\" \/>\n\t<meta name=\"twitter:data1\" content=\"2 minutos\" \/>\n<script type=\"application\/ld+json\" class=\"yoast-schema-graph\">{\"@context\":\"https:\\\/\\\/schema.org\",\"@graph\":[{\"@type\":\"WebPage\",\"@id\":\"https:\\\/\\\/apuestasfree.com\\\/co\\\/sportium-manchester-city-vs-real-madrid\\\/\",\"url\":\"https:\\\/\\\/apuestasfree.com\\\/co\\\/sportium-manchester-city-vs-real-madrid\\\/\",\"name\":\"Sportium Manchester City vs Real Madrid \u00a1Apuesta a lo grande!\",\"isPartOf\":{\"@id\":\"https:\\\/\\\/apuestasfree.com\\\/co\\\/#website\"},\"primaryImageOfPage\":{\"@id\":\"https:\\\/\\\/apuestasfree.com\\\/co\\\/sportium-manchester-city-vs-real-madrid\\\/#primaryimage\"},\"image\":{\"@id\":\"https:\\\/\\\/apuestasfree.com\\\/co\\\/sportium-manchester-city-vs-real-madrid\\\/#primaryimage\"},\"thumbnailUrl\":\"https:\\\/\\\/apuestasfree.com\\\/wp-content\\\/uploads\\\/2022\\\/04\\\/sportium-manchester-city-vs-real-madrid.webp\",\"datePublished\":\"2022-04-24T15:26:35+00:00\",\"dateModified\":\"2025-07-30T18:08:34+00:00\",\"description\":\"Realiza tu apuesta en Sportium para el partido Manchester City vs Real Madrid. Oportunidades interesantes y cuotas muy altas.\",\"breadcrumb\":{\"@id\":\"https:\\\/\\\/apuestasfree.com\\\/co\\\/sportium-manchester-city-vs-real-madrid\\\/#breadcrumb\"},\"inLanguage\":\"es-CO\",\"potentialAction\":[{\"@type\":\"ReadAction\",\"target\":[\"https:\\\/\\\/apuestasfree.com\\\/co\\\/sportium-manchester-city-vs-real-madrid\\\/\"]}]},{\"@type\":\"ImageObject\",\"inLanguage\":\"es-CO\",\"@id\":\"https:\\\/\\\/apuestasfree.com\\\/co\\\/sportium-manchester-city-vs-real-madrid\\\/#primaryimage\",\"url\":\"https:\\\/\\\/apuestasfree.com\\\/wp-content\\\/uploads\\\/2022\\\/04\\\/sportium-manchester-city-vs-real-madrid.webp\",\"contentUrl\":\"https:\\\/\\\/apuestasfree.com\\\/wp-content\\\/uploads\\\/2022\\\/04\\\/sportium-manchester-city-vs-real-madrid.webp\"},{\"@type\":\"BreadcrumbList\",\"@id\":\"https:\\\/\\\/apuestasfree.com\\\/co\\\/sportium-manchester-city-vs-real-madrid\\\/#breadcrumb\",\"itemListElement\":[{\"@type\":\"ListItem\",\"position\":1,\"name\":\"Inicio\",\"item\":\"https:\\\/\\\/apuestasfree.com\\\/co\\\/\"},{\"@type\":\"ListItem\",\"position\":2,\"name\":\"Sportium Manchester City vs Real Madrid \u00a1Apuesta a lo grande!\"}]},{\"@type\":\"WebSite\",\"@id\":\"https:\\\/\\\/apuestasfree.com\\\/co\\\/#website\",\"url\":\"https:\\\/\\\/apuestasfree.com\\\/co\\\/\",\"name\":\"ApuestasFree\",\"description\":\"\",\"publisher\":{\"@id\":\"https:\\\/\\\/apuestasfree.com\\\/co\\\/#organization\"},\"potentialAction\":[{\"@type\":\"SearchAction\",\"target\":{\"@type\":\"EntryPoint\",\"urlTemplate\":\"https:\\\/\\\/apuestasfree.com\\\/co\\\/?s={search_term_string}\"},\"query-input\":{\"@type\":\"PropertyValueSpecification\",\"valueRequired\":true,\"valueName\":\"search_term_string\"}}],\"inLanguage\":\"es-CO\"},{\"@type\":\"Organization\",\"@id\":\"https:\\\/\\\/apuestasfree.com\\\/co\\\/#organization\",\"name\":\"ApuestasFree\",\"url\":\"https:\\\/\\\/apuestasfree.com\\\/co\\\/\",\"logo\":{\"@type\":\"ImageObject\",\"inLanguage\":\"es-CO\",\"@id\":\"https:\\\/\\\/apuestasfree.com\\\/co\\\/#\\\/schema\\\/logo\\\/image\\\/\",\"url\":\"https:\\\/\\\/apuestasfree.com\\\/wp-content\\\/uploads\\\/2019\\\/06\\\/afree_logo.png\",\"contentUrl\":\"https:\\\/\\\/apuestasfree.com\\\/wp-content\\\/uploads\\\/2019\\\/06\\\/afree_logo.png\",\"width\":106,\"height\":50,\"caption\":\"ApuestasFree\"},\"image\":{\"@id\":\"https:\\\/\\\/apuestasfree.com\\\/co\\\/#\\\/schema\\\/logo\\\/image\\\/\"}}]}<\/script>\n<!-- \/ Yoast SEO Premium plugin. -->","yoast_head_json":{"title":"Sportium Manchester City vs Real Madrid \u00a1Apuesta a lo grande!","description":"Realiza tu apuesta en Sportium para el partido Manchester City vs Real Madrid. Oportunidades interesantes y cuotas muy altas.","robots":{"index":"index","follow":"follow","max-snippet":"max-snippet:-1","max-image-preview":"max-image-preview:large","max-video-preview":"max-video-preview:-1"},"canonical":"https:\/\/apuestasfree.com\/co\/sportium-manchester-city-vs-real-madrid\/","og_locale":"es_ES","og_type":"article","og_title":"Sportium Manchester City vs Real Madrid \u00a1Apuesta a lo grande!","og_description":"Realiza tu apuesta en Sportium para el partido Manchester City vs Real Madrid. Oportunidades interesantes y cuotas muy altas.","og_url":"https:\/\/apuestasfree.com\/co\/sportium-manchester-city-vs-real-madrid\/","og_site_name":"ApuestasFree","article_modified_time":"2025-07-30T18:08:34+00:00","og_image":[{"width":987,"height":286,"url":"https:\/\/apuestasfree.com\/wp-content\/uploads\/2022\/04\/sportium-manchester-city-vs-real-madrid.webp","type":"image\/webp"}],"twitter_card":"summary_large_image","twitter_misc":{"Tiempo de lectura":"2 minutos"},"schema":{"@context":"https:\/\/schema.org","@graph":[{"@type":"WebPage","@id":"https:\/\/apuestasfree.com\/co\/sportium-manchester-city-vs-real-madrid\/","url":"https:\/\/apuestasfree.com\/co\/sportium-manchester-city-vs-real-madrid\/","name":"Sportium Manchester City vs Real Madrid \u00a1Apuesta a lo grande!","isPartOf":{"@id":"https:\/\/apuestasfree.com\/co\/#website"},"primaryImageOfPage":{"@id":"https:\/\/apuestasfree.com\/co\/sportium-manchester-city-vs-real-madrid\/#primaryimage"},"image":{"@id":"https:\/\/apuestasfree.com\/co\/sportium-manchester-city-vs-real-madrid\/#primaryimage"},"thumbnailUrl":"https:\/\/apuestasfree.com\/wp-content\/uploads\/2022\/04\/sportium-manchester-city-vs-real-madrid.webp","datePublished":"2022-04-24T15:26:35+00:00","dateModified":"2025-07-30T18:08:34+00:00","description":"Realiza tu apuesta en Sportium para el partido Manchester City vs Real Madrid. Oportunidades interesantes y cuotas muy altas.","breadcrumb":{"@id":"https:\/\/apuestasfree.com\/co\/sportium-manchester-city-vs-real-madrid\/#breadcrumb"},"inLanguage":"es-CO","potentialAction":[{"@type":"ReadAction","target":["https:\/\/apuestasfree.com\/co\/sportium-manchester-city-vs-real-madrid\/"]}]},{"@type":"ImageObject","inLanguage":"es-CO","@id":"https:\/\/apuestasfree.com\/co\/sportium-manchester-city-vs-real-madrid\/#primaryimage","url":"https:\/\/apuestasfree.com\/wp-content\/uploads\/2022\/04\/sportium-manchester-city-vs-real-madrid.webp","contentUrl":"https:\/\/apuestasfree.com\/wp-content\/uploads\/2022\/04\/sportium-manchester-city-vs-real-madrid.webp"},{"@type":"BreadcrumbList","@id":"https:\/\/apuestasfree.com\/co\/sportium-manchester-city-vs-real-madrid\/#breadcrumb","itemListElement":[{"@type":"ListItem","position":1,"name":"Inicio","item":"https:\/\/apuestasfree.com\/co\/"},{"@type":"ListItem","position":2,"name":"Sportium Manchester City vs Real Madrid \u00a1Apuesta a lo grande!"}]},{"@type":"WebSite","@id":"https:\/\/apuestasfree.com\/co\/#website","url":"https:\/\/apuestasfree.com\/co\/","name":"ApuestasFree","description":"","publisher":{"@id":"https:\/\/apuestasfree.com\/co\/#organization"},"potentialAction":[{"@type":"SearchAction","target":{"@type":"EntryPoint","urlTemplate":"https:\/\/apuestasfree.com\/co\/?s={search_term_string}"},"query-input":{"@type":"PropertyValueSpecification","valueRequired":true,"valueName":"search_term_string"}}],"inLanguage":"es-CO"},{"@type":"Organization","@id":"https:\/\/apuestasfree.com\/co\/#organization","name":"ApuestasFree","url":"https:\/\/apuestasfree.com\/co\/","logo":{"@type":"ImageObject","inLanguage":"es-CO","@id":"https:\/\/apuestasfree.com\/co\/#\/schema\/logo\/image\/","url":"https:\/\/apuestasfree.com\/wp-content\/uploads\/2019\/06\/afree_logo.png","contentUrl":"https:\/\/apuestasfree.com\/wp-content\/uploads\/2019\/06\/afree_logo.png","width":106,"height":50,"caption":"ApuestasFree"},"image":{"@id":"https:\/\/apuestasfree.com\/co\/#\/schema\/logo\/image\/"}}]}},"uagb_featured_image_src":{"full":false,"thumbnail":false,"medium":false,"medium_large":false,"large":false,"1536x1536":false,"2048x2048":false},"uagb_author_info":{"display_name":"Jeronimo","author_link":"https:\/\/apuestasfree.com\/co\/author\/jeronimo\/"},"uagb_comment_info":0,"uagb_excerpt":"Realiza tu apuesta en Sportium para el partido Manchester City vs Real Madrid. Oportunidades interesantes y cuotas muy altas. Adem\u00e1s, reclama el Bono de Bienvenida a Sportium. Sportium Liga Aguila Vive el Manchester City vs Real Madrid en Sportium \u00a1Si hay empate tambi\u00e9n ganas! El pr\u00f3ximo martes 26 de abril se enfrentar\u00e1n Manchester City vs&hellip;","_links":{"self":[{"href":"https:\/\/apuestasfree.com\/co\/wp-json\/wp\/v2\/pages\/761820","targetHints":{"allow":["GET"]}}],"collection":[{"href":"https:\/\/apuestasfree.com\/co\/wp-json\/wp\/v2\/pages"}],"about":[{"href":"https:\/\/apuestasfree.com\/co\/wp-json\/wp\/v2\/types\/page"}],"author":[{"embeddable":true,"href":"https:\/\/apuestasfree.com\/co\/wp-json\/wp\/v2\/users\/33553"}],"replies":[{"embeddable":true,"href":"https:\/\/apuestasfree.com\/co\/wp-json\/wp\/v2\/comments?post=761820"}],"version-history":[{"count":4,"href":"https:\/\/apuestasfree.com\/co\/wp-json\/wp\/v2\/pages\/761820\/revisions"}],"predecessor-version":[{"id":1996578,"href":"https:\/\/apuestasfree.com\/co\/wp-json\/wp\/v2\/pages\/761820\/revisions\/1996578"}],"wp:attachment":[{"href":"https:\/\/apuestasfree.com\/co\/wp-json\/wp\/v2\/media?parent=761820"}],"curies":[{"name":"wp","href":"https:\/\/api.w.org\/{rel}","templated":true}]}}