{"id":272282,"date":"2020-11-20T18:58:15","date_gmt":"2020-11-20T17:58:15","guid":{"rendered":"https:\/\/apuestasfree.com\/?p=272282"},"modified":"2024-09-19T21:17:49","modified_gmt":"2024-09-19T19:17:49","slug":"megapuesta-colombia-bono-rappi","status":"publish","type":"page","link":"https:\/\/apuestasfree.com\/co\/megapuesta-colombia-bono-rappi\/","title":{"rendered":"MegApuesta Colombia: Bono de Bienvenida Rappi de hasta $20.000"},"content":{"rendered":"\n<pre class=\"wp-block-preformatted has-text-color has-background has-link-color wp-elements-e9dd7dfe56da7d123bdae28c6e824b1e\" style=\"color:#ff0000;background-color:#fbc9c9\"><strong>Lamentablemente, MegApuesta ya no opera en Colombia. Te recomendamos visitar otros sitios, como <a href=\"https:\/\/recor.to\/codereco\" target=\"_blank\" rel=\"noreferrer noopener nofollow sponsored\">Codere<\/a>, <a href=\"https:\/\/recor.to\/rushbet\" target=\"_blank\" rel=\"noreferrer noopener nofollow sponsored\">Rushbet <\/a>o <a href=\"https:\/\/recor.to\/stakeco\" target=\"_blank\" rel=\"noreferrer noopener nofollow sponsored\">Stake<\/a>, donde podr\u00e1s hacer tus apuestas con bonos y promociones. <\/strong><\/pre>\n\n\n<p>La casa de apuestas <a href=\"https:\/\/recor.to\/megapuesta\" target=\"_blank\" rel=\"noopener noreferrer nofollow sponsored\">MegApuesta Colombia<\/a> ha lanzado un <strong><a href=\"https:\/\/apuestasfree.com\/co\/megapuesta-bono-ruletas\/\" target=\"_blank\" rel=\"noopener\">Bono de Bienvenida<\/a> en el que reg\u00edstrate por Rappi y recibe $20.000<\/strong>.<\/p>\n<p><span class=\"su-highlight\"><strong>DistriRed S.A.S<\/strong> operando bajo el dominio<strong> MegApuesta.co<\/strong>, Es una compa\u00f1\u00eda perteneciente a un grupo empresarial que acredita m\u00e1s de 15 a\u00f1os de experiencia en la comercializaci\u00f3n de productos de consumo masivo, en su gran mayor\u00eda virtuales, dirigidos al mercado tradicional Colombiano.<\/span><\/p>\n<h2 style=\"text-align: center;\"><a href=\"https:\/\/recor.to\/megapuesta\" target=\"_blank\" rel=\"noopener noreferrer nofollow sponsored\">MegApuesta Bono Rappi<\/a><\/h2>\n<p><a href=\"https:\/\/recor.to\/megapuesta\" target=\"_blank\" rel=\"noopener noreferrer nofollow sponsored\"><img fetchpriority=\"high\" decoding=\"async\" class=\"aligncenter wp-image-272283 size-full\" src=\"https:\/\/apuestasfree.com\/wp-content\/uploads\/2020\/11\/MegApuesta-Colombia-Bono-Rappi.png\" alt=\"\" width=\"610\" height=\"400\" srcset=\"https:\/\/apuestasfree.com\/wp-content\/uploads\/2020\/11\/MegApuesta-Colombia-Bono-Rappi.png 610w, https:\/\/apuestasfree.com\/wp-content\/uploads\/2020\/11\/MegApuesta-Colombia-Bono-Rappi-300x197.png 300w\" sizes=\"(max-width: 610px) 100vw, 610px\" \/><\/a><\/p>\n<p>Como hemos mencionado anteriormente, la casa de apuestas <a href=\"https:\/\/recor.to\/megapuesta\" target=\"_blank\" rel=\"noopener noreferrer nofollow sponsored\">MegApuesta Colombia<\/a> ha lanzado un <strong>Bono de Bienvenida en el que reg\u00edstrate por Rappi y recibe $20.000<\/strong>.<\/p>\n<h3><strong>C\u00f3mo funciona Bono Rappi:<\/strong><\/h3>\n<p>Antes que nada, para poder participar <strong>debes registrarte<\/strong>, ya que es para nuevos usuarios.<\/p>\n<p>Una vez registrado, debes saber que <strong>te dan $20.000 por reg\u00edstrarte con el Bono Rappi<\/strong>. Haz lo siguiente:<\/p>\n<ul>\n<li>Realiza el registro a trav\u00e9s de <strong>RAPPI<\/strong><\/li>\n<li>Realiza una apuesta <strong>combinada de m\u00ednimo 5 eventos<\/strong>.<\/li>\n<li>La apuesta debe ser por el <strong>total<\/strong> del bono otorgado.<\/li>\n<li>Cuota total m\u00ednima <strong>6.0<\/strong>.<\/li>\n<li>M\u00e1ximo ganancia <strong>$100.000<\/strong>.<\/li>\n<li>Vigencia <strong>5 d\u00edas<\/strong>, despu\u00e9s de otorgado el bono<\/li>\n<\/ul>\n<h3><strong>Contacto<\/strong><\/h3>\n<p>Si tienes dudas, puedes <strong>contactar<\/strong> con ellos:<\/p>\n<p>L\u00ednea de atenci\u00f3n al cliente:<br \/>\nPBX: (4) 6091215<br \/>\n<strong>Email: <\/strong>servicioalcliente@megapuesta.co<\/p>\n<p><strong>Redes Sociales<\/strong><\/p>\n<ul>\n<li>Facebook: <a href=\"http:\/\/www.facebook.com\/megapuesta.co\/\">www.facebook.com\/megapuesta.co\/<\/a><\/li>\n<li>Instagram: <a href=\"https:\/\/www.instagram.com\/megapuesta\/\">@megapuesta<\/a><\/li>\n<li>Twitter: <a href=\"https:\/\/twitter.com\/megapuestaco\">twitter.com\/megapuestaco<\/a><\/li>\n<li>YouTube: <a href=\"https:\/\/www.youtube.com\/c\/MegApuesta\">www.youtube.com\/c\/MegApuesta<\/a><\/li>\n<\/ul>\n<p><strong>Donde Recargar MegApuesta.co<\/strong><br \/>\nMegApuesta.co le permite recargar su cuenta en cualquiera de nuestros Puntos de venta o centros de experiencia MegApuesta.co autorizados en todo el pa\u00eds y con las <a href=\"https:\/\/apuestasfree.com\/co\/megapuesta-como-ingresar-dinero\/\" target=\"_blank\" rel=\"noopener\">Opciones de recargas disponibles<\/a>, o recarga en l\u00ednea mediante del bot\u00f3n \u201cRecargas\u201d en su cuenta de usuario en la parte superior derecha desde la comodidad de su casa.<\/p>\n<ol>\n<li>Puntos <strong>V\u00eda-Baloto<\/strong>: Desde $18.000 hasta $1\u2019500.000.<\/li>\n<li><strong>Efecty<\/strong>: Desde $1.000 hasta $5\u2019000.000.<\/li>\n<li>Puntos <strong>de Pago Megapuesta ( MEGARED)<\/strong>: Desde $1.000 hasta $5\u2019000.000. dirigi\u00e9ndose al cualquier punto con tu c\u00e9dula.<\/li>\n<li><strong>Cuenta de Ahorros<\/strong>: Desde $10.0000 hasta $1\u2019000.000, Mediante el bot\u00f3n <strong>PSE<\/strong> de nuestra p\u00e1gina.<\/li>\n<li><strong>Tarjeta de cr\u00e9dito<\/strong> (Visa o Mastercard): Desde $20.000 hasta $15&#8217;000.000. Mediante el bot\u00f3n <strong>Mastercard<\/strong> o <strong>Visa<\/strong> desde la p\u00e1gina.<\/li>\n<\/ol>\n<p style=\"text-align: center;\"><a href=\"https:\/\/recor.to\/megapuesta\" target=\"_blank\" rel=\"noopener noreferrer nofollow sponsored\">\u00a1Reg\u00edstrate y aprovecha el Bono Rappi de la casa MegApuesta!<\/a><\/p>","protected":false},"excerpt":{"rendered":"<p>Lamentablemente, MegApuesta ya no opera en Colombia. Te recomendamos visitar otros sitios, como Codere, Rushbet o Stake, donde podr\u00e1s hacer tus apuestas con bonos y promociones. La casa de apuestas MegApuesta Colombia ha lanzado un Bono de Bienvenida en el que reg\u00edstrate por Rappi y recibe $20.000. DistriRed S.A.S operando bajo el dominio MegApuesta.co, Es &#8230; <a title=\"MegApuesta Colombia: Bono de Bienvenida Rappi de hasta $20.000\" class=\"read-more\" href=\"https:\/\/apuestasfree.com\/co\/megapuesta-colombia-bono-rappi\/\" aria-label=\"Read more about MegApuesta Colombia: Bono de Bienvenida Rappi de hasta $20.000\">Leer m\u00e1s<\/a><\/p>\n","protected":false},"author":27643,"featured_media":0,"parent":0,"menu_order":0,"comment_status":"closed","ping_status":"closed","template":"","meta":{"_uag_custom_page_level_css":"","footnotes":""},"class_list":["post-272282","page","type-page","status-publish"],"yoast_head":"<!-- This site is optimized with the Yoast SEO Premium plugin v27.1 (Yoast SEO v27.3) - https:\/\/yoast.com\/product\/yoast-seo-premium-wordpress\/ -->\n<title>MegApuesta Colombia: Bono de Bienvenida Rappi de hasta $20.000<\/title>\n<meta name=\"description\" content=\"La casa de apuestas MegApuesta Colombia ha lanzado un Bono de Bienvenida en el que reg\u00edstrate por Rappi y recibe $20.000.\" \/>\n<meta name=\"robots\" content=\"index, follow, max-snippet:-1, max-image-preview:large, max-video-preview:-1\" \/>\n<link rel=\"canonical\" href=\"https:\/\/apuestasfree.com\/co\/megapuesta-colombia-bono-rappi\/\" \/>\n<meta property=\"og:locale\" content=\"es_ES\" \/>\n<meta property=\"og:type\" content=\"article\" \/>\n<meta property=\"og:title\" content=\"MegApuesta Colombia: Bono de Bienvenida Rappi de hasta $20.000\" \/>\n<meta property=\"og:description\" content=\"La casa de apuestas MegApuesta Colombia ha lanzado un Bono de Bienvenida en el que reg\u00edstrate por Rappi y recibe $20.000.\" \/>\n<meta property=\"og:url\" content=\"https:\/\/apuestasfree.com\/co\/megapuesta-colombia-bono-rappi\/\" \/>\n<meta property=\"og:site_name\" content=\"ApuestasFree\" \/>\n<meta property=\"article:modified_time\" content=\"2024-09-19T19:17:49+00:00\" \/>\n<meta property=\"og:image\" content=\"https:\/\/apuestasfree.com\/wp-content\/uploads\/2020\/11\/MegApuesta-Colombia-Bono-Rappi.png\" \/>\n<meta name=\"twitter:card\" content=\"summary_large_image\" \/>\n<meta name=\"twitter:label1\" content=\"Tiempo de lectura\" \/>\n\t<meta name=\"twitter:data1\" content=\"2 minutos\" \/>\n<script type=\"application\/ld+json\" class=\"yoast-schema-graph\">{\"@context\":\"https:\\\/\\\/schema.org\",\"@graph\":[{\"@type\":\"WebPage\",\"@id\":\"https:\\\/\\\/apuestasfree.com\\\/co\\\/megapuesta-colombia-bono-rappi\\\/\",\"url\":\"https:\\\/\\\/apuestasfree.com\\\/co\\\/megapuesta-colombia-bono-rappi\\\/\",\"name\":\"MegApuesta Colombia: Bono de Bienvenida Rappi de hasta $20.000\",\"isPartOf\":{\"@id\":\"https:\\\/\\\/apuestasfree.com\\\/co\\\/#website\"},\"primaryImageOfPage\":{\"@id\":\"https:\\\/\\\/apuestasfree.com\\\/co\\\/megapuesta-colombia-bono-rappi\\\/#primaryimage\"},\"image\":{\"@id\":\"https:\\\/\\\/apuestasfree.com\\\/co\\\/megapuesta-colombia-bono-rappi\\\/#primaryimage\"},\"thumbnailUrl\":\"https:\\\/\\\/apuestasfree.com\\\/wp-content\\\/uploads\\\/2020\\\/11\\\/MegApuesta-Colombia-Bono-Rappi.png\",\"datePublished\":\"2020-11-20T17:58:15+00:00\",\"dateModified\":\"2024-09-19T19:17:49+00:00\",\"description\":\"La casa de apuestas MegApuesta Colombia ha lanzado un Bono de Bienvenida en el que reg\u00edstrate por Rappi y recibe $20.000.\",\"breadcrumb\":{\"@id\":\"https:\\\/\\\/apuestasfree.com\\\/co\\\/megapuesta-colombia-bono-rappi\\\/#breadcrumb\"},\"inLanguage\":\"es-CO\",\"potentialAction\":[{\"@type\":\"ReadAction\",\"target\":[\"https:\\\/\\\/apuestasfree.com\\\/co\\\/megapuesta-colombia-bono-rappi\\\/\"]}]},{\"@type\":\"ImageObject\",\"inLanguage\":\"es-CO\",\"@id\":\"https:\\\/\\\/apuestasfree.com\\\/co\\\/megapuesta-colombia-bono-rappi\\\/#primaryimage\",\"url\":\"https:\\\/\\\/apuestasfree.com\\\/wp-content\\\/uploads\\\/2020\\\/11\\\/MegApuesta-Colombia-Bono-Rappi.png\",\"contentUrl\":\"https:\\\/\\\/apuestasfree.com\\\/wp-content\\\/uploads\\\/2020\\\/11\\\/MegApuesta-Colombia-Bono-Rappi.png\"},{\"@type\":\"BreadcrumbList\",\"@id\":\"https:\\\/\\\/apuestasfree.com\\\/co\\\/megapuesta-colombia-bono-rappi\\\/#breadcrumb\",\"itemListElement\":[{\"@type\":\"ListItem\",\"position\":1,\"name\":\"Inicio\",\"item\":\"https:\\\/\\\/apuestasfree.com\\\/co\\\/\"},{\"@type\":\"ListItem\",\"position\":2,\"name\":\"MegApuesta Colombia: Bono de Bienvenida Rappi de hasta $20.000\"}]},{\"@type\":\"WebSite\",\"@id\":\"https:\\\/\\\/apuestasfree.com\\\/co\\\/#website\",\"url\":\"https:\\\/\\\/apuestasfree.com\\\/co\\\/\",\"name\":\"ApuestasFree\",\"description\":\"\",\"publisher\":{\"@id\":\"https:\\\/\\\/apuestasfree.com\\\/co\\\/#organization\"},\"potentialAction\":[{\"@type\":\"SearchAction\",\"target\":{\"@type\":\"EntryPoint\",\"urlTemplate\":\"https:\\\/\\\/apuestasfree.com\\\/co\\\/?s={search_term_string}\"},\"query-input\":{\"@type\":\"PropertyValueSpecification\",\"valueRequired\":true,\"valueName\":\"search_term_string\"}}],\"inLanguage\":\"es-CO\"},{\"@type\":\"Organization\",\"@id\":\"https:\\\/\\\/apuestasfree.com\\\/co\\\/#organization\",\"name\":\"ApuestasFree\",\"url\":\"https:\\\/\\\/apuestasfree.com\\\/co\\\/\",\"logo\":{\"@type\":\"ImageObject\",\"inLanguage\":\"es-CO\",\"@id\":\"https:\\\/\\\/apuestasfree.com\\\/co\\\/#\\\/schema\\\/logo\\\/image\\\/\",\"url\":\"https:\\\/\\\/apuestasfree.com\\\/wp-content\\\/uploads\\\/2019\\\/06\\\/afree_logo.png\",\"contentUrl\":\"https:\\\/\\\/apuestasfree.com\\\/wp-content\\\/uploads\\\/2019\\\/06\\\/afree_logo.png\",\"width\":106,\"height\":50,\"caption\":\"ApuestasFree\"},\"image\":{\"@id\":\"https:\\\/\\\/apuestasfree.com\\\/co\\\/#\\\/schema\\\/logo\\\/image\\\/\"}}]}<\/script>\n<!-- \/ Yoast SEO Premium plugin. -->","yoast_head_json":{"title":"MegApuesta Colombia: Bono de Bienvenida Rappi de hasta $20.000","description":"La casa de apuestas MegApuesta Colombia ha lanzado un Bono de Bienvenida en el que reg\u00edstrate por Rappi y recibe $20.000.","robots":{"index":"index","follow":"follow","max-snippet":"max-snippet:-1","max-image-preview":"max-image-preview:large","max-video-preview":"max-video-preview:-1"},"canonical":"https:\/\/apuestasfree.com\/co\/megapuesta-colombia-bono-rappi\/","og_locale":"es_ES","og_type":"article","og_title":"MegApuesta Colombia: Bono de Bienvenida Rappi de hasta $20.000","og_description":"La casa de apuestas MegApuesta Colombia ha lanzado un Bono de Bienvenida en el que reg\u00edstrate por Rappi y recibe $20.000.","og_url":"https:\/\/apuestasfree.com\/co\/megapuesta-colombia-bono-rappi\/","og_site_name":"ApuestasFree","article_modified_time":"2024-09-19T19:17:49+00:00","og_image":[{"url":"https:\/\/apuestasfree.com\/wp-content\/uploads\/2020\/11\/MegApuesta-Colombia-Bono-Rappi.png","type":"","width":"","height":""}],"twitter_card":"summary_large_image","twitter_misc":{"Tiempo de lectura":"2 minutos"},"schema":{"@context":"https:\/\/schema.org","@graph":[{"@type":"WebPage","@id":"https:\/\/apuestasfree.com\/co\/megapuesta-colombia-bono-rappi\/","url":"https:\/\/apuestasfree.com\/co\/megapuesta-colombia-bono-rappi\/","name":"MegApuesta Colombia: Bono de Bienvenida Rappi de hasta $20.000","isPartOf":{"@id":"https:\/\/apuestasfree.com\/co\/#website"},"primaryImageOfPage":{"@id":"https:\/\/apuestasfree.com\/co\/megapuesta-colombia-bono-rappi\/#primaryimage"},"image":{"@id":"https:\/\/apuestasfree.com\/co\/megapuesta-colombia-bono-rappi\/#primaryimage"},"thumbnailUrl":"https:\/\/apuestasfree.com\/wp-content\/uploads\/2020\/11\/MegApuesta-Colombia-Bono-Rappi.png","datePublished":"2020-11-20T17:58:15+00:00","dateModified":"2024-09-19T19:17:49+00:00","description":"La casa de apuestas MegApuesta Colombia ha lanzado un Bono de Bienvenida en el que reg\u00edstrate por Rappi y recibe $20.000.","breadcrumb":{"@id":"https:\/\/apuestasfree.com\/co\/megapuesta-colombia-bono-rappi\/#breadcrumb"},"inLanguage":"es-CO","potentialAction":[{"@type":"ReadAction","target":["https:\/\/apuestasfree.com\/co\/megapuesta-colombia-bono-rappi\/"]}]},{"@type":"ImageObject","inLanguage":"es-CO","@id":"https:\/\/apuestasfree.com\/co\/megapuesta-colombia-bono-rappi\/#primaryimage","url":"https:\/\/apuestasfree.com\/wp-content\/uploads\/2020\/11\/MegApuesta-Colombia-Bono-Rappi.png","contentUrl":"https:\/\/apuestasfree.com\/wp-content\/uploads\/2020\/11\/MegApuesta-Colombia-Bono-Rappi.png"},{"@type":"BreadcrumbList","@id":"https:\/\/apuestasfree.com\/co\/megapuesta-colombia-bono-rappi\/#breadcrumb","itemListElement":[{"@type":"ListItem","position":1,"name":"Inicio","item":"https:\/\/apuestasfree.com\/co\/"},{"@type":"ListItem","position":2,"name":"MegApuesta Colombia: Bono de Bienvenida Rappi de hasta $20.000"}]},{"@type":"WebSite","@id":"https:\/\/apuestasfree.com\/co\/#website","url":"https:\/\/apuestasfree.com\/co\/","name":"ApuestasFree","description":"","publisher":{"@id":"https:\/\/apuestasfree.com\/co\/#organization"},"potentialAction":[{"@type":"SearchAction","target":{"@type":"EntryPoint","urlTemplate":"https:\/\/apuestasfree.com\/co\/?s={search_term_string}"},"query-input":{"@type":"PropertyValueSpecification","valueRequired":true,"valueName":"search_term_string"}}],"inLanguage":"es-CO"},{"@type":"Organization","@id":"https:\/\/apuestasfree.com\/co\/#organization","name":"ApuestasFree","url":"https:\/\/apuestasfree.com\/co\/","logo":{"@type":"ImageObject","inLanguage":"es-CO","@id":"https:\/\/apuestasfree.com\/co\/#\/schema\/logo\/image\/","url":"https:\/\/apuestasfree.com\/wp-content\/uploads\/2019\/06\/afree_logo.png","contentUrl":"https:\/\/apuestasfree.com\/wp-content\/uploads\/2019\/06\/afree_logo.png","width":106,"height":50,"caption":"ApuestasFree"},"image":{"@id":"https:\/\/apuestasfree.com\/co\/#\/schema\/logo\/image\/"}}]}},"uagb_featured_image_src":{"full":false,"thumbnail":false,"medium":false,"medium_large":false,"large":false,"1536x1536":false,"2048x2048":false},"uagb_author_info":{"display_name":"Juan Antonio Camacho","author_link":"https:\/\/apuestasfree.com\/co\/author\/jacg475\/"},"uagb_comment_info":0,"uagb_excerpt":"Lamentablemente, MegApuesta ya no opera en Colombia. Te recomendamos visitar otros sitios, como Codere, Rushbet o Stake, donde podr\u00e1s hacer tus apuestas con bonos y promociones. La casa de apuestas MegApuesta Colombia ha lanzado un Bono de Bienvenida en el que reg\u00edstrate por Rappi y recibe $20.000. DistriRed S.A.S operando bajo el dominio MegApuesta.co, Es&hellip;","_links":{"self":[{"href":"https:\/\/apuestasfree.com\/co\/wp-json\/wp\/v2\/pages\/272282","targetHints":{"allow":["GET"]}}],"collection":[{"href":"https:\/\/apuestasfree.com\/co\/wp-json\/wp\/v2\/pages"}],"about":[{"href":"https:\/\/apuestasfree.com\/co\/wp-json\/wp\/v2\/types\/page"}],"author":[{"embeddable":true,"href":"https:\/\/apuestasfree.com\/co\/wp-json\/wp\/v2\/users\/27643"}],"replies":[{"embeddable":true,"href":"https:\/\/apuestasfree.com\/co\/wp-json\/wp\/v2\/comments?post=272282"}],"version-history":[{"count":3,"href":"https:\/\/apuestasfree.com\/co\/wp-json\/wp\/v2\/pages\/272282\/revisions"}],"predecessor-version":[{"id":1781448,"href":"https:\/\/apuestasfree.com\/co\/wp-json\/wp\/v2\/pages\/272282\/revisions\/1781448"}],"wp:attachment":[{"href":"https:\/\/apuestasfree.com\/co\/wp-json\/wp\/v2\/media?parent=272282"}],"curies":[{"name":"wp","href":"https:\/\/api.w.org\/{rel}","templated":true}]}}