{"id":1251934,"date":"2023-04-28T23:24:42","date_gmt":"2023-04-28T21:24:42","guid":{"rendered":"https:\/\/apuestasfree.com\/?page_id=1251934"},"modified":"2026-03-20T23:14:18","modified_gmt":"2026-03-20T22:14:18","slug":"betsson-bono-deportes-recarga-abril","status":"publish","type":"page","link":"https:\/\/apuestasfree.com\/co\/betsson-bono-deportes-recarga-abril\/","title":{"rendered":"Betsson Bono Deportes | \u00a1Recibe hasta $100.000 en FREEBETS!"},"content":{"rendered":"\n<p>Desde hoy hasta el 1 de mayo haz tu recarga en Betsson y <strong>obt\u00e9n un bono para deportes por el valor de tus primeras apuestas hasta los $100.000<\/strong>. No pierdas esta oportunidad. \u00a1<a href=\"https:\/\/recor.to\/betssonco\" target=\"_blank\" rel=\"noreferrer noopener nofollow sponsored\">Solic\u00edtalo<\/a>!<\/p>\n\n\n\n<p><em>Otro art\u00edculo relacionado: <a href=\"https:\/\/apuestasfree.com\/co\/bwin-todos-los-codigos-promocionales\/\" target=\"_blank\" rel=\"noreferrer noopener\">Todos los c\u00f3digos promocionales en Bwin<\/a><\/em><\/p>\n\n\n\n<figure class=\"wp-block-image size-full\"><a href=\"https:\/\/recor.to\/betssonco\" target=\"_blank\" rel=\"noreferrer noopener nofollow sponsored\"><img fetchpriority=\"high\" decoding=\"async\" width=\"1898\" height=\"786\" src=\"https:\/\/apuestasfree.com\/wp-content\/uploads\/2026\/03\/betsson-bono-deportes-1.png\" alt=\"betsson bono deportes\" class=\"wp-image-2178024\" srcset=\"https:\/\/apuestasfree.com\/wp-content\/uploads\/2026\/03\/betsson-bono-deportes-1.png 1898w, https:\/\/apuestasfree.com\/wp-content\/uploads\/2026\/03\/betsson-bono-deportes-1-300x124.png 300w, https:\/\/apuestasfree.com\/wp-content\/uploads\/2026\/03\/betsson-bono-deportes-1-1024x424.png 1024w, https:\/\/apuestasfree.com\/wp-content\/uploads\/2026\/03\/betsson-bono-deportes-1-768x318.png 768w, https:\/\/apuestasfree.com\/wp-content\/uploads\/2026\/03\/betsson-bono-deportes-1-1536x636.png 1536w\" sizes=\"(max-width: 1898px) 100vw, 1898px\" \/><\/a><\/figure>\n\n\n\n<h2 class=\"wp-block-heading\" id=\"h-disfruta-del-bono-para-deportes-de-betsson-por-tiempo-limitado\"><strong>Disfruta del bono para deportes de Betsson por tiempo limitado<\/strong><\/h2>\n\n\n\n<p>Ya sabemos todos los beneficios y ventajas que ofrece Betsson. Por algo en Europa lo conocen como el gigante sueco de las apuestas en l\u00ednea. <strong>Siempre tendremos la certeza de que en su <em>sportsbook<\/em> encontraremos las cuotas m\u00e1s altas<\/strong>. O que por lo menos no estar\u00e1n muy lejos de estas. Y, como si esto no fuera suficiente, la casa adem\u00e1s brinda a sus usuarios acceso a <a href=\"https:\/\/apuestasfree.com\/co\/betsson\/\" target=\"_blank\" rel=\"noreferrer noopener\">excelentes ofertas que se actualizan semana a semana<\/a>, muchas de ellas por tiempo limitado. <\/p>\n\n\n\n<p>Uno debe estar atento para no perder la oportunidad de aprovechar estas \u00faltimas. Pero, en Apuestasfree, sabemos que nuestros lectores est\u00e1n ocupados y que parte de su tiempo libre lo pasan responsablemente en este tipo de sitios. Por eso, hoy queremos advertirles sobre la posibilidad de acceder a este<strong> excelente bono para deportes que Betsson estar\u00e1 ofreciendo hasta nuevo aviso.<\/strong><\/p>\n\n\n\n<p>\u00bfEn qu\u00e9 consiste? Simplemente, con la recarga que hagas por primera vez en el sitio, si eres un nuevo usuario, <strong>podr\u00e1s acceder a una bonificaci\u00f3n por el valor apostado en un inicio, que podr\u00e1 ser de $50.000 o $100.000 COP<\/strong>. \u00a1Es una apuesta gratis para los deportes! La oferta reci\u00e9n comienza, \u00a1no desaproveches esta oportunidad!<\/p>\n\n\n\n<div class=\"wp-block-buttons is-content-justification-center is-layout-flex wp-container-core-buttons-is-layout-16018d1d wp-block-buttons-is-layout-flex\">\n<div class=\"wp-block-button\"><a class=\"wp-block-button__link has-base-3-color has-text-color has-background wp-element-button\" href=\"https:\/\/recor.to\/betssonco\" style=\"background:linear-gradient(135deg,rgb(20,201,17) 0%,rgb(255,105,0) 100%)\" target=\"_blank\" rel=\"noreferrer noopener nofollow sponsored\"><strong>\u00a1Quiero mi bono para deportes de Betsson ahora!<\/strong><\/a><\/div>\n<\/div>\n\n\n\n<blockquote class=\"wp-block-quote is-layout-flow wp-block-quote-is-layout-flow\">\n<p> \u00bfBuscas rapidez? Betsson ya integr\u00f3 <strong>Nequi<\/strong> a su plataforma. Recarga tu cuenta al instante y sin salir de la app.<\/p>\n<\/blockquote>\n\n\n\n<h3 class=\"wp-block-heading\" id=\"h-terminos-y-condiciones-de-la-oferta\"><strong>T\u00e9rminos y condiciones de la oferta<\/strong><\/h3>\n\n\n\n<p>Antes de solicitar esta promoci\u00f3n, considera que la misma incluye un requisito de apuesta. En este caso, tienes que apostar el monto total del bono en una sola apuesta, que ser\u00e1 totalmente gratis. <strong>Adem\u00e1s, esta aplica para todos los deportes disponibles en el sitio. <\/strong>Eso s\u00ed, recuerda que la cuenta incluye un rollover: x3 en apuestas deportivas. <\/p>\n","protected":false},"excerpt":{"rendered":"<p>Desde hoy hasta el 1 de mayo haz tu recarga en Betsson y obt\u00e9n un bono para deportes por el valor de tus primeras apuestas hasta los $100.000. No pierdas esta oportunidad. \u00a1Solic\u00edtalo! Otro art\u00edculo relacionado: Todos los c\u00f3digos promocionales en Bwin Disfruta del bono para deportes de Betsson por tiempo limitado Ya sabemos todos &#8230; <a title=\"Betsson Bono Deportes | \u00a1Recibe hasta $100.000 en FREEBETS!\" class=\"read-more\" href=\"https:\/\/apuestasfree.com\/co\/betsson-bono-deportes-recarga-abril\/\" aria-label=\"Read more about Betsson Bono Deportes | \u00a1Recibe hasta $100.000 en FREEBETS!\">Leer m\u00e1s<\/a><\/p>\n","protected":false},"author":33990,"featured_media":0,"parent":0,"menu_order":0,"comment_status":"closed","ping_status":"closed","template":"","meta":{"_uag_custom_page_level_css":"","footnotes":""},"class_list":["post-1251934","page","type-page","status-publish"],"yoast_head":"<!-- This site is optimized with the Yoast SEO Premium plugin v27.1 (Yoast SEO v27.5) - https:\/\/yoast.com\/product\/yoast-seo-premium-wordpress\/ -->\n<title>Betsson Bono Deportes | \u00a1Recibe hasta $100.000 en FREEBETS!<\/title>\n<meta name=\"description\" content=\"\u25b7 Haz tu recarga en Betsson y recibe un bono para deportes \u2714\ufe0f Freebets hasta $100.000 \u2714\ufe0f Por tiempo limitado \u2714\ufe0f Bono para nuevos usuarios \u2714\ufe0f\" \/>\n<meta name=\"robots\" content=\"index, follow, max-snippet:-1, max-image-preview:large, max-video-preview:-1\" \/>\n<link rel=\"canonical\" href=\"https:\/\/apuestasfree.com\/co\/betsson-bono-deportes-recarga-abril\/\" \/>\n<meta property=\"og:locale\" content=\"es_ES\" \/>\n<meta property=\"og:type\" content=\"article\" \/>\n<meta property=\"og:title\" content=\"Betsson Bono Deportes | \u00a1Recibe hasta $100.000 en FREEBETS!\" \/>\n<meta property=\"og:description\" content=\"\u25b7 Haz tu recarga en Betsson y recibe un bono para deportes \u2714\ufe0f Freebets hasta $100.000 \u2714\ufe0f Por tiempo limitado \u2714\ufe0f Bono para nuevos usuarios \u2714\ufe0f\" \/>\n<meta property=\"og:url\" content=\"https:\/\/apuestasfree.com\/co\/betsson-bono-deportes-recarga-abril\/\" \/>\n<meta property=\"og:site_name\" content=\"ApuestasFree\" \/>\n<meta property=\"article:modified_time\" content=\"2026-03-20T22:14:18+00:00\" \/>\n<meta property=\"og:image\" content=\"https:\/\/apuestasfree.com\/wp-content\/uploads\/2026\/03\/betsson-bono-deportes-1.png\" \/>\n\t<meta property=\"og:image:width\" content=\"1898\" \/>\n\t<meta property=\"og:image:height\" content=\"786\" \/>\n\t<meta property=\"og:image:type\" content=\"image\/png\" \/>\n<meta name=\"twitter:card\" content=\"summary_large_image\" \/>\n<meta name=\"twitter:label1\" content=\"Tiempo de lectura\" \/>\n\t<meta name=\"twitter:data1\" content=\"2 minutos\" \/>\n<script type=\"application\/ld+json\" class=\"yoast-schema-graph\">{\"@context\":\"https:\\\/\\\/schema.org\",\"@graph\":[{\"@type\":\"WebPage\",\"@id\":\"https:\\\/\\\/apuestasfree.com\\\/co\\\/betsson-bono-deportes-recarga-abril\\\/\",\"url\":\"https:\\\/\\\/apuestasfree.com\\\/co\\\/betsson-bono-deportes-recarga-abril\\\/\",\"name\":\"Betsson Bono Deportes | \u00a1Recibe hasta $100.000 en FREEBETS!\",\"isPartOf\":{\"@id\":\"https:\\\/\\\/apuestasfree.com\\\/co\\\/#website\"},\"primaryImageOfPage\":{\"@id\":\"https:\\\/\\\/apuestasfree.com\\\/co\\\/betsson-bono-deportes-recarga-abril\\\/#primaryimage\"},\"image\":{\"@id\":\"https:\\\/\\\/apuestasfree.com\\\/co\\\/betsson-bono-deportes-recarga-abril\\\/#primaryimage\"},\"thumbnailUrl\":\"https:\\\/\\\/apuestasfree.com\\\/wp-content\\\/uploads\\\/2026\\\/03\\\/betsson-bono-deportes-1.png\",\"datePublished\":\"2023-04-28T21:24:42+00:00\",\"dateModified\":\"2026-03-20T22:14:18+00:00\",\"description\":\"\u25b7 Haz tu recarga en Betsson y recibe un bono para deportes \u2714\ufe0f Freebets hasta $100.000 \u2714\ufe0f Por tiempo limitado \u2714\ufe0f Bono para nuevos usuarios \u2714\ufe0f\",\"breadcrumb\":{\"@id\":\"https:\\\/\\\/apuestasfree.com\\\/co\\\/betsson-bono-deportes-recarga-abril\\\/#breadcrumb\"},\"inLanguage\":\"es-CO\",\"potentialAction\":[{\"@type\":\"ReadAction\",\"target\":[\"https:\\\/\\\/apuestasfree.com\\\/co\\\/betsson-bono-deportes-recarga-abril\\\/\"]}]},{\"@type\":\"ImageObject\",\"inLanguage\":\"es-CO\",\"@id\":\"https:\\\/\\\/apuestasfree.com\\\/co\\\/betsson-bono-deportes-recarga-abril\\\/#primaryimage\",\"url\":\"https:\\\/\\\/apuestasfree.com\\\/wp-content\\\/uploads\\\/2026\\\/03\\\/betsson-bono-deportes-1.png\",\"contentUrl\":\"https:\\\/\\\/apuestasfree.com\\\/wp-content\\\/uploads\\\/2026\\\/03\\\/betsson-bono-deportes-1.png\"},{\"@type\":\"BreadcrumbList\",\"@id\":\"https:\\\/\\\/apuestasfree.com\\\/co\\\/betsson-bono-deportes-recarga-abril\\\/#breadcrumb\",\"itemListElement\":[{\"@type\":\"ListItem\",\"position\":1,\"name\":\"Inicio\",\"item\":\"https:\\\/\\\/apuestasfree.com\\\/co\\\/\"},{\"@type\":\"ListItem\",\"position\":2,\"name\":\"Betsson Bono Deportes | \u00a1Recibe hasta $100.000 en FREEBETS!\"}]},{\"@type\":\"WebSite\",\"@id\":\"https:\\\/\\\/apuestasfree.com\\\/co\\\/#website\",\"url\":\"https:\\\/\\\/apuestasfree.com\\\/co\\\/\",\"name\":\"ApuestasFree\",\"description\":\"\",\"publisher\":{\"@id\":\"https:\\\/\\\/apuestasfree.com\\\/co\\\/#organization\"},\"potentialAction\":[{\"@type\":\"SearchAction\",\"target\":{\"@type\":\"EntryPoint\",\"urlTemplate\":\"https:\\\/\\\/apuestasfree.com\\\/co\\\/?s={search_term_string}\"},\"query-input\":{\"@type\":\"PropertyValueSpecification\",\"valueRequired\":true,\"valueName\":\"search_term_string\"}}],\"inLanguage\":\"es-CO\"},{\"@type\":\"Organization\",\"@id\":\"https:\\\/\\\/apuestasfree.com\\\/co\\\/#organization\",\"name\":\"ApuestasFree\",\"url\":\"https:\\\/\\\/apuestasfree.com\\\/co\\\/\",\"logo\":{\"@type\":\"ImageObject\",\"inLanguage\":\"es-CO\",\"@id\":\"https:\\\/\\\/apuestasfree.com\\\/co\\\/#\\\/schema\\\/logo\\\/image\\\/\",\"url\":\"https:\\\/\\\/apuestasfree.com\\\/wp-content\\\/uploads\\\/2019\\\/06\\\/afree_logo.png\",\"contentUrl\":\"https:\\\/\\\/apuestasfree.com\\\/wp-content\\\/uploads\\\/2019\\\/06\\\/afree_logo.png\",\"width\":106,\"height\":50,\"caption\":\"ApuestasFree\"},\"image\":{\"@id\":\"https:\\\/\\\/apuestasfree.com\\\/co\\\/#\\\/schema\\\/logo\\\/image\\\/\"}}]}<\/script>\n<!-- \/ Yoast SEO Premium plugin. -->","yoast_head_json":{"title":"Betsson Bono Deportes | \u00a1Recibe hasta $100.000 en FREEBETS!","description":"\u25b7 Haz tu recarga en Betsson y recibe un bono para deportes \u2714\ufe0f Freebets hasta $100.000 \u2714\ufe0f Por tiempo limitado \u2714\ufe0f Bono para nuevos usuarios \u2714\ufe0f","robots":{"index":"index","follow":"follow","max-snippet":"max-snippet:-1","max-image-preview":"max-image-preview:large","max-video-preview":"max-video-preview:-1"},"canonical":"https:\/\/apuestasfree.com\/co\/betsson-bono-deportes-recarga-abril\/","og_locale":"es_ES","og_type":"article","og_title":"Betsson Bono Deportes | \u00a1Recibe hasta $100.000 en FREEBETS!","og_description":"\u25b7 Haz tu recarga en Betsson y recibe un bono para deportes \u2714\ufe0f Freebets hasta $100.000 \u2714\ufe0f Por tiempo limitado \u2714\ufe0f Bono para nuevos usuarios \u2714\ufe0f","og_url":"https:\/\/apuestasfree.com\/co\/betsson-bono-deportes-recarga-abril\/","og_site_name":"ApuestasFree","article_modified_time":"2026-03-20T22:14:18+00:00","og_image":[{"width":1898,"height":786,"url":"https:\/\/apuestasfree.com\/wp-content\/uploads\/2026\/03\/betsson-bono-deportes-1.png","type":"image\/png"}],"twitter_card":"summary_large_image","twitter_misc":{"Tiempo de lectura":"2 minutos"},"schema":{"@context":"https:\/\/schema.org","@graph":[{"@type":"WebPage","@id":"https:\/\/apuestasfree.com\/co\/betsson-bono-deportes-recarga-abril\/","url":"https:\/\/apuestasfree.com\/co\/betsson-bono-deportes-recarga-abril\/","name":"Betsson Bono Deportes | \u00a1Recibe hasta $100.000 en FREEBETS!","isPartOf":{"@id":"https:\/\/apuestasfree.com\/co\/#website"},"primaryImageOfPage":{"@id":"https:\/\/apuestasfree.com\/co\/betsson-bono-deportes-recarga-abril\/#primaryimage"},"image":{"@id":"https:\/\/apuestasfree.com\/co\/betsson-bono-deportes-recarga-abril\/#primaryimage"},"thumbnailUrl":"https:\/\/apuestasfree.com\/wp-content\/uploads\/2026\/03\/betsson-bono-deportes-1.png","datePublished":"2023-04-28T21:24:42+00:00","dateModified":"2026-03-20T22:14:18+00:00","description":"\u25b7 Haz tu recarga en Betsson y recibe un bono para deportes \u2714\ufe0f Freebets hasta $100.000 \u2714\ufe0f Por tiempo limitado \u2714\ufe0f Bono para nuevos usuarios \u2714\ufe0f","breadcrumb":{"@id":"https:\/\/apuestasfree.com\/co\/betsson-bono-deportes-recarga-abril\/#breadcrumb"},"inLanguage":"es-CO","potentialAction":[{"@type":"ReadAction","target":["https:\/\/apuestasfree.com\/co\/betsson-bono-deportes-recarga-abril\/"]}]},{"@type":"ImageObject","inLanguage":"es-CO","@id":"https:\/\/apuestasfree.com\/co\/betsson-bono-deportes-recarga-abril\/#primaryimage","url":"https:\/\/apuestasfree.com\/wp-content\/uploads\/2026\/03\/betsson-bono-deportes-1.png","contentUrl":"https:\/\/apuestasfree.com\/wp-content\/uploads\/2026\/03\/betsson-bono-deportes-1.png"},{"@type":"BreadcrumbList","@id":"https:\/\/apuestasfree.com\/co\/betsson-bono-deportes-recarga-abril\/#breadcrumb","itemListElement":[{"@type":"ListItem","position":1,"name":"Inicio","item":"https:\/\/apuestasfree.com\/co\/"},{"@type":"ListItem","position":2,"name":"Betsson Bono Deportes | \u00a1Recibe hasta $100.000 en FREEBETS!"}]},{"@type":"WebSite","@id":"https:\/\/apuestasfree.com\/co\/#website","url":"https:\/\/apuestasfree.com\/co\/","name":"ApuestasFree","description":"","publisher":{"@id":"https:\/\/apuestasfree.com\/co\/#organization"},"potentialAction":[{"@type":"SearchAction","target":{"@type":"EntryPoint","urlTemplate":"https:\/\/apuestasfree.com\/co\/?s={search_term_string}"},"query-input":{"@type":"PropertyValueSpecification","valueRequired":true,"valueName":"search_term_string"}}],"inLanguage":"es-CO"},{"@type":"Organization","@id":"https:\/\/apuestasfree.com\/co\/#organization","name":"ApuestasFree","url":"https:\/\/apuestasfree.com\/co\/","logo":{"@type":"ImageObject","inLanguage":"es-CO","@id":"https:\/\/apuestasfree.com\/co\/#\/schema\/logo\/image\/","url":"https:\/\/apuestasfree.com\/wp-content\/uploads\/2019\/06\/afree_logo.png","contentUrl":"https:\/\/apuestasfree.com\/wp-content\/uploads\/2019\/06\/afree_logo.png","width":106,"height":50,"caption":"ApuestasFree"},"image":{"@id":"https:\/\/apuestasfree.com\/co\/#\/schema\/logo\/image\/"}}]}},"uagb_featured_image_src":{"full":false,"thumbnail":false,"medium":false,"medium_large":false,"large":false,"1536x1536":false,"2048x2048":false},"uagb_author_info":{"display_name":"Gonzalo D","author_link":"https:\/\/apuestasfree.com\/co\/author\/gonzalo-d\/"},"uagb_comment_info":0,"uagb_excerpt":"Desde hoy hasta el 1 de mayo haz tu recarga en Betsson y obt\u00e9n un bono para deportes por el valor de tus primeras apuestas hasta los $100.000. No pierdas esta oportunidad. \u00a1Solic\u00edtalo! Otro art\u00edculo relacionado: Todos los c\u00f3digos promocionales en Bwin Disfruta del bono para deportes de Betsson por tiempo limitado Ya sabemos todos&hellip;","_links":{"self":[{"href":"https:\/\/apuestasfree.com\/co\/wp-json\/wp\/v2\/pages\/1251934","targetHints":{"allow":["GET"]}}],"collection":[{"href":"https:\/\/apuestasfree.com\/co\/wp-json\/wp\/v2\/pages"}],"about":[{"href":"https:\/\/apuestasfree.com\/co\/wp-json\/wp\/v2\/types\/page"}],"author":[{"embeddable":true,"href":"https:\/\/apuestasfree.com\/co\/wp-json\/wp\/v2\/users\/33990"}],"replies":[{"embeddable":true,"href":"https:\/\/apuestasfree.com\/co\/wp-json\/wp\/v2\/comments?post=1251934"}],"version-history":[{"count":4,"href":"https:\/\/apuestasfree.com\/co\/wp-json\/wp\/v2\/pages\/1251934\/revisions"}],"predecessor-version":[{"id":2178061,"href":"https:\/\/apuestasfree.com\/co\/wp-json\/wp\/v2\/pages\/1251934\/revisions\/2178061"}],"wp:attachment":[{"href":"https:\/\/apuestasfree.com\/co\/wp-json\/wp\/v2\/media?parent=1251934"}],"curies":[{"name":"wp","href":"https:\/\/api.w.org\/{rel}","templated":true}]}}