{"id":771494,"date":"2022-05-03T18:36:23","date_gmt":"2022-05-03T16:36:23","guid":{"rendered":"https:\/\/apuestasfree.com\/?p=771494"},"modified":"2026-03-07T22:34:30","modified_gmt":"2026-03-07T21:34:30","slug":"betano-giros-gratis-book-of-dead","status":"publish","type":"page","link":"https:\/\/apuestasfree.com\/cl\/betano-giros-gratis-book-of-dead\/","title":{"rendered":"Betano Giros slot Book of Dead \u00a1Juega con tiradas gratis!"},"content":{"rendered":"\n<p>Recibe giros gratis todos los martes para la slot Book of Dead de Betano. Adem\u00e1s, reg\u00edstrate hoy y consigue hasta $200.000 de saldo extra<a href=\"https:\/\/recor.to\/betanocasino\" rel=\"nofollow noopener sponsored\">. Abre tu cuenta! <\/a><\/p>\n\n\n\n<figure class=\"wp-block-image size-large\"><a href=\"https:\/\/recor.to\/betanocasino\" rel=\"nofollow noopener sponsored\"><img fetchpriority=\"high\" decoding=\"async\" width=\"1024\" height=\"320\" src=\"https:\/\/apuestasfree.com\/wp-content\/uploads\/2022\/05\/betano-giros-book-of-dead-1024x320.png\" alt=\"betano giros book of dead \" class=\"wp-image-771498\" srcset=\"https:\/\/apuestasfree.com\/wp-content\/uploads\/2022\/05\/betano-giros-book-of-dead-1024x320.png 1024w, https:\/\/apuestasfree.com\/wp-content\/uploads\/2022\/05\/betano-giros-book-of-dead-300x94.png 300w, https:\/\/apuestasfree.com\/wp-content\/uploads\/2022\/05\/betano-giros-book-of-dead-768x240.png 768w, https:\/\/apuestasfree.com\/wp-content\/uploads\/2022\/05\/betano-giros-book-of-dead.png 1280w\" sizes=\"(max-width: 1024px) 100vw, 1024px\" \/><\/a><\/figure>\n\n\n\n<h2 class=\"wp-block-heading\" id=\"h-giros-gratis-los-martes-en-book-of-dead-con-betano\">\u00a1Giros Gratis los martes en Book of Dead con Betano!<\/h2>\n\n\n\n<p>\u00a125 giros gratis para Book of Dead cada martes!<\/p>\n\n\n\n<p><strong>Martes de Ofertas:<\/strong>&nbsp;los martes en Betano\u2019s Casino est\u00e1n dedicados a Play&#8217;N Go. Disfrute de la gran selecci\u00f3n de tragamonedas del sitio y gane 25 giros gratis en&nbsp;Book of Dead, una de las m\u00e1s exclusivas de la casa.<\/p>\n\n\n\n<p><strong>\u00bfC\u00f3mo puedo ganar los giros gratis?<\/strong><\/p>\n\n\n\n<p>Confirma tu participaci\u00f3n en la promoci\u00f3n. Las apuestas colocadas antes de la confirmaci\u00f3n de tu participaci\u00f3n no contar\u00e1n para esta promoci\u00f3n.<\/p>\n\n\n\n<p><strong>Juega al menos 25.000 CLP todos los martes en las tragamonedas de Play&#8217;N Go<\/strong>, como las populares&nbsp;Reactoonz,&nbsp;Legacy of Dead,&nbsp;Book of Dead&nbsp;y muchas m\u00e1s y gana 25 giros gratis para el Book of Dead que se acreditar\u00e1n en tu cuenta autom\u00e1ticamente.<\/p>\n\n\n\n<p>\u00a1Para usar los Giros Gratis, solamente inicia sesi\u00f3n en el juego Book of Dead en Betano y ah\u00ed los encontrar\u00e1s! Pero no te duermas, la oferta es por tiempo limitado. <strong>Tienes hasta el 31 de mayo del 2022 para participar. <\/strong><\/p>\n\n\n\n<p class=\"has-text-align-center\"><em><a href=\"https:\/\/apuestasfree.com\/cl\/betano-fichas-doradas-live-casino\/\" target=\"_blank\" rel=\"noreferrer noopener\">Consigue tambi\u00e9n tus Fichas Doradas!<\/a><\/em><\/p>\n\n\n\n<h2 class=\"wp-block-heading\" id=\"h-bono-de-bienvenida-para-casino-de-betano-hasta-200-000-extra-para-tu-juego\"><strong>Bono de Bienvenida para Casino de Betano, \u00a1hasta $200.000 extra para tu juego!<\/strong><\/h2>\n\n\n\n<p>\u00bfA\u00fan no tienes una cuenta en Betano? Pues ag\u00e1rrate y suj\u00e9tate a tu silla, porque la oferta de bienvenida que la casa tiene para sus usuarios chilenos te har\u00e1 saltar de tu lugar. De hecho, <strong>solo por registrarte y verificar tu cuenta, recibir\u00e1s un bono de $5.000 sin dep\u00f3sito<\/strong> para que empieces a jugar totalmente gratis. Adem\u00e1s, abriendo ahora mismo tu cuenta en el sitio, recibir\u00e1s una bonificaci\u00f3n del 100% sobre tu primer dep\u00f3sito para utilizar en el Casino.<strong> \u00a1Puedes conseguir hasta $200.000 extra en total! <\/strong>No te lo pierdas. Para saber m\u00e1s, lee nuestro art\u00edculo: <a href=\"https:\/\/apuestasfree.com\/cl\/betano\/\">Todos los Bonos de Betano Casino.<\/a><\/p>\n\n\n\n<p><\/p>\n\n\n\n<div class=\"wp-block-buttons is-content-justification-center is-layout-flex wp-container-core-buttons-is-layout-16018d1d wp-block-buttons-is-layout-flex\">\n<div class=\"wp-block-button\"><a class=\"wp-block-button__link wp-element-button\" href=\"https:\/\/recor.to\/betanocasino\" rel=\"nofollow noopener sponsored\">\u00a1Reclama tu bono!<\/a><\/div>\n<\/div>\n\n\n\n<p><strong>Algunos T\u00e9rminos y Condiciones:&nbsp;<\/strong><\/p>\n\n\n\n<ul class=\"wp-block-list\">\n<li>Promoci\u00f3n v\u00e1lida exclusivamente para nuevos usuarios que no hayan realizado a\u00fan su primer dep\u00f3sito<\/li>\n\n\n\n<li>Tienes un requisito de apuesta o rollover x20 veces el bono + tu dep\u00f3sito<\/li>\n\n\n\n<li>Cuentas con un plazo de 30 d\u00edas para completar los requisitos de la promoci\u00f3n antes de que tu bonificaci\u00f3n expire&nbsp;<\/li>\n\n\n\n<li>Oferta no acumulable con el bono deportivo de Betano.<\/li>\n<\/ul>\n","protected":false},"excerpt":{"rendered":"<p>Recibe giros gratis todos los martes para la slot Book of Dead de Betano. Adem\u00e1s, reg\u00edstrate hoy y consigue hasta $200.000 de saldo extra. Abre tu cuenta! \u00a1Giros Gratis los martes en Book of Dead con Betano! \u00a125 giros gratis para Book of Dead cada martes! Martes de Ofertas:&nbsp;los martes en Betano\u2019s Casino est\u00e1n dedicados &#8230; <a title=\"Betano Giros slot Book of Dead \u00a1Juega con tiradas gratis!\" class=\"read-more\" href=\"https:\/\/apuestasfree.com\/cl\/betano-giros-gratis-book-of-dead\/\" aria-label=\"Leer m\u00e1s sobre Betano Giros slot Book of Dead \u00a1Juega con tiradas gratis!\">Leer m\u00e1s<\/a><\/p>\n","protected":false},"author":33363,"featured_media":0,"parent":0,"menu_order":0,"comment_status":"closed","ping_status":"closed","template":"","meta":{"_uag_custom_page_level_css":"","footnotes":""},"class_list":["post-771494","page","type-page","status-publish"],"yoast_head":"<!-- This site is optimized with the Yoast SEO Premium plugin v27.1 (Yoast SEO v27.3) - https:\/\/yoast.com\/product\/yoast-seo-premium-wordpress\/ -->\n<title>Betano Giros slot Book of Dead \u00a1Juega con tiradas gratis!<\/title>\n<meta name=\"description\" content=\"Recibe giros gratis todos los martes para la slot Book of Dead de Betano. Adem\u00e1s, reg\u00edstrate hoy y consigue hasta $200.000 de saldo extra.\" \/>\n<meta name=\"robots\" content=\"index, follow, max-snippet:-1, max-image-preview:large, max-video-preview:-1\" \/>\n<link rel=\"canonical\" href=\"https:\/\/apuestasfree.com\/cl\/betano-giros-gratis-book-of-dead\/\" \/>\n<meta property=\"og:locale\" content=\"es_ES\" \/>\n<meta property=\"og:type\" content=\"article\" \/>\n<meta property=\"og:title\" content=\"Betano Giros slot Book of Dead \u00a1Juega con tiradas gratis!\" \/>\n<meta property=\"og:description\" content=\"Recibe giros gratis todos los martes para la slot Book of Dead de Betano. Adem\u00e1s, reg\u00edstrate hoy y consigue hasta $200.000 de saldo extra.\" \/>\n<meta property=\"og:url\" content=\"https:\/\/apuestasfree.com\/cl\/betano-giros-gratis-book-of-dead\/\" \/>\n<meta property=\"og:site_name\" content=\"ApuestasFree\" \/>\n<meta property=\"article:modified_time\" content=\"2026-03-07T21:34:30+00:00\" \/>\n<meta property=\"og:image\" content=\"https:\/\/apuestasfree.com\/wp-content\/uploads\/2022\/05\/betano-giros-book-of-dead.png\" \/>\n\t<meta property=\"og:image:width\" content=\"1280\" \/>\n\t<meta property=\"og:image:height\" content=\"400\" \/>\n\t<meta property=\"og:image:type\" content=\"image\/png\" \/>\n<meta name=\"twitter:card\" content=\"summary_large_image\" \/>\n<meta name=\"twitter:label1\" content=\"Tiempo estimado de lectura\" \/>\n\t<meta name=\"twitter:data1\" content=\"2 minutos\" \/>\n<script type=\"application\/ld+json\" class=\"yoast-schema-graph\">{\"@context\":\"https:\\\/\\\/schema.org\",\"@graph\":[{\"@type\":\"WebPage\",\"@id\":\"https:\\\/\\\/apuestasfree.com\\\/cl\\\/betano-giros-gratis-book-of-dead\\\/\",\"url\":\"https:\\\/\\\/apuestasfree.com\\\/cl\\\/betano-giros-gratis-book-of-dead\\\/\",\"name\":\"Betano Giros slot Book of Dead \u00a1Juega con tiradas gratis!\",\"isPartOf\":{\"@id\":\"https:\\\/\\\/apuestasfree.com\\\/cl\\\/#website\"},\"primaryImageOfPage\":{\"@id\":\"https:\\\/\\\/apuestasfree.com\\\/cl\\\/betano-giros-gratis-book-of-dead\\\/#primaryimage\"},\"image\":{\"@id\":\"https:\\\/\\\/apuestasfree.com\\\/cl\\\/betano-giros-gratis-book-of-dead\\\/#primaryimage\"},\"thumbnailUrl\":\"https:\\\/\\\/apuestasfree.com\\\/wp-content\\\/uploads\\\/2022\\\/05\\\/betano-giros-book-of-dead-1024x320.png\",\"datePublished\":\"2022-05-03T16:36:23+00:00\",\"dateModified\":\"2026-03-07T21:34:30+00:00\",\"description\":\"Recibe giros gratis todos los martes para la slot Book of Dead de Betano. Adem\u00e1s, reg\u00edstrate hoy y consigue hasta $200.000 de saldo extra.\",\"breadcrumb\":{\"@id\":\"https:\\\/\\\/apuestasfree.com\\\/cl\\\/betano-giros-gratis-book-of-dead\\\/#breadcrumb\"},\"inLanguage\":\"es-CL\",\"potentialAction\":[{\"@type\":\"ReadAction\",\"target\":[\"https:\\\/\\\/apuestasfree.com\\\/cl\\\/betano-giros-gratis-book-of-dead\\\/\"]}]},{\"@type\":\"ImageObject\",\"inLanguage\":\"es-CL\",\"@id\":\"https:\\\/\\\/apuestasfree.com\\\/cl\\\/betano-giros-gratis-book-of-dead\\\/#primaryimage\",\"url\":\"https:\\\/\\\/apuestasfree.com\\\/wp-content\\\/uploads\\\/2022\\\/05\\\/betano-giros-book-of-dead-1024x320.png\",\"contentUrl\":\"https:\\\/\\\/apuestasfree.com\\\/wp-content\\\/uploads\\\/2022\\\/05\\\/betano-giros-book-of-dead-1024x320.png\"},{\"@type\":\"BreadcrumbList\",\"@id\":\"https:\\\/\\\/apuestasfree.com\\\/cl\\\/betano-giros-gratis-book-of-dead\\\/#breadcrumb\",\"itemListElement\":[{\"@type\":\"ListItem\",\"position\":1,\"name\":\"Inicio\",\"item\":\"https:\\\/\\\/apuestasfree.com\\\/cl\\\/\"},{\"@type\":\"ListItem\",\"position\":2,\"name\":\"Betano Giros slot Book of Dead \u00a1Juega con tiradas gratis!\"}]},{\"@type\":\"WebSite\",\"@id\":\"https:\\\/\\\/apuestasfree.com\\\/cl\\\/#website\",\"url\":\"https:\\\/\\\/apuestasfree.com\\\/cl\\\/\",\"name\":\"ApuestasFree\",\"description\":\"\",\"publisher\":{\"@id\":\"https:\\\/\\\/apuestasfree.com\\\/cl\\\/#organization\"},\"potentialAction\":[{\"@type\":\"SearchAction\",\"target\":{\"@type\":\"EntryPoint\",\"urlTemplate\":\"https:\\\/\\\/apuestasfree.com\\\/cl\\\/?s={search_term_string}\"},\"query-input\":{\"@type\":\"PropertyValueSpecification\",\"valueRequired\":true,\"valueName\":\"search_term_string\"}}],\"inLanguage\":\"es-CL\"},{\"@type\":\"Organization\",\"@id\":\"https:\\\/\\\/apuestasfree.com\\\/cl\\\/#organization\",\"name\":\"ApuestasFree\",\"url\":\"https:\\\/\\\/apuestasfree.com\\\/cl\\\/\",\"logo\":{\"@type\":\"ImageObject\",\"inLanguage\":\"es-CL\",\"@id\":\"https:\\\/\\\/apuestasfree.com\\\/cl\\\/#\\\/schema\\\/logo\\\/image\\\/\",\"url\":\"https:\\\/\\\/apuestasfree.com\\\/wp-content\\\/uploads\\\/2019\\\/06\\\/afree_logo.png\",\"contentUrl\":\"https:\\\/\\\/apuestasfree.com\\\/wp-content\\\/uploads\\\/2019\\\/06\\\/afree_logo.png\",\"width\":106,\"height\":50,\"caption\":\"ApuestasFree\"},\"image\":{\"@id\":\"https:\\\/\\\/apuestasfree.com\\\/cl\\\/#\\\/schema\\\/logo\\\/image\\\/\"}}]}<\/script>\n<!-- \/ Yoast SEO Premium plugin. -->","yoast_head_json":{"title":"Betano Giros slot Book of Dead \u00a1Juega con tiradas gratis!","description":"Recibe giros gratis todos los martes para la slot Book of Dead de Betano. Adem\u00e1s, reg\u00edstrate hoy y consigue hasta $200.000 de saldo extra.","robots":{"index":"index","follow":"follow","max-snippet":"max-snippet:-1","max-image-preview":"max-image-preview:large","max-video-preview":"max-video-preview:-1"},"canonical":"https:\/\/apuestasfree.com\/cl\/betano-giros-gratis-book-of-dead\/","og_locale":"es_ES","og_type":"article","og_title":"Betano Giros slot Book of Dead \u00a1Juega con tiradas gratis!","og_description":"Recibe giros gratis todos los martes para la slot Book of Dead de Betano. Adem\u00e1s, reg\u00edstrate hoy y consigue hasta $200.000 de saldo extra.","og_url":"https:\/\/apuestasfree.com\/cl\/betano-giros-gratis-book-of-dead\/","og_site_name":"ApuestasFree","article_modified_time":"2026-03-07T21:34:30+00:00","og_image":[{"width":1280,"height":400,"url":"https:\/\/apuestasfree.com\/wp-content\/uploads\/2022\/05\/betano-giros-book-of-dead.png","type":"image\/png"}],"twitter_card":"summary_large_image","twitter_misc":{"Tiempo estimado de lectura":"2 minutos"},"schema":{"@context":"https:\/\/schema.org","@graph":[{"@type":"WebPage","@id":"https:\/\/apuestasfree.com\/cl\/betano-giros-gratis-book-of-dead\/","url":"https:\/\/apuestasfree.com\/cl\/betano-giros-gratis-book-of-dead\/","name":"Betano Giros slot Book of Dead \u00a1Juega con tiradas gratis!","isPartOf":{"@id":"https:\/\/apuestasfree.com\/cl\/#website"},"primaryImageOfPage":{"@id":"https:\/\/apuestasfree.com\/cl\/betano-giros-gratis-book-of-dead\/#primaryimage"},"image":{"@id":"https:\/\/apuestasfree.com\/cl\/betano-giros-gratis-book-of-dead\/#primaryimage"},"thumbnailUrl":"https:\/\/apuestasfree.com\/wp-content\/uploads\/2022\/05\/betano-giros-book-of-dead-1024x320.png","datePublished":"2022-05-03T16:36:23+00:00","dateModified":"2026-03-07T21:34:30+00:00","description":"Recibe giros gratis todos los martes para la slot Book of Dead de Betano. Adem\u00e1s, reg\u00edstrate hoy y consigue hasta $200.000 de saldo extra.","breadcrumb":{"@id":"https:\/\/apuestasfree.com\/cl\/betano-giros-gratis-book-of-dead\/#breadcrumb"},"inLanguage":"es-CL","potentialAction":[{"@type":"ReadAction","target":["https:\/\/apuestasfree.com\/cl\/betano-giros-gratis-book-of-dead\/"]}]},{"@type":"ImageObject","inLanguage":"es-CL","@id":"https:\/\/apuestasfree.com\/cl\/betano-giros-gratis-book-of-dead\/#primaryimage","url":"https:\/\/apuestasfree.com\/wp-content\/uploads\/2022\/05\/betano-giros-book-of-dead-1024x320.png","contentUrl":"https:\/\/apuestasfree.com\/wp-content\/uploads\/2022\/05\/betano-giros-book-of-dead-1024x320.png"},{"@type":"BreadcrumbList","@id":"https:\/\/apuestasfree.com\/cl\/betano-giros-gratis-book-of-dead\/#breadcrumb","itemListElement":[{"@type":"ListItem","position":1,"name":"Inicio","item":"https:\/\/apuestasfree.com\/cl\/"},{"@type":"ListItem","position":2,"name":"Betano Giros slot Book of Dead \u00a1Juega con tiradas gratis!"}]},{"@type":"WebSite","@id":"https:\/\/apuestasfree.com\/cl\/#website","url":"https:\/\/apuestasfree.com\/cl\/","name":"ApuestasFree","description":"","publisher":{"@id":"https:\/\/apuestasfree.com\/cl\/#organization"},"potentialAction":[{"@type":"SearchAction","target":{"@type":"EntryPoint","urlTemplate":"https:\/\/apuestasfree.com\/cl\/?s={search_term_string}"},"query-input":{"@type":"PropertyValueSpecification","valueRequired":true,"valueName":"search_term_string"}}],"inLanguage":"es-CL"},{"@type":"Organization","@id":"https:\/\/apuestasfree.com\/cl\/#organization","name":"ApuestasFree","url":"https:\/\/apuestasfree.com\/cl\/","logo":{"@type":"ImageObject","inLanguage":"es-CL","@id":"https:\/\/apuestasfree.com\/cl\/#\/schema\/logo\/image\/","url":"https:\/\/apuestasfree.com\/wp-content\/uploads\/2019\/06\/afree_logo.png","contentUrl":"https:\/\/apuestasfree.com\/wp-content\/uploads\/2019\/06\/afree_logo.png","width":106,"height":50,"caption":"ApuestasFree"},"image":{"@id":"https:\/\/apuestasfree.com\/cl\/#\/schema\/logo\/image\/"}}]}},"uagb_featured_image_src":{"full":false,"thumbnail":false,"medium":false,"medium_large":false,"large":false,"1536x1536":false,"2048x2048":false},"uagb_author_info":{"display_name":"RocioCa","author_link":"https:\/\/apuestasfree.com\/cl\/author\/rocioca\/"},"uagb_comment_info":0,"uagb_excerpt":"Recibe giros gratis todos los martes para la slot Book of Dead de Betano. Adem\u00e1s, reg\u00edstrate hoy y consigue hasta $200.000 de saldo extra. Abre tu cuenta! \u00a1Giros Gratis los martes en Book of Dead con Betano! \u00a125 giros gratis para Book of Dead cada martes! Martes de Ofertas:&nbsp;los martes en Betano\u2019s Casino est\u00e1n dedicados&hellip;","_links":{"self":[{"href":"https:\/\/apuestasfree.com\/cl\/wp-json\/wp\/v2\/pages\/771494","targetHints":{"allow":["GET"]}}],"collection":[{"href":"https:\/\/apuestasfree.com\/cl\/wp-json\/wp\/v2\/pages"}],"about":[{"href":"https:\/\/apuestasfree.com\/cl\/wp-json\/wp\/v2\/types\/page"}],"author":[{"embeddable":true,"href":"https:\/\/apuestasfree.com\/cl\/wp-json\/wp\/v2\/users\/33363"}],"replies":[{"embeddable":true,"href":"https:\/\/apuestasfree.com\/cl\/wp-json\/wp\/v2\/comments?post=771494"}],"version-history":[{"count":5,"href":"https:\/\/apuestasfree.com\/cl\/wp-json\/wp\/v2\/pages\/771494\/revisions"}],"predecessor-version":[{"id":2162677,"href":"https:\/\/apuestasfree.com\/cl\/wp-json\/wp\/v2\/pages\/771494\/revisions\/2162677"}],"wp:attachment":[{"href":"https:\/\/apuestasfree.com\/cl\/wp-json\/wp\/v2\/media?parent=771494"}],"curies":[{"name":"wp","href":"https:\/\/api.w.org\/{rel}","templated":true}]}}