{"id":722934,"date":"2022-03-27T22:15:20","date_gmt":"2022-03-27T20:15:20","guid":{"rendered":"https:\/\/apuestasfree.com\/?p=722934"},"modified":"2026-03-07T22:30:30","modified_gmt":"2026-03-07T21:30:30","slug":"betano-fichas-doradas-live-casino","status":"publish","type":"page","link":"https:\/\/apuestasfree.com\/cl\/betano-fichas-doradas-live-casino\/","title":{"rendered":"Betano Fichas Doradas todos fines de Semana, \u00a1Juega al Casino!"},"content":{"rendered":"\n<p>Gana tus Fichas Doradas todos los fines de semana el el <a href=\"https:\/\/apuestasfree.com\/cl\/betano-bono-casino-en-vivo\/\" target=\"_blank\" rel=\"noreferrer noopener\">Live Casino de Betano<\/a>! Reg\u00edstrate y consigue hasta $200.000 para jugar en el casino. <a href=\"https:\/\/recor.to\/betanocasino\" rel=\"nofollow noopener sponsored\">Ingresa ahora en Betano! <\/a><\/p>\n\n\n\n<figure class=\"wp-block-image size-large\"><a href=\"https:\/\/recor.to\/betanocasino\" rel=\"nofollow noopener sponsored\"><img fetchpriority=\"high\" decoding=\"async\" width=\"1024\" height=\"320\" src=\"https:\/\/apuestasfree.com\/wp-content\/uploads\/2022\/03\/betano-fichas-doradas-1024x320.png\" alt=\"Betano fichas doradas\" class=\"wp-image-722990\" srcset=\"https:\/\/apuestasfree.com\/wp-content\/uploads\/2022\/03\/betano-fichas-doradas-1024x320.png 1024w, https:\/\/apuestasfree.com\/wp-content\/uploads\/2022\/03\/betano-fichas-doradas-300x94.png 300w, https:\/\/apuestasfree.com\/wp-content\/uploads\/2022\/03\/betano-fichas-doradas-768x240.png 768w, https:\/\/apuestasfree.com\/wp-content\/uploads\/2022\/03\/betano-fichas-doradas.png 1280w\" sizes=\"(max-width: 1024px) 100vw, 1024px\" \/><\/a><\/figure>\n\n\n\n<h2 class=\"wp-block-heading\" id=\"h-juega-al-casino-con-las-fichas-doradas-de-betano\">\u00a1Juega al Casino con las Fichas Doradas de Betano! <\/h2>\n\n\n\n<p><strong>En Betano podr\u00e1s obtener tus fichas doradas todos los fines de semana jugando en las mesas de Ruleta y Blackjack en Vivo de PlayTech, Pragmatic y Evolution!<\/strong> De la mano de las mejores productoras de juego del mundo, podr\u00e1s ganar hasta <strong>10 Fichas<\/strong> a la vez por un valor de<strong> $1000<\/strong> cada una! <\/p>\n\n\n\n<p>Lo \u00fanico que debes hacer es registrarte en el sitio para poder participar!<strong> Hazlo ahora y luego dir\u00edgete a la pesta\u00f1a de Promociones para ingresar en esta oferta y apuntarte en la promoci\u00f3n<\/strong>. Recuerda que de lo contrario no recibir\u00e1s tus fichas! <\/p>\n\n\n\n<p><strong>Una vez est\u00e9s participando, juega en las Mesas en Vivo de los juegos seleccionados, hasta haber apostado $100.000 en total durante el fin de semana. <\/strong>No hay ning\u00fan requisito de apuesta para recibir tus fichas, y se acreditar\u00e1n a modo de dinero en efectivo! No te lo pierdas y \u00fanete ahora. <\/p>\n\n\n\n<h2 class=\"wp-block-heading\" id=\"h-bono-de-bienvenida-para-casino-de-betano-hasta-200-000-extra-para-tu-juego\"><strong>Bono de Bienvenida para Casino de Betano, \u00a1hasta $200.000 extra para tu juego!<\/strong><\/h2>\n\n\n\n<p>\u00bfA\u00fan no tienes una cuenta en Betano? Pues ag\u00e1rrate y suj\u00e9tate a tu silla, porque la oferta de bienvenida que la casa tiene para sus usuarios chilenos te har\u00e1 saltar de tu lugar. De hecho, <strong>solo por registrarte y verificar tu cuenta, recibir\u00e1s un bono de $5.000 sin dep\u00f3sito<\/strong> para que empieces a jugar totalmente gratis. Adem\u00e1s, abriendo ahora mismo tu cuenta en el sitio, recibir\u00e1s una bonificaci\u00f3n del 100% sobre tu primer dep\u00f3sito para utilizar en el Casino. \u00a1<strong>Puedes conseguir hasta $200.000 extra en total! <\/strong>No te lo pierdas. Para saber m\u00e1s, lee nuestro art\u00edculo:<em><a href=\"https:\/\/apuestasfree.com\/cl\/betano\/\" target=\"_blank\" rel=\"noreferrer noopener\"> Todos los Bonos de Betano Casino.<\/a><\/em><\/p>\n\n\n\n<div class=\"wp-block-buttons is-content-justification-center is-layout-flex wp-container-core-buttons-is-layout-16018d1d wp-block-buttons-is-layout-flex\">\n<div class=\"wp-block-button\"><a class=\"wp-block-button__link wp-element-button\" href=\"https:\/\/recor.to\/betanocasino\" rel=\"nofollow noopener sponsored\">\u00a1Reclama el Bono!<\/a><\/div>\n<\/div>\n\n\n\n<p><strong>Algunos T\u00e9rminos y Condiciones:&nbsp;<\/strong><\/p>\n\n\n\n<ul class=\"wp-block-list\">\n<li>Promoci\u00f3n v\u00e1lida exclusivamente para nuevos usuarios que no hayan realizado a\u00fan su primer dep\u00f3sito<\/li>\n\n\n\n<li>Tienes un requisito de apuesta o rollover x20 veces el bono + tu dep\u00f3sito<\/li>\n\n\n\n<li>Cuentas con un plazo de 30 d\u00edas para completar los requisitos de la promoci\u00f3n antes de que tu bonificaci\u00f3n expire&nbsp;<\/li>\n\n\n\n<li>Oferta no acumulable con el bono deportivo de Betano.<\/li>\n<\/ul>\n","protected":false},"excerpt":{"rendered":"<p>Gana tus Fichas Doradas todos los fines de semana el el Live Casino de Betano! Reg\u00edstrate y consigue hasta $200.000 para jugar en el casino. Ingresa ahora en Betano! \u00a1Juega al Casino con las Fichas Doradas de Betano! En Betano podr\u00e1s obtener tus fichas doradas todos los fines de semana jugando en las mesas de &#8230; <a title=\"Betano Fichas Doradas todos fines de Semana, \u00a1Juega al Casino!\" class=\"read-more\" href=\"https:\/\/apuestasfree.com\/cl\/betano-fichas-doradas-live-casino\/\" aria-label=\"Leer m\u00e1s sobre Betano Fichas Doradas todos fines de Semana, \u00a1Juega al Casino!\">Leer m\u00e1s<\/a><\/p>\n","protected":false},"author":33363,"featured_media":0,"parent":0,"menu_order":0,"comment_status":"closed","ping_status":"closed","template":"","meta":{"_uag_custom_page_level_css":"","footnotes":""},"class_list":["post-722934","page","type-page","status-publish"],"yoast_head":"<!-- This site is optimized with the Yoast SEO Premium plugin v27.1 (Yoast SEO v27.4) - https:\/\/yoast.com\/product\/yoast-seo-premium-wordpress\/ -->\n<title>Betano Fichas Doradas todos fines de Semana, \u00a1Juega al Casino!<\/title>\n<meta name=\"description\" content=\"Gana tus Fichas Doradas todos los fines de semana el el Live Casino de Betano! Reg\u00edstrate y consigue hasta $200.000 para jugar en el casino.\" \/>\n<meta name=\"robots\" content=\"index, follow, max-snippet:-1, max-image-preview:large, max-video-preview:-1\" \/>\n<link rel=\"canonical\" href=\"https:\/\/apuestasfree.com\/cl\/betano-fichas-doradas-live-casino\/\" \/>\n<meta property=\"og:locale\" content=\"es_ES\" \/>\n<meta property=\"og:type\" content=\"article\" \/>\n<meta property=\"og:title\" content=\"Betano Fichas Doradas todos fines de Semana, \u00a1Juega al Casino!\" \/>\n<meta property=\"og:description\" content=\"Gana tus Fichas Doradas todos los fines de semana el el Live Casino de Betano! Reg\u00edstrate y consigue hasta $200.000 para jugar en el casino.\" \/>\n<meta property=\"og:url\" content=\"https:\/\/apuestasfree.com\/cl\/betano-fichas-doradas-live-casino\/\" \/>\n<meta property=\"og:site_name\" content=\"ApuestasFree\" \/>\n<meta property=\"article:modified_time\" content=\"2026-03-07T21:30:30+00:00\" \/>\n<meta property=\"og:image\" content=\"https:\/\/apuestasfree.com\/wp-content\/uploads\/2022\/03\/betano-fichas-doradas.png\" \/>\n\t<meta property=\"og:image:width\" content=\"1280\" \/>\n\t<meta property=\"og:image:height\" content=\"400\" \/>\n\t<meta property=\"og:image:type\" content=\"image\/png\" \/>\n<meta name=\"twitter:card\" content=\"summary_large_image\" \/>\n<meta name=\"twitter:label1\" content=\"Tiempo estimado de lectura\" \/>\n\t<meta name=\"twitter:data1\" content=\"2 minutos\" \/>\n<script type=\"application\/ld+json\" class=\"yoast-schema-graph\">{\"@context\":\"https:\\\/\\\/schema.org\",\"@graph\":[{\"@type\":\"WebPage\",\"@id\":\"https:\\\/\\\/apuestasfree.com\\\/cl\\\/betano-fichas-doradas-live-casino\\\/\",\"url\":\"https:\\\/\\\/apuestasfree.com\\\/cl\\\/betano-fichas-doradas-live-casino\\\/\",\"name\":\"Betano Fichas Doradas todos fines de Semana, \u00a1Juega al Casino!\",\"isPartOf\":{\"@id\":\"https:\\\/\\\/apuestasfree.com\\\/cl\\\/#website\"},\"primaryImageOfPage\":{\"@id\":\"https:\\\/\\\/apuestasfree.com\\\/cl\\\/betano-fichas-doradas-live-casino\\\/#primaryimage\"},\"image\":{\"@id\":\"https:\\\/\\\/apuestasfree.com\\\/cl\\\/betano-fichas-doradas-live-casino\\\/#primaryimage\"},\"thumbnailUrl\":\"https:\\\/\\\/apuestasfree.com\\\/wp-content\\\/uploads\\\/2022\\\/03\\\/betano-fichas-doradas-1024x320.png\",\"datePublished\":\"2022-03-27T20:15:20+00:00\",\"dateModified\":\"2026-03-07T21:30:30+00:00\",\"description\":\"Gana tus Fichas Doradas todos los fines de semana el el Live Casino de Betano! Reg\u00edstrate y consigue hasta $200.000 para jugar en el casino.\",\"breadcrumb\":{\"@id\":\"https:\\\/\\\/apuestasfree.com\\\/cl\\\/betano-fichas-doradas-live-casino\\\/#breadcrumb\"},\"inLanguage\":\"es-CL\",\"potentialAction\":[{\"@type\":\"ReadAction\",\"target\":[\"https:\\\/\\\/apuestasfree.com\\\/cl\\\/betano-fichas-doradas-live-casino\\\/\"]}]},{\"@type\":\"ImageObject\",\"inLanguage\":\"es-CL\",\"@id\":\"https:\\\/\\\/apuestasfree.com\\\/cl\\\/betano-fichas-doradas-live-casino\\\/#primaryimage\",\"url\":\"https:\\\/\\\/apuestasfree.com\\\/wp-content\\\/uploads\\\/2022\\\/03\\\/betano-fichas-doradas-1024x320.png\",\"contentUrl\":\"https:\\\/\\\/apuestasfree.com\\\/wp-content\\\/uploads\\\/2022\\\/03\\\/betano-fichas-doradas-1024x320.png\"},{\"@type\":\"BreadcrumbList\",\"@id\":\"https:\\\/\\\/apuestasfree.com\\\/cl\\\/betano-fichas-doradas-live-casino\\\/#breadcrumb\",\"itemListElement\":[{\"@type\":\"ListItem\",\"position\":1,\"name\":\"Inicio\",\"item\":\"https:\\\/\\\/apuestasfree.com\\\/cl\\\/\"},{\"@type\":\"ListItem\",\"position\":2,\"name\":\"Betano Fichas Doradas todos fines de Semana, \u00a1Juega al Casino!\"}]},{\"@type\":\"WebSite\",\"@id\":\"https:\\\/\\\/apuestasfree.com\\\/cl\\\/#website\",\"url\":\"https:\\\/\\\/apuestasfree.com\\\/cl\\\/\",\"name\":\"ApuestasFree\",\"description\":\"\",\"publisher\":{\"@id\":\"https:\\\/\\\/apuestasfree.com\\\/cl\\\/#organization\"},\"potentialAction\":[{\"@type\":\"SearchAction\",\"target\":{\"@type\":\"EntryPoint\",\"urlTemplate\":\"https:\\\/\\\/apuestasfree.com\\\/cl\\\/?s={search_term_string}\"},\"query-input\":{\"@type\":\"PropertyValueSpecification\",\"valueRequired\":true,\"valueName\":\"search_term_string\"}}],\"inLanguage\":\"es-CL\"},{\"@type\":\"Organization\",\"@id\":\"https:\\\/\\\/apuestasfree.com\\\/cl\\\/#organization\",\"name\":\"ApuestasFree\",\"url\":\"https:\\\/\\\/apuestasfree.com\\\/cl\\\/\",\"logo\":{\"@type\":\"ImageObject\",\"inLanguage\":\"es-CL\",\"@id\":\"https:\\\/\\\/apuestasfree.com\\\/cl\\\/#\\\/schema\\\/logo\\\/image\\\/\",\"url\":\"https:\\\/\\\/apuestasfree.com\\\/wp-content\\\/uploads\\\/2019\\\/06\\\/afree_logo.png\",\"contentUrl\":\"https:\\\/\\\/apuestasfree.com\\\/wp-content\\\/uploads\\\/2019\\\/06\\\/afree_logo.png\",\"width\":106,\"height\":50,\"caption\":\"ApuestasFree\"},\"image\":{\"@id\":\"https:\\\/\\\/apuestasfree.com\\\/cl\\\/#\\\/schema\\\/logo\\\/image\\\/\"}}]}<\/script>\n<!-- \/ Yoast SEO Premium plugin. -->","yoast_head_json":{"title":"Betano Fichas Doradas todos fines de Semana, \u00a1Juega al Casino!","description":"Gana tus Fichas Doradas todos los fines de semana el el Live Casino de Betano! Reg\u00edstrate y consigue hasta $200.000 para jugar en el casino.","robots":{"index":"index","follow":"follow","max-snippet":"max-snippet:-1","max-image-preview":"max-image-preview:large","max-video-preview":"max-video-preview:-1"},"canonical":"https:\/\/apuestasfree.com\/cl\/betano-fichas-doradas-live-casino\/","og_locale":"es_ES","og_type":"article","og_title":"Betano Fichas Doradas todos fines de Semana, \u00a1Juega al Casino!","og_description":"Gana tus Fichas Doradas todos los fines de semana el el Live Casino de Betano! Reg\u00edstrate y consigue hasta $200.000 para jugar en el casino.","og_url":"https:\/\/apuestasfree.com\/cl\/betano-fichas-doradas-live-casino\/","og_site_name":"ApuestasFree","article_modified_time":"2026-03-07T21:30:30+00:00","og_image":[{"width":1280,"height":400,"url":"https:\/\/apuestasfree.com\/wp-content\/uploads\/2022\/03\/betano-fichas-doradas.png","type":"image\/png"}],"twitter_card":"summary_large_image","twitter_misc":{"Tiempo estimado de lectura":"2 minutos"},"schema":{"@context":"https:\/\/schema.org","@graph":[{"@type":"WebPage","@id":"https:\/\/apuestasfree.com\/cl\/betano-fichas-doradas-live-casino\/","url":"https:\/\/apuestasfree.com\/cl\/betano-fichas-doradas-live-casino\/","name":"Betano Fichas Doradas todos fines de Semana, \u00a1Juega al Casino!","isPartOf":{"@id":"https:\/\/apuestasfree.com\/cl\/#website"},"primaryImageOfPage":{"@id":"https:\/\/apuestasfree.com\/cl\/betano-fichas-doradas-live-casino\/#primaryimage"},"image":{"@id":"https:\/\/apuestasfree.com\/cl\/betano-fichas-doradas-live-casino\/#primaryimage"},"thumbnailUrl":"https:\/\/apuestasfree.com\/wp-content\/uploads\/2022\/03\/betano-fichas-doradas-1024x320.png","datePublished":"2022-03-27T20:15:20+00:00","dateModified":"2026-03-07T21:30:30+00:00","description":"Gana tus Fichas Doradas todos los fines de semana el el Live Casino de Betano! Reg\u00edstrate y consigue hasta $200.000 para jugar en el casino.","breadcrumb":{"@id":"https:\/\/apuestasfree.com\/cl\/betano-fichas-doradas-live-casino\/#breadcrumb"},"inLanguage":"es-CL","potentialAction":[{"@type":"ReadAction","target":["https:\/\/apuestasfree.com\/cl\/betano-fichas-doradas-live-casino\/"]}]},{"@type":"ImageObject","inLanguage":"es-CL","@id":"https:\/\/apuestasfree.com\/cl\/betano-fichas-doradas-live-casino\/#primaryimage","url":"https:\/\/apuestasfree.com\/wp-content\/uploads\/2022\/03\/betano-fichas-doradas-1024x320.png","contentUrl":"https:\/\/apuestasfree.com\/wp-content\/uploads\/2022\/03\/betano-fichas-doradas-1024x320.png"},{"@type":"BreadcrumbList","@id":"https:\/\/apuestasfree.com\/cl\/betano-fichas-doradas-live-casino\/#breadcrumb","itemListElement":[{"@type":"ListItem","position":1,"name":"Inicio","item":"https:\/\/apuestasfree.com\/cl\/"},{"@type":"ListItem","position":2,"name":"Betano Fichas Doradas todos fines de Semana, \u00a1Juega al Casino!"}]},{"@type":"WebSite","@id":"https:\/\/apuestasfree.com\/cl\/#website","url":"https:\/\/apuestasfree.com\/cl\/","name":"ApuestasFree","description":"","publisher":{"@id":"https:\/\/apuestasfree.com\/cl\/#organization"},"potentialAction":[{"@type":"SearchAction","target":{"@type":"EntryPoint","urlTemplate":"https:\/\/apuestasfree.com\/cl\/?s={search_term_string}"},"query-input":{"@type":"PropertyValueSpecification","valueRequired":true,"valueName":"search_term_string"}}],"inLanguage":"es-CL"},{"@type":"Organization","@id":"https:\/\/apuestasfree.com\/cl\/#organization","name":"ApuestasFree","url":"https:\/\/apuestasfree.com\/cl\/","logo":{"@type":"ImageObject","inLanguage":"es-CL","@id":"https:\/\/apuestasfree.com\/cl\/#\/schema\/logo\/image\/","url":"https:\/\/apuestasfree.com\/wp-content\/uploads\/2019\/06\/afree_logo.png","contentUrl":"https:\/\/apuestasfree.com\/wp-content\/uploads\/2019\/06\/afree_logo.png","width":106,"height":50,"caption":"ApuestasFree"},"image":{"@id":"https:\/\/apuestasfree.com\/cl\/#\/schema\/logo\/image\/"}}]}},"uagb_featured_image_src":{"full":false,"thumbnail":false,"medium":false,"medium_large":false,"large":false,"1536x1536":false,"2048x2048":false},"uagb_author_info":{"display_name":"RocioCa","author_link":"https:\/\/apuestasfree.com\/cl\/author\/rocioca\/"},"uagb_comment_info":0,"uagb_excerpt":"Gana tus Fichas Doradas todos los fines de semana el el Live Casino de Betano! Reg\u00edstrate y consigue hasta $200.000 para jugar en el casino. Ingresa ahora en Betano! \u00a1Juega al Casino con las Fichas Doradas de Betano! En Betano podr\u00e1s obtener tus fichas doradas todos los fines de semana jugando en las mesas de&hellip;","_links":{"self":[{"href":"https:\/\/apuestasfree.com\/cl\/wp-json\/wp\/v2\/pages\/722934","targetHints":{"allow":["GET"]}}],"collection":[{"href":"https:\/\/apuestasfree.com\/cl\/wp-json\/wp\/v2\/pages"}],"about":[{"href":"https:\/\/apuestasfree.com\/cl\/wp-json\/wp\/v2\/types\/page"}],"author":[{"embeddable":true,"href":"https:\/\/apuestasfree.com\/cl\/wp-json\/wp\/v2\/users\/33363"}],"replies":[{"embeddable":true,"href":"https:\/\/apuestasfree.com\/cl\/wp-json\/wp\/v2\/comments?post=722934"}],"version-history":[{"count":5,"href":"https:\/\/apuestasfree.com\/cl\/wp-json\/wp\/v2\/pages\/722934\/revisions"}],"predecessor-version":[{"id":2162676,"href":"https:\/\/apuestasfree.com\/cl\/wp-json\/wp\/v2\/pages\/722934\/revisions\/2162676"}],"wp:attachment":[{"href":"https:\/\/apuestasfree.com\/cl\/wp-json\/wp\/v2\/media?parent=722934"}],"curies":[{"name":"wp","href":"https:\/\/api.w.org\/{rel}","templated":true}]}}