{"id":690982,"date":"2022-03-07T22:06:51","date_gmt":"2022-03-07T21:06:51","guid":{"rendered":"https:\/\/apuestasfree.com\/?p=690982"},"modified":"2026-03-07T22:20:22","modified_gmt":"2026-03-07T21:20:22","slug":"betano-como-jugar-aviator","status":"publish","type":"page","link":"https:\/\/apuestasfree.com\/cl\/betano-como-jugar-aviator\/","title":{"rendered":"Betano presenta Aviator: \u00a1Aprende c\u00f3mo jugar al nuevo multijugador!"},"content":{"rendered":"\n<p>Aprende c\u00f3mo jugar al Aviator, el nuevo juego social de moda disponible en Betano. Reg\u00edstrate y haz tu primer dep\u00f3sito para jugar! <a href=\"https:\/\/recor.to\/betanocasino\" rel=\"nofollow noopener sponsored\">Juega en Betano Chile. <\/a><\/p>\n\n\n\n<figure class=\"wp-block-image size-full\"><a href=\"https:\/\/recor.to\/betanocasino\" rel=\"nofollow noopener sponsored\"><img fetchpriority=\"high\" decoding=\"async\" width=\"1007\" height=\"431\" src=\"https:\/\/apuestasfree.com\/wp-content\/uploads\/2022\/03\/betano-jugar-aviator.png\" alt=\"betano jugar aviator \" class=\"wp-image-690985\" srcset=\"https:\/\/apuestasfree.com\/wp-content\/uploads\/2022\/03\/betano-jugar-aviator.png 1007w, https:\/\/apuestasfree.com\/wp-content\/uploads\/2022\/03\/betano-jugar-aviator-300x128.png 300w, https:\/\/apuestasfree.com\/wp-content\/uploads\/2022\/03\/betano-jugar-aviator-768x329.png 768w\" sizes=\"(max-width: 1007px) 100vw, 1007px\" \/><\/a><\/figure>\n\n\n\n<h2 class=\"wp-block-heading\" id=\"h-conoce-el-nuevo-juego-de-moda-juega-a-aviator-en-betano\">Conoce el nuevo juego de moda, \u00a1Juega a Aviator en Betano! <\/h2>\n\n\n\n<p>Betano presenta su nuevo juego social de moda: <strong>Aviator ya est\u00e1 disponible en el sitio! <\/strong>Este multijugador se agrega a la lista de la nueva generaci\u00f3n de juegos virtuales, y ha conseguido popularidad gracias a los criptocasinos, como una forma incre\u00edblemente emocionante y divertida de ganar. <\/p>\n\n\n\n<p>En este juego presentado por <strong>Spribe<\/strong>, simplemente debes detener el avi\u00f3n en la curva antes de que se estrelle, \u00a1y se vuelve m\u00e1s dif\u00edcil segundo a segundo! Solo <strong>haz tu apuesta por el monto que desees, observa al avi\u00f3n despegar, y p\u00e1ralo antes de que choque en la curva. <\/strong><\/p>\n\n\n\n<p>Puedes volver a apostar todas las veces que quieras, esperando a la siguiente ronda una vez que hayas terminado tu juego. Incluso puedes hacer dos apuestas a la vez. <strong>\u00a1Prueba tu suerte y tus reflejos en <a href=\"https:\/\/recor.to\/betanocasino\" rel=\"nofollow noopener sponsored\">Betano.com<\/a>! <\/strong><\/p>\n\n\n\n<h2 class=\"wp-block-heading\">Betano te da la Bienvenida al Casino, \u00a1Explora tus opciones de juego! <\/h2>\n\n\n\n<p>\u00bfA\u00fan no tienes una cuenta en Betano? Pues ag\u00e1rrate y suj\u00e9tate a tu silla, porque la oferta en cantidad de juegos que tiene para sus usuarios chilenos te har\u00e1 saltar de tu lugar. De hecho, <strong>solo por abrir tu cuenta y verificarla, recibir\u00e1s un bono de $5.000 sin dep\u00f3sito<\/strong> para que empieces a jugar totalmente gratis. Pero eso no es todo: una vez que aproveches tu regalo de bienvenida, puedes hacer tu primer dep\u00f3sito para utilizar en el Casino y tendr\u00e1s un<strong> bono del 100% EXTRA hasta 200.000 CLP! <\/strong>No te lo pierdas. Para saber m\u00e1s, lee nuestro art\u00edculo: Rese\u00f1a general de Betano Casino.<\/p>\n\n\n\n<div class=\"wp-block-buttons is-content-justification-center is-layout-flex wp-container-core-buttons-is-layout-16018d1d wp-block-buttons-is-layout-flex\">\n<div class=\"wp-block-button\"><a class=\"wp-block-button__link wp-element-button\" href=\"https:\/\/recor.to\/betanocasino\" rel=\"nofollow noopener sponsored\">\u00a1Consigue tu Bono!<\/a><\/div>\n<\/div>\n\n\n\n<p><strong>Algunos T\u00e9rminos y Condiciones:&nbsp;<\/strong><\/p>\n\n\n\n<ul class=\"wp-block-list\">\n<li>Casino v\u00e1lido exclusivamente para nuevos usuarios que hagan al menos un dep\u00f3sito en la plataforma<\/li>\n\n\n\n<li>Disponible para usuarios mayores de los 18 a\u00f1os de edad <\/li>\n\n\n\n<li>Solo se admitir\u00e1 una cuenta por usuario<\/li>\n\n\n\n<li>Monto m\u00e1ximo de 200.000 CLP de bonificaci\u00f3n<\/li>\n\n\n\n<li>Rollover x20 del valor del bono recibido<\/li>\n\n\n\n<li>Juega responsablemente, y recuerda que apostar es un gasto<\/li>\n\n\n\n<li>Al registrarse, el usuario afirma haber aceptado todos los t\u00e9rminos y condiciones del sitio <\/li>\n<\/ul>\n","protected":false},"excerpt":{"rendered":"<p>Aprende c\u00f3mo jugar al Aviator, el nuevo juego social de moda disponible en Betano. Reg\u00edstrate y haz tu primer dep\u00f3sito para jugar! Juega en Betano Chile. Conoce el nuevo juego de moda, \u00a1Juega a Aviator en Betano! Betano presenta su nuevo juego social de moda: Aviator ya est\u00e1 disponible en el sitio! Este multijugador se &#8230; <a title=\"Betano presenta Aviator: \u00a1Aprende c\u00f3mo jugar al nuevo multijugador!\" class=\"read-more\" href=\"https:\/\/apuestasfree.com\/cl\/betano-como-jugar-aviator\/\" aria-label=\"Leer m\u00e1s sobre Betano presenta Aviator: \u00a1Aprende c\u00f3mo jugar al nuevo multijugador!\">Leer m\u00e1s<\/a><\/p>\n","protected":false},"author":33363,"featured_media":0,"parent":0,"menu_order":0,"comment_status":"closed","ping_status":"closed","template":"","meta":{"_uag_custom_page_level_css":"","footnotes":""},"class_list":["post-690982","page","type-page","status-publish"],"yoast_head":"<!-- This site is optimized with the Yoast SEO Premium plugin v27.1 (Yoast SEO v27.3) - https:\/\/yoast.com\/product\/yoast-seo-premium-wordpress\/ -->\n<title>Betano presenta Aviator: \u00a1Aprende c\u00f3mo jugar al nuevo multijugador! -<\/title>\n<meta name=\"description\" content=\"Aprende c\u00f3mo jugar al Aviator, el nuevo juego social de moda disponible en Betano. Reg\u00edstrate y haz tu primer dep\u00f3sito para empezar a jugar!\" \/>\n<meta name=\"robots\" content=\"index, follow, max-snippet:-1, max-image-preview:large, max-video-preview:-1\" \/>\n<link rel=\"canonical\" href=\"https:\/\/apuestasfree.com\/cl\/betano-como-jugar-aviator\/\" \/>\n<meta property=\"og:locale\" content=\"es_ES\" \/>\n<meta property=\"og:type\" content=\"article\" \/>\n<meta property=\"og:title\" content=\"Betano presenta Aviator: \u00a1Aprende c\u00f3mo jugar al nuevo multijugador!\" \/>\n<meta property=\"og:description\" content=\"Aprende c\u00f3mo jugar al Aviator, el nuevo juego social de moda disponible en Betano. Reg\u00edstrate y haz tu primer dep\u00f3sito para empezar a jugar!\" \/>\n<meta property=\"og:url\" content=\"https:\/\/apuestasfree.com\/cl\/betano-como-jugar-aviator\/\" \/>\n<meta property=\"og:site_name\" content=\"ApuestasFree\" \/>\n<meta property=\"article:modified_time\" content=\"2026-03-07T21:20:22+00:00\" \/>\n<meta property=\"og:image\" content=\"https:\/\/apuestasfree.com\/wp-content\/uploads\/2022\/03\/betano-jugar-aviator.png\" \/>\n\t<meta property=\"og:image:width\" content=\"1007\" \/>\n\t<meta property=\"og:image:height\" content=\"431\" \/>\n\t<meta property=\"og:image:type\" content=\"image\/png\" \/>\n<meta name=\"twitter:card\" content=\"summary_large_image\" \/>\n<meta name=\"twitter:label1\" content=\"Tiempo estimado de lectura\" \/>\n\t<meta name=\"twitter:data1\" content=\"2 minutos\" \/>\n<script type=\"application\/ld+json\" class=\"yoast-schema-graph\">{\"@context\":\"https:\\\/\\\/schema.org\",\"@graph\":[{\"@type\":\"WebPage\",\"@id\":\"https:\\\/\\\/apuestasfree.com\\\/cl\\\/betano-como-jugar-aviator\\\/\",\"url\":\"https:\\\/\\\/apuestasfree.com\\\/cl\\\/betano-como-jugar-aviator\\\/\",\"name\":\"Betano presenta Aviator: \u00a1Aprende c\u00f3mo jugar al nuevo multijugador! -\",\"isPartOf\":{\"@id\":\"https:\\\/\\\/apuestasfree.com\\\/cl\\\/#website\"},\"primaryImageOfPage\":{\"@id\":\"https:\\\/\\\/apuestasfree.com\\\/cl\\\/betano-como-jugar-aviator\\\/#primaryimage\"},\"image\":{\"@id\":\"https:\\\/\\\/apuestasfree.com\\\/cl\\\/betano-como-jugar-aviator\\\/#primaryimage\"},\"thumbnailUrl\":\"https:\\\/\\\/apuestasfree.com\\\/wp-content\\\/uploads\\\/2022\\\/03\\\/betano-jugar-aviator.png\",\"datePublished\":\"2022-03-07T21:06:51+00:00\",\"dateModified\":\"2026-03-07T21:20:22+00:00\",\"description\":\"Aprende c\u00f3mo jugar al Aviator, el nuevo juego social de moda disponible en Betano. Reg\u00edstrate y haz tu primer dep\u00f3sito para empezar a jugar!\",\"breadcrumb\":{\"@id\":\"https:\\\/\\\/apuestasfree.com\\\/cl\\\/betano-como-jugar-aviator\\\/#breadcrumb\"},\"inLanguage\":\"es-CL\",\"potentialAction\":[{\"@type\":\"ReadAction\",\"target\":[\"https:\\\/\\\/apuestasfree.com\\\/cl\\\/betano-como-jugar-aviator\\\/\"]}]},{\"@type\":\"ImageObject\",\"inLanguage\":\"es-CL\",\"@id\":\"https:\\\/\\\/apuestasfree.com\\\/cl\\\/betano-como-jugar-aviator\\\/#primaryimage\",\"url\":\"https:\\\/\\\/apuestasfree.com\\\/wp-content\\\/uploads\\\/2022\\\/03\\\/betano-jugar-aviator.png\",\"contentUrl\":\"https:\\\/\\\/apuestasfree.com\\\/wp-content\\\/uploads\\\/2022\\\/03\\\/betano-jugar-aviator.png\"},{\"@type\":\"BreadcrumbList\",\"@id\":\"https:\\\/\\\/apuestasfree.com\\\/cl\\\/betano-como-jugar-aviator\\\/#breadcrumb\",\"itemListElement\":[{\"@type\":\"ListItem\",\"position\":1,\"name\":\"Inicio\",\"item\":\"https:\\\/\\\/apuestasfree.com\\\/cl\\\/\"},{\"@type\":\"ListItem\",\"position\":2,\"name\":\"Betano presenta Aviator: \u00a1Aprende c\u00f3mo jugar al nuevo multijugador!\"}]},{\"@type\":\"WebSite\",\"@id\":\"https:\\\/\\\/apuestasfree.com\\\/cl\\\/#website\",\"url\":\"https:\\\/\\\/apuestasfree.com\\\/cl\\\/\",\"name\":\"ApuestasFree\",\"description\":\"\",\"publisher\":{\"@id\":\"https:\\\/\\\/apuestasfree.com\\\/cl\\\/#organization\"},\"potentialAction\":[{\"@type\":\"SearchAction\",\"target\":{\"@type\":\"EntryPoint\",\"urlTemplate\":\"https:\\\/\\\/apuestasfree.com\\\/cl\\\/?s={search_term_string}\"},\"query-input\":{\"@type\":\"PropertyValueSpecification\",\"valueRequired\":true,\"valueName\":\"search_term_string\"}}],\"inLanguage\":\"es-CL\"},{\"@type\":\"Organization\",\"@id\":\"https:\\\/\\\/apuestasfree.com\\\/cl\\\/#organization\",\"name\":\"ApuestasFree\",\"url\":\"https:\\\/\\\/apuestasfree.com\\\/cl\\\/\",\"logo\":{\"@type\":\"ImageObject\",\"inLanguage\":\"es-CL\",\"@id\":\"https:\\\/\\\/apuestasfree.com\\\/cl\\\/#\\\/schema\\\/logo\\\/image\\\/\",\"url\":\"https:\\\/\\\/apuestasfree.com\\\/wp-content\\\/uploads\\\/2019\\\/06\\\/afree_logo.png\",\"contentUrl\":\"https:\\\/\\\/apuestasfree.com\\\/wp-content\\\/uploads\\\/2019\\\/06\\\/afree_logo.png\",\"width\":106,\"height\":50,\"caption\":\"ApuestasFree\"},\"image\":{\"@id\":\"https:\\\/\\\/apuestasfree.com\\\/cl\\\/#\\\/schema\\\/logo\\\/image\\\/\"}}]}<\/script>\n<!-- \/ Yoast SEO Premium plugin. -->","yoast_head_json":{"title":"Betano presenta Aviator: \u00a1Aprende c\u00f3mo jugar al nuevo multijugador! -","description":"Aprende c\u00f3mo jugar al Aviator, el nuevo juego social de moda disponible en Betano. Reg\u00edstrate y haz tu primer dep\u00f3sito para empezar a jugar!","robots":{"index":"index","follow":"follow","max-snippet":"max-snippet:-1","max-image-preview":"max-image-preview:large","max-video-preview":"max-video-preview:-1"},"canonical":"https:\/\/apuestasfree.com\/cl\/betano-como-jugar-aviator\/","og_locale":"es_ES","og_type":"article","og_title":"Betano presenta Aviator: \u00a1Aprende c\u00f3mo jugar al nuevo multijugador!","og_description":"Aprende c\u00f3mo jugar al Aviator, el nuevo juego social de moda disponible en Betano. Reg\u00edstrate y haz tu primer dep\u00f3sito para empezar a jugar!","og_url":"https:\/\/apuestasfree.com\/cl\/betano-como-jugar-aviator\/","og_site_name":"ApuestasFree","article_modified_time":"2026-03-07T21:20:22+00:00","og_image":[{"width":1007,"height":431,"url":"https:\/\/apuestasfree.com\/wp-content\/uploads\/2022\/03\/betano-jugar-aviator.png","type":"image\/png"}],"twitter_card":"summary_large_image","twitter_misc":{"Tiempo estimado de lectura":"2 minutos"},"schema":{"@context":"https:\/\/schema.org","@graph":[{"@type":"WebPage","@id":"https:\/\/apuestasfree.com\/cl\/betano-como-jugar-aviator\/","url":"https:\/\/apuestasfree.com\/cl\/betano-como-jugar-aviator\/","name":"Betano presenta Aviator: \u00a1Aprende c\u00f3mo jugar al nuevo multijugador! -","isPartOf":{"@id":"https:\/\/apuestasfree.com\/cl\/#website"},"primaryImageOfPage":{"@id":"https:\/\/apuestasfree.com\/cl\/betano-como-jugar-aviator\/#primaryimage"},"image":{"@id":"https:\/\/apuestasfree.com\/cl\/betano-como-jugar-aviator\/#primaryimage"},"thumbnailUrl":"https:\/\/apuestasfree.com\/wp-content\/uploads\/2022\/03\/betano-jugar-aviator.png","datePublished":"2022-03-07T21:06:51+00:00","dateModified":"2026-03-07T21:20:22+00:00","description":"Aprende c\u00f3mo jugar al Aviator, el nuevo juego social de moda disponible en Betano. Reg\u00edstrate y haz tu primer dep\u00f3sito para empezar a jugar!","breadcrumb":{"@id":"https:\/\/apuestasfree.com\/cl\/betano-como-jugar-aviator\/#breadcrumb"},"inLanguage":"es-CL","potentialAction":[{"@type":"ReadAction","target":["https:\/\/apuestasfree.com\/cl\/betano-como-jugar-aviator\/"]}]},{"@type":"ImageObject","inLanguage":"es-CL","@id":"https:\/\/apuestasfree.com\/cl\/betano-como-jugar-aviator\/#primaryimage","url":"https:\/\/apuestasfree.com\/wp-content\/uploads\/2022\/03\/betano-jugar-aviator.png","contentUrl":"https:\/\/apuestasfree.com\/wp-content\/uploads\/2022\/03\/betano-jugar-aviator.png"},{"@type":"BreadcrumbList","@id":"https:\/\/apuestasfree.com\/cl\/betano-como-jugar-aviator\/#breadcrumb","itemListElement":[{"@type":"ListItem","position":1,"name":"Inicio","item":"https:\/\/apuestasfree.com\/cl\/"},{"@type":"ListItem","position":2,"name":"Betano presenta Aviator: \u00a1Aprende c\u00f3mo jugar al nuevo multijugador!"}]},{"@type":"WebSite","@id":"https:\/\/apuestasfree.com\/cl\/#website","url":"https:\/\/apuestasfree.com\/cl\/","name":"ApuestasFree","description":"","publisher":{"@id":"https:\/\/apuestasfree.com\/cl\/#organization"},"potentialAction":[{"@type":"SearchAction","target":{"@type":"EntryPoint","urlTemplate":"https:\/\/apuestasfree.com\/cl\/?s={search_term_string}"},"query-input":{"@type":"PropertyValueSpecification","valueRequired":true,"valueName":"search_term_string"}}],"inLanguage":"es-CL"},{"@type":"Organization","@id":"https:\/\/apuestasfree.com\/cl\/#organization","name":"ApuestasFree","url":"https:\/\/apuestasfree.com\/cl\/","logo":{"@type":"ImageObject","inLanguage":"es-CL","@id":"https:\/\/apuestasfree.com\/cl\/#\/schema\/logo\/image\/","url":"https:\/\/apuestasfree.com\/wp-content\/uploads\/2019\/06\/afree_logo.png","contentUrl":"https:\/\/apuestasfree.com\/wp-content\/uploads\/2019\/06\/afree_logo.png","width":106,"height":50,"caption":"ApuestasFree"},"image":{"@id":"https:\/\/apuestasfree.com\/cl\/#\/schema\/logo\/image\/"}}]}},"uagb_featured_image_src":{"full":false,"thumbnail":false,"medium":false,"medium_large":false,"large":false,"1536x1536":false,"2048x2048":false},"uagb_author_info":{"display_name":"RocioCa","author_link":"https:\/\/apuestasfree.com\/cl\/author\/rocioca\/"},"uagb_comment_info":0,"uagb_excerpt":"Aprende c\u00f3mo jugar al Aviator, el nuevo juego social de moda disponible en Betano. Reg\u00edstrate y haz tu primer dep\u00f3sito para jugar! Juega en Betano Chile. Conoce el nuevo juego de moda, \u00a1Juega a Aviator en Betano! Betano presenta su nuevo juego social de moda: Aviator ya est\u00e1 disponible en el sitio! Este multijugador se&hellip;","_links":{"self":[{"href":"https:\/\/apuestasfree.com\/cl\/wp-json\/wp\/v2\/pages\/690982","targetHints":{"allow":["GET"]}}],"collection":[{"href":"https:\/\/apuestasfree.com\/cl\/wp-json\/wp\/v2\/pages"}],"about":[{"href":"https:\/\/apuestasfree.com\/cl\/wp-json\/wp\/v2\/types\/page"}],"author":[{"embeddable":true,"href":"https:\/\/apuestasfree.com\/cl\/wp-json\/wp\/v2\/users\/33363"}],"replies":[{"embeddable":true,"href":"https:\/\/apuestasfree.com\/cl\/wp-json\/wp\/v2\/comments?post=690982"}],"version-history":[{"count":3,"href":"https:\/\/apuestasfree.com\/cl\/wp-json\/wp\/v2\/pages\/690982\/revisions"}],"predecessor-version":[{"id":2162465,"href":"https:\/\/apuestasfree.com\/cl\/wp-json\/wp\/v2\/pages\/690982\/revisions\/2162465"}],"wp:attachment":[{"href":"https:\/\/apuestasfree.com\/cl\/wp-json\/wp\/v2\/media?parent=690982"}],"curies":[{"name":"wp","href":"https:\/\/api.w.org\/{rel}","templated":true}]}}