{"id":610458,"date":"2021-12-10T04:26:05","date_gmt":"2021-12-10T03:26:05","guid":{"rendered":"https:\/\/apuestasfree.com\/?page_id=610458"},"modified":"2024-03-14T12:40:20","modified_gmt":"2024-03-14T11:40:20","slug":"playuzu-promocion-navidad","status":"publish","type":"page","link":"https:\/\/apuestasfree.com\/cl\/playuzu-promocion-navidad\/","title":{"rendered":"Playuzu promoci\u00f3n navidad \u00bb \u00a1Festeja la navidad con Giros Gratis!"},"content":{"rendered":"\n<p>\u00bfQuieres conseguir la nueva <strong>promoci\u00f3n de Navidad para Chile en Playuzu<\/strong>? Entonces, participa del Torneo Santa&#8217;s Sack, exclusivo en Chile. Adem\u00e1s, consigue <strong>GirosGratis,premios<\/strong> sorpresa <strong>diarios,<\/strong> y un premio de h<strong>asta US$500 en Playuzu Chile<\/strong>. Por esto, aprende todo lo que necesitas saber sobre las ofertas de Navidad, y c\u00f3mo reclamarlas en Playuzu. Antes de continuar,&nbsp;<a href=\"https:\/\/site.gotoplayuzu.com\/index.php?aname=apuestasfree_latam&amp;zone_id=xmasac_cl\">Reg\u00edstrate en Playuzu Chile<\/a>, y consigue sus mejores ofertas.<\/p>\n\n\n\n<hr class=\"wp-block-separator has-css-opacity\"\/>\n\n\n\n<figure class=\"wp-block-image size-large\"><a href=\"https:\/\/site.gotoplayuzu.com\/index.php?aname=apuestasfree_latam&amp;zone_id=xmasac_cl\" target=\"_blank\" rel=\"noopener\"><img fetchpriority=\"high\" decoding=\"async\" width=\"1024\" height=\"512\" src=\"https:\/\/apuestasfree.com\/wp-content\/uploads\/2021\/12\/playuzu-promocion-navidad-1024x512.png\" alt=\"playuzu navidad\" class=\"wp-image-610529\" srcset=\"https:\/\/apuestasfree.com\/wp-content\/uploads\/2021\/12\/playuzu-promocion-navidad-1024x512.png 1024w, https:\/\/apuestasfree.com\/wp-content\/uploads\/2021\/12\/playuzu-promocion-navidad-300x150.png 300w, https:\/\/apuestasfree.com\/wp-content\/uploads\/2021\/12\/playuzu-promocion-navidad-768x384.png 768w, https:\/\/apuestasfree.com\/wp-content\/uploads\/2021\/12\/playuzu-promocion-navidad.png 1200w\" sizes=\"(max-width: 1024px) 100vw, 1024px\" \/><\/a><\/figure>\n\n\n\n<p><em><a href=\"https:\/\/apuestasfree.com\/cl\/playuzu-nuevo-bono-sin-deposito\/\">Nuevo Bono sin dep\u00f3sito en Playuzu!<\/a><\/em><\/p>\n\n\n\n<hr class=\"wp-block-separator has-css-opacity\"\/>\n\n\n\n<h2 class=\"wp-block-heading\" id=\"h-calendario-feliz-en-chile-nueva-promocion-para-navidad-de-playuzu\">Calendario Feliz en Chile: Nueva promoci\u00f3n para Navidad de Playuzu<\/h2>\n\n\n\n<p>Venimos con las buenas nuevas de Playuzu para todo Chile. \u00a1Y mira las mejores ofertas de Playuzu, tirando el carro de la diversi\u00f3n! Entonces, comenzaremos por decirte que esta <a href=\"https:\/\/apuestasfree.com\/cl\/playuzu-promocion-navidad\/\" target=\"_blank\" rel=\"noopener\"><strong>promoci\u00f3n de navidad<\/strong><\/a> tiene una <strong>duraci\u00f3n limitada.<\/strong> Por ello, no pierdas el tiempo y <a href=\"https:\/\/site.gotoplayuzu.com\/index.php?aname=apuestasfree_latam&amp;zone_id=xmasac_cl\">Registra una cuenta en Playuzu<\/a>, el Casino transparente en Chile. Si no sabes c\u00f3mo hacerlo, ingresa a nuestro art\u00edculo: <a href=\"https:\/\/apuestasfree.com\/cl\/playuzu-como-registrarse-desde-chile\/\">C\u00f3mo registrarse en Playuzu Chile.<\/a><\/p>\n<p>Como ya hemos mencionado, esta <strong>oferta<\/strong> tiene un <strong>tiempo limitado:<\/strong> Aprov\u00e9chala desde el 29 de Noviembre,<strong> hasta el 26 de Diciembre del 2021<\/strong>. Adem\u00e1s, s\u00f3lo calificar\u00e1n aquellos usuarios registrados, que hayan hecho al menos 1 dep\u00f3sito en Playuzu Chile. Ahora bien, avanzamos para explicarte todo sobre la <strong>promoci\u00f3n<\/strong> de <strong>navidad<\/strong> en Playuzu.<\/p>\n\n\n\n<hr class=\"wp-block-separator has-css-opacity\"\/>\n\n\n\n<div class=\"wp-block-buttons is-horizontal is-content-justification-center is-layout-flex wp-container-core-buttons-is-layout-499968f5 wp-block-buttons-is-layout-flex\">\n<div class=\"wp-block-button has-custom-width wp-block-button__width-75 has-custom-font-size is-style-fill has-medium-font-size\"><a class=\"wp-block-button__link wp-element-button\" href=\"https:\/\/site.gotoplayuzu.com\/index.php?aname=apuestasfree_latam&amp;zone_id=xmasac_cl\" style=\"border-radius:50px\" target=\"_blank\" rel=\"noreferrer noopener\"><strong><em>\u00a1Consigue la Promoci\u00f3n de Navidad en Playuzu!<\/em><\/strong><\/a><\/div>\n<\/div>\n\n\n\n<hr class=\"wp-block-separator has-css-opacity\"\/>\n\n\n\n<h3 class=\"wp-block-heading\" id=\"h-sorpresas-diarias-en-playuzu-chile-paquete-de-giros-gratis-prize-twister-y-boletos-al-torneo-santa-s-sack\"><strong>Sorpresas Diarias en Playuzu Chile<\/strong>: Paquete de Giros Gratis, Prize Twister y Boletos al Torneo Santa&#8217;s Sack<\/h3>\n\n\n\n<p>Comenzaremos por decirte que en <strong>Playuzu,<\/strong> podr\u00e1s conseguir grandes <strong>premios todos<\/strong> los <strong>d\u00edas.<\/strong> Por esto, inicia sesi\u00f3n en tu cuenta de Playuzu Chile, e ingresa en la <strong>secci\u00f3n Sorpresas.<\/strong> Entonces, con la nueva <strong>promoci\u00f3n de Navidad en Playuzu<\/strong>, las sorpresas incluir\u00e1n estos premios:<\/p>\n<ul>\n<li><strong>Paquetes de Giros Gratis <\/strong>en las Slots: <strong>Thor the Trials of Asgard<\/strong> y\/o <strong>Spinning Wilds<\/strong>.<\/li>\n<li><strong>Tira la Palanca en Prize Twister<\/strong>: Consigue Giros Giros gratis y el bote Mega Twister de hasta $15.000.000.<\/li>\n<li><strong>Boletos para el Torneo Santa\u00b4s Sack<\/strong>: Escala en la tabla de puntuaci\u00f3n por un premio acumulado de US$1.500. Adem\u00e1s \u00a1\u00a1el primer puesto recibir\u00e1 US$500!!<\/li>\n<\/ul>\n\n\n\n<h3 class=\"wp-block-heading\" id=\"h-torneo-de-tragamonedas-santa-s-sack-promocion-especial-para-navidad-de-playuzu\"><strong>Torneo de tragamonedas Santa&#8217;s Sack<\/strong>: Promoci\u00f3n especial para navidad de Playuzu<\/h3>\n\n\n\n<p>Seguimos con la excelente <strong>promoci\u00f3n<\/strong> de temporada navide\u00f1a en <strong>Playuzu Chile.<\/strong> Y por esto, te explicamos en qu\u00e9 consiste el <a href=\"https:\/\/site.gotoplayuzu.com\/index.php?aname=apuestasfree_latam&amp;zone_id=xmasac_cl\">Torneo de slots Santa&#8217;s Sacks<\/a>, y c\u00f3mo participar. Entonces, este torneo se jugar\u00e1 en las slots seleccionadas: <strong>Thor Trials of Asgard<\/strong> y <strong>Spinning Wilds<\/strong>. Ten en cuenta que para participar en el torneo navide\u00f1o, deber\u00e1s obtener Boletos de entrada.&nbsp;<\/p>\n<p>Ahora bien, puedes <strong>obtener<\/strong> estos <strong>boletos<\/strong> de varias formas: Lo m\u00e1s directo ser\u00eda <strong>comprar<\/strong> <strong>20 Giros Gratis por US$1<\/strong>. Recuerda que los giros gratis ser\u00e1n asignados en las slots especiales para la promoci\u00f3n Navide\u00f1a. Tambi\u00e9n puedes obtener boletos por tu <strong>dep\u00f3sito<\/strong> realizado <strong>en<\/strong> el <strong><a href=\"https:\/\/site.gotoplayuzu.com\/index.php?aname=apuestasfree_latam&amp;zone_id=xmasac_cl\">Torneo Santa&#8217;s Sack<\/a>.<\/strong> Y por \u00faltimo, pero no menos provecho, puedes <strong>reclamar giros gratis<\/strong> en las <strong>Sorpresas diarias<\/strong> de Playuzu.<\/p>\n\n\n\n<hr class=\"wp-block-separator has-css-opacity\"\/>\n\n\n\n<figure class=\"wp-block-image size-large\"><a href=\"https:\/\/apuestasfree.com\/cl\/playuzu-bono-casino\/\" target=\"_blank\" rel=\"noopener\"><img decoding=\"async\" width=\"1024\" height=\"512\" src=\"https:\/\/apuestasfree.com\/wp-content\/uploads\/2021\/12\/playuzu-navidad-1024x512.png\" alt=\"playuzu oferta navidad\" class=\"wp-image-610561\" srcset=\"https:\/\/apuestasfree.com\/wp-content\/uploads\/2021\/12\/playuzu-navidad-1024x512.png 1024w, https:\/\/apuestasfree.com\/wp-content\/uploads\/2021\/12\/playuzu-navidad-300x150.png 300w, https:\/\/apuestasfree.com\/wp-content\/uploads\/2021\/12\/playuzu-navidad-768x384.png 768w, https:\/\/apuestasfree.com\/wp-content\/uploads\/2021\/12\/playuzu-navidad.png 1200w\" sizes=\"(max-width: 1024px) 100vw, 1024px\" \/><\/a><\/figure>\n\n\n\n<div class=\"wp-block-buttons is-horizontal is-content-justification-center is-layout-flex wp-container-core-buttons-is-layout-499968f5 wp-block-buttons-is-layout-flex\">\n<div class=\"wp-block-button has-custom-width wp-block-button__width-75 has-custom-font-size is-style-fill has-medium-font-size\"><a class=\"wp-block-button__link wp-element-button\" href=\"https:\/\/apuestasfree.com\/cl\/playuzu-mejores-slots-chile\/\" style=\"border-radius:50px\" target=\"_blank\" rel=\"noreferrer noopener\"><strong><em>\u00a1Juega en las mejores slots de Playuzu para Chile!<\/em><\/strong><\/a><\/div>\n<\/div>\n\n\n\n<hr class=\"wp-block-separator has-css-opacity\"\/>\n\n\n\n<h3 class=\"wp-block-heading\" id=\"h-escala-hasta-el-primer-lugar-en-el-torneo-santa-s-sack-y-consigue-us-500\"><strong>Escala hasta el primer lugar en el Torneo Santa&#8217;s Sack y consigue US$500<\/strong><\/h3>\n\n\n\n<p>Continuamos el <strong>torneo<\/strong> de la promoci\u00f3n de <strong>navidad<\/strong> en <strong>Playuzu Chile.<\/strong> Entonces, te vamos contando que el <strong>premio acumulad<\/strong>o del torneo es de <strong>US$1.500<\/strong>. Adem\u00e1s, el <strong>primer puesto<\/strong> se llevar\u00e1 un premio en efectivo garantizado de <strong>US$500<\/strong>. Ten en cuenta que las jugadas y apuestas hechas durante el torneo, s\u00f3lo determinar\u00e1n tu posici\u00f3n en la tabla de puntuaci\u00f3n. Por esto, <strong>NO generar\u00e1s dinero<\/strong> con las apuestas hechas <strong>durante<\/strong> el <strong>Torneo Santa&#8217;s Sack.<\/strong><\/p>\n\n\n\n<h4 class=\"wp-block-heading\" id=\"h-premios-a-obtener-en-el-torneo-santa-s-sack\"><strong>Premios a Obtener en el Torneo Santa&#8217;s Sack<\/strong><\/h4>\n\n\n\n<ul>\n<li><strong>Primer Lugar:<\/strong> US$500 en efectivo.<\/li>\n<li><strong>Segundo Lugar:<\/strong> US$200 en efectivo.<\/li>\n<li><strong>Tercer Lugar:<\/strong> US$100 en efectivo.<\/li>\n<li><strong>Cuarto a Octavo lugar<\/strong>: 150 giros Gratis.<\/li>\n<li><b>Noveno a D\u00e9cimo tercer<\/b> <strong>Lugar<\/strong>: 100 Giros Gratis.<\/li>\n<li><strong>Valor de Cada Giro Gratis<\/strong>: US$0.10.<\/li>\n<\/ul>\n<p>Aprovecha la <strong>promoci\u00f3n de navidad<\/strong>\u00a0desde donde te encuentres<strong>,<\/strong> con la <a href=\"https:\/\/site.gotoplayuzu.com\/index.php?aname=apuestasfree_latam&amp;zone_id=xmasac_cl\">Nueva app m\u00f3vil de Playuzu en Chile<\/a>.<\/p>\n\n\n\n<hr class=\"wp-block-separator has-css-opacity\"\/>\n\n\n\n<div class=\"wp-block-buttons is-horizontal is-content-justification-center is-layout-flex wp-container-core-buttons-is-layout-499968f5 wp-block-buttons-is-layout-flex\">\n<div class=\"wp-block-button has-custom-width wp-block-button__width-75\"><a class=\"wp-block-button__link wp-element-button\" href=\"https:\/\/apuestasfree.com\/cl\/playuzu-como-descargar-app-apk\/\" style=\"border-radius:50px\" target=\"_blank\" rel=\"noreferrer noopener\"><strong><em>Descarga la app m\u00f3vil de Playuzu para jugar en slots<\/em><\/strong><\/a><\/div>\n<\/div>\n\n\n\n<figure class=\"wp-block-image size-large\"><a href=\"https:\/\/site.gotoplayuzu.com\/index.php?aname=apuestasfree_latam&amp;zone_id=xmasac_cl\" target=\"_blank\" rel=\"noopener\"><img decoding=\"async\" width=\"1024\" height=\"512\" src=\"https:\/\/apuestasfree.com\/wp-content\/uploads\/2021\/12\/playuzu-oferta-navidad-1024x512.png\" alt=\"playuzu promocion navidad\" class=\"wp-image-610588\" srcset=\"https:\/\/apuestasfree.com\/wp-content\/uploads\/2021\/12\/playuzu-oferta-navidad-1024x512.png 1024w, https:\/\/apuestasfree.com\/wp-content\/uploads\/2021\/12\/playuzu-oferta-navidad-300x150.png 300w, https:\/\/apuestasfree.com\/wp-content\/uploads\/2021\/12\/playuzu-oferta-navidad-768x384.png 768w, https:\/\/apuestasfree.com\/wp-content\/uploads\/2021\/12\/playuzu-oferta-navidad.png 1200w\" sizes=\"(max-width: 1024px) 100vw, 1024px\" \/><\/a><\/figure>\n\n\n\n<hr class=\"wp-block-separator has-css-opacity\"\/>\n\n\n\n<h3 class=\"wp-block-heading\" id=\"h-que-tan-util-ha-sido-este-articulo-para-ti\"><strong>\u00bfQu\u00e9 tan \u00fatil ha sido este art\u00edculo para ti?<\/strong><\/h3>\n\n\n<span id=\"post-ratings-610458\" class=\"post-ratings\" data-nonce=\"4960abdd6b\"><img decoding=\"async\" id=\"rating_610458_1\" src=\"https:\/\/apuestasfree.com\/wp-content\/plugins\/wp-postratings\/images\/stars_crystal\/rating_on.gif\" alt=\"1 estrella\" title=\"1 estrella\" onmouseover=\"current_rating(610458, 1, '1 estrella');\" onmouseout=\"ratings_off(3, 0, 0);\" onclick=\"rate_post();\" onkeypress=\"rate_post();\" style=\"cursor: pointer; border: 0px;\" \/><img decoding=\"async\" id=\"rating_610458_2\" src=\"https:\/\/apuestasfree.com\/wp-content\/plugins\/wp-postratings\/images\/stars_crystal\/rating_on.gif\" alt=\"2 estrellas\" title=\"2 estrellas\" onmouseover=\"current_rating(610458, 2, '2 estrellas');\" onmouseout=\"ratings_off(3, 0, 0);\" onclick=\"rate_post();\" onkeypress=\"rate_post();\" style=\"cursor: pointer; border: 0px;\" \/><img decoding=\"async\" id=\"rating_610458_3\" src=\"https:\/\/apuestasfree.com\/wp-content\/plugins\/wp-postratings\/images\/stars_crystal\/rating_on.gif\" alt=\"3 estrellas\" title=\"3 estrellas\" onmouseover=\"current_rating(610458, 3, '3 estrellas');\" onmouseout=\"ratings_off(3, 0, 0);\" onclick=\"rate_post();\" onkeypress=\"rate_post();\" style=\"cursor: pointer; border: 0px;\" \/><img decoding=\"async\" id=\"rating_610458_4\" src=\"https:\/\/apuestasfree.com\/wp-content\/plugins\/wp-postratings\/images\/stars_crystal\/rating_off.gif\" alt=\"4 estrellas\" title=\"4 estrellas\" onmouseover=\"current_rating(610458, 4, '4 estrellas');\" onmouseout=\"ratings_off(3, 0, 0);\" onclick=\"rate_post();\" onkeypress=\"rate_post();\" style=\"cursor: pointer; border: 0px;\" \/><img decoding=\"async\" id=\"rating_610458_5\" src=\"https:\/\/apuestasfree.com\/wp-content\/plugins\/wp-postratings\/images\/stars_crystal\/rating_off.gif\" alt=\"5 estrellas\" title=\"5 estrellas\" onmouseover=\"current_rating(610458, 5, '5 estrellas');\" onmouseout=\"ratings_off(3, 0, 0);\" onclick=\"rate_post();\" onkeypress=\"rate_post();\" style=\"cursor: pointer; border: 0px;\" \/> (<strong>2<\/strong> votos, promedio: <strong>3.00<\/strong> de 5)<br \/><span class=\"post-ratings-text\" id=\"ratings_610458_text\"><\/span><\/span><span id=\"post-ratings-610458-loading\" class=\"post-ratings-loading\"><img loading=\"lazy\" decoding=\"async\" src=\"https:\/\/apuestasfree.com\/wp-content\/plugins\/wp-postratings\/images\/loading.gif\" width=\"16\" height=\"16\" class=\"post-ratings-image\" \/>Cargando...<\/span>\n","protected":false},"excerpt":{"rendered":"<p>\u00bfQuieres conseguir la nueva promoci\u00f3n de Navidad para Chile en Playuzu? Entonces, participa del Torneo Santa&#8217;s Sack, exclusivo en Chile. Adem\u00e1s, consigue GirosGratis,premios sorpresa diarios, y un premio de hasta US$500 en Playuzu Chile. Por esto, aprende todo lo que necesitas saber sobre las ofertas de Navidad, y c\u00f3mo reclamarlas en Playuzu. Antes de continuar,&nbsp;Reg\u00edstrate &#8230; <a title=\"Playuzu promoci\u00f3n navidad \u00bb \u00a1Festeja la navidad con Giros Gratis!\" class=\"read-more\" href=\"https:\/\/apuestasfree.com\/cl\/playuzu-promocion-navidad\/\" aria-label=\"Leer m\u00e1s sobre Playuzu promoci\u00f3n navidad \u00bb \u00a1Festeja la navidad con Giros Gratis!\">Leer m\u00e1s<\/a><\/p>\n","protected":false},"author":33099,"featured_media":0,"parent":0,"menu_order":0,"comment_status":"closed","ping_status":"closed","template":"","meta":{"_uag_custom_page_level_css":"","footnotes":""},"class_list":["post-610458","page","type-page","status-publish"],"yoast_head":"<!-- This site is optimized with the Yoast SEO Premium plugin v27.1 (Yoast SEO v27.5) - https:\/\/yoast.com\/product\/yoast-seo-premium-wordpress\/ -->\n<title>Playuzu promoci\u00f3n navidad \u00bb \u00a1Festeja la navidad con Giros Gratis! -<\/title>\n<meta name=\"description\" content=\"\u25b7 Descubre la promoci\u00f3n de Playuzu para la navidad \u2714\ufe0f Recibe regalos de Giros Gratis diarios para jugar a las slots \u2714\ufe0f Duraci\u00f3n especial \u2714\ufe0f\" \/>\n<meta name=\"robots\" content=\"index, follow, max-snippet:-1, max-image-preview:large, max-video-preview:-1\" \/>\n<link rel=\"canonical\" href=\"https:\/\/apuestasfree.com\/cl\/playuzu-promocion-navidad\/\" \/>\n<meta property=\"og:locale\" content=\"es_ES\" \/>\n<meta property=\"og:type\" content=\"article\" \/>\n<meta property=\"og:title\" content=\"Playuzu promoci\u00f3n navidad \u00bb \u00a1Festeja la navidad con Giros Gratis!\" \/>\n<meta property=\"og:description\" content=\"\u25b7 Descubre la promoci\u00f3n de Playuzu para la navidad \u2714\ufe0f Recibe regalos de Giros Gratis diarios para jugar a las slots \u2714\ufe0f Duraci\u00f3n especial \u2714\ufe0f\" \/>\n<meta property=\"og:url\" content=\"https:\/\/apuestasfree.com\/cl\/playuzu-promocion-navidad\/\" \/>\n<meta property=\"og:site_name\" content=\"ApuestasFree\" \/>\n<meta property=\"article:modified_time\" content=\"2024-03-14T11:40:20+00:00\" \/>\n<meta property=\"og:image\" content=\"https:\/\/apuestasfree.com\/wp-content\/uploads\/2021\/12\/playuzu-promocion-navidad-1024x512.png\" \/>\n<meta name=\"twitter:card\" content=\"summary_large_image\" \/>\n<meta name=\"twitter:label1\" content=\"Tiempo estimado de lectura\" \/>\n\t<meta name=\"twitter:data1\" content=\"4 minutos\" \/>\n<script type=\"application\/ld+json\" class=\"yoast-schema-graph\">{\"@context\":\"https:\\\/\\\/schema.org\",\"@graph\":[{\"@type\":\"WebPage\",\"@id\":\"https:\\\/\\\/apuestasfree.com\\\/cl\\\/playuzu-promocion-navidad\\\/\",\"url\":\"https:\\\/\\\/apuestasfree.com\\\/cl\\\/playuzu-promocion-navidad\\\/\",\"name\":\"Playuzu promoci\u00f3n navidad \u00bb \u00a1Festeja la navidad con Giros Gratis! -\",\"isPartOf\":{\"@id\":\"https:\\\/\\\/apuestasfree.com\\\/cl\\\/#website\"},\"primaryImageOfPage\":{\"@id\":\"https:\\\/\\\/apuestasfree.com\\\/cl\\\/playuzu-promocion-navidad\\\/#primaryimage\"},\"image\":{\"@id\":\"https:\\\/\\\/apuestasfree.com\\\/cl\\\/playuzu-promocion-navidad\\\/#primaryimage\"},\"thumbnailUrl\":\"https:\\\/\\\/apuestasfree.com\\\/wp-content\\\/uploads\\\/2021\\\/12\\\/playuzu-promocion-navidad-1024x512.png\",\"datePublished\":\"2021-12-10T03:26:05+00:00\",\"dateModified\":\"2024-03-14T11:40:20+00:00\",\"description\":\"\u25b7 Descubre la promoci\u00f3n de Playuzu para la navidad \u2714\ufe0f Recibe regalos de Giros Gratis diarios para jugar a las slots \u2714\ufe0f Duraci\u00f3n especial \u2714\ufe0f\",\"breadcrumb\":{\"@id\":\"https:\\\/\\\/apuestasfree.com\\\/cl\\\/playuzu-promocion-navidad\\\/#breadcrumb\"},\"inLanguage\":\"es-CL\",\"potentialAction\":[{\"@type\":\"ReadAction\",\"target\":[\"https:\\\/\\\/apuestasfree.com\\\/cl\\\/playuzu-promocion-navidad\\\/\"]}]},{\"@type\":\"ImageObject\",\"inLanguage\":\"es-CL\",\"@id\":\"https:\\\/\\\/apuestasfree.com\\\/cl\\\/playuzu-promocion-navidad\\\/#primaryimage\",\"url\":\"https:\\\/\\\/apuestasfree.com\\\/wp-content\\\/uploads\\\/2021\\\/12\\\/playuzu-promocion-navidad-1024x512.png\",\"contentUrl\":\"https:\\\/\\\/apuestasfree.com\\\/wp-content\\\/uploads\\\/2021\\\/12\\\/playuzu-promocion-navidad-1024x512.png\"},{\"@type\":\"BreadcrumbList\",\"@id\":\"https:\\\/\\\/apuestasfree.com\\\/cl\\\/playuzu-promocion-navidad\\\/#breadcrumb\",\"itemListElement\":[{\"@type\":\"ListItem\",\"position\":1,\"name\":\"Inicio\",\"item\":\"https:\\\/\\\/apuestasfree.com\\\/cl\\\/\"},{\"@type\":\"ListItem\",\"position\":2,\"name\":\"Playuzu promoci\u00f3n navidad \u00bb \u00a1Festeja la navidad con Giros Gratis!\"}]},{\"@type\":\"WebSite\",\"@id\":\"https:\\\/\\\/apuestasfree.com\\\/cl\\\/#website\",\"url\":\"https:\\\/\\\/apuestasfree.com\\\/cl\\\/\",\"name\":\"ApuestasFree\",\"description\":\"\",\"publisher\":{\"@id\":\"https:\\\/\\\/apuestasfree.com\\\/cl\\\/#organization\"},\"potentialAction\":[{\"@type\":\"SearchAction\",\"target\":{\"@type\":\"EntryPoint\",\"urlTemplate\":\"https:\\\/\\\/apuestasfree.com\\\/cl\\\/?s={search_term_string}\"},\"query-input\":{\"@type\":\"PropertyValueSpecification\",\"valueRequired\":true,\"valueName\":\"search_term_string\"}}],\"inLanguage\":\"es-CL\"},{\"@type\":\"Organization\",\"@id\":\"https:\\\/\\\/apuestasfree.com\\\/cl\\\/#organization\",\"name\":\"ApuestasFree\",\"url\":\"https:\\\/\\\/apuestasfree.com\\\/cl\\\/\",\"logo\":{\"@type\":\"ImageObject\",\"inLanguage\":\"es-CL\",\"@id\":\"https:\\\/\\\/apuestasfree.com\\\/cl\\\/#\\\/schema\\\/logo\\\/image\\\/\",\"url\":\"https:\\\/\\\/apuestasfree.com\\\/wp-content\\\/uploads\\\/2019\\\/06\\\/afree_logo.png\",\"contentUrl\":\"https:\\\/\\\/apuestasfree.com\\\/wp-content\\\/uploads\\\/2019\\\/06\\\/afree_logo.png\",\"width\":106,\"height\":50,\"caption\":\"ApuestasFree\"},\"image\":{\"@id\":\"https:\\\/\\\/apuestasfree.com\\\/cl\\\/#\\\/schema\\\/logo\\\/image\\\/\"}}]}<\/script>\n<!-- \/ Yoast SEO Premium plugin. -->","yoast_head_json":{"title":"Playuzu promoci\u00f3n navidad \u00bb \u00a1Festeja la navidad con Giros Gratis! -","description":"\u25b7 Descubre la promoci\u00f3n de Playuzu para la navidad \u2714\ufe0f Recibe regalos de Giros Gratis diarios para jugar a las slots \u2714\ufe0f Duraci\u00f3n especial \u2714\ufe0f","robots":{"index":"index","follow":"follow","max-snippet":"max-snippet:-1","max-image-preview":"max-image-preview:large","max-video-preview":"max-video-preview:-1"},"canonical":"https:\/\/apuestasfree.com\/cl\/playuzu-promocion-navidad\/","og_locale":"es_ES","og_type":"article","og_title":"Playuzu promoci\u00f3n navidad \u00bb \u00a1Festeja la navidad con Giros Gratis!","og_description":"\u25b7 Descubre la promoci\u00f3n de Playuzu para la navidad \u2714\ufe0f Recibe regalos de Giros Gratis diarios para jugar a las slots \u2714\ufe0f Duraci\u00f3n especial \u2714\ufe0f","og_url":"https:\/\/apuestasfree.com\/cl\/playuzu-promocion-navidad\/","og_site_name":"ApuestasFree","article_modified_time":"2024-03-14T11:40:20+00:00","og_image":[{"url":"https:\/\/apuestasfree.com\/wp-content\/uploads\/2021\/12\/playuzu-promocion-navidad-1024x512.png","type":"","width":"","height":""}],"twitter_card":"summary_large_image","twitter_misc":{"Tiempo estimado de lectura":"4 minutos"},"schema":{"@context":"https:\/\/schema.org","@graph":[{"@type":"WebPage","@id":"https:\/\/apuestasfree.com\/cl\/playuzu-promocion-navidad\/","url":"https:\/\/apuestasfree.com\/cl\/playuzu-promocion-navidad\/","name":"Playuzu promoci\u00f3n navidad \u00bb \u00a1Festeja la navidad con Giros Gratis! -","isPartOf":{"@id":"https:\/\/apuestasfree.com\/cl\/#website"},"primaryImageOfPage":{"@id":"https:\/\/apuestasfree.com\/cl\/playuzu-promocion-navidad\/#primaryimage"},"image":{"@id":"https:\/\/apuestasfree.com\/cl\/playuzu-promocion-navidad\/#primaryimage"},"thumbnailUrl":"https:\/\/apuestasfree.com\/wp-content\/uploads\/2021\/12\/playuzu-promocion-navidad-1024x512.png","datePublished":"2021-12-10T03:26:05+00:00","dateModified":"2024-03-14T11:40:20+00:00","description":"\u25b7 Descubre la promoci\u00f3n de Playuzu para la navidad \u2714\ufe0f Recibe regalos de Giros Gratis diarios para jugar a las slots \u2714\ufe0f Duraci\u00f3n especial \u2714\ufe0f","breadcrumb":{"@id":"https:\/\/apuestasfree.com\/cl\/playuzu-promocion-navidad\/#breadcrumb"},"inLanguage":"es-CL","potentialAction":[{"@type":"ReadAction","target":["https:\/\/apuestasfree.com\/cl\/playuzu-promocion-navidad\/"]}]},{"@type":"ImageObject","inLanguage":"es-CL","@id":"https:\/\/apuestasfree.com\/cl\/playuzu-promocion-navidad\/#primaryimage","url":"https:\/\/apuestasfree.com\/wp-content\/uploads\/2021\/12\/playuzu-promocion-navidad-1024x512.png","contentUrl":"https:\/\/apuestasfree.com\/wp-content\/uploads\/2021\/12\/playuzu-promocion-navidad-1024x512.png"},{"@type":"BreadcrumbList","@id":"https:\/\/apuestasfree.com\/cl\/playuzu-promocion-navidad\/#breadcrumb","itemListElement":[{"@type":"ListItem","position":1,"name":"Inicio","item":"https:\/\/apuestasfree.com\/cl\/"},{"@type":"ListItem","position":2,"name":"Playuzu promoci\u00f3n navidad \u00bb \u00a1Festeja la navidad con Giros Gratis!"}]},{"@type":"WebSite","@id":"https:\/\/apuestasfree.com\/cl\/#website","url":"https:\/\/apuestasfree.com\/cl\/","name":"ApuestasFree","description":"","publisher":{"@id":"https:\/\/apuestasfree.com\/cl\/#organization"},"potentialAction":[{"@type":"SearchAction","target":{"@type":"EntryPoint","urlTemplate":"https:\/\/apuestasfree.com\/cl\/?s={search_term_string}"},"query-input":{"@type":"PropertyValueSpecification","valueRequired":true,"valueName":"search_term_string"}}],"inLanguage":"es-CL"},{"@type":"Organization","@id":"https:\/\/apuestasfree.com\/cl\/#organization","name":"ApuestasFree","url":"https:\/\/apuestasfree.com\/cl\/","logo":{"@type":"ImageObject","inLanguage":"es-CL","@id":"https:\/\/apuestasfree.com\/cl\/#\/schema\/logo\/image\/","url":"https:\/\/apuestasfree.com\/wp-content\/uploads\/2019\/06\/afree_logo.png","contentUrl":"https:\/\/apuestasfree.com\/wp-content\/uploads\/2019\/06\/afree_logo.png","width":106,"height":50,"caption":"ApuestasFree"},"image":{"@id":"https:\/\/apuestasfree.com\/cl\/#\/schema\/logo\/image\/"}}]}},"uagb_featured_image_src":{"full":false,"thumbnail":false,"medium":false,"medium_large":false,"large":false,"1536x1536":false,"2048x2048":false},"uagb_author_info":{"display_name":"Emiliano Diaz","author_link":"https:\/\/apuestasfree.com\/cl\/author\/luis-maria\/"},"uagb_comment_info":0,"uagb_excerpt":"\u00bfQuieres conseguir la nueva promoci\u00f3n de Navidad para Chile en Playuzu? Entonces, participa del Torneo Santa&#8217;s Sack, exclusivo en Chile. Adem\u00e1s, consigue GirosGratis,premios sorpresa diarios, y un premio de hasta US$500 en Playuzu Chile. Por esto, aprende todo lo que necesitas saber sobre las ofertas de Navidad, y c\u00f3mo reclamarlas en Playuzu. Antes de continuar,&nbsp;Reg\u00edstrate&hellip;","_links":{"self":[{"href":"https:\/\/apuestasfree.com\/cl\/wp-json\/wp\/v2\/pages\/610458","targetHints":{"allow":["GET"]}}],"collection":[{"href":"https:\/\/apuestasfree.com\/cl\/wp-json\/wp\/v2\/pages"}],"about":[{"href":"https:\/\/apuestasfree.com\/cl\/wp-json\/wp\/v2\/types\/page"}],"author":[{"embeddable":true,"href":"https:\/\/apuestasfree.com\/cl\/wp-json\/wp\/v2\/users\/33099"}],"replies":[{"embeddable":true,"href":"https:\/\/apuestasfree.com\/cl\/wp-json\/wp\/v2\/comments?post=610458"}],"version-history":[{"count":2,"href":"https:\/\/apuestasfree.com\/cl\/wp-json\/wp\/v2\/pages\/610458\/revisions"}],"predecessor-version":[{"id":1644918,"href":"https:\/\/apuestasfree.com\/cl\/wp-json\/wp\/v2\/pages\/610458\/revisions\/1644918"}],"wp:attachment":[{"href":"https:\/\/apuestasfree.com\/cl\/wp-json\/wp\/v2\/media?parent=610458"}],"curies":[{"name":"wp","href":"https:\/\/api.w.org\/{rel}","templated":true}]}}