{"id":218915,"date":"2020-06-09T17:40:18","date_gmt":"2020-06-09T15:40:18","guid":{"rendered":"https:\/\/apuestasfree.com\/bono-casino-bet365\/"},"modified":"2025-01-07T16:25:54","modified_gmt":"2025-01-07T15:25:54","slug":"bono-casino-bet365","status":"publish","type":"page","link":"https:\/\/apuestasfree.com\/cl\/bono-casino-bet365\/","title":{"rendered":"Casino de Bet365 en Chile"},"content":{"rendered":"\n<h2 class=\"wp-block-heading\" id=\"h-bono-de-casino-de-bet365-chile\">Todo lo que debes saber sobre el Casino de Bet365<\/h2>\n\n\n\n<p><strong>Si te gusta el casino, te tiene que gustar Bet365.<\/strong> Un sitio que re\u00fane los juegos m\u00e1s espectaculares, con tem\u00e1ticas y funciones especiales para todos los gustos. Podr\u00e1s acceder a entretenimiento de calidad, adem\u00e1s de jugar por dinero real. <a href=\"https:\/\/recor.to\/bet365casinocl\" target=\"_blank\" rel=\"noreferrer noopener nofollow sponsored\"><strong>\u00a1\u00c9chale un vistazo a todo el cat\u00e1logo de juegos!<\/strong><\/a><\/p>\n\n\n\n<a href=\"https:\/\/imstore.bet365affiliates.com\/Tracker.aspx?AffiliateId=81667&#038;AffiliateCode=365_699855&#038;CID=194&#038;DID=350&#038;TID=1&#038;PID=149&#038;LNG=3\" target=\"_blank\" rel=\"sponsored\"><img decoding=\"async\" src=\"https:\/\/imstore.bet365affiliates.com\/?AffiliateCode=365_699855&#038;CID=194&#038;DID=350&#038;TID=1&#038;PID=149&#038;LNG=3\" border=\"0\" alt=\"bet365\" \/><\/a>\n\n\n\n\n<p>Otra de las opciones de casino que encontrar\u00e1s en Bet365 es la <strong>modalidad live. <\/strong>\u00bfQu\u00e9 significa esto? Que puedes <strong>jugar frente a verdaderos crupiers<\/strong> desde el confort de tu casa o desde el lugar que sea. Adem\u00e1s, compartes mesa de juego con usuarios de diferentes partes del mundo. <\/p>\n\n\n\n<p>Entre los juegos disponibles en Bet365, <strong>destacan las tragamonedas. <\/strong>Hay cientos y cientos de ellas, como dec\u00edamos antes de diferentes tem\u00e1ticas y funciones. Con la m\u00e1s alta calidad asegurada por proveedores de enorme prestigio y trayectoria, como Pragmatic Play, Play&#8217;n GO y otros. <\/p>\n\n\n\n<p>Antes de avanzar, te invitamos a repasar <a href=\"https:\/\/apuestasfree.com\/cl\/bet365-blackjack\/\" target=\"_blank\" rel=\"noreferrer noopener\"><strong><em>las opciones de Blackjack para jugar en Bet365 desde Chile.<\/em><\/strong><\/a> Las mesas m\u00e1s destacadas y todo lo que debes saber sobre ellas. <\/p>\n\n\n\n<h2 class=\"wp-block-heading\" id=\"h-como-registrarse-en-bet365-casino\">Como registrarse en Bet365<\/h2>\n\n\n\n<p><strong>Solo las personas mayores de 18 a\u00f1os pueden darse de alta en Bet365<\/strong> y disfrutar de su casino. Si aun no has cumplido los 18, no puedes apostar.<\/p>\n\n\n\n<p>Para ello, <strong><a href=\"https:\/\/recor.to\/bet365casinocl\" target=\"_blank\" rel=\"noreferrer noopener nofollow sponsored\">abre la p\u00e1gina de Bet365 casino desde aqu\u00ed y dale a \u201cregistrarse\u201d<\/a><\/strong>.<\/p>\n\n\n\n<p><strong>Rell\u00e9nalo con tus datos correctos<\/strong>, los que tienes en el documento de identidad oficial, pues es la mejor manera de evitar futuros problemas.<\/p>\n\n\n\n<p>Ten en cuenta que todos los datos compartidos permanecer\u00e1n protegidos y fuera del alcance de otras personas. Adem\u00e1s, <strong>el proceso de registro en Bet365 es completamente gratuito. <\/strong>La casa no te cobra absolutamente nada. <\/p>\n\n\n\n<a href=\"https:\/\/imstore.bet365affiliates.com\/Tracker.aspx?AffiliateId=81667&#038;AffiliateCode=365_699855&#038;CID=194&#038;DID=350&#038;TID=1&#038;PID=149&#038;LNG=3\" target=\"_blank\" rel=\"sponsored\"><img decoding=\"async\" src=\"https:\/\/imstore.bet365affiliates.com\/?AffiliateCode=365_699855&#038;CID=194&#038;DID=350&#038;TID=1&#038;PID=149&#038;LNG=3\" border=\"0\" alt=\"bet365\" \/><\/a>\n\n\n\n<h2 class=\"wp-block-heading\" id=\"h-bet365-casino-es-segura\">\u00bfBet365 es seguro?<\/h2>\n\n\n\n<p><strong><a href=\"https:\/\/recor.to\/bet365casinocl\" target=\"_blank\" rel=\"noreferrer noopener nofollow sponsored\">Bet365<\/a> es un sitio 100% seguro<\/strong>, puedes estar tranquilo de donde dejas tu plata que no van a salir corriendo con ella. <strong>Utilizan los sistemas m\u00e1s vanguardistas y modernos para que todas las transacciones que se hagan sean seguras<\/strong>.<\/p>\n\n\n\n<h2 class=\"wp-block-heading\" id=\"h-bet365-casino-y-su-enorme-cantidad-de-juegos\">Bet365 y su enorme cantidad de juegos<\/h2>\n\n\n\n<p>El <strong>casino de Bet365.cl <\/strong> no solo se limita a los conocidos juegos de la ruleta o el blackjack, sino que <strong>tiene una de las mejores ofertas en Slots<\/strong> <strong>y ruletas.<\/strong><\/p>\n\n\n\n<p><strong>Algunos de series o pel\u00edculas como CSI Miami, Narcos, Gladiator o Slots de personajes conocidos.<\/strong><\/p>\n\n\n\n<p><strong>Otras muy cocidas por los aficionados a los slots como La mina de oro, Galaca Party, Book of OZ, Book of Atem, Double Lucky Line<\/strong>, Jungle Giants, <strong>Age of the Gods<\/strong>: Fate Sisters, Vivo o muerto 2, Bucaneros, <strong>Hotline<\/strong> o Los 3 Espadachines.<\/p>\n\n\n\n<p><strong>No podemos olvidar las slots exclusivos,<\/strong> aquellos que no encontraras en otros casinos pues solo los tiene bet365 como <strong>Mariachi de los muertos, Fruit Twits, 8 inmortals, Solar Flash<\/strong>, Sizzling 7s Fortune, Book of Horus y Maximum Vegas.<\/p>\n\n\n\n<h2 class=\"wp-block-heading\" id=\"h-app-de-bet365-cl-casino\">App de Bet365<\/h2>\n\n\n\n<p>Por suerte nuestra, <strong>Bet365 Chile tiene app propia<\/strong>. Otras casas de apuestas no pueden decir esto, pero en este caso contamos con ella para que podamos jugar en cualquier parte y as\u00ed no aburrirnos.<\/p>\n\n\n\n<p>La aplicaci\u00f3n del celular va realmente bien, es r\u00e1pida, f\u00e1cil de usar y hasta podemos registrarnos desde ella. Est\u00e1 disponible tanto para iOS como para Android.<\/p>\n\n\n","protected":false},"excerpt":{"rendered":"<p>Todo lo que debes saber sobre el Casino de Bet365 Si te gusta el casino, te tiene que gustar Bet365. Un sitio que re\u00fane los juegos m\u00e1s espectaculares, con tem\u00e1ticas y funciones especiales para todos los gustos. Podr\u00e1s acceder a entretenimiento de calidad, adem\u00e1s de jugar por dinero real. \u00a1\u00c9chale un vistazo a todo el &#8230; <a title=\"Casino de Bet365 en Chile\" class=\"read-more\" href=\"https:\/\/apuestasfree.com\/cl\/bono-casino-bet365\/\" aria-label=\"Leer m\u00e1s sobre Casino de Bet365 en Chile\">Leer m\u00e1s<\/a><\/p>\n","protected":false},"author":10162,"featured_media":0,"parent":0,"menu_order":0,"comment_status":"closed","ping_status":"closed","template":"","meta":{"_uag_custom_page_level_css":"","footnotes":""},"class_list":["post-218915","page","type-page","status-publish"],"yoast_head":"<!-- This site is optimized with the Yoast SEO Premium plugin v27.1 (Yoast SEO v27.4) - https:\/\/yoast.com\/product\/yoast-seo-premium-wordpress\/ -->\n<title>Casino de Bet365 en Chile<\/title>\n<meta name=\"description\" content=\"Casino Bet365 Chile, revisa todos los juegos disponibles para divertirte y ganar. Comienza ahora con Bet365. Slots, Ruletas, P\u00f3ker y m\u00e1s.\" \/>\n<meta name=\"robots\" content=\"index, follow, max-snippet:-1, max-image-preview:large, max-video-preview:-1\" \/>\n<link rel=\"canonical\" href=\"https:\/\/apuestasfree.com\/cl\/bono-casino-bet365\/\" \/>\n<meta property=\"og:locale\" content=\"es_ES\" \/>\n<meta property=\"og:type\" content=\"article\" \/>\n<meta property=\"og:title\" content=\"Casino de Bet365 en Chile\" \/>\n<meta property=\"og:description\" content=\"Casino Bet365 Chile, revisa todos los juegos disponibles para divertirte y ganar. Comienza ahora con Bet365. Slots, Ruletas, P\u00f3ker y m\u00e1s.\" \/>\n<meta property=\"og:url\" content=\"https:\/\/apuestasfree.com\/cl\/bono-casino-bet365\/\" \/>\n<meta property=\"og:site_name\" content=\"ApuestasFree\" \/>\n<meta property=\"article:modified_time\" content=\"2025-01-07T15:25:54+00:00\" \/>\n<meta property=\"og:image\" content=\"https:\/\/imstore.bet365affiliates.com\/?AffiliateCode=365_699855&CID=194&DID=350&TID=1&PID=149&LNG=3\" \/>\n<meta name=\"twitter:card\" content=\"summary_large_image\" \/>\n<meta name=\"twitter:label1\" content=\"Tiempo estimado de lectura\" \/>\n\t<meta name=\"twitter:data1\" content=\"3 minutos\" \/>\n<script type=\"application\/ld+json\" class=\"yoast-schema-graph\">{\"@context\":\"https:\\\/\\\/schema.org\",\"@graph\":[{\"@type\":\"WebPage\",\"@id\":\"https:\\\/\\\/apuestasfree.com\\\/cl\\\/bono-casino-bet365\\\/\",\"url\":\"https:\\\/\\\/apuestasfree.com\\\/cl\\\/bono-casino-bet365\\\/\",\"name\":\"Casino de Bet365 en Chile\",\"isPartOf\":{\"@id\":\"https:\\\/\\\/apuestasfree.com\\\/cl\\\/#website\"},\"primaryImageOfPage\":{\"@id\":\"https:\\\/\\\/apuestasfree.com\\\/cl\\\/bono-casino-bet365\\\/#primaryimage\"},\"image\":{\"@id\":\"https:\\\/\\\/apuestasfree.com\\\/cl\\\/bono-casino-bet365\\\/#primaryimage\"},\"thumbnailUrl\":\"https:\\\/\\\/imstore.bet365affiliates.com\\\/?AffiliateCode=365_699855&CID=194&DID=350&TID=1&PID=149&LNG=3\",\"datePublished\":\"2020-06-09T15:40:18+00:00\",\"dateModified\":\"2025-01-07T15:25:54+00:00\",\"description\":\"Casino Bet365 Chile, revisa todos los juegos disponibles para divertirte y ganar. Comienza ahora con Bet365. Slots, Ruletas, P\u00f3ker y m\u00e1s.\",\"breadcrumb\":{\"@id\":\"https:\\\/\\\/apuestasfree.com\\\/cl\\\/bono-casino-bet365\\\/#breadcrumb\"},\"inLanguage\":\"es-CL\",\"potentialAction\":[{\"@type\":\"ReadAction\",\"target\":[\"https:\\\/\\\/apuestasfree.com\\\/cl\\\/bono-casino-bet365\\\/\"]}]},{\"@type\":\"ImageObject\",\"inLanguage\":\"es-CL\",\"@id\":\"https:\\\/\\\/apuestasfree.com\\\/cl\\\/bono-casino-bet365\\\/#primaryimage\",\"url\":\"https:\\\/\\\/imstore.bet365affiliates.com\\\/?AffiliateCode=365_699855&CID=194&DID=350&TID=1&PID=149&LNG=3\",\"contentUrl\":\"https:\\\/\\\/imstore.bet365affiliates.com\\\/?AffiliateCode=365_699855&CID=194&DID=350&TID=1&PID=149&LNG=3\"},{\"@type\":\"BreadcrumbList\",\"@id\":\"https:\\\/\\\/apuestasfree.com\\\/cl\\\/bono-casino-bet365\\\/#breadcrumb\",\"itemListElement\":[{\"@type\":\"ListItem\",\"position\":1,\"name\":\"Inicio\",\"item\":\"https:\\\/\\\/apuestasfree.com\\\/cl\\\/\"},{\"@type\":\"ListItem\",\"position\":2,\"name\":\"Casino de Bet365 en Chile\"}]},{\"@type\":\"WebSite\",\"@id\":\"https:\\\/\\\/apuestasfree.com\\\/cl\\\/#website\",\"url\":\"https:\\\/\\\/apuestasfree.com\\\/cl\\\/\",\"name\":\"ApuestasFree\",\"description\":\"\",\"publisher\":{\"@id\":\"https:\\\/\\\/apuestasfree.com\\\/cl\\\/#organization\"},\"potentialAction\":[{\"@type\":\"SearchAction\",\"target\":{\"@type\":\"EntryPoint\",\"urlTemplate\":\"https:\\\/\\\/apuestasfree.com\\\/cl\\\/?s={search_term_string}\"},\"query-input\":{\"@type\":\"PropertyValueSpecification\",\"valueRequired\":true,\"valueName\":\"search_term_string\"}}],\"inLanguage\":\"es-CL\"},{\"@type\":\"Organization\",\"@id\":\"https:\\\/\\\/apuestasfree.com\\\/cl\\\/#organization\",\"name\":\"ApuestasFree\",\"url\":\"https:\\\/\\\/apuestasfree.com\\\/cl\\\/\",\"logo\":{\"@type\":\"ImageObject\",\"inLanguage\":\"es-CL\",\"@id\":\"https:\\\/\\\/apuestasfree.com\\\/cl\\\/#\\\/schema\\\/logo\\\/image\\\/\",\"url\":\"https:\\\/\\\/apuestasfree.com\\\/wp-content\\\/uploads\\\/2019\\\/06\\\/afree_logo.png\",\"contentUrl\":\"https:\\\/\\\/apuestasfree.com\\\/wp-content\\\/uploads\\\/2019\\\/06\\\/afree_logo.png\",\"width\":106,\"height\":50,\"caption\":\"ApuestasFree\"},\"image\":{\"@id\":\"https:\\\/\\\/apuestasfree.com\\\/cl\\\/#\\\/schema\\\/logo\\\/image\\\/\"}}]}<\/script>\n<!-- \/ Yoast SEO Premium plugin. -->","yoast_head_json":{"title":"Casino de Bet365 en Chile","description":"Casino Bet365 Chile, revisa todos los juegos disponibles para divertirte y ganar. Comienza ahora con Bet365. Slots, Ruletas, P\u00f3ker y m\u00e1s.","robots":{"index":"index","follow":"follow","max-snippet":"max-snippet:-1","max-image-preview":"max-image-preview:large","max-video-preview":"max-video-preview:-1"},"canonical":"https:\/\/apuestasfree.com\/cl\/bono-casino-bet365\/","og_locale":"es_ES","og_type":"article","og_title":"Casino de Bet365 en Chile","og_description":"Casino Bet365 Chile, revisa todos los juegos disponibles para divertirte y ganar. Comienza ahora con Bet365. Slots, Ruletas, P\u00f3ker y m\u00e1s.","og_url":"https:\/\/apuestasfree.com\/cl\/bono-casino-bet365\/","og_site_name":"ApuestasFree","article_modified_time":"2025-01-07T15:25:54+00:00","og_image":[{"url":"https:\/\/imstore.bet365affiliates.com\/?AffiliateCode=365_699855&CID=194&DID=350&TID=1&PID=149&LNG=3","type":"","width":"","height":""}],"twitter_card":"summary_large_image","twitter_misc":{"Tiempo estimado de lectura":"3 minutos"},"schema":{"@context":"https:\/\/schema.org","@graph":[{"@type":"WebPage","@id":"https:\/\/apuestasfree.com\/cl\/bono-casino-bet365\/","url":"https:\/\/apuestasfree.com\/cl\/bono-casino-bet365\/","name":"Casino de Bet365 en Chile","isPartOf":{"@id":"https:\/\/apuestasfree.com\/cl\/#website"},"primaryImageOfPage":{"@id":"https:\/\/apuestasfree.com\/cl\/bono-casino-bet365\/#primaryimage"},"image":{"@id":"https:\/\/apuestasfree.com\/cl\/bono-casino-bet365\/#primaryimage"},"thumbnailUrl":"https:\/\/imstore.bet365affiliates.com\/?AffiliateCode=365_699855&CID=194&DID=350&TID=1&PID=149&LNG=3","datePublished":"2020-06-09T15:40:18+00:00","dateModified":"2025-01-07T15:25:54+00:00","description":"Casino Bet365 Chile, revisa todos los juegos disponibles para divertirte y ganar. Comienza ahora con Bet365. Slots, Ruletas, P\u00f3ker y m\u00e1s.","breadcrumb":{"@id":"https:\/\/apuestasfree.com\/cl\/bono-casino-bet365\/#breadcrumb"},"inLanguage":"es-CL","potentialAction":[{"@type":"ReadAction","target":["https:\/\/apuestasfree.com\/cl\/bono-casino-bet365\/"]}]},{"@type":"ImageObject","inLanguage":"es-CL","@id":"https:\/\/apuestasfree.com\/cl\/bono-casino-bet365\/#primaryimage","url":"https:\/\/imstore.bet365affiliates.com\/?AffiliateCode=365_699855&CID=194&DID=350&TID=1&PID=149&LNG=3","contentUrl":"https:\/\/imstore.bet365affiliates.com\/?AffiliateCode=365_699855&CID=194&DID=350&TID=1&PID=149&LNG=3"},{"@type":"BreadcrumbList","@id":"https:\/\/apuestasfree.com\/cl\/bono-casino-bet365\/#breadcrumb","itemListElement":[{"@type":"ListItem","position":1,"name":"Inicio","item":"https:\/\/apuestasfree.com\/cl\/"},{"@type":"ListItem","position":2,"name":"Casino de Bet365 en Chile"}]},{"@type":"WebSite","@id":"https:\/\/apuestasfree.com\/cl\/#website","url":"https:\/\/apuestasfree.com\/cl\/","name":"ApuestasFree","description":"","publisher":{"@id":"https:\/\/apuestasfree.com\/cl\/#organization"},"potentialAction":[{"@type":"SearchAction","target":{"@type":"EntryPoint","urlTemplate":"https:\/\/apuestasfree.com\/cl\/?s={search_term_string}"},"query-input":{"@type":"PropertyValueSpecification","valueRequired":true,"valueName":"search_term_string"}}],"inLanguage":"es-CL"},{"@type":"Organization","@id":"https:\/\/apuestasfree.com\/cl\/#organization","name":"ApuestasFree","url":"https:\/\/apuestasfree.com\/cl\/","logo":{"@type":"ImageObject","inLanguage":"es-CL","@id":"https:\/\/apuestasfree.com\/cl\/#\/schema\/logo\/image\/","url":"https:\/\/apuestasfree.com\/wp-content\/uploads\/2019\/06\/afree_logo.png","contentUrl":"https:\/\/apuestasfree.com\/wp-content\/uploads\/2019\/06\/afree_logo.png","width":106,"height":50,"caption":"ApuestasFree"},"image":{"@id":"https:\/\/apuestasfree.com\/cl\/#\/schema\/logo\/image\/"}}]}},"uagb_featured_image_src":{"full":false,"thumbnail":false,"medium":false,"medium_large":false,"large":false,"1536x1536":false,"2048x2048":false},"uagb_author_info":{"display_name":"jon","author_link":"https:\/\/apuestasfree.com\/cl\/author\/jon\/"},"uagb_comment_info":0,"uagb_excerpt":"Todo lo que debes saber sobre el Casino de Bet365 Si te gusta el casino, te tiene que gustar Bet365. Un sitio que re\u00fane los juegos m\u00e1s espectaculares, con tem\u00e1ticas y funciones especiales para todos los gustos. Podr\u00e1s acceder a entretenimiento de calidad, adem\u00e1s de jugar por dinero real. \u00a1\u00c9chale un vistazo a todo el&hellip;","_links":{"self":[{"href":"https:\/\/apuestasfree.com\/cl\/wp-json\/wp\/v2\/pages\/218915","targetHints":{"allow":["GET"]}}],"collection":[{"href":"https:\/\/apuestasfree.com\/cl\/wp-json\/wp\/v2\/pages"}],"about":[{"href":"https:\/\/apuestasfree.com\/cl\/wp-json\/wp\/v2\/types\/page"}],"author":[{"embeddable":true,"href":"https:\/\/apuestasfree.com\/cl\/wp-json\/wp\/v2\/users\/10162"}],"replies":[{"embeddable":true,"href":"https:\/\/apuestasfree.com\/cl\/wp-json\/wp\/v2\/comments?post=218915"}],"version-history":[{"count":5,"href":"https:\/\/apuestasfree.com\/cl\/wp-json\/wp\/v2\/pages\/218915\/revisions"}],"predecessor-version":[{"id":1860432,"href":"https:\/\/apuestasfree.com\/cl\/wp-json\/wp\/v2\/pages\/218915\/revisions\/1860432"}],"wp:attachment":[{"href":"https:\/\/apuestasfree.com\/cl\/wp-json\/wp\/v2\/media?parent=218915"}],"curies":[{"name":"wp","href":"https:\/\/api.w.org\/{rel}","templated":true}]}}