{"id":218884,"date":"2020-06-09T17:10:31","date_gmt":"2020-06-09T15:10:31","guid":{"rendered":"https:\/\/apuestasfree.com\/bono-bet365-apuestas-deportivas\/"},"modified":"2025-01-07T16:23:46","modified_gmt":"2025-01-07T15:23:46","slug":"bono-bet365-apuestas-deportivas","status":"publish","type":"page","link":"https:\/\/apuestasfree.com\/cl\/bono-bet365-apuestas-deportivas\/","title":{"rendered":"Bono bet365 de Apuestas Deportivas para Chile"},"content":{"rendered":"\n<h2 class=\"wp-block-heading\" id=\"h-bono-de-apuestas-deportivas-de-bet365-chile\"><strong>Bono de apuestas deportivas de bet365<\/strong> Chile<\/h2>\n\n\n\n<p>El <strong><a href=\"https:\/\/recor.to\/bet365cl\" target=\"_blank\" rel=\"noreferrer noopener nofollow sponsored\">Bono de bet365 en Chile<\/a><\/strong> es uno de los mas grandes que ofrecen las casas de apuestas del pa\u00eds.<\/p>\n\n\n\n<a href=\"https:\/\/imstore.bet365affiliates.com\/Tracker.aspx?AffiliateId=81667&#038;AffiliateCode=365_699855&#038;CID=194&#038;DID=350&#038;TID=1&#038;PID=149&#038;LNG=3\" target=\"_blank\" rel=\"sponsored\"><img decoding=\"async\" src=\"https:\/\/imstore.bet365affiliates.com\/?AffiliateCode=365_699855&#038;CID=194&#038;DID=350&#038;TID=1&#038;PID=149&#038;LNG=3\" border=\"0\" alt=\"bet365\" \/><\/a>\n\n\n\n\n<p>Hay que comentar, que este importe es el m\u00e1ximo, pudi\u00e9ndose ingresar menos, pero dado que el bono es para cliente nuevo y como solo vamos a ser nuevos clientes una vez, conviene ingresar lo m\u00e1ximo para obtener el mayor bono de bienvenida.<\/p>\n\n\n\n<p>Si quieres optar al mayor bono del momento, pues bet365 suele cambiarlo cada x tiempo, te <strong>recomiendo que en la casilla de \u201cC\u00f3digo Bonus\u201d pongas BONOAPP<\/strong>. Pero esto te lo detallamos en siguiente apartado de <strong><a href=\"https:\/\/recor.to\/bet365cl\" target=\"_blank\" rel=\"noreferrer noopener nofollow sponsored\">como registrarse en bet365<\/a><\/strong>.<\/p>\n\n\n\n<span id=\"tag20210614113257\"><\/span><script type=\"text\/javascript\" src=\"https:\/\/imstore.bet365affiliates.com\/PopulateText.aspx?AffiliateId=81667&amp;AffiliateCode=365_378124&amp;TagName=tag20210614113257&amp;CID=358&amp;PID=149&amp;LNG=3&amp;NewWindow=Y&amp;Mask=N\"><\/script><script type=\"text\/javascript\">document.getElementById('tag20210614113257').innerHTML = returnText_tag20210614113257();<\/script>\n\n\n\n<p><em><a href=\"https:\/\/apuestasfree.com\/cl\/codigo-bonus-bet365\/\">C\u00f3digos de bono en Bet365<\/a><\/em><\/p>\n\n\n\n<h2 class=\"wp-block-heading\" id=\"h-como-registrarse-en-bet365\"><strong>Como registrarse en Bet365<\/strong><\/h2>\n\n\n\n<p><strong>Resulta muy f\u00e1cil registrarse en la p\u00e1gina de bet365<\/strong>. Puedes ingresar a <a href=\"https:\/\/apuestasfree.com\/cl\/bono-bet365-apuestas-deportivas\/como-registrarse-en-bet365\/\">\u00e9ste art\u00edculo de ApuestasFree<\/a> para saber en detalle c\u00f3mo hacerlo aprovechando todas las ofertas disponibles. Si quiere hacerlo m\u00e1s r\u00e1pidamente, basta con hacer <strong><a href=\"https:\/\/recor.to\/bet365cl\" target=\"_blank\" rel=\"noreferrer noopener nofollow sponsored\">click a aqu\u00ed<\/a><\/strong>. Se nos abrir\u00e1 la p\u00e1gina de bet365 le tenemos que dar a \u201c<strong>registrarse<\/strong>\u201d.<\/p>\n\n\n\n<p>Cabe decir que hay que ser mayor de edad para poder hacerlo y poder apostar. Ah, y conviene poner todos los datos correctamente, porque si tenemos alg\u00fan problema nos pueden llegar a pedir alg\u00fan tipo de identificaci\u00f3n y como no coincidan, podr\u00edan ponernos pegas.<\/p>\n\n\n\n<a href=\"https:\/\/imstore.bet365affiliates.com\/Tracker.aspx?AffiliateId=81667&#038;AffiliateCode=365_699855&#038;CID=194&#038;DID=350&#038;TID=1&#038;PID=149&#038;LNG=3\" target=\"_blank\" rel=\"sponsored\"><img decoding=\"async\" src=\"https:\/\/imstore.bet365affiliates.com\/?AffiliateCode=365_699855&#038;CID=194&#038;DID=350&#038;TID=1&#038;PID=149&#038;LNG=3\" border=\"0\" alt=\"bet365\" \/><\/a>\n\n\n\n<p>Como te hab\u00edamos dicho anteriormente, <strong>para obtener el mayor bono que bet365 est\u00e1 dando en este momento, hay que poner BONOAPP en el campo \u201cC\u00f3digo Bonus\u201d<\/strong> que aparece cuando nos estamos registrando. Da igual que lo hagas desde tu desktop o en tu celular, si lo ponemos, te aseguras que no perder\u00e1s el bono.<\/p>\n\n\n\n<h2 class=\"wp-block-heading\" id=\"h-origenes-de-bet365\"><strong>Or\u00edgenes de Bet365<\/strong><\/h2>\n\n\n\n<p><strong>Bet365 es una compa\u00f1\u00eda nacida en el a\u00f1o 2000 en Reino Unido<\/strong>, en la peque\u00f1a localidad de Stoke-on-Trent. Y por supuesto, <strong>bet365 es completamente de fiar<\/strong>, cumple con los m\u00e1s altos est\u00e1ndares de seguridad y puedes <strong>estar tranquilo de ingresar dinero en tu <a href=\"https:\/\/recor.to\/bet365cl\" target=\"_blank\" rel=\"noreferrer noopener nofollow sponsored\">cuenta de juego de bet365<\/a><\/strong>.<\/p>\n\n\n\n<h2 class=\"wp-block-heading\" id=\"h-bet365-cl-y-su-enorme-cantidad-de-deportes\"><strong>Bet365.cl y su enorme cantidad de deportes<\/strong><\/h2>\n\n\n\n<p>Si hay algo que <strong>caracteriza a <a href=\"https:\/\/recor.to\/bet365cl\" target=\"_blank\" rel=\"noreferrer noopener nofollow sponsored\">Bet365.cl<\/a><\/strong>, es su <strong>casi infinita variedad de deportes en los que poder apostar<\/strong>. Y no lo decimos nosotros, lo dicen ellos pues su eslogan es <strong>\u201cla casa de apuestas online mas grande del mundo\u201d<\/strong>. Esto hace referencia en que es la casa que tiene mas jugadores a nivel mundial, atra\u00eddos por su <strong>enorme oferta de apuestas en multitud de deportes<\/strong>.<\/p>\n\n\n\n<p>Podr\u00e1s apostar a deportes tan \u201craros\u201d como el bandy, trotones, floorball, hasta los cl\u00e1sicos futbol, nba, tenis, formula 1. Por supuesto sin olvidar los modernos esports como el League of Legends, Counter Strike,\u2026<\/p>\n\n\n\n<h2 class=\"wp-block-heading\" id=\"h-imagenes-en-directo-o-live-streaming-de-partidos\"><strong>Im\u00e1genes en directo o Live Streaming de partidos<\/strong><\/h2>\n\n\n\n<p>Puede parecer raro, pero <strong>bet365 cuenta con un servicio en el que podemos ver muchos partidos<\/strong> de f\u00fatbol, tenis, nba, \u2026 en directo y sin pagar. Suena demasiado bien para ser cierto\u2026. pero lo es. <strong>Esto se debe a que muchos apostadores les gusta ver en vivo los deportes para apostar<\/strong> de manera mas objetiva, y bet365 nos lo ofrece sin tener que contratar una televisi\u00f3n de pago.<\/p>\n\n\n\n<p>Si bien, <strong>hay que tener algo de saldo en la cuenta y haber hecho alguna apuesta en los \u00faltimos d\u00edas<\/strong>, pero son requisitos \u00ednfimos para que podamos disfrutar de este magn\u00edfico servicio. <strong>A continuaci\u00f3n, te ponemos los T\u00e9rminos de esta oferta de contenido<\/strong>.<\/p>\n\n\n\n<span id='tag20230213095703'><\/span><script type=\"text\/javascript\" src='https:\/\/imstore.bet365affiliates.com\/PopulateText.aspx?AffiliateId=81667&#038;AffiliateCode=365_699855&#038;TagName=tag20230213095703&#038;CID=718&#038;PID=149&#038;LNG=3&#038;NewWindow=Y&#038;Mask=N'><\/script><script type=\"text\/javascript\">document.getElementById('tag20230213095703').innerHTML = returnText_tag20230213095703();<\/script>\n\n\n\n<h2 class=\"wp-block-heading\" id=\"h-cuotas-de-bet365\"><strong>Cuotas de bet365<\/strong><\/h2>\n\n\n\n<p><strong>Hay algo que caracteriza a bet365 por encima de otras casas de apuestas, y son sus enormes cuotas<\/strong>. Casi siempre esta en el top de casas en las que ofrece cuotas mas altas, por lo que a nosotros como apostadores nos resulta muy interesante de casa a <strong>obtener mayores beneficios cuando ganamos las apuestas<\/strong>.<\/p>\n\n\n\n<h2 class=\"wp-block-heading\" id=\"h-app-de-bet365\"><strong>App de bet365<\/strong><\/h2>\n\n\n\n<p>Si, <strong><a href=\"https:\/\/recor.to\/bet365cl\" target=\"_blank\" rel=\"noreferrer noopener nofollow sponsored\">bet365 tiene app<\/a><\/strong> y hemos de decir que es una de las mejores. Es muy r\u00e1pida y <strong>cuenta con todas las opciones que tiene la versi\u00f3n desktop<\/strong> pero mas comprimidas. Podr\u00e1s apostar desde tu celular en cualquier parte.<\/p>\n\n\n\n<p>Ideal si estas en una cancha viendo un partido; as\u00ed, tienes informaci\u00f3n de primera mano para realizar tus apuestas deportivas. Adem\u00e1s, tambi\u00e9n tiene el servicio de im\u00e1genes en directo \/ retransmisiones en vivo, por lo que podr\u00e1s ver los eventos en tu celular en cualquier sitio.<\/p>\n\n\n\n<h2 class=\"wp-block-heading\" id=\"h-promociones-de-bet365\"><strong>Promociones de bet365<\/strong><\/h2>\n\n\n\n<p><strong><a href=\"https:\/\/recor.to\/bet365cl\" target=\"_blank\" rel=\"noreferrer noopener nofollow sponsored\">Bet365 en chile tiene muchas y muy buenas promociones<\/a><\/strong>. Algunas pueden ser especificas para un evento en concreto (como por ejemplo una final de Champions League o una final de un mundial) y otras son gen\u00e9ricas como su ya conocida <strong>\u201cdevoluci\u00f3n de apuestas en empates 0-0\u201d<\/strong>. <strong>A continuaci\u00f3n te dejamos unas cuantas<\/strong>:<\/p>\n\n\n\n<span id='tag20210614113257'><\/span><script type=\"text\/javascript\" src='https:\/\/imstore.bet365affiliates.com\/PopulateText.aspx?AffiliateId=81667&#038;AffiliateCode=365_378124&#038;TagName=tag20210614113257&#038;CID=358&#038;PID=149&#038;LNG=3&#038;NewWindow=Y&#038;Mask=N'><\/script><script type=\"text\/javascript\">document.getElementById('tag20210614113257').innerHTML = returnText_tag20210614113257();<\/script>\n\n\n\n<hr class=\"wp-block-separator has-css-opacity\"\/>\n","protected":false},"excerpt":{"rendered":"<p>Bono de apuestas deportivas de bet365 Chile El Bono de bet365 en Chile es uno de los mas grandes que ofrecen las casas de apuestas del pa\u00eds. Hay que comentar, que este importe es el m\u00e1ximo, pudi\u00e9ndose ingresar menos, pero dado que el bono es para cliente nuevo y como solo vamos a ser nuevos &#8230; <a title=\"Bono bet365 de Apuestas Deportivas para Chile\" class=\"read-more\" href=\"https:\/\/apuestasfree.com\/cl\/bono-bet365-apuestas-deportivas\/\" aria-label=\"Leer m\u00e1s sobre Bono bet365 de Apuestas Deportivas para Chile\">Leer m\u00e1s<\/a><\/p>\n","protected":false},"author":10162,"featured_media":0,"parent":0,"menu_order":16,"comment_status":"closed","ping_status":"closed","template":"","meta":{"_uag_custom_page_level_css":"","footnotes":""},"class_list":["post-218884","page","type-page","status-publish"],"yoast_head":"<!-- This site is optimized with the Yoast SEO Premium plugin v27.1 (Yoast SEO v27.4) - https:\/\/yoast.com\/product\/yoast-seo-premium-wordpress\/ -->\n<title>Bono bet365 de Apuestas Deportivas para Chile -<\/title>\n<meta name=\"description\" content=\"Bono Bet365 en Chile. Descubre las ventajas de crearte una cuenta para apostar en Bet365 desde Chile. Bet365 Chile\" \/>\n<meta name=\"robots\" content=\"index, follow, max-snippet:-1, max-image-preview:large, max-video-preview:-1\" \/>\n<link rel=\"canonical\" href=\"https:\/\/apuestasfree.com\/cl\/bono-bet365-apuestas-deportivas\/\" \/>\n<meta property=\"og:locale\" content=\"es_ES\" \/>\n<meta property=\"og:type\" content=\"article\" \/>\n<meta property=\"og:title\" content=\"Bono bet365 de Apuestas Deportivas para Chile\" \/>\n<meta property=\"og:description\" content=\"Bono Bet365 en Chile. Descubre las ventajas de crearte una cuenta para apostar en Bet365 desde Chile. Bet365 Chile\" \/>\n<meta property=\"og:url\" content=\"https:\/\/apuestasfree.com\/cl\/bono-bet365-apuestas-deportivas\/\" \/>\n<meta property=\"og:site_name\" content=\"ApuestasFree\" \/>\n<meta property=\"article:modified_time\" content=\"2025-01-07T15:23:46+00:00\" \/>\n<meta property=\"og:image\" content=\"https:\/\/imstore.bet365affiliates.com\/?AffiliateCode=365_699855&CID=194&DID=350&TID=1&PID=149&LNG=3\" \/>\n<meta name=\"twitter:card\" content=\"summary_large_image\" \/>\n<meta name=\"twitter:label1\" content=\"Tiempo estimado de lectura\" \/>\n\t<meta name=\"twitter:data1\" content=\"4 minutos\" \/>\n<script type=\"application\/ld+json\" class=\"yoast-schema-graph\">{\"@context\":\"https:\\\/\\\/schema.org\",\"@graph\":[{\"@type\":\"WebPage\",\"@id\":\"https:\\\/\\\/apuestasfree.com\\\/cl\\\/bono-bet365-apuestas-deportivas\\\/\",\"url\":\"https:\\\/\\\/apuestasfree.com\\\/cl\\\/bono-bet365-apuestas-deportivas\\\/\",\"name\":\"Bono bet365 de Apuestas Deportivas para Chile -\",\"isPartOf\":{\"@id\":\"https:\\\/\\\/apuestasfree.com\\\/cl\\\/#website\"},\"primaryImageOfPage\":{\"@id\":\"https:\\\/\\\/apuestasfree.com\\\/cl\\\/bono-bet365-apuestas-deportivas\\\/#primaryimage\"},\"image\":{\"@id\":\"https:\\\/\\\/apuestasfree.com\\\/cl\\\/bono-bet365-apuestas-deportivas\\\/#primaryimage\"},\"thumbnailUrl\":\"https:\\\/\\\/imstore.bet365affiliates.com\\\/?AffiliateCode=365_699855&CID=194&DID=350&TID=1&PID=149&LNG=3\",\"datePublished\":\"2020-06-09T15:10:31+00:00\",\"dateModified\":\"2025-01-07T15:23:46+00:00\",\"description\":\"Bono Bet365 en Chile. Descubre las ventajas de crearte una cuenta para apostar en Bet365 desde Chile. Bet365 Chile\",\"breadcrumb\":{\"@id\":\"https:\\\/\\\/apuestasfree.com\\\/cl\\\/bono-bet365-apuestas-deportivas\\\/#breadcrumb\"},\"inLanguage\":\"es-CL\",\"potentialAction\":[{\"@type\":\"ReadAction\",\"target\":[\"https:\\\/\\\/apuestasfree.com\\\/cl\\\/bono-bet365-apuestas-deportivas\\\/\"]}]},{\"@type\":\"ImageObject\",\"inLanguage\":\"es-CL\",\"@id\":\"https:\\\/\\\/apuestasfree.com\\\/cl\\\/bono-bet365-apuestas-deportivas\\\/#primaryimage\",\"url\":\"https:\\\/\\\/imstore.bet365affiliates.com\\\/?AffiliateCode=365_699855&CID=194&DID=350&TID=1&PID=149&LNG=3\",\"contentUrl\":\"https:\\\/\\\/imstore.bet365affiliates.com\\\/?AffiliateCode=365_699855&CID=194&DID=350&TID=1&PID=149&LNG=3\"},{\"@type\":\"BreadcrumbList\",\"@id\":\"https:\\\/\\\/apuestasfree.com\\\/cl\\\/bono-bet365-apuestas-deportivas\\\/#breadcrumb\",\"itemListElement\":[{\"@type\":\"ListItem\",\"position\":1,\"name\":\"Inicio\",\"item\":\"https:\\\/\\\/apuestasfree.com\\\/cl\\\/\"},{\"@type\":\"ListItem\",\"position\":2,\"name\":\"Bono bet365 de Apuestas Deportivas para Chile\"}]},{\"@type\":\"WebSite\",\"@id\":\"https:\\\/\\\/apuestasfree.com\\\/cl\\\/#website\",\"url\":\"https:\\\/\\\/apuestasfree.com\\\/cl\\\/\",\"name\":\"ApuestasFree\",\"description\":\"\",\"publisher\":{\"@id\":\"https:\\\/\\\/apuestasfree.com\\\/cl\\\/#organization\"},\"potentialAction\":[{\"@type\":\"SearchAction\",\"target\":{\"@type\":\"EntryPoint\",\"urlTemplate\":\"https:\\\/\\\/apuestasfree.com\\\/cl\\\/?s={search_term_string}\"},\"query-input\":{\"@type\":\"PropertyValueSpecification\",\"valueRequired\":true,\"valueName\":\"search_term_string\"}}],\"inLanguage\":\"es-CL\"},{\"@type\":\"Organization\",\"@id\":\"https:\\\/\\\/apuestasfree.com\\\/cl\\\/#organization\",\"name\":\"ApuestasFree\",\"url\":\"https:\\\/\\\/apuestasfree.com\\\/cl\\\/\",\"logo\":{\"@type\":\"ImageObject\",\"inLanguage\":\"es-CL\",\"@id\":\"https:\\\/\\\/apuestasfree.com\\\/cl\\\/#\\\/schema\\\/logo\\\/image\\\/\",\"url\":\"https:\\\/\\\/apuestasfree.com\\\/wp-content\\\/uploads\\\/2019\\\/06\\\/afree_logo.png\",\"contentUrl\":\"https:\\\/\\\/apuestasfree.com\\\/wp-content\\\/uploads\\\/2019\\\/06\\\/afree_logo.png\",\"width\":106,\"height\":50,\"caption\":\"ApuestasFree\"},\"image\":{\"@id\":\"https:\\\/\\\/apuestasfree.com\\\/cl\\\/#\\\/schema\\\/logo\\\/image\\\/\"}}]}<\/script>\n<!-- \/ Yoast SEO Premium plugin. -->","yoast_head_json":{"title":"Bono bet365 de Apuestas Deportivas para Chile -","description":"Bono Bet365 en Chile. Descubre las ventajas de crearte una cuenta para apostar en Bet365 desde Chile. Bet365 Chile","robots":{"index":"index","follow":"follow","max-snippet":"max-snippet:-1","max-image-preview":"max-image-preview:large","max-video-preview":"max-video-preview:-1"},"canonical":"https:\/\/apuestasfree.com\/cl\/bono-bet365-apuestas-deportivas\/","og_locale":"es_ES","og_type":"article","og_title":"Bono bet365 de Apuestas Deportivas para Chile","og_description":"Bono Bet365 en Chile. Descubre las ventajas de crearte una cuenta para apostar en Bet365 desde Chile. Bet365 Chile","og_url":"https:\/\/apuestasfree.com\/cl\/bono-bet365-apuestas-deportivas\/","og_site_name":"ApuestasFree","article_modified_time":"2025-01-07T15:23:46+00:00","og_image":[{"url":"https:\/\/imstore.bet365affiliates.com\/?AffiliateCode=365_699855&CID=194&DID=350&TID=1&PID=149&LNG=3","type":"","width":"","height":""}],"twitter_card":"summary_large_image","twitter_misc":{"Tiempo estimado de lectura":"4 minutos"},"schema":{"@context":"https:\/\/schema.org","@graph":[{"@type":"WebPage","@id":"https:\/\/apuestasfree.com\/cl\/bono-bet365-apuestas-deportivas\/","url":"https:\/\/apuestasfree.com\/cl\/bono-bet365-apuestas-deportivas\/","name":"Bono bet365 de Apuestas Deportivas para Chile -","isPartOf":{"@id":"https:\/\/apuestasfree.com\/cl\/#website"},"primaryImageOfPage":{"@id":"https:\/\/apuestasfree.com\/cl\/bono-bet365-apuestas-deportivas\/#primaryimage"},"image":{"@id":"https:\/\/apuestasfree.com\/cl\/bono-bet365-apuestas-deportivas\/#primaryimage"},"thumbnailUrl":"https:\/\/imstore.bet365affiliates.com\/?AffiliateCode=365_699855&CID=194&DID=350&TID=1&PID=149&LNG=3","datePublished":"2020-06-09T15:10:31+00:00","dateModified":"2025-01-07T15:23:46+00:00","description":"Bono Bet365 en Chile. Descubre las ventajas de crearte una cuenta para apostar en Bet365 desde Chile. Bet365 Chile","breadcrumb":{"@id":"https:\/\/apuestasfree.com\/cl\/bono-bet365-apuestas-deportivas\/#breadcrumb"},"inLanguage":"es-CL","potentialAction":[{"@type":"ReadAction","target":["https:\/\/apuestasfree.com\/cl\/bono-bet365-apuestas-deportivas\/"]}]},{"@type":"ImageObject","inLanguage":"es-CL","@id":"https:\/\/apuestasfree.com\/cl\/bono-bet365-apuestas-deportivas\/#primaryimage","url":"https:\/\/imstore.bet365affiliates.com\/?AffiliateCode=365_699855&CID=194&DID=350&TID=1&PID=149&LNG=3","contentUrl":"https:\/\/imstore.bet365affiliates.com\/?AffiliateCode=365_699855&CID=194&DID=350&TID=1&PID=149&LNG=3"},{"@type":"BreadcrumbList","@id":"https:\/\/apuestasfree.com\/cl\/bono-bet365-apuestas-deportivas\/#breadcrumb","itemListElement":[{"@type":"ListItem","position":1,"name":"Inicio","item":"https:\/\/apuestasfree.com\/cl\/"},{"@type":"ListItem","position":2,"name":"Bono bet365 de Apuestas Deportivas para Chile"}]},{"@type":"WebSite","@id":"https:\/\/apuestasfree.com\/cl\/#website","url":"https:\/\/apuestasfree.com\/cl\/","name":"ApuestasFree","description":"","publisher":{"@id":"https:\/\/apuestasfree.com\/cl\/#organization"},"potentialAction":[{"@type":"SearchAction","target":{"@type":"EntryPoint","urlTemplate":"https:\/\/apuestasfree.com\/cl\/?s={search_term_string}"},"query-input":{"@type":"PropertyValueSpecification","valueRequired":true,"valueName":"search_term_string"}}],"inLanguage":"es-CL"},{"@type":"Organization","@id":"https:\/\/apuestasfree.com\/cl\/#organization","name":"ApuestasFree","url":"https:\/\/apuestasfree.com\/cl\/","logo":{"@type":"ImageObject","inLanguage":"es-CL","@id":"https:\/\/apuestasfree.com\/cl\/#\/schema\/logo\/image\/","url":"https:\/\/apuestasfree.com\/wp-content\/uploads\/2019\/06\/afree_logo.png","contentUrl":"https:\/\/apuestasfree.com\/wp-content\/uploads\/2019\/06\/afree_logo.png","width":106,"height":50,"caption":"ApuestasFree"},"image":{"@id":"https:\/\/apuestasfree.com\/cl\/#\/schema\/logo\/image\/"}}]}},"uagb_featured_image_src":{"full":false,"thumbnail":false,"medium":false,"medium_large":false,"large":false,"1536x1536":false,"2048x2048":false},"uagb_author_info":{"display_name":"jon","author_link":"https:\/\/apuestasfree.com\/cl\/author\/jon\/"},"uagb_comment_info":0,"uagb_excerpt":"Bono de apuestas deportivas de bet365 Chile El Bono de bet365 en Chile es uno de los mas grandes que ofrecen las casas de apuestas del pa\u00eds. Hay que comentar, que este importe es el m\u00e1ximo, pudi\u00e9ndose ingresar menos, pero dado que el bono es para cliente nuevo y como solo vamos a ser nuevos&hellip;","_links":{"self":[{"href":"https:\/\/apuestasfree.com\/cl\/wp-json\/wp\/v2\/pages\/218884","targetHints":{"allow":["GET"]}}],"collection":[{"href":"https:\/\/apuestasfree.com\/cl\/wp-json\/wp\/v2\/pages"}],"about":[{"href":"https:\/\/apuestasfree.com\/cl\/wp-json\/wp\/v2\/types\/page"}],"author":[{"embeddable":true,"href":"https:\/\/apuestasfree.com\/cl\/wp-json\/wp\/v2\/users\/10162"}],"replies":[{"embeddable":true,"href":"https:\/\/apuestasfree.com\/cl\/wp-json\/wp\/v2\/comments?post=218884"}],"version-history":[{"count":3,"href":"https:\/\/apuestasfree.com\/cl\/wp-json\/wp\/v2\/pages\/218884\/revisions"}],"predecessor-version":[{"id":1860430,"href":"https:\/\/apuestasfree.com\/cl\/wp-json\/wp\/v2\/pages\/218884\/revisions\/1860430"}],"wp:attachment":[{"href":"https:\/\/apuestasfree.com\/cl\/wp-json\/wp\/v2\/media?parent=218884"}],"curies":[{"name":"wp","href":"https:\/\/api.w.org\/{rel}","templated":true}]}}