{"id":1603499,"date":"2024-02-01T23:56:31","date_gmt":"2024-02-01T22:56:31","guid":{"rendered":"https:\/\/apuestasfree.com\/?page_id=1603499"},"modified":"2024-02-01T23:56:33","modified_gmt":"2024-02-01T22:56:33","slug":"rojabet-promo-copa-davis","status":"publish","type":"page","link":"https:\/\/apuestasfree.com\/cl\/rojabet-promo-copa-davis\/","title":{"rendered":"Promo Copa Davis de Rojabet. \u00a1Gana entradas y cashback!"},"content":{"rendered":"\n<p>\u00bfQuieres vivir de cerca la emoci\u00f3n de Chile vs Per\u00fa? Entonces, participa en la Promo de Rojabet y consigue entradas dobles para la Copa Davis y cashback en todas tus apuestas.<a href=\"https:\/\/recor.to\/rojabet\" target=\"_blank\" rel=\"noreferrer noopener nofollow sponsored\"> \u00a1Reg\u00edstrate ya!<\/a><\/p>\n\n\n\n<figure class=\"wp-block-image size-large\"><a href=\"https:\/\/recor.to\/rojabet\" target=\"_blank\" rel=\"noreferrer noopener nofollow sponsored\"><img fetchpriority=\"high\" decoding=\"async\" width=\"1024\" height=\"388\" src=\"https:\/\/apuestasfree.com\/wp-content\/uploads\/2024\/02\/rojabet-promocion-copa-davis-1024x388.jpg\" alt=\"rojabet promoci\u00f3n copa davis\" class=\"wp-image-1603526\" srcset=\"https:\/\/apuestasfree.com\/wp-content\/uploads\/2024\/02\/rojabet-promocion-copa-davis-1024x388.jpg 1024w, https:\/\/apuestasfree.com\/wp-content\/uploads\/2024\/02\/rojabet-promocion-copa-davis-300x114.jpg 300w, https:\/\/apuestasfree.com\/wp-content\/uploads\/2024\/02\/rojabet-promocion-copa-davis-768x291.jpg 768w, https:\/\/apuestasfree.com\/wp-content\/uploads\/2024\/02\/rojabet-promocion-copa-davis.jpg 1300w\" sizes=\"(max-width: 1024px) 100vw, 1024px\" \/><\/a><\/figure>\n\n\n\n<h2 class=\"wp-block-heading\" id=\"h-en-que-consiste-la-promo-copa-davis-de-rojabet\">\u00bfEn qu\u00e9 consiste la Promo Copa Davis de Rojabet?<\/h2>\n\n\n\n<p>\u00a1Hay cl\u00e1sico del Pac\u00edfico!<strong> Chile se medir\u00e1 con Per\u00fa por las Clasificatorias de la\u00a0Copa Davis.<\/strong> \u00bfEl objetivo? Ingresar por segundo a\u00f1o consecutivo a la fase final de grupos. <strong>Rojabet lanz\u00f3 una magn\u00edfica promoci\u00f3n <\/strong>para vivir de cerca la emoci\u00f3n del torneo de selecciones m\u00e1s importante del tenis mundial.<\/p>\n\n\n\n<p>Tienes que realizar apuestas en cualquier deporte hasta el 3 de febrero. <strong>Rojabet te otorgar\u00e1 el 20% de cashback todos los d\u00edas<\/strong> y adem\u00e1s estar\u00e1s participando por las entradas dobles para el duelo de Chile y Per\u00fa en la Copa Davis. \u00a1Solicita tu reembolso al Rojachat!<\/p>\n\n\n\n<ul class=\"wp-block-list\">\n<li>Apuesta m\u00ednima: 20.000 CLP<\/li>\n\n\n\n<li>Cashback m\u00e1ximo: 50.000 CLP<\/li>\n\n\n\n<li>Apuestas en todos los deportes<\/li>\n\n\n\n<li>Cuota m\u00ednima: 2.0<\/li>\n<\/ul>\n\n\n\n<p>Chilenos y peruanos tambi\u00e9n se enfrentaron en el 2022 por el repechaje del Grupo Mundial. En aquella oportunidad, La Roja se impuso 3-2. \u00bfPodr\u00e1 repetir la historia en su propia tierra?<\/p>\n\n\n\n<div class=\"wp-block-buttons is-content-justification-center is-layout-flex wp-container-core-buttons-is-layout-16018d1d wp-block-buttons-is-layout-flex\">\n<div class=\"wp-block-button\"><a class=\"wp-block-button__link wp-element-button\" href=\"https:\/\/recor.to\/rojabet\" style=\"border-radius:100px\" target=\"_blank\" rel=\"noreferrer noopener nofollow sponsored\">\u00a1APUESTA EN LA COPA DAVIS CON ROJABET!<\/a><\/div>\n<\/div>\n\n\n\n<h2 class=\"wp-block-heading\" id=\"h-triple-bono-de-bienvenida\">\u00a1Triple bono de bienvenida!<\/h2>\n\n\n\n<p>Para apostar en la Copa Davis y participar de la promo de Rojabet, deber\u00e1s estar registrado en el sitio oficial. Si todav\u00eda no tienes una cuenta, est\u00e1s a tiempo de solicitar un magn\u00edfico\u00a0Paquete de bienvenida\u00a0que comprende:<\/p>\n\n\n\n<ul class=\"wp-block-list\">\n<li><strong>1\u00b0 DEP\u00d3SITO<\/strong>:&nbsp;100% extra&nbsp;hasta&nbsp;200.000 CLP&nbsp;+&nbsp;&nbsp;50 Giros Gratis<\/li>\n\n\n\n<li><strong>2\u00b0 DEP\u00d3SITO<\/strong>:&nbsp;75% extra&nbsp;hasta 300.000 CLP +&nbsp;&nbsp;50 Giros Gratis<\/li>\n\n\n\n<li><strong>3\u00b0 DEP\u00d3SITO<\/strong>:&nbsp;50% extra&nbsp;hasta 500.000 CLP +&nbsp;&nbsp;50 Giros Gratis<\/li>\n<\/ul>\n\n\n\n<p>Esta&nbsp;promoci\u00f3n est\u00e1 reservada a los clientes que no hayan ejecutado un ingreso, el cual debe ser de al menos $5000 CLP. Ten en cuenta que el bono asignado es v\u00e1lido para cualquier mercado con cuota m\u00ednima de 2.0<strong>.&nbsp;<\/strong>Por su parte, los&nbsp;<strong>20 giros gratis&nbsp;<\/strong>son exclusivos para la tragamonedas Big Roar.<\/p>\n\n\n\n<p>Te recomendamos&nbsp;<a href=\"https:\/\/apuestasfree.com\/cl\/rojabet-descargar-apk-app\/\">descargar la app de Rojabet<\/a>&nbsp;para apostar en cualquier momento est\u00e9s donde est\u00e9s.<\/p>\n","protected":false},"excerpt":{"rendered":"<p>\u00bfQuieres vivir de cerca la emoci\u00f3n de Chile vs Per\u00fa? Entonces, participa en la Promo de Rojabet y consigue entradas dobles para la Copa Davis y cashback en todas tus apuestas. \u00a1Reg\u00edstrate ya! \u00bfEn qu\u00e9 consiste la Promo Copa Davis de Rojabet? \u00a1Hay cl\u00e1sico del Pac\u00edfico! Chile se medir\u00e1 con Per\u00fa por las Clasificatorias de &#8230; <a title=\"Promo Copa Davis de Rojabet. \u00a1Gana entradas y cashback!\" class=\"read-more\" href=\"https:\/\/apuestasfree.com\/cl\/rojabet-promo-copa-davis\/\" aria-label=\"Leer m\u00e1s sobre Promo Copa Davis de Rojabet. \u00a1Gana entradas y cashback!\">Leer m\u00e1s<\/a><\/p>\n","protected":false},"author":33647,"featured_media":0,"parent":0,"menu_order":0,"comment_status":"closed","ping_status":"closed","template":"","meta":{"_uag_custom_page_level_css":"","footnotes":""},"class_list":["post-1603499","page","type-page","status-publish"],"yoast_head":"<!-- This site is optimized with the Yoast SEO Premium plugin v27.1 (Yoast SEO v27.5) - https:\/\/yoast.com\/product\/yoast-seo-premium-wordpress\/ -->\n<title>Promo Copa Davis de Rojabet. \u00a1Gana entradas y cashback! -<\/title>\n<meta name=\"description\" content=\"\u25b7 Participa en la Promo de Copa Davis en Rojabet \u2714\ufe0f Entradas dobles para Chile vs Per\u00fa + cashback \u2714\ufe0f Bono de bienvenida \u2714\ufe0f\" \/>\n<meta name=\"robots\" content=\"index, follow, max-snippet:-1, max-image-preview:large, max-video-preview:-1\" \/>\n<link rel=\"canonical\" href=\"https:\/\/apuestasfree.com\/cl\/rojabet-promo-copa-davis\/\" \/>\n<meta property=\"og:locale\" content=\"es_ES\" \/>\n<meta property=\"og:type\" content=\"article\" \/>\n<meta property=\"og:title\" content=\"Promo Copa Davis de Rojabet. \u00a1Gana entradas y cashback!\" \/>\n<meta property=\"og:description\" content=\"\u25b7 Participa en la Promo de Copa Davis en Rojabet \u2714\ufe0f Entradas dobles para Chile vs Per\u00fa + cashback \u2714\ufe0f Bono de bienvenida \u2714\ufe0f\" \/>\n<meta property=\"og:url\" content=\"https:\/\/apuestasfree.com\/cl\/rojabet-promo-copa-davis\/\" \/>\n<meta property=\"og:site_name\" content=\"ApuestasFree\" \/>\n<meta property=\"article:modified_time\" content=\"2024-02-01T22:56:33+00:00\" \/>\n<meta property=\"og:image\" content=\"https:\/\/apuestasfree.com\/wp-content\/uploads\/2024\/02\/rojabet-promocion-copa-davis-1024x388.jpg\" \/>\n<meta name=\"twitter:card\" content=\"summary_large_image\" \/>\n<meta name=\"twitter:label1\" content=\"Tiempo estimado de lectura\" \/>\n\t<meta name=\"twitter:data1\" content=\"2 minutos\" \/>\n<script type=\"application\/ld+json\" class=\"yoast-schema-graph\">{\"@context\":\"https:\\\/\\\/schema.org\",\"@graph\":[{\"@type\":\"WebPage\",\"@id\":\"https:\\\/\\\/apuestasfree.com\\\/cl\\\/rojabet-promo-copa-davis\\\/\",\"url\":\"https:\\\/\\\/apuestasfree.com\\\/cl\\\/rojabet-promo-copa-davis\\\/\",\"name\":\"Promo Copa Davis de Rojabet. \u00a1Gana entradas y cashback! -\",\"isPartOf\":{\"@id\":\"https:\\\/\\\/apuestasfree.com\\\/cl\\\/#website\"},\"primaryImageOfPage\":{\"@id\":\"https:\\\/\\\/apuestasfree.com\\\/cl\\\/rojabet-promo-copa-davis\\\/#primaryimage\"},\"image\":{\"@id\":\"https:\\\/\\\/apuestasfree.com\\\/cl\\\/rojabet-promo-copa-davis\\\/#primaryimage\"},\"thumbnailUrl\":\"https:\\\/\\\/apuestasfree.com\\\/wp-content\\\/uploads\\\/2024\\\/02\\\/rojabet-promocion-copa-davis-1024x388.jpg\",\"datePublished\":\"2024-02-01T22:56:31+00:00\",\"dateModified\":\"2024-02-01T22:56:33+00:00\",\"description\":\"\u25b7 Participa en la Promo de Copa Davis en Rojabet \u2714\ufe0f Entradas dobles para Chile vs Per\u00fa + cashback \u2714\ufe0f Bono de bienvenida \u2714\ufe0f\",\"breadcrumb\":{\"@id\":\"https:\\\/\\\/apuestasfree.com\\\/cl\\\/rojabet-promo-copa-davis\\\/#breadcrumb\"},\"inLanguage\":\"es-CL\",\"potentialAction\":[{\"@type\":\"ReadAction\",\"target\":[\"https:\\\/\\\/apuestasfree.com\\\/cl\\\/rojabet-promo-copa-davis\\\/\"]}]},{\"@type\":\"ImageObject\",\"inLanguage\":\"es-CL\",\"@id\":\"https:\\\/\\\/apuestasfree.com\\\/cl\\\/rojabet-promo-copa-davis\\\/#primaryimage\",\"url\":\"https:\\\/\\\/apuestasfree.com\\\/wp-content\\\/uploads\\\/2024\\\/02\\\/rojabet-promocion-copa-davis-1024x388.jpg\",\"contentUrl\":\"https:\\\/\\\/apuestasfree.com\\\/wp-content\\\/uploads\\\/2024\\\/02\\\/rojabet-promocion-copa-davis-1024x388.jpg\"},{\"@type\":\"BreadcrumbList\",\"@id\":\"https:\\\/\\\/apuestasfree.com\\\/cl\\\/rojabet-promo-copa-davis\\\/#breadcrumb\",\"itemListElement\":[{\"@type\":\"ListItem\",\"position\":1,\"name\":\"Inicio\",\"item\":\"https:\\\/\\\/apuestasfree.com\\\/cl\\\/\"},{\"@type\":\"ListItem\",\"position\":2,\"name\":\"Promo Copa Davis de Rojabet. \u00a1Gana entradas y cashback!\"}]},{\"@type\":\"WebSite\",\"@id\":\"https:\\\/\\\/apuestasfree.com\\\/cl\\\/#website\",\"url\":\"https:\\\/\\\/apuestasfree.com\\\/cl\\\/\",\"name\":\"ApuestasFree\",\"description\":\"\",\"publisher\":{\"@id\":\"https:\\\/\\\/apuestasfree.com\\\/cl\\\/#organization\"},\"potentialAction\":[{\"@type\":\"SearchAction\",\"target\":{\"@type\":\"EntryPoint\",\"urlTemplate\":\"https:\\\/\\\/apuestasfree.com\\\/cl\\\/?s={search_term_string}\"},\"query-input\":{\"@type\":\"PropertyValueSpecification\",\"valueRequired\":true,\"valueName\":\"search_term_string\"}}],\"inLanguage\":\"es-CL\"},{\"@type\":\"Organization\",\"@id\":\"https:\\\/\\\/apuestasfree.com\\\/cl\\\/#organization\",\"name\":\"ApuestasFree\",\"url\":\"https:\\\/\\\/apuestasfree.com\\\/cl\\\/\",\"logo\":{\"@type\":\"ImageObject\",\"inLanguage\":\"es-CL\",\"@id\":\"https:\\\/\\\/apuestasfree.com\\\/cl\\\/#\\\/schema\\\/logo\\\/image\\\/\",\"url\":\"https:\\\/\\\/apuestasfree.com\\\/wp-content\\\/uploads\\\/2019\\\/06\\\/afree_logo.png\",\"contentUrl\":\"https:\\\/\\\/apuestasfree.com\\\/wp-content\\\/uploads\\\/2019\\\/06\\\/afree_logo.png\",\"width\":106,\"height\":50,\"caption\":\"ApuestasFree\"},\"image\":{\"@id\":\"https:\\\/\\\/apuestasfree.com\\\/cl\\\/#\\\/schema\\\/logo\\\/image\\\/\"}}]}<\/script>\n<!-- \/ Yoast SEO Premium plugin. -->","yoast_head_json":{"title":"Promo Copa Davis de Rojabet. \u00a1Gana entradas y cashback! -","description":"\u25b7 Participa en la Promo de Copa Davis en Rojabet \u2714\ufe0f Entradas dobles para Chile vs Per\u00fa + cashback \u2714\ufe0f Bono de bienvenida \u2714\ufe0f","robots":{"index":"index","follow":"follow","max-snippet":"max-snippet:-1","max-image-preview":"max-image-preview:large","max-video-preview":"max-video-preview:-1"},"canonical":"https:\/\/apuestasfree.com\/cl\/rojabet-promo-copa-davis\/","og_locale":"es_ES","og_type":"article","og_title":"Promo Copa Davis de Rojabet. \u00a1Gana entradas y cashback!","og_description":"\u25b7 Participa en la Promo de Copa Davis en Rojabet \u2714\ufe0f Entradas dobles para Chile vs Per\u00fa + cashback \u2714\ufe0f Bono de bienvenida \u2714\ufe0f","og_url":"https:\/\/apuestasfree.com\/cl\/rojabet-promo-copa-davis\/","og_site_name":"ApuestasFree","article_modified_time":"2024-02-01T22:56:33+00:00","og_image":[{"url":"https:\/\/apuestasfree.com\/wp-content\/uploads\/2024\/02\/rojabet-promocion-copa-davis-1024x388.jpg","type":"","width":"","height":""}],"twitter_card":"summary_large_image","twitter_misc":{"Tiempo estimado de lectura":"2 minutos"},"schema":{"@context":"https:\/\/schema.org","@graph":[{"@type":"WebPage","@id":"https:\/\/apuestasfree.com\/cl\/rojabet-promo-copa-davis\/","url":"https:\/\/apuestasfree.com\/cl\/rojabet-promo-copa-davis\/","name":"Promo Copa Davis de Rojabet. \u00a1Gana entradas y cashback! -","isPartOf":{"@id":"https:\/\/apuestasfree.com\/cl\/#website"},"primaryImageOfPage":{"@id":"https:\/\/apuestasfree.com\/cl\/rojabet-promo-copa-davis\/#primaryimage"},"image":{"@id":"https:\/\/apuestasfree.com\/cl\/rojabet-promo-copa-davis\/#primaryimage"},"thumbnailUrl":"https:\/\/apuestasfree.com\/wp-content\/uploads\/2024\/02\/rojabet-promocion-copa-davis-1024x388.jpg","datePublished":"2024-02-01T22:56:31+00:00","dateModified":"2024-02-01T22:56:33+00:00","description":"\u25b7 Participa en la Promo de Copa Davis en Rojabet \u2714\ufe0f Entradas dobles para Chile vs Per\u00fa + cashback \u2714\ufe0f Bono de bienvenida \u2714\ufe0f","breadcrumb":{"@id":"https:\/\/apuestasfree.com\/cl\/rojabet-promo-copa-davis\/#breadcrumb"},"inLanguage":"es-CL","potentialAction":[{"@type":"ReadAction","target":["https:\/\/apuestasfree.com\/cl\/rojabet-promo-copa-davis\/"]}]},{"@type":"ImageObject","inLanguage":"es-CL","@id":"https:\/\/apuestasfree.com\/cl\/rojabet-promo-copa-davis\/#primaryimage","url":"https:\/\/apuestasfree.com\/wp-content\/uploads\/2024\/02\/rojabet-promocion-copa-davis-1024x388.jpg","contentUrl":"https:\/\/apuestasfree.com\/wp-content\/uploads\/2024\/02\/rojabet-promocion-copa-davis-1024x388.jpg"},{"@type":"BreadcrumbList","@id":"https:\/\/apuestasfree.com\/cl\/rojabet-promo-copa-davis\/#breadcrumb","itemListElement":[{"@type":"ListItem","position":1,"name":"Inicio","item":"https:\/\/apuestasfree.com\/cl\/"},{"@type":"ListItem","position":2,"name":"Promo Copa Davis de Rojabet. \u00a1Gana entradas y cashback!"}]},{"@type":"WebSite","@id":"https:\/\/apuestasfree.com\/cl\/#website","url":"https:\/\/apuestasfree.com\/cl\/","name":"ApuestasFree","description":"","publisher":{"@id":"https:\/\/apuestasfree.com\/cl\/#organization"},"potentialAction":[{"@type":"SearchAction","target":{"@type":"EntryPoint","urlTemplate":"https:\/\/apuestasfree.com\/cl\/?s={search_term_string}"},"query-input":{"@type":"PropertyValueSpecification","valueRequired":true,"valueName":"search_term_string"}}],"inLanguage":"es-CL"},{"@type":"Organization","@id":"https:\/\/apuestasfree.com\/cl\/#organization","name":"ApuestasFree","url":"https:\/\/apuestasfree.com\/cl\/","logo":{"@type":"ImageObject","inLanguage":"es-CL","@id":"https:\/\/apuestasfree.com\/cl\/#\/schema\/logo\/image\/","url":"https:\/\/apuestasfree.com\/wp-content\/uploads\/2019\/06\/afree_logo.png","contentUrl":"https:\/\/apuestasfree.com\/wp-content\/uploads\/2019\/06\/afree_logo.png","width":106,"height":50,"caption":"ApuestasFree"},"image":{"@id":"https:\/\/apuestasfree.com\/cl\/#\/schema\/logo\/image\/"}}]}},"uagb_featured_image_src":{"full":false,"thumbnail":false,"medium":false,"medium_large":false,"large":false,"1536x1536":false,"2048x2048":false},"uagb_author_info":{"display_name":"Karen","author_link":"https:\/\/apuestasfree.com\/cl\/author\/karen\/"},"uagb_comment_info":0,"uagb_excerpt":"\u00bfQuieres vivir de cerca la emoci\u00f3n de Chile vs Per\u00fa? Entonces, participa en la Promo de Rojabet y consigue entradas dobles para la Copa Davis y cashback en todas tus apuestas. \u00a1Reg\u00edstrate ya! \u00bfEn qu\u00e9 consiste la Promo Copa Davis de Rojabet? \u00a1Hay cl\u00e1sico del Pac\u00edfico! Chile se medir\u00e1 con Per\u00fa por las Clasificatorias de&hellip;","_links":{"self":[{"href":"https:\/\/apuestasfree.com\/cl\/wp-json\/wp\/v2\/pages\/1603499","targetHints":{"allow":["GET"]}}],"collection":[{"href":"https:\/\/apuestasfree.com\/cl\/wp-json\/wp\/v2\/pages"}],"about":[{"href":"https:\/\/apuestasfree.com\/cl\/wp-json\/wp\/v2\/types\/page"}],"author":[{"embeddable":true,"href":"https:\/\/apuestasfree.com\/cl\/wp-json\/wp\/v2\/users\/33647"}],"replies":[{"embeddable":true,"href":"https:\/\/apuestasfree.com\/cl\/wp-json\/wp\/v2\/comments?post=1603499"}],"version-history":[{"count":1,"href":"https:\/\/apuestasfree.com\/cl\/wp-json\/wp\/v2\/pages\/1603499\/revisions"}],"predecessor-version":[{"id":1603635,"href":"https:\/\/apuestasfree.com\/cl\/wp-json\/wp\/v2\/pages\/1603499\/revisions\/1603635"}],"wp:attachment":[{"href":"https:\/\/apuestasfree.com\/cl\/wp-json\/wp\/v2\/media?parent=1603499"}],"curies":[{"name":"wp","href":"https:\/\/api.w.org\/{rel}","templated":true}]}}