{"id":149157,"date":"2019-11-19T17:04:07","date_gmt":"2019-11-19T16:04:07","guid":{"rendered":"https:\/\/apuestasfree.com\/?page_id=149157"},"modified":"2025-01-06T19:44:24","modified_gmt":"2025-01-06T18:44:24","slug":"bet365","status":"publish","type":"page","link":"https:\/\/apuestasfree.com\/cl\/bet365\/","title":{"rendered":"Bet365 &#8211; Actualizado en April del 2026"},"content":{"rendered":"\n<h2 class=\"wp-block-heading\">Bono de Bienvenida de Deportes de Bet365<\/h2>\n\n\n\n<p>Abra una cuenta en Bet365 hoy y apueste en una amplia gama de mercados con la marca de apuestas deportivas en l\u00ednea favorita en el mundo.<\/p>\n\n\n\n<p>Por otro lado, recuerda que es imprescindible registrarse en la plataforma para poder participar en sus eventos y acceder a sus promociones. A continuaci\u00f3n, te dejamos un enlace a nuestro art\u00edculo donde te explicamos <a href=\"https:\/\/apuestasfree.com\/cl\/bono-bet365-apuestas-deportivas\/como-registrarse-en-bet365\/\">c\u00f3mo registrarse en Bet365.<\/a><\/p>\n\n\n\n<a href=\"https:\/\/imstore.bet365affiliates.com\/Tracker.aspx?AffiliateId=81667&#038;AffiliateCode=365_699855&#038;CID=194&#038;DID=350&#038;TID=1&#038;PID=149&#038;LNG=3\" target=\"_blank\" rel=\"sponsored\"><img decoding=\"async\" src=\"https:\/\/imstore.bet365affiliates.com\/?AffiliateCode=365_699855&#038;CID=194&#038;DID=350&#038;TID=1&#038;PID=149&#038;LNG=3\" border=\"0\" alt=\"bet365\" \/><\/a>\n\n\n\n<h3 class=\"wp-block-heading\"><strong>Bono Bet365 Combinadas de F\u00fatbol<\/strong><\/h3>\n\n\n\n<span id='tag20230213095703'><\/span><script type=\"text\/javascript\" src='https:\/\/imstore.bet365affiliates.com\/PopulateText.aspx?AffiliateId=81667&#038;AffiliateCode=365_699855&#038;TagName=tag20230213095703&#038;CID=358&#038;PID=149&#038;LNG=3&#038;NewWindow=Y&#038;Mask=N'><\/script><script type=\"text\/javascript\">document.getElementById('tag20230213095703').innerHTML = returnText_tag20230213095703();<\/script>\n\n\n\n<h3 class=\"wp-block-heading\"><strong>Bono Bet365 Devoluci\u00f3n de Empate a 0<\/strong><\/h3>\n\n\n\n<span id='tag20230213100242'><\/span><script type=\"text\/javascript\" src='https:\/\/imstore.bet365affiliates.com\/PopulateText.aspx?AffiliateId=81667&#038;AffiliateCode=365_699855&#038;TagName=tag20230213100242&#038;CID=361&#038;PID=149&#038;LNG=3&#038;NewWindow=Y&#038;Mask=N'><\/script><script type=\"text\/javascript\">document.getElementById('tag20230213100242').innerHTML = returnText_tag20230213100242();<\/script>\n\n\n\n<h3 class=\"wp-block-heading\"><strong>Bono Bet365 Chile &#8211; Combinadas de Deportes Americanos<\/strong><\/h3>\n\n\n\n<span id='tag20230213095703'><\/span><script type=\"text\/javascript\" src='https:\/\/imstore.bet365affiliates.com\/PopulateText.aspx?AffiliateId=81667&#038;AffiliateCode=365_699855&#038;TagName=tag20230213095703&#038;CID=358&#038;PID=149&#038;LNG=3&#038;NewWindow=Y&#038;Mask=N'><\/script><script type=\"text\/javascript\">document.getElementById('tag20230213095703').innerHTML = returnText_tag20230213095703();<\/script>\n\n\n\n\n<h2 class=\"wp-block-heading\">Otras Ofertas y Servicios de Bet365 en Chile<\/h2>\n\n\n\n<h3 class=\"wp-block-heading\"><strong>Im\u00e1genes en Directo<\/strong><\/h3>\n\n\n\n<p>Para darle m\u00e1s emoci\u00f3n a las apuestas en directo,&nbsp;Bet365&nbsp;retransmite m\u00e1s de 140,000 eventos en vivo cada a\u00f1o en su ordenador; as\u00ed puede apostar mientras se desarrolla la acci\u00f3n. Entre estos eventos destacan los torneos Masters Series de tenis y encuentros de algunas de las mejores ligas nacionales de f\u00fatbol. Para utilizar el servicio de &#8216;Im\u00e1genes en directo&#8217; deber\u00e1 iniciar sesi\u00f3n y tener fondos en la cuenta o haber realizado una apuesta en las \u00faltimas 24 horas. Cualquier encuentro\/evento en nuestra p\u00e1gina web que tenga un icono de &#8216;Reproducir&#8217; o &#8216;V\u00eddeo&#8217; al lado est\u00e1 programado para aparecer en nuestras &#8216;Im\u00e1genes en directo&#8217;.<\/p>\n\n\n\n<h3 class=\"wp-block-heading\"><strong>Posiciones limitadas para apuestas a G\/C del mercado &#8216;1\u00ba goleador&#8217; en Bet365<\/strong><\/h3>\n\n\n\n<p>Realice una apuesta al 1\u00ba goleador G\/C en cualquier partido de&nbsp;bet365&nbsp;y le aseguramos que si su jugador marca un gol en cualquier momento del partido,&nbsp;bet365&nbsp;pagaremos.<\/p>\n\n\n\n<p>Las apuestas a G\/C se determinar\u00e1n a 1\/3 de las cuotas a posiciones ilimitadas, durante los 90 min de juego.<\/p>\n\n\n\n<p>Se aplican las condiciones.<\/p>\n\n\n\n<h3 class=\"wp-block-heading\"><strong>Mejores Precios Garantizados para las apuestas de carreras de caballos<\/strong><\/h3>\n\n\n\n<p>\u00a1La oferta &#8216;Mejores precios garantizados&#8217;&nbsp;bet365&nbsp;para todas las carreras de caballos a diario!<\/p>\n\n\n\n<p>Al realizar una apuesta con nosotros, compare la cuota de su selecci\u00f3n, y si la cuota de salida (SP) es m\u00e1s alta, \u00a1le pagaremos la cuota m\u00e1s alta! La oferta no se aplica a apuestas anticipadas (ante-post), &#8216;Tote\/Pai-mutuel&#8217; (apuestas y dividendos), apuestas a &#8216;No gana&#8217;, apuestas al ganador mejoradas, apuestas con seguro y apuestas en directo no se aplicar\u00e1n a esta oferta.<\/p>\n\n\n\n<p>La oferta incluye apuestas a &#8216;Board Prices&#8217; (BP), precios tempranos de&nbsp;bet365&nbsp;(EP), sencillas, m\u00faltiples y Showcast en todas las carreras en las que se ofrezca una cuota fija. La oferta solo se aplica a todas las apuestas realizadas a &#8216;Ganador&#8217; y &#8216;Ganador y colocado&#8217; en los mercados de cuotas fijas y en los mercados de t\u00e9rminos de colocado mejorados. El resto de mercados, incluidas las apuestas anticipadas (ante-post [a menos de que se especifique lo contrario]) y Tote\/Pari-Mutuel (apuestas y dividendos), est\u00e1n excluidos de esta oferta, al igual que todas las carreras en Australia, Nueva Zeldanda, Jap\u00f3n, Corea del Sur, Singapur y Hong Kong est\u00e1n excluidas.<\/p>\n\n\n\n<p>Por ejemplo, si toma un precio temprano a 4.0 y su selecci\u00f3n gana a 5.0, \u00a1le pagaremos a 5.0!<\/p>\n\n\n\n<p>Se aplican las condiciones. Solo disponible para clientes nuevos y elegibles.<\/p>\n\n\n\n<h3 class=\"wp-block-heading\"><strong>\u00a1Vea &#8216;At The Races&#8217; y &#8216;Racing TV&#8217; en EN DIRECTO!<\/strong><\/h3>\n\n\n\n<div class=\"textSection\">\n<p>Vea CADA carrera del Reino Unido e Irlanda en directo con bet365. No se perder\u00e1 ni un segundo de la acci\u00f3n (sin cuota de subscripci\u00f3n), solo tendr\u00e1 que realizar una apuesta de un m\u00ednimo de 0.50\u20ac al ganador \u00f3 0,25\u20ac a ganador y colocado (o divisa equivalente) con sus selecci\u00f3n\/es y disfrute de la carrera por cortes\u00eda de bet365. \u00a1Y eso no es todo! bet365 acaba de lanzar un servicio de archivo &#8216;At The Races&#8217;, lo que significa que desde ahora podr\u00e1 ver la repetici\u00f3n de cualquier carrera ATR.<\/p>\n<\/div>\n\n\n\n<h3 class=\"wp-block-heading imgSection\"><strong>Mejores Cuotas en carreras de galgos<\/strong><\/h3>\n\n\n\n<p>\u00a1La oferta &#8216;Mejores precios garantizados&#8217;&nbsp;bet365&nbsp;para todas las carreras de galgos a diario!<\/p>\n\n\n\n<p>Al realizar una apuesta con nosotros, compare la cuota de su selecci\u00f3n, y si la cuota de salida (SP) es m\u00e1s alta, \u00a1le pagaremos la cuota m\u00e1s alta! La oferta no se aplica a apuestas anticipadas (ante-post), &#8216;Tote\/Pai-mutuel&#8217; (apuestas y dividendos), apuestas a &#8216;No gana&#8217;, apuestas al ganador mejoradas, apuestas con seguro y apuestas en directo no se aplicar\u00e1n a esta oferta.<\/p>\n\n\n\n<p>La oferta incluye apuestas a &#8216;Board Prices&#8217; (BP), precios tempranos de&nbsp;bet365&nbsp;(EP), sencillas, m\u00faltiples y Showcast en todas las carreras en las que se ofrezca una cuota fija. La oferta solo se aplica a todas las apuestas realizadas a &#8216;Ganador&#8217; y &#8216;Ganador y colocado&#8217; en los mercados de &#8216;Cuotas fijas&#8217;. El resto de mercados, incluidos t\u00e9rminos de colocado ajustados (G\/C &#8211; Extra), apuestas anticipadas (a menos de que se especifique lo contrario) y Tote\/Pari-Mutuel (apuestas y dividendos), est\u00e1n excluidos de esta oferta. Todas las carreras de Australasia quedan excluidas.<\/p>\n\n\n\n<p>Por ejemplo, si toma un precio temprano a 4.0 y su selecci\u00f3n gana a 5.0, \u00a1le pagaremos a 5.0!<\/p>\n\n\n\n<p>Se aplican las condiciones. Solo disponible para clientes nuevos y elegibles.<\/p>\n\n\n\n<h3 class=\"wp-block-heading\"><strong>Bet365.com Resultado Final &#8211; Cuotas Mejoradas &#8211; Gana m\u00e1s con Bet365 Chile<\/strong><\/h3>\n\n\n\n<p class=\"has-text-align-center\">Resultado final &#8211; Cuotas mejoradas&#8217; le da la oportunidad de conseguir una cuota mejorada para el mercado &#8216;Resultado final&#8217; en encuentros seleccionados de la Champions League, la Europa League y las principales competiciones de Inglaterra en&nbsp;bet365.<\/p>\n\n\n\n<p>Las &#8216;Cuotas mejoradas&#8217; se pueden encontrar seleccionando la pesta\u00f1a &#8216;Cambiar mercado&#8217; dentro de la secci\u00f3n de f\u00fatbol o debajo del mercado &#8216;Resultado final&#8217; est\u00e1ndar al visualizar mercados para un encuentro en concreto. Las apuestas realizadas al mercado &#8216;Resultado final &#8211; Cuotas mejoradas&#8217; no cuentan para nuestras ofertas de &#8216;Combinadas de f\u00fatbol&#8217; u &#8216;Oferta de pago anticipado &#8211; 2 goles de ventaja&#8217;, sin embargo s\u00ed contar\u00e1n las apuestas realizadas al mercado &#8216;Resultado final&#8217; est\u00e1ndar.<\/p>\n\n\n\n<p>Se aplican las condiciones.<\/p>\n\n\n\n<p class=\"has-text-align-center\">Puedes Consultar m\u00e1s Bonos y otras casas de Apuestas de Chile en nuestro <a href=\"https:\/\/apuestasfree.com\/cl\/\"><strong>top de mejores casas de apuestas de Chile<\/strong><\/a>.<\/p>\n\n\n","protected":false},"excerpt":{"rendered":"<p>Bono de Bienvenida de Deportes de Bet365 Abra una cuenta en Bet365 hoy y apueste en una amplia gama de mercados con la marca de apuestas deportivas en l\u00ednea favorita en el mundo. Por otro lado, recuerda que es imprescindible registrarse en la plataforma para poder participar en sus eventos y acceder a sus promociones. &#8230; <a title=\"Bet365 &#8211; Actualizado en April del 2026\" class=\"read-more\" href=\"https:\/\/apuestasfree.com\/cl\/bet365\/\" aria-label=\"Leer m\u00e1s sobre Bet365 &#8211; Actualizado en April del 2026\">Leer m\u00e1s<\/a><\/p>\n","protected":false},"author":15,"featured_media":0,"parent":0,"menu_order":0,"comment_status":"closed","ping_status":"closed","template":"","meta":{"_uag_custom_page_level_css":"","footnotes":""},"class_list":["post-149157","page","type-page","status-publish"],"yoast_head":"<!-- This site is optimized with the Yoast SEO Premium plugin v27.1 (Yoast SEO v27.4) - https:\/\/yoast.com\/product\/yoast-seo-premium-wordpress\/ -->\n<title>Bet365 - Actualizado en April del 2026 -<\/title>\n<meta name=\"description\" content=\"Abra una cuenta en Bet365 hoy y apueste en una amplia gama de mercados con la marca de apuestas deportivas en l\u00ednea favorita en el mundo.\" \/>\n<meta name=\"robots\" content=\"index, follow, max-snippet:-1, max-image-preview:large, max-video-preview:-1\" \/>\n<link rel=\"canonical\" href=\"https:\/\/apuestasfree.com\/cl\/bet365\/\" \/>\n<meta property=\"og:locale\" content=\"es_ES\" \/>\n<meta property=\"og:type\" content=\"article\" \/>\n<meta property=\"og:title\" content=\"Bet365 - Actualizado en %month% del %year%\" \/>\n<meta property=\"og:description\" content=\"Abra una cuenta en Bet365 hoy y apueste en una amplia gama de mercados con la marca de apuestas deportivas en l\u00ednea favorita en el mundo.\" \/>\n<meta property=\"og:url\" content=\"https:\/\/apuestasfree.com\/cl\/bet365\/\" \/>\n<meta property=\"og:site_name\" content=\"ApuestasFree\" \/>\n<meta property=\"article:modified_time\" content=\"2025-01-06T18:44:24+00:00\" \/>\n<meta property=\"og:image\" content=\"https:\/\/imstore.bet365affiliates.com\/?AffiliateCode=365_699855&CID=194&DID=350&TID=1&PID=149&LNG=3\" \/>\n<meta name=\"twitter:card\" content=\"summary_large_image\" \/>\n<meta name=\"twitter:label1\" content=\"Tiempo estimado de lectura\" \/>\n\t<meta name=\"twitter:data1\" content=\"5 minutos\" \/>\n<script type=\"application\/ld+json\" class=\"yoast-schema-graph\">{\"@context\":\"https:\\\/\\\/schema.org\",\"@graph\":[{\"@type\":\"WebPage\",\"@id\":\"https:\\\/\\\/apuestasfree.com\\\/cl\\\/bet365\\\/\",\"url\":\"https:\\\/\\\/apuestasfree.com\\\/cl\\\/bet365\\\/\",\"name\":\"Bet365 - Actualizado en %month% del %year% -\",\"isPartOf\":{\"@id\":\"https:\\\/\\\/apuestasfree.com\\\/cl\\\/#website\"},\"primaryImageOfPage\":{\"@id\":\"https:\\\/\\\/apuestasfree.com\\\/cl\\\/bet365\\\/#primaryimage\"},\"image\":{\"@id\":\"https:\\\/\\\/apuestasfree.com\\\/cl\\\/bet365\\\/#primaryimage\"},\"thumbnailUrl\":\"https:\\\/\\\/imstore.bet365affiliates.com\\\/?AffiliateCode=365_699855&CID=194&DID=350&TID=1&PID=149&LNG=3\",\"datePublished\":\"2019-11-19T16:04:07+00:00\",\"dateModified\":\"2025-01-06T18:44:24+00:00\",\"description\":\"Abra una cuenta en Bet365 hoy y apueste en una amplia gama de mercados con la marca de apuestas deportivas en l\u00ednea favorita en el mundo.\",\"breadcrumb\":{\"@id\":\"https:\\\/\\\/apuestasfree.com\\\/cl\\\/bet365\\\/#breadcrumb\"},\"inLanguage\":\"es-CL\",\"potentialAction\":[{\"@type\":\"ReadAction\",\"target\":[\"https:\\\/\\\/apuestasfree.com\\\/cl\\\/bet365\\\/\"]}]},{\"@type\":\"ImageObject\",\"inLanguage\":\"es-CL\",\"@id\":\"https:\\\/\\\/apuestasfree.com\\\/cl\\\/bet365\\\/#primaryimage\",\"url\":\"https:\\\/\\\/imstore.bet365affiliates.com\\\/?AffiliateCode=365_699855&CID=194&DID=350&TID=1&PID=149&LNG=3\",\"contentUrl\":\"https:\\\/\\\/imstore.bet365affiliates.com\\\/?AffiliateCode=365_699855&CID=194&DID=350&TID=1&PID=149&LNG=3\"},{\"@type\":\"BreadcrumbList\",\"@id\":\"https:\\\/\\\/apuestasfree.com\\\/cl\\\/bet365\\\/#breadcrumb\",\"itemListElement\":[{\"@type\":\"ListItem\",\"position\":1,\"name\":\"Inicio\",\"item\":\"https:\\\/\\\/apuestasfree.com\\\/cl\\\/\"},{\"@type\":\"ListItem\",\"position\":2,\"name\":\"Bet365 &#8211; Actualizado en January del 2025\"}]},{\"@type\":\"WebSite\",\"@id\":\"https:\\\/\\\/apuestasfree.com\\\/cl\\\/#website\",\"url\":\"https:\\\/\\\/apuestasfree.com\\\/cl\\\/\",\"name\":\"ApuestasFree\",\"description\":\"\",\"publisher\":{\"@id\":\"https:\\\/\\\/apuestasfree.com\\\/cl\\\/#organization\"},\"potentialAction\":[{\"@type\":\"SearchAction\",\"target\":{\"@type\":\"EntryPoint\",\"urlTemplate\":\"https:\\\/\\\/apuestasfree.com\\\/cl\\\/?s={search_term_string}\"},\"query-input\":{\"@type\":\"PropertyValueSpecification\",\"valueRequired\":true,\"valueName\":\"search_term_string\"}}],\"inLanguage\":\"es-CL\"},{\"@type\":\"Organization\",\"@id\":\"https:\\\/\\\/apuestasfree.com\\\/cl\\\/#organization\",\"name\":\"ApuestasFree\",\"url\":\"https:\\\/\\\/apuestasfree.com\\\/cl\\\/\",\"logo\":{\"@type\":\"ImageObject\",\"inLanguage\":\"es-CL\",\"@id\":\"https:\\\/\\\/apuestasfree.com\\\/cl\\\/#\\\/schema\\\/logo\\\/image\\\/\",\"url\":\"https:\\\/\\\/apuestasfree.com\\\/wp-content\\\/uploads\\\/2019\\\/06\\\/afree_logo.png\",\"contentUrl\":\"https:\\\/\\\/apuestasfree.com\\\/wp-content\\\/uploads\\\/2019\\\/06\\\/afree_logo.png\",\"width\":106,\"height\":50,\"caption\":\"ApuestasFree\"},\"image\":{\"@id\":\"https:\\\/\\\/apuestasfree.com\\\/cl\\\/#\\\/schema\\\/logo\\\/image\\\/\"}}]}<\/script>\n<!-- \/ Yoast SEO Premium plugin. -->","yoast_head_json":{"title":"Bet365 - Actualizado en April del 2026 -","description":"Abra una cuenta en Bet365 hoy y apueste en una amplia gama de mercados con la marca de apuestas deportivas en l\u00ednea favorita en el mundo.","robots":{"index":"index","follow":"follow","max-snippet":"max-snippet:-1","max-image-preview":"max-image-preview:large","max-video-preview":"max-video-preview:-1"},"canonical":"https:\/\/apuestasfree.com\/cl\/bet365\/","og_locale":"es_ES","og_type":"article","og_title":"Bet365 - Actualizado en %month% del %year%","og_description":"Abra una cuenta en Bet365 hoy y apueste en una amplia gama de mercados con la marca de apuestas deportivas en l\u00ednea favorita en el mundo.","og_url":"https:\/\/apuestasfree.com\/cl\/bet365\/","og_site_name":"ApuestasFree","article_modified_time":"2025-01-06T18:44:24+00:00","og_image":[{"url":"https:\/\/imstore.bet365affiliates.com\/?AffiliateCode=365_699855&CID=194&DID=350&TID=1&PID=149&LNG=3","type":"","width":"","height":""}],"twitter_card":"summary_large_image","twitter_misc":{"Tiempo estimado de lectura":"5 minutos"},"schema":{"@context":"https:\/\/schema.org","@graph":[{"@type":"WebPage","@id":"https:\/\/apuestasfree.com\/cl\/bet365\/","url":"https:\/\/apuestasfree.com\/cl\/bet365\/","name":"Bet365 - Actualizado en %month% del %year% -","isPartOf":{"@id":"https:\/\/apuestasfree.com\/cl\/#website"},"primaryImageOfPage":{"@id":"https:\/\/apuestasfree.com\/cl\/bet365\/#primaryimage"},"image":{"@id":"https:\/\/apuestasfree.com\/cl\/bet365\/#primaryimage"},"thumbnailUrl":"https:\/\/imstore.bet365affiliates.com\/?AffiliateCode=365_699855&CID=194&DID=350&TID=1&PID=149&LNG=3","datePublished":"2019-11-19T16:04:07+00:00","dateModified":"2025-01-06T18:44:24+00:00","description":"Abra una cuenta en Bet365 hoy y apueste en una amplia gama de mercados con la marca de apuestas deportivas en l\u00ednea favorita en el mundo.","breadcrumb":{"@id":"https:\/\/apuestasfree.com\/cl\/bet365\/#breadcrumb"},"inLanguage":"es-CL","potentialAction":[{"@type":"ReadAction","target":["https:\/\/apuestasfree.com\/cl\/bet365\/"]}]},{"@type":"ImageObject","inLanguage":"es-CL","@id":"https:\/\/apuestasfree.com\/cl\/bet365\/#primaryimage","url":"https:\/\/imstore.bet365affiliates.com\/?AffiliateCode=365_699855&CID=194&DID=350&TID=1&PID=149&LNG=3","contentUrl":"https:\/\/imstore.bet365affiliates.com\/?AffiliateCode=365_699855&CID=194&DID=350&TID=1&PID=149&LNG=3"},{"@type":"BreadcrumbList","@id":"https:\/\/apuestasfree.com\/cl\/bet365\/#breadcrumb","itemListElement":[{"@type":"ListItem","position":1,"name":"Inicio","item":"https:\/\/apuestasfree.com\/cl\/"},{"@type":"ListItem","position":2,"name":"Bet365 &#8211; Actualizado en January del 2025"}]},{"@type":"WebSite","@id":"https:\/\/apuestasfree.com\/cl\/#website","url":"https:\/\/apuestasfree.com\/cl\/","name":"ApuestasFree","description":"","publisher":{"@id":"https:\/\/apuestasfree.com\/cl\/#organization"},"potentialAction":[{"@type":"SearchAction","target":{"@type":"EntryPoint","urlTemplate":"https:\/\/apuestasfree.com\/cl\/?s={search_term_string}"},"query-input":{"@type":"PropertyValueSpecification","valueRequired":true,"valueName":"search_term_string"}}],"inLanguage":"es-CL"},{"@type":"Organization","@id":"https:\/\/apuestasfree.com\/cl\/#organization","name":"ApuestasFree","url":"https:\/\/apuestasfree.com\/cl\/","logo":{"@type":"ImageObject","inLanguage":"es-CL","@id":"https:\/\/apuestasfree.com\/cl\/#\/schema\/logo\/image\/","url":"https:\/\/apuestasfree.com\/wp-content\/uploads\/2019\/06\/afree_logo.png","contentUrl":"https:\/\/apuestasfree.com\/wp-content\/uploads\/2019\/06\/afree_logo.png","width":106,"height":50,"caption":"ApuestasFree"},"image":{"@id":"https:\/\/apuestasfree.com\/cl\/#\/schema\/logo\/image\/"}}]}},"uagb_featured_image_src":{"full":false,"thumbnail":false,"medium":false,"medium_large":false,"large":false,"1536x1536":false,"2048x2048":false},"uagb_author_info":{"display_name":"edu","author_link":"https:\/\/apuestasfree.com\/cl\/author\/edu\/"},"uagb_comment_info":0,"uagb_excerpt":"Bono de Bienvenida de Deportes de Bet365 Abra una cuenta en Bet365 hoy y apueste en una amplia gama de mercados con la marca de apuestas deportivas en l\u00ednea favorita en el mundo. Por otro lado, recuerda que es imprescindible registrarse en la plataforma para poder participar en sus eventos y acceder a sus promociones.&hellip;","_links":{"self":[{"href":"https:\/\/apuestasfree.com\/cl\/wp-json\/wp\/v2\/pages\/149157","targetHints":{"allow":["GET"]}}],"collection":[{"href":"https:\/\/apuestasfree.com\/cl\/wp-json\/wp\/v2\/pages"}],"about":[{"href":"https:\/\/apuestasfree.com\/cl\/wp-json\/wp\/v2\/types\/page"}],"author":[{"embeddable":true,"href":"https:\/\/apuestasfree.com\/cl\/wp-json\/wp\/v2\/users\/15"}],"replies":[{"embeddable":true,"href":"https:\/\/apuestasfree.com\/cl\/wp-json\/wp\/v2\/comments?post=149157"}],"version-history":[{"count":3,"href":"https:\/\/apuestasfree.com\/cl\/wp-json\/wp\/v2\/pages\/149157\/revisions"}],"predecessor-version":[{"id":1859658,"href":"https:\/\/apuestasfree.com\/cl\/wp-json\/wp\/v2\/pages\/149157\/revisions\/1859658"}],"wp:attachment":[{"href":"https:\/\/apuestasfree.com\/cl\/wp-json\/wp\/v2\/media?parent=149157"}],"curies":[{"name":"wp","href":"https:\/\/api.w.org\/{rel}","templated":true}]}}