{"id":706437,"date":"2022-03-17T16:03:41","date_gmt":"2022-03-17T15:03:41","guid":{"rendered":"https:\/\/apuestasfree.com\/?page_id=706437"},"modified":"2024-05-08T15:40:49","modified_gmt":"2024-05-08T13:40:49","slug":"codere-promocion-multideporte-combinadas","status":"publish","type":"page","link":"https:\/\/apuestasfree.com\/arg\/codere-promocion-multideporte-combinadas\/","title":{"rendered":"Codere promocion Multideporte \u00a1Hac\u00e9 tus combinadas en f\u00fatbol!"},"content":{"rendered":"\n<p>Apost\u00e1 tus combinadas con la promocion multideporte de Codere en f\u00fatbol! Registrate hoy mismo y recib\u00ed hasta $200.000 extra para apostar. <a href=\"https:\/\/recor.to\/coderearg\" rel=\"nofollow noopener sponsored\">Ingres\u00e1 a Codere! <\/a><\/p>\n\n\n\n<figure class=\"wp-block-image size-full\"><a href=\"https:\/\/recor.to\/coderearg\" rel=\"nofollow noopener sponsored\"><img fetchpriority=\"high\" decoding=\"async\" width=\"960\" height=\"274\" src=\"https:\/\/apuestasfree.com\/wp-content\/uploads\/2022\/03\/codere-promocion-multideporte.jpg\" alt=\"codere promocion multideporte\" class=\"wp-image-706440\" srcset=\"https:\/\/apuestasfree.com\/wp-content\/uploads\/2022\/03\/codere-promocion-multideporte.jpg 960w, https:\/\/apuestasfree.com\/wp-content\/uploads\/2022\/03\/codere-promocion-multideporte-300x86.jpg 300w, https:\/\/apuestasfree.com\/wp-content\/uploads\/2022\/03\/codere-promocion-multideporte-768x219.jpg 768w\" sizes=\"(max-width: 960px) 100vw, 960px\" \/><\/a><\/figure>\n\n\n\n<p><\/p>\n\n\n\n<h2 class=\"wp-block-heading\" id=\"h-promocion-multideporte-en-codere-recibi-500-en-freebets\">Promocion Multideporte en Codere, recib\u00ed $500 en Freebets!<\/h2>\n\n\n\n<p>En <strong>Codere tu tercera combinada en f\u00fatbol que resulte perdedora te dar\u00e1 $500 en freebets! <\/strong>Con la <strong>Promocion Multideporte <\/strong>de Codere Argentina vas a recibir apuestas gratuitas como consuelo por tus combinadas fallidas, \u00a1comenz\u00e1 a apostar ahora! <\/p>\n\n\n\n<p>Lo \u00fanico que tenes que hacer es registrarte en el sitio y hacer tus apuestas combinadas en f\u00fatbol de al menos <strong>$500 ARS.<\/strong> Tus apuestas tienen que ser de <strong>al menos 4 l\u00edneas, y con cuota m\u00ednima de 3.<\/strong> Cada tres combinadas que fallen durante la oferta, recib\u00eds tu <strong>apuesta gratis por el valor de $500! <\/strong><\/p>\n\n\n\n<p>Record\u00e1 que la oferta aplicar\u00e1 \u00fanicamente para apuestas finalizadas, que no hayan sido realizadas con freebets ni cuotas especiales. No te duermas! <strong>Tenes hasta el 20 de marzo del 2022 para participar. <\/strong>\u00a1Hac\u00e9 tus apuestas en Codere! <\/p>\n\n\n\n<p><em><a href=\"https:\/\/apuestasfree.com\/arg\/codere-como-ingresar-dinero-ciudad-buenos-aires\/\">Aprende c\u00f3mo depositar en Codere<\/a><\/em><\/p>\n\n\n\n<h2 class=\"wp-block-heading\" id=\"h-bono-de-bienvenida-en-codere-hasta-200-000-extra-para-apuestas\"><strong>Bono de Bienvenida en Codere, \u00a1hasta $200.000 extra para apuestas!\u00a0<\/strong><\/h2>\n\n\n\n<p>Si todav\u00eda no est\u00e1s registrado en Codere, \u00a1no esperes m\u00e1s! Con el Bono de Bienvenida para apuestas deportivas, recibir\u00e1s una bonificaci\u00f3n de saldo extra con tu primer dep\u00f3sito en el sitio. \u00a1Es muy sencillo! <strong>Abre tu cuenta, haz tu primer dep\u00f3sito, y duplicalo hasta $200.000 ARS extra para tu juego.<\/strong> Deposita al menos $1.000 para obtener tu bono. Conoce m\u00e1s sobre la oferta en: <a href=\"https:\/\/apuestasfree.com\/arg\/codere-bono-apuestas-deportivas-ciudad-buenos-aires\/\">Bono para Apuestas de Codere.<\/a><\/p>\n\n\n\n<div class=\"wp-block-buttons is-content-justification-center is-layout-flex wp-container-core-buttons-is-layout-16018d1d wp-block-buttons-is-layout-flex\">\n<div class=\"wp-block-button\"><a class=\"wp-block-button__link wp-element-button\" href=\"https:\/\/recor.to\/coderearg\" rel=\"nofollow noopener sponsored\">\u00a1Ped\u00ed tu Bono!<\/a><\/div>\n<\/div>\n\n\n\n<p><strong>T\u00e9rminos y Condiciones generales:&nbsp;<\/strong><\/p>\n\n\n\n<ul class=\"wp-block-list\">\n<li>Oferta exclusiva para usuarios residentes de la Ciudad Aut\u00f3noma de Buenos Aires<\/li>\n\n\n\n<li>El usuario debe apostar el 100% de la cantidad depositada en eventos deportivos con cuota m\u00ednima de 2.50<\/li>\n\n\n\n<li>Solo contabilizan para el cumplimiento las apuestas resueltas<\/li>\n\n\n\n<li>No contabilizan a la oferta las apuestas canceladas, cerradas, con freebets o apuestas de sistema<\/li>\n<\/ul>\n","protected":false},"excerpt":{"rendered":"<p>Apost\u00e1 tus combinadas con la promocion multideporte de Codere en f\u00fatbol! Registrate hoy mismo y recib\u00ed hasta $200.000 extra para apostar. Ingres\u00e1 a Codere! Promocion Multideporte en Codere, recib\u00ed $500 en Freebets! En Codere tu tercera combinada en f\u00fatbol que resulte perdedora te dar\u00e1 $500 en freebets! Con la Promocion Multideporte de Codere Argentina vas &#8230; <a title=\"Codere promocion Multideporte \u00a1Hac\u00e9 tus combinadas en f\u00fatbol!\" class=\"read-more\" href=\"https:\/\/apuestasfree.com\/arg\/codere-promocion-multideporte-combinadas\/\" aria-label=\"Leer m\u00e1s sobre Codere promocion Multideporte \u00a1Hac\u00e9 tus combinadas en f\u00fatbol!\">Leer m\u00e1s<\/a><\/p>\n","protected":false},"author":33363,"featured_media":0,"parent":0,"menu_order":0,"comment_status":"closed","ping_status":"closed","template":"","meta":{"_uag_custom_page_level_css":"","footnotes":""},"class_list":["post-706437","page","type-page","status-publish"],"yoast_head":"<!-- This site is optimized with the Yoast SEO Premium plugin v27.1 (Yoast SEO v27.5) - https:\/\/yoast.com\/product\/yoast-seo-premium-wordpress\/ -->\n<title>Codere promocion Multideporte \u00a1Hac\u00e9 tus combinadas en f\u00fatbol! -<\/title>\n<meta name=\"description\" content=\"Apost\u00e1 tus combinadas con la promocion multideporte de Codere en f\u00fatbol! Registrate hoy mismo y recib\u00ed hasta $200.000 extra para apostar.\" \/>\n<meta name=\"robots\" content=\"index, follow, max-snippet:-1, max-image-preview:large, max-video-preview:-1\" \/>\n<link rel=\"canonical\" href=\"https:\/\/apuestasfree.com\/arg\/codere-promocion-multideporte-combinadas\/\" \/>\n<meta property=\"og:locale\" content=\"es_ES\" \/>\n<meta property=\"og:type\" content=\"article\" \/>\n<meta property=\"og:title\" content=\"Codere promocion Multideporte \u00a1Hac\u00e9 tus combinadas en f\u00fatbol!\" \/>\n<meta property=\"og:description\" content=\"Apost\u00e1 tus combinadas con la promocion multideporte de Codere en f\u00fatbol! Registrate hoy mismo y recib\u00ed hasta $200.000 extra para apostar.\" \/>\n<meta property=\"og:url\" content=\"https:\/\/apuestasfree.com\/arg\/codere-promocion-multideporte-combinadas\/\" \/>\n<meta property=\"og:site_name\" content=\"ApuestasFree\" \/>\n<meta property=\"article:modified_time\" content=\"2024-05-08T13:40:49+00:00\" \/>\n<meta property=\"og:image\" content=\"https:\/\/apuestasfree.com\/wp-content\/uploads\/2022\/03\/codere-promocion-multideporte.jpg\" \/>\n<meta name=\"twitter:card\" content=\"summary_large_image\" \/>\n<meta name=\"twitter:label1\" content=\"Tiempo de lectura\" \/>\n\t<meta name=\"twitter:data1\" content=\"2 minutos\" \/>\n<script type=\"application\/ld+json\" class=\"yoast-schema-graph\">{\"@context\":\"https:\\\/\\\/schema.org\",\"@graph\":[{\"@type\":\"WebPage\",\"@id\":\"https:\\\/\\\/apuestasfree.com\\\/arg\\\/codere-promocion-multideporte-combinadas\\\/\",\"url\":\"https:\\\/\\\/apuestasfree.com\\\/arg\\\/codere-promocion-multideporte-combinadas\\\/\",\"name\":\"Codere promocion Multideporte \u00a1Hac\u00e9 tus combinadas en f\u00fatbol! -\",\"isPartOf\":{\"@id\":\"https:\\\/\\\/apuestasfree.com\\\/arg\\\/#website\"},\"primaryImageOfPage\":{\"@id\":\"https:\\\/\\\/apuestasfree.com\\\/arg\\\/codere-promocion-multideporte-combinadas\\\/#primaryimage\"},\"image\":{\"@id\":\"https:\\\/\\\/apuestasfree.com\\\/arg\\\/codere-promocion-multideporte-combinadas\\\/#primaryimage\"},\"thumbnailUrl\":\"https:\\\/\\\/apuestasfree.com\\\/wp-content\\\/uploads\\\/2022\\\/03\\\/codere-promocion-multideporte.jpg\",\"datePublished\":\"2022-03-17T15:03:41+00:00\",\"dateModified\":\"2024-05-08T13:40:49+00:00\",\"description\":\"Apost\u00e1 tus combinadas con la promocion multideporte de Codere en f\u00fatbol! Registrate hoy mismo y recib\u00ed hasta $200.000 extra para apostar.\",\"breadcrumb\":{\"@id\":\"https:\\\/\\\/apuestasfree.com\\\/arg\\\/codere-promocion-multideporte-combinadas\\\/#breadcrumb\"},\"inLanguage\":\"es-AR\",\"potentialAction\":[{\"@type\":\"ReadAction\",\"target\":[\"https:\\\/\\\/apuestasfree.com\\\/arg\\\/codere-promocion-multideporte-combinadas\\\/\"]}]},{\"@type\":\"ImageObject\",\"inLanguage\":\"es-AR\",\"@id\":\"https:\\\/\\\/apuestasfree.com\\\/arg\\\/codere-promocion-multideporte-combinadas\\\/#primaryimage\",\"url\":\"https:\\\/\\\/apuestasfree.com\\\/wp-content\\\/uploads\\\/2022\\\/03\\\/codere-promocion-multideporte.jpg\",\"contentUrl\":\"https:\\\/\\\/apuestasfree.com\\\/wp-content\\\/uploads\\\/2022\\\/03\\\/codere-promocion-multideporte.jpg\"},{\"@type\":\"BreadcrumbList\",\"@id\":\"https:\\\/\\\/apuestasfree.com\\\/arg\\\/codere-promocion-multideporte-combinadas\\\/#breadcrumb\",\"itemListElement\":[{\"@type\":\"ListItem\",\"position\":1,\"name\":\"Inicio\",\"item\":\"https:\\\/\\\/apuestasfree.com\\\/arg\\\/\"},{\"@type\":\"ListItem\",\"position\":2,\"name\":\"Codere promocion Multideporte \u00a1Hac\u00e9 tus combinadas en f\u00fatbol!\"}]},{\"@type\":\"WebSite\",\"@id\":\"https:\\\/\\\/apuestasfree.com\\\/arg\\\/#website\",\"url\":\"https:\\\/\\\/apuestasfree.com\\\/arg\\\/\",\"name\":\"ApuestasFree\",\"description\":\"\",\"publisher\":{\"@id\":\"https:\\\/\\\/apuestasfree.com\\\/arg\\\/#organization\"},\"potentialAction\":[{\"@type\":\"SearchAction\",\"target\":{\"@type\":\"EntryPoint\",\"urlTemplate\":\"https:\\\/\\\/apuestasfree.com\\\/arg\\\/?s={search_term_string}\"},\"query-input\":{\"@type\":\"PropertyValueSpecification\",\"valueRequired\":true,\"valueName\":\"search_term_string\"}}],\"inLanguage\":\"es-AR\"},{\"@type\":\"Organization\",\"@id\":\"https:\\\/\\\/apuestasfree.com\\\/arg\\\/#organization\",\"name\":\"ApuestasFree\",\"url\":\"https:\\\/\\\/apuestasfree.com\\\/arg\\\/\",\"logo\":{\"@type\":\"ImageObject\",\"inLanguage\":\"es-AR\",\"@id\":\"https:\\\/\\\/apuestasfree.com\\\/arg\\\/#\\\/schema\\\/logo\\\/image\\\/\",\"url\":\"https:\\\/\\\/apuestasfree.com\\\/wp-content\\\/uploads\\\/2019\\\/06\\\/afree_logo.png\",\"contentUrl\":\"https:\\\/\\\/apuestasfree.com\\\/wp-content\\\/uploads\\\/2019\\\/06\\\/afree_logo.png\",\"width\":106,\"height\":50,\"caption\":\"ApuestasFree\"},\"image\":{\"@id\":\"https:\\\/\\\/apuestasfree.com\\\/arg\\\/#\\\/schema\\\/logo\\\/image\\\/\"}}]}<\/script>\n<!-- \/ Yoast SEO Premium plugin. -->","yoast_head_json":{"title":"Codere promocion Multideporte \u00a1Hac\u00e9 tus combinadas en f\u00fatbol! -","description":"Apost\u00e1 tus combinadas con la promocion multideporte de Codere en f\u00fatbol! Registrate hoy mismo y recib\u00ed hasta $200.000 extra para apostar.","robots":{"index":"index","follow":"follow","max-snippet":"max-snippet:-1","max-image-preview":"max-image-preview:large","max-video-preview":"max-video-preview:-1"},"canonical":"https:\/\/apuestasfree.com\/arg\/codere-promocion-multideporte-combinadas\/","og_locale":"es_ES","og_type":"article","og_title":"Codere promocion Multideporte \u00a1Hac\u00e9 tus combinadas en f\u00fatbol!","og_description":"Apost\u00e1 tus combinadas con la promocion multideporte de Codere en f\u00fatbol! Registrate hoy mismo y recib\u00ed hasta $200.000 extra para apostar.","og_url":"https:\/\/apuestasfree.com\/arg\/codere-promocion-multideporte-combinadas\/","og_site_name":"ApuestasFree","article_modified_time":"2024-05-08T13:40:49+00:00","og_image":[{"url":"https:\/\/apuestasfree.com\/wp-content\/uploads\/2022\/03\/codere-promocion-multideporte.jpg","type":"","width":"","height":""}],"twitter_card":"summary_large_image","twitter_misc":{"Tiempo de lectura":"2 minutos"},"schema":{"@context":"https:\/\/schema.org","@graph":[{"@type":"WebPage","@id":"https:\/\/apuestasfree.com\/arg\/codere-promocion-multideporte-combinadas\/","url":"https:\/\/apuestasfree.com\/arg\/codere-promocion-multideporte-combinadas\/","name":"Codere promocion Multideporte \u00a1Hac\u00e9 tus combinadas en f\u00fatbol! -","isPartOf":{"@id":"https:\/\/apuestasfree.com\/arg\/#website"},"primaryImageOfPage":{"@id":"https:\/\/apuestasfree.com\/arg\/codere-promocion-multideporte-combinadas\/#primaryimage"},"image":{"@id":"https:\/\/apuestasfree.com\/arg\/codere-promocion-multideporte-combinadas\/#primaryimage"},"thumbnailUrl":"https:\/\/apuestasfree.com\/wp-content\/uploads\/2022\/03\/codere-promocion-multideporte.jpg","datePublished":"2022-03-17T15:03:41+00:00","dateModified":"2024-05-08T13:40:49+00:00","description":"Apost\u00e1 tus combinadas con la promocion multideporte de Codere en f\u00fatbol! Registrate hoy mismo y recib\u00ed hasta $200.000 extra para apostar.","breadcrumb":{"@id":"https:\/\/apuestasfree.com\/arg\/codere-promocion-multideporte-combinadas\/#breadcrumb"},"inLanguage":"es-AR","potentialAction":[{"@type":"ReadAction","target":["https:\/\/apuestasfree.com\/arg\/codere-promocion-multideporte-combinadas\/"]}]},{"@type":"ImageObject","inLanguage":"es-AR","@id":"https:\/\/apuestasfree.com\/arg\/codere-promocion-multideporte-combinadas\/#primaryimage","url":"https:\/\/apuestasfree.com\/wp-content\/uploads\/2022\/03\/codere-promocion-multideporte.jpg","contentUrl":"https:\/\/apuestasfree.com\/wp-content\/uploads\/2022\/03\/codere-promocion-multideporte.jpg"},{"@type":"BreadcrumbList","@id":"https:\/\/apuestasfree.com\/arg\/codere-promocion-multideporte-combinadas\/#breadcrumb","itemListElement":[{"@type":"ListItem","position":1,"name":"Inicio","item":"https:\/\/apuestasfree.com\/arg\/"},{"@type":"ListItem","position":2,"name":"Codere promocion Multideporte \u00a1Hac\u00e9 tus combinadas en f\u00fatbol!"}]},{"@type":"WebSite","@id":"https:\/\/apuestasfree.com\/arg\/#website","url":"https:\/\/apuestasfree.com\/arg\/","name":"ApuestasFree","description":"","publisher":{"@id":"https:\/\/apuestasfree.com\/arg\/#organization"},"potentialAction":[{"@type":"SearchAction","target":{"@type":"EntryPoint","urlTemplate":"https:\/\/apuestasfree.com\/arg\/?s={search_term_string}"},"query-input":{"@type":"PropertyValueSpecification","valueRequired":true,"valueName":"search_term_string"}}],"inLanguage":"es-AR"},{"@type":"Organization","@id":"https:\/\/apuestasfree.com\/arg\/#organization","name":"ApuestasFree","url":"https:\/\/apuestasfree.com\/arg\/","logo":{"@type":"ImageObject","inLanguage":"es-AR","@id":"https:\/\/apuestasfree.com\/arg\/#\/schema\/logo\/image\/","url":"https:\/\/apuestasfree.com\/wp-content\/uploads\/2019\/06\/afree_logo.png","contentUrl":"https:\/\/apuestasfree.com\/wp-content\/uploads\/2019\/06\/afree_logo.png","width":106,"height":50,"caption":"ApuestasFree"},"image":{"@id":"https:\/\/apuestasfree.com\/arg\/#\/schema\/logo\/image\/"}}]}},"uagb_featured_image_src":{"full":false,"thumbnail":false,"medium":false,"medium_large":false,"large":false,"1536x1536":false,"2048x2048":false},"uagb_author_info":{"display_name":"RocioCa","author_link":"https:\/\/apuestasfree.com\/arg\/author\/rocioca\/"},"uagb_comment_info":0,"uagb_excerpt":"Apost\u00e1 tus combinadas con la promocion multideporte de Codere en f\u00fatbol! Registrate hoy mismo y recib\u00ed hasta $200.000 extra para apostar. Ingres\u00e1 a Codere! Promocion Multideporte en Codere, recib\u00ed $500 en Freebets! En Codere tu tercera combinada en f\u00fatbol que resulte perdedora te dar\u00e1 $500 en freebets! Con la Promocion Multideporte de Codere Argentina vas&hellip;","_links":{"self":[{"href":"https:\/\/apuestasfree.com\/arg\/wp-json\/wp\/v2\/pages\/706437","targetHints":{"allow":["GET"]}}],"collection":[{"href":"https:\/\/apuestasfree.com\/arg\/wp-json\/wp\/v2\/pages"}],"about":[{"href":"https:\/\/apuestasfree.com\/arg\/wp-json\/wp\/v2\/types\/page"}],"author":[{"embeddable":true,"href":"https:\/\/apuestasfree.com\/arg\/wp-json\/wp\/v2\/users\/33363"}],"replies":[{"embeddable":true,"href":"https:\/\/apuestasfree.com\/arg\/wp-json\/wp\/v2\/comments?post=706437"}],"version-history":[{"count":2,"href":"https:\/\/apuestasfree.com\/arg\/wp-json\/wp\/v2\/pages\/706437\/revisions"}],"predecessor-version":[{"id":1693942,"href":"https:\/\/apuestasfree.com\/arg\/wp-json\/wp\/v2\/pages\/706437\/revisions\/1693942"}],"wp:attachment":[{"href":"https:\/\/apuestasfree.com\/arg\/wp-json\/wp\/v2\/media?parent=706437"}],"curies":[{"name":"wp","href":"https:\/\/api.w.org\/{rel}","templated":true}]}}