{"id":706284,"date":"2022-03-17T15:41:48","date_gmt":"2022-03-17T14:41:48","guid":{"rendered":"https:\/\/apuestasfree.com\/?page_id=706284"},"modified":"2024-05-08T15:41:45","modified_gmt":"2024-05-08T13:41:45","slug":"codere-river-vs-boca-liga-argentina","status":"publish","type":"page","link":"https:\/\/apuestasfree.com\/arg\/codere-river-vs-boca-liga-argentina\/","title":{"rendered":"Codere Supercuota Superclasico \u00a1Apost\u00e1 en el River vs Boca!"},"content":{"rendered":"\n<p>Apost\u00e1 en el River vs Boca de la Liga Profesional Argentina con la Supercuota Superclasico de Codere! Registrate para recibir hasta $200.000 extra<a href=\"https:\/\/recor.to\/coderearg\" rel=\"nofollow noopener sponsored\">. Ingres\u00e1 ahora mismo! <\/a><\/p>\n\n\n\n<p>Tambi\u00e9n consulta:<a href=\"https:\/\/apuestasfree.com\/arg\/codere-promocion-multideporte-combinadas\/\"> Codere promoci\u00f3n multideporte <\/a><\/p>\n\n\n\n<figure class=\"wp-block-image size-full\"><a href=\"https:\/\/recor.to\/coderearg\" rel=\"nofollow noopener sponsored\"><img fetchpriority=\"high\" decoding=\"async\" width=\"960\" height=\"274\" src=\"https:\/\/apuestasfree.com\/wp-content\/uploads\/2022\/03\/codere-supercuota-superclasico.jpg\" alt=\"codere supercuota superclasico\" class=\"wp-image-706387\" srcset=\"https:\/\/apuestasfree.com\/wp-content\/uploads\/2022\/03\/codere-supercuota-superclasico.jpg 960w, https:\/\/apuestasfree.com\/wp-content\/uploads\/2022\/03\/codere-supercuota-superclasico-300x86.jpg 300w, https:\/\/apuestasfree.com\/wp-content\/uploads\/2022\/03\/codere-supercuota-superclasico-768x219.jpg 768w\" sizes=\"(max-width: 960px) 100vw, 960px\" \/><\/a><\/figure>\n\n\n\n<p class=\"has-text-align-center\"><a href=\"https:\/\/apuestasfree.com\/arg\/codere-como-descargar-app-apk-ciudad-buenos-aires\/\">Descarga la App de Codere<\/a><\/p>\n\n\n\n<h2 class=\"wp-block-heading\" id=\"h-aposta-con-las-cuotas-mejoradas-de-codere-para-el-river-vs-boca\">Apost\u00e1 con las cuotas mejoradas de Codere para el River vs Boca!<\/h2>\n\n\n\n<p>El <strong>domingo 20\/03 del 2022 <\/strong>se llevar\u00e1 a cabo el enfrentamiento m\u00e1s esperado de la Argentina: el <strong>Supercl\u00e1sico River-Boca<\/strong> tiene una fabulosa Supercuota en Codere! Registrate ahora en el sitio y apost\u00e1 con las mejores opciones que puedes encontrar para el partido de la <strong>Liga Profesional Argentina<\/strong>. <\/p>\n\n\n\n<p>El equipo del gallinero <strong>River Plate <\/strong>se encuentra<strong> primero en la tabla de posiciones del Grupo A<\/strong> en primera fase, con 13 puntos y 4 partidos ganados en sus \u00faltimos cinco enfrentamientos. Por su parte, el <strong>Club Atl\u00e9tico Boca Juniors s<\/strong>e posiciona en<strong> tercer lugar del Grupo B,<\/strong> con 11 puntos y tres victorias en los \u00faltimos partidos. <\/p>\n\n\n\n<p>Igualmente, en torneos disputados en el pa\u00eds,<strong> Boca lidera el historial de supercl\u00e1sicos<\/strong> con 77 victorias, 66 empates y 70 partidos perdidos. No as\u00ed para copas internacionales. <strong>Elige tu favorito y comienza a apostar ahora con las cuotas de Codere! <\/strong><a href=\"https:\/\/apuestasfree.com\/arg\/codere-como-ingresar-dinero-ciudad-de-buenos-aires\/\" target=\"_blank\" rel=\"noreferrer noopener\">Aprende c\u00f3mo depositar aqu\u00ed. <\/a><\/p>\n\n\n\n<h2 class=\"wp-block-heading\" id=\"h-bono-de-bienvenida-en-codere-hasta-200-000-extra-para-apuestas\">Bono de Bienvenida en Codere, \u00a1hasta $200.000 extra para apuestas!<\/h2>\n\n\n\n<p>Si todav\u00eda no est\u00e1s registrado en Codere, \u00a1no esperes m\u00e1s! Con el Bono de Bienvenida para apuestas deportivas, recibir\u00e1s una bonificaci\u00f3n de saldo extra con tu primer dep\u00f3sito en el sitio. \u00a1Es muy sencillo! <strong>Abre tu cuenta, haz tu primer dep\u00f3sito, y duplicalo hasta $200.000 ARS extra para tu juego.<\/strong> Deposita al menos $1.000 para obtener tu bono. Conoce m\u00e1s sobre la oferta en: <a href=\"https:\/\/apuestasfree.com\/arg\/codere-bono-apuestas-deportivas-ciudad-buenos-aires\/\">Bono para Apuestas de Codere.<\/a><\/p>\n\n\n\n<div class=\"wp-block-buttons is-content-justification-center is-layout-flex wp-container-core-buttons-is-layout-16018d1d wp-block-buttons-is-layout-flex\">\n<div class=\"wp-block-button\"><a class=\"wp-block-button__link wp-element-button\" href=\"https:\/\/recor.to\/coderearg\" rel=\"nofollow noopener sponsored\">\u00a1Recibe el Bono!<\/a><\/div>\n<\/div>\n\n\n\n<p><strong>T\u00e9rminos y Condiciones generales:&nbsp;<\/strong><\/p>\n\n\n\n<ul class=\"wp-block-list\">\n<li>Oferta exclusiva para usuarios residentes de la Ciudad Aut\u00f3noma de Buenos Aires<\/li>\n\n\n\n<li>El usuario debe apostar el 100% de la cantidad depositada en eventos deportivos con cuota m\u00ednima de 2.50<\/li>\n\n\n\n<li>Solo contabilizan para el cumplimiento las apuestas resueltas<\/li>\n\n\n\n<li>No contabilizan a la oferta las apuestas canceladas, cerradas, con freebets o apuestas de sistema<\/li>\n<\/ul>\n","protected":false},"excerpt":{"rendered":"<p>Apost\u00e1 en el River vs Boca de la Liga Profesional Argentina con la Supercuota Superclasico de Codere! Registrate para recibir hasta $200.000 extra. Ingres\u00e1 ahora mismo! Tambi\u00e9n consulta: Codere promoci\u00f3n multideporte Descarga la App de Codere Apost\u00e1 con las cuotas mejoradas de Codere para el River vs Boca! El domingo 20\/03 del 2022 se llevar\u00e1 &#8230; <a title=\"Codere Supercuota Superclasico \u00a1Apost\u00e1 en el River vs Boca!\" class=\"read-more\" href=\"https:\/\/apuestasfree.com\/arg\/codere-river-vs-boca-liga-argentina\/\" aria-label=\"Leer m\u00e1s sobre Codere Supercuota Superclasico \u00a1Apost\u00e1 en el River vs Boca!\">Leer m\u00e1s<\/a><\/p>\n","protected":false},"author":33363,"featured_media":0,"parent":0,"menu_order":0,"comment_status":"closed","ping_status":"closed","template":"","meta":{"_uag_custom_page_level_css":"","footnotes":""},"class_list":["post-706284","page","type-page","status-publish"],"yoast_head":"<!-- This site is optimized with the Yoast SEO Premium plugin v27.1 (Yoast SEO v27.5) - https:\/\/yoast.com\/product\/yoast-seo-premium-wordpress\/ -->\n<title>Codere Supercuota Superclasico \u00a1Apost\u00e1 en el River vs Boca!<\/title>\n<meta name=\"description\" content=\"Apost\u00e1 en el River vs Boca de la Liga Profesional Argentina con la Supercuota Superclasico de Codere! Registrate para recibir hasta $200.000.\" \/>\n<meta name=\"robots\" content=\"index, follow, max-snippet:-1, max-image-preview:large, max-video-preview:-1\" \/>\n<link rel=\"canonical\" href=\"https:\/\/apuestasfree.com\/arg\/codere-river-vs-boca-liga-argentina\/\" \/>\n<meta property=\"og:locale\" content=\"es_ES\" \/>\n<meta property=\"og:type\" content=\"article\" \/>\n<meta property=\"og:title\" content=\"Codere Supercuota Superclasico \u00a1Apost\u00e1 en el River vs Boca!\" \/>\n<meta property=\"og:description\" content=\"Apost\u00e1 en el River vs Boca de la Liga Profesional Argentina con la Supercuota Superclasico de Codere! Registrate para recibir hasta $200.000.\" \/>\n<meta property=\"og:url\" content=\"https:\/\/apuestasfree.com\/arg\/codere-river-vs-boca-liga-argentina\/\" \/>\n<meta property=\"og:site_name\" content=\"ApuestasFree\" \/>\n<meta property=\"article:modified_time\" content=\"2024-05-08T13:41:45+00:00\" \/>\n<meta property=\"og:image\" content=\"https:\/\/apuestasfree.com\/wp-content\/uploads\/2022\/03\/codere-supercuota-superclasico.jpg\" \/>\n<meta name=\"twitter:card\" content=\"summary_large_image\" \/>\n<meta name=\"twitter:label1\" content=\"Tiempo de lectura\" \/>\n\t<meta name=\"twitter:data1\" content=\"2 minutos\" \/>\n<script type=\"application\/ld+json\" class=\"yoast-schema-graph\">{\"@context\":\"https:\\\/\\\/schema.org\",\"@graph\":[{\"@type\":\"WebPage\",\"@id\":\"https:\\\/\\\/apuestasfree.com\\\/arg\\\/codere-river-vs-boca-liga-argentina\\\/\",\"url\":\"https:\\\/\\\/apuestasfree.com\\\/arg\\\/codere-river-vs-boca-liga-argentina\\\/\",\"name\":\"Codere Supercuota Superclasico \u00a1Apost\u00e1 en el River vs Boca!\",\"isPartOf\":{\"@id\":\"https:\\\/\\\/apuestasfree.com\\\/arg\\\/#website\"},\"primaryImageOfPage\":{\"@id\":\"https:\\\/\\\/apuestasfree.com\\\/arg\\\/codere-river-vs-boca-liga-argentina\\\/#primaryimage\"},\"image\":{\"@id\":\"https:\\\/\\\/apuestasfree.com\\\/arg\\\/codere-river-vs-boca-liga-argentina\\\/#primaryimage\"},\"thumbnailUrl\":\"https:\\\/\\\/apuestasfree.com\\\/wp-content\\\/uploads\\\/2022\\\/03\\\/codere-supercuota-superclasico.jpg\",\"datePublished\":\"2022-03-17T14:41:48+00:00\",\"dateModified\":\"2024-05-08T13:41:45+00:00\",\"description\":\"Apost\u00e1 en el River vs Boca de la Liga Profesional Argentina con la Supercuota Superclasico de Codere! Registrate para recibir hasta $200.000.\",\"breadcrumb\":{\"@id\":\"https:\\\/\\\/apuestasfree.com\\\/arg\\\/codere-river-vs-boca-liga-argentina\\\/#breadcrumb\"},\"inLanguage\":\"es-AR\",\"potentialAction\":[{\"@type\":\"ReadAction\",\"target\":[\"https:\\\/\\\/apuestasfree.com\\\/arg\\\/codere-river-vs-boca-liga-argentina\\\/\"]}]},{\"@type\":\"ImageObject\",\"inLanguage\":\"es-AR\",\"@id\":\"https:\\\/\\\/apuestasfree.com\\\/arg\\\/codere-river-vs-boca-liga-argentina\\\/#primaryimage\",\"url\":\"https:\\\/\\\/apuestasfree.com\\\/wp-content\\\/uploads\\\/2022\\\/03\\\/codere-supercuota-superclasico.jpg\",\"contentUrl\":\"https:\\\/\\\/apuestasfree.com\\\/wp-content\\\/uploads\\\/2022\\\/03\\\/codere-supercuota-superclasico.jpg\"},{\"@type\":\"BreadcrumbList\",\"@id\":\"https:\\\/\\\/apuestasfree.com\\\/arg\\\/codere-river-vs-boca-liga-argentina\\\/#breadcrumb\",\"itemListElement\":[{\"@type\":\"ListItem\",\"position\":1,\"name\":\"Inicio\",\"item\":\"https:\\\/\\\/apuestasfree.com\\\/arg\\\/\"},{\"@type\":\"ListItem\",\"position\":2,\"name\":\"Codere Supercuota Superclasico \u00a1Apost\u00e1 en el River vs Boca!\"}]},{\"@type\":\"WebSite\",\"@id\":\"https:\\\/\\\/apuestasfree.com\\\/arg\\\/#website\",\"url\":\"https:\\\/\\\/apuestasfree.com\\\/arg\\\/\",\"name\":\"ApuestasFree\",\"description\":\"\",\"publisher\":{\"@id\":\"https:\\\/\\\/apuestasfree.com\\\/arg\\\/#organization\"},\"potentialAction\":[{\"@type\":\"SearchAction\",\"target\":{\"@type\":\"EntryPoint\",\"urlTemplate\":\"https:\\\/\\\/apuestasfree.com\\\/arg\\\/?s={search_term_string}\"},\"query-input\":{\"@type\":\"PropertyValueSpecification\",\"valueRequired\":true,\"valueName\":\"search_term_string\"}}],\"inLanguage\":\"es-AR\"},{\"@type\":\"Organization\",\"@id\":\"https:\\\/\\\/apuestasfree.com\\\/arg\\\/#organization\",\"name\":\"ApuestasFree\",\"url\":\"https:\\\/\\\/apuestasfree.com\\\/arg\\\/\",\"logo\":{\"@type\":\"ImageObject\",\"inLanguage\":\"es-AR\",\"@id\":\"https:\\\/\\\/apuestasfree.com\\\/arg\\\/#\\\/schema\\\/logo\\\/image\\\/\",\"url\":\"https:\\\/\\\/apuestasfree.com\\\/wp-content\\\/uploads\\\/2019\\\/06\\\/afree_logo.png\",\"contentUrl\":\"https:\\\/\\\/apuestasfree.com\\\/wp-content\\\/uploads\\\/2019\\\/06\\\/afree_logo.png\",\"width\":106,\"height\":50,\"caption\":\"ApuestasFree\"},\"image\":{\"@id\":\"https:\\\/\\\/apuestasfree.com\\\/arg\\\/#\\\/schema\\\/logo\\\/image\\\/\"}}]}<\/script>\n<!-- \/ Yoast SEO Premium plugin. -->","yoast_head_json":{"title":"Codere Supercuota Superclasico \u00a1Apost\u00e1 en el River vs Boca!","description":"Apost\u00e1 en el River vs Boca de la Liga Profesional Argentina con la Supercuota Superclasico de Codere! Registrate para recibir hasta $200.000.","robots":{"index":"index","follow":"follow","max-snippet":"max-snippet:-1","max-image-preview":"max-image-preview:large","max-video-preview":"max-video-preview:-1"},"canonical":"https:\/\/apuestasfree.com\/arg\/codere-river-vs-boca-liga-argentina\/","og_locale":"es_ES","og_type":"article","og_title":"Codere Supercuota Superclasico \u00a1Apost\u00e1 en el River vs Boca!","og_description":"Apost\u00e1 en el River vs Boca de la Liga Profesional Argentina con la Supercuota Superclasico de Codere! Registrate para recibir hasta $200.000.","og_url":"https:\/\/apuestasfree.com\/arg\/codere-river-vs-boca-liga-argentina\/","og_site_name":"ApuestasFree","article_modified_time":"2024-05-08T13:41:45+00:00","og_image":[{"url":"https:\/\/apuestasfree.com\/wp-content\/uploads\/2022\/03\/codere-supercuota-superclasico.jpg","type":"","width":"","height":""}],"twitter_card":"summary_large_image","twitter_misc":{"Tiempo de lectura":"2 minutos"},"schema":{"@context":"https:\/\/schema.org","@graph":[{"@type":"WebPage","@id":"https:\/\/apuestasfree.com\/arg\/codere-river-vs-boca-liga-argentina\/","url":"https:\/\/apuestasfree.com\/arg\/codere-river-vs-boca-liga-argentina\/","name":"Codere Supercuota Superclasico \u00a1Apost\u00e1 en el River vs Boca!","isPartOf":{"@id":"https:\/\/apuestasfree.com\/arg\/#website"},"primaryImageOfPage":{"@id":"https:\/\/apuestasfree.com\/arg\/codere-river-vs-boca-liga-argentina\/#primaryimage"},"image":{"@id":"https:\/\/apuestasfree.com\/arg\/codere-river-vs-boca-liga-argentina\/#primaryimage"},"thumbnailUrl":"https:\/\/apuestasfree.com\/wp-content\/uploads\/2022\/03\/codere-supercuota-superclasico.jpg","datePublished":"2022-03-17T14:41:48+00:00","dateModified":"2024-05-08T13:41:45+00:00","description":"Apost\u00e1 en el River vs Boca de la Liga Profesional Argentina con la Supercuota Superclasico de Codere! Registrate para recibir hasta $200.000.","breadcrumb":{"@id":"https:\/\/apuestasfree.com\/arg\/codere-river-vs-boca-liga-argentina\/#breadcrumb"},"inLanguage":"es-AR","potentialAction":[{"@type":"ReadAction","target":["https:\/\/apuestasfree.com\/arg\/codere-river-vs-boca-liga-argentina\/"]}]},{"@type":"ImageObject","inLanguage":"es-AR","@id":"https:\/\/apuestasfree.com\/arg\/codere-river-vs-boca-liga-argentina\/#primaryimage","url":"https:\/\/apuestasfree.com\/wp-content\/uploads\/2022\/03\/codere-supercuota-superclasico.jpg","contentUrl":"https:\/\/apuestasfree.com\/wp-content\/uploads\/2022\/03\/codere-supercuota-superclasico.jpg"},{"@type":"BreadcrumbList","@id":"https:\/\/apuestasfree.com\/arg\/codere-river-vs-boca-liga-argentina\/#breadcrumb","itemListElement":[{"@type":"ListItem","position":1,"name":"Inicio","item":"https:\/\/apuestasfree.com\/arg\/"},{"@type":"ListItem","position":2,"name":"Codere Supercuota Superclasico \u00a1Apost\u00e1 en el River vs Boca!"}]},{"@type":"WebSite","@id":"https:\/\/apuestasfree.com\/arg\/#website","url":"https:\/\/apuestasfree.com\/arg\/","name":"ApuestasFree","description":"","publisher":{"@id":"https:\/\/apuestasfree.com\/arg\/#organization"},"potentialAction":[{"@type":"SearchAction","target":{"@type":"EntryPoint","urlTemplate":"https:\/\/apuestasfree.com\/arg\/?s={search_term_string}"},"query-input":{"@type":"PropertyValueSpecification","valueRequired":true,"valueName":"search_term_string"}}],"inLanguage":"es-AR"},{"@type":"Organization","@id":"https:\/\/apuestasfree.com\/arg\/#organization","name":"ApuestasFree","url":"https:\/\/apuestasfree.com\/arg\/","logo":{"@type":"ImageObject","inLanguage":"es-AR","@id":"https:\/\/apuestasfree.com\/arg\/#\/schema\/logo\/image\/","url":"https:\/\/apuestasfree.com\/wp-content\/uploads\/2019\/06\/afree_logo.png","contentUrl":"https:\/\/apuestasfree.com\/wp-content\/uploads\/2019\/06\/afree_logo.png","width":106,"height":50,"caption":"ApuestasFree"},"image":{"@id":"https:\/\/apuestasfree.com\/arg\/#\/schema\/logo\/image\/"}}]}},"uagb_featured_image_src":{"full":false,"thumbnail":false,"medium":false,"medium_large":false,"large":false,"1536x1536":false,"2048x2048":false},"uagb_author_info":{"display_name":"RocioCa","author_link":"https:\/\/apuestasfree.com\/arg\/author\/rocioca\/"},"uagb_comment_info":0,"uagb_excerpt":"Apost\u00e1 en el River vs Boca de la Liga Profesional Argentina con la Supercuota Superclasico de Codere! Registrate para recibir hasta $200.000 extra. Ingres\u00e1 ahora mismo! Tambi\u00e9n consulta: Codere promoci\u00f3n multideporte Descarga la App de Codere Apost\u00e1 con las cuotas mejoradas de Codere para el River vs Boca! El domingo 20\/03 del 2022 se llevar\u00e1&hellip;","_links":{"self":[{"href":"https:\/\/apuestasfree.com\/arg\/wp-json\/wp\/v2\/pages\/706284","targetHints":{"allow":["GET"]}}],"collection":[{"href":"https:\/\/apuestasfree.com\/arg\/wp-json\/wp\/v2\/pages"}],"about":[{"href":"https:\/\/apuestasfree.com\/arg\/wp-json\/wp\/v2\/types\/page"}],"author":[{"embeddable":true,"href":"https:\/\/apuestasfree.com\/arg\/wp-json\/wp\/v2\/users\/33363"}],"replies":[{"embeddable":true,"href":"https:\/\/apuestasfree.com\/arg\/wp-json\/wp\/v2\/comments?post=706284"}],"version-history":[{"count":2,"href":"https:\/\/apuestasfree.com\/arg\/wp-json\/wp\/v2\/pages\/706284\/revisions"}],"predecessor-version":[{"id":1693945,"href":"https:\/\/apuestasfree.com\/arg\/wp-json\/wp\/v2\/pages\/706284\/revisions\/1693945"}],"wp:attachment":[{"href":"https:\/\/apuestasfree.com\/arg\/wp-json\/wp\/v2\/media?parent=706284"}],"curies":[{"name":"wp","href":"https:\/\/api.w.org\/{rel}","templated":true}]}}