{"id":694320,"date":"2022-03-09T20:00:57","date_gmt":"2022-03-09T19:00:57","guid":{"rendered":"https:\/\/apuestasfree.com\/?p=694320"},"modified":"2024-05-08T15:34:59","modified_gmt":"2024-05-08T13:34:59","slug":"codere-mercado-pago-depositos-retiros","status":"publish","type":"page","link":"https:\/\/apuestasfree.com\/arg\/codere-mercado-pago-depositos-retiros\/","title":{"rendered":"Codere Mercado Pago \u00a1Deposita y retira dinero con la App!"},"content":{"rendered":"\n<p>Hac\u00e9 tus dep\u00f3sitos y retiros con la App de Mercado Pago en Codere, ya disponible! Registrate ahora y consegu\u00ed hasta $200.000 extra para apostar. Ingres\u00e1 a <a href=\"https:\/\/recor.to\/coderearg\" target=\"_blank\" rel=\"noreferrer noopener nofollow sponsored\">Codere.com<\/a>!<\/p>\n\n\n\n<figure class=\"wp-block-image size-full is-resized\"><a href=\"https:\/\/recor.to\/coderearg\" target=\"_blank\" rel=\"noopener nofollow sponsored\"><img fetchpriority=\"high\" decoding=\"async\" width=\"672\" height=\"435\" src=\"https:\/\/apuestasfree.com\/wp-content\/uploads\/2022\/03\/codere-mercado-pago.jpg\" alt=\"codere mercado pago \" class=\"wp-image-694449\" srcset=\"https:\/\/apuestasfree.com\/wp-content\/uploads\/2022\/03\/codere-mercado-pago.jpg 672w, https:\/\/apuestasfree.com\/wp-content\/uploads\/2022\/03\/codere-mercado-pago-300x194.jpg 300w\" sizes=\"(max-width: 672px) 100vw, 672px\" \/><\/a><\/figure>\n\n\n\n<h2 class=\"wp-block-heading\" id=\"h-ya-podes-hacer-tus-pagos-con-mercado-pago-en-codere-argentina\">Ya pod\u00e9s hacer tus pagos con Mercado Pago en Codere Argentina!<\/h2>\n\n\n\n<p><strong>Mercado Pago ya est\u00e1 disponible para realizar todas tus transacciones desde Codere Argentina<\/strong>, mucho m\u00e1s f\u00e1ciles y r\u00e1pidas! Ahora poder ingresar y retirar dinero a trav\u00e9s de la App, en muy simples pasos. Solo ten\u00e9s que ingresar a tu cuenta, dirigirte a tu secci\u00f3n de pagos y seleccionar tu tarjeta vinculada a MercadoPago. <\/p>\n\n\n\n<p><strong>Mercado Pago es una aplicaci\u00f3n o billetera virtual para realizar cobros y pagos de manera online<\/strong> en Argentina. La misma fue lanzada por la reconocida empresa Mercado Libre, como forma de facilitar y agilizar todos tus pagos virtuales. <\/p>\n\n\n\n<p>Con la paltaforma pod\u00e9s encontrar diferentes canales para hacer tus pagos, tales como los <strong>Links de Pago, QR o Point<\/strong>. Pero tambi\u00e9n pod\u00e9s vincular tus propias t<strong>arjetas de d\u00e9bito y cr\u00e9dito <\/strong>en la aplicaci\u00f3n, para usarlas de manera completamente digital. <strong>\u00a1Facilit\u00e1 tus pagos con Mercado Pago en Codere! <\/strong><\/p>\n\n\n\n<h2 class=\"wp-block-heading\" id=\"h-bono-de-bienvenida-en-codere-hasta-200-000-extra-para-apuestas\">Bono de Bienvenida en Codere, \u00a1hasta $200.000 extra para apuestas!<\/h2>\n\n\n\n<p>Si todav\u00eda no est\u00e1s registrado en Codere, \u00a1no esperes m\u00e1s! Con el Bono de Bienvenida para apuestas deportivas, recibir\u00e1s una bonificaci\u00f3n de saldo extra con tu primer dep\u00f3sito en el sitio. \u00a1Es muy sencillo! <strong>Abr\u00ed tu cuenta, hac\u00e9 tu primer dep\u00f3sito, y duplicalo hasta $200.000 ARS extra para tu juego.<\/strong> Deposit\u00e1 al menos $1.000 para obtener tu bono. Conoc\u00e9 m\u00e1s sobre la oferta en: <a href=\"https:\/\/apuestasfree.com\/arg\/codere-bono-apuestas-deportivas-ciudad-buenos-aires\/\">Bono para Apuestas de Codere.<\/a><\/p>\n\n\n\n<div class=\"wp-block-buttons is-content-justification-center is-layout-flex wp-container-core-buttons-is-layout-16018d1d wp-block-buttons-is-layout-flex\">\n<div class=\"wp-block-button\"><a class=\"wp-block-button__link wp-element-button\" href=\"https:\/\/recor.to\/coderearg\" rel=\"nofollow noopener sponsored\">\u00a1Reclama el Bono!<\/a><\/div>\n<\/div>\n\n\n\n<p><strong>T\u00e9rminos y Condiciones generales:&nbsp;<\/strong><\/p>\n\n\n\n<ul class=\"wp-block-list\">\n<li>Oferta exclusiva para usuarios residentes de la Ciudad Aut\u00f3noma de Buenos Aires<\/li>\n\n\n\n<li>El usuario debe apostar el 100% de la cantidad depositada en eventos deportivos con cuota m\u00ednima de 2.50<\/li>\n\n\n\n<li>Solo contabilizan para el cumplimiento las apuestas resueltas<\/li>\n\n\n\n<li>No contabilizan a la oferta las apuestas canceladas, cerradas, con freebets o apuestas de sistema<\/li>\n<\/ul>\n","protected":false},"excerpt":{"rendered":"<p>Hac\u00e9 tus dep\u00f3sitos y retiros con la App de Mercado Pago en Codere, ya disponible! Registrate ahora y consegu\u00ed hasta $200.000 extra para apostar. Ingres\u00e1 a Codere.com! Ya pod\u00e9s hacer tus pagos con Mercado Pago en Codere Argentina! Mercado Pago ya est\u00e1 disponible para realizar todas tus transacciones desde Codere Argentina, mucho m\u00e1s f\u00e1ciles y &#8230; <a title=\"Codere Mercado Pago \u00a1Deposita y retira dinero con la App!\" class=\"read-more\" href=\"https:\/\/apuestasfree.com\/arg\/codere-mercado-pago-depositos-retiros\/\" aria-label=\"Leer m\u00e1s sobre Codere Mercado Pago \u00a1Deposita y retira dinero con la App!\">Leer m\u00e1s<\/a><\/p>\n","protected":false},"author":33363,"featured_media":0,"parent":0,"menu_order":0,"comment_status":"closed","ping_status":"closed","template":"","meta":{"_uag_custom_page_level_css":"","footnotes":""},"class_list":["post-694320","page","type-page","status-publish"],"yoast_head":"<!-- This site is optimized with the Yoast SEO Premium plugin v27.1 (Yoast SEO v27.5) - https:\/\/yoast.com\/product\/yoast-seo-premium-wordpress\/ -->\n<title>Codere Mercado Pago \u00a1Deposita y retira dinero con la App! -<\/title>\n<meta name=\"description\" content=\"Haz tus dep\u00f3sitos y retiros con la App de Mercado Pago en Codere, ya disponible! Reg\u00edstrate ahora y consigue hasta $200.000 extra para apostar\" \/>\n<meta name=\"robots\" content=\"index, follow, max-snippet:-1, max-image-preview:large, max-video-preview:-1\" \/>\n<link rel=\"canonical\" href=\"https:\/\/apuestasfree.com\/arg\/codere-mercado-pago-depositos-retiros\/\" \/>\n<meta property=\"og:locale\" content=\"es_ES\" \/>\n<meta property=\"og:type\" content=\"article\" \/>\n<meta property=\"og:title\" content=\"Codere Mercado Pago \u00a1Deposita y retira dinero con la App!\" \/>\n<meta property=\"og:description\" content=\"Haz tus dep\u00f3sitos y retiros con la App de Mercado Pago en Codere, ya disponible! Reg\u00edstrate ahora y consigue hasta $200.000 extra para apostar\" \/>\n<meta property=\"og:url\" content=\"https:\/\/apuestasfree.com\/arg\/codere-mercado-pago-depositos-retiros\/\" \/>\n<meta property=\"og:site_name\" content=\"ApuestasFree\" \/>\n<meta property=\"article:modified_time\" content=\"2024-05-08T13:34:59+00:00\" \/>\n<meta property=\"og:image\" content=\"https:\/\/apuestasfree.com\/wp-content\/uploads\/2022\/03\/codere-mercado-pago.jpg\" \/>\n<meta name=\"twitter:card\" content=\"summary_large_image\" \/>\n<meta name=\"twitter:label1\" content=\"Tiempo de lectura\" \/>\n\t<meta name=\"twitter:data1\" content=\"2 minutos\" \/>\n<script type=\"application\/ld+json\" class=\"yoast-schema-graph\">{\"@context\":\"https:\\\/\\\/schema.org\",\"@graph\":[{\"@type\":\"WebPage\",\"@id\":\"https:\\\/\\\/apuestasfree.com\\\/arg\\\/codere-mercado-pago-depositos-retiros\\\/\",\"url\":\"https:\\\/\\\/apuestasfree.com\\\/arg\\\/codere-mercado-pago-depositos-retiros\\\/\",\"name\":\"Codere Mercado Pago \u00a1Deposita y retira dinero con la App! -\",\"isPartOf\":{\"@id\":\"https:\\\/\\\/apuestasfree.com\\\/arg\\\/#website\"},\"primaryImageOfPage\":{\"@id\":\"https:\\\/\\\/apuestasfree.com\\\/arg\\\/codere-mercado-pago-depositos-retiros\\\/#primaryimage\"},\"image\":{\"@id\":\"https:\\\/\\\/apuestasfree.com\\\/arg\\\/codere-mercado-pago-depositos-retiros\\\/#primaryimage\"},\"thumbnailUrl\":\"https:\\\/\\\/apuestasfree.com\\\/wp-content\\\/uploads\\\/2022\\\/03\\\/codere-mercado-pago.jpg\",\"datePublished\":\"2022-03-09T19:00:57+00:00\",\"dateModified\":\"2024-05-08T13:34:59+00:00\",\"description\":\"Haz tus dep\u00f3sitos y retiros con la App de Mercado Pago en Codere, ya disponible! Reg\u00edstrate ahora y consigue hasta $200.000 extra para apostar\",\"breadcrumb\":{\"@id\":\"https:\\\/\\\/apuestasfree.com\\\/arg\\\/codere-mercado-pago-depositos-retiros\\\/#breadcrumb\"},\"inLanguage\":\"es-AR\",\"potentialAction\":[{\"@type\":\"ReadAction\",\"target\":[\"https:\\\/\\\/apuestasfree.com\\\/arg\\\/codere-mercado-pago-depositos-retiros\\\/\"]}]},{\"@type\":\"ImageObject\",\"inLanguage\":\"es-AR\",\"@id\":\"https:\\\/\\\/apuestasfree.com\\\/arg\\\/codere-mercado-pago-depositos-retiros\\\/#primaryimage\",\"url\":\"https:\\\/\\\/apuestasfree.com\\\/wp-content\\\/uploads\\\/2022\\\/03\\\/codere-mercado-pago.jpg\",\"contentUrl\":\"https:\\\/\\\/apuestasfree.com\\\/wp-content\\\/uploads\\\/2022\\\/03\\\/codere-mercado-pago.jpg\"},{\"@type\":\"BreadcrumbList\",\"@id\":\"https:\\\/\\\/apuestasfree.com\\\/arg\\\/codere-mercado-pago-depositos-retiros\\\/#breadcrumb\",\"itemListElement\":[{\"@type\":\"ListItem\",\"position\":1,\"name\":\"Inicio\",\"item\":\"https:\\\/\\\/apuestasfree.com\\\/arg\\\/\"},{\"@type\":\"ListItem\",\"position\":2,\"name\":\"Codere Mercado Pago \u00a1Deposita y retira dinero con la App!\"}]},{\"@type\":\"WebSite\",\"@id\":\"https:\\\/\\\/apuestasfree.com\\\/arg\\\/#website\",\"url\":\"https:\\\/\\\/apuestasfree.com\\\/arg\\\/\",\"name\":\"ApuestasFree\",\"description\":\"\",\"publisher\":{\"@id\":\"https:\\\/\\\/apuestasfree.com\\\/arg\\\/#organization\"},\"potentialAction\":[{\"@type\":\"SearchAction\",\"target\":{\"@type\":\"EntryPoint\",\"urlTemplate\":\"https:\\\/\\\/apuestasfree.com\\\/arg\\\/?s={search_term_string}\"},\"query-input\":{\"@type\":\"PropertyValueSpecification\",\"valueRequired\":true,\"valueName\":\"search_term_string\"}}],\"inLanguage\":\"es-AR\"},{\"@type\":\"Organization\",\"@id\":\"https:\\\/\\\/apuestasfree.com\\\/arg\\\/#organization\",\"name\":\"ApuestasFree\",\"url\":\"https:\\\/\\\/apuestasfree.com\\\/arg\\\/\",\"logo\":{\"@type\":\"ImageObject\",\"inLanguage\":\"es-AR\",\"@id\":\"https:\\\/\\\/apuestasfree.com\\\/arg\\\/#\\\/schema\\\/logo\\\/image\\\/\",\"url\":\"https:\\\/\\\/apuestasfree.com\\\/wp-content\\\/uploads\\\/2019\\\/06\\\/afree_logo.png\",\"contentUrl\":\"https:\\\/\\\/apuestasfree.com\\\/wp-content\\\/uploads\\\/2019\\\/06\\\/afree_logo.png\",\"width\":106,\"height\":50,\"caption\":\"ApuestasFree\"},\"image\":{\"@id\":\"https:\\\/\\\/apuestasfree.com\\\/arg\\\/#\\\/schema\\\/logo\\\/image\\\/\"}}]}<\/script>\n<!-- \/ Yoast SEO Premium plugin. -->","yoast_head_json":{"title":"Codere Mercado Pago \u00a1Deposita y retira dinero con la App! -","description":"Haz tus dep\u00f3sitos y retiros con la App de Mercado Pago en Codere, ya disponible! Reg\u00edstrate ahora y consigue hasta $200.000 extra para apostar","robots":{"index":"index","follow":"follow","max-snippet":"max-snippet:-1","max-image-preview":"max-image-preview:large","max-video-preview":"max-video-preview:-1"},"canonical":"https:\/\/apuestasfree.com\/arg\/codere-mercado-pago-depositos-retiros\/","og_locale":"es_ES","og_type":"article","og_title":"Codere Mercado Pago \u00a1Deposita y retira dinero con la App!","og_description":"Haz tus dep\u00f3sitos y retiros con la App de Mercado Pago en Codere, ya disponible! Reg\u00edstrate ahora y consigue hasta $200.000 extra para apostar","og_url":"https:\/\/apuestasfree.com\/arg\/codere-mercado-pago-depositos-retiros\/","og_site_name":"ApuestasFree","article_modified_time":"2024-05-08T13:34:59+00:00","og_image":[{"url":"https:\/\/apuestasfree.com\/wp-content\/uploads\/2022\/03\/codere-mercado-pago.jpg","type":"","width":"","height":""}],"twitter_card":"summary_large_image","twitter_misc":{"Tiempo de lectura":"2 minutos"},"schema":{"@context":"https:\/\/schema.org","@graph":[{"@type":"WebPage","@id":"https:\/\/apuestasfree.com\/arg\/codere-mercado-pago-depositos-retiros\/","url":"https:\/\/apuestasfree.com\/arg\/codere-mercado-pago-depositos-retiros\/","name":"Codere Mercado Pago \u00a1Deposita y retira dinero con la App! -","isPartOf":{"@id":"https:\/\/apuestasfree.com\/arg\/#website"},"primaryImageOfPage":{"@id":"https:\/\/apuestasfree.com\/arg\/codere-mercado-pago-depositos-retiros\/#primaryimage"},"image":{"@id":"https:\/\/apuestasfree.com\/arg\/codere-mercado-pago-depositos-retiros\/#primaryimage"},"thumbnailUrl":"https:\/\/apuestasfree.com\/wp-content\/uploads\/2022\/03\/codere-mercado-pago.jpg","datePublished":"2022-03-09T19:00:57+00:00","dateModified":"2024-05-08T13:34:59+00:00","description":"Haz tus dep\u00f3sitos y retiros con la App de Mercado Pago en Codere, ya disponible! Reg\u00edstrate ahora y consigue hasta $200.000 extra para apostar","breadcrumb":{"@id":"https:\/\/apuestasfree.com\/arg\/codere-mercado-pago-depositos-retiros\/#breadcrumb"},"inLanguage":"es-AR","potentialAction":[{"@type":"ReadAction","target":["https:\/\/apuestasfree.com\/arg\/codere-mercado-pago-depositos-retiros\/"]}]},{"@type":"ImageObject","inLanguage":"es-AR","@id":"https:\/\/apuestasfree.com\/arg\/codere-mercado-pago-depositos-retiros\/#primaryimage","url":"https:\/\/apuestasfree.com\/wp-content\/uploads\/2022\/03\/codere-mercado-pago.jpg","contentUrl":"https:\/\/apuestasfree.com\/wp-content\/uploads\/2022\/03\/codere-mercado-pago.jpg"},{"@type":"BreadcrumbList","@id":"https:\/\/apuestasfree.com\/arg\/codere-mercado-pago-depositos-retiros\/#breadcrumb","itemListElement":[{"@type":"ListItem","position":1,"name":"Inicio","item":"https:\/\/apuestasfree.com\/arg\/"},{"@type":"ListItem","position":2,"name":"Codere Mercado Pago \u00a1Deposita y retira dinero con la App!"}]},{"@type":"WebSite","@id":"https:\/\/apuestasfree.com\/arg\/#website","url":"https:\/\/apuestasfree.com\/arg\/","name":"ApuestasFree","description":"","publisher":{"@id":"https:\/\/apuestasfree.com\/arg\/#organization"},"potentialAction":[{"@type":"SearchAction","target":{"@type":"EntryPoint","urlTemplate":"https:\/\/apuestasfree.com\/arg\/?s={search_term_string}"},"query-input":{"@type":"PropertyValueSpecification","valueRequired":true,"valueName":"search_term_string"}}],"inLanguage":"es-AR"},{"@type":"Organization","@id":"https:\/\/apuestasfree.com\/arg\/#organization","name":"ApuestasFree","url":"https:\/\/apuestasfree.com\/arg\/","logo":{"@type":"ImageObject","inLanguage":"es-AR","@id":"https:\/\/apuestasfree.com\/arg\/#\/schema\/logo\/image\/","url":"https:\/\/apuestasfree.com\/wp-content\/uploads\/2019\/06\/afree_logo.png","contentUrl":"https:\/\/apuestasfree.com\/wp-content\/uploads\/2019\/06\/afree_logo.png","width":106,"height":50,"caption":"ApuestasFree"},"image":{"@id":"https:\/\/apuestasfree.com\/arg\/#\/schema\/logo\/image\/"}}]}},"uagb_featured_image_src":{"full":false,"thumbnail":false,"medium":false,"medium_large":false,"large":false,"1536x1536":false,"2048x2048":false},"uagb_author_info":{"display_name":"RocioCa","author_link":"https:\/\/apuestasfree.com\/arg\/author\/rocioca\/"},"uagb_comment_info":0,"uagb_excerpt":"Hac\u00e9 tus dep\u00f3sitos y retiros con la App de Mercado Pago en Codere, ya disponible! Registrate ahora y consegu\u00ed hasta $200.000 extra para apostar. Ingres\u00e1 a Codere.com! Ya pod\u00e9s hacer tus pagos con Mercado Pago en Codere Argentina! Mercado Pago ya est\u00e1 disponible para realizar todas tus transacciones desde Codere Argentina, mucho m\u00e1s f\u00e1ciles y&hellip;","_links":{"self":[{"href":"https:\/\/apuestasfree.com\/arg\/wp-json\/wp\/v2\/pages\/694320","targetHints":{"allow":["GET"]}}],"collection":[{"href":"https:\/\/apuestasfree.com\/arg\/wp-json\/wp\/v2\/pages"}],"about":[{"href":"https:\/\/apuestasfree.com\/arg\/wp-json\/wp\/v2\/types\/page"}],"author":[{"embeddable":true,"href":"https:\/\/apuestasfree.com\/arg\/wp-json\/wp\/v2\/users\/33363"}],"replies":[{"embeddable":true,"href":"https:\/\/apuestasfree.com\/arg\/wp-json\/wp\/v2\/comments?post=694320"}],"version-history":[{"count":2,"href":"https:\/\/apuestasfree.com\/arg\/wp-json\/wp\/v2\/pages\/694320\/revisions"}],"predecessor-version":[{"id":1693860,"href":"https:\/\/apuestasfree.com\/arg\/wp-json\/wp\/v2\/pages\/694320\/revisions\/1693860"}],"wp:attachment":[{"href":"https:\/\/apuestasfree.com\/arg\/wp-json\/wp\/v2\/media?parent=694320"}],"curies":[{"name":"wp","href":"https:\/\/api.w.org\/{rel}","templated":true}]}}