{"id":1415733,"date":"2023-09-06T04:44:31","date_gmt":"2023-09-06T02:44:31","guid":{"rendered":"https:\/\/apuestasfree.com\/?page_id=1415733"},"modified":"2024-08-30T21:17:10","modified_gmt":"2024-08-30T19:17:10","slug":"playuzu-lanzamiento-argentina","status":"publish","type":"page","link":"https:\/\/apuestasfree.com\/arg\/playuzu-lanzamiento-argentina\/","title":{"rendered":"Playuzu Argentina | Lanzamiento con Giros Gratis en Buenos Aires"},"content":{"rendered":"\n<p>Playuzu se lanza en Argentina, y te lo contamos todo sobre la <strong>nueva plataforma disponible para todos los usuarios en Buenos Aires<\/strong>, sus licencias, sus acuerdos y toda la informaci\u00f3n relevante para los usuarios. Adem\u00e1s,<strong> no te pierdas su Bono de Bienvenida como lanzamiento para los nuevos usuarios<\/strong>. <a href=\"https:\/\/recor.to\/playuzuar\" target=\"_blank\" rel=\"noreferrer noopener nofollow sponsored\"><strong>\u00a1Consigue 80 Giros <\/strong><\/a><a href=\"https:\/\/recor.to\/playuzuar\" rel=\"nofollow noopener sponsored\"><strong>Gratis al depositar!<\/strong><\/a><\/p>\n\n\n\n<figure class=\"wp-block-image size-large\"><a href=\"https:\/\/recor.to\/playuzuar\" target=\"_blank\" rel=\"noreferrer noopener nofollow sponsored\"><img fetchpriority=\"high\" decoding=\"async\" width=\"1024\" height=\"512\" src=\"https:\/\/apuestasfree.com\/wp-content\/uploads\/2023\/09\/image-16-1024x512.png\" alt=\"playuzu argentina\" class=\"wp-image-1415735\" srcset=\"https:\/\/apuestasfree.com\/wp-content\/uploads\/2023\/09\/image-16-1024x512.png 1024w, https:\/\/apuestasfree.com\/wp-content\/uploads\/2023\/09\/image-16-300x150.png 300w, https:\/\/apuestasfree.com\/wp-content\/uploads\/2023\/09\/image-16-768x384.png 768w, https:\/\/apuestasfree.com\/wp-content\/uploads\/2023\/09\/image-16.png 1200w\" sizes=\"(max-width: 1024px) 100vw, 1024px\" \/><\/a><\/figure>\n\n\n\n<h2 class=\"wp-block-heading\" id=\"h-el-lanzamiento-de-playuzu-en-argentina-en-asociacion-con-buenos-aires-slots\">El lanzamiento de Playuzu en Argentina, en asociaci\u00f3n con Buenos Aires Slots <\/h2>\n\n\n\n<p>Playuzu, impulsado por SkillOnNet, ha obtenido una licencia, <strong>\u00a1y ya se encuentra en pleno funcionamiento en la Ciudad de Buenos Aires, en colaboraci\u00f3n con Buenos Aires Slots! <\/strong>En una emocionante noticia del 30 de agosto de 2023, el casino en l\u00ednea Playuzu se encuentra ahora operativo en la Ciudad de Buenos Aires, con una habilitaci\u00f3n otorgada por parte de LOTBA, la autoridad reguladora de la ciudad. PlayUZU ha establecido una sociedad estrat\u00e9gica con uno de los gigantes de los casinos f\u00edsicos, Buenos Aires Slots, como su socio local.<\/p>\n\n\n\n<p>Este movimiento representa la \u00faltima fase de expansi\u00f3n estrat\u00e9gica en Am\u00e9rica Latina para el casino en espa\u00f1ol, que es el hermano de PlayOjo. Al igual que PlayOjo,<strong> <a href=\"https:\/\/recor.to\/playuzuar\" target=\"_blank\" rel=\"noreferrer noopener nofollow sponsored\">PlayUZU <\/a>se presenta como un casino &#8220;imparcial&#8221;, donde los jugadores reciben un reembolso en efectivo en cada giro como pol\u00edtica de la empresa, <\/strong>las ganancias de bonos se entregan en efectivo y no existen requisitos de apuesta. \u00a1Todos parecen beneficios!<\/p>\n\n\n\n<p>La Ciudad de Buenos Aires se encuentra entre las nueve jurisdicciones del pa\u00eds argentino que han dado luz verde a los casinos en l\u00ednea en el pa\u00eds. De acuerdo con las regulaciones vigentes, cualquier entidad que desee obtener una licencia debe forjar una asociaci\u00f3n con un operador de juegos local. Por eso, el acuerdo con Buenos Aires Slots ofrece a los jugadores de casino una experiencia verdaderamente inmersiva y, al mismo tiempo, brinda oportunidades para estrategias de marketing para ambas partes. <strong>\u00a1Y ni hablar de que Playuzu ya comenz\u00f3 con su Bono de Bienvenida para Argentina! Te lo contamos m\u00e1s abajo. <\/strong><\/p>\n\n\n\n<figure class=\"wp-block-image size-large\"><a href=\"https:\/\/recor.to\/playuzuar\" target=\"_blank\" rel=\"noreferrer noopener nofollow sponsored\"><img decoding=\"async\" width=\"1024\" height=\"613\" src=\"https:\/\/apuestasfree.com\/wp-content\/uploads\/2023\/09\/image-18-1024x613.png\" alt=\"playuzu lanzamiento argentina\" class=\"wp-image-1415786\" srcset=\"https:\/\/apuestasfree.com\/wp-content\/uploads\/2023\/09\/image-18-1024x613.png 1024w, https:\/\/apuestasfree.com\/wp-content\/uploads\/2023\/09\/image-18-300x180.png 300w, https:\/\/apuestasfree.com\/wp-content\/uploads\/2023\/09\/image-18-768x460.png 768w, https:\/\/apuestasfree.com\/wp-content\/uploads\/2023\/09\/image-18.png 1536w\" sizes=\"(max-width: 1024px) 100vw, 1024px\" \/><\/a><\/figure>\n\n\n\n<h3 class=\"wp-block-heading\" id=\"h-un-acuerdo-beneficioso-para-todos\"><strong>\u00a1Un acuerdo beneficioso para todos! <\/strong><\/h3>\n\n\n\n<p>Helena Rico, representante de PlayUZU, comparte sus impresiones respecto de todas estas novedades, y <strong>afirma que este momento marca un hito significativo para la empresa, que se nombra emocionada de expandir sus negocios una vez m\u00e1s<\/strong>. Adem\u00e1s, no deja de resaltar su m\u00e1s sincera gratitud por el esfuerzo de su propio equipo en la b\u00fasqueda por establecer sus servicios en un centro tan importante como Buenos Aires. <\/p>\n\n\n\n<p>La representante comenta,<strong> adem\u00e1s, la importancia y respeto que le significa un renombre como Buenos Aires Slots para relacionarse<\/strong>. Es por eso que ve tan favorecedora la presencia de ambas marcas unidas en la regi\u00f3n, para poder explorar nuevas oportunidades de hacerse crecer mutuamente, con grandes expectativas. <\/p>\n\n\n\n<p>Por el otro lado, Sergio Revilla, representante de Buenos Aires Slots, coment\u00f3 que no fue un proceso sencillo elegir un verdadero merecedor para ser incluido en sus servicios, y por lo tanto, est\u00e1n seguros de haber tomado la decisi\u00f3n correcta con Playuzu. <strong>Dos marcas de renombre y prestigio, ya que la nueva plataforma es uno de los mayores proveedores internacionales.<\/strong> Adem\u00e1s, el representante resalt\u00f3 el inter\u00e9s de Playuzu por enfocarse en la Ciudad de Buenos Aires, que cree ser\u00e1 un \u00e9xito entre los porte\u00f1os. <strong><a href=\"https:\/\/recor.to\/playuzuar\" target=\"_blank\" rel=\"noreferrer noopener nofollow sponsored\">\u00a1Una gran incorporaci\u00f3n! <\/a><\/strong><\/p>\n\n\n\n<h2 class=\"wp-block-heading\" id=\"h-no-te-pierdas-el-bono-de-bienvenida-de-playuzu-80-giros-gratis-al-depositar\">No te pierdas el Bono de Bienvenida de Playuzu, \u00a180 Giros Gratis al depositar!<\/h2>\n\n\n\n<p>Adem\u00e1s de todo lo que comentamos hasta aqu\u00ed, no podemos pasar por alto los mejores beneficios con los que se lanza Playuzu en Argentina. No todo se trata de acuerdos y negocios, sino que adem\u00e1s, el sitio necesita impresionar a su audiencia pretendida, y <strong>\u00bfqu\u00e9 mejor forma de hacerlo que presentarles unos cuantos beneficios?<\/strong> Por eso, creemos que los bonos que trae el sitio ser\u00e1n del agrado de los jugadores. <\/p>\n\n\n\n<p>Porque, solo por unirte a la plataforma virtual y hacer tu primer dep\u00f3sito, <strong>Playuzu te otorgar\u00e1 en ese preciso instante y de manera autom\u00e1tica, una bonificaci\u00f3n de 80 Giros Gratis.<\/strong> Es decir, un verdadero beneficio que puede resultarte extremadamente \u00fatil. Sin embargo, esto no es lo \u00fanico, porque adem\u00e1s esta bonificaci\u00f3n no presenta requisito de apuesta. \u00a1Todo lo que ganes es tuyo! \u00bfTe lo vas a perder?<a href=\"https:\/\/recor.to\/playuzuar\" target=\"_blank\" rel=\"noreferrer noopener nofollow sponsored\"> Reclama tus beneficios ahora mismo. <\/a><\/p>\n\n\n","protected":false},"excerpt":{"rendered":"<p>Playuzu se lanza en Argentina, y te lo contamos todo sobre la nueva plataforma disponible para todos los usuarios en Buenos Aires, sus licencias, sus acuerdos y toda la informaci\u00f3n relevante para los usuarios. Adem\u00e1s, no te pierdas su Bono de Bienvenida como lanzamiento para los nuevos usuarios. \u00a1Consigue 80 Giros Gratis al depositar! El &#8230; <a title=\"Playuzu Argentina | Lanzamiento con Giros Gratis en Buenos Aires\" class=\"read-more\" href=\"https:\/\/apuestasfree.com\/arg\/playuzu-lanzamiento-argentina\/\" aria-label=\"Leer m\u00e1s sobre Playuzu Argentina | Lanzamiento con Giros Gratis en Buenos Aires\">Leer m\u00e1s<\/a><\/p>\n","protected":false},"author":33363,"featured_media":0,"parent":0,"menu_order":0,"comment_status":"closed","ping_status":"closed","template":"","meta":{"_uag_custom_page_level_css":"","footnotes":""},"class_list":["post-1415733","page","type-page","status-publish"],"yoast_head":"<!-- This site is optimized with the Yoast SEO Premium plugin v27.1 (Yoast SEO v27.3) - https:\/\/yoast.com\/product\/yoast-seo-premium-wordpress\/ -->\n<title>Playuzu Argentina | Lanzamiento con Giros Gratis en Buenos Aires -<\/title>\n<meta name=\"description\" content=\"No te pierdas el lanzamiento de Playuzu en Argentina. Todo sobre el nuevo casino online disponible y sus bonos para los nuevos usuarios.\" \/>\n<meta name=\"robots\" content=\"index, follow, max-snippet:-1, max-image-preview:large, max-video-preview:-1\" \/>\n<link rel=\"canonical\" href=\"https:\/\/apuestasfree.com\/arg\/playuzu-lanzamiento-argentina\/\" \/>\n<meta property=\"og:locale\" content=\"es_ES\" \/>\n<meta property=\"og:type\" content=\"article\" \/>\n<meta property=\"og:title\" content=\"Playuzu Argentina | Lanzamiento con Giros Gratis en Buenos Aires\" \/>\n<meta property=\"og:description\" content=\"No te pierdas el lanzamiento de Playuzu en Argentina. Todo sobre el nuevo casino online disponible y sus bonos para los nuevos usuarios.\" \/>\n<meta property=\"og:url\" content=\"https:\/\/apuestasfree.com\/arg\/playuzu-lanzamiento-argentina\/\" \/>\n<meta property=\"og:site_name\" content=\"ApuestasFree\" \/>\n<meta property=\"article:modified_time\" content=\"2024-08-30T19:17:10+00:00\" \/>\n<meta property=\"og:image\" content=\"https:\/\/apuestasfree.com\/wp-content\/uploads\/2023\/09\/image-16-1024x512.png\" \/>\n<meta name=\"twitter:card\" content=\"summary_large_image\" \/>\n<meta name=\"twitter:label1\" content=\"Tiempo de lectura\" \/>\n\t<meta name=\"twitter:data1\" content=\"4 minutos\" \/>\n<script type=\"application\/ld+json\" class=\"yoast-schema-graph\">{\"@context\":\"https:\\\/\\\/schema.org\",\"@graph\":[{\"@type\":\"WebPage\",\"@id\":\"https:\\\/\\\/apuestasfree.com\\\/arg\\\/playuzu-lanzamiento-argentina\\\/\",\"url\":\"https:\\\/\\\/apuestasfree.com\\\/arg\\\/playuzu-lanzamiento-argentina\\\/\",\"name\":\"Playuzu Argentina | Lanzamiento con Giros Gratis en Buenos Aires -\",\"isPartOf\":{\"@id\":\"https:\\\/\\\/apuestasfree.com\\\/arg\\\/#website\"},\"primaryImageOfPage\":{\"@id\":\"https:\\\/\\\/apuestasfree.com\\\/arg\\\/playuzu-lanzamiento-argentina\\\/#primaryimage\"},\"image\":{\"@id\":\"https:\\\/\\\/apuestasfree.com\\\/arg\\\/playuzu-lanzamiento-argentina\\\/#primaryimage\"},\"thumbnailUrl\":\"https:\\\/\\\/apuestasfree.com\\\/wp-content\\\/uploads\\\/2023\\\/09\\\/image-16-1024x512.png\",\"datePublished\":\"2023-09-06T02:44:31+00:00\",\"dateModified\":\"2024-08-30T19:17:10+00:00\",\"description\":\"No te pierdas el lanzamiento de Playuzu en Argentina. Todo sobre el nuevo casino online disponible y sus bonos para los nuevos usuarios.\",\"breadcrumb\":{\"@id\":\"https:\\\/\\\/apuestasfree.com\\\/arg\\\/playuzu-lanzamiento-argentina\\\/#breadcrumb\"},\"inLanguage\":\"es-AR\",\"potentialAction\":[{\"@type\":\"ReadAction\",\"target\":[\"https:\\\/\\\/apuestasfree.com\\\/arg\\\/playuzu-lanzamiento-argentina\\\/\"]}]},{\"@type\":\"ImageObject\",\"inLanguage\":\"es-AR\",\"@id\":\"https:\\\/\\\/apuestasfree.com\\\/arg\\\/playuzu-lanzamiento-argentina\\\/#primaryimage\",\"url\":\"https:\\\/\\\/apuestasfree.com\\\/wp-content\\\/uploads\\\/2023\\\/09\\\/image-16-1024x512.png\",\"contentUrl\":\"https:\\\/\\\/apuestasfree.com\\\/wp-content\\\/uploads\\\/2023\\\/09\\\/image-16-1024x512.png\"},{\"@type\":\"BreadcrumbList\",\"@id\":\"https:\\\/\\\/apuestasfree.com\\\/arg\\\/playuzu-lanzamiento-argentina\\\/#breadcrumb\",\"itemListElement\":[{\"@type\":\"ListItem\",\"position\":1,\"name\":\"Inicio\",\"item\":\"https:\\\/\\\/apuestasfree.com\\\/arg\\\/\"},{\"@type\":\"ListItem\",\"position\":2,\"name\":\"Playuzu Argentina | Lanzamiento con Giros Gratis en Buenos Aires\"}]},{\"@type\":\"WebSite\",\"@id\":\"https:\\\/\\\/apuestasfree.com\\\/arg\\\/#website\",\"url\":\"https:\\\/\\\/apuestasfree.com\\\/arg\\\/\",\"name\":\"ApuestasFree\",\"description\":\"\",\"publisher\":{\"@id\":\"https:\\\/\\\/apuestasfree.com\\\/arg\\\/#organization\"},\"potentialAction\":[{\"@type\":\"SearchAction\",\"target\":{\"@type\":\"EntryPoint\",\"urlTemplate\":\"https:\\\/\\\/apuestasfree.com\\\/arg\\\/?s={search_term_string}\"},\"query-input\":{\"@type\":\"PropertyValueSpecification\",\"valueRequired\":true,\"valueName\":\"search_term_string\"}}],\"inLanguage\":\"es-AR\"},{\"@type\":\"Organization\",\"@id\":\"https:\\\/\\\/apuestasfree.com\\\/arg\\\/#organization\",\"name\":\"ApuestasFree\",\"url\":\"https:\\\/\\\/apuestasfree.com\\\/arg\\\/\",\"logo\":{\"@type\":\"ImageObject\",\"inLanguage\":\"es-AR\",\"@id\":\"https:\\\/\\\/apuestasfree.com\\\/arg\\\/#\\\/schema\\\/logo\\\/image\\\/\",\"url\":\"https:\\\/\\\/apuestasfree.com\\\/wp-content\\\/uploads\\\/2019\\\/06\\\/afree_logo.png\",\"contentUrl\":\"https:\\\/\\\/apuestasfree.com\\\/wp-content\\\/uploads\\\/2019\\\/06\\\/afree_logo.png\",\"width\":106,\"height\":50,\"caption\":\"ApuestasFree\"},\"image\":{\"@id\":\"https:\\\/\\\/apuestasfree.com\\\/arg\\\/#\\\/schema\\\/logo\\\/image\\\/\"}}]}<\/script>\n<!-- \/ Yoast SEO Premium plugin. -->","yoast_head_json":{"title":"Playuzu Argentina | Lanzamiento con Giros Gratis en Buenos Aires -","description":"No te pierdas el lanzamiento de Playuzu en Argentina. Todo sobre el nuevo casino online disponible y sus bonos para los nuevos usuarios.","robots":{"index":"index","follow":"follow","max-snippet":"max-snippet:-1","max-image-preview":"max-image-preview:large","max-video-preview":"max-video-preview:-1"},"canonical":"https:\/\/apuestasfree.com\/arg\/playuzu-lanzamiento-argentina\/","og_locale":"es_ES","og_type":"article","og_title":"Playuzu Argentina | Lanzamiento con Giros Gratis en Buenos Aires","og_description":"No te pierdas el lanzamiento de Playuzu en Argentina. Todo sobre el nuevo casino online disponible y sus bonos para los nuevos usuarios.","og_url":"https:\/\/apuestasfree.com\/arg\/playuzu-lanzamiento-argentina\/","og_site_name":"ApuestasFree","article_modified_time":"2024-08-30T19:17:10+00:00","og_image":[{"url":"https:\/\/apuestasfree.com\/wp-content\/uploads\/2023\/09\/image-16-1024x512.png","type":"","width":"","height":""}],"twitter_card":"summary_large_image","twitter_misc":{"Tiempo de lectura":"4 minutos"},"schema":{"@context":"https:\/\/schema.org","@graph":[{"@type":"WebPage","@id":"https:\/\/apuestasfree.com\/arg\/playuzu-lanzamiento-argentina\/","url":"https:\/\/apuestasfree.com\/arg\/playuzu-lanzamiento-argentina\/","name":"Playuzu Argentina | Lanzamiento con Giros Gratis en Buenos Aires -","isPartOf":{"@id":"https:\/\/apuestasfree.com\/arg\/#website"},"primaryImageOfPage":{"@id":"https:\/\/apuestasfree.com\/arg\/playuzu-lanzamiento-argentina\/#primaryimage"},"image":{"@id":"https:\/\/apuestasfree.com\/arg\/playuzu-lanzamiento-argentina\/#primaryimage"},"thumbnailUrl":"https:\/\/apuestasfree.com\/wp-content\/uploads\/2023\/09\/image-16-1024x512.png","datePublished":"2023-09-06T02:44:31+00:00","dateModified":"2024-08-30T19:17:10+00:00","description":"No te pierdas el lanzamiento de Playuzu en Argentina. Todo sobre el nuevo casino online disponible y sus bonos para los nuevos usuarios.","breadcrumb":{"@id":"https:\/\/apuestasfree.com\/arg\/playuzu-lanzamiento-argentina\/#breadcrumb"},"inLanguage":"es-AR","potentialAction":[{"@type":"ReadAction","target":["https:\/\/apuestasfree.com\/arg\/playuzu-lanzamiento-argentina\/"]}]},{"@type":"ImageObject","inLanguage":"es-AR","@id":"https:\/\/apuestasfree.com\/arg\/playuzu-lanzamiento-argentina\/#primaryimage","url":"https:\/\/apuestasfree.com\/wp-content\/uploads\/2023\/09\/image-16-1024x512.png","contentUrl":"https:\/\/apuestasfree.com\/wp-content\/uploads\/2023\/09\/image-16-1024x512.png"},{"@type":"BreadcrumbList","@id":"https:\/\/apuestasfree.com\/arg\/playuzu-lanzamiento-argentina\/#breadcrumb","itemListElement":[{"@type":"ListItem","position":1,"name":"Inicio","item":"https:\/\/apuestasfree.com\/arg\/"},{"@type":"ListItem","position":2,"name":"Playuzu Argentina | Lanzamiento con Giros Gratis en Buenos Aires"}]},{"@type":"WebSite","@id":"https:\/\/apuestasfree.com\/arg\/#website","url":"https:\/\/apuestasfree.com\/arg\/","name":"ApuestasFree","description":"","publisher":{"@id":"https:\/\/apuestasfree.com\/arg\/#organization"},"potentialAction":[{"@type":"SearchAction","target":{"@type":"EntryPoint","urlTemplate":"https:\/\/apuestasfree.com\/arg\/?s={search_term_string}"},"query-input":{"@type":"PropertyValueSpecification","valueRequired":true,"valueName":"search_term_string"}}],"inLanguage":"es-AR"},{"@type":"Organization","@id":"https:\/\/apuestasfree.com\/arg\/#organization","name":"ApuestasFree","url":"https:\/\/apuestasfree.com\/arg\/","logo":{"@type":"ImageObject","inLanguage":"es-AR","@id":"https:\/\/apuestasfree.com\/arg\/#\/schema\/logo\/image\/","url":"https:\/\/apuestasfree.com\/wp-content\/uploads\/2019\/06\/afree_logo.png","contentUrl":"https:\/\/apuestasfree.com\/wp-content\/uploads\/2019\/06\/afree_logo.png","width":106,"height":50,"caption":"ApuestasFree"},"image":{"@id":"https:\/\/apuestasfree.com\/arg\/#\/schema\/logo\/image\/"}}]}},"uagb_featured_image_src":{"full":false,"thumbnail":false,"medium":false,"medium_large":false,"large":false,"1536x1536":false,"2048x2048":false},"uagb_author_info":{"display_name":"RocioCa","author_link":"https:\/\/apuestasfree.com\/arg\/author\/rocioca\/"},"uagb_comment_info":0,"uagb_excerpt":"Playuzu se lanza en Argentina, y te lo contamos todo sobre la nueva plataforma disponible para todos los usuarios en Buenos Aires, sus licencias, sus acuerdos y toda la informaci\u00f3n relevante para los usuarios. Adem\u00e1s, no te pierdas su Bono de Bienvenida como lanzamiento para los nuevos usuarios. \u00a1Consigue 80 Giros Gratis al depositar! El&hellip;","_links":{"self":[{"href":"https:\/\/apuestasfree.com\/arg\/wp-json\/wp\/v2\/pages\/1415733","targetHints":{"allow":["GET"]}}],"collection":[{"href":"https:\/\/apuestasfree.com\/arg\/wp-json\/wp\/v2\/pages"}],"about":[{"href":"https:\/\/apuestasfree.com\/arg\/wp-json\/wp\/v2\/types\/page"}],"author":[{"embeddable":true,"href":"https:\/\/apuestasfree.com\/arg\/wp-json\/wp\/v2\/users\/33363"}],"replies":[{"embeddable":true,"href":"https:\/\/apuestasfree.com\/arg\/wp-json\/wp\/v2\/comments?post=1415733"}],"version-history":[{"count":4,"href":"https:\/\/apuestasfree.com\/arg\/wp-json\/wp\/v2\/pages\/1415733\/revisions"}],"predecessor-version":[{"id":1769809,"href":"https:\/\/apuestasfree.com\/arg\/wp-json\/wp\/v2\/pages\/1415733\/revisions\/1769809"}],"wp:attachment":[{"href":"https:\/\/apuestasfree.com\/arg\/wp-json\/wp\/v2\/media?parent=1415733"}],"curies":[{"name":"wp","href":"https:\/\/api.w.org\/{rel}","templated":true}]}}